{"id":1524,"date":"2025-07-22T02:24:38","date_gmt":"2025-07-22T02:24:38","guid":{"rendered":"https:\/\/customacrylicproduct.com\/?post_type=product&#038;p=1524"},"modified":"2025-07-22T02:24:38","modified_gmt":"2025-07-22T02:24:38","slug":"customized-acrylic-logo-signs-handy-gadget-for-work","status":"publish","type":"product","link":"https:\/\/customacrylicproduct.com\/de\/customized-acrylic-logo-signs-handy-gadget-for-work\/","title":{"rendered":"Customized Acryl Logo Schilder Handy Gadget f\u00fcr die Arbeit"},"content":{"rendered":"<h3 id=\"-elevate-your-workspace-with-our-premium-custom-made-polymer-indications-the-ultimate-fusion-of-clarity-longevity-and-professionalism-and-trust-\"><strong>Werten Sie Ihren Arbeitsbereich mit unseren erstklassigen, individuell gefertigten Polymeranzeigen auf: Die ultimative Verbindung von Klarheit, Langlebigkeit und Professionalit\u00e4t und Vertrauen<\/strong><\/h3>\n<p>In jeder Art von spezialisierter Umgebung - sei es eine hochentwickelte Produktionsst\u00e4tte, ein dynamischer Unternehmensarbeitsplatz oder ein hochmodernes Labor - ist klare Kommunikation nicht nur eine Annehmlichkeit, sondern das Fundament f\u00fcr Sicherheit, Effizienz und Markenidentit\u00e4t. Leichte Papierindikatoren verblassen und rei\u00dfen, provisorische Schilder l\u00f6sen sich ab und verwirren, und das Fehlen klarer Anweisungen kann zu kostspieligen Fehlern oder, schlimmer noch, zu Sicherheitsrisiken f\u00fchren. Es ist an der Zeit, das Kurzfristige durch das Langfristige zu ersetzen, das Ungewisse durch das Unver\u00e4nderliche.<\/p>\n<p>Wir pr\u00e4sentieren unser\u00a0<strong>Individuell gestaltete Acryl-Logoschilder\u00a0<\/strong>, das unverzichtbare praktische Gizmo f\u00fcr jedes moderne B\u00fcro. Diese sorgf\u00e4ltig aus modernstem Acryl gefertigten Schilder sind so konzipiert, dass sie wichtige Details mit unvergleichlicher Klarheit und dauerhaftem Design darstellen. Sie sind mehr als nur Schilder; sie sind ein Statement Ihres Engagements f\u00fcr h\u00f6chste Qualit\u00e4t, Sicherheit und Betriebsqualit\u00e4t.<\/p>\n<p><img fetchpriority=\"high\" decoding=\"async\" class=\"size-full wp-image-1525\" src=\"https:\/\/customacrylicproduct.com\/wp-content\/uploads\/2025\/07\/Customized-Acrylic-Logo-Signs-1.jpg\" alt=\"Individuell gestaltete Acryl-Logoschilder (1)\" width=\"800\" height=\"800\" srcset=\"https:\/\/customacrylicproduct.com\/wp-content\/uploads\/2025\/07\/Customized-Acrylic-Logo-Signs-1.jpg 800w, https:\/\/customacrylicproduct.com\/wp-content\/uploads\/2025\/07\/Customized-Acrylic-Logo-Signs-1-300x300.jpg 300w, https:\/\/customacrylicproduct.com\/wp-content\/uploads\/2025\/07\/Customized-Acrylic-Logo-Signs-1-150x150.jpg 150w, https:\/\/customacrylicproduct.com\/wp-content\/uploads\/2025\/07\/Customized-Acrylic-Logo-Signs-1-768x768.jpg 768w, https:\/\/customacrylicproduct.com\/wp-content\/uploads\/2025\/07\/Customized-Acrylic-Logo-Signs-1-600x600.jpg 600w, https:\/\/customacrylicproduct.com\/wp-content\/uploads\/2025\/07\/Customized-Acrylic-Logo-Signs-1-100x100.jpg 100w\" sizes=\"(max-width: 800px) 100vw, 800px\" \/><\/p>\n<h4 id=\"-unparalleled-high-quality-and-durability-built-to-last-\"><strong>Unerreicht hohe Qualit\u00e4t und Langlebigkeit: Gebaut f\u00fcr die Ewigkeit<\/strong><\/h4>\n<p>Das Herzst\u00fcck unserer Anzeigen ist das Material Acryl. Im Gegensatz zu Glas ist Polymer bruchsicher und leicht, was es zu einer viel sichereren und besonders n\u00fctzlichen Option f\u00fcr hektische, stark frequentierte Bereiche macht. Im Gegensatz zu billigem Plastik h\u00e4lt es dem Vergilben mit der Zeit stand und garantiert, dass Ihre Schilder \u00fcber viele Jahre hinweg klar und deutlich erkennbar bleiben.<\/p>\n<p>Bei unserem Herstellungsverfahren kommt ein ausgekl\u00fcgeltes R\u00fcckseitendruckverfahren zum Einsatz. Die Botschaft und die Grafik werden auf der R\u00fcckseite der transparenten Acrylplatte unter der Oberfl\u00e4che ver\u00f6ffentlicht. Diese innovative Technik bietet eine doppelte Sicherheit:.<\/p>\n<ol>\n<li><strong>Gl\u00e4nzend, Expert End Up:\u00a0<\/strong>Die Vorderseite bleibt v\u00f6llig glatt und gl\u00e4nzend und verleiht dem Anzeiger ein glattes, hochwertiges Aussehen, das seine Umgebung sofort aufwertet.<\/li>\n<li><strong>Ultimative Sicherheit:\u00a0<\/strong>Die gedruckten Details sind vor Kratzern, Schrammen, Chemikalien und Reinigungsmitteln gesch\u00fctzt. Ihre wichtigen Warnhinweise und Schilder werden sich nicht verf\u00e4rben, abplatzen oder sich verschlechtern, auch nicht in einer der anspruchsvollsten kommerziellen Umgebungen.<\/li>\n<\/ol>\n<p>Wie auf den Bildern zu sehen ist, sind diese Anzeiger so gebaut, dass sie den rauen Bedingungen im B\u00fcro standhalten, was sie zu einer klugen, langfristigen finanziellen Investition macht.<\/p>\n<p><img decoding=\"async\" class=\"size-full wp-image-1527\" src=\"https:\/\/customacrylicproduct.com\/wp-content\/uploads\/2025\/07\/Customized-Acrylic-Logo-Signs-3.jpg\" alt=\"Individuell gestaltete Acryl-Logoschilder (3)\" width=\"800\" height=\"800\" srcset=\"https:\/\/customacrylicproduct.com\/wp-content\/uploads\/2025\/07\/Customized-Acrylic-Logo-Signs-3.jpg 800w, https:\/\/customacrylicproduct.com\/wp-content\/uploads\/2025\/07\/Customized-Acrylic-Logo-Signs-3-300x300.jpg 300w, https:\/\/customacrylicproduct.com\/wp-content\/uploads\/2025\/07\/Customized-Acrylic-Logo-Signs-3-150x150.jpg 150w, https:\/\/customacrylicproduct.com\/wp-content\/uploads\/2025\/07\/Customized-Acrylic-Logo-Signs-3-768x768.jpg 768w, https:\/\/customacrylicproduct.com\/wp-content\/uploads\/2025\/07\/Customized-Acrylic-Logo-Signs-3-600x600.jpg 600w, https:\/\/customacrylicproduct.com\/wp-content\/uploads\/2025\/07\/Customized-Acrylic-Logo-Signs-3-100x100.jpg 100w\" sizes=\"(max-width: 800px) 100vw, 800px\" \/><\/p>\n<h4 id=\"-crystal-clear-interaction-information-at-a-glance-\"><strong>Kristallklare Interaktion: Informationen auf einen Blick<\/strong><\/h4>\n<p>Das Hauptmerkmal jeder Art von Kennzeichnung ist die Kommunikation, und das gelingt uns. Wir verwenden kontrastreiche, kr\u00e4ftige Texte - in der Regel ein lebhaftes Rot oder ein tiefes Schwarz auf einem sauberen wei\u00dfen Hintergrund - um eine optimale Lesbarkeit zu gew\u00e4hrleisten. Dieses Stilkonzept ist wichtig f\u00fcr:.<\/p>\n<ul>\n<li><strong>Sicherheitshinweise:\u00a0<\/strong>Der Indikator \u201c\u7981\u6b62\u5408\u95f8 \u6709\u4eba\u5de5\u4f5c\u201d (J\u00ecnzh\u01d0 H\u00e9zh\u00e1, Y\u01d2ur\u00e9n G\u014dngzu\u00f2), der sich in\u00a0<strong>\u201d Schalter nicht schlie\u00dfen, eine Person funktioniert\u201d.\u201d\u00a0<\/strong>ist ein Paradebeispiel. In einer Situation der elektrischen Instandhaltung sind die kr\u00e4ftigen roten Buchstaben ein un\u00fcbersehbares Stoppsignal, das vor tragischen Unf\u00e4llen sch\u00fctzt. Ihre Deutlichkeit kann buchst\u00e4blich lebensrettend sein.<\/li>\n<li><strong>Identifizierung der Gefahr:\u00a0<\/strong>Das Zeichen \u201c\u6b62\u6b65 \u9ad8\u6b65\u5371\u9669\u201d (Zh\u01d0b\u00f9, G\u0101ob\u00f9 W\u00e9ixi\u01cen), das bedeutet\u00a0<strong>\u201d Beenden, hohes Aktionsrisiko\u201d\u00a0<\/strong>oder\u00a0<strong>\u201d Risiko, hoher Bereich, nicht fortfahren,\u201d\u00a0<\/strong>warnt sofort und deutlich vor einer physischen Gefahr und sch\u00fctzt so Mitarbeiter und Besucher vor St\u00fcrzen und St\u00fcrzen.<\/li>\n<li><strong>Kennzeichnung der Ger\u00e4te:\u00a0<\/strong>Das Kennzeichen \u201c\u51b7\u5242\u538b\u7f29\u673a\u542f\u52a8\u67dc 921\u201d (L\u011bngj\u00ec Y\u0101su\u014d J\u012b Q\u01d0d\u00f2ng Gu\u00ec 921), oder\u00a0<strong>\u201d K\u00e4ltemittelkompressor - Einsteigerkurs 921,\u201d\u00a0<\/strong>demonstriert ideale Energie. Sie erm\u00f6glicht eine schnelle und genaue Identifizierung kritischer Ger\u00e4te und spart so wichtige Zeit bei Verfahren, Untersuchungen und Wartungsarbeiten in Notfallsituationen.<\/li>\n<\/ul>\n<p>Mit unseren Schildern gibt es keinen Raum f\u00fcr falsche Eindr\u00fccke. Die Botschaft wird sofort und erfolgreich vermittelt.<\/p>\n<p><img decoding=\"async\" class=\"size-full wp-image-1526\" src=\"https:\/\/customacrylicproduct.com\/wp-content\/uploads\/2025\/07\/Customized-Acrylic-Logo-Signs-2.jpg\" alt=\"Individuell gestaltete Acryl-Logoschilder (2)\" width=\"800\" height=\"800\" srcset=\"https:\/\/customacrylicproduct.com\/wp-content\/uploads\/2025\/07\/Customized-Acrylic-Logo-Signs-2.jpg 800w, https:\/\/customacrylicproduct.com\/wp-content\/uploads\/2025\/07\/Customized-Acrylic-Logo-Signs-2-300x300.jpg 300w, https:\/\/customacrylicproduct.com\/wp-content\/uploads\/2025\/07\/Customized-Acrylic-Logo-Signs-2-150x150.jpg 150w, https:\/\/customacrylicproduct.com\/wp-content\/uploads\/2025\/07\/Customized-Acrylic-Logo-Signs-2-768x768.jpg 768w, https:\/\/customacrylicproduct.com\/wp-content\/uploads\/2025\/07\/Customized-Acrylic-Logo-Signs-2-600x600.jpg 600w, https:\/\/customacrylicproduct.com\/wp-content\/uploads\/2025\/07\/Customized-Acrylic-Logo-Signs-2-100x100.jpg 100w\" sizes=\"(max-width: 800px) 100vw, 800px\" \/><\/p>\n<h4 id=\"-totally-customizable-to-your-specific-specifications-\"><strong>V\u00f6llig anpassbar an Ihre spezifischen Spezifikationen<\/strong><\/h4>\n<p>Ihre Dienstleistung ist einzigartig, und Ihre Schilder m\u00fcssen dies widerspiegeln. Wir bieten Ihnen eine vollst\u00e4ndig anpassbare Erfahrung, die es Ihnen erm\u00f6glicht, das perfekte Schild f\u00fcr jedes Ziel zu erstellen. Sie verwalten jeden Aspekt des Designs:.<\/p>\n<ul>\n<li><strong>Text und Material:\u00a0<\/strong>Von Sicherheitshinweisen und Ger\u00e4tekennzeichnungen bis hin zu Richtungsangaben und Mitarbeiternamen k\u00f6nnen wir jede Art von Nachricht, die Sie ben\u00f6tigen, in jeder Sprache ver\u00f6ffentlichen.<\/li>\n<li><strong>Brandings und Grafiken:\u00a0<\/strong>Verbessern Sie die Identit\u00e4t Ihres Markennamens, indem Sie Ihr Unternehmenslogo, personalisierte Icons oder bestimmte Marktsymbole integrieren.<\/li>\n<li><strong>Farben und Schriftarten:\u00a0<\/strong>Unsere Anforderung ist kontrastreiches Rot oder Schwarz, aber wir k\u00f6nnen auch die Farbpalette Ihrer Marke anpassen. W\u00e4hlen Sie aus einer gro\u00dfen Auswahl an speziellen Schriftarten, die zum Design Ihres Unternehmens passen.<\/li>\n<li><strong>Formen und Gr\u00f6\u00dfe:\u00a0<\/strong>Wir k\u00f6nnen Schilder in verschiedenen Formen und Gr\u00f6\u00dfen herstellen, von kleinen Werkzeugschildern bis hin zu gro\u00dfformatigen Wegweisern. Die rechteckigen und quadratischen Formate, die die Bilder erhalten, zeichnen sich durch ihr klares, modernes Aussehen aus.<\/li>\n<li><strong>Nummerierung und Kodierung:\u00a0<\/strong>Integrieren Sie Ihr Center mit fortlaufender Nummerierung, QR-Codes oder Barcodes zur Objekt\u00fcberwachung und Kontrolle.<\/li>\n<\/ul>\n<h4 id=\"-versatile-and-effortless-installment-\"><strong>Vielseitige und m\u00fchelose Installation<\/strong><\/h4>\n<p>Wir wissen, dass verschiedene Oberfl\u00e4chen und Anwendungen verschiedene Befestigungsm\u00f6glichkeiten ben\u00f6tigen. Aus diesem Grund bieten wir 2 praktische M\u00f6glichkeiten:.<\/p>\n<ol>\n<li><strong>Vorgebohrte L\u00f6cher f\u00fcr eine sichere Montage:\u00a0<\/strong>F\u00fcr eine dauerhafte und robuste Installation, insbesondere an Ger\u00e4ten, Wandfl\u00e4chen oder Au\u00dfenvorrichtungen, k\u00f6nnen unsere Anzeigen mit pr\u00e4zisionsgebohrten \u00d6ffnungen in jeder Ecke versehen werden. Dies erm\u00f6glicht eine sehr einfache Montage mit Schrauben oder Nieten und sorgt daf\u00fcr, dass die Anzeige fest an ihrem Platz bleibt.<\/li>\n<li><strong>Hochfeste 3M-Klebeunterst\u00fctzung:\u00a0<\/strong>F\u00fcr ein sauberes, glattes Erscheinungsbild ohne Bohren w\u00e4hlen Sie unsere vollfl\u00e4chige 3M-Klebeauflage. Wie auf dem Detailbild zu sehen ist, handelt es sich dabei nicht nur um ein paar Streifen Klebeband, sondern um eine wirksame, industrietaugliche Klebefolie, die die gesamte R\u00fcckseite der Anzeige abdeckt. Einfach abziehen und aufkleben, um eine solide, dauerhafte Verbindung auf glatten Oberfl\u00e4chen wie T\u00fcren, Glas, fertigem Holz und Metallschr\u00e4nken herzustellen. Dies ist ein hervorragender Service f\u00fcr Arbeitspl\u00e4tze, Labors und jede Art von Bereich, in dem Sie die Wandoberfl\u00e4che nicht besch\u00e4digen wollen.<\/li>\n<\/ol>\n<h4 id=\"-applications-across-every-sector-\"><strong>Anwendungen in allen Sektoren<\/strong><\/h4>\n<p>Die Flexibilit\u00e4t unserer ma\u00dfgefertigten Polymer-Indikatoren macht sie zu einem unverzichtbaren Instrument f\u00fcr praktisch jede Art von Markt:.<\/p>\n<ul>\n<li><strong>Fertigung und Industrie:\u00a0<\/strong>Kennzeichnung von Schalttafeln, Bestimmung von Maschinen, Anbringen von LOTO-Hinweisen (Lockout\/Tagout) und Markierung von Lagerpl\u00e4tzen f\u00fcr gef\u00e4hrliche Materialien.<\/li>\n<li><strong>Gesch\u00e4ftsstellen:\u00a0<\/strong>Fertigen Sie professionelle T\u00fcrschilder an, beschriften Sie Besprechungsr\u00e4ume, stellen Sie Toilettenschilder auf und pr\u00e4sentieren Sie Ihr Firmenlogo am Veranstaltungsort.<\/li>\n<li><strong>Lagerh\u00e4user und Logistik:\u00a0<\/strong>Markieren Sie G\u00e4nge und Bereiche, stellen Sie Leitlinien an Ladepunkten auf und kennzeichnen Sie Regalsysteme f\u00fcr ein effizientes Liefermanagement.<\/li>\n<li><strong>Medizinische Versorgung und Laboratorien:\u00a0<\/strong>Artikelhygienemethoden, Kennzeichnung empfindlicher Arbeitsger\u00e4te, Festlegung von Sperrbereichen und Darstellung von Warnhinweisen auf biologische Gefahren mit Klarheit, Professionalit\u00e4t und Zuverl\u00e4ssigkeit.<\/li>\n<li><strong>Einzelhandel und Freundlichkeit:\u00a0<\/strong>Verschaffen Sie sich einen \u00dcberblick \u00fcber die Kunden mit Richtungsangaben, kennzeichnen Sie \u201cPersonal Just\u201d-Stellen und pr\u00e4sentieren Sie Details in einer aufger\u00e4umten, markengerechten Form.<\/li>\n<li><strong>Bildungsinstitutionen:\u00a0<\/strong>Kennzeichnen Sie Klassenzimmer, Arbeitspl\u00e4tze und Labors und stellen Sie klare Sicherheitsrichtlinien f\u00fcr Werkst\u00e4tten und wissenschaftliche Forschungszentren auf.<\/li>\n<\/ul>\n<p><strong>Kaufen Sie Klarheit. Kaufen Sie Sicherheit. Kaufen Sie Ihren Markennamen.<\/strong><\/p>\n<p>Unsere personalisierten Polymer-Logo-Design-Anzeigen sind mehr als nur ein St\u00fcck Plastik; sie sind ein grundlegender Bestandteil eines effizienten, risikofreien und professionell aussehenden Arbeitsbereichs. Sie sind das \u201cpraktische Ger\u00e4t\u201d, das unauff\u00e4llig im Hintergrund arbeitet, um Verwechslungen zu vermeiden, die Sicherheit zu erh\u00f6hen und die Standards Ihres Unternehmens jeden Tag aufs Neue zu st\u00e4rken.<\/p>\n<p>Entscheiden Sie sich nicht l\u00e4nger f\u00fcr kurzlebige L\u00f6sungen. Stellen Sie auf ein Kommunikationssystem um, das so belastbar und professionell ist wie Ihr Unternehmen. Rufen Sie uns noch heute an, um Ihren Bedarf an ma\u00dfgeschneiderter Beschilderung zu besprechen und ein Angebot zu erhalten. Wir helfen Ihnen, die ideale Beschilderung zu entwickeln, um zu informieren, zu sch\u00fctzen und zu begeistern.<\/p>","protected":false},"excerpt":{"rendered":"<p class=\"ng-star-inserted\"><span class=\"ng-star-inserted\">Erstellen Sie professionelle, individuelle Acrylschilder f\u00fcr Ihren Arbeitsplatz. Perfekt f\u00fcr Sicherheitswarnungen, Ger\u00e4tekennzeichnungen und Logos. Diese langlebigen Schilder sind witterungsbest\u00e4ndig und lassen sich mit starkem Kleber oder Eckl\u00f6chern leicht anbringen. Sorgen Sie mit einem hochwertigen, individuellen Druck f\u00fcr Klarheit und Sicherheit.<\/span><\/p>","protected":false},"featured_media":1525,"template":"","meta":{"_kad_post_transparent":"default","_kad_post_title":"","_kad_post_layout":"default","_kad_post_sidebar_id":"","_kad_post_content_style":"default","_kad_post_vertical_padding":"default","_kad_post_feature":"","_kad_post_feature_position":"","_kad_post_header":false,"_kad_post_footer":false,"_kad_post_classname":""},"product_brand":[],"product_cat":[18],"product_tag":[51],"class_list":{"0":"post-1524","1":"product","2":"type-product","3":"status-publish","4":"has-post-thumbnail","6":"product_cat-custom-acrylic-signs","7":"product_tag-custom-acrylic-signs","9":"first","10":"instock","11":"shipping-taxable","12":"product-type-simple","13":"entry","14":"content-bg","15":"loop-entry"},"_links":{"self":[{"href":"https:\/\/customacrylicproduct.com\/de\/wp-json\/wp\/v2\/product\/1524","targetHints":{"allow":["GET"]}}],"collection":[{"href":"https:\/\/customacrylicproduct.com\/de\/wp-json\/wp\/v2\/product"}],"about":[{"href":"https:\/\/customacrylicproduct.com\/de\/wp-json\/wp\/v2\/types\/product"}],"wp:featuredmedia":[{"embeddable":true,"href":"https:\/\/customacrylicproduct.com\/de\/wp-json\/wp\/v2\/media\/1525"}],"wp:attachment":[{"href":"https:\/\/customacrylicproduct.com\/de\/wp-json\/wp\/v2\/media?parent=1524"}],"wp:term":[{"taxonomy":"product_brand","embeddable":true,"href":"https:\/\/customacrylicproduct.com\/de\/wp-json\/wp\/v2\/product_brand?post=1524"},{"taxonomy":"product_cat","embeddable":true,"href":"https:\/\/customacrylicproduct.com\/de\/wp-json\/wp\/v2\/product_cat?post=1524"},{"taxonomy":"product_tag","embeddable":true,"href":"https:\/\/customacrylicproduct.com\/de\/wp-json\/wp\/v2\/product_tag?post=1524"}],"curies":[{"name":"wp","href":"https:\/\/api.w.org\/{rel}","templated":true}]}}