{"id":1530,"date":"2025-07-22T02:34:28","date_gmt":"2025-07-22T02:34:28","guid":{"rendered":"https:\/\/customacrylicproduct.com\/?post_type=product&#038;p=1530"},"modified":"2025-07-22T02:34:28","modified_gmt":"2025-07-22T02:34:28","slug":"led-note-board-with-colors-light-up-acrylic-message-board","status":"publish","type":"product","link":"https:\/\/customacrylicproduct.com\/de\/led-note-board-with-colors-light-up-acrylic-message-board\/","title":{"rendered":"LED Note Board mit Farben leuchtenden Acryl Nachrichtentafel"},"content":{"rendered":"<h3 id=\"illuminate-your-creative-imagination-presenting-the-led-keep-in-mind-board-with-color-changing-light\">Erhellen Sie Ihre kreative Vorstellungskraft: Wir pr\u00e4sentieren das LED Keep In Mind Board mit farbwechselndem Licht<\/h3>\n<p>In einer Welt voller kurzlebiger elektronischer Benachrichtigungen und Wegwerf-Klebezettel liegt ein besonderer Zauber in einer Botschaft, die sowohl pers\u00f6nlich als auch visuell fesselnd ist. Stellen Sie sich eine Leinwand vor, auf der Ihre Ideen, Erinnerungen und innovativen Impulse nicht nur ruhen, sondern tats\u00e4chlich mit Leben erf\u00fcllt werden. Pr\u00e4sentieren Sie die\u00a0<strong>LED Note Board mit Farben leuchtenden Acryl Nachrichtentafel\u00a0<\/strong>- eine revolution\u00e4re Mischung aus Zweckm\u00e4\u00dfigkeit, kreativem Denken und Raumgestaltung, die jeden Raum in ein Zentrum der Ideen verwandelt.<\/p>\n<p>Dies ist nicht einfach nur ein zus\u00e4tzliches Memoboard. Es ist ein lebendiges Herzst\u00fcck, ein sanftes Nachtlicht, ein kreatives Ventil und ein individueller Bote, alles in einem stilvollen Paket. Verabschieden Sie sich von unordentlichen Schreibtischen und vergessenen Aufgaben. Es ist an der Zeit, Ihre Ideen zum Strahlen zu bringen, Ihre Listen in einem sanften Licht erstrahlen zu lassen und Ihre Liebesbotschaften in einem gem\u00fctlichen, lebendigen Licht erstrahlen zu lassen.<\/p>\n<p><img fetchpriority=\"high\" decoding=\"async\" class=\"size-full wp-image-1531\" src=\"https:\/\/customacrylicproduct.com\/wp-content\/uploads\/2025\/07\/Acrylic-Message-Board-1.jpg\" alt=\"Acryl-Botschaftstafel (1)\" width=\"800\" height=\"800\" srcset=\"https:\/\/customacrylicproduct.com\/wp-content\/uploads\/2025\/07\/Acrylic-Message-Board-1.jpg 800w, https:\/\/customacrylicproduct.com\/wp-content\/uploads\/2025\/07\/Acrylic-Message-Board-1-300x300.jpg 300w, https:\/\/customacrylicproduct.com\/wp-content\/uploads\/2025\/07\/Acrylic-Message-Board-1-150x150.jpg 150w, https:\/\/customacrylicproduct.com\/wp-content\/uploads\/2025\/07\/Acrylic-Message-Board-1-768x768.jpg 768w, https:\/\/customacrylicproduct.com\/wp-content\/uploads\/2025\/07\/Acrylic-Message-Board-1-600x600.jpg 600w, https:\/\/customacrylicproduct.com\/wp-content\/uploads\/2025\/07\/Acrylic-Message-Board-1-100x100.jpg 100w\" sizes=\"(max-width: 800px) 100vw, 800px\" \/><\/p>\n<h4 id=\"a-crystal-clear-canvas-for-your-creativity\">Eine kristallklare Leinwand f\u00fcr Ihre Kreativit\u00e4t<\/h4>\n<p>Das Herzst\u00fcck unserer LED-Notiztafel ist eine teure, hochtransparente Acrylplatte. Wenn sie dunkel ist, ist sie minimal und fast unsichtbar, was sich in ihrem klaren, modernen Stil zeigt. Sie f\u00fcgt sich perfekt in jede Art von Design ein, von einem gesch\u00e4ftigen Arbeitsplatz bis hin zu einem ruhigen Schlafzimmer. Doch diese sch\u00f6ne Oberfl\u00e4che wartet nur darauf, von Ihnen ber\u00fchrt zu werden.<\/p>\n<p>Mit den speziell entwickelten l\u00f6schbaren Stiften k\u00f6nnen Sie Ihren kreativen Gedanken freien Lauf lassen. Wenn Ihr Stift \u00fcber das glatte Acryl gleitet, erscheinen Ihre Worte und Illustrationen klar und deutlich. Das wahre Vergn\u00fcgen beginnt jedoch, wenn Sie das Licht aktivieren. Sofort erhellt die LED-Basis die gesamte Tafel und l\u00e4sst Ihre Schrift in einem spektakul\u00e4ren, himmlischen Licht erstrahlen. Jede Zeile, jede Kritzelei und jeder Buchstabe wird von innen heraus beleuchtet und verwandelt eine einfache Notiz in ein Kunstwerk.<\/p>\n<p>Ganz gleich, ob Sie ein Brainstorming f\u00fcr einen neuen Job machen, einen schnellen Cartoon entwerfen oder Ihre Kalligraphie \u00fcben, die Tafel bietet die ideale, wiederverwendbare Oberfl\u00e4che. Die dynamischen Tinten der Marker, von einem leuchtenden, inspirierenden Orange bis zu einem sanften, wunderbaren Wei\u00df oder einem leidenschaftlichen Pink, heben sich brillant vom Licht ab. Wie in unserer Nahaufnahme zu sehen, ist der Effekt faszinierend. Ihr \u201cGesch\u00e4ftsauftrag\u201d wird zu einem Leuchtfeuer der Effizienz, und ein einfaches \u201cIch liebe dich\u201d wird zu einer strahlenden Erkl\u00e4rung.<\/p>\n<p><img decoding=\"async\" class=\"size-full wp-image-1534\" src=\"https:\/\/customacrylicproduct.com\/wp-content\/uploads\/2025\/07\/Acrylic-Message-Board-4.jpg\" alt=\"Acryl-Botschaftstafel (4)\" width=\"800\" height=\"800\" srcset=\"https:\/\/customacrylicproduct.com\/wp-content\/uploads\/2025\/07\/Acrylic-Message-Board-4.jpg 800w, https:\/\/customacrylicproduct.com\/wp-content\/uploads\/2025\/07\/Acrylic-Message-Board-4-300x300.jpg 300w, https:\/\/customacrylicproduct.com\/wp-content\/uploads\/2025\/07\/Acrylic-Message-Board-4-150x150.jpg 150w, https:\/\/customacrylicproduct.com\/wp-content\/uploads\/2025\/07\/Acrylic-Message-Board-4-768x768.jpg 768w, https:\/\/customacrylicproduct.com\/wp-content\/uploads\/2025\/07\/Acrylic-Message-Board-4-600x600.jpg 600w, https:\/\/customacrylicproduct.com\/wp-content\/uploads\/2025\/07\/Acrylic-Message-Board-4-100x100.jpg 100w\" sizes=\"(max-width: 800px) 100vw, 800px\" \/><\/p>\n<h4 id=\"dynamic-lights-and-intelligent-layout\">Dynamische Lichter und intelligentes Layout<\/h4>\n<p>Das LED Keep in mind Board wurde nicht nur entwickelt, um zu zeigen, sondern um zu verbessern. Der robuste wei\u00dfe Sockel beherbergt einen leistungsstarken und dennoch energieeffizienten LED-Streifen. Dies ist kein extremes, grelles Licht, sondern ein v\u00f6llig individuell anpassbares Raumerlebnis. Mit nur einem Knopfdruck k\u00f6nnen Sie ein Spektrum wundersch\u00f6ner Farbt\u00f6ne ausw\u00e4hlen, die zu Ihrer Stimmung, Ihrem Design oder der Botschaft selbst passen. W\u00e4hlen Sie ein gem\u00fctliches, sanftes Gelb f\u00fcr ein angenehmes, entspannendes Nachtambiente, das sich perfekt f\u00fcr einen Nachttisch eignet, da es den Raum sanft beleuchtet, ohne den Schlaf zu st\u00f6ren. Wechseln Sie zu einem dynamischen Blau oder einem temperamentvollen Rosa, um eine Gl\u00fcckwunschbotschaft hervorzuheben, oder lassen Sie es \u00fcber alle Schattierungen laufen, um einen lebendigen, unverwechselbaren Bildschirm zu erhalten.<\/p>\n<p>Der St\u00e4nder selbst ist ein Wunderwerk an durchdachtem Design. Wie das vorl\u00e4ufige Bild zeigt, ist er mit mehreren Gelenkfaktoren vollst\u00e4ndig verstellbar. So k\u00f6nnen Sie die Tafel in den idealen Winkel zum Schreiben oder Pr\u00fcfen drehen und so f\u00fcr Bequemlichkeit und optimale Belichtung sorgen, egal, wo Sie sie aufstellen. Das Board l\u00e4sst sich sicher in den St\u00e4nder einsetzen und wird von einem eleganten, aufrechten Clip festgehalten. Das Board wird \u00fcber ein praktisches USB-Kabel mit Strom versorgt und kann direkt an einen Laptop, eine Powerbank oder einen herk\u00f6mmlichen Wandadapter angeschlossen werden, so dass Sie es \u00fcberall aufstellen k\u00f6nnen.<\/p>\n<p>Wir legen gro\u00dfen Wert auf hohe Qualit\u00e4t. Vor dem ersten Gebrauch werden Sie feststellen, dass die Acrylplatte durch eine d\u00fcnne Folie gesch\u00fctzt ist, die sicherstellt, dass sie in einem bemerkenswerten, kratzfreien Zustand an Ihrer Haust\u00fcr ankommt. Das Abziehen der Folie, wie auf dem Bild zu sehen, ist ein angenehmer erster Schritt zur Entfaltung des unbegrenzten Potenzials.<\/p>\n<p><img decoding=\"async\" class=\"size-full wp-image-1532\" src=\"https:\/\/customacrylicproduct.com\/wp-content\/uploads\/2025\/07\/Acrylic-Message-Board-2.jpg\" alt=\"Acryl-Botschaftstafel (2)\" width=\"800\" height=\"800\" srcset=\"https:\/\/customacrylicproduct.com\/wp-content\/uploads\/2025\/07\/Acrylic-Message-Board-2.jpg 800w, https:\/\/customacrylicproduct.com\/wp-content\/uploads\/2025\/07\/Acrylic-Message-Board-2-300x300.jpg 300w, https:\/\/customacrylicproduct.com\/wp-content\/uploads\/2025\/07\/Acrylic-Message-Board-2-150x150.jpg 150w, https:\/\/customacrylicproduct.com\/wp-content\/uploads\/2025\/07\/Acrylic-Message-Board-2-768x768.jpg 768w, https:\/\/customacrylicproduct.com\/wp-content\/uploads\/2025\/07\/Acrylic-Message-Board-2-600x600.jpg 600w, https:\/\/customacrylicproduct.com\/wp-content\/uploads\/2025\/07\/Acrylic-Message-Board-2-100x100.jpg 100w\" sizes=\"(max-width: 800px) 100vw, 800px\" \/><\/p>\n<h4 id=\"a-versatile-companion-for-every-element-of-your-life\">Ein vielseitiger Begleiter f\u00fcr jedes Element Ihres Lebens<\/h4>\n<p>Der wahre Charme des LED Keep in mind Board liegt in seiner au\u00dfergew\u00f6hnlichen Flexibilit\u00e4t. Es passt sich Ihren Bed\u00fcrfnissen an und wird so zu einem wesentlichen Bestandteil Ihrer t\u00e4glichen Routine.<\/p>\n<ul>\n<li><strong>F\u00fcr den motivierten Experten:\u00a0<\/strong>Ver\u00e4ndern Sie Ihren Arbeitsbereich. Nutzen Sie es, um Ihre t\u00e4gliche \u201cTO DO LISTING\u201d zu beschreiben, fantastische \u201cLightbulb\u201d-Momente festzuhalten oder ein inspirierendes Zitat im Blick zu behalten. Es verringert das Papierchaos und ist ein trendiges, praktisches St\u00fcck Schreibtischdesign, das bei Videogespr\u00e4chen sicherlich f\u00fcr Gespr\u00e4chsstoff sorgen wird.<\/li>\n<li><strong>F\u00fcr Tagtr\u00e4umer und Planer:\u00a0<\/strong>Stellen Sie es auf Ihren Nachttisch. Wie auf unserem Bild zu sehen ist, dient es als bemerkenswertes, nicht aufdringliches Nachtlicht. Bevor Sie einschlafen, k\u00f6nnen Sie sich Vorschl\u00e4ge f\u00fcr den n\u00e4chsten Tag notieren -\u201d Abholung am Flughafen\u201d, \u201cEinkaufen\u201d, \u201cFamilientreffen\u201d - so stehen Sie garantiert mit einer klaren Strategie auf. Oder hinterlassen Sie eine angenehme, leuchtende Nachricht, die Ihr Partner am fr\u00fchen Morgen sehen kann. Es ist ein ruhiger, liebevoller Begleiter, der Ihre Ideen und W\u00fcnsche bewahrt.<\/li>\n<li><strong>F\u00fcr die kreative Familie:\u00a0<\/strong>Machen Sie es zum Hauptnachrichtenzentrum in Ihrem Haus. Stellen Sie es in der K\u00fcche auf, um das w\u00f6chentliche Men\u00fc zu zeigen, im Wohnzimmer f\u00fcr eine \u201cWillkommen zu Hause!\u201d-Nachricht oder im Kinderzimmer, um auf unterhaltsame Weise Schreiben und Zeichnen zu \u00fcben. Es ist ein interaktives Ger\u00e4t, das zur Interaktion und Kreativit\u00e4t f\u00fcr jedes Alter anregt. Es l\u00e4sst sich m\u00fchelos abnehmen und \u00fcberarbeiten, was es zu einer umweltfreundlichen und unendlich unterhaltsamen Oberfl\u00e4che macht.<\/li>\n<li><strong>F\u00fcr besondere Anl\u00e4sse und Unternehmen:\u00a0<\/strong>Verwenden Sie es als trendigen, personalisierten Hinweis f\u00fcr Partys, Veranstaltungen oder Ihr kleines Unternehmen. Stellen Sie Angebote in einem Caf\u00e9 vor, zeigen Sie einen Gru\u00df bei einer Hochzeitsparty an oder schreiben Sie einfach \u201cHerzlichen Gl\u00fcckwunsch zum Geburtstag\u201d f\u00fcr eine individuelle Party. Der sch\u00f6ne, farbenfrohe Text wird garantiert alle Blicke auf sich ziehen.<\/li>\n<\/ul>\n<h4 id=\"the-perfect-present-that-keeps-on-giving\">Das perfekte Geschenk, das man immer wieder bekommt<\/h4>\n<p>F\u00e4llt es Ihnen schwer, ein einzigartiges und durchdachtes Geschenk zu finden? Suchen Sie nicht weiter. Das LED-Memory-Board ist das beste Geschenk f\u00fcr Studenten, die nicht aufs College gehen, f\u00fcr K\u00fcnstler, die ein neues Werkzeug suchen, f\u00fcr hektische Spezialisten oder f\u00fcr jeden, der eine Mischung aus Design und Funktion sch\u00e4tzt. Es ist mehr als ein Gegenstand; es ist eine Erfahrung. Es ist ein Geschenk, das die Gesellschaft f\u00f6rdert, kreatives Denken anregt und jeder Atmosph\u00e4re einen Hauch von W\u00e4rme und Individualit\u00e4t verleiht.<\/p>\n<p><strong>In der Box finden Sie alles, was Sie brauchen, um loszulegen:\u00a0<\/strong>die erstklassige Acryltafel, die mehrfarbige LED-Lichtbasis mit flexiblem Standfu\u00df, ein USB-Stromkabel und eine Sammlung leuchtender, radierbarer Stifte.<\/p>\n<p>Lassen Sie Ihre idealen Ideen nicht auf einem St\u00fcck Papier verstauben. Geben Sie ihnen das Rampenlicht, das sie verdienen. Bestellen Sie noch heute Ihr LED Keep in mind Board und erhellen Sie Ihre Welt mit einer sch\u00f6nen Botschaft nach der anderen.<\/p>","protected":false},"excerpt":{"rendered":"<p class=\"ng-star-inserted\"><span class=\"ng-star-inserted\">Erhellen Sie Ihr Leben mit unserer LED-Acryl-Nachrichtentafel! Schreiben Sie Notizen, To-Do-Listen und Kritzeleien, die in einem warmen, gem\u00fctlichen Licht leuchten. Perfekt als kreatives Nachtlicht oder als Memo-Board f\u00fcr den Schreibtisch. Einfach schreiben, beleuchten und l\u00f6schen, um sie wieder zu verwenden. Ein einzigartiges und lustiges Geschenk f\u00fcr jeden<\/span><\/p>","protected":false},"featured_media":1531,"template":"","meta":{"_kad_post_transparent":"default","_kad_post_title":"","_kad_post_layout":"default","_kad_post_sidebar_id":"","_kad_post_content_style":"default","_kad_post_vertical_padding":"default","_kad_post_feature":"","_kad_post_feature_position":"","_kad_post_header":false,"_kad_post_footer":false,"_kad_post_classname":""},"product_brand":[],"product_cat":[20],"product_tag":[129],"class_list":{"0":"post-1530","1":"product","2":"type-product","3":"status-publish","4":"has-post-thumbnail","6":"product_cat-custom-acrylic-crafts","7":"product_tag-acrylic-crafts","9":"first","10":"instock","11":"shipping-taxable","12":"product-type-simple","13":"entry","14":"content-bg","15":"loop-entry"},"_links":{"self":[{"href":"https:\/\/customacrylicproduct.com\/de\/wp-json\/wp\/v2\/product\/1530","targetHints":{"allow":["GET"]}}],"collection":[{"href":"https:\/\/customacrylicproduct.com\/de\/wp-json\/wp\/v2\/product"}],"about":[{"href":"https:\/\/customacrylicproduct.com\/de\/wp-json\/wp\/v2\/types\/product"}],"wp:featuredmedia":[{"embeddable":true,"href":"https:\/\/customacrylicproduct.com\/de\/wp-json\/wp\/v2\/media\/1531"}],"wp:attachment":[{"href":"https:\/\/customacrylicproduct.com\/de\/wp-json\/wp\/v2\/media?parent=1530"}],"wp:term":[{"taxonomy":"product_brand","embeddable":true,"href":"https:\/\/customacrylicproduct.com\/de\/wp-json\/wp\/v2\/product_brand?post=1530"},{"taxonomy":"product_cat","embeddable":true,"href":"https:\/\/customacrylicproduct.com\/de\/wp-json\/wp\/v2\/product_cat?post=1530"},{"taxonomy":"product_tag","embeddable":true,"href":"https:\/\/customacrylicproduct.com\/de\/wp-json\/wp\/v2\/product_tag?post=1530"}],"curies":[{"name":"wp","href":"https:\/\/api.w.org\/{rel}","templated":true}]}}