{"id":1554,"date":"2025-07-22T06:19:11","date_gmt":"2025-07-22T06:19:11","guid":{"rendered":"https:\/\/customacrylicproduct.com\/?post_type=product&#038;p=1554"},"modified":"2025-07-22T06:19:11","modified_gmt":"2025-07-22T06:19:11","slug":"custom-clear-acrylic-bubble-rod-cast-solid-acrylic-rods","status":"publish","type":"product","link":"https:\/\/customacrylicproduct.com\/de\/custom-clear-acrylic-bubble-rod-cast-solid-acrylic-rods\/","title":{"rendered":"Benutzerdefinierte klare Acryl Blase Stab gegossen solide Acryl St\u00e4be"},"content":{"rendered":"<h3 id=\"presenting-the-exquisite-custom-made-clear-polymer-radiance-rod-a-world-of-sparkle-for-your-layouts\">Wir pr\u00e4sentieren den exquisiten, ma\u00dfgeschneiderten Clear Polymer Radiance Rod: Eine Welt voller Glitzer f\u00fcr Ihre Layouts<\/h3>\n<p>Produkte sind die Sprache, mit der wir weltweit von Design und Herstellung erz\u00e4hlen. Sind Sie auf der Suche nach einem Produkt, das \u00fcber das Normale hinausgeht, das von moderner Eleganz, temperamentvollem Luxus und grenzenloser Fantasie spricht? Wir laden Sie ein zur Entdeckung unserer\u00a0<strong>Ma\u00dfgefertigte klare Polymer-Glitzerst\u00e4bchen\u00a0<\/strong>- eine spektakul\u00e4re Verschmelzung von hervorragender Klarheit und fesselndem Glanz, die Ihre Aufgaben von bemerkenswert zu bemerkenswert macht.<\/p>\n<p>Diese massiven gegossenen Acrylst\u00e4be, die wegen ihrer dekorativen Elemente oft als \u201cSeifenblasenstangen\u201d bezeichnet werden, ersetzen die traditionellen Luftblasen durch eine Galaxie aus regenbogenartigem Glanz und schaffen so ein noch lebendigeres und fortschrittlicheres visuelles Ergebnis. Jede Stange ist ein selbsttragendes Lichtuniversum, ein Zeugnis pr\u00e4ziser Produktion und phantasievoller Gestaltung.<\/p>\n<p><img fetchpriority=\"high\" decoding=\"async\" class=\"size-full wp-image-1555\" src=\"https:\/\/customacrylicproduct.com\/wp-content\/uploads\/2025\/07\/Acrylic-Bubble-Rod-1.jpg\" alt=\"Acryl-Blasenstab (1)\" width=\"800\" height=\"800\" srcset=\"https:\/\/customacrylicproduct.com\/wp-content\/uploads\/2025\/07\/Acrylic-Bubble-Rod-1.jpg 800w, https:\/\/customacrylicproduct.com\/wp-content\/uploads\/2025\/07\/Acrylic-Bubble-Rod-1-300x300.jpg 300w, https:\/\/customacrylicproduct.com\/wp-content\/uploads\/2025\/07\/Acrylic-Bubble-Rod-1-150x150.jpg 150w, https:\/\/customacrylicproduct.com\/wp-content\/uploads\/2025\/07\/Acrylic-Bubble-Rod-1-768x768.jpg 768w, https:\/\/customacrylicproduct.com\/wp-content\/uploads\/2025\/07\/Acrylic-Bubble-Rod-1-600x600.jpg 600w, https:\/\/customacrylicproduct.com\/wp-content\/uploads\/2025\/07\/Acrylic-Bubble-Rod-1-100x100.jpg 100w\" sizes=\"(max-width: 800px) 100vw, 800px\" \/><\/p>\n<h4 id=\"the-significance-of-sparkle-product-and-looks\">Die Bedeutung von Sparkle: Produkt und Aussehen<\/h4>\n<p>Das Herzst\u00fcck unserer Produkte ist das beste gegossene Acryl, auch bekannt als Polymethylmethacrylat (PMMA). Im Gegensatz zu seinem extrudierten Gegenst\u00fcck bietet gegossenes Acrylglas eine bemerkenswerte optische Qualit\u00e4t, die mit der von gro\u00dfem Glas konkurriert und diese in der Regel \u00fcbertrifft. Es ist einwandfrei transparent und l\u00e4sst das Licht ungehindert durch, was f\u00fcr die Pr\u00e4sentation der schillernden Erg\u00e4nzungen im Inneren entscheidend ist. Dieses Produkt ist nicht nur sch\u00f6n, sondern auch bemerkenswert robust und zeichnet sich durch hervorragende Witterungsbest\u00e4ndigkeit, UV-Sicherheit und ein hohes Verh\u00e4ltnis von Festigkeit zu Gewicht aus. Es ist wesentlich bruchsicherer und leichter als Glas, was es zu einer viel sichereren und flexibleren Wahl f\u00fcr eine gro\u00dfe Anzahl von Anwendungen macht.<\/p>\n<p>In diesem kristallklaren Medium ist jedoch wahre Magie enthalten. Hunderte von sorgf\u00e4ltig ausgew\u00e4hlten Glanzpartikeln werden w\u00e4hrend des Gie\u00dfens einwandfrei \u00fcber den Stab verteilt. Dabei handelt es sich nicht um eine Oberfl\u00e4chentherapie; das Funkeln ist ein integraler Bestandteil des Stabes selbst. Wenn das Licht in die Stange eintritt, wird es von den polierten sechseckigen Aspekten gebrochen und trifft anschlie\u00dfend auf diese zahlreichen kleinen Spiegel, die sich zu einem dynamischen, mehrfarbigen Bildschirm auff\u00e4chern. Das Ergebnis ist lebendig und ver\u00e4ndert sich st\u00e4ndig, je nach Umgebungslicht und Blickwinkel des Publikums. Bei ged\u00e4mpftem Licht erzeugt es einen raffinierten, innovativen Schimmer. Bei direktem Scheinwerferlicht explodiert sie zu einem brillanten, sprudelnden Spektakel.<\/p>\n<p>Das sechseckige Profil der Stange ist eine bewusste Stilentscheidung. W\u00e4hrend traditionelle runde Stangen attraktiv sind, erzeugen die 6 flachen Seiten unserer sechseckigen Stangen saubere, geometrische Linien, die ein modernes, geb\u00e4ude\u00e4hnliches Gef\u00fchl vermitteln. Diese Facetten wirken wie einzelne Fenster und Prismen, die das Lichtspiel verst\u00e4rken und ein besonderes haptisches Erlebnis bieten. Dar\u00fcber hinaus bieten die flachen Seiten sinnvolle Vorteile, wie z.B. Schutz gegen Verrollen und eine stabile Oberfl\u00e4che f\u00fcr die Montage oder die Integration in gr\u00f6\u00dfere Baugruppen.<\/p>\n<p><img decoding=\"async\" class=\"size-full wp-image-1559\" src=\"https:\/\/customacrylicproduct.com\/wp-content\/uploads\/2025\/07\/Acrylic-Bubble-Rod-5.jpg\" alt=\"Acryl-Blasenstab (5)\" width=\"800\" height=\"800\" srcset=\"https:\/\/customacrylicproduct.com\/wp-content\/uploads\/2025\/07\/Acrylic-Bubble-Rod-5.jpg 800w, https:\/\/customacrylicproduct.com\/wp-content\/uploads\/2025\/07\/Acrylic-Bubble-Rod-5-300x300.jpg 300w, https:\/\/customacrylicproduct.com\/wp-content\/uploads\/2025\/07\/Acrylic-Bubble-Rod-5-150x150.jpg 150w, https:\/\/customacrylicproduct.com\/wp-content\/uploads\/2025\/07\/Acrylic-Bubble-Rod-5-768x768.jpg 768w, https:\/\/customacrylicproduct.com\/wp-content\/uploads\/2025\/07\/Acrylic-Bubble-Rod-5-600x600.jpg 600w, https:\/\/customacrylicproduct.com\/wp-content\/uploads\/2025\/07\/Acrylic-Bubble-Rod-5-100x100.jpg 100w\" sizes=\"(max-width: 800px) 100vw, 800px\" \/><\/p>\n<h4 id=\"a-canvas-for-imagination-unparalleled-applications\">Eine Leinwand f\u00fcr die Fantasie: Unvergleichliche Anwendungen<\/h4>\n<p>Die Anpassungsf\u00e4higkeit unserer ma\u00dfgefertigten Glanzst\u00e4be aus klarem Acryl ist nur durch Ihre Fantasie begrenzt. Ihre besonderen optischen und robusten physikalischen Eigenschaften machen sie zu einer optimalen Wahl f\u00fcr eine Vielzahl von M\u00e4rkten und innovativen Vorhaben:<\/p>\n<ul>\n<li><strong>Architektur und Innenarchitektur:\u00a0<\/strong>Verwandeln Sie praktische Komponenten in pr\u00e4chtige Attribute. Denken Sie an diese Stangen als elegante Gel\u00e4nder f\u00fcr eine Treppe, stilvolle T\u00fcrgriffe oder ansprechende Raumtrenner. Sie k\u00f6nnen zur Gestaltung von Wandfl\u00e4chen verwendet werden, die mit Licht spielen und jedem Raum ein Gef\u00fchl von Tiefe und Sch\u00f6nheit verleihen, von hochwertigen Wohnh\u00e4usern bis hin zu Boutique-Resorts und Eingangshallen von Unternehmen.<\/li>\n<li><strong>M\u00f6belherstellung:\u00a0<\/strong>Verleihen Sie Ihren M\u00f6beln einen besonderen Touch. Verwenden Sie diese Stangen als Tischbeine f\u00fcr ein schwebendes, himmlisches Ergebnis oder als elegante Schubladengriffe und Schrankgriffe, die wie kostbare Schmuckst\u00fccke f\u00fcr Ihre Schr\u00e4nke wirken. Das Ergebnis ist ein M\u00f6belst\u00fcck, das nicht nur praktisch ist, sondern auch ein wahres Kunstwerk.<\/li>\n<li><strong>Einzelhandel und Point-of-Sale (POS) pr\u00e4sentiert:\u00a0<\/strong>In einem wettbewerbsintensiven Einzelhandelsumfeld ist es entscheidend, das Interesse der Kunden zu wecken. Unsere Glanzst\u00e4be sind ideal f\u00fcr die Entwicklung von Premium-Artikel-Displays, Setzstufen und Beschilderungsakzenten, die das Auge anziehen. Der fundamentale Schimmer vermittelt den Eindruck von Wertigkeit und Luxus und ist daher ideal f\u00fcr die Pr\u00e4sentation von Kosmetika, Modeschmuck, Elektronik und anderen teuren Produkten.<\/li>\n<li><strong>Lichter Design:\u00a0<\/strong>Diese Stangen sind der Traum eines jeden Beleuchtungsdesigners. Integrieren Sie sie in personalisierte Kronleuchter, Pendelleuchten oder Wandleuchten. Die Stange selbst wird zu einem Bestandteil der Beleuchtung, f\u00e4ngt das Licht von der Quelle ein und bricht es in einem atemberaubenden Muster, das eine Wirkung auf die Umgebung hat, die kein durchschnittliches Produkt reproduzieren kann.<\/li>\n<li><strong>Kunst und Bildhauerei:\u00a0<\/strong>F\u00fcr Musiker und Bildhauer sind diese St\u00e4be ein besonderes und inspirierendes Werkzeug. Ihr optisches Zuhause und ihr innerer Schimmer k\u00f6nnen genutzt werden, um Motive des Lichts, des Raums und des Verst\u00e4ndnisses zu entdecken, die zu Skulpturen f\u00fchren, die visuell atemberaubend und konzeptionell reich sind.<\/li>\n<li><strong>Handwerkliche und kundenspezifische Projekte:\u00a0<\/strong>Die M\u00f6glichkeiten f\u00fcr Enthusiasten und Kunsthandwerker sind unbegrenzt und reichen von der Herstellung individueller Klingen und Stiftrohlinge bis hin zu dekorativen St\u00f6cken und Modellbau. Das Material ist sehr leicht zu bearbeiten, zu schneiden, zu bohren und zu polieren, so dass eine komplexe Anpassung m\u00f6glich ist.<\/li>\n<\/ul>\n<p><img decoding=\"async\" class=\"size-full wp-image-1558\" src=\"https:\/\/customacrylicproduct.com\/wp-content\/uploads\/2025\/07\/Acrylic-Bubble-Rod-4.jpg\" alt=\"Acryl-Blasenstab (4)\" width=\"800\" height=\"800\" srcset=\"https:\/\/customacrylicproduct.com\/wp-content\/uploads\/2025\/07\/Acrylic-Bubble-Rod-4.jpg 800w, https:\/\/customacrylicproduct.com\/wp-content\/uploads\/2025\/07\/Acrylic-Bubble-Rod-4-300x300.jpg 300w, https:\/\/customacrylicproduct.com\/wp-content\/uploads\/2025\/07\/Acrylic-Bubble-Rod-4-150x150.jpg 150w, https:\/\/customacrylicproduct.com\/wp-content\/uploads\/2025\/07\/Acrylic-Bubble-Rod-4-768x768.jpg 768w, https:\/\/customacrylicproduct.com\/wp-content\/uploads\/2025\/07\/Acrylic-Bubble-Rod-4-600x600.jpg 600w, https:\/\/customacrylicproduct.com\/wp-content\/uploads\/2025\/07\/Acrylic-Bubble-Rod-4-100x100.jpg 100w\" sizes=\"(max-width: 800px) 100vw, 800px\" \/><\/p>\n<h4 id=\"the-power-of-customization-tailored-to-your-vision\">Die Kraft der Individualisierung: Ma\u00dfgeschneidert f\u00fcr Ihre Vision<\/h4>\n<p>Wir sind uns bewusst, dass jede Aufgabe andere Anforderungen stellt. Deshalb bieten wir umfangreiche \u00c4nderungsm\u00f6glichkeiten an, damit unsere Acrylst\u00e4be perfekt auf Ihre innovativen Vorstellungen abgestimmt sind.<\/p>\n<ul>\n<li><strong>Abmessungen:\u00a0<\/strong>Wir sind in der Lage, St\u00e4be in einer Vielzahl von Gr\u00f6\u00dfen und Sondergr\u00f6\u00dfen nach Ihren genauen Spezifikationen zu fertigen, um Abfall und Bauzeit auf Ihrer Seite zu minimieren.<\/li>\n<li><strong>Gl\u00e4nzende Optionen:\u00a0<\/strong>Ihre Vision, Ihr Farbton. W\u00e4hrend der traditionelle silberne\/irisierende Glanz eine herausragende Wahl ist, k\u00f6nnen wir mit Ihnen zusammenarbeiten, um verschiedene Glitterfarben, Dimensionen und St\u00e4rken zu integrieren, um ein bestimmtes Aussehen zu erreichen - von einem raffinierten, sporadischen Sternenlichteffekt bis zu einem dichten, superges\u00e4ttigten Schimmer.<\/li>\n<li><strong>Steckbriefe:\u00a0<\/strong>Die sechseckige Stange ist unser Markenzeichen, aber wir k\u00f6nnen auch andere Profile entdecken, wie z. B. quadratische, runde oder vielleicht gedrehte, je nach den Bed\u00fcrfnissen der Aufgabe.<\/li>\n<li><strong>Fertigstellung:\u00a0<\/strong>Unser Service endet nicht mit der Produktion. Wir k\u00f6nnen die Masten auf exakte L\u00e4ngen zuschneiden, die Enden auf eine glas\u00e4hnliche Oberfl\u00e4che aufpolieren oder sie f\u00fcr eine einfache Aufstellung bohren und ber\u00fchren.<\/li>\n<\/ul>\n<h4 id=\"your-partner-in-technology\">Ihr Partner in Sachen Technologie<\/h4>\n<p>Unsere benutzerdefinierten klaren Polymer-Glitterst\u00e4be sind mehr als nur ein Gegenstand; sie sind ein Bestandteil der Motivation. Sie bieten eine einzigartige M\u00f6glichkeit, Aufgaben mit Licht, Luxus und einer unverwechselbaren Pers\u00f6nlichkeit zu versehen. Wenn Sie sich f\u00fcr unsere starken Acrylst\u00e4be entscheiden, entscheiden Sie sich f\u00fcr \u00fcberlegene Qualit\u00e4t, un\u00fcbertroffene visuelle Anziehungskraft und die Flexibilit\u00e4t einer vollst\u00e4ndigen Modifikation.<\/p>\n<p>Erlauben Sie uns, Ihnen zu helfen, Ihre enthusiastischsten Konzepte zum Leben zu erwecken. Ganz gleich, ob Sie ein Architekt sind, der eine Baustelle entwirft, ein M\u00f6belhersteller, der eine brandneue Kollektion produziert, oder ein Musiker, der die Grenzen seines Mediums auslotet - diese Stangen bieten eine Struktur voller Glanz.<\/p>\n<p>Rufen Sie uns noch heute an, um Ihre Projektanforderungen zu besprechen, ein Muster anzufordern und herauszufinden, wie unsere personalisierten klaren Acryl-Glitzerst\u00e4be Ihre n\u00e4chste Entwicklung zum Leuchten bringen k\u00f6nnen. Ihre Vision ist die Blaupause, wir bieten den Schimmer.<\/p>","protected":false},"excerpt":{"rendered":"<p class=\"ng-star-inserted\"><span class=\"ng-star-inserted\">Veredeln Sie Ihre Designs mit unseren individuell gestalteten, klaren Acrylblasenst\u00e4ben. Diese soliden, gegossenen sechseckigen St\u00e4be sind mit funkelndem Glitter gef\u00fcllt und sorgen f\u00fcr ein schillerndes, hochwertiges Finish. Perfekt f\u00fcr dekorative Akzente, Displays und kreative Projekte.<\/span><\/p>","protected":false},"featured_media":1555,"template":"","meta":{"_kad_post_transparent":"default","_kad_post_title":"","_kad_post_layout":"default","_kad_post_sidebar_id":"","_kad_post_content_style":"default","_kad_post_vertical_padding":"default","_kad_post_feature":"","_kad_post_feature_position":"","_kad_post_header":false,"_kad_post_footer":false,"_kad_post_classname":""},"product_brand":[],"product_cat":[23],"product_tag":[61],"class_list":{"0":"post-1554","1":"product","2":"type-product","3":"status-publish","4":"has-post-thumbnail","6":"product_cat-custom-acrylic-rods-tubes","7":"product_tag-custom-acrylic-rods","9":"first","10":"instock","11":"shipping-taxable","12":"product-type-simple","13":"entry","14":"content-bg","15":"loop-entry"},"_links":{"self":[{"href":"https:\/\/customacrylicproduct.com\/de\/wp-json\/wp\/v2\/product\/1554","targetHints":{"allow":["GET"]}}],"collection":[{"href":"https:\/\/customacrylicproduct.com\/de\/wp-json\/wp\/v2\/product"}],"about":[{"href":"https:\/\/customacrylicproduct.com\/de\/wp-json\/wp\/v2\/types\/product"}],"wp:featuredmedia":[{"embeddable":true,"href":"https:\/\/customacrylicproduct.com\/de\/wp-json\/wp\/v2\/media\/1555"}],"wp:attachment":[{"href":"https:\/\/customacrylicproduct.com\/de\/wp-json\/wp\/v2\/media?parent=1554"}],"wp:term":[{"taxonomy":"product_brand","embeddable":true,"href":"https:\/\/customacrylicproduct.com\/de\/wp-json\/wp\/v2\/product_brand?post=1554"},{"taxonomy":"product_cat","embeddable":true,"href":"https:\/\/customacrylicproduct.com\/de\/wp-json\/wp\/v2\/product_cat?post=1554"},{"taxonomy":"product_tag","embeddable":true,"href":"https:\/\/customacrylicproduct.com\/de\/wp-json\/wp\/v2\/product_tag?post=1554"}],"curies":[{"name":"wp","href":"https:\/\/api.w.org\/{rel}","templated":true}]}}