{"id":1564,"date":"2025-07-22T06:36:07","date_gmt":"2025-07-22T06:36:07","guid":{"rendered":"https:\/\/customacrylicproduct.com\/?post_type=product&#038;p=1564"},"modified":"2025-07-22T06:36:07","modified_gmt":"2025-07-22T06:36:07","slug":"custom-color-printing-square-shape-acrylic-trophy-awards","status":"publish","type":"product","link":"https:\/\/customacrylicproduct.com\/de\/custom-color-printing-square-shape-acrylic-trophy-awards\/","title":{"rendered":"Benutzerdefinierte Farbe drucken quadratische Form Acryl Troph\u00e4e Auszeichnungen"},"content":{"rendered":"<h3 id=\"elevate-recognition-the-exceptional-style-of-custom-made-color-printing-square-shape-acrylic-trophy-honors\">Erh\u00f6hen Sie die Anerkennung: Der au\u00dfergew\u00f6hnliche Stil der ma\u00dfgeschneiderten Farbdruck quadratische Form Acryl-Troph\u00e4e Ehrungen<\/h3>\n<p>In einer Welt fl\u00fcchtiger elektronischer Empfehlungen ist die Verleihung einer physischen Auszeichnung nach wie vor eine weitreichende und dauerhafte Bewegung. Sie ist ein greifbares Symbol der Leistung, eine dauerhafte Erinnerung an einen Wendepunkt und eine wirksame Aussage \u00fcber den Wert. Wir pr\u00e4sentieren unsere erstklassige Linie von\u00a0<strong>Personalisierter Farbdruck Quadratische Formung Acryl Troph\u00e4e Ehrungen\u00a0<\/strong>- eine moderne, dynamische und anspruchsvolle Option, die Anerkennung in ein Kunstwerk verwandelt. Diese Auszeichnungen gehen \u00fcber typische Preise hinaus, indem sie eine leuchtende Leinwand verwenden, auf der Ihre Marke, Ihre Botschaft und Ihre Veranstaltung in hervorragender Qualit\u00e4t und im richtigen Farbton wieder aufleben.<\/p>\n<p><img fetchpriority=\"high\" decoding=\"async\" class=\"size-full wp-image-1565\" src=\"https:\/\/customacrylicproduct.com\/wp-content\/uploads\/2025\/07\/Acrylic-Trophy-Awards-1.jpg\" alt=\"Troph\u00e4en aus Acryl (1)\" width=\"800\" height=\"800\" srcset=\"https:\/\/customacrylicproduct.com\/wp-content\/uploads\/2025\/07\/Acrylic-Trophy-Awards-1.jpg 800w, https:\/\/customacrylicproduct.com\/wp-content\/uploads\/2025\/07\/Acrylic-Trophy-Awards-1-300x300.jpg 300w, https:\/\/customacrylicproduct.com\/wp-content\/uploads\/2025\/07\/Acrylic-Trophy-Awards-1-150x150.jpg 150w, https:\/\/customacrylicproduct.com\/wp-content\/uploads\/2025\/07\/Acrylic-Trophy-Awards-1-768x768.jpg 768w, https:\/\/customacrylicproduct.com\/wp-content\/uploads\/2025\/07\/Acrylic-Trophy-Awards-1-600x600.jpg 600w, https:\/\/customacrylicproduct.com\/wp-content\/uploads\/2025\/07\/Acrylic-Trophy-Awards-1-100x100.jpg 100w\" sizes=\"(max-width: 800px) 100vw, 800px\" \/><\/p>\n<p><strong>Das moderne Medium: Die Kraft und Reinheit des Acryls<\/strong><\/p>\n<p>Das Herzst\u00fcck dieser au\u00dfergew\u00f6hnlichen Auszeichnungen ist die Wahl des Materials: hochwertiges, kristallklares Acryl. Acryl wird wegen seiner optischen Klarheit gesch\u00e4tzt, die sich mit der von feinstem Glas messen kann, und bietet eine Vielzahl von Vorteilen. Es besitzt eine brillante, leuchtende Qualit\u00e4t, die das Licht einf\u00e4ngt und bricht und jedem Stil ein Gef\u00fchl von Eminenz und Bedeutung verleiht.<\/p>\n<p>Im Gegensatz zu Glas ist Polymer wesentlich leichter und bruchsicherer und garantiert, dass Ihr Anerkennungszeichen sowohl sch\u00f6n als auch widerstandsf\u00e4hig ist. Diese St\u00e4rke macht ihn perfekt f\u00fcr die Auslieferung, das Anbieten bei gro\u00dfen Veranstaltungen und das stolze Ausstellen \u00fcber viele Jahre hinweg, ohne die Gefahr einer leichten Besch\u00e4digung. Die klaren, scharfen Linien und die signifikante Haptik des starken Acrylblocks erzeugen eine moderne \u00c4sthetik, die sowohl modern als auch klassisch wirkt. Seine bemerkenswerte, nicht por\u00f6se Oberfl\u00e4che ist die ideale Struktur f\u00fcr die spektakul\u00e4re Druckinnovation, die diese Auszeichnungen auszeichnet.<\/p>\n<p><img decoding=\"async\" class=\"size-full wp-image-1566\" src=\"https:\/\/customacrylicproduct.com\/wp-content\/uploads\/2025\/07\/Acrylic-Trophy-Awards-2.jpg\" alt=\"Acryl-Troph\u00e4e Auszeichnungen (2)\" width=\"800\" height=\"800\" srcset=\"https:\/\/customacrylicproduct.com\/wp-content\/uploads\/2025\/07\/Acrylic-Trophy-Awards-2.jpg 800w, https:\/\/customacrylicproduct.com\/wp-content\/uploads\/2025\/07\/Acrylic-Trophy-Awards-2-300x300.jpg 300w, https:\/\/customacrylicproduct.com\/wp-content\/uploads\/2025\/07\/Acrylic-Trophy-Awards-2-150x150.jpg 150w, https:\/\/customacrylicproduct.com\/wp-content\/uploads\/2025\/07\/Acrylic-Trophy-Awards-2-768x768.jpg 768w, https:\/\/customacrylicproduct.com\/wp-content\/uploads\/2025\/07\/Acrylic-Trophy-Awards-2-600x600.jpg 600w, https:\/\/customacrylicproduct.com\/wp-content\/uploads\/2025\/07\/Acrylic-Trophy-Awards-2-100x100.jpg 100w\" sizes=\"(max-width: 800px) 100vw, 800px\" \/><\/p>\n<p><strong>Eine Revolution der Anerkennung: Vollfarbiges Publishing mit dreidimensionaler Tiefe<\/strong><\/p>\n<p>Was diese Auszeichnungen wirklich auszeichnet, ist das hochmoderne Vollfarbdruckverfahren. Wir verwenden die modernste UV-Direktdrucktechnologie, bei der die Tinte direkt auf die R\u00fcckseite des Acrylblocks gedruckt wird. Diese Technik ist in mehrfacher Hinsicht wegweisend:.<\/p>\n<ol>\n<li><strong>Lebendige, satte Farbe:\u00a0<\/strong>Die Farben befinden sich nicht nur auf der Oberfl\u00e4che, sondern sind hinter einer dicken, klaren Schicht aus Acryl gesch\u00fctzt. Dadurch entsteht ein erstaunliches Gef\u00fchl von Tiefe und Lebendigkeit. Das Acryl wirkt wie eine Linse, die den Glanz der Farben vervielfacht und das Kunstwerk sichert. Wie auf den Bildern zu sehen ist, lassen sich auf diese Weise atemberaubende Designs kreieren - von den gem\u00fctlichen, sonnenverw\u00f6hnten Gelb-Orange-Verl\u00e4ufen einer Auszeichnung zum 10-j\u00e4hrigen Jubil\u00e4um bis hin zu den k\u00fchlen, gesch\u00e4ftlichen Blaut\u00f6nen einer beruflichen Qualifikationstafel.<\/li>\n<li><strong>Unglaubliche Informationen und Pr\u00e4zision:\u00a0<\/strong>Unser Druckverfahren kann komplizierte Logodesigns, komplizierte Muster, feine Texte und sogar Fotos mit sensationeller Integrit\u00e4t reproduzieren. Jede Linie ist gestochen scharf, jeder Farbverlauf ist gleichm\u00e4\u00dfig, und jeder Farbton entspricht der Identit\u00e4t Ihres Markennamens. Die subtilen Punktmuster und geteilten Grafiken, die in der Auszeichnung \u201cChina Coffee Cup\u201d zu sehen sind, zeigen den Grad an Informationen, der erreicht werden kann, einschlie\u00dflich einer fortgeschrittenen Struktur des Designs.<\/li>\n<li><strong>Ein Gef\u00fchl der Tiefe und des Schwebens:\u00a0<\/strong>Durch die Ver\u00f6ffentlichung auf der R\u00fcckseite scheint das Layout im Inneren des Acrylblocks zu schweben. So entsteht ein fesselndes dreidimensionales Ergebnis, das den Besucher einl\u00e4dt, genauer hinzusehen. Das Zusammenspiel von Licht und Block stimuliert das Design und macht es zu einem dynamischen und interessanten Objekt. Diese \u00e4sthetische Tiefe macht aus einem schlichten Award gleich eine fesselnde Desktop-Computerskulptur.<\/li>\n<\/ol>\n<p><img decoding=\"async\" class=\"size-full wp-image-1568\" src=\"https:\/\/customacrylicproduct.com\/wp-content\/uploads\/2025\/07\/Acrylic-Trophy-Awards-4.jpg\" alt=\"Troph\u00e4en aus Acryl (4)\" width=\"800\" height=\"800\" srcset=\"https:\/\/customacrylicproduct.com\/wp-content\/uploads\/2025\/07\/Acrylic-Trophy-Awards-4.jpg 800w, https:\/\/customacrylicproduct.com\/wp-content\/uploads\/2025\/07\/Acrylic-Trophy-Awards-4-300x300.jpg 300w, https:\/\/customacrylicproduct.com\/wp-content\/uploads\/2025\/07\/Acrylic-Trophy-Awards-4-150x150.jpg 150w, https:\/\/customacrylicproduct.com\/wp-content\/uploads\/2025\/07\/Acrylic-Trophy-Awards-4-768x768.jpg 768w, https:\/\/customacrylicproduct.com\/wp-content\/uploads\/2025\/07\/Acrylic-Trophy-Awards-4-600x600.jpg 600w, https:\/\/customacrylicproduct.com\/wp-content\/uploads\/2025\/07\/Acrylic-Trophy-Awards-4-100x100.jpg 100w\" sizes=\"(max-width: 800px) 100vw, 800px\" \/><\/p>\n<p><strong>Die quadratische Form: Eine Ikone der Sicherheit, Ehrlichkeit und Exzellenz<\/strong><\/p>\n<p>Die Wahl einer quadratischen oder rechteckigen Blockform ist gewollt und symbolisch. Dieser zeitlose geometrische Typ steht f\u00fcr Stabilit\u00e4t, St\u00e4rke und ein solides Fundament - hohe Qualit\u00e4ten, die f\u00fcr jede Art von beachtlicher Leistung unabdingbar sind. Seine sauberen, symmetrischen Linien bieten eine perfekte, ungehinderte Leinwand f\u00fcr Ihre innovative Vision, die sicherstellt, dass der Fokus weiterhin auf der Botschaft und dem Layout liegt.<\/p>\n<p>Die signifikante, freistehende Natur des Blocks verleiht ihm eine beherrschende Existenz auf jedem Schreibtisch, Regal oder Kaminsims. Er ben\u00f6tigt keinen separaten Sockel, sondern ist minimalistisch und stilvoll gestaltet. Die dicken, diamantgeschliffenen Kanten f\u00fchlen sich glatt an und erzeugen sch\u00f6ne, reflektierende Elemente, die die Brillanz des Preises insgesamt erh\u00f6hen.<\/p>\n<p><strong>Unbegrenzte Anpassungsm\u00f6glichkeiten f\u00fcr jede Feier<\/strong><\/p>\n<p>Diese Acryl-Ehrungen sind ein unbeschriebenes Blatt f\u00fcr Ihren Bedarf an Ehrungen. Die M\u00f6glichkeit der vollst\u00e4ndigen Modifizierung bedeutet, dass Sie f\u00fcr jedes Ereignis oder jeden Wendepunkt eine individuelle und sehr pers\u00f6nliche Ehrung erstellen k\u00f6nnen. Wie die verschiedenen Beispiele zeigen, sind die M\u00f6glichkeiten endlos:.<\/p>\n<ul>\n<li><strong>Firmenjubil\u00e4en:\u00a0<\/strong>Erinnern Sie sich an Jahre des Engagements und des Erfolgs, wie die \u201c10. 2013-2023\u2033-Ehrung, mit benutzerdefinierten Tagen, festen Slogans (\u201d \u5171\u751f|\u5171\u521b|\u5171\u4eab|\u5171\u8d62\u201d - Synergie, Co-Kreation, Teilen, Win-Win) und hochwertigen Farbschemata.<\/li>\n<li><strong>Danksagung der Mitarbeiter:\u00a0<\/strong>Feiern Sie f\u00fchrende Entertainer, \u201cMitarbeiter des Monats\u201d oder Managementqualit\u00e4ten mit individuellen Namen, Tagen und Botschaften der Wertsch\u00e4tzung.<\/li>\n<li><strong>Verkaufs- und Erfolgspreise:\u00a0<\/strong>Ermutigen Sie Ihre Teams, indem Sie die besten Verkaufszahlen, Projektabschl\u00fcsse oder Meilensteine in der Entwicklung mit plakativen, eindrucksvollen Layouts kennzeichnen.<\/li>\n<li><strong>Preise f\u00fcr Anl\u00e4sse und Konferenzen:\u00a0<\/strong>Entwickeln Sie einpr\u00e4gsame Mitbringsel f\u00fcr Audiosprecher, Sponsoren oder Wettbewerbssieger. Die schwedische Auszeichnung \u201cLLB EXPO 2022 - PRIS F\u00d6R B\u00c4STA MONTER\u201d (Preis f\u00fcr den besten Stand) ist das beste Beispiel f\u00fcr eine trendige, veranstaltungsspezifische Troph\u00e4e.<\/li>\n<li><strong>Anerkennung von Partnern und Kunden:\u00a0<\/strong>St\u00e4rken Sie Ihre Gesch\u00e4ftsbeziehungen, indem Sie ein hochwertiges, qualitativ hochwertiges Geschenk \u00fcberreichen, das von einer gesch\u00e4tzten Partnerschaft zeugt.<\/li>\n<li><strong>Akkreditierungs- und Ausbildungsplaketten:\u00a0<\/strong>Definieren Sie den Abschluss eines Programms, wie z. B. des \u201cCCT China Coffee Taster \u57f9\u8bad\u8ba4\u8bc1\u9879\u76ee\u201d (Training Qualification Program), mit einer professionell aussehenden Plakette.<\/li>\n<\/ul>\n<p><strong>Die Kunst der Pr\u00e4sentation<\/strong><\/p>\n<p>Eine au\u00dfergew\u00f6hnliche Auszeichnung ist einer ebenso au\u00dfergew\u00f6hnlichen Pr\u00e4sentation w\u00fcrdig. Wie auf dem ersten Bild zu sehen ist, k\u00f6nnen unsere Acryltroph\u00e4en mit einer hochwertigen, individuell gestalteten Diskussionsbox kombiniert werden. Diese stilvollen schwarzen Boxen verf\u00fcgen \u00fcber eine unverwechselbare Oberfl\u00e4che und eine innovative Verzierung, die ein luxuri\u00f6ses Unboxing-Erlebnis bieten. Die weiche Innenauskleidung sch\u00fctzt die Auszeichnung nicht nur w\u00e4hrend des Transports, sondern strukturiert sie auch beim \u00d6ffnen pr\u00e4chtig, was den Moment der Pr\u00e4sentation erh\u00f6ht und die Bedeutung der verliehenen Auszeichnung unterstreicht.<\/p>\n<p><strong>Warum sollten Sie sich f\u00fcr unsere ma\u00dfgeschneiderten Acryltroph\u00e4en entscheiden?<\/strong><\/p>\n<ul>\n<li><strong>Moderne Raffinesse:\u00a0<\/strong>Eine zeitgem\u00e4\u00dfe Alternative zu typischen Glas- oder Metallpreisen.<\/li>\n<li><strong>Un\u00fcbertroffene visuelle Wirkung:\u00a0<\/strong>Der hochaufl\u00f6sende Vollfarbdruck entwickelt sensationelle, dynamische Designs mit einem einzigartigen 3D-Effekt.<\/li>\n<li><strong>\u00dcberlegene Langlebigkeit:\u00a0<\/strong>Hergestellt aus bruchsicherem Acryl mit lichtechtem und kratzfestem Druck.<\/li>\n<li><strong>Vollst\u00e4ndige Personalisierung:\u00a0<\/strong>Ihr Logo, Ihre Farbt\u00f6ne, Ihr Text. Entwickeln Sie eine Auszeichnung, die Ihren Markennamen und die mit ihr gew\u00fcrdigte Leistung wahrhaftig repr\u00e4sentiert.<\/li>\n<li><strong>Nachhaltige Wirkung:\u00a0<\/strong>Dies ist mehr als nur eine Troph\u00e4e; es ist ein Kunstwerk, das als st\u00e4ndige und sch\u00f6ne Erinnerung an Erfolg und Anerkennung dient.<\/li>\n<\/ul>\n<p>Feiern Sie Ihren n\u00e4chsten Meilenstein nicht nur mit einer Auszeichnung, sondern mit einem Statement. Ein Statement f\u00fcr Spitzenqualit\u00e4t, ein Statement f\u00fcr Kreativit\u00e4t und ein Statement f\u00fcr echte Bewunderung. Entscheiden Sie sich f\u00fcr die individuell bedruckte quadratische Acryltroph\u00e4e Honor und \u00fcberreichen Sie ein Geschenk, das so fantastisch ist wie der Erfolg selbst.<\/p>","protected":false},"excerpt":{"rendered":"<p class=\"ng-star-inserted\"><span class=\"ng-star-inserted\">Feiern Sie Ihren Erfolg mit unseren individuellen quadratischen Acryl-Auszeichnungen. Mit lebhaftem, vollfarbigem Druck, um Ihr Logo und Ihre Botschaft zu pr\u00e4sentieren. Diese modernen Blocktroph\u00e4en eignen sich perfekt f\u00fcr die Anerkennung von Unternehmen, die Wertsch\u00e4tzung von Mitarbeitern und besondere Veranstaltungen. Eine elegante und einpr\u00e4gsame Art, Leistungen zu w\u00fcrdigen.<\/span><\/p>","protected":false},"featured_media":1565,"template":"","meta":{"_kad_post_transparent":"default","_kad_post_title":"","_kad_post_layout":"default","_kad_post_sidebar_id":"","_kad_post_content_style":"default","_kad_post_vertical_padding":"default","_kad_post_feature":"","_kad_post_feature_position":"","_kad_post_header":false,"_kad_post_footer":false,"_kad_post_classname":""},"product_brand":[],"product_cat":[19],"product_tag":[96,145],"class_list":{"0":"post-1564","1":"product","2":"type-product","3":"status-publish","4":"has-post-thumbnail","6":"product_cat-custom-acrylic-trophies-awards","7":"product_tag-acrylic-awards","8":"product_tag-acrylic-custom-trophy","10":"first","11":"instock","12":"shipping-taxable","13":"product-type-simple","14":"entry","15":"content-bg","16":"loop-entry"},"_links":{"self":[{"href":"https:\/\/customacrylicproduct.com\/de\/wp-json\/wp\/v2\/product\/1564","targetHints":{"allow":["GET"]}}],"collection":[{"href":"https:\/\/customacrylicproduct.com\/de\/wp-json\/wp\/v2\/product"}],"about":[{"href":"https:\/\/customacrylicproduct.com\/de\/wp-json\/wp\/v2\/types\/product"}],"wp:featuredmedia":[{"embeddable":true,"href":"https:\/\/customacrylicproduct.com\/de\/wp-json\/wp\/v2\/media\/1565"}],"wp:attachment":[{"href":"https:\/\/customacrylicproduct.com\/de\/wp-json\/wp\/v2\/media?parent=1564"}],"wp:term":[{"taxonomy":"product_brand","embeddable":true,"href":"https:\/\/customacrylicproduct.com\/de\/wp-json\/wp\/v2\/product_brand?post=1564"},{"taxonomy":"product_cat","embeddable":true,"href":"https:\/\/customacrylicproduct.com\/de\/wp-json\/wp\/v2\/product_cat?post=1564"},{"taxonomy":"product_tag","embeddable":true,"href":"https:\/\/customacrylicproduct.com\/de\/wp-json\/wp\/v2\/product_tag?post=1564"}],"curies":[{"name":"wp","href":"https:\/\/api.w.org\/{rel}","templated":true}]}}