{"id":1575,"date":"2025-07-22T06:55:20","date_gmt":"2025-07-22T06:55:20","guid":{"rendered":"https:\/\/customacrylicproduct.com\/?post_type=product&#038;p=1575"},"modified":"2025-07-22T06:55:20","modified_gmt":"2025-07-22T06:55:20","slug":"custom-acrylic-clear-plastic-tube-tubing-round-pipe","status":"publish","type":"product","link":"https:\/\/customacrylicproduct.com\/de\/custom-acrylic-clear-plastic-tube-tubing-round-pipe\/","title":{"rendered":"Benutzerdefinierte Acryl klar Kunststoffrohr Rohre Runde Rohre"},"content":{"rendered":"<h3 id=\"-custom-made-polymer-clear-plastic-tube-the-perfect-blend-of-quality-durability-and-flexibility-\"><strong>Kundenspezifisch gefertigte klare Kunststofftuben aus Polymer: Die perfekte Mischung aus Qualit\u00e4t, Langlebigkeit und Flexibilit\u00e4t<\/strong><\/h3>\n<p>Entdecken Sie die beste Option f\u00fcr Ihre kreativen, industriellen und gesch\u00e4ftlichen Aufgaben mit unseren erstklassigen kundenspezifischen klaren Acryl-Kunststoffrohren. Entwickelt f\u00fcr ph\u00e4nomenale Leistung und visuellen Reiz, bietet dieses flexible Rundrohr die hervorragende, glas\u00e4hnliche Transparenz, die Sie sich w\u00fcnschen, integriert mit der erstklassigen Festigkeit, dem geringen Gewicht und der Verarbeitbarkeit von hochwertigem Acryl (PMMA). Ganz gleich, ob Sie ein Ingenieur sind, der ein fortschrittliches Fl\u00fcssigkeitssystem entwickelt, ein Designer, der eine moderne Beleuchtungskomponente entwirft, ein Verk\u00e4ufer, der attraktive Bildschirme herstellt, oder ein Heimwerker, der sein eigenes Kunstwerk baut - unsere ma\u00dfgefertigten Acrylrohre sind das grundlegende Produkt, das Ihre Vision zum Leben erweckt.<\/p>\n<p><img fetchpriority=\"high\" decoding=\"async\" class=\"size-full wp-image-1579\" src=\"https:\/\/customacrylicproduct.com\/wp-content\/uploads\/2025\/07\/Acrylic-Clear-Plastic-Tube-4.jpg\" alt=\"Klare Acryl-Kunststoffr\u00f6hre (4)\" width=\"800\" height=\"800\" srcset=\"https:\/\/customacrylicproduct.com\/wp-content\/uploads\/2025\/07\/Acrylic-Clear-Plastic-Tube-4.jpg 800w, https:\/\/customacrylicproduct.com\/wp-content\/uploads\/2025\/07\/Acrylic-Clear-Plastic-Tube-4-300x300.jpg 300w, https:\/\/customacrylicproduct.com\/wp-content\/uploads\/2025\/07\/Acrylic-Clear-Plastic-Tube-4-150x150.jpg 150w, https:\/\/customacrylicproduct.com\/wp-content\/uploads\/2025\/07\/Acrylic-Clear-Plastic-Tube-4-768x768.jpg 768w, https:\/\/customacrylicproduct.com\/wp-content\/uploads\/2025\/07\/Acrylic-Clear-Plastic-Tube-4-600x600.jpg 600w, https:\/\/customacrylicproduct.com\/wp-content\/uploads\/2025\/07\/Acrylic-Clear-Plastic-Tube-4-100x100.jpg 100w\" sizes=\"(max-width: 800px) 100vw, 800px\" \/><\/p>\n<h4 id=\"-unparalleled-optical-clearness-aesthetic-purity-\"><strong>Unerreichte optische Klarheit und \u00e4sthetische Reinheit<\/strong><\/h4>\n<p>Das erste, was Ihnen an unseren Acrylr\u00f6hren auffallen wird, ist ihre beeindruckende Klarheit. Wie die Bilder zeigen, besitzt jedes Rohr eine leuchtende, kristallklare Qualit\u00e4t, die mit dem besten optischen Glas konkurriert. Diese makellose Transparenz garantiert einen ungehinderten Blick auf alles, was sich in oder hinter der R\u00f6hre befindet, und macht sie zur perfekten Wahl f\u00fcr Anwendungen, bei denen Pr\u00e4senz entscheidend ist.<\/p>\n<p>Im Gegensatz zu anderen Kunststoffen, die einen tr\u00fcben oder bl\u00e4ulichen Farbton aufweisen k\u00f6nnen, werden unsere PMMA-Rohre nach den Anforderungen an die optische Reinheit hergestellt. Dies erm\u00f6glicht eine optimale Lichtdurchl\u00e4ssigkeit, wodurch sie sich f\u00fcr Beleuchtungsanwendungen, Schaugl\u00e4ser und wissenschaftliche Ger\u00e4te eignen. Bei der Verwendung in Schaufenstern oder Museumsabdeckungen sch\u00fctzt und pr\u00e4sentiert es die Gegenst\u00e4nde, ohne von ihnen abzulenken, so dass die Dinge selbst die Hauptrolle spielen. Die glatte, gl\u00e4nzende Oberfl\u00e4che reflektiert das Licht wundersch\u00f6n und verleiht jedem Layout einen Hauch von Eleganz und Professionalit\u00e4t.<\/p>\n<p><img decoding=\"async\" class=\"size-full wp-image-1576\" src=\"https:\/\/customacrylicproduct.com\/wp-content\/uploads\/2025\/07\/Acrylic-Clear-Plastic-Tube-1.jpg\" alt=\"Klare Acryl-Kunststoffr\u00f6hre (1)\" width=\"800\" height=\"800\" srcset=\"https:\/\/customacrylicproduct.com\/wp-content\/uploads\/2025\/07\/Acrylic-Clear-Plastic-Tube-1.jpg 800w, https:\/\/customacrylicproduct.com\/wp-content\/uploads\/2025\/07\/Acrylic-Clear-Plastic-Tube-1-300x300.jpg 300w, https:\/\/customacrylicproduct.com\/wp-content\/uploads\/2025\/07\/Acrylic-Clear-Plastic-Tube-1-150x150.jpg 150w, https:\/\/customacrylicproduct.com\/wp-content\/uploads\/2025\/07\/Acrylic-Clear-Plastic-Tube-1-768x768.jpg 768w, https:\/\/customacrylicproduct.com\/wp-content\/uploads\/2025\/07\/Acrylic-Clear-Plastic-Tube-1-600x600.jpg 600w, https:\/\/customacrylicproduct.com\/wp-content\/uploads\/2025\/07\/Acrylic-Clear-Plastic-Tube-1-100x100.jpg 100w\" sizes=\"(max-width: 800px) 100vw, 800px\" \/><\/p>\n<h4 id=\"-the-prevalence-of-acrylic-stamina-fulfills-lightweight-design-\"><strong>Die Vorherrschaft von Acryl: Ausdauer erf\u00fcllt leichtes Design<\/strong><\/h4>\n<p>Es sieht zwar aus wie Glas, ist aber viel effizienter als dieses. Unsere Acrylglasrohre werden aus Polymethylmethacrylat (PMMA) hergestellt, einem thermoplastischen Kunststoff, der sich durch seine au\u00dfergew\u00f6hnliche Widerstandsf\u00e4higkeit und St\u00e4rke auszeichnet.<\/p>\n<ul>\n<li><strong>Effekt-Widerstand:\u00a0<\/strong>Acrylglas ist etwa 10-20 Mal bruchfester als Glas. Diese grundlegende Z\u00e4higkeit macht es zu einer viel sichereren und vertrauensw\u00fcrdigeren Option f\u00fcr \u00f6ffentliche R\u00e4ume, kommerzielle Umgebungen und jede Art von Anwendung, bei der Bruch ein Problem darstellt. Versehentliche St\u00fcrze oder St\u00f6\u00dfe, die eine Glasr\u00f6hre zerst\u00f6ren w\u00fcrden, lassen unsere Acrylr\u00f6hren in der Regel unversehrt.<\/li>\n<li><strong>Leichtes Gewicht:\u00a0<\/strong>Da sie weniger als f\u00fcnfzig Prozent so hoch sind wie Glas, sind Acrylglasrohre wesentlich einfacher zu handhaben, zu transportieren und zu montieren. Dies reduziert die Lieferkosten und die Anforderungen an die architektonische Belastung, was es zu einer praktischen Wahl f\u00fcr gro\u00dfe architektonische Projekte, tragbare Bildschirme und komplizierte Einstellungen macht.<\/li>\n<li><strong>Wetter- und UV-Best\u00e4ndigkeit:\u00a0<\/strong>Unsere Acrylglasrohre sind von Natur aus immun gegen die sch\u00e4dlichen Auswirkungen von ultraviolettem Licht (UV) und extremen Wetterbedingungen. Sie vergilben nicht, verblassen nicht und werden auch nicht br\u00fcchig, wenn sie \u00fcber einen l\u00e4ngeren Zeitraum der Sonne ausgesetzt sind. Das garantiert dauerhafte Klarheit und architektonische Ehrlichkeit f\u00fcr Au\u00dfenanwendungen wie Schilder, Geb\u00e4udekomponenten oder Wasserspiele im Garten.<\/li>\n<\/ul>\n<p><img decoding=\"async\" class=\"size-full wp-image-1577\" src=\"https:\/\/customacrylicproduct.com\/wp-content\/uploads\/2025\/07\/Acrylic-Clear-Plastic-Tube-2.jpg\" alt=\"Klare Acryl-Kunststoffr\u00f6hre (2)\" width=\"800\" height=\"800\" srcset=\"https:\/\/customacrylicproduct.com\/wp-content\/uploads\/2025\/07\/Acrylic-Clear-Plastic-Tube-2.jpg 800w, https:\/\/customacrylicproduct.com\/wp-content\/uploads\/2025\/07\/Acrylic-Clear-Plastic-Tube-2-300x300.jpg 300w, https:\/\/customacrylicproduct.com\/wp-content\/uploads\/2025\/07\/Acrylic-Clear-Plastic-Tube-2-150x150.jpg 150w, https:\/\/customacrylicproduct.com\/wp-content\/uploads\/2025\/07\/Acrylic-Clear-Plastic-Tube-2-768x768.jpg 768w, https:\/\/customacrylicproduct.com\/wp-content\/uploads\/2025\/07\/Acrylic-Clear-Plastic-Tube-2-600x600.jpg 600w, https:\/\/customacrylicproduct.com\/wp-content\/uploads\/2025\/07\/Acrylic-Clear-Plastic-Tube-2-100x100.jpg 100w\" sizes=\"(max-width: 800px) 100vw, 800px\" \/><\/p>\n<h4 id=\"-accuracy-engineered-for-flawless-efficiency-\"><strong>Genauigkeit f\u00fcr makellose Effizienz entwickelt<\/strong><\/h4>\n<p>Hohe Qualit\u00e4t ist nicht nur eine Frage des Rohmaterials, sondern auch des Produktionsverfahrens. Unsere Acrylglasrohre werden in einem modernen Extrusionsverfahren hergestellt, das eine ph\u00e4nomenale Ma\u00dfhaltigkeit und Gleichm\u00e4\u00dfigkeit garantiert.<\/p>\n<ul>\n<li><strong>Anzug Wand Oberfl\u00e4chendichte:\u00a0<\/strong>Jedes Rohr weist \u00fcber seine gesamte L\u00e4nge eine v\u00f6llig gleichm\u00e4\u00dfige Wanddichte auf. Dies ist wichtig f\u00fcr Anwendungen, die regelm\u00e4\u00dfige Druckklassifizierungen, strukturelle Ehrlichkeit und ein perfektes \u00e4sthetisches Aussehen ohne Verformung erfordern.<\/li>\n<li><strong>Enge Resistenzen:\u00a0<\/strong>Wir kontrollieren sowohl den Innendurchmesser (ID) als auch den Au\u00dfendurchmesser (OD) streng und stellen so sicher, dass unsere Rohre pr\u00e4zise Spezifikationen erf\u00fcllen. Diese Einheitlichkeit ist wichtig f\u00fcr die Herstellung von engen Passungen mit verschiedenen anderen Komponenten, O-Ringen und Anschl\u00fcssen, die vor Leckagen sch\u00fctzen und eine nahtlose Kombination in Ihren Einstellungen gew\u00e4hrleisten.<\/li>\n<li><strong>Saubere, glatte Oberfl\u00e4che:\u00a0<\/strong>Die Rohre werden mit sauber geschnittenen, glatten Seiten geliefert, wie auf den sorgf\u00e4ltigen Nahaufnahmen zu sehen ist. Diese professionelle Oberfl\u00e4che erspart Ihnen M\u00fche und Zeit bei der Nachbearbeitung und wartet auf den sofortigen Einsatz in High-End-Anwendungen.<\/li>\n<\/ul>\n<h4 id=\"-the-power-of-modification-your-vision-our-tubing-\"><strong>Die Macht der Modifikation: Ihre Vision, unsere Rohre<\/strong><\/h4>\n<p>\u201d Eine Gr\u00f6\u00dfe passt f\u00fcr alle\u201d funktioniert selten f\u00fcr innovative Aufgaben. Deshalb bieten wir umfangreiche Modifikationsm\u00f6glichkeiten an, damit Sie genau den Schlauch bekommen, den Sie brauchen.<\/p>\n<ul>\n<li><strong>Kundenspezifische Durchmesser und Wandst\u00e4rken:\u00a0<\/strong>Geben Sie die spezifische Au\u00dfengr\u00f6\u00dfe (OD) und den Innendurchmesser (ID) an, die Sie f\u00fcr Ihr Projekt ben\u00f6tigen. Ganz gleich, ob Sie ein d\u00fcnnwandiges, zerbrechliches Rohr f\u00fcr ein Design oder ein dickwandiges, haltbares Rohr f\u00fcr einen Hochdruckdurchfluss ben\u00f6tigen, wir k\u00f6nnen es nach Ihren Vorgaben herstellen.<\/li>\n<li><strong>Zuschneiden von L\u00e4ngen:\u00a0<\/strong>Verschwenden Sie keine Zeit und kein Material mit der Reduzierung herk\u00f6mmlicher Gr\u00f6\u00dfen. Wir bieten einen pr\u00e4zisen Zuschnittservice, der Rohre bereitstellt, die direkt in Ihr Projekt integriert werden k\u00f6nnen, was Ihnen Arbeit erspart und jedes Mal f\u00fcr perfekt rechtwinklige, saubere Schnitte sorgt.<\/li>\n<li><strong>Ende der Alternativen:\u00a0<\/strong>Neben den einfachen Schnitten k\u00f6nnen wir zus\u00e4tzliche Veredelungsl\u00f6sungen anbieten, wie z. B. Flammenpolieren f\u00fcr glas\u00e4hnliche Kanten, Durchstechen von L\u00f6chern f\u00fcr die Platzierung oder den Durchfluss und Pr\u00e4zisionsfr\u00e4sen f\u00fcr komplexere Anforderungen.<\/li>\n<\/ul>\n<h4 id=\"-an-universe-of-applications-\"><strong>Ein Universum von Anwendungen<\/strong><\/h4>\n<p>Die Vielseitigkeit unserer klaren Acrylglasrohre wird nur durch Ihre kreative Fantasie begrenzt. Fachleute und Bastler in vielen Branchen vertrauen darauf:.<\/p>\n<ul>\n<li><strong>Industrie und Design:\u00a0<\/strong>Fl\u00fcssigkeitstransportsysteme, Zirkulationsz\u00e4hler, Sicherheitsgeh\u00e4use f\u00fcr empfindliche Sensoreinheiten und Elektronik, pneumatische F\u00f6rdersysteme und elastische Schaugl\u00e4ser zur Kontrolle des Fl\u00fcssigkeitsgrades.<\/li>\n<li><strong>Architektur und Design:\u00a0<\/strong>Moderne Gel\u00e4nder und Balustraden, markante Beleuchtungskomponenten, Wasserspiele, Elemente der Innenarchitektur und architektonische Komponenten in avantgardistischen M\u00f6beln.<\/li>\n<li><strong>Einzelhandel und Point-of-Sale:\u00a0<\/strong>Elegante Warenbildschirme, Schmuckst\u00e4nder, \u00e4sthetische Koordinatoren, Anzeigentr\u00e4ger und Steigsysteme, die die Ware aufwerten, ohne die Sicht zu blockieren.<\/li>\n<li><strong>DO IT YOURSELF, Hobby &amp; Maker Projekte:\u00a0<\/strong>Benutzerdefinierte PC-Wasser-K\u00fchlung nach unten Schleifen, Version machen, Terrarien, Ameisen Ranches, Vogelf\u00fctterer, und Geh\u00e4use f\u00fcr personalisierte elektronische Ger\u00e4te Projekte, wie durch das Foto einschlie\u00dflich einer Schneiden Bodenbelag empfohlen.<\/li>\n<li><strong>Wissenschaft &amp; Labor:\u00a0<\/strong>Pr\u00fcfen Sie R\u00f6hrchen, Chromatographies\u00e4ulen, Elemente f\u00fcr Laborger\u00e4te und Grundst\u00fccke f\u00fcr Versuchsanordnungen.<\/li>\n<li><strong>Kunst &amp; Handwerk:\u00a0<\/strong>Wird in Skulpturen, Mixed-Media-Kunstwerken und als Element f\u00fcr kinetische Kunstwerke verwendet.<\/li>\n<\/ul>\n<h4 id=\"-easy-to-produce-and-deal-with-\"><strong>Einfach zu produzieren und zu handhaben<\/strong><\/h4>\n<p>F\u00fcr den praktischen Designer ist es ein Vergn\u00fcgen, mit unseren Acrylrohren zu arbeiten. Es l\u00e4sst sich mit den \u00fcblichen Werkstattger\u00e4ten bequem schneiden, bohren und bearbeiten. Es l\u00e4sst sich bemerkenswert gut mit l\u00f6semittelhaltigem Acrylbeton verkleben, wodurch starke, klare und fast nicht nachweisbare Verbindungen entstehen. Au\u00dferdem kann Acrylglas thermisch verformt oder gebogen werden, so dass Sie sanfte Kurven und spezielle Formen f\u00fcr wirklich individuelle Designs erstellen k\u00f6nnen.<\/p>\n<h3 id=\"-order-your-customized-polymer-tubes-today-\"><strong>Bestellen Sie Ihre ma\u00dfgeschneiderten Polymerschl\u00e4uche noch heute!<\/strong><\/h3>\n<p>Verzichten Sie auf gew\u00f6hnliche Materialien und entscheiden Sie sich f\u00fcr die erstklassige Klarheit, Z\u00e4higkeit und Flexibilit\u00e4t unserer personalisierten Acrylglas-Kunststoffrohre. Lassen Sie uns die erstklassige Grundlage f\u00fcr den Erfolg Ihres n\u00e4chsten Auftrags schaffen. Rufen Sie unser Team noch heute an, um Ihre speziellen Anforderungen zu besprechen, ein individuelles Angebot zu erhalten und zu erfahren, wie unsere pr\u00e4zisionsgefertigten Rohre Ihre Konzepte in die Realit\u00e4t umsetzen k\u00f6nnen.<\/p>","protected":false},"excerpt":{"rendered":"<p class=\"ng-star-inserted\"><span class=\"ng-star-inserted\">Entdecken Sie unsere hochwertigen, kristallklaren Acrylrohre. Diese starren, schlagfesten Kunststoffrohre sind eine haltbare, bruchsichere Alternative zu Glas. Perfekt f\u00fcr Heimwerkerprojekte, Modelle, Displays und industrielle Anwendungen. Erh\u00e4ltlich in verschiedenen Durchmessern und individuell zugeschnittenen L\u00e4ngen, um Ihren Bed\u00fcrfnissen gerecht zu werden.<\/span><\/p>","protected":false},"featured_media":1576,"template":"","meta":{"_kad_post_transparent":"default","_kad_post_title":"","_kad_post_layout":"default","_kad_post_sidebar_id":"","_kad_post_content_style":"default","_kad_post_vertical_padding":"default","_kad_post_feature":"","_kad_post_feature_position":"","_kad_post_header":false,"_kad_post_footer":false,"_kad_post_classname":""},"product_brand":[],"product_cat":[23],"product_tag":[63],"class_list":{"0":"post-1575","1":"product","2":"type-product","3":"status-publish","4":"has-post-thumbnail","6":"product_cat-custom-acrylic-rods-tubes","7":"product_tag-acrylic-rods","9":"first","10":"instock","11":"shipping-taxable","12":"product-type-simple","13":"entry","14":"content-bg","15":"loop-entry"},"_links":{"self":[{"href":"https:\/\/customacrylicproduct.com\/de\/wp-json\/wp\/v2\/product\/1575","targetHints":{"allow":["GET"]}}],"collection":[{"href":"https:\/\/customacrylicproduct.com\/de\/wp-json\/wp\/v2\/product"}],"about":[{"href":"https:\/\/customacrylicproduct.com\/de\/wp-json\/wp\/v2\/types\/product"}],"wp:featuredmedia":[{"embeddable":true,"href":"https:\/\/customacrylicproduct.com\/de\/wp-json\/wp\/v2\/media\/1576"}],"wp:attachment":[{"href":"https:\/\/customacrylicproduct.com\/de\/wp-json\/wp\/v2\/media?parent=1575"}],"wp:term":[{"taxonomy":"product_brand","embeddable":true,"href":"https:\/\/customacrylicproduct.com\/de\/wp-json\/wp\/v2\/product_brand?post=1575"},{"taxonomy":"product_cat","embeddable":true,"href":"https:\/\/customacrylicproduct.com\/de\/wp-json\/wp\/v2\/product_cat?post=1575"},{"taxonomy":"product_tag","embeddable":true,"href":"https:\/\/customacrylicproduct.com\/de\/wp-json\/wp\/v2\/product_tag?post=1575"}],"curies":[{"name":"wp","href":"https:\/\/api.w.org\/{rel}","templated":true}]}}