{"id":1580,"date":"2025-07-22T07:08:14","date_gmt":"2025-07-22T07:08:14","guid":{"rendered":"https:\/\/customacrylicproduct.com\/?post_type=product&#038;p=1580"},"modified":"2025-07-22T07:08:14","modified_gmt":"2025-07-22T07:08:14","slug":"custom-acrylic-prismatic-acrylic-sheet-various-style","status":"publish","type":"product","link":"https:\/\/customacrylicproduct.com\/de\/custom-acrylic-prismatic-acrylic-sheet-various-style\/","title":{"rendered":"Benutzerdefinierte Acryl prismatische Acryl Blatt verschiedenen Stil"},"content":{"rendered":"<h3 id=\"-customized-acrylic-prismatic-polymer-sheet-a-kaleidoscope-of-color-and-style-for-your-vision-\"><strong>Prismatische Acryl-Polymerplatten nach Ma\u00df: Ein Kaleidoskop von Farbe und Stil f\u00fcr Ihre Vision<\/strong><\/h3>\n<p>In einer Welt, die von Aussehen und Entwicklung bestimmt wird, sind die von Ihnen gew\u00e4hlten Materialien die Struktur Ihrer Kreation. Sie sind die stillen Schreiber, die hohe Qualit\u00e4t, Emotionen und Ziele vermitteln. Wir laden Sie ein, in ein Universum grenzenloser kreativer Kapazit\u00e4t einzutreten mit unserer erstklassigen Kollektion von\u00a0<strong>Individuell gestaltete Prismen- und Designplatten aus Acryl\u00a0<\/strong>. Wie der lebendige Farbkreis und die sch\u00f6n gestalteten Beispiele zeigen, handelt es sich nicht einfach um ein Produkt, sondern um eine Kombination f\u00fcr Ihre Fantasie, die eine un\u00fcbertroffene Auswahl an Farbt\u00f6nen, Oberfl\u00e4chen und Stilen bietet, um jede Art von Aufgabe vom Konzept zur beeindruckenden Realit\u00e4t zu machen.<\/p>\n<p><img fetchpriority=\"high\" decoding=\"async\" class=\"size-full wp-image-1581\" src=\"https:\/\/customacrylicproduct.com\/wp-content\/uploads\/2025\/07\/Acrylic-Sheet-1-2.jpg\" alt=\"Acrylglasplatte (1)\" width=\"900\" height=\"900\" srcset=\"https:\/\/customacrylicproduct.com\/wp-content\/uploads\/2025\/07\/Acrylic-Sheet-1-2.jpg 900w, https:\/\/customacrylicproduct.com\/wp-content\/uploads\/2025\/07\/Acrylic-Sheet-1-2-300x300.jpg 300w, https:\/\/customacrylicproduct.com\/wp-content\/uploads\/2025\/07\/Acrylic-Sheet-1-2-150x150.jpg 150w, https:\/\/customacrylicproduct.com\/wp-content\/uploads\/2025\/07\/Acrylic-Sheet-1-2-768x768.jpg 768w, https:\/\/customacrylicproduct.com\/wp-content\/uploads\/2025\/07\/Acrylic-Sheet-1-2-600x600.jpg 600w, https:\/\/customacrylicproduct.com\/wp-content\/uploads\/2025\/07\/Acrylic-Sheet-1-2-100x100.jpg 100w\" sizes=\"(max-width: 900px) 100vw, 900px\" \/><\/p>\n<h4 id=\"-an-unparalleled-spectrum-of-shade-\"><strong>Ein unvergleichliches Spektrum an Farbt\u00f6nen<\/strong><\/h4>\n<p>Das eigentliche Herzst\u00fcck unserer Kollektion ist die Kraft der Farbe. Die Bilder zeigen eine gro\u00dfartige Vielfalt sorgf\u00e4ltig ausgew\u00e4hlter Farbt\u00f6ne, die sowohl als praktischer Follower-Deck als auch als raffinierte Reihen aufbereitet sind und die schiere Breite Ihrer Alternativen demonstrieren. Unsere Farbkollektion wurde entwickelt, um zu motivieren und auszustatten, und geht auf jede Gestaltungssprache und visuelle Wahrnehmung ein.<\/p>\n<ul>\n<li><strong>Lebendig &amp; Lebendig:\u00a0<\/strong>Studieren Sie eine Auswahl an beeindruckenden Haupt- und Sekund\u00e4rfarben. Denken Sie an leuchtende Feuerrot-T\u00f6ne, tiefe Kobaltblau-T\u00f6ne, sonnige Gelb-T\u00f6ne und \u00fcppige Smaragd-T\u00f6ne. Diese Farbt\u00f6ne sind ideal, um ein Statement abzugeben, auff\u00e4llige Beschilderungen zu erstellen, temperamentvolle Gegenst\u00e4nde zu gestalten oder jedem Raum einen Hauch von Kraft zu verleihen. Ihre reiche S\u00e4ttigung und ihr gleichm\u00e4\u00dfiger Farbton sorgen daf\u00fcr, dass Ihr letztes St\u00fcck eindrucksvoll und bemerkenswert ist.<\/li>\n<li><strong>Subtile und raffinierte Pastellt\u00f6ne:\u00a0<\/strong>F\u00fcr Arbeiten, die einen sanfteren, viel edleren Touch erfordern, entdecken Sie unser umfassendes Angebot an Pastellt\u00f6nen. Von zartem Lavendel und ruhigem Mintgr\u00fcn bis hin zu gem\u00fctlichem Rouge-Rosa und \u00fcppiger Buttermilch zeigen diese Farben eine moderne, fortschrittliche Sch\u00f6nheit. Sie eignen sich hervorragend f\u00fcr hochwertige Einzelhandelsauslagen, moderne Einrichtungsgegenst\u00e4nde, Hochzeitsdekorationen und minimalistische Arbeiten, bei denen es auf Subtilit\u00e4t ankommt.<\/li>\n<li><strong>Satte &amp; erdige T\u00f6ne:\u00a0<\/strong>Erden Sie Ihre Entw\u00fcrfe mit unserer Kollektion von tiefen, nat\u00fcrlichen und neutralen T\u00f6nen. Entdecken Sie gem\u00fctliche Ockert\u00f6ne, tiefe Burgundert\u00f6ne, innovative Beiget\u00f6ne und eine Reihe von Graut\u00f6nen, die von hellem Schiefer bis zu tiefem Anthrazit reichen. Diese Farben bieten eine zeitlose Anziehungskraft, die sich am besten f\u00fcr architektonische Aspekte, Unternehmensbranding und Luxusartikelverpackungen eignet.<\/li>\n<li><strong>Unverzichtbare Neutrale:\u00a0<\/strong>Keine Palette ist vollst\u00e4ndig ohne die Grundlagen. Wir bieten die knackigsten, opaksten Wei\u00dft\u00f6ne und die tiefsten, gl\u00e4nzendsten Schwarzt\u00f6ne und damit die beste Leinwand oder den besten Vergleich f\u00fcr Ihren Auftrag.<\/li>\n<\/ul>\n<p>Jede Farbe ist auf Harmonie und Lebendigkeit ausgelegt, um zu gew\u00e4hrleisten, dass das Muster, das Sie in der Hand halten, ein echtes Abbild des kompletten Bogens ist, den Sie erhalten werden.<\/p>\n<p><img decoding=\"async\" class=\"wp-image-1582 size-large aligncenter\" src=\"https:\/\/customacrylicproduct.com\/wp-content\/uploads\/2025\/07\/Acrylic-Sheet-2-2-1024x576.jpg\" alt=\"Acrylglasplatte (2)\" width=\"1024\" height=\"576\" srcset=\"https:\/\/customacrylicproduct.com\/wp-content\/uploads\/2025\/07\/Acrylic-Sheet-2-2-1024x576.jpg 1024w, https:\/\/customacrylicproduct.com\/wp-content\/uploads\/2025\/07\/Acrylic-Sheet-2-2-300x169.jpg 300w, https:\/\/customacrylicproduct.com\/wp-content\/uploads\/2025\/07\/Acrylic-Sheet-2-2-768x432.jpg 768w, https:\/\/customacrylicproduct.com\/wp-content\/uploads\/2025\/07\/Acrylic-Sheet-2-2-1536x864.jpg 1536w, https:\/\/customacrylicproduct.com\/wp-content\/uploads\/2025\/07\/Acrylic-Sheet-2-2-600x338.jpg 600w, https:\/\/customacrylicproduct.com\/wp-content\/uploads\/2025\/07\/Acrylic-Sheet-2-2.jpg 1920w\" sizes=\"(max-width: 1024px) 100vw, 1024px\" \/><\/p>\n<h4 id=\"-beyond-color-exploring-a-world-of-various-design-\"><strong>Jenseits von Farbe: Erkundung einer Welt des \u201cVarious Design\u201d<\/strong><\/h4>\n<p>Unser Engagement f\u00fcr Ver\u00e4nderungen geht weit \u00fcber die Farbpalette hinaus. Das \u201cNumerous Design\u201d in unserem Artikelnamen steht f\u00fcr eine breite Palette von Beschichtungen und Ergebnissen, die es Ihnen erm\u00f6glichen, das Aussehen, die Offenheit und die Kommunikation des Materials mit dem Licht anzupassen.<\/p>\n<ul>\n<li><strong>Traditioneller Glanz:\u00a0<\/strong>Die auff\u00e4lligste Option ist unsere Hochglanzoberfl\u00e4che, die eine glatte, moderne und reflektierende Oberfl\u00e4che bietet, die die Farbt\u00f6ne hervorhebt. Wie auf vielen Mustern zu sehen ist, ist diese Oberfl\u00e4che flexibel, leicht zu reinigen und ideal f\u00fcr einen polierten, professionellen Look.<\/li>\n<li><strong>Elegant matt und mattiert:\u00a0<\/strong>F\u00fcr einen besonders ged\u00e4mpften und modernen Eindruck w\u00e4hlen Sie eine matte oder gefrostete Beschichtung. Mattes Acryl verringert die Blendwirkung, verbirgt Fingerabdr\u00fccke und bietet eine weiche, samtige Textur. Mattes Acryl bietet eine au\u00dfergew\u00f6hnliche Lichtstreuung und ist damit eine hervorragende Wahl f\u00fcr pers\u00f6nliche Sichtschutzdisplays, Beleuchtungsanwendungen und anspruchsvolle Displays.<\/li>\n<li><strong>Die Magie von Prismatic:\u00a0<\/strong>Die Auswahl \u201cPrismatisch\u201d ist der Punkt, an dem sich unser Acrylglas wirklich ver\u00e4ndert. Diese Platten weisen eine fein strukturierte Oberfl\u00e4che auf, typischerweise mit einem mikropyramidenf\u00f6rmigen oder linearen Muster. Diese Struktur f\u00e4ngt das Umgebungslicht meisterhaft ein und bricht es, so dass ein erstaunlicher, regenbogenartiger Effekt entsteht, der sich \u00e4ndert und schimmert, wenn sich der Betrachtungswinkel \u00e4ndert. Prismatisches Polymer ist ein echter Blickfang und eignet sich perfekt f\u00fcr Funktionsw\u00e4nde, attraktive Paneele, Beleuchtungsk\u00f6rper, Kunstinstallationen und jede Art von Projekt, das fesseln und faszinieren soll.<\/li>\n<li><strong>Spezielle Muster und Effekte:\u00a0<\/strong>Wie das reizvolle gepunktete Beispiel auf den Fotos zeigt, bieten wir eine Vielzahl von Spezialdesigns an. Stellen Sie sich Bleche vor, die mit glitzernden Bits f\u00fcr einen Hauch von Glamour sorgen, perlmuttartige Bleche, die mit einem opalisierenden Glanz funkeln, oder marmorierte Muster, die die zeitlose Sch\u00f6nheit von Naturgestein nachahmen. Wir k\u00f6nnen mit Ihnen zusammenarbeiten, um ma\u00dfgeschneiderte Muster, Erscheinungsbilder und Einsprengsel zu entwickeln, die Ihr Projekt wirklich unverwechselbar machen.<\/li>\n<\/ul>\n<p><img decoding=\"async\" class=\"wp-image-1584 size-large aligncenter\" src=\"https:\/\/customacrylicproduct.com\/wp-content\/uploads\/2025\/07\/Acrylic-Sheet-4-1-1024x576.jpg\" alt=\"Acrylglasplatten (4)\" width=\"1024\" height=\"576\" srcset=\"https:\/\/customacrylicproduct.com\/wp-content\/uploads\/2025\/07\/Acrylic-Sheet-4-1-1024x576.jpg 1024w, https:\/\/customacrylicproduct.com\/wp-content\/uploads\/2025\/07\/Acrylic-Sheet-4-1-300x169.jpg 300w, https:\/\/customacrylicproduct.com\/wp-content\/uploads\/2025\/07\/Acrylic-Sheet-4-1-768x432.jpg 768w, https:\/\/customacrylicproduct.com\/wp-content\/uploads\/2025\/07\/Acrylic-Sheet-4-1-1536x864.jpg 1536w, https:\/\/customacrylicproduct.com\/wp-content\/uploads\/2025\/07\/Acrylic-Sheet-4-1-600x338.jpg 600w, https:\/\/customacrylicproduct.com\/wp-content\/uploads\/2025\/07\/Acrylic-Sheet-4-1.jpg 1920w\" sizes=\"(max-width: 1024px) 100vw, 1024px\" \/><\/p>\n<h4 id=\"-the-prevalence-of-acrylic-high-quality-you-can-build-on-\"><strong>Die Vorherrschaft von Acryl: Hohe Qualit\u00e4t, auf die man bauen kann<\/strong><\/h4>\n<p>Unsere Platten werden aus hochwertigem Poly(methylmethacrylat), kurz PMMA, hergestellt, einem Produkt, das f\u00fcr seine au\u00dfergew\u00f6hnlichen Eigenschaften im Wohn- und Gesch\u00e4ftsbereich bekannt ist.<\/p>\n<ul>\n<li><strong>Leicht und resistent gegen Einfl\u00fcsse:\u00a0<\/strong>Polymer ist wesentlich leichter als Glas, weist aber eine bis zu 17-mal h\u00f6here Widerstandsf\u00e4higkeit auf, was die Handhabung, den Transport und die Installation wesentlich sicherer und weniger kompliziert macht.<\/li>\n<li><strong>M\u00fchelose Herstellung:\u00a0<\/strong>Acryl ist ein Traumwerkstoff f\u00fcr Designer und Hersteller. Es l\u00e4sst sich leicht schneiden, bohren, beschriften, mit W\u00e4rme biegen und auf eine kristallklare Seite polieren. Es eignet sich hervorragend f\u00fcr Laserschneider und erm\u00f6glicht komplexe Muster und exakte Formen.<\/li>\n<li><strong>Optische Qualit\u00e4t und Wetterbest\u00e4ndigkeit:\u00a0<\/strong>Unser Acryl bietet eine hervorragende Lichtdurchl\u00e4ssigkeit und optische Klarheit. Es ist von Natur aus UV-stabil und vergilbt daher nicht und wird bei Au\u00dfenanwendungen nicht schwach, was es zu einer zuverl\u00e4ssigen Wahl f\u00fcr langlebige Schilder und Geb\u00e4udefunktionen macht.<\/li>\n<\/ul>\n<h4 id=\"-limitless-applications-the-only-limit-is-your-creative-imagination-\"><strong>Grenzenlose Anwendungen: Die einzige Grenze ist Ihre kreative Vorstellungskraft<\/strong><\/h4>\n<p>Die Anpassungsf\u00e4higkeit unserer ma\u00dfgeschneiderten Acrylplatten macht sie zum optimalen Produkt f\u00fcr eine unbegrenzte Liste von Anwendungen in vielen Bereichen.<\/p>\n<ul>\n<li><strong>Architekten und Innenarchitekten:\u00a0<\/strong>Gestalten Sie aufsehenerregende Wandfl\u00e4chen, langlebige Trennw\u00e4nde, individuelle M\u00f6bel, modische Aufkantungen und unterschiedliche Beleuchtungselemente.<\/li>\n<li><strong>Einzelh\u00e4ndler und Visual Merchandiser:\u00a0<\/strong>Erstellen Sie fesselnde Point-of-Sale-Displays, Artikelst\u00e4nder, Markenschilder und komplette Ladenkomponenten, die Ihre Markenidentifikation verbessern.<\/li>\n<li><strong>K\u00fcnstler &amp; Macher:\u00a0<\/strong>Entwerfen Sie detaillierten, kostbaren Schmuck, lebendige Schl\u00fcsselanh\u00e4nger (genau wie unsere Beispielmuster!), Heimdekorationsprodukte, Skulpturen und Mixed-Media-Kunstwerke.<\/li>\n<li><strong>Planer f\u00fcr Anl\u00e4sse:\u00a0<\/strong>Wir fertigen personalisierte Beschilderungen, attraktive Komponenten, Tischnummern und einzigartige Kulissen f\u00fcr Hochzeiten, Firmenveranstaltungen und Fachkongresse an.<\/li>\n<li><strong>Produktdesigner und -ingenieure:\u00a0<\/strong>Prototyping und Herstellung von haltbaren und kosmetisch ansprechenden Artikelabdeckungen, Frontplatten und praktischen Teilen.<\/li>\n<\/ul>\n<h4 id=\"-your-vision-personalized-\"><strong>Ihre Vision, personalisiert<\/strong><\/h4>\n<p>Unser Unternehmen glaubt an ein kollektives Verfahren. Die auf den Fotos gezeigten Muster sind mehr als nur ein Katalog; sie sind ein Hilfsmittel. Sie erm\u00f6glichen es Ihnen, die Farben und Oberfl\u00e4chen zu sehen und wirklich zu f\u00fchlen, um eine ideale Anpassung und Produktauswahl zu gew\u00e4hrleisten, bevor Sie sich einer gr\u00f6\u00dferen Bestellung widmen. Wir bieten unsere Acrylplatten in einer Vielzahl von Standardst\u00e4rken und -gr\u00f6\u00dfen an und konzentrieren uns auf kundenspezifische Bestellungen. Ganz gleich, ob Sie einen bestimmten Pantone ben\u00f6tigen, einen einzigartigen Zuschnitt oder ein individuelles Muster, unsere Mitarbeiter helfen Ihnen, Ihre spezifischen Anforderungen in ein konkretes Produkt umzusetzen.<\/p>\n<p>Entfesseln Sie Ihre Kreativit\u00e4t und verbessern Sie Ihre Arbeit mit einem Material, das sowohl attraktiv als auch leistungsstark ist. Erkunden Sie unser Kaleidoskop an Farbt\u00f6nen, experimentieren Sie mit unseren verschiedenen Designs und entdecken Sie den Unterschied, den die Kosten f\u00fcr ma\u00dfgeschneidertes Acrylglas ausmachen k\u00f6nnen.\u00a0<strong>Setzen Sie sich noch heute mit uns in Verbindung, um ein Beispielpaket anzufordern oder die besonderen Anforderungen Ihres n\u00e4chsten Projekts zu besprechen.<\/strong><\/p>","protected":false},"excerpt":{"rendered":"<p class=\"ng-star-inserted\"><span class=\"ng-star-inserted\">Entdecken Sie unsere ma\u00dfgefertigten Acrylglasplatten, die in einem Regenbogen von leuchtenden Farben, Oberfl\u00e4chen und prismatischen Formen erh\u00e4ltlich sind. Perfekt f\u00fcr Laserschnitt, Beschilderung, Displays und kreative Projekte. Wir schneiden nach Ihren genauen Spezifikationen.<\/span><\/p>","protected":false},"featured_media":1581,"template":"","meta":{"_kad_post_transparent":"default","_kad_post_title":"","_kad_post_layout":"default","_kad_post_sidebar_id":"","_kad_post_content_style":"default","_kad_post_vertical_padding":"default","_kad_post_feature":"","_kad_post_feature_position":"","_kad_post_header":false,"_kad_post_footer":false,"_kad_post_classname":""},"product_brand":[],"product_cat":[24],"product_tag":[74],"class_list":{"0":"post-1580","1":"product","2":"type-product","3":"status-publish","4":"has-post-thumbnail","6":"product_cat-custom-acrylic-sheets","7":"product_tag-custom-acrylic-sheets","9":"first","10":"instock","11":"shipping-taxable","12":"product-type-simple","13":"entry","14":"content-bg","15":"loop-entry"},"_links":{"self":[{"href":"https:\/\/customacrylicproduct.com\/de\/wp-json\/wp\/v2\/product\/1580","targetHints":{"allow":["GET"]}}],"collection":[{"href":"https:\/\/customacrylicproduct.com\/de\/wp-json\/wp\/v2\/product"}],"about":[{"href":"https:\/\/customacrylicproduct.com\/de\/wp-json\/wp\/v2\/types\/product"}],"wp:featuredmedia":[{"embeddable":true,"href":"https:\/\/customacrylicproduct.com\/de\/wp-json\/wp\/v2\/media\/1581"}],"wp:attachment":[{"href":"https:\/\/customacrylicproduct.com\/de\/wp-json\/wp\/v2\/media?parent=1580"}],"wp:term":[{"taxonomy":"product_brand","embeddable":true,"href":"https:\/\/customacrylicproduct.com\/de\/wp-json\/wp\/v2\/product_brand?post=1580"},{"taxonomy":"product_cat","embeddable":true,"href":"https:\/\/customacrylicproduct.com\/de\/wp-json\/wp\/v2\/product_cat?post=1580"},{"taxonomy":"product_tag","embeddable":true,"href":"https:\/\/customacrylicproduct.com\/de\/wp-json\/wp\/v2\/product_tag?post=1580"}],"curies":[{"name":"wp","href":"https:\/\/api.w.org\/{rel}","templated":true}]}}