{"id":1585,"date":"2025-07-22T07:18:09","date_gmt":"2025-07-22T07:18:09","guid":{"rendered":"https:\/\/customacrylicproduct.com\/?post_type=product&#038;p=1585"},"modified":"2025-07-22T07:18:10","modified_gmt":"2025-07-22T07:18:10","slug":"color-crystal-trophy-custom-color-acrylic-trophy-awards","status":"publish","type":"product","link":"https:\/\/customacrylicproduct.com\/de\/color-crystal-trophy-custom-color-acrylic-trophy-awards\/","title":{"rendered":"Farbe Kristall Troph\u00e4e Benutzerdefinierte Farbe Acryl Troph\u00e4e Auszeichnungen"},"content":{"rendered":"<h3 id=\"-celebrate-excellence-in-dazzling-shade-the-pinnacle-collection-personalized-crystal-and-polymer-prize-\"><strong>Feiern Sie herausragende Leistungen in einem schillernden Farbton: Der personalisierte Kristall- und Polymerpreis der Pinnacle Collection<\/strong><\/h3>\n<p>Es gibt Momente, die mehr verlangen als eine gew\u00f6hnliche Plakette oder eine gew\u00f6hnliche Tasse. Sie erfordern ein Statement - ein Kunstwerk, das so besonders, lebendig und bedeutend ist wie der Erfolg, f\u00fcr den es steht. Wir pr\u00e4sentieren die Peak Series Custom-made Crystal and Polymer Trophy, eine meisterhaft gefertigte Auszeichnung, die die Bedeutung von Meilensteinen festh\u00e4lt, Hingabe ehrt und Erfolge in atemberaubenden Details w\u00fcrdigt.<\/p>\n<p>Es handelt sich nicht nur um eine Troph\u00e4e, sondern um eine Leinwand f\u00fcr Ihre Geschichte. Sie ist die physische Verk\u00f6rperung von Respekt, eine konkrete Darstellung einer Reise und ein langfristiges Zeichen von Exzellenz, das sicherlich gerne gezeigt und ein Leben lang gesch\u00e4tzt wird.<\/p>\n<p><img fetchpriority=\"high\" decoding=\"async\" class=\"size-full wp-image-1586\" src=\"https:\/\/customacrylicproduct.com\/wp-content\/uploads\/2025\/07\/Acrylic-Trophy-Awards-1-1.jpg\" alt=\"Troph\u00e4en aus Acryl (1)\" width=\"800\" height=\"800\" srcset=\"https:\/\/customacrylicproduct.com\/wp-content\/uploads\/2025\/07\/Acrylic-Trophy-Awards-1-1.jpg 800w, https:\/\/customacrylicproduct.com\/wp-content\/uploads\/2025\/07\/Acrylic-Trophy-Awards-1-1-300x300.jpg 300w, https:\/\/customacrylicproduct.com\/wp-content\/uploads\/2025\/07\/Acrylic-Trophy-Awards-1-1-150x150.jpg 150w, https:\/\/customacrylicproduct.com\/wp-content\/uploads\/2025\/07\/Acrylic-Trophy-Awards-1-1-768x768.jpg 768w, https:\/\/customacrylicproduct.com\/wp-content\/uploads\/2025\/07\/Acrylic-Trophy-Awards-1-1-600x600.jpg 600w, https:\/\/customacrylicproduct.com\/wp-content\/uploads\/2025\/07\/Acrylic-Trophy-Awards-1-1-100x100.jpg 100w\" sizes=\"(max-width: 800px) 100vw, 800px\" \/><\/p>\n<h4 id=\"-a-symphony-of-modern-design-and-classic-elegance-\"><strong>Eine Symphonie aus modernem Design und klassischer Eleganz<\/strong><\/h4>\n<p>Der erste Eindruck des Pinnacle-Preises ist der einer dynamischen, zeitgen\u00f6ssischen Raffinesse. Seine einzigartige, geb\u00e4udeartige Form hebt ihn schnell von typischen Auszeichnungen ab. Der Stil ist eine gro\u00dfartige Verschmelzung zweier einzigartiger Komponenten, die einen vielschichtigen, dreidimensionalen Effekt erzeugen, der sowohl \u00e4sthetisch beeindruckend als auch symboltr\u00e4chtig ist.<\/p>\n<ol>\n<li><strong>Die kr\u00f6nende Zahl:\u00a0<\/strong>An der Spitze der Troph\u00e4e befindet sich eine starke, elegante Zahl (z. B. \u201c5\u201d, \u201c10\u201d, \u201c20\u201d), die als prompte Kennzeichnung des Wendepunkts dient. In einer dynamischen, pinselstrichartigen Schrift und auf einer dezent strukturierten silbernen Geschichte platziert, scheint diese Komponente \u00fcber dem Text zu schweben. Es steht f\u00fcr den H\u00f6hepunkt der Errungenschaft, den H\u00f6hepunkt jahrelanger Initiative und den spezifischen Hochzeitstag oder die Punkte, an die erinnert wird.<\/li>\n<li><strong>Der prismatische K\u00f6rper:\u00a0<\/strong>Der Hauptk\u00f6rper des Honor ist ein schlankes, kantiges Flugzeug aus modernstem Acryl, das mit einer bemerkenswerten Schr\u00e4ge pr\u00e4zisionsgeschnitten wurde. Hier kommt die Magie der Individualisierung erst richtig zum Tragen. Im Gegensatz zur Standardgravur verwenden wir den innovativen Vollfarb-UV-Druck, um das Acryl mit einem gro\u00dfartigen, hochaufl\u00f6senden grafischen Hintergrund zu versehen. Wie in den Beispielen zu sehen ist, kann dieser Hintergrund von einem tiefen Gesch\u00e4ftsblau, das f\u00fcr Sicherheit und Vertrauen steht (wie bei der SONAX Auszeichnung zum 20-j\u00e4hrigen Jubil\u00e4um), bis zu einem intensiven Sonnenuntergang mit einem Farbverlauf aus Orange und Gr\u00fcnt\u00f6nen variieren, der eine gemeinsame Reise symbolisiert (die 5. Auszeichnung \u201cMiteinander reisen\u201d), oder ein leuchtender Nebel aus Magenta, Gold und Violett f\u00fcr die Auszeichnung \u201cHerausragender Beitrag\u201d, der Kreativit\u00e4t und lebendige Kraft zeigt. Dieser Hintergrund ist nicht nur dekorativ, sondern gibt den psychologischen Ton f\u00fcr das gesamte Werk an.<\/li>\n<li><strong>Das kristalline Fundament:\u00a0<\/strong>Jeder wunderbare Erfolg basiert auf einem soliden Fundament, und das ist auch bei dieser Troph\u00e4e nicht anders. Die gesamte Struktur wird von einer betr\u00e4chtlichen, makellos klaren K9-Kristallbasis verankert. Das K9-Kristall ist f\u00fcr seine ph\u00e4nomenale Reinheit, seinen Glanz und sein angenehmes Gewicht bekannt und bietet ein erstklassiges Gef\u00fchl und sicheren Halt. Seine sorgf\u00e4ltig abgeschr\u00e4gten Kanten fangen das Licht ein und brechen es, so dass aus jedem Blickwinkel eine atemberaubende Darstellung entsteht und das moderne Layout einen Hauch von klassischer, zeitloser Hochwertigkeit erh\u00e4lt.<\/li>\n<\/ol>\n<p><img decoding=\"async\" class=\"size-full wp-image-1589\" src=\"https:\/\/customacrylicproduct.com\/wp-content\/uploads\/2025\/07\/Acrylic-Trophy-Awards-4-1.jpg\" alt=\"Troph\u00e4en aus Acryl (4)\" width=\"800\" height=\"800\" srcset=\"https:\/\/customacrylicproduct.com\/wp-content\/uploads\/2025\/07\/Acrylic-Trophy-Awards-4-1.jpg 800w, https:\/\/customacrylicproduct.com\/wp-content\/uploads\/2025\/07\/Acrylic-Trophy-Awards-4-1-300x300.jpg 300w, https:\/\/customacrylicproduct.com\/wp-content\/uploads\/2025\/07\/Acrylic-Trophy-Awards-4-1-150x150.jpg 150w, https:\/\/customacrylicproduct.com\/wp-content\/uploads\/2025\/07\/Acrylic-Trophy-Awards-4-1-768x768.jpg 768w, https:\/\/customacrylicproduct.com\/wp-content\/uploads\/2025\/07\/Acrylic-Trophy-Awards-4-1-600x600.jpg 600w, https:\/\/customacrylicproduct.com\/wp-content\/uploads\/2025\/07\/Acrylic-Trophy-Awards-4-1-100x100.jpg 100w\" sizes=\"(max-width: 800px) 100vw, 800px\" \/><\/p>\n<h4 id=\"-the-unmatched-power-of-modification-\"><strong>Die un\u00fcbertroffene Kraft der Modifikation<\/strong><\/h4>\n<p>Der wahre Wert der Apex-Serie liegt in den nahezu unbegrenzten M\u00f6glichkeiten der Personalisierung. Unser Unternehmen ist der Meinung, dass eine Auszeichnung die besondere Sprache Ihrer Organisation, Veranstaltung oder Partnerschaft sprechen sollte. Unser kollektiver Designprozess erm\u00f6glicht es Ihnen, jedes Element der Troph\u00e4e so zu gestalten, dass ein einzigartiges Meisterwerk entsteht.<\/p>\n<ul>\n<li><strong>Gedenken an jede Art von Wendepunkt:\u00a0<\/strong>W\u00e4hrend die Fotos 5, 10 und 20 Jahre zeigen, kann die kr\u00f6nende Zahl f\u00fcr jede Art von Anlass angepasst werden - vom ersten Jahrestag bis zum 50.<\/li>\n<li><strong>Informieren Sie Ihre Erz\u00e4hlung mit Text:\u00a0<\/strong>Das Gesicht der Troph\u00e4e ist Ihre Anschlagtafel.<\/li>\n<li><strong>Titel der Auszeichnung:\u00a0<\/strong>Nennen Sie die Auszeichnung klar und deutlich, z. B. \u201cSuperior Contribution Honor (\u6770\u51fa\u8d21\u732e\u5956)\u201d, \u201cLoyalty Award (\u4e00\u8def\u540c\u884c\u5956)\u201d oder \u201cPionier des Jahres\u201d.<\/li>\n<li><strong>Name des Empf\u00e4ngers:\u00a0<\/strong>Bieten Sie der zu feiernden Person oder Gruppe pers\u00f6nliche Anerkennung.<\/li>\n<li><strong>Inspirierende Botschaft oder Slogan:\u00a0<\/strong>F\u00fcgen Sie ein Firmenmotto wie \u201cTHINK HARD FUNCTION SMART\u201d oder eine herzliche Botschaft wie \u201cZwanzig Jahre lang marschiert, ohne aufzugeben, zu einem brandneuen Kapitel der Ehre mit einander\u201d ein.<\/li>\n<li><strong>Daten, Informationen und Fakten:\u00a0<\/strong>Chronik des bestimmten Tages der Leistung oder der Dienstzeit, um den Moment f\u00fcr immer zu markieren.<\/li>\n<li><strong>Integrieren Sie Ihre Markenidentifikation:\u00a0<\/strong>Integrieren Sie das Logo Ihres Unternehmens, Ihrer Universit\u00e4t oder Ihres Anlasses perfekt in das Design. Wie bei den Beispielen \u201cSONAX\u201d und \u201cXilin College\u201d wird das Logo zum Hauptbestandteil der Identifikation des Preises und st\u00e4rkt den Stolz auf den Markennamen und die Zugeh\u00f6rigkeit.<\/li>\n<li><strong>Eine Palette von M\u00f6glichkeiten:\u00a0<\/strong>Die Hintergrundfarbe und das Design sind vollst\u00e4ndig anpassbar. Passen Sie die Farben Ihres Unternehmens an, greifen Sie den Stil einer Veranstaltung auf oder w\u00e4hlen Sie einen Stil, der die Individualit\u00e4t des Empf\u00e4ngers widerspiegelt. Unser Layout-Team kann mit Ihnen zusammenarbeiten, um eine individuelle Geschichte zu erstellen, die sowohl sch\u00f6n als auch zweckm\u00e4\u00dfig ist<\/li>\n<\/ul>\n<p><img decoding=\"async\" class=\"size-full wp-image-1588\" src=\"https:\/\/customacrylicproduct.com\/wp-content\/uploads\/2025\/07\/Acrylic-Trophy-Awards-3-1.jpg\" alt=\"Troph\u00e4en aus Acryl (3)\" width=\"800\" height=\"800\" srcset=\"https:\/\/customacrylicproduct.com\/wp-content\/uploads\/2025\/07\/Acrylic-Trophy-Awards-3-1.jpg 800w, https:\/\/customacrylicproduct.com\/wp-content\/uploads\/2025\/07\/Acrylic-Trophy-Awards-3-1-300x300.jpg 300w, https:\/\/customacrylicproduct.com\/wp-content\/uploads\/2025\/07\/Acrylic-Trophy-Awards-3-1-150x150.jpg 150w, https:\/\/customacrylicproduct.com\/wp-content\/uploads\/2025\/07\/Acrylic-Trophy-Awards-3-1-768x768.jpg 768w, https:\/\/customacrylicproduct.com\/wp-content\/uploads\/2025\/07\/Acrylic-Trophy-Awards-3-1-600x600.jpg 600w, https:\/\/customacrylicproduct.com\/wp-content\/uploads\/2025\/07\/Acrylic-Trophy-Awards-3-1-100x100.jpg 100w\" sizes=\"(max-width: 800px) 100vw, 800px\" \/><\/p>\n<h4 id=\"-workmanship-that-withstands-\"><strong>Verarbeitung, die standh\u00e4lt<\/strong><\/h4>\n<p>Jede Pinnacle-Troph\u00e4e ist ein Produkt sorgf\u00e4ltiger Verarbeitung und anspruchsvoller Innovation. Das Polymer in optischer Qualit\u00e4t wird aufgrund seiner Widerstandsf\u00e4higkeit und Zerst\u00f6rungsresistenz ausgew\u00e4hlt, um zu gew\u00e4hrleisten, dass die Troph\u00e4e \u00fcber Jahre hinweg makellos bleibt. Unser innovatives UV-Druckverfahren h\u00e4rtet die Tinte direkt auf der Oberfl\u00e4che aus, wodurch eine lebendige, verblassungsbest\u00e4ndige und leicht strukturierte Beschichtung entsteht, die Sie sehen und f\u00fchlen k\u00f6nnen. Die K9-Kristallbasis wird von Hand poliert, um einen makellosen, diamant\u00e4hnlichen Glanz zu erzielen. Der Zusammenbau dieser Elemente ist pr\u00e4zise und sorgt f\u00fcr ein glattes und strukturell einwandfreies Endprodukt, das sich in der Hand genauso gut anf\u00fchlt, wie es im Regal aussieht.<\/p>\n<h4 id=\"-versatile-for-each-occasion-of-quality-\"><strong>Vielseitig f\u00fcr jeden Anlass von Qualit\u00e4t<\/strong><\/h4>\n<p>Der Preis der Apex-Kollektion ist die beste Wahl f\u00fcr eine Vielzahl von Anl\u00e4ssen und Anerkennungen:.<\/p>\n<ul>\n<li><strong>Firmenjubil\u00e4en und Meilensteine:\u00a0<\/strong>W\u00fcrdigen Sie die Tradition Ihres Unternehmens und die engagierten Mitarbeiter, die sie erm\u00f6glicht haben.<\/li>\n<li><strong>Programme zur Anerkennung von Arbeitnehmern:\u00a0<\/strong>Feiern Sie Top-Entertainer, Verkaufschampions, Mitarbeiter, die in den Ruhestand gehen, und \u201cMitarbeiter des Monats\u201d mit einer Auszeichnung, die ihren Wert unterstreicht.<\/li>\n<li><strong>Wertsch\u00e4tzung f\u00fcr Mitarbeiter und Kunden:\u00a0<\/strong>Bedanken Sie sich bei wichtigen Partnern, Einschreibern und treuen Kunden mit einem raffinierten Geschenk, das Ihre fachliche Verbindung festigt.<\/li>\n<li><strong>Akademische und institutionelle Ehrungen:\u00a0<\/strong>W\u00fcrdigung au\u00dfergew\u00f6hnlicher Lehrkr\u00e4fte, differenzierter ehemaliger Studenten, innovativer Studieng\u00e4nge und der Leistungen von Auszubildenden.<\/li>\n<li><strong>Auszeichnungen f\u00fcr gemeinn\u00fctzige Organisationen und Gebiete:\u00a0<\/strong>Anerkennung der wichtigen Leistungen von Freiwilligen, Spendern und f\u00fchrenden Pers\u00f6nlichkeiten der Gemeinschaft.<\/li>\n<li><strong>Pers\u00f6nliche Anl\u00e4sse:\u00a0<\/strong>Erinnern Sie sich an pers\u00f6nliche Jubil\u00e4en und Errungenschaften mit einem besonderen und dauerhaften Erinnerungsst\u00fcck.<\/li>\n<\/ul>\n<p>Die ma\u00dfgeschneiderte Kristall- und Acryltroph\u00e4e der Apex-Serie ist mehr als nur eine Auszeichnung. Sie ist ein Zeugnis f\u00fcr die Idee, dass eine Leistung es verdient, gesehen, gew\u00fcrdigt und in Erinnerung behalten zu werden, und zwar in einem wunderbaren Farbton. Sie ist eine finanzielle Investition in den Geist, ein historisches Ereignis und ein wirksamer Anreiz f\u00fcr die Zukunft.<\/p>\n<p>Setzen Sie sich noch heute mit uns in Verbindung, um eine individuelle Auszeichnung anzufertigen, die Ihre einzigartige Erfolgsgeschichte erz\u00e4hlt.<\/p>","protected":false},"excerpt":{"rendered":"<p class=\"ng-star-inserted\"><span class=\"ng-star-inserted\">Honorieren Sie herausragende Leistungen mit unseren atemberaubenden Troph\u00e4en aus farbigem Kristall und Acrylglas. Vollst\u00e4ndig anpassbar mit Ihrem Logo, Text und einzigartigen Designs mit lebendigem Vollfarbdruck. Die perfekte moderne Auszeichnung f\u00fcr Firmenveranstaltungen, Jahrestage und besondere Leistungen. Elegant, langlebig und wirklich unvergesslich.<\/span><\/p>","protected":false},"featured_media":1586,"template":"","meta":{"_kad_post_transparent":"default","_kad_post_title":"","_kad_post_layout":"default","_kad_post_sidebar_id":"","_kad_post_content_style":"default","_kad_post_vertical_padding":"default","_kad_post_feature":"","_kad_post_feature_position":"","_kad_post_header":false,"_kad_post_footer":false,"_kad_post_classname":""},"product_brand":[],"product_cat":[19],"product_tag":[96,136],"class_list":{"0":"post-1585","1":"product","2":"type-product","3":"status-publish","4":"has-post-thumbnail","6":"product_cat-custom-acrylic-trophies-awards","7":"product_tag-acrylic-awards","8":"product_tag-custom-acrylic-trophy","10":"first","11":"instock","12":"shipping-taxable","13":"product-type-simple","14":"entry","15":"content-bg","16":"loop-entry"},"_links":{"self":[{"href":"https:\/\/customacrylicproduct.com\/de\/wp-json\/wp\/v2\/product\/1585","targetHints":{"allow":["GET"]}}],"collection":[{"href":"https:\/\/customacrylicproduct.com\/de\/wp-json\/wp\/v2\/product"}],"about":[{"href":"https:\/\/customacrylicproduct.com\/de\/wp-json\/wp\/v2\/types\/product"}],"wp:featuredmedia":[{"embeddable":true,"href":"https:\/\/customacrylicproduct.com\/de\/wp-json\/wp\/v2\/media\/1586"}],"wp:attachment":[{"href":"https:\/\/customacrylicproduct.com\/de\/wp-json\/wp\/v2\/media?parent=1585"}],"wp:term":[{"taxonomy":"product_brand","embeddable":true,"href":"https:\/\/customacrylicproduct.com\/de\/wp-json\/wp\/v2\/product_brand?post=1585"},{"taxonomy":"product_cat","embeddable":true,"href":"https:\/\/customacrylicproduct.com\/de\/wp-json\/wp\/v2\/product_cat?post=1585"},{"taxonomy":"product_tag","embeddable":true,"href":"https:\/\/customacrylicproduct.com\/de\/wp-json\/wp\/v2\/product_tag?post=1585"}],"curies":[{"name":"wp","href":"https:\/\/api.w.org\/{rel}","templated":true}]}}