{"id":379,"date":"2025-07-01T04:24:38","date_gmt":"2025-07-01T04:24:38","guid":{"rendered":"https:\/\/customacrylicproduct.com\/?post_type=product&#038;p=379"},"modified":"2025-07-02T12:34:12","modified_gmt":"2025-07-02T12:34:12","slug":"factory-price-uv-printing-cosmetic-custom-acrylic-display","status":"publish","type":"product","link":"https:\/\/customacrylicproduct.com\/de\/factory-price-uv-printing-cosmetic-custom-acrylic-display\/","title":{"rendered":"Fabrikpreis UV-Druck kosmetische benutzerdefinierte Acryl-Display"},"content":{"rendered":"<p>Steigern Sie Ihre Markenpr\u00e4senz mit unserem **Kosmetikdisplay aus Acryl mit UV-Druck**, das Funktionalit\u00e4t, Eleganz und Langlebigkeit in sich vereint. Hergestellt aus **umweltfreundlichem Acryl der G\u00fcteklasse A**, bietet dieser Displayst\u00e4nder au\u00dfergew\u00f6hnliche Festigkeit und eine lange Lebensdauer und stellt sicher, dass Ihre kosmetischen Produkte sowohl mit Stil als auch mit Zuverl\u00e4ssigkeit pr\u00e4sentiert werden.<\/p>\n<p>Was unser Display von anderen unterscheidet, ist die **hochtransparente Halterung**, die mit Hilfe von Flammtechniken pr\u00e4zisionspoliert wurde, um eine kristallklare Oberfl\u00e4che zu erzielen. Diese brillante Klarheit verbessert die Sichtbarkeit der Produkte und verleiht ihnen eine elegante, hochwertige Ausstrahlung, die m\u00fchelos die Blicke auf sich zieht - perfekt f\u00fcr Sch\u00f6nheitstheken, Einzelhandelsregale und Werbeveranstaltungen.<\/p>\n<figure id=\"attachment_382\" aria-describedby=\"caption-attachment-382\" style=\"width: 800px\" class=\"wp-caption aligncenter\"><a href=\"https:\/\/customacrylicproduct.com\/de\/custom-acrylic-displays\/\"><img fetchpriority=\"high\" decoding=\"async\" class=\"wp-image-382 size-full\" src=\"https:\/\/customacrylicproduct.com\/wp-content\/uploads\/2025\/07\/Factory-Price-UV-Printing-Cosmetic-Custom-Acrylic-Display-03.jpg\" alt=\"Individuelles Acryl-Display\" width=\"800\" height=\"800\" srcset=\"https:\/\/customacrylicproduct.com\/wp-content\/uploads\/2025\/07\/Factory-Price-UV-Printing-Cosmetic-Custom-Acrylic-Display-03.jpg 800w, https:\/\/customacrylicproduct.com\/wp-content\/uploads\/2025\/07\/Factory-Price-UV-Printing-Cosmetic-Custom-Acrylic-Display-03-300x300.jpg 300w, https:\/\/customacrylicproduct.com\/wp-content\/uploads\/2025\/07\/Factory-Price-UV-Printing-Cosmetic-Custom-Acrylic-Display-03-150x150.jpg 150w, https:\/\/customacrylicproduct.com\/wp-content\/uploads\/2025\/07\/Factory-Price-UV-Printing-Cosmetic-Custom-Acrylic-Display-03-768x768.jpg 768w, https:\/\/customacrylicproduct.com\/wp-content\/uploads\/2025\/07\/Factory-Price-UV-Printing-Cosmetic-Custom-Acrylic-Display-03-12x12.jpg 12w, https:\/\/customacrylicproduct.com\/wp-content\/uploads\/2025\/07\/Factory-Price-UV-Printing-Cosmetic-Custom-Acrylic-Display-03-600x600.jpg 600w, https:\/\/customacrylicproduct.com\/wp-content\/uploads\/2025\/07\/Factory-Price-UV-Printing-Cosmetic-Custom-Acrylic-Display-03-100x100.jpg 100w\" sizes=\"(max-width: 800px) 100vw, 800px\" \/><\/a><figcaption id=\"caption-attachment-382\" class=\"wp-caption-text\">Individuelles Acryl-Display<\/figcaption><\/figure>\n<p>Unser Display verf\u00fcgt au\u00dferdem \u00fcber einen **hochentwickelten, hochaufl\u00f6senden UV-Druck**, der eine lebendige Farbwiedergabe und gestochen scharfen Text erm\u00f6glicht, der im Laufe der Zeit nicht verblasst. Logos, Produktnamen oder Branding-Elemente erscheinen lebendiger und professioneller, wodurch Ihr Display in jeder Einzelhandelsumgebung hervorsticht. Das UV-Druckverfahren unterst\u00fctzt die Feinarbeit im Detail und sorgt daf\u00fcr, dass jede Schrift und jedes Bild scharf, sauber und \u00e4sthetisch ansprechend erscheint.<\/p>\n<p>Diese direkt in unserem Werk entworfene und hergestellte Display-L\u00f6sung kann vollst\u00e4ndig an die spezifischen Anforderungen Ihrer Marke angepasst werden - sei es in Form, Gr\u00f6\u00dfe oder Drucklayout - und ist somit ideal f\u00fcr Kosmetikunternehmen, die eine einzigartige und wirkungsvolle Pr\u00e4sentation suchen. Ganz gleich, ob Sie eine neue Produktlinie einf\u00fchren oder Ihr Verkaufsdisplay auffrischen m\u00f6chten, dieser Acrylst\u00e4nder bietet eine optisch beeindruckende und langlebige L\u00f6sung, die sowohl das Kundenerlebnis als auch die Sichtbarkeit der Produkte verbessert.<\/p>\n<p>Vertrauen Sie auf eine werkseitige L\u00f6sung, bei der Qualit\u00e4t, Nachhaltigkeit und markantes Design im Vordergrund stehen - alles in einem nahtlosen Paket.<\/p>","protected":false},"excerpt":{"rendered":"<p>Pr\u00e4sentieren Sie Ihre Kosmetika stilvoll mit unserem individuellen Acryl-Display aus umweltfreundlichem Acryl der G\u00fcteklasse A. Mit einer kristallklaren, flammenpolierten Halterung und einem hochaufl\u00f6senden UV-Druck bietet es einen eleganten Look, lebendige Grafiken und eine lange Lebensdauer - direkt ab Werk.<\/p>","protected":false},"featured_media":380,"template":"","meta":{"_kad_post_transparent":"default","_kad_post_title":"","_kad_post_layout":"default","_kad_post_sidebar_id":"","_kad_post_content_style":"default","_kad_post_vertical_padding":"default","_kad_post_feature":"","_kad_post_feature_position":"","_kad_post_header":false,"_kad_post_footer":false,"_kad_post_classname":""},"product_brand":[],"product_cat":[15],"product_tag":[34,33],"class_list":{"0":"post-379","1":"product","2":"type-product","3":"status-publish","4":"has-post-thumbnail","6":"product_cat-custom-acrylic-displays","7":"product_tag-cosmetic-acrylic-display","8":"product_tag-custom-acrylic-display","10":"first","11":"instock","12":"shipping-taxable","13":"product-type-simple","14":"entry","15":"content-bg","16":"loop-entry"},"_links":{"self":[{"href":"https:\/\/customacrylicproduct.com\/de\/wp-json\/wp\/v2\/product\/379","targetHints":{"allow":["GET"]}}],"collection":[{"href":"https:\/\/customacrylicproduct.com\/de\/wp-json\/wp\/v2\/product"}],"about":[{"href":"https:\/\/customacrylicproduct.com\/de\/wp-json\/wp\/v2\/types\/product"}],"wp:featuredmedia":[{"embeddable":true,"href":"https:\/\/customacrylicproduct.com\/de\/wp-json\/wp\/v2\/media\/380"}],"wp:attachment":[{"href":"https:\/\/customacrylicproduct.com\/de\/wp-json\/wp\/v2\/media?parent=379"}],"wp:term":[{"taxonomy":"product_brand","embeddable":true,"href":"https:\/\/customacrylicproduct.com\/de\/wp-json\/wp\/v2\/product_brand?post=379"},{"taxonomy":"product_cat","embeddable":true,"href":"https:\/\/customacrylicproduct.com\/de\/wp-json\/wp\/v2\/product_cat?post=379"},{"taxonomy":"product_tag","embeddable":true,"href":"https:\/\/customacrylicproduct.com\/de\/wp-json\/wp\/v2\/product_tag?post=379"}],"curies":[{"name":"wp","href":"https:\/\/api.w.org\/{rel}","templated":true}]}}