{"id":439,"date":"2025-07-01T13:01:12","date_gmt":"2025-07-01T13:01:12","guid":{"rendered":"https:\/\/customacrylicproduct.com\/?post_type=product&#038;p=439"},"modified":"2025-07-02T12:21:48","modified_gmt":"2025-07-02T12:21:48","slug":"best-quality-wholesale-customized-acrylic-storage-boxes","status":"publish","type":"product","link":"https:\/\/customacrylicproduct.com\/de\/best-quality-wholesale-customized-acrylic-storage-boxes\/","title":{"rendered":"Beste Qualit\u00e4t Gro\u00dfhandel ma\u00dfgeschneiderte Acryl Lagerung Boxen"},"content":{"rendered":"<h1 id=\"the-architect-of-present-premium-wholesale-custom-made-acrylic-storage-space-boxes\">Der Architekt der Gegenwart: Premium-Gro\u00dfhandel ma\u00dfgeschneiderte Acryl-Stauraum-Boxen<\/h1>\n<p>Auf dem heutigen erschwinglichen Markt ist die Pr\u00e4sentation nicht einfach nur ein nachtr\u00e4glicher Gedanke; sie ist ein wesentliches Element der Markenidentit\u00e4t und des Wertverst\u00e4ndnisses. Aufbewahrungsl\u00f6sungen nach Kriterien, die in der Regel undurchsichtig, fadenscheinig oder unpassend sind, erf\u00fcllen nicht die Anforderungen von Unternehmen, die hohe Qualit\u00e4t, Aussehen und Erfahrung verkaufen. Sie kaschieren die Produkte, die sie enthalten, eher, als dass sie sie w\u00fcrdigen. F\u00fcr den kritischen Einzelh\u00e4ndler, das gr\u00fcndliche Inkassounternehmen, den innovativen Pop-up-Store oder die Premium-Marke ist eine au\u00dfergew\u00f6hnliche L\u00f6sung gefragt. Ein Service, der nicht nur zum Aufbewahren, sondern auch zum Pr\u00e4sentieren konzipiert ist.<\/p>\n<p>Mit Stolz pr\u00e4sentieren wir unser Sortiment an\u00a0<strong>H\u00f6chste Qualit\u00e4t Gro\u00dfhandel ma\u00dfgeschneiderte Polymer Speicherplatz Boxen\u00a0<\/strong>. Dies ist nicht nur ein Container, sondern eine modulare Bildschirmumgebung, die sorgf\u00e4ltig entwickelt wurde, um Ihre Produkte aufzuwerten, Ihr Eigentum zu sch\u00fctzen und Ihren Betrieb zu verbessern. Diese Boxen vereinen industrietaugliche Produkte mit einem intelligenten, benutzerfreundlichen Design und stellen den H\u00f6hepunkt von Form und Funktion dar. Sie sind die klare Option f\u00fcr Unternehmen, die erkannt haben, dass die Art und Weise, wie ein Produkt pr\u00e4sentiert wird, genauso wichtig ist wie das Produkt selbst.<\/p>\n<p>Von der grunds\u00e4tzlichen Reinheit des Acryls \u00fcber das erfreuliche Klicken der magnetischen T\u00fcr bis hin zur grenzenlosen Kapazit\u00e4t des ineinandergreifenden, stapelbaren Layouts - jedes Element wurde mit Bedacht gefertigt. Dies ist Ihre Chance, \u00fcber die reine Lagerung hinauszugehen und zum Konstrukteur Ihrer eigenen spektakul\u00e4ren, skalierbaren und fortschrittlichen Ausstellungsumgebung zu werden.<\/p>\n<p><a href=\"https:\/\/customacrylicproduct.com\/de\/custom-acrylic-displays\/\"><img fetchpriority=\"high\" decoding=\"async\" class=\"wp-image-443 size-full aligncenter\" src=\"https:\/\/customacrylicproduct.com\/wp-content\/uploads\/2025\/07\/Acrylic-Storage-Box-05.jpg\" alt=\"Aufbewahrungsbox aus Acryl\" width=\"800\" height=\"800\" srcset=\"https:\/\/customacrylicproduct.com\/wp-content\/uploads\/2025\/07\/Acrylic-Storage-Box-05.jpg 800w, https:\/\/customacrylicproduct.com\/wp-content\/uploads\/2025\/07\/Acrylic-Storage-Box-05-300x300.jpg 300w, https:\/\/customacrylicproduct.com\/wp-content\/uploads\/2025\/07\/Acrylic-Storage-Box-05-150x150.jpg 150w, https:\/\/customacrylicproduct.com\/wp-content\/uploads\/2025\/07\/Acrylic-Storage-Box-05-768x768.jpg 768w, https:\/\/customacrylicproduct.com\/wp-content\/uploads\/2025\/07\/Acrylic-Storage-Box-05-12x12.jpg 12w, https:\/\/customacrylicproduct.com\/wp-content\/uploads\/2025\/07\/Acrylic-Storage-Box-05-600x600.jpg 600w, https:\/\/customacrylicproduct.com\/wp-content\/uploads\/2025\/07\/Acrylic-Storage-Box-05-100x100.jpg 100w\" sizes=\"(max-width: 800px) 100vw, 800px\" \/><\/a><\/p>\n<h2 id=\"the-structure-of-excellence-the-scientific-research-of-superior-acrylic\">Die Struktur der Exzellenz: Die wissenschaftliche Forschung von Superior Acrylic<\/h2>\n<p>Die Integrit\u00e4t eines jeden Rahmens beginnt mit seinen Materialien. Unsere Aufbewahrungsboxen werden aus hochwertigem, reinem Acryl (Poly(methylmethacrylat) oder PMMA) hergestellt, einem Material, das sich durch seine einzigartige Mischung aus optischer Eleganz und technischer St\u00e4rke auszeichnet.<\/p>\n<p><strong>Kompromisslose optische Qualit\u00e4t:\u00a0<\/strong>Im Gegensatz zu minderwertigen Kunststoffen wie Styrol oder Polycarbonat, die einen tr\u00fcben oder bl\u00e4ulichen Farbton haben k\u00f6nnen, weist unser Acryl einen Lichtdurchl\u00e4ssigkeitsgrad von 92% auf. Dies f\u00fchrt zu echter, museumsreifer Qualit\u00e4t. Die Farben erscheinen lebendiger, die Details sind sch\u00e4rfer, und Ihre Produkte erscheinen in ihrem authentischsten Licht, ohne Verzerrung. Dieser Grad an Transparenz stellt sicher, dass Ihre Kunden oder Ihr Publikum alle Informationen sehen k\u00f6nnen, ohne die Verpackung \u00f6ffnen zu m\u00fcssen, und bietet einen verf\u00fchrerischen und zugleich sch\u00fctzenden Blick.<\/p>\n<p><strong>Entwickelt f\u00fcr einen lebenslangen Einsatz:\u00a0<\/strong>Wir wissen, dass unsere Aufbewahrungsboxen eine finanzielle Investition sind. Deshalb verwenden wir Acryl, das f\u00fcr seine au\u00dfergew\u00f6hnliche Haltbarkeit und architektonische Stabilit\u00e4t bekannt ist. Diese Boxen sind robust, unempfindlich gegen St\u00f6\u00dfe und verziehen sich nicht unter dem Gewicht ihrer Bestandteile oder dem Stress und der Unruhe in einer aktiven Einzelhandelsumgebung. Das Premium-Polymer ist ebenfalls von Natur aus resistent gegen Vergilbung durch UV-Strahlung und sorgt daf\u00fcr, dass Ihre Displays auch in den kommenden Jahren kristallklar und professionell aussehen und sowohl Ihre Produkte als auch das Image Ihrer Marke sch\u00fctzen. Diese lange Lebensdauer stellt einen betr\u00e4chtlichen Gewinn im Vergleich zu weniger kostspieligen Einweg-Alternativen dar.<\/p>\n<h2 id=\"intelligent-layout-where-type-and-function-converge\">Intelligentes Layout: Wo Typ und Funktion zusammenflie\u00dfen<\/h2>\n<p>Ein hochwertiges Material verdient ein ebenso hochwertiges Layout. Unser\u00a0<strong>Personalisierte Stauraumboxen aus Acryl\u00a0<\/strong>sind eine Meisterklasse in durchdachter Technik, bei der jede Funktion so gestaltet ist, dass sie den Nutzen, die Flexibilit\u00e4t und die visuelle Attraktivit\u00e4t erh\u00f6ht.<\/p>\n<p><strong>Wohlt\u00e4tigkeitsma\u00dfnahmen f\u00fcr maximale Flexibilit\u00e4t:\u00a0<\/strong>Jeder Fall misst einen erheblichen\u00a0<strong>14,2 Zoll in der Gr\u00f6\u00dfe, 8,7 Zoll in der Breite und 10,6 Zoll in der H\u00f6he (14,2\u2033 L x 8,7\u2033 W x 10,6\u2033 H)\u00a0<\/strong>. Diese wohlt\u00e4tige Inneneinrichtung wurde absichtlich so gew\u00e4hlt, dass sie als funktionale Leinwand f\u00fcr eine breite Palette von Produkten dient. Es kann angenehm Haus Luxus-Taschen, Designer-Schuhe, boxed Sammlerst\u00fccke, High-End-Elektronik-Elemente, oder kuratierte \u00e4sthetische Sammlungen. Die Abmessungen erlauben es, Produkte entweder flach oder vertikal zu pr\u00e4sentieren, was Ihnen die totale kreative Kontrolle \u00fcber Ihr Merchandising und \u00e4sthetisches Storytelling gibt.<\/p>\n<p><strong>Die magnetische T\u00fcr: Leichte Zug\u00e4nglichkeit, sichere Einheit:\u00a0<\/strong>Die nach vorne gerichtete T\u00fcr ist ein Musterbeispiel f\u00fcr reibungslose Interaktion. Sie verf\u00fcgt \u00fcber ein pr\u00e4zisionsgefertigtes magnetisches Verschlusssystem, das einen einfachen und bequemen, einh\u00e4ndigen Zugriff auf die Komponenten im Inneren erm\u00f6glicht. Die Magnete sorgen daf\u00fcr, dass die T\u00fcr mit einem erfreulichen und sicheren Klick geschlossen wird und eine praktisch luftdichte Abdichtung entsteht. Diese wichtige Funktion sch\u00fctzt Ihr wertvolles Inventar vor Staub, Partikeln und zu viel Handhabung, wodurch der Reinigungsbedarf drastisch gesenkt wird und der sch\u00f6ne Zustand Ihrer Produkte erhalten bleibt. F\u00fcr einen vielbesch\u00e4ftigten Einzelhandelspartner oder ein sorgf\u00e4ltiges Inkassob\u00fcro ist diese Mischung aus einfachem Zugang und zuverl\u00e4ssigem Schutz von unsch\u00e4tzbarem Wert.<\/p>\n<h2 id=\"the-power-of-modularity-a-scalable-show-community\">Die Macht der Modularit\u00e4t: Eine skalierbare Show-Community<\/h2>\n<p>Die wahre Genialit\u00e4t unseres Aufbewahrungsboxensystems liegt in seiner Modularit\u00e4t. Eine einzelne Box ist ein wundersch\u00f6nes Ausstellungsst\u00fcck; mehrere Boxen werden zu einem zusammenh\u00e4ngenden, baulichen Statement.<\/p>\n<p><strong>Ein patentiertes Verschlusssystem:\u00a0<\/strong>An der Vorderseite und den Seiten jeder Acrylbox befinden sich 2 pr\u00e4zisionsgeformte, sehr diskrete Schlitze. Dies sind keine einfachen dekorativen Elemente, sie sind das Herzst\u00fcck unseres Verriegelungssystems. Diese Netze erm\u00f6glichen es, mehrere Boxen sicher zu befestigen, sowohl oben und unten als auch horizontal. Dieser geniale Stil verwandelt private Container in ein solit\u00e4res, stabiles und monolithisches Ger\u00fcst. Sie k\u00f6nnen getrost ganze Bildschirmw\u00e4nde oder ma\u00dfgeschneiderte Stauraumschr\u00e4nke bauen, ohne sich Gedanken dar\u00fcber zu machen, dass sich einzelne Ger\u00e4te ver\u00e4ndern, verschieben oder falsch ausgerichtet werden. Diese Sicherheit ist wichtig f\u00fcr die Sicherheit und das Know-how in jeder Art von industriellem oder \u00f6ffentlichem Umfeld.<\/p>\n<p><strong>Von einer einzelnen Erkl\u00e4rung zu einer vollst\u00e4ndigen Mauer:\u00a0<\/strong>Die Skalierbarkeit dieses Systems ist sein gr\u00f6\u00dfter Trumpf. Ein Gesch\u00e4ft kann mit einem kleinen, kuratierten Stapel auf einer Arbeitsplatte beginnen. Wenn der Bestand w\u00e4chst, k\u00f6nnen viel mehr Ger\u00e4te hinzugef\u00fcgt werden, um eine pr\u00e4chtige Wandfl\u00e4che zu schaffen. Ein Aussteller kann die flach gepackten Kisten transportieren und in wenigen Minuten eine bemerkenswerte, professionelle Standwand aufbauen. Diese Vielseitigkeit bedeutet, dass Ihre finanzielle Investition mit Ihrem Unternehmen mitw\u00e4chst und in jeder Phase Ihrer Entwicklung ein konstantes und markengerechtes Erscheinungsbild bietet. Es ist ein zukunftssicherer Service f\u00fcr dynamische Display-Bed\u00fcrfnisse.<\/p>\n<h2 id=\"a-world-of-applications-tailored-to-your-company\">Eine Welt von Anwendungen: Ma\u00dfgeschneidert f\u00fcr Ihr Unternehmen<\/h2>\n<p>Die Vielseitigkeit unserer\u00a0<strong>ma\u00dfgeschneiderte Stauraumboxen aus Acryl\u00a0<\/strong>macht sie zum optimalen Mittel f\u00fcr eine Vielzahl von B2B-Anwendungen.<\/p>\n<p><strong>F\u00fcr den Luxusverk\u00e4ufer (Handtaschen, Schuhe, Zusatzartikel):\u00a0<\/strong>. Verbessern Sie Ihr Ladenerlebnis, indem Sie einfache Regale in eine Galerie des Luxus verwandeln. Pr\u00e4sentieren Sie Ihre teuren Handtaschen in privaten, staubfreien Vitrinen, damit die Kunden die Handwerkskunst bewundern k\u00f6nnen, ohne das Produkt zu gef\u00e4hrden. Erstellen Sie ansprechende T\u00fcrme mit den neuesten Designerschuhen oder stellen Sie hochwertige Accessoires in einer beleuchteten, geordneten Weise auf. Die Klarheit und Qualit\u00e4t der Boxen zeigt die Qualit\u00e4t der darin enthaltenen Artikel, was den wahrgenommenen Wert erh\u00f6ht und den Verkauf f\u00f6rdert.<\/p>\n<p><strong>F\u00fcr das Gesch\u00e4ft f\u00fcr Sammlerst\u00fccke und Spezialartikel (Anime, Turnschuhe, Modelle):\u00a0<\/strong>. Ihre Kunden sind leidenschaftliche Sammler, die sowohl den Gegenstand als auch sein Problem sch\u00e4tzen. Unsere Boxen bieten die perfekte Phase. Pr\u00e4sentieren Sie Tennisschuhe in limitierter Auflage, aufwendige Anime-Figuren oder detaillierte Design-Kits mit 360-Grad-Pr\u00e4senz. Das sch\u00fctzende Geh\u00e4use bewahrt ihren neuwertigen Zustand und sch\u00fctzt ihren Wert. Das modulare System erm\u00f6glicht es Ihnen, dichte, organisierte und visuell unglaubliche Bildschirme zu entwickeln, die Ihre engagierten Kunden mit Sicherheit in ihren Bann ziehen werden.<\/p>\n<p><strong>F\u00fcr den Messeprofi:\u00a0<\/strong>. Gewinnen Sie den Kampf um das Interesse auf dem \u00fcberf\u00fcllten Messegel\u00e4nde. Unser System ist ein tragbares, spezialisiertes und effektives Ger\u00e4t. Der werkzeuglose, schnelle Aufbau spart Ihnen Zeit und Arbeitskosten beim Auf- und Abbau. Das leichte, flach verpackte Layout minimiert die Versandkosten und den logistischen Aufwand. Sie k\u00f6nnen ein ma\u00dfgeschneidertes, hochwertiges Display erstellen, das Ihre Produkte vollst\u00e4ndig zur Geltung bringt und Ihren Stand zu einem unverzichtbaren Ziel macht.<\/p>\n<p><strong>F\u00fcr Unternehmens- und Expertenumgebungen:\u00a0<\/strong>. Diese Boxen sind nicht nur f\u00fcr den Einzelhandel, sondern auch f\u00fcr zahlreiche berufliche Zwecke geeignet. Verwenden Sie sie in der Eingangshalle eines Unternehmens, um Gesch\u00e4ftsartikel oder Auszeichnungen zu pr\u00e4sentieren. In einer Designwerkstatt k\u00f6nnen Sie Produktmuster perfekt pr\u00e4sentieren. In einem Labor sch\u00fctzen Sie empfindliche Teile vor Verschmutzung und halten sie gleichzeitig gut erkennbar. Die klare, moderne \u00c4sthetik passt zu jeder Art von fachlicher Einrichtung.<\/p>\n<p><a href=\"https:\/\/customacrylicproduct.com\/de\/custom-acrylic-displays\/\"><img decoding=\"async\" class=\"wp-image-442 size-full aligncenter\" src=\"https:\/\/customacrylicproduct.com\/wp-content\/uploads\/2025\/07\/Acrylic-Storage-Box-03.jpg\" alt=\"Aufbewahrungsbox aus Acryl\" width=\"800\" height=\"800\" srcset=\"https:\/\/customacrylicproduct.com\/wp-content\/uploads\/2025\/07\/Acrylic-Storage-Box-03.jpg 800w, https:\/\/customacrylicproduct.com\/wp-content\/uploads\/2025\/07\/Acrylic-Storage-Box-03-300x300.jpg 300w, https:\/\/customacrylicproduct.com\/wp-content\/uploads\/2025\/07\/Acrylic-Storage-Box-03-150x150.jpg 150w, https:\/\/customacrylicproduct.com\/wp-content\/uploads\/2025\/07\/Acrylic-Storage-Box-03-768x768.jpg 768w, https:\/\/customacrylicproduct.com\/wp-content\/uploads\/2025\/07\/Acrylic-Storage-Box-03-12x12.jpg 12w, https:\/\/customacrylicproduct.com\/wp-content\/uploads\/2025\/07\/Acrylic-Storage-Box-03-600x600.jpg 600w, https:\/\/customacrylicproduct.com\/wp-content\/uploads\/2025\/07\/Acrylic-Storage-Box-03-100x100.jpg 100w\" sizes=\"(max-width: 800px) 100vw, 800px\" \/><\/a><\/p>\n<h2 id=\"the-wholesale-modification-benefit-your-companion-in-success-\">Der Gro\u00dfhandels- und Anpassungsvorteil: Ihr Begleiter zum Erfolg.<\/h2>\n<p>Wir sind uns bewusst, dass f\u00fcr unsere Unternehmenskunden Konsistenz, Wert und Markenpositionierung von gr\u00f6\u00dfter Bedeutung sind. Aus diesem Grund bieten wir ein detailliertes Gro\u00dfhandelsprogramm an, das auf eine echte Zusammenarbeit ausgerichtet ist.<\/p>\n<p><strong>Gro\u00dfhandelspreise &amp; Integrit\u00e4t:\u00a0<\/strong>Als Ihr direkter Produktionspartner bieten wir wettbewerbsf\u00e4hige Gro\u00dfhandelspreise, die gesunde Handelsspannen erm\u00f6glichen. Unsere strukturierten Produktions- und Qualit\u00e4tssicherungsprozesse garantieren, dass jedes Ger\u00e4t in jeder Lieferung die gleichen anspruchsvollen Anforderungen an hohe Qualit\u00e4t und Einheitlichkeit erf\u00fcllt, Lieferung f\u00fcr Lieferung.<\/p>\n<p><strong>Die Macht der vollst\u00e4ndigen \u00c4nderung:\u00a0<\/strong>Ihre Marke ist einzigartig, und Ihre Bildschirme m\u00fcssen es auch sein. Mit unseren Personalisierungsm\u00f6glichkeiten k\u00f6nnen Sie unseren Aufbewahrungsboxen-Service genau auf Ihre Bed\u00fcrfnisse abstimmen. F\u00fcr qualifizierte Gro\u00dfhandelsauftr\u00e4ge k\u00f6nnen wir liefern:.<\/p>\n<ul>\n<li><strong>Kundenspezifische Abmessungen:\u00a0<\/strong>Ben\u00f6tigen Sie ein h\u00f6heres, breiteres oder viel tieferes Geh\u00e4use f\u00fcr eine bestimmte Produktlinie? Wir k\u00f6nnen ein perfekt dimensioniertes Geh\u00e4use entwickeln.<\/li>\n<li><strong>Logo &amp; Markenkombination:\u00a0<\/strong>Wir k\u00f6nnen Ihr Firmenlogo oder Ihren Markennamen direkt auf das Acrylglas lasern, um ein subtiles, raffiniertes und langfristiges Branding zu erzielen.<\/li>\n<li><strong>Optionen f\u00fcr Farbe und Material:\u00a0<\/strong>Obwohl kristallklar unser Standard ist, k\u00f6nnen wir Boxen in einer Reihe von Farben herstellen - von schlichtem Schwarz oder Wei\u00df bis hin zu lebhaften markenspezifischen T\u00f6nen -, die perfekt zu Ihrer \u00c4sthetik passen.<\/li>\n<li><strong>Ma\u00dfgeschneiderte Produktverpackung:\u00a0<\/strong>Wir k\u00f6nnen mit Ihnen zusammen ma\u00dfgeschneiderte Verpackungen f\u00fcr den Einzelhandelsverkauf oder den Vertrieb erstellen.<\/li>\n<\/ul>\n<p>Setzen Sie sich mit unserer Gro\u00dfhandelsgruppe in Verbindung, um Ihre Aufgabe zu besprechen. Wir arbeiten mit Ihnen zusammen, um eine individuelle Display-L\u00f6sung zu entwickeln, die Ihre Vision zum Leben erweckt.<\/p>\n<h3 id=\"simple-and-easy-setting-up-immediate-effect-\">Einfaches und leichtes Einrichten, sofortige Wirkung.<\/h3>\n<p>In jeder Art von Organisationsumgebung ist Zeit bares Geld. Unsere Lagerboxen sind auf optimale Leistung ausgelegt. Sie werden flach verpackt geliefert, um den Platzbedarf und die Versandkosten zu minimieren, und k\u00f6nnen in wenigen Minuten ohne ein einziges Ger\u00e4t zusammengebaut werden. Dank des intuitiven Designs kann jedes Teammitglied die Displays schnell aufstellen oder neu konfigurieren, so dass Sie schnell auf neue Waren oder Werbe- und Marketingma\u00dfnahmen reagieren k\u00f6nnen. Das ist Unordnung reduzieren und Fl\u00e4chenoptimierung einfach, elegant und unglaublich effizient gemacht.<\/p>\n<p>W\u00e4hlen Sie die Option, die schirmt, bietet und tut. Kaufen Sie unser\u00a0<strong>H\u00f6chste Gro\u00dfhandel ma\u00dfgeschneiderte Acryl Speicherplatz Boxen\u00a0<\/strong>und erstellen Sie eine Bildschirmumgebung, die so au\u00dfergew\u00f6hnlich ist wie Ihre Marke.<\/p>","protected":false},"excerpt":{"rendered":"<p>Hochwertige Acryl-Lagerboxen f\u00fcr den Gro\u00dfhandel. Entwickelt mit kristallklarem, haltbarem Acryl, einem intelligenten stapelbaren Design und leicht zug\u00e4nglichen magnetischen T\u00fcren. Die ultimative anpassbare L\u00f6sung f\u00fcr hochwertige Einzelhandelsauslagen, Sammlerst\u00fccke und Organisation.<\/p>","protected":false},"featured_media":440,"template":"","meta":{"_kad_post_transparent":"default","_kad_post_title":"","_kad_post_layout":"default","_kad_post_sidebar_id":"","_kad_post_content_style":"default","_kad_post_vertical_padding":"default","_kad_post_feature":"","_kad_post_feature_position":"","_kad_post_header":false,"_kad_post_footer":false,"_kad_post_classname":""},"product_brand":[],"product_cat":[17],"product_tag":[44,45],"class_list":{"0":"post-439","1":"product","2":"type-product","3":"status-publish","4":"has-post-thumbnail","6":"product_cat-custom-acrylic-boxes","7":"product_tag-acrylic-storage-boxes","8":"product_tag-customized-acrylic-boxes","10":"first","11":"instock","12":"shipping-taxable","13":"product-type-simple","14":"entry","15":"content-bg","16":"loop-entry"},"_links":{"self":[{"href":"https:\/\/customacrylicproduct.com\/de\/wp-json\/wp\/v2\/product\/439","targetHints":{"allow":["GET"]}}],"collection":[{"href":"https:\/\/customacrylicproduct.com\/de\/wp-json\/wp\/v2\/product"}],"about":[{"href":"https:\/\/customacrylicproduct.com\/de\/wp-json\/wp\/v2\/types\/product"}],"wp:featuredmedia":[{"embeddable":true,"href":"https:\/\/customacrylicproduct.com\/de\/wp-json\/wp\/v2\/media\/440"}],"wp:attachment":[{"href":"https:\/\/customacrylicproduct.com\/de\/wp-json\/wp\/v2\/media?parent=439"}],"wp:term":[{"taxonomy":"product_brand","embeddable":true,"href":"https:\/\/customacrylicproduct.com\/de\/wp-json\/wp\/v2\/product_brand?post=439"},{"taxonomy":"product_cat","embeddable":true,"href":"https:\/\/customacrylicproduct.com\/de\/wp-json\/wp\/v2\/product_cat?post=439"},{"taxonomy":"product_tag","embeddable":true,"href":"https:\/\/customacrylicproduct.com\/de\/wp-json\/wp\/v2\/product_tag?post=439"}],"curies":[{"name":"wp","href":"https:\/\/api.w.org\/{rel}","templated":true}]}}