{"id":467,"date":"2025-07-02T10:22:19","date_gmt":"2025-07-02T10:22:19","guid":{"rendered":"https:\/\/customacrylicproduct.com\/?post_type=product&#038;p=467"},"modified":"2025-07-03T02:18:01","modified_gmt":"2025-07-03T02:18:01","slug":"custom-acrylic-bluetooth-headset-display-stands-supplier","status":"publish","type":"product","link":"https:\/\/customacrylicproduct.com\/de\/custom-acrylic-bluetooth-headset-display-stands-supplier\/","title":{"rendered":"Benutzerdefinierte Acryl Bluetooth Headset Display St\u00e4nder Lieferant"},"content":{"rendered":"<h3 id=\"-beyond-package-crafting-bespoke-acrylic-display-stands-to-make-your-bluetooth-headsets-memorable-\"><strong>Jenseits der Verpackung: Ma\u00dfgeschneiderte Acryl-Display-St\u00e4nder, um Ihre Bluetooth-Headsets unvergesslich zu machen\u00a0<\/strong><\/h3>\n<p>In der ges\u00e4ttigten Welt der elektronischen Kundenger\u00e4te ist ein erstklassiges Produkt nur die halbe Miete. Ihre Bluetooth-Headsets m\u00f6gen eine unvergleichliche Audiointegrit\u00e4t, innovative Ger\u00e4uschunterdr\u00fcckung und ein ergonomisches Layout aufweisen, aber in einem \u00fcberf\u00fcllten Einzelhandelsregal laufen sie Gefahr, ignoriert zu werden. Der kritische Moment der Entscheidung f\u00fcr einen Kunden liegt meist in den wenigen Sekunden, die er mit dem Scannen eines Displays verbringt. Wie gelingt es Ihnen, die Aufmerksamkeit des Kunden zu gewinnen, ihm einen \u00fcberragenden Wert zu vermitteln und ihn dazu zu bewegen, sich mit Ihrer Marke zu besch\u00e4ftigen?<\/p>\n<p>Die L\u00f6sung liegt nicht einfach im Gegenstand, sondern in seiner Pr\u00e4sentation. A <a href=\"https:\/\/customacrylicproduct.com\/de\/factory-price-uv-printing-cosmetic-custom-acrylic-display\/\">kundenspezifischer Acryl-Bildschirmst\u00e4nder<\/a> ist mehr als nur ein Halter; er ist ein wichtiges Gut. Es ist der physische Botschafter Ihrer Marke, ein stiller Verk\u00e4ufer, der unerm\u00fcdlich daran arbeitet, Ihren Artikel von einem Produkt zu einem Wunschobjekt zu machen.<\/p>\n<p>Als f\u00fchrender Anbieter und Spezialist arbeiten wir mit genialen Marken f\u00fcr elektronische Ger\u00e4te, internationalen Verk\u00e4ufern und intelligenten Werbeagenturen zusammen, um ma\u00dfgeschneiderte Display-Services zu entwickeln. Wir verstehen, dass ein Bildschirmst\u00e4nder ein kritischer Ber\u00fchrungspunkt in der Kundenreise ist - ein effektives Werkzeug, das entwickelt wurde, um den Fu\u00dfverkehr auf der Website zu stoppen, hohe Qualit\u00e4t zu zeigen und letztendlich den Verkauf zu f\u00f6rdern.<\/p>\n<p>Willkommen zu Ihrem endg\u00fcltigen \u00dcberblick dar\u00fcber, wie wir zusammenarbeiten k\u00f6nnen, um eine Bildschirmm\u00f6glichkeit zu schaffen, die so einzigartig und sorgf\u00e4ltig gefertigt ist wie die Produkte, die Sie verkaufen.<\/p>\n<figure id=\"attachment_468\" aria-describedby=\"caption-attachment-468\" style=\"width: 800px\" class=\"wp-caption aligncenter\"><a href=\"https:\/\/customacrylicproduct.com\/de\/custom-acrylic-displays\/\"><img fetchpriority=\"high\" decoding=\"async\" class=\"wp-image-468 size-full\" src=\"https:\/\/customacrylicproduct.com\/wp-content\/uploads\/2025\/07\/Custom-Acrylic-Display-Stands-1.jpg\" alt=\"Kundenspezifische Acryl-Display-St\u00e4nder\" width=\"800\" height=\"800\" srcset=\"https:\/\/customacrylicproduct.com\/wp-content\/uploads\/2025\/07\/Custom-Acrylic-Display-Stands-1.jpg 800w, https:\/\/customacrylicproduct.com\/wp-content\/uploads\/2025\/07\/Custom-Acrylic-Display-Stands-1-300x300.jpg 300w, https:\/\/customacrylicproduct.com\/wp-content\/uploads\/2025\/07\/Custom-Acrylic-Display-Stands-1-150x150.jpg 150w, https:\/\/customacrylicproduct.com\/wp-content\/uploads\/2025\/07\/Custom-Acrylic-Display-Stands-1-768x768.jpg 768w, https:\/\/customacrylicproduct.com\/wp-content\/uploads\/2025\/07\/Custom-Acrylic-Display-Stands-1-12x12.jpg 12w, https:\/\/customacrylicproduct.com\/wp-content\/uploads\/2025\/07\/Custom-Acrylic-Display-Stands-1-600x600.jpg 600w, https:\/\/customacrylicproduct.com\/wp-content\/uploads\/2025\/07\/Custom-Acrylic-Display-Stands-1-100x100.jpg 100w\" sizes=\"(max-width: 800px) 100vw, 800px\" \/><\/a><figcaption id=\"caption-attachment-468\" class=\"wp-caption-text\">Kundenspezifische Acryl-Display-St\u00e4nder<\/figcaption><\/figure>\n<h3 id=\"-your-vision-our-know-how-the-power-of-unrestricted-modification-\"><strong>Ihre Vision, unser Know-how: Die Macht der uneingeschr\u00e4nkten Modifikation\u00a0<\/strong>.<\/h3>\n<p>Unser Unternehmen ist der Ansicht, dass eine echte Platzierung des Markennamens nur durch ma\u00dfgeschneiderte Optionen erreicht werden kann. Die \u201cone-size-fits-all\u201d-Methode verfehlt die einzigartige Essenz Ihres Markennamens und die spezifische Designsprache Ihrer Produkte. Unsere grunds\u00e4tzliche Zusicherung ist es, vollst\u00e4ndig personalisierte Acryl-Display-St\u00e4nder zu liefern, die Ihnen die absolute innovative Kontrolle \u00fcber jede Information geben.<\/p>\n<p>Unser gemeinsames Personalisierungsverfahren erm\u00f6glicht es Ihnen, Folgendes zu definieren:.<\/p>\n<ul>\n<li><strong>Ma\u00dfgeschneidertes Design:\u00a0<\/strong>Ihre kreative Vorstellungskraft ist die einzige Grenze. Ganz gleich, ob Sie einen minimalistischen, stilvollen Sockel f\u00fcr ein einzelnes Flaggschiff-Headset oder einen dynamischen, interaktiven Bildschirm mit mehreren Einheiten f\u00fcr eine ganze Produktfamilie ben\u00f6tigen, unsere Design- und Technikteams k\u00f6nnen Ihre Visionen in die Tat umsetzen. Wir k\u00f6nnen anhand Ihrer spezifischen CAD-Dateien arbeiten oder eine Idee aus einer einfachen Skizze entwickeln, wobei wir stets entscheidende Faktoren wie Betrachtungswinkel, Sicherheit der Artikel, funktionale Designs f\u00fcr den Kunden und Praktikabilit\u00e4t in den Gesch\u00e4ften in Betracht ziehen.<\/li>\n<li><strong>Ma\u00dfgeschneidert Gr\u00f6\u00dfe &amp; Kapazit\u00e4ten:\u00a0<\/strong>Eine hervorragende Passform ist nicht verhandelbar. Ein schlecht sitzender St\u00e4nder sieht unprofessionell aus und kann sogar das Produkt nicht richtig sch\u00fctzen. Wir fertigen jeden St\u00e4nder nach den genauen Spezifikationen Ihrer Bluetooth-Kopfh\u00f6rer an und sorgen so f\u00fcr eine angenehme, gesch\u00fctzte und optisch bemerkenswerte Pr\u00e4sentation. Von kleinen Ger\u00e4ten f\u00fcr den K\u00fcchentisch, die die Wirkung des Kassengangs voll ausnutzen, bis hin zu gro\u00dfen, exzellenten Bodendisplays f\u00fcr Flagship-Shops - die Passform wird immer perfekt sein.<\/li>\n<li><strong>Ein Spektrum an benutzerdefinierten Farbstilen:\u00a0<\/strong>Farbe ist eine effektive und sofortige Art der Markenkommunikation. Wir bieten Ihnen eine gro\u00dfe Auswahl an Kombinationen, die perfekt zu Ihrer Unternehmenskennzeichnung passen. W\u00e4hlen Sie aus optisch reinem, kristallklarem Acryl, um Ihren Produkten einen \u201cschwebenden\u201d Effekt zu verleihen; entscheiden Sie sich f\u00fcr klassisches Schwarz oder Wei\u00df f\u00fcr zeitlose Raffinesse; oder w\u00e4hlen Sie einen kr\u00e4ftigen, dynamischen Farbton, um in einem hektischen Verkaufsraum die Aufmerksamkeit auf sich zu ziehen. F\u00fcr Marken, die auf absolute Einheitlichkeit Wert legen, k\u00f6nnen wir bei qualifizierten Bestellungen eine Pantone-Farbabstimmung anbieten.<\/li>\n<li><strong>Integriertes Logodesign und Branding:\u00a0<\/strong>Verwandeln Sie Ihren Aufsteller von einem einfachen Besitzer in ein leistungsstarkes Werbeinstrument. Wir bieten zahlreiche High-Fidelity-Branding-Methoden, um Ihr Logo-Design und Ihre Botschaften einzubetten:.<\/li>\n<li><strong>UV-Digitaldruck:\u00a0<\/strong>F\u00fcr lebendige, vollfarbige Logodesigns, fotorealistische Produktbilder und ausf\u00fchrliche technische Beschreibungen. Dieser Ansatz sorgt f\u00fcr hervorragende Haltbarkeit und \u00e4sthetische Pracht.<\/li>\n<li><strong>Serigraphie:\u00a0<\/strong>Die hervorragende Option f\u00fcr gestochen scharfe, undurchsichtige Logos und Texte in mehreren kr\u00e4ftigen Farben. Sie bietet eine robuste, spezialisierte Oberfl\u00e4che, die bei gr\u00f6\u00dferen Produktionsl\u00e4ufen sehr kosteneffizient ist.<\/li>\n<li><strong>Laser-Gravur:\u00a0<\/strong>F\u00fcr ein subtiles, f\u00fchlbares und zweifellos hochwertiges Branding-Ergebnis. Ein eingraviertes Logo vermittelt Luxus und Best\u00e4ndigkeit, einschlie\u00dflich eines innovativen Touches, den die Kunden sehen und wirklich f\u00fchlen k\u00f6nnen.<\/li>\n<\/ul>\n<h3 id=\"-more-than-a-stand-a-versatile-multifunctional-present-solution-\"><strong>Mehr als nur ein St\u00e4nder: Eine vielseitige, multifunktionale Pr\u00e4sentationsl\u00f6sung\u00a0<\/strong>.<\/h3>\n<p>Wir entwickeln unsere Bildschirmst\u00e4nder so, dass sie mehr sind als nur ein St\u00fcck Plastik. Wir konstruieren sie als intelligente, flexible Hilfsmittel, die in verschiedenen Kontexten einen Mehrwert bieten, von der Verkaufsfl\u00e4che bis zum Haus des Endverbrauchers.<\/p>\n<ul>\n<li><strong>Universelle Passform und Raumwirksamkeit:\u00a0<\/strong>Jeder St\u00e4nder wird nach Ma\u00df gefertigt, wobei die Design-Ideologie den Schwerpunkt auf clevere Leistung legt. Unsere St\u00e4nde werden gefertigt, um\u00a0<strong>f\u00fcr verschiedene Gr\u00f6\u00dfen und Formen von Kopfh\u00f6rern geeignet\u00a0<\/strong>, von On-Ear- bis hin zu Over-Ear-Versionen, die Flexibilit\u00e4t f\u00fcr Ihre gesamte Produktpalette garantieren. Entscheidend ist, dass diese Displays so konzipiert sind, dass sie\u00a0<strong>helfen Ihnen, wertvollen Platz auf dem Schreibtisch und im Regal zu sparen\u00a0<\/strong>. Ihre sehr geringe Auswirkung macht das Beste aus dem \u00e4sthetischen Einfluss, ohne Unordnung zu produzieren, und erm\u00f6glicht eine sauberere, viel effizientere Verkaufsf\u00f6rderung.<\/li>\n<li><strong>Elegantes Design f\u00fcr jede Umgebung:\u00a0<\/strong>Unsere aus teurem Acryl gefertigten St\u00e4nder verf\u00fcgen \u00fcber ein\u00a0<strong>stilvolles und modernes Layout\u00a0<\/strong>. Diese \u00c4sthetik ist absichtlich vielseitig. Sie ist professionell genug, um ein Herzst\u00fcck f\u00fcr eine\u00a0<strong>Ausstellungszentrum\u00a0<\/strong>oder eine Ausstellungskabine, aber dennoch so stilvoll, dass es als ein sch\u00f6nes M\u00f6belst\u00fcck betrachtet werden kann.\u00a0<strong>Wohnungseinrichtung\u00a0<\/strong>. Diese doppelte Anziehungskraft beinhaltet einen betr\u00e4chtlichen Wert f\u00fcr den Endkunden.<\/li>\n<li><strong>Der intelligente, multifunktionale Eigent\u00fcmer:\u00a0<\/strong>Wir sind uns bewusst, dass die Verbraucher von heute \u00fcber eine Vielzahl von Werkzeugen verf\u00fcgen. Deshalb sind unsere Entw\u00fcrfe in der Regel multifunktional. Dieser Kopfh\u00f6reraufh\u00e4nger ist nicht nur ein einfaches und praktisches Zuhause f\u00fcr den geliebten Kopfh\u00f6rer; er kann auch\u00a0<strong>als St\u00e4nder f\u00fcr Mobiltelefone, Uhren und andere Gadgets dienen\u00a0<\/strong>. Dadurch wird der Bildschirm von einem Einzweckprodukt zu einem \u201cTech-Valet\u201d oder Schreibtisch-Organizer, eine Funktion, die bei einem technikaffinen Publikum gro\u00dfen Anklang findet und einen Anreiz f\u00fcr den Kunden darstellt, den Bildschirm noch lange nach dem Kauf zu behalten.<\/li>\n<li><strong>Tragbar und praktisch f\u00fcr einen dynamischen Globus:\u00a0<\/strong>Unsere Kopfh\u00f6rer sind so konstruiert, dass sie\u00a0<strong>schlank und leicht, daher sehr einfach zu tragen\u00a0<\/strong>. Dies ist ein gro\u00dfer Vorteil f\u00fcr Ihre Marketinggruppen, die Pop-up-Stores betreiben, an Messen teilnehmen oder veranstaltungsbasierte Werbeaktionen durchf\u00fchren. Die Transportf\u00e4higkeit stellt sicher, dass Ihre Premium-Markendiskussion st\u00e4ndig und einfach \u00fcberall dort ver\u00f6ffentlicht werden kann, wo Sie Ihre Kunden treffen.<\/li>\n<\/ul>\n<h3 id=\"-the-foundation-of-quality-premium-polymer-material-\"><strong>Die Grundlage der Qualit\u00e4t: Hochwertiges Polymer-Material\u00a0<\/strong>.<\/h3>\n<p>Die Spitzenqualit\u00e4t eines <a href=\"https:\/\/customacrylicproduct.com\/de\/factory-price-uv-printing-cosmetic-custom-acrylic-display\/\">Bildschirmst\u00e4nder<\/a> beginnt mit der hohen Qualit\u00e4t der Produkte. Wir stellen alle unsere Produkte aus hochwertigem, \u00fcberlegenem Acryl her, das im Handel durch Namen wie\u00a0<strong>Plexiglas, Plexiglas, PMMA oder Lucite\u00a0<\/strong>. Dieses Produkt ist die unangefochtene Wahl f\u00fcr Premium-Einzelhandelsanwendungen aufgrund seiner besonderen Kombination von Eigenschaften:.<\/p>\n<ul>\n<li><strong>Unerreichte optische Klarheit:\u00a0<\/strong>Mit einer Lichtdurchl\u00e4ssigkeit von \u00fcber 92% ist das Premium-Polymer klarer als herk\u00f6mmliches Glas und sorgt daf\u00fcr, dass das Design und die Informationen Ihres Produkts ohne Verzerrung oder T\u00f6nung zu sehen sind.<\/li>\n<li><strong>Bemerkenswerte Langlebigkeit:\u00a0<\/strong>Acryl hat zwar die Anziehungskraft von Glas, ist aber wesentlich sto\u00dffester und bruchsicherer, was es zu einer sichereren und vertrauensw\u00fcrdigeren Option f\u00fcr \u00f6ffentliche Verkaufsr\u00e4ume macht.<\/li>\n<li><strong>Schlanke, moderne \u00c4sthetik:\u00a0<\/strong>Die sauberen Linien und die makellose Oberfl\u00e4che von Acryl projizieren ein modernes, anspruchsvolles und fachm\u00e4nnisches Bild, das den Wert der elektronischen Ger\u00e4te, die es pr\u00e4sentiert, erh\u00f6ht.<\/li>\n<li><strong>Bauen in Leichtbauweise:\u00a0<\/strong>Polymer wiegt nur etwa halb so viel wie Glas, was sich direkt in niedrigeren Versandkosten und einer einfacheren Handhabung f\u00fcr das Einzelhandelsteam niederschl\u00e4gt.<\/li>\n<\/ul>\n<figure id=\"attachment_469\" aria-describedby=\"caption-attachment-469\" style=\"width: 800px\" class=\"wp-caption aligncenter\"><a href=\"https:\/\/customacrylicproduct.com\/de\/best-quality-wholesale-customized-acrylic-storage-boxes\/\"><img decoding=\"async\" class=\"wp-image-469 size-full\" src=\"https:\/\/customacrylicproduct.com\/wp-content\/uploads\/2025\/07\/Custom-Acrylic-Display-Stands-2.jpg\" alt=\"Kundenspezifische Acryl-Display-St\u00e4nder\" width=\"800\" height=\"800\" srcset=\"https:\/\/customacrylicproduct.com\/wp-content\/uploads\/2025\/07\/Custom-Acrylic-Display-Stands-2.jpg 800w, https:\/\/customacrylicproduct.com\/wp-content\/uploads\/2025\/07\/Custom-Acrylic-Display-Stands-2-300x300.jpg 300w, https:\/\/customacrylicproduct.com\/wp-content\/uploads\/2025\/07\/Custom-Acrylic-Display-Stands-2-150x150.jpg 150w, https:\/\/customacrylicproduct.com\/wp-content\/uploads\/2025\/07\/Custom-Acrylic-Display-Stands-2-768x768.jpg 768w, https:\/\/customacrylicproduct.com\/wp-content\/uploads\/2025\/07\/Custom-Acrylic-Display-Stands-2-12x12.jpg 12w, https:\/\/customacrylicproduct.com\/wp-content\/uploads\/2025\/07\/Custom-Acrylic-Display-Stands-2-600x600.jpg 600w, https:\/\/customacrylicproduct.com\/wp-content\/uploads\/2025\/07\/Custom-Acrylic-Display-Stands-2-100x100.jpg 100w\" sizes=\"(max-width: 800px) 100vw, 800px\" \/><\/a><figcaption id=\"caption-attachment-469\" class=\"wp-caption-text\">Kundenspezifische Acryl-Display-St\u00e4nder<\/figcaption><\/figure>\n<h3 id=\"-a-collaboration-improved-quality-and-speed-our-b2b-refine-\"><strong>Eine Zusammenarbeit, die Qualit\u00e4t und Geschwindigkeit verbessert: Unsere B2B-Verfeinerung\u00a0<\/strong>.<\/h3>\n<p>Wir haben unseren gesamten Arbeitsablauf gestrafft, um transparent, effektiv und kundenorientiert zu sein. Wir wissen, dass in der gesch\u00e4ftigen Elektronikbranche Tempo und Zuverl\u00e4ssigkeit nicht verhandelbar sind.<\/p>\n<h4 id=\"-action-1-inquiry-and-our-quick-quote-warranty-\"><strong>Aktion 1: Anfrage und unsere Schnellpreisgarantie\u00a0<\/strong>.<\/h4>\n<p>Ihre Reise beginnt mit Ihrer Anfrage. Teilen Sie uns Ihre Layout-Prinzipien, Abmessungen, Mengenanforderungen und Branding-Richtlinien mit, und unser Team wird sich an die Arbeit machen. Wir sch\u00e4tzen Ihre Zeit und garantieren ein gr\u00fcndliches, klares Angebot\u00a0<strong>innerhalb von 1-8 Stunden\u00a0<\/strong>.<\/p>\n<h4 id=\"-step-2-validation-with-our-fast-example-program-\"><strong>Schritt 2: Validierung mit unserem schnellen Beispielprogramm\u00a0<\/strong>.<\/h4>\n<p>Wir m\u00f6chten, dass Sie sich 100% sicher sind, bevor Sie sich f\u00fcr einen kompletten Produktionslauf entscheiden. Deshalb bieten wir eine gr\u00fcndliche\u00a0<strong>Beispielprogramm f\u00fcr Barrierefreiheit\u00a0<\/strong>. Ein physischer Prototyp erm\u00f6glicht es Ihnen, die Passform zu testen, die Qualit\u00e4t zu beurteilen und die Genehmigung der Interessenvertreter zu sch\u00fctzen. Unser Engagement f\u00fcr Schnelligkeit ist unersch\u00fctterlich:\u00a0<strong>Die Entwicklung von Mustern dauert etwa 3-5 Arbeitstage.\u00a0<\/strong>. Mit typischen Lieferzeiten von einer Woche an die meisten Standorte k\u00f6nnen Sie einen physischen Prototyp erstaunlich schnell in H\u00e4nden halten.<\/p>\n<h4 id=\"-step-3-available-manufacturing-with-flexible-moqs-\"><strong>Schritt 3: Verf\u00fcgbare Fertigung mit flexiblen MOQs\u00a0<\/strong>.<\/h4>\n<p>Sobald Sie das Beispiel akzeptiert haben, gehen wir zur vollen Produktion \u00fcber. Zur Unterst\u00fctzung von Unternehmen jeder Gr\u00f6\u00dfe, von aufstrebenden Start-ups bis hin zu etablierten Marktf\u00fchrern, bietet unser\u00a0<strong>Die Mindestbestellmenge (MOQ) beginnt bei einfach 100 St\u00fcck\u00a0<\/strong>. Dieser verf\u00fcgbare Einstiegsfaktor macht wirklich ma\u00dfgeschneiderte L\u00f6sungen f\u00fcr gezielte Produkteinf\u00fchrungen, Kleinstauflagen oder veranstaltungsspezifische Werbe- und Marketingprojekte m\u00f6glich.<\/p>\n<h3 id=\"-your-global-companion-worldwide-shipping-and-logistics-\"><strong>Ihr globaler Begleiter: Weltweiter Versand und Logistik\u00a0<\/strong>.<\/h3>\n<p>Unser Kundenkreis ist global, und das gilt auch f\u00fcr unsere Leistungsf\u00e4higkeit. Wir bieten verl\u00e4ssliche und kosteneffiziente\u00a0<strong>weltweite Versandl\u00f6sungen\u00a0<\/strong>, Wir garantieren, dass Ihre individuellen Bildschirmst\u00e4nder sicher und rechtzeitig ankommen, egal wo Ihre M\u00e4rkte sind. Wir nutzen ein Netzwerk von vertrauensw\u00fcrdigen Spediteuren, um Ihnen vielseitige Alternativen zu bieten:.<\/p>\n<ul>\n<li><strong>Auf dem Seeweg:\u00a0<\/strong>F\u00fcr den wirtschaftlichsten Transport von gro\u00dfen, nicht dringenden Auftr\u00e4gen.<\/li>\n<li><strong>Mit dem Flugzeug:\u00a0<\/strong>F\u00fcr eine viel schnellere Option, die ein Gleichgewicht zwischen Preis und Kosten schafft.<\/li>\n<li><strong>Per Express (DHL, FedEx und so weiter):\u00a0<\/strong>F\u00fcr die schnellstm\u00f6gliche Lieferung von Beispielen und zeitkritischen Auftr\u00e4gen.<\/li>\n<\/ul>\n<h3 id=\"-why-pick-us-your-success-is-our-criteria-\"><strong>Warum uns w\u00e4hlen? Ihr Erfolg ist unser Kriterium.\u00a0<\/strong>.<\/h3>\n<ul>\n<li><strong>Unvergleichliche Vielseitigkeit:\u00a0<\/strong>Wir bieten nicht einfach nur St\u00e4nde, sondern multifunktionale Displayl\u00f6sungen, die in jeder Phase einen Mehrwert bieten.<\/li>\n<li><strong>Engagement f\u00fcr Qualit\u00e4t:\u00a0<\/strong>Von den Kosten f\u00fcr Acryl bis hin zur Feinmechanik konzentrieren wir uns voll und ganz auf hohe Qualit\u00e4t.<\/li>\n<li><strong>Factory-Direct Value:\u00a0<\/strong>Als Lieferant bieten wir wettbewerbsf\u00e4hige Preise, indem wir unn\u00f6tige Zwischenh\u00e4ndler ausschalten.<\/li>\n<li><strong>Geschwindigkeit und Integrit\u00e4t:\u00a0<\/strong>Unsere schnelle Preiskalkulation, die schnelle Fertigung von Beispielen und unsere zuverl\u00e4ssige Logistik sorgen daf\u00fcr, dass Ihre Projekte im Zeitplan bleiben.<\/li>\n<li><strong>Eine echte Kollaboration:\u00a0<\/strong>Wir sind erfahrene Fachleute, die sich der Herstellung eines Bildschirms widmen, der Ihren Markennamen verbessert und Ihren Gewinn steigert.<\/li>\n<\/ul>\n<h3 id=\"-ready-to-raise-your-brand-name-allow-s-start-\"><strong>Sind Sie bereit, Ihren Markennamen zu verbessern? Lassen Sie uns beginnen.\u00a0<\/strong>.<\/h3>\n<p>Ihre Bluetooth-Headsets sind der Gipfel der Audio-Innovation und des Designs. Es ist an der Zeit, dass ihre Sichtbarkeit im Einzelhandel diesem Qualit\u00e4tskriterium entspricht.<\/p>\n<p>Nehmen Sie noch heute Kontakt mit unserem Team auf, um das Gespr\u00e4ch zu beginnen. Lassen Sie uns eine beeindruckende <a href=\"https:\/\/customacrylicproduct.com\/de\/factory-price-uv-printing-cosmetic-custom-acrylic-display\/\">kundenspezifisches Acryl-Display<\/a> einen Service, der die Kunden in ihren Bahnen h\u00e4lt und ein fl\u00fcchtiges Interesse in einen best\u00e4tigten Verkauf umwandelt.<\/p>\n<p><strong>Fordern Sie jetzt Ihr kostenloses und unverbindliches Angebot an und erhalten Sie innerhalb von 1-8 Stunden ein detailliertes Angebot.\u00a0<\/strong>.<\/p>","protected":false},"excerpt":{"rendered":"<p>Heben Sie Ihre Marke mit unseren hochwertigen Acryl-Headset-St\u00e4ndern hervor. Wir bieten vollst\u00e4ndige OEM\/ODM-Designs mit Ihrem Logo f\u00fcr einen beeindruckenden Eindruck im Einzelhandel. Als Ihr direkter Fabriklieferant garantieren wir h\u00f6chste Qualit\u00e4t und wettbewerbsf\u00e4hige Preise. Fordern Sie noch heute ein Angebot f\u00fcr Ihre ma\u00dfgeschneiderte Display-L\u00f6sung an.<\/p>","protected":false},"featured_media":468,"template":"","meta":{"_kad_post_transparent":"default","_kad_post_title":"","_kad_post_layout":"default","_kad_post_sidebar_id":"","_kad_post_content_style":"default","_kad_post_vertical_padding":"default","_kad_post_feature":"","_kad_post_feature_position":"","_kad_post_header":false,"_kad_post_footer":false,"_kad_post_classname":""},"product_brand":[],"product_cat":[15],"product_tag":[47,33,46],"class_list":{"0":"post-467","1":"product","2":"type-product","3":"status-publish","4":"has-post-thumbnail","6":"product_cat-custom-acrylic-displays","7":"product_tag-acrylic-bluetooth-headset-display-stands","8":"product_tag-custom-acrylic-display","9":"product_tag-custom-acrylic-display-stands","11":"first","12":"instock","13":"shipping-taxable","14":"product-type-simple","15":"entry","16":"content-bg","17":"loop-entry"},"_links":{"self":[{"href":"https:\/\/customacrylicproduct.com\/de\/wp-json\/wp\/v2\/product\/467","targetHints":{"allow":["GET"]}}],"collection":[{"href":"https:\/\/customacrylicproduct.com\/de\/wp-json\/wp\/v2\/product"}],"about":[{"href":"https:\/\/customacrylicproduct.com\/de\/wp-json\/wp\/v2\/types\/product"}],"wp:featuredmedia":[{"embeddable":true,"href":"https:\/\/customacrylicproduct.com\/de\/wp-json\/wp\/v2\/media\/468"}],"wp:attachment":[{"href":"https:\/\/customacrylicproduct.com\/de\/wp-json\/wp\/v2\/media?parent=467"}],"wp:term":[{"taxonomy":"product_brand","embeddable":true,"href":"https:\/\/customacrylicproduct.com\/de\/wp-json\/wp\/v2\/product_brand?post=467"},{"taxonomy":"product_cat","embeddable":true,"href":"https:\/\/customacrylicproduct.com\/de\/wp-json\/wp\/v2\/product_cat?post=467"},{"taxonomy":"product_tag","embeddable":true,"href":"https:\/\/customacrylicproduct.com\/de\/wp-json\/wp\/v2\/product_tag?post=467"}],"curies":[{"name":"wp","href":"https:\/\/api.w.org\/{rel}","templated":true}]}}