{"id":473,"date":"2025-07-03T02:26:55","date_gmt":"2025-07-03T02:26:55","guid":{"rendered":"https:\/\/customacrylicproduct.com\/?post_type=product&#038;p=473"},"modified":"2025-07-03T03:02:44","modified_gmt":"2025-07-03T03:02:44","slug":"manufacture-custom-logo-acrylic-watch-display-stands","status":"publish","type":"product","link":"https:\/\/customacrylicproduct.com\/de\/manufacture-custom-logo-acrylic-watch-display-stands\/","title":{"rendered":"Herstellung kundenspezifischer Logo-Acryl-Uhrenst\u00e4nder"},"content":{"rendered":"<h2 id=\"the-art-of-discussion-boost-your-watches-with-our-custom-made-logo-acrylic-watch-present-stands\">Die Kunst der Diskussion: Verst\u00e4rken Sie Ihre Uhren mit unseren individuell gestalteten Logo-Acryl-Uhrenst\u00e4ndern<\/h2>\n<p>In der Welt der Uhrmacherei ist eine Uhr niemals nur ein Ger\u00e4t, das die Zeit anzeigt. Sie ist ein Ausdruck individuellen Designs, ein Wunder der Gestaltung, ein St\u00fcck tragbarer Kunst und in der Regel ein gesch\u00e4tztes Erbst\u00fcck, das \u00fcber Generationen weitergegeben wird. Jedes Ger\u00e4t, jede polierte Oberfl\u00e4che und jedes bewusste Ticken des fr\u00fcheren Besitzers erz\u00e4hlt eine Geschichte von Pr\u00e4zision, Begeisterung und Erbe. Warum sollten Sie also zulassen, dass ein solches Meisterwerk auf einem Stand pr\u00e4sentiert wird, der seiner Bedeutung nicht gerecht wird?<\/p>\n<p>In der dynamischen, erschwinglichen Landschaft des zeitgen\u00f6ssischen Einzelhandels oder sogar im friedlichen Schutz einer exklusiven Kollektion ist das Gespr\u00e4ch alles. Eine gro\u00dfartige Uhr ist mehr wert, als einfach nur in ein Etui gelegt oder in eine Schachtel gesteckt zu werden. Sie muss in Szene gesetzt, gefeiert und von allen Seiten bewundert werden. Das ist die Philosophie, die uns antreibt. Als Fachleute auf dem Markt f\u00fcr Uhrenst\u00e4nder aus Acryl wissen wir, dass die B\u00fchne genauso wichtig ist wie der Prominente. Wir entwickeln nicht nur Besitzer, wir schaffen Erlebnisse.<\/p>\n<p>Willkommen bei der ultimativen L\u00f6sung f\u00fcr Uhrendiskussionen: unsere ma\u00dfgeschneiderten, vollst\u00e4ndig personalisierten Acryl-Uhrenst\u00e4nder. Hier trifft Ihr Markenname auf unsere Fertigungsqualit\u00e4t, um ein visuelles Statement zu erzeugen, das fesselt, anspricht und konvertiert.<\/p>\n<h3 id=\"the-challenge-of-the-modern-industry-cutting-through-the-noise\">Die Herausforderung der modernen Industrie: Den L\u00e4rm durchdringen<\/h3>\n<p>Stellen Sie sich eine luxuri\u00f6se Einzelhandelsatmosph\u00e4re vor. Es ist eine Harmonie von Reizen - gl\u00e4nzender Modeschmuck, dynamische Bildschirme, vervollst\u00e4ndigende Marken und der st\u00e4ndige Strom von Kunden. Es gibt zahlreiche andere Artikel und Ger\u00e4usche, die um die Aufmerksamkeit Ihrer Kunden konkurrieren. Wie kann Ihre Uhrenmarke in diesem Meer der Gleichartigkeit entdeckt werden? Wie genau k\u00f6nnen Sie einen potenziellen Kunden in seinen Bahnen halten und ihn in die detaillierte Welt Ihrer Uhren einf\u00fchren? Ein Standardbildschirm von der Stange reicht da nicht aus. Es ist ein Fl\u00fcstern in einem schreienden Kampf.<\/p>\n<p>Sie m\u00f6chten sie einfangen und sie in K\u00e4ufer verwandeln. Dazu brauchen Sie ein Display, das mehr kann als nur eine Uhr zu halten. Sie brauchen einen ruhigen Handelsvertreter, einen Markenbotschafter und einen Autor in einem. Unsere Gruppe wird Ihnen sicherlich helfen, dieses Ziel zu erreichen. Ma\u00dfgeschneiderte Bildschirme sind erforderlich, wenn Sie m\u00f6chten, dass sich Ihre Uhrenmarke absolut von anderen abhebt, ihren besonderen Wertvorschlag kommuniziert und eine unvergessliche Verbindung zum Kunden herstellt.<\/p>\n<p><a href=\"https:\/\/customacrylicproduct.com\/de\/custom-acrylic-displays\/\"><img fetchpriority=\"high\" decoding=\"async\" class=\"aligncenter wp-image-475 size-full\" src=\"https:\/\/customacrylicproduct.com\/wp-content\/uploads\/2025\/07\/Custom-Acrylic-Watch-Display-2.jpg\" alt=\"Individuelles Uhrendisplay aus Acryl\" width=\"800\" height=\"800\" srcset=\"https:\/\/customacrylicproduct.com\/wp-content\/uploads\/2025\/07\/Custom-Acrylic-Watch-Display-2.jpg 800w, https:\/\/customacrylicproduct.com\/wp-content\/uploads\/2025\/07\/Custom-Acrylic-Watch-Display-2-300x300.jpg 300w, https:\/\/customacrylicproduct.com\/wp-content\/uploads\/2025\/07\/Custom-Acrylic-Watch-Display-2-150x150.jpg 150w, https:\/\/customacrylicproduct.com\/wp-content\/uploads\/2025\/07\/Custom-Acrylic-Watch-Display-2-768x768.jpg 768w, https:\/\/customacrylicproduct.com\/wp-content\/uploads\/2025\/07\/Custom-Acrylic-Watch-Display-2-12x12.jpg 12w, https:\/\/customacrylicproduct.com\/wp-content\/uploads\/2025\/07\/Custom-Acrylic-Watch-Display-2-600x600.jpg 600w, https:\/\/customacrylicproduct.com\/wp-content\/uploads\/2025\/07\/Custom-Acrylic-Watch-Display-2-100x100.jpg 100w\" sizes=\"(max-width: 800px) 100vw, 800px\" \/><\/a><\/p>\n<h3 id=\"the-polymer-advantage-clearness-durability-and-unmatched-sophistication\">Der Polymer-Vorteil: Klarheit, Langlebigkeit und un\u00fcbertroffene Raffinesse<\/h3>\n<p>Unser Material der Wahl ist hochwertiges Acryl, und das aus gutem Grund. Es ist das ideale Material, um die Diskussion \u00fcber Ihre Marke zu f\u00fchren. Wir verwenden erstklassige\u00a0<strong>Acrylprodukte, um diesen Halter herzustellen, der risikofrei genug ist, damit Sie ihn getrost benutzen k\u00f6nnen.\u00a0<\/strong>Dieses Engagement f\u00fcr ein qualitativ hochwertiges Produkt schl\u00e4gt sich in einer Reihe von Vorteilen nieder, die unsere St\u00e4nde au\u00dfergew\u00f6hnlich machen.<\/p>\n<p><strong>1. Kristalline Klarheit:\u00a0<\/strong>Hochmodernes Acryl bietet eine optische Klarheit, die einem der teuersten Kristalle gleichkommt. Im Gegensatz zu Glas hat es eine ganz nat\u00fcrliche Lumineszenz, die keine umweltfreundliche oder ver\u00e4nderte T\u00f6nung hervorruft, wodurch sichergestellt wird, dass die wahren Schattierungen und ausgefeilten Details Ihres Zifferblatts, der Instanz und des Armbands mit absoluter Integrit\u00e4t bestehen. Die Transparenz unseres\u00a0<strong>klare Uhrenst\u00e4nder\u00a0<\/strong>erm\u00f6glicht es der Uhr, relativ zu schweben und ein Gef\u00fchl von Kostbarkeit und Fokus zu entwickeln, das sofort den Blick auf sich zieht. Der St\u00e4nder wird zu einem raffinierten, ausgekl\u00fcgelten Rahmen, der die Kunst, die er zeigen soll, nie \u00fcberw\u00e4ltigt.<\/p>\n<p><strong>2. \u00dcberlegene Sicherheit und Widerstandsf\u00e4higkeit:\u00a0<\/strong>In allen Bereichen, die der \u00d6ffentlichkeit zug\u00e4nglich sind, ist die Sicherheit \u00e4u\u00dferst wichtig. Die Natur der Gegenst\u00e4nde\u00a0<strong>aus Acryl kann diese Uhr Bildschirm Stand mehr sicher und bequem zu nutzen\u00a0<\/strong>als solche aus Glas. Acryl ist wesentlich sto\u00dffester als Glas, was die Gefahr von Besch\u00e4digungen und m\u00f6glichen Verletzungen in einem belebten Ladengesch\u00e4ft oder beim Transport drastisch verringert. Diese robuste Beschaffenheit stellt sicher, dass Ihre finanzielle Investition in ein hochwertiges Display von Dauer ist, das gegen Br\u00fcche, Splitter und die Rauheit des t\u00e4glichen Gebrauchs resistent ist. Dies ist die\u00a0<strong>Koordinator Basis genie\u00dfen\u00a0<\/strong>die sowohl Charme als auch Komfort bietet.<\/p>\n<p><strong>3. Leichtgewichtig und mobil:\u00a0<\/strong>Ungeachtet seiner Widerstandsf\u00e4higkeit ist Acryl bemerkenswert leicht. Diese Besonderheit macht unser\u00a0<strong>Geschenkst\u00e4nder f\u00fcr die Uhr\u00a0<\/strong>unglaublich flexibel. Mit seiner\u00a0<strong>leicht und in der richtigen Gr\u00f6\u00dfe, problemlos f\u00fcr Sie zu jeder Art von Bereichen, die Sie ben\u00f6tigen\u00a0<\/strong>, F\u00fcr eine Messe, einen Pop-up-Store oder eine einmalige Veranstaltung in einem Gesch\u00e4ft ist es ganz einfach. Sie k\u00f6nnen Ihre Bildschirme leicht umgestalten und an neue Kollektionen oder Marketingkampagnen anpassen, ohne den logistischen Aufwand, der mit schwereren, viel anf\u00e4lligeren Materialien verbunden ist. Es handelt sich nicht einfach um feste Bestandteile, sondern um lebendige Werbetr\u00e4ger.<\/p>\n<p><a href=\"https:\/\/customacrylicproduct.com\/de\/custom-acrylic-displays\/\"><img decoding=\"async\" class=\"aligncenter wp-image-474 size-full\" src=\"https:\/\/customacrylicproduct.com\/wp-content\/uploads\/2025\/07\/Custom-Acrylic-Watch-Display-1.jpg\" alt=\"Individuelles Uhrendisplay aus Acryl\" width=\"800\" height=\"800\" srcset=\"https:\/\/customacrylicproduct.com\/wp-content\/uploads\/2025\/07\/Custom-Acrylic-Watch-Display-1.jpg 800w, https:\/\/customacrylicproduct.com\/wp-content\/uploads\/2025\/07\/Custom-Acrylic-Watch-Display-1-300x300.jpg 300w, https:\/\/customacrylicproduct.com\/wp-content\/uploads\/2025\/07\/Custom-Acrylic-Watch-Display-1-150x150.jpg 150w, https:\/\/customacrylicproduct.com\/wp-content\/uploads\/2025\/07\/Custom-Acrylic-Watch-Display-1-768x768.jpg 768w, https:\/\/customacrylicproduct.com\/wp-content\/uploads\/2025\/07\/Custom-Acrylic-Watch-Display-1-12x12.jpg 12w, https:\/\/customacrylicproduct.com\/wp-content\/uploads\/2025\/07\/Custom-Acrylic-Watch-Display-1-600x600.jpg 600w, https:\/\/customacrylicproduct.com\/wp-content\/uploads\/2025\/07\/Custom-Acrylic-Watch-Display-1-100x100.jpg 100w\" sizes=\"(max-width: 800px) 100vw, 800px\" \/><\/a><\/p>\n<h3 id=\"the-power-of-real-customization-your-vision-brought-to-life\">Die Kraft der echten Individualisierung: Ihre Vision, zum Leben erweckt<\/h3>\n<p>Hier unterscheiden wir uns von den unbestrittenen Branchenf\u00fchrern. Unser Team ist der Meinung, dass ein Bildschirmst\u00e4nder eine Erweiterung der DNA Ihrer Marke sein muss. Deshalb bieten wir auch keine Einheitsl\u00f6sung an. Vielmehr bieten wir eine gemeinschaftliche Reise an.\u00a0<strong>Wir schneidern Ihren Uhrenst\u00e4nder aus Acryl nach Ihren W\u00fcnschen,\u00a0<\/strong>Wir garantieren, dass das Endprodukt Ihre Vorstellungen und Werte perfekt widerspiegelt.<\/p>\n<p>Ihre \u00c4nderungsm\u00f6glichkeiten sind praktisch grenzenlos:<\/p>\n<ul>\n<li><strong>Ihre Identit\u00e4t mit einem Logo kennzeichnen:\u00a0<\/strong>Ihr Logo ist Ihre Signatur. Wir k\u00f6nnen gekonnt und vollst\u00e4ndig\u00a0<strong>Branding Ihres Bildschirms mit einem Logo-Design\u00a0<\/strong>mit einer Reihe von ausgekl\u00fcgelten Strategien, die von einer pr\u00e4zisen Laserbeschriftung \u00fcber einen lebendigen Vollfarbdruck bis hin zu einem ausgekl\u00fcgelten 3D-Text in Hochformat reichen. Dadurch wird der Stand von einem einfachen Besitzer zu einem effektiven Branding-Tool, das die Erinnerung an den Markennamen st\u00e4rkt und einen Hauch von Exklusivit\u00e4t und Kompetenz ausstrahlt.<\/li>\n<li><strong>Interaktive moderne Technologie einbeziehen:\u00a0<\/strong>Im heutigen digitalen Zeitalter geh\u00f6ren statische Bildschirme endg\u00fcltig der Vergangenheit an. Wir k\u00f6nnen Ihre Diskussion direkt ins 21. Stellen Sie sich vor, ein Verbraucher n\u00e4hert sich Ihrem Bildschirm. Wir k\u00f6nnen\u00a0<strong>Touch-Displays einsetzen\u00a0<\/strong>direkt in den Acrylboden, so dass sie mit Ihnen in Kontakt treten k\u00f6nnen. Sie k\u00f6nnen die vollst\u00e4ndigen Spezifikationen der Uhr erkunden, verschiedene Bandkombinationen sehen, die Geschichte Ihres Markennamens verfolgen oder sich f\u00fcr einen E-Newsletter anmelden. So wird aus dem passiven Betrachten eine aktive Beteiligung, was die Verweildauer und das Interesse der Kunden drastisch erh\u00f6ht.<\/li>\n<li><strong>Dynamische visuelle Narration:\u00a0<\/strong>M\u00f6chten Sie die Wasserdichtigkeit Ihrer neuen Taucheruhr oder die komplexen Funktionen Ihres automatischen Chronographen hervorheben? Wir k\u00f6nnen\u00a0<strong>kleine Videoclip-Anzeigen platzieren\u00a0<\/strong>die die besonderen Merkmale Ihrer Uhren in einem spannenden Rahmen zeigen. Pr\u00e4sentieren Sie Ihre Handwerkskunst mit einem Video, das einen Blick hinter die Kulissen wirft, teilen Sie strahlende Erfahrungsberichte mit, oder zeigen Sie Preisinformationen und andere Informationen, die Sie gerne weitergeben m\u00f6chten. Dieser lebendige Aspekt ist ein Magnet f\u00fcr die Aufmerksamkeit und erz\u00e4hlt eine reichhaltige Geschichte, die ein einfaches Plakat niemals erz\u00e4hlen k\u00f6nnte.<\/li>\n<li><strong>Sie sind der Designer von Form und Funktion:\u00a0<\/strong>Ihr Markenname hat ein einzigartiges Erscheinungsbild, und Ihr Display muss es wiedererkennen.\u00a0<strong>Sie k\u00f6nnen auch den Farbton, die Form und die Gr\u00f6\u00dfe Ihres Standes w\u00e4hlen.\u00a0<\/strong>Stellen Sie sich einen eleganten, minimalistischen C-f\u00f6rmigen St\u00e4nder in Tiefschwarz f\u00fcr Ihre moderne, progressive Kollektion vor? Oder vielleicht eine Reihe klarer, mehrst\u00f6ckiger Plattformen f\u00fcr die Pr\u00e4sentation einer ganzen Uhrenfamilie? Von der exakten Kr\u00fcmmung des Uhrenhalters bis hin zu den Abmessungen des Sockels liegt jeder Aspekt in Ihrer Hand. Wir k\u00f6nnen einzelne\u00a0<strong>Acryl-Uhrenhalter\u00a0<\/strong>f\u00fcr einzelne Kunstwerke oder gro\u00dfe\u00a0<strong>Ansicht Bildschirm Speicherplatz Eigent\u00fcmer\u00a0<\/strong>Systeme f\u00fcr ganze Sammlungen.<\/li>\n<\/ul>\n<p><a href=\"https:\/\/customacrylicproduct.com\/de\/custom-acrylic-displays\/\"><img decoding=\"async\" class=\"aligncenter wp-image-476 size-full\" src=\"https:\/\/customacrylicproduct.com\/wp-content\/uploads\/2025\/07\/Custom-Acrylic-Watch-Display-3.jpg\" alt=\"Individuelles Uhrendisplay aus Acryl\" width=\"800\" height=\"800\" srcset=\"https:\/\/customacrylicproduct.com\/wp-content\/uploads\/2025\/07\/Custom-Acrylic-Watch-Display-3.jpg 800w, https:\/\/customacrylicproduct.com\/wp-content\/uploads\/2025\/07\/Custom-Acrylic-Watch-Display-3-300x300.jpg 300w, https:\/\/customacrylicproduct.com\/wp-content\/uploads\/2025\/07\/Custom-Acrylic-Watch-Display-3-150x150.jpg 150w, https:\/\/customacrylicproduct.com\/wp-content\/uploads\/2025\/07\/Custom-Acrylic-Watch-Display-3-768x768.jpg 768w, https:\/\/customacrylicproduct.com\/wp-content\/uploads\/2025\/07\/Custom-Acrylic-Watch-Display-3-12x12.jpg 12w, https:\/\/customacrylicproduct.com\/wp-content\/uploads\/2025\/07\/Custom-Acrylic-Watch-Display-3-600x600.jpg 600w, https:\/\/customacrylicproduct.com\/wp-content\/uploads\/2025\/07\/Custom-Acrylic-Watch-Display-3-100x100.jpg 100w\" sizes=\"(max-width: 800px) 100vw, 800px\" \/><\/a><\/p>\n<p><strong>Seien Sie versichert, dass wir Ihnen genau das besorgen werden, was Sie brauchen.\u00a0<\/strong>Unser Ziel ist es, die Bedeutung Ihrer Marke in eine physische Form zu bringen, die Aufmerksamkeit und Wertsch\u00e4tzung steuert.<\/p>\n<h3 id=\"our-collaborative-style-process-a-collaboration-in-excellence\">Unser Collaborative Style Prozess: Eine Zusammenarbeit in Exzellenz<\/h3>\n<p>Unser Team glaubt, dass die Herstellung des idealen Bildschirms eine Zusammenarbeit ist. Unsere Vorgehensweise ist klar, kollektiv und ganz auf Ihre Zufriedenheit ausgerichtet.<\/p>\n<p><strong>Aktion 1: Die Pr\u00fcfung.\u00a0<\/strong>Sie beginnt mit einer Diskussion.\u00a0<strong>Unsere Fachleute werden Ihnen sicherlich helfen, einen Acryl-Bildschirmst\u00e4nder zu finden, der Ihren Anforderungen entspricht.\u00a0<\/strong>Wir achten auf Ihre Ziele, lernen die Identifikation Ihres Markennamens kennen, verstehen Ihr Zielpublikum und besprechen die Umgebung, in der das Display aufgestellt werden soll.<\/p>\n<p><strong>Schritt 2: Der Plan.\u00a0<\/strong>Basierend auf unserer Beratung,\u00a0<strong>Danach erstellen wir eine Illustration dessen, was Sie ausgew\u00e4hlt haben, und senden Ihnen diese zu.\u00a0<\/strong>Dabei handelt es sich nicht nur um eine einfache Illustration; wir verwenden innovative Softwareprogramme, um umfassende 2D-Mockups und 3D-Renderings zu erstellen, die es Ihnen erm\u00f6glichen, sich genau vorzustellen, wie Ihr Stand aussehen wird, komplett mit Ihrem Logodesign und jeder Art von technischen Integrationen.<\/p>\n<p><strong>Aktion 3: Der Prototyp und seine Verbesserung.\u00a0<\/strong>Wer's sieht, glaubt's. F\u00fcr gr\u00f6\u00dfere Bestellungen,\u00a0<strong>Sie werden sicherlich die M\u00f6glichkeit haben, das Modell zu \u00fcberpr\u00fcfen, bevor wir mit der Arbeit an Ihrem Stand beginnen.\u00a0<\/strong>Dies ist ein entscheidender Schritt. Sie k\u00f6nnen die hohe Qualit\u00e4t des Acryls f\u00fchlen, die Genauigkeit des Brandings sehen und sicherstellen, dass die Ma\u00dfe perfekt sind. Dies ist Ihre Gelegenheit, um\u00a0<strong>\u00c4nderungen am Stil vornehmen, um sicherzustellen, dass Sie genau das bekommen, was Sie wollen.\u00a0<\/strong>Wir freuen uns \u00fcber Ihre Antworten und werden das Design so lange verfeinern, bis es Ihrer absoluten Zustimmung entspricht.<\/p>\n<h3 id=\"beyond-the-retail-counter-a-stand-for-every-event\">Jenseits der Ladentheke: Ein Stand f\u00fcr jede Veranstaltung<\/h3>\n<p>Auch wenn sie am besten f\u00fcr den Einzelhandel geeignet sind, ist die Anwendung unserer\u00a0<strong>Bildschirmbesitzer anzeigen\u00a0<\/strong>reicht weit \u00fcber die Ladenfront hinaus.<\/p>\n<ul>\n<li><strong>F\u00fcr den aufmerksamen Sammler:\u00a0<\/strong>Diese\u00a0<strong>enjoy storage space stand wird f\u00fcr den Uhrenbesitzer hergestellt, der erkennt, dass eine Uhr, ein Uhrenhalter oder ein Uhrenaufbewahrungsger\u00e4t unerl\u00e4sslich ist.\u00a0<\/strong>F\u00fcr diejenigen, die eine Sammlung feiner Zeitmesser zusammengetragen haben, bieten unsere St\u00e4nder einen Bildschirm in Museumsqualit\u00e4t f\u00fcr das Haus oder das B\u00fcro. Sie sch\u00fctzen Ihre finanzielle Investition von Grund auf und pr\u00e4sentieren sie als das Kunstwerk, das sie ist.<\/li>\n<li><strong>Das perfekte Geschenk:\u00a0<\/strong>Ein ma\u00dfgefertigter Uhrenst\u00e4nder aus Acryl ist\u00a0<strong>ein wunderbares Geschenk f\u00fcr Ihre Familienmitglieder, Liebhaber, Freunde, Familienmitglieder und Mitarbeiter, um Sie besonders zu begeistern.\u00a0<\/strong>Es ist ein durchdachtes, elegantes und pers\u00f6nliches Geschenk f\u00fcr jeden Uhrenliebhaber, das zeigt, dass Sie sein Interesse und seine Vorlieben zu sch\u00e4tzen wissen.<\/li>\n<\/ul>\n<p>Ihre Uhr erz\u00e4hlt von Handwerkskunst und Pr\u00e4zision. Lassen Sie uns Ihnen helfen, dieser Geschichte die B\u00fchne zu geben, die sie haben sollte. Setzen Sie sich noch heute mit unserem Expertenteam in Verbindung und lassen Sie uns gemeinsam einen ma\u00dfgeschneiderten Uhrenst\u00e4nder aus Acryl entwickeln, der nicht nur Ihre Uhren pr\u00e4sentiert, sondern Ihre gesamte Marke aufwertet.<\/p>","protected":false},"excerpt":{"rendered":"<p>Heben Sie Ihre Marke mit einem individuellen Uhrendisplay aus Acryl hervor. Mit Ihrem Logo versehen, k\u00f6nnen wir interaktive Videobildschirme f\u00fcr eine beeindruckende Einzelhandelsl\u00f6sung hinzuf\u00fcgen. Sie w\u00e4hlen die Farbe, Form und Gr\u00f6\u00dfe. Unsere Experten helfen Ihnen dabei, einen Stand zu entwerfen, der die Aufmerksamkeit der Kunden auf sich zieht und sie zu K\u00e4ufern macht.<\/p>","protected":false},"featured_media":475,"template":"","meta":{"_kad_post_transparent":"default","_kad_post_title":"","_kad_post_layout":"default","_kad_post_sidebar_id":"","_kad_post_content_style":"default","_kad_post_vertical_padding":"default","_kad_post_feature":"","_kad_post_feature_position":"","_kad_post_header":false,"_kad_post_footer":false,"_kad_post_classname":""},"product_brand":[],"product_cat":[15],"product_tag":[48,33,46],"class_list":{"0":"post-473","1":"product","2":"type-product","3":"status-publish","4":"has-post-thumbnail","6":"product_cat-custom-acrylic-displays","7":"product_tag-acrylic-watch-display-stands","8":"product_tag-custom-acrylic-display","9":"product_tag-custom-acrylic-display-stands","11":"first","12":"instock","13":"shipping-taxable","14":"product-type-simple","15":"entry","16":"content-bg","17":"loop-entry"},"_links":{"self":[{"href":"https:\/\/customacrylicproduct.com\/de\/wp-json\/wp\/v2\/product\/473","targetHints":{"allow":["GET"]}}],"collection":[{"href":"https:\/\/customacrylicproduct.com\/de\/wp-json\/wp\/v2\/product"}],"about":[{"href":"https:\/\/customacrylicproduct.com\/de\/wp-json\/wp\/v2\/types\/product"}],"wp:featuredmedia":[{"embeddable":true,"href":"https:\/\/customacrylicproduct.com\/de\/wp-json\/wp\/v2\/media\/475"}],"wp:attachment":[{"href":"https:\/\/customacrylicproduct.com\/de\/wp-json\/wp\/v2\/media?parent=473"}],"wp:term":[{"taxonomy":"product_brand","embeddable":true,"href":"https:\/\/customacrylicproduct.com\/de\/wp-json\/wp\/v2\/product_brand?post=473"},{"taxonomy":"product_cat","embeddable":true,"href":"https:\/\/customacrylicproduct.com\/de\/wp-json\/wp\/v2\/product_cat?post=473"},{"taxonomy":"product_tag","embeddable":true,"href":"https:\/\/customacrylicproduct.com\/de\/wp-json\/wp\/v2\/product_tag?post=473"}],"curies":[{"name":"wp","href":"https:\/\/api.w.org\/{rel}","templated":true}]}}