{"id":479,"date":"2025-07-03T03:28:21","date_gmt":"2025-07-03T03:28:21","guid":{"rendered":"https:\/\/customacrylicproduct.com\/?post_type=product&#038;p=479"},"modified":"2025-07-03T06:43:32","modified_gmt":"2025-07-03T06:43:32","slug":"private-label-colored-acrylic-gift-storage-square-boxes","status":"publish","type":"product","link":"https:\/\/customacrylicproduct.com\/de\/private-label-colored-acrylic-gift-storage-square-boxes\/","title":{"rendered":"Private Label Farbige Acryl Geschenk Lagerung Quadratische Boxen"},"content":{"rendered":"<h3 id=\"-unbox-radiance-presenting-our-private-tag-colored-polymer-present-storage-space-boxes-where-clarity-fulfills-creative-thinking-\"><strong>Unbox Radiance: Wir pr\u00e4sentieren unsere Private Tag Colored Polymer Present &amp; Storage Space Boxen - Wo Klarheit kreatives Denken erf\u00fcllt\u00a0<\/strong>.<\/h3>\n<p>In einer Welt, die von fl\u00fcchtigen Modetrends und nicht wiederverwendbaren Gegenst\u00e4nden \u00fcbers\u00e4ttigt ist, w\u00e4chst der Wunsch nach Gegenst\u00e4nden, die nicht nur n\u00fctzlich, sondern auch sch\u00f6n, langlebig und sehr pers\u00f6nlich sind. Wir wollen Ordnung in unser Chaos bringen, unsere t\u00e4glichen Rituale verbessern und unsere wertvollsten Geschenke und Produkte in einer Weise anbieten, die ihren Wert wirklich widerspiegelt. Aus diesem Bed\u00fcrfnis heraus ist unsere f\u00fchrende Kollektion von Personal Label Colored Polymer Present und <a href=\"https:\/\/customacrylicproduct.com\/de\/best-quality-wholesale-customized-acrylic-storage-boxes\/\">Stauraum Quadratische Boxen<\/a> war geboren - eine Symphonie aus Farbe, Klarheit und ma\u00dfgeschneiderter Handwerkskunst, die das Normale in etwas Au\u00dfergew\u00f6hnliches verwandelt.<\/p>\n<p>Ob Sie eine Marke sind, die eine au\u00dfergew\u00f6hnliche Produktverpackung herstellen m\u00f6chte, ein Gesch\u00e4ft, das einen innovativen Bildschirm kuratiert, oder ein designbewusster Einzelner, der eine pers\u00f6nliche Unterkunft organisiert, unsere <a href=\"https:\/\/customacrylicproduct.com\/de\/best-quality-wholesale-customized-acrylic-storage-boxes\/\">Acryl-Boxen<\/a> bieten eine Leinwand f\u00fcr Ihr kreatives Denken. Sie sind ein Bekenntnis zu hoher Qualit\u00e4t, ein Bekenntnis zur Eleganz und eine n\u00fctzliche L\u00f6sung f\u00fcr die modernen Herausforderungen von Stauraum und Pr\u00e4sentation. Entdecken Sie mit uns die au\u00dfergew\u00f6hnlichen Spitzenqualit\u00e4ten, die unsere <a href=\"https:\/\/customacrylicproduct.com\/de\/best-quality-wholesale-customized-acrylic-storage-boxes\/\">Acryl-Boxen<\/a> die eindeutige Wahl f\u00fcr alle, die keine Kompromisse bei Design und Material eingehen wollen.<\/p>\n<h4 id=\"-1-the-essence-of-excellence-the-unequaled-top-quality-of-our-polymer-\"><strong>1. Die Essenz der Exzellenz: Die un\u00fcbertroffene Spitzenqualit\u00e4t unseres Polymers\u00a0<\/strong>.<\/h4>\n<p>Die Grundlage eines jeden au\u00dfergew\u00f6hnlichen Produkts liegt in seinem Material. Wir haben uns f\u00fcr Premium-Acryl entschieden, weil es eine einzigartige Mischung aus optischer Eleganz und hoher Widerstandsf\u00e4higkeit bietet, die sicherstellt, dass jede Box eine finanzielle Investition in dauerhafte Spitzenqualit\u00e4t ist.<\/p>\n<ul>\n<li><strong>Kristalline Transparenz und lebendige Farbwirkung:\u00a0<\/strong>Das Herzst\u00fcck unseres Acryls ist seine atemberaubende Qualit\u00e4t. Mit einer Lichtdurchl\u00e4ssigkeit von mehr als 92% entspricht es der Reinheit von optischem Glas und l\u00e4sst das Licht durch seine Struktur tanzen. Das Ergebnis ist ein sanftes, leuchtendes Licht, das die Materialien im Inneren beleuchtet und sie ohne Verzerrung in ihrer wahrsten Form zeigt. Die Klarheit ist jedoch nur die halbe Miete. Durch ein pr\u00e4zises F\u00e4rbeverfahren erschlie\u00dfen wir ein lebhaftes Spektrum an M\u00f6glichkeiten. Von einem feurigen, leidenschaftlichen Rot \u00fcber ein friedliches, entspannendes Blau bis hin zu einem energiegeladenen Gr\u00fcn und einem k\u00f6niglichen Violett - unsere Farbpalette ist so vielf\u00e4ltig wie Ihre Kreativit\u00e4t. Diese doppelte F\u00e4higkeit dient zwei Zielen: Sie sorgt f\u00fcr ein schnelles \u00e4sthetisches Vergn\u00fcgen und liefert ein n\u00fctzliches System f\u00fcr die farbkodierte Organisation, mit dem sich alles von Lippenstiftfarben bis hin zu B\u00fcromaterialien unkompliziert klassifizieren l\u00e4sst.<\/li>\n<li><strong>Unerreichte Widerstandsf\u00e4higkeit f\u00fcr dauerhafte Sicherheit:\u00a0<\/strong>Unsere Acrylboxen sind so konstruiert, dass sie den Unbilden des Alltags standhalten. Sie haben eine hohe Ausdauer\u00a0<strong>16-mal h\u00f6her als die von herk\u00f6mmlichem Glas\u00a0<\/strong>, Sie verwenden eine bruchsichere Option, die sowohl sicher als auch zuverl\u00e4ssig ist. Diese Langlebigkeit macht sie ideal f\u00fcr belebte Einzelhandelsumgebungen, aktive Haushalte und sogar \u00f6ffentliche Bereiche. Dar\u00fcber hinaus ist unser Acrylglas unglaublich verschlei\u00dffest und bietet einen hervorragenden Schutz gegen g\u00e4ngige \u00e4tzende Stoffe wie S\u00e4uren und Laugen. Anders als niedrigere Materialien, die vergilben, sich verziehen oder allm\u00e4hlich br\u00fcchig werden, behalten unsere Boxen ihre strukturelle Ehrlichkeit und ihr sch\u00f6nes Aussehen \u00fcber mehrere Jahre hinweg, so dass sie sowohl im Innen- als auch im Au\u00dfenbereich eingesetzt werden k\u00f6nnen, ohne dass eine Zerst\u00f6rung zu bef\u00fcrchten ist.<\/li>\n<li><strong>Nat\u00fcrlich leichtgewichtig, absichtlich haftbar:\u00a0<\/strong>Trotz seiner Langlebigkeit ist Acrylglas bemerkenswert leicht - es wiegt nur halb so viel wie Glas. Dies senkt die Probleme und die Kosten f\u00fcr Transport und Versand erheblich, ein entscheidender Vorteil f\u00fcr unsere Kunden. F\u00fcr den Endverbraucher bedeutet dies, dass unsere Boxen einfach zu handhaben, zu bewegen und neu zu organisieren sind. In einer Zeit, in der das Umweltbewusstsein zunimmt, sind wir stolz darauf, dass unser Polymer ein vollst\u00e4ndig recycelbares Produkt ist. Wenn Sie sich f\u00fcr unsere Produkte entscheiden, entscheiden Sie sich f\u00fcr dauerhafte Raffinesse - ein sch\u00f6nes Mittel, das mit der Verpflichtung zum Schutz unserer Welt einhergeht.<\/li>\n<\/ul>\n<p><a href=\"https:\/\/customacrylicproduct.com\/de\/private-label-colored-acrylic-gift-storage-square-boxes\/\"><img fetchpriority=\"high\" decoding=\"async\" class=\"wp-image-483 size-full aligncenter\" src=\"https:\/\/customacrylicproduct.com\/wp-content\/uploads\/2025\/07\/Colored-Acrylic-Boxes-4.jpg\" alt=\"Farbige Acrylboxen\" width=\"800\" height=\"800\" srcset=\"https:\/\/customacrylicproduct.com\/wp-content\/uploads\/2025\/07\/Colored-Acrylic-Boxes-4.jpg 800w, https:\/\/customacrylicproduct.com\/wp-content\/uploads\/2025\/07\/Colored-Acrylic-Boxes-4-300x300.jpg 300w, https:\/\/customacrylicproduct.com\/wp-content\/uploads\/2025\/07\/Colored-Acrylic-Boxes-4-150x150.jpg 150w, https:\/\/customacrylicproduct.com\/wp-content\/uploads\/2025\/07\/Colored-Acrylic-Boxes-4-768x768.jpg 768w, https:\/\/customacrylicproduct.com\/wp-content\/uploads\/2025\/07\/Colored-Acrylic-Boxes-4-12x12.jpg 12w, https:\/\/customacrylicproduct.com\/wp-content\/uploads\/2025\/07\/Colored-Acrylic-Boxes-4-600x600.jpg 600w, https:\/\/customacrylicproduct.com\/wp-content\/uploads\/2025\/07\/Colored-Acrylic-Boxes-4-100x100.jpg 100w\" sizes=\"(max-width: 800px) 100vw, 800px\" \/><\/a><\/p>\n<h4 id=\"-2-from-principle-to-creation-the-art-of-bespoke-style-\"><strong>2. Vom Prinzip zur Kreation: Die Kunst des ma\u00dfgeschneiderten Stils\u00a0<\/strong>.<\/h4>\n<p>Eine Schachtel ist niemals einfach nur eine Schachtel. Er ist eine Bauform, ein St\u00fcck Layout, das so einzigartig sein muss wie die Produkte, die er enth\u00e4lt, oder der Markenname, den er repr\u00e4sentiert. Unsere ausgekl\u00fcgelten Herstellungsverfahren erm\u00f6glichen es Ihnen, \u00fcber die \u00fcblichen Formen hinauszugehen und ein wirklich individuelles Produkt zu entwickeln.<\/p>\n<ul>\n<li><strong>Unbegrenzte strukturelle Vielseitigkeit:\u00a0<\/strong>Ihre Vision ist unser Plan. Durch den Einsatz modernster Technologien wie Genauigkeit\u00a0<strong>Laserschnitt, glatte warme Biegung und UV-Schutzschicht\u00a0<\/strong>, k\u00f6nnen wir auch einen der komplexesten Stile zum Leben erwecken. W\u00e4hrend der zeitlose quadratische Typus zeitlosen Charme verspr\u00fcht, k\u00f6nnen wir ausgefeilte, auf besondere Anforderungen zugeschnittene Strukturen herstellen. Stellen Sie sich einen mehrstufigen Koordinator vor, der eine Lippenstiftsammlung wie eine Trib\u00fcne pr\u00e4sentiert, eine glatte, kapself\u00f6rmige Schachtel f\u00fcr wertvollen Modeschmuck oder ein unterteiltes Tablett mit individuell gefr\u00e4sten Schlitzen f\u00fcr Schminkpinsel und -werkzeuge. Ihre Kreativit\u00e4t ist die einzige Grenze.<\/li>\n<li><strong>Eine Symphonie der Oberfl\u00e4chenbehandlungen:\u00a0<\/strong>Die taktile und \u00e4sthetische Beschaffenheit eines Gegenstandes hat gro\u00dfen Einfluss auf seinen wahrgenommenen Wert. Wir bieten eine Reihe von Oberfl\u00e4chenbehandlungen an, um die \u00c4sthetik zu verbessern und ein multisensorisches Erlebnis zu schaffen.<\/li>\n<li><strong>Schlank:\u00a0<\/strong>Unsere typische polierte Oberfl\u00e4che ist vollkommen glatt und transparent, wodurch ein glas\u00e4hnliches Ergebnis entsteht, das die Klarheit optimal nutzt und das Licht hervorragend reflektiert.<\/li>\n<li><strong>Mattiert:\u00a0<\/strong>F\u00fcr einen Hauch von dezenter Eleganz bietet unsere mattierte Oberfl\u00e4che eine verschwommene, weichzeichnende Struktur. Sie deckt den Inhalt teilweise ab, schafft eine gewisse Aura und streut das Licht perfekt.<\/li>\n<li><strong>Texturiert:\u00a0<\/strong>F\u00fcr ein unverwechselbares k\u00fcnstlerisches Ma\u00df k\u00f6nnen wir stilvolle Streifenmuster oder ein modernes Wabenmuster direkt in die Acryloberfl\u00e4che einarbeiten, wodurch ein lebendiges Spiel von Licht und Schatten entsteht, das zum Anfassen einl\u00e4dt.<\/li>\n<li><strong>Durchdachte Integration von Zubeh\u00f6r:\u00a0<\/strong>Der wahre Luxus liegt in der Information. Wir haben wirklich an jeden Aspekt der Funktionalit\u00e4t gedacht, einschlie\u00dflich einer Kollektion von funktionellen Accessoires. W\u00e4hlen Sie eine\u00a0<strong>staubdichter Flip-Cover-Deckel\u00a0<\/strong>um n\u00fctzliche Materialien zu sichern, einige mit ger\u00e4uschlosen Magnetverschl\u00fcssen. Entscheiden Sie sich f\u00fcr\u00a0<strong>Leichtg\u00e4ngige Auszugsschienen\u00a0<\/strong>f\u00fcr m\u00fchelose Zug\u00e4nglichkeit in abgestuften Ordnern. Und f\u00fcr die Stabilit\u00e4t k\u00f6nnen wir diskrete\u00a0<strong>Anti-Rutsch-Pads aus Gummi\u00a0<\/strong>an der Basis, so dass die Box auf jeder Art von Oberfl\u00e4che sicher stehen bleibt.<\/li>\n<\/ul>\n<p><a href=\"https:\/\/customacrylicproduct.com\/de\/private-label-colored-acrylic-gift-storage-square-boxes\/\"><img decoding=\"async\" class=\"aligncenter wp-image-480 size-full\" src=\"https:\/\/customacrylicproduct.com\/wp-content\/uploads\/2025\/07\/Colored-Acrylic-Boxes-1.jpg\" alt=\"Farbige Acrylboxen\" width=\"800\" height=\"800\" srcset=\"https:\/\/customacrylicproduct.com\/wp-content\/uploads\/2025\/07\/Colored-Acrylic-Boxes-1.jpg 800w, https:\/\/customacrylicproduct.com\/wp-content\/uploads\/2025\/07\/Colored-Acrylic-Boxes-1-300x300.jpg 300w, https:\/\/customacrylicproduct.com\/wp-content\/uploads\/2025\/07\/Colored-Acrylic-Boxes-1-150x150.jpg 150w, https:\/\/customacrylicproduct.com\/wp-content\/uploads\/2025\/07\/Colored-Acrylic-Boxes-1-768x768.jpg 768w, https:\/\/customacrylicproduct.com\/wp-content\/uploads\/2025\/07\/Colored-Acrylic-Boxes-1-12x12.jpg 12w, https:\/\/customacrylicproduct.com\/wp-content\/uploads\/2025\/07\/Colored-Acrylic-Boxes-1-600x600.jpg 600w, https:\/\/customacrylicproduct.com\/wp-content\/uploads\/2025\/07\/Colored-Acrylic-Boxes-1-100x100.jpg 100w\" sizes=\"(max-width: 800px) 100vw, 800px\" \/><\/a><\/p>\n<h4 id=\"-3-past-package-infinite-opportunities-for-organization-show-\"><strong>3. Vergangenes Paket: Unendliche M\u00f6glichkeiten f\u00fcr Organisation und Show\u00a0<\/strong>.<\/h4>\n<p>Der Komfort unserer <a href=\"https:\/\/customacrylicproduct.com\/de\/best-quality-wholesale-customized-acrylic-storage-boxes\/\">Acryl-Boxen<\/a> macht sie zu einem wichtigen Instrument f\u00fcr eine Vielzahl von Anwendungen, das Energie mit einem erstklassigen visuellen Erscheinungsbild verbindet.<\/p>\n<ul>\n<li><strong>Die ultimative L\u00f6sung f\u00fcr Lagerung und Organisation:\u00a0<\/strong>Verwandeln Sie Unordnung in eine kuratierte Sammlung. Unsere Boxen sind weithin bekannt als die beste Wahl f\u00fcr kleine, unbezahlbare Gegenst\u00e4nde. F\u00fcr den Charme-Fanatiker bieten sie ein wunderbares Zuhause f\u00fcr\u00a0<strong>Kosmetik\u00a0<\/strong>, Sie kategorisieren Lippenstifte, Lidschattenpaletten und Grundierungen. F\u00fcr den Profi bringen sie Ordnung in die\u00a0<strong>Schreibwaren\u00a0<\/strong>, Stifte und Schreibtischger\u00e4te. F\u00fcr das Inkassob\u00fcro bieten sie eine risikofreie und beeindruckende Ablage f\u00fcr\u00a0<strong>kostbarer Schmuck\u00a0<\/strong>, Uhren und Souvenirs. Die klaren oder farbigen Designs machen Schluss mit der hektischen Suche und verwandeln die t\u00e4gliche Routine des Suchens in eine Minute unkomplizierter Gelassenheit.<\/li>\n<li><strong>Spannende Show &amp; Kosten Verpackung:\u00a0<\/strong>Der erste Eindruck ist das A und O. Die ph\u00e4nomenale Lichtdurchl\u00e4ssigkeit unseres Acryls macht es zum geeigneten Produkt f\u00fcr\u00a0<strong>Display-Produktverpackungen\u00a0<\/strong>. H\u00e4ndler k\u00f6nnen ihr Produkt aufwerten, indem sie einen einfachen Gegenstand in ein hochwertiges Produkt verwandeln. Ein kostbares Schmuckst\u00fcck in einer get\u00f6nten Polymerbox wird zu einem Meisterwerk. Eine Sammlerfigur wird in einer Vitrine in Museumsqualit\u00e4t ausgestellt. Ein luxuri\u00f6ses Geschenk wird nicht nur angeboten, sondern feierlich \u00fcberreicht. Unsere Schachteln steigern die Wertigkeit Ihrer Produkte, faszinieren die Kunden und f\u00f6rdern den Verkauf.<\/li>\n<li><strong>Geniale Fl\u00e4chenoptimierung:\u00a0<\/strong>Im zeitgen\u00f6ssischen Wohnen ist Fl\u00e4che ein hohes Gut. Unsere Modelle sind so konzipiert, dass Sie jeden Quadratzentimeter ausnutzen k\u00f6nnen. Die einheitliche, modulare Form unserer quadratischen Boxen erm\u00f6glicht es\u00a0<strong>gleichm\u00e4\u00dfiges Stapeln\u00a0<\/strong>, Wir entwickeln stilvolle, aufrechte Aufbewahrungst\u00fcrme auf einem Kleidertisch oder Regal. Wir entwerfen zus\u00e4tzlich\u00a0<strong>wandmontierbare Versionen\u00a0<\/strong>, Die neuen Produkte, wie z. B. stilvolle Tissue-Box-Abdeckungen oder Regale mit Drucktasten, machen in kleinen Bereichen wie Badezimmern, Eingangsbereichen und Arbeitspl\u00e4tzen unbezahlbaren Platz auf der Arbeitsplatte frei.<\/li>\n<\/ul>\n<h4 id=\"-4-precision-in-every-measurement-customizing-to-your-exact-demands-\"><strong>4. Pr\u00e4zision bei jeder Messung: Genaue Anpassung an Ihre Anforderungen\u00a0<\/strong>.<\/h4>\n<p>Wir wissen, dass eine bestimmte Gr\u00f6\u00dfe nicht f\u00fcr alle passt. Unser Engagement f\u00fcr die Anpassung reicht bis zu den technischen Spezifikationen jeder Box, um sicherzustellen, dass sie sich hervorragend f\u00fcr Ihr Projekt eignet.<\/p>\n<ul>\n<li><strong>Einstellbare Dimension und Dichte:\u00a0<\/strong>Wir bieten eine umfangreiche Serie von Produkten an, die von einer zarten\u00a0<strong>1mm\u00a0<\/strong>f\u00fcr leichtgewichtige Anwendungen zu einem erheblichen\u00a0<strong>50mm\u00a0<\/strong>f\u00fcr eine k\u00fchne, kr\u00e4ftige \u00c4sthetik. F\u00fcr spezielle Projekte k\u00f6nnen kundenspezifische Dicken von ca.\u00a0<strong>100mm\u00a0<\/strong>erreicht werden kann. Wir arbeiten mit gro\u00dfen konventionellen Platten (z.B.,\u00a0<strong>1220 \u00d7 2440mm, 2050 \u00d7 3050mm\u00a0<\/strong>), die es uns erm\u00f6glicht, fertige Schachteln in praktisch jeder gew\u00fcnschten Gr\u00f6\u00dfe herzustellen, von einer kleinen Ringschachtel bis hin zu einem gro\u00dfen Aktenschrank.<\/li>\n<li><strong>Eine Welt der Farben und des Lichts:\u00a0<\/strong>Unser Farbsystem wurde f\u00fcr maximale Flexibilit\u00e4t bei der Gestaltung entwickelt. W\u00e4hlen Sie aus\u00a0<strong>klar, klar (halbopak) und v\u00f6llig opak\u00a0<\/strong>Alternativen. Entdecken Sie unser\u00a0<strong>Einfarbige und zweifarbige Systeme\u00a0<\/strong>, oder setzen Sie einen wirklich einzigartigen Akzent mit speziellen Effektpolymeren, die\u00a0<strong>fluoreszierende Bits\u00a0<\/strong>oder zeigen Sie bezaubernde\u00a0<strong>Farbtonverschiebungen im Gradienten\u00a0<\/strong>. So k\u00f6nnen Sie Ihre Markenkennzeichnung, Ihre Inneneinrichtung oder Ihr pers\u00f6nliches Design perfekt anpassen.<\/li>\n<li><strong>Entwickelt f\u00fcr Lastentragung und Sicherheit:\u00a0<\/strong>Abgesehen von seiner Eleganz ist Acryl ein Hochleistungspolymer. Dank seiner Robustheit kann es ein hohes Gewicht tragen, ohne sich zu verrenken oder zu verbiegen. Im unwahrscheinlichen Fall eines schweren Aufpralls, der zu einer Besch\u00e4digung f\u00fchrt, ist Acryl\u00a0<strong>nicht in scharfe, gef\u00e4hrliche Bruchst\u00fccke zerf\u00e4llt\u00a0<\/strong>wie Glas. Diese Sicherheitsfunktion macht unsere Boxen zu einer hervorragenden Option f\u00fcr Umgebungen mit Kindern, stark frequentierte \u00f6ffentliche Orte und Einzelhandelseinrichtungen, in denen die Sicherheit der Kunden extrem wichtig ist.<\/li>\n<\/ul>\n<h4 id=\"-5-uncomplicated-beauty-a-seamless-user-experience-\"><strong>5. Unkomplizierte Sch\u00f6nheit: Ein nahtloses Benutzererlebnis\u00a0<\/strong>.<\/h4>\n<p>Ein Artikel ist nur dann absolut erfolgreich, wenn es eine Freude ist, ihn zu benutzen. Wir haben unsere Acrylboxen sorgf\u00e4ltig so gestaltet, dass sie ebenso einfach und pflegeleicht wie sch\u00f6n sind.<\/p>\n<ul>\n<li><strong>Benutzerfreundlich und einfach zu bedienen:\u00a0<\/strong>Unsere Designs orientieren sich an Ihren t\u00e4glichen Ritualen. A\u00a0<strong>Schubladenbox\u00a0<\/strong>l\u00e4sst sich mit einem sanften, befriedigenden Gleiten \u00f6ffnen. A\u00a0<strong>Flip-Top-Deckel\u00a0<\/strong>l\u00e4sst sich bequem \u00f6ffnen und schlie\u00dfen und bietet sofortigen Zugriff bei gleichzeitigem Schutz des Inhalts. Die Oberfl\u00e4chen sind extrem\u00a0<strong>einfach zu reinigen\u00a0<\/strong>; Eine einfache Reinigung mit einem weichen, feuchten Handtuch gen\u00fcgt, um Staub und Fingerabdr\u00fccke zu entfernen und den makellosen Glanz in Sekundenschnelle wiederherzustellen.<\/li>\n<li><strong>Schmerzpunkte in der realen Welt l\u00f6sen:\u00a0<\/strong>Unsere Boxen sind als Hilfsmittel gedacht. Die\u00a0<strong>staub- und feuchtigkeitsbest\u00e4ndig\u00a0<\/strong>H\u00e4user bieten einen Schutzschild f\u00fcr Ihre wertvollen Dinge, von teuren Kosmetika und empfindlicher Elektronik bis hin zu wichtigen Akten und wertvollen Erinnerungsst\u00fccken. Die klare Beschaffenheit des Produkts\u00a0<strong>verk\u00fcrzt die Browsing-Zeit erheblich\u00a0<\/strong>, Dadurch wird Ihre t\u00e4gliche Leistungsf\u00e4higkeit gesteigert und die Reizbarkeit verringert. Es ist eine kleine Ver\u00e4nderung, die eine gro\u00dfe Wirkung auf Ihre Lebensqualit\u00e4t hat.<\/li>\n<li><strong>Die Pflege Ihrer Investition:\u00a0<\/strong>Um eine lebenslange Sch\u00f6nheit zu gew\u00e4hrleisten, empfehlen wir einige einfache Sicherheitsma\u00dfnahmen. Vermeiden Sie es, die Boxen hohen Temperaturen auszusetzen, da sich das Polymer verformen kann, wenn es extremer Hitze ausgesetzt wird. Sch\u00fctzen Sie die Oberfl\u00e4che von Anfang an, indem Sie den Kontakt mit scharfen oder scheuernden Gegenst\u00e4nden vermeiden. Unser Acryl verf\u00fcgt zwar \u00fcber einen UV-Schutz, aber bei l\u00e4ngerer, direkter Einwirkung von intensiver Sonneneinstrahlung k\u00f6nnen einige Farbt\u00f6ne ausbleichen.<\/li>\n<\/ul>\n<p><a href=\"https:\/\/customacrylicproduct.com\/de\/private-label-colored-acrylic-gift-storage-square-boxes\/\"><img decoding=\"async\" class=\"aligncenter wp-image-482 size-full\" src=\"https:\/\/customacrylicproduct.com\/wp-content\/uploads\/2025\/07\/Colored-Acrylic-Boxes-3.jpg\" alt=\"Farbige Acrylboxen\" width=\"800\" height=\"800\" srcset=\"https:\/\/customacrylicproduct.com\/wp-content\/uploads\/2025\/07\/Colored-Acrylic-Boxes-3.jpg 800w, https:\/\/customacrylicproduct.com\/wp-content\/uploads\/2025\/07\/Colored-Acrylic-Boxes-3-300x300.jpg 300w, https:\/\/customacrylicproduct.com\/wp-content\/uploads\/2025\/07\/Colored-Acrylic-Boxes-3-150x150.jpg 150w, https:\/\/customacrylicproduct.com\/wp-content\/uploads\/2025\/07\/Colored-Acrylic-Boxes-3-768x768.jpg 768w, https:\/\/customacrylicproduct.com\/wp-content\/uploads\/2025\/07\/Colored-Acrylic-Boxes-3-12x12.jpg 12w, https:\/\/customacrylicproduct.com\/wp-content\/uploads\/2025\/07\/Colored-Acrylic-Boxes-3-600x600.jpg 600w, https:\/\/customacrylicproduct.com\/wp-content\/uploads\/2025\/07\/Colored-Acrylic-Boxes-3-100x100.jpg 100w\" sizes=\"(max-width: 800px) 100vw, 800px\" \/><\/a><\/p>\n<h4 id=\"-6-your-brand-name-brilliantly-stood-for-our-personal-label-partnership-\"><strong>6. Ihr Markenname, brillant repr\u00e4sentiert: Unsere Personal Label Partnerschaft\u00a0<\/strong>.<\/h4>\n<p>Wir sind mehr als nur ein Vertreiber; wir sind Ihr strategischer Partner bei der Herstellung bemerkenswerter Produkte. Unsere pers\u00f6nliche Etikettenl\u00f6sung wurde entwickelt, um die Kennzeichnung Ihrer Marke mit un\u00fcbertroffener Qualit\u00e4t und Modifikation an die Spitze zu bringen.<\/p>\n<ul>\n<li><strong>Gezielt f\u00fcr ein anspruchsvolles Publikum:\u00a0<\/strong>Wir wenden uns an Kunden, die Wert auf Qualit\u00e4t und Design legen. Unser Hauptpublikum besteht aus\u00a0<strong>junge, moderne Familien\u00a0<\/strong>auf die Herstellung von trendigen und effektiven Aufbewahrungsm\u00f6glichkeiten konzentriert;\u00a0<strong>vorausschauende Verm\u00f6gensverwalter\u00a0<\/strong>und E-Commerce-Marken, die erkannt haben, dass die Kosten f\u00fcr die Produktverpackung den Verkauf f\u00f6rdern; und\u00a0<strong>vision\u00e4re Kultur- und Kreativschaffende\u00a0<\/strong>die ein hochwertiges Werkzeug f\u00fcr ihre phantasievollen Ausdrucksformen ben\u00f6tigen.<\/li>\n<li><strong>Umfassende Modifikation f\u00fcr Ihre Marke:\u00a0<\/strong>Ihr Markenname ist etwas Besonderes, und das sollte auch Ihre Verpackung sein. Wir bieten Modifikationen auf Unternehmensebene, um zu gew\u00e4hrleisten, dass Ihr Artikel unverwechselbar ist. Dies umfasst\u00a0<strong>Pr\u00e4zisionsdruck oder \u00c4tzung des Logos\u00a0<\/strong>, individuell bedruckt\u00a0<strong>Grafiken und Muster\u00a0<\/strong>, und vollst\u00e4ndig ma\u00dfgeschneiderte Schachtelmodelle. Um unsere Premium-L\u00f6sungen verf\u00fcgbar zu machen, ist unser\u00a0<strong>Die Mindestbestellmenge (MOQ) kann bis zu 100 St\u00fcck betragen.\u00a0<\/strong>. Wir geben ebenfalls\u00a0<strong>Musterdienstleistungen\u00a0<\/strong>, So k\u00f6nnen Sie sich von der Qualit\u00e4t \u00fcberzeugen, bevor Sie eine gr\u00f6\u00dfere Bestellung aufgeben.<\/li>\n<li><strong>Au\u00dfergew\u00f6hnliche Kosteneffizienz und langfristiger Wert:\u00a0<\/strong>Die Erstinvestition in Acryl mag zwar h\u00f6her sein als bei grundlegendem Kunststoff oder herk\u00f6mmlichem Glas, aber der langfristige Wert ist au\u00dfergew\u00f6hnlich hoch. Die herausragende Langlebigkeit l\u00e4sst auf eine wesentlich l\u00e4ngere Produktlebensdauer schlie\u00dfen, ohne dass ein st\u00e4ndiger Austausch erforderlich ist. Die klassische \u00c4sthetik garantiert, dass es nie aus der Mode kommen wird. F\u00fcr Markenhersteller ist es eine Investition in Markenverst\u00e4ndnis, Kundenbindung und ein au\u00dfergew\u00f6hnliches Unboxing-Erlebnis. Es geht nicht nur um den Preis, sondern um einen Besitz, der sich durch Qualit\u00e4t und Unterschiedlichkeit auszahlt.<\/li>\n<\/ul>\n<p><strong>Beginnen Sie Ihre Reise mit uns noch heute. Rufen Sie unsere Stilberater an, um Ihre Vorstellungen zu besprechen, ein individuelles Beispiel anzufordern und herauszufinden, wie unsere Private Tag Colored Polymer Boxen Ihre Gegenst\u00e4nde einrahmen, Ihr Leben ordnen und Ihre Geschichte in brillanten, lebendigen Farben erz\u00e4hlen k\u00f6nnen.\u00a0<\/strong>.<\/p>","protected":false},"excerpt":{"rendered":"<p class=\"ng-star-inserted\"><span class=\"ng-star-inserted\">Werten Sie Ihre Marke mit unseren quadratischen Acrylboxen der Eigenmarke auf. Sie bestehen aus hochwertigem, farbigem 3 mm starkem Acryl und bieten eine langlebige, stilvolle Aufbewahrung f\u00fcr Geschenke, Kosmetika und mehr. Eine erstklassige, vielseitige L\u00f6sung, die Ihre Produkte hervorhebt. Gestalten Sie sie mit Ihrem Logo und Ihren Markenfarben.<\/span><\/p>","protected":false},"featured_media":481,"template":"","meta":{"_kad_post_transparent":"default","_kad_post_title":"","_kad_post_layout":"default","_kad_post_sidebar_id":"","_kad_post_content_style":"default","_kad_post_vertical_padding":"default","_kad_post_feature":"","_kad_post_feature_position":"","_kad_post_header":false,"_kad_post_footer":false,"_kad_post_classname":""},"product_brand":[],"product_cat":[17],"product_tag":[44,49,45],"class_list":{"0":"post-479","1":"product","2":"type-product","3":"status-publish","4":"has-post-thumbnail","6":"product_cat-custom-acrylic-boxes","7":"product_tag-acrylic-storage-boxes","8":"product_tag-colored-acrylic-boxes","9":"product_tag-customized-acrylic-boxes","11":"first","12":"instock","13":"shipping-taxable","14":"product-type-simple","15":"entry","16":"content-bg","17":"loop-entry"},"_links":{"self":[{"href":"https:\/\/customacrylicproduct.com\/de\/wp-json\/wp\/v2\/product\/479","targetHints":{"allow":["GET"]}}],"collection":[{"href":"https:\/\/customacrylicproduct.com\/de\/wp-json\/wp\/v2\/product"}],"about":[{"href":"https:\/\/customacrylicproduct.com\/de\/wp-json\/wp\/v2\/types\/product"}],"wp:featuredmedia":[{"embeddable":true,"href":"https:\/\/customacrylicproduct.com\/de\/wp-json\/wp\/v2\/media\/481"}],"wp:attachment":[{"href":"https:\/\/customacrylicproduct.com\/de\/wp-json\/wp\/v2\/media?parent=479"}],"wp:term":[{"taxonomy":"product_brand","embeddable":true,"href":"https:\/\/customacrylicproduct.com\/de\/wp-json\/wp\/v2\/product_brand?post=479"},{"taxonomy":"product_cat","embeddable":true,"href":"https:\/\/customacrylicproduct.com\/de\/wp-json\/wp\/v2\/product_cat?post=479"},{"taxonomy":"product_tag","embeddable":true,"href":"https:\/\/customacrylicproduct.com\/de\/wp-json\/wp\/v2\/product_tag?post=479"}],"curies":[{"name":"wp","href":"https:\/\/api.w.org\/{rel}","templated":true}]}}