{"id":486,"date":"2025-07-03T06:59:27","date_gmt":"2025-07-03T06:59:27","guid":{"rendered":"https:\/\/customacrylicproduct.com\/?post_type=product&#038;p=486"},"modified":"2025-07-03T07:35:22","modified_gmt":"2025-07-03T07:35:22","slug":"custom-printed-engraved-led-luminous-acrylic-signs-supplier","status":"publish","type":"product","link":"https:\/\/customacrylicproduct.com\/de\/custom-printed-engraved-led-luminous-acrylic-signs-supplier\/","title":{"rendered":"Individuell bedruckte und gravierte LED-Leuchtschilder aus Acryl Lieferant"},"content":{"rendered":"<h3 id=\"-illuminate-your-vision-the-definitive-overview-to-custom-engraved-printed-led-acrylic-indications-\"><strong>Erhellen Sie Ihre Vision: Der definitive \u00dcberblick \u00fcber individuell gravierte und bedruckte LED-Acrylanzeigen\u00a0<\/strong>.<\/h3>\n<p>In einer Welt, die mit visuellem L\u00e4rm ges\u00e4ttigt ist, erfordert die Aufnahme von Aufmerksamkeit mehr als nur eine Botschaft - sie erfordert ein Werkzeug, das so gro\u00dfartig und lebendig ist wie Ihre Marke selbst. Standardschilder erf\u00fcllen eine Funktion, aber um wirklich Aufmerksamkeit zu erregen, eine bemerkenswerte Atmosph\u00e4re zu schaffen und mit einem Publikum auf emotionaler Ebene in Kontakt zu treten, ben\u00f6tigen Sie die fesselnde Kraft des Lichts.<\/p>\n<p>Das ist die Zukunft der Beleuchtung:\u00a0<strong>Kundenspezifisch bedruckt und graviert <a href=\"https:\/\/customacrylicproduct.com\/de\/custom-printed-engraved-led-luminous-acrylic-signs-supplier\/\">LED-Lumineszenz-Polymer-Schilder<\/a>\u00a0<\/strong>. Als Top-Anbieter sind wir darauf spezialisiert, Ihre Logo-Entw\u00fcrfe, Designs und Botschaften in sensationelle Meisterwerke zu verwandeln, die durch ihre Funktion strahlen. Unsere Schilder verbinden modernste Technologie mit ma\u00dfgeschneiderter Handwerkskunst und bieten eine innovative, langlebige und energieeffiziente Alternative zu den \u00fcblichen L\u00f6sungen, mit denen Sie Ihre Welt jederzeit und \u00fcberall zum Leuchten bringen k\u00f6nnen.<\/p>\n<h4 id=\"-the-modern-advancement-beyond-conventional-glass-neon-\"><strong>Der moderne Fortschritt: Jenseits von konventionellem Glasneon\u00a0<\/strong>.<\/h4>\n<p>Das zeitlose Summen und Leuchten von Glasneonleuchten ist seit Jahren ein Synonym f\u00fcr ein lebhaftes Nachtleben und auff\u00e4llige Werbung und Marketing. Diese klassische Anziehungskraft birgt jedoch auch betr\u00e4chtliche Nachteile: Empfindlichkeit, hoher Stromverbrauch, Sicherheitsprobleme mit Hochspannung und kostspielige Wartung.<\/p>\n<p>Unser <a href=\"https:\/\/customacrylicproduct.com\/de\/custom-printed-engraved-led-luminous-acrylic-signs-supplier\/\">LED leuchtendes Acryl<\/a> sind so konzipiert, dass sie den visuellen Einfluss von Neon ohne dessen Einschr\u00e4nkungen bieten. Dies ist das brandneue Kriterium f\u00fcr brillante, risikofreie und dauerhafte Beleuchtung.<\/p>\n<ul>\n<li><strong>Unerreichte Z\u00e4higkeit:\u00a0<\/strong>Anstelle von zerbrechlichen Glasr\u00f6hren werden unsere Schilder aus einer hochwertigen, bruchsicheren Acrylglasr\u00fcckwand gefertigt. Das macht sie extrem widerstandsf\u00e4hig und sicher f\u00fcr den Einsatz an stark frequentierten Orten, von belebten Gesch\u00e4ften bis hin zu dynamischen Veranstaltungsorten.<\/li>\n<li><strong>Erh\u00f6hte Sicherheit:\u00a0<\/strong>Unsere Schilder werden \u00fcber einen USB-Niederspannungseingang betrieben, f\u00fchlen sich fantastisch an und eliminieren die Risiken, die mit Hochspannungstransformatoren und zerbrechlichem Glas verbunden sind. Sie sind eine viel sicherere Option f\u00fcr Wohnungen, Unternehmen und \u00f6ffentliche Bereiche, insbesondere dort, wo sich Jugendliche aufhalten k\u00f6nnten.<\/li>\n<li><strong>Umweltfreundlich und energiesparend:\u00a0<\/strong>Wir verwenden LED-R\u00f6hren der neuesten Generation, die in glattem Silikon eingebettet sind oder direkt das Acryl aufhellen. LEDs verbrauchen nur einen Teil des Stroms herk\u00f6mmlicher Neonr\u00f6hren, was Ihre Stromkosten und Ihren \u00f6kologischen Fu\u00dfabdruck erheblich reduziert. Mit einer bemerkenswerten Lebenserwartung von \u00fcber 50.000 Stunden sind diese Schilder eine langfristige, nachhaltige Investition.<\/li>\n<li><strong>Ger\u00e4uschloser, einwandfreier Betrieb:\u00a0<\/strong>Vergessen Sie das st\u00e4ndige Brummen und Flackern der alten Anzeigen. Unsere LED-Technologie bietet ein reines, leises und gleichm\u00e4\u00dfiges Licht, das die Umgebung ohne st\u00f6rende Ger\u00e4usche oder W\u00e4rmeentwicklung aufwertet.<\/li>\n<\/ul>\n<p><a href=\"https:\/\/customacrylicproduct.com\/de\/custom-printed-engraved-led-luminous-acrylic-signs-supplier\/\"><img fetchpriority=\"high\" decoding=\"async\" class=\"aligncenter wp-image-487 size-full\" src=\"https:\/\/customacrylicproduct.com\/wp-content\/uploads\/2025\/07\/Custom-Acrylic-Signs-1.jpg\" alt=\"Individuelle Acrylschilder\" width=\"800\" height=\"800\" srcset=\"https:\/\/customacrylicproduct.com\/wp-content\/uploads\/2025\/07\/Custom-Acrylic-Signs-1.jpg 800w, https:\/\/customacrylicproduct.com\/wp-content\/uploads\/2025\/07\/Custom-Acrylic-Signs-1-300x300.jpg 300w, https:\/\/customacrylicproduct.com\/wp-content\/uploads\/2025\/07\/Custom-Acrylic-Signs-1-150x150.jpg 150w, https:\/\/customacrylicproduct.com\/wp-content\/uploads\/2025\/07\/Custom-Acrylic-Signs-1-768x768.jpg 768w, https:\/\/customacrylicproduct.com\/wp-content\/uploads\/2025\/07\/Custom-Acrylic-Signs-1-12x12.jpg 12w, https:\/\/customacrylicproduct.com\/wp-content\/uploads\/2025\/07\/Custom-Acrylic-Signs-1-600x600.jpg 600w, https:\/\/customacrylicproduct.com\/wp-content\/uploads\/2025\/07\/Custom-Acrylic-Signs-1-100x100.jpg 100w\" sizes=\"(max-width: 800px) 100vw, 800px\" \/><\/a><\/p>\n<h4 id=\"-your-vision-brilliantly-understood-the-power-of-personalization-\"><strong>Ihre Vision, brillant verstanden: Die Macht der Personalisierung\u00a0<\/strong>.<\/h4>\n<p>Im Mittelpunkt unserer Dienstleistung steht die Personalisierung. Wir verkaufen nicht einfach ein Produkt, sondern bieten eine Leinwand f\u00fcr Ihre Kreativit\u00e4t. Ganz gleich, ob Sie ein einzelnes Schmuckst\u00fcck oder eine Gro\u00dfbestellung f\u00fcr ein Franchise-Unternehmen ben\u00f6tigen, unser Verfahren ist darauf ausgerichtet, Ihre individuellen Vorstellungen mit Pr\u00e4zision und Flair umzusetzen.<\/p>\n<p><strong>1. Pr\u00e4zise Laser-Beschriftung:\u00a0<\/strong>. Diese Strategie eignet sich am besten f\u00fcr die Entwicklung scharfer, eleganter und innovativer Designs. Unsere hochpr\u00e4zisen Laser gravieren Ihr Logo, Ihren Text oder Ihr Kunstwerk direkt in die Oberfl\u00e4che der kristallklaren Acrylplatte. Wenn die am Rand angebrachten LEDs ausgel\u00f6st werden, wandert das Licht durch das Acryl und bricht sich in den gravierten Linien, so dass Ihr Design extrem leuchtet, w\u00e4hrend der Rest der Platte weiterhin transparent bleibt. So entsteht ein sensationelles \u201cdrifting\u201d-Ergebnis, wie es in den dynamischen blauen und umweltfreundlichen \u201cFruit\u201d-Anzeigen zu sehen ist.<\/p>\n<ul>\n<li><strong>Bestens geeignet f\u00fcr:\u00a0<\/strong>Minimale Logodesigns, textbasierte Hinweise, architektonische Wegweiser, professionelle Arbeitsplatzgestaltung und detaillierte Strichzeichnungen.<\/li>\n<\/ul>\n<p><strong>2. Dynamischer UV-Druck:\u00a0<\/strong>. F\u00fcr Designs, die Vollschattierungen, Farbverl\u00e4ufe oder Fotodaten erfordern, ist unsere innovative moderne UV-Drucktechnologie eine hervorragende Option. Wir k\u00f6nnen Ihr Kunstwerk direkt auf die Acryloberfl\u00e4che mit Tinten drucken, die sofort durch UV-Licht ausgeh\u00e4rtet werden, was zu einem widerstandsf\u00e4higen, kratzfesten und au\u00dfergew\u00f6hnlich lebendigen Foto f\u00fchrt. Wenn sie von unseren leistungsstarken LEDs hinterleuchtet werden, sind die Farben extrem leuchtend, so dass ein Hinweis entsteht, der sowohl ein Informationsinstrument als auch ein Kunstwerk ist.<\/p>\n<ul>\n<li><strong>Bestens geeignet f\u00fcr:\u00a0<\/strong>Vollfarbige Firmenlogos, hochwertige Maskottchen, sorgf\u00e4ltige Grafiken, Werbebildschirme und kreative Installationen.<\/li>\n<\/ul>\n<p><strong>3. Ein Spektrum des Lichts:\u00a0<\/strong>. W\u00e4hlen Sie die Farbe, die perfekt zu Ihrer Markenidentit\u00e4t oder Ihrer bevorzugten Stimmung passt. Vom k\u00fchlen, fachm\u00e4nnischen Ton des Himmelsanzeigers bis zum frischen, organischen Gef\u00fchl der Umweltfreundlichkeit bieten wir eine gro\u00dfe Auswahl an festen Farbtonalternativen. Wir bieten auch Dienstleistungen f\u00fcr dynamische RGB-Beleuchtung an, die es Ihnen erm\u00f6glicht, Farbt\u00f6ne zu \u00e4ndern, \u00dcberblendungseffekte zu erzeugen oder im Takt von Liedern zu blinken, so dass Ihre Anzeige bei jeder Gelegenheit im Mittelpunkt steht.<\/p>\n<p><a href=\"https:\/\/customacrylicproduct.com\/de\/custom-printed-engraved-led-luminous-acrylic-signs-supplier\/\"><img decoding=\"async\" class=\"aligncenter wp-image-488 size-full\" src=\"https:\/\/customacrylicproduct.com\/wp-content\/uploads\/2025\/07\/Custom-Acrylic-Signs-2.jpg\" alt=\"Individuelle Acrylschilder\" width=\"800\" height=\"800\" srcset=\"https:\/\/customacrylicproduct.com\/wp-content\/uploads\/2025\/07\/Custom-Acrylic-Signs-2.jpg 800w, https:\/\/customacrylicproduct.com\/wp-content\/uploads\/2025\/07\/Custom-Acrylic-Signs-2-300x300.jpg 300w, https:\/\/customacrylicproduct.com\/wp-content\/uploads\/2025\/07\/Custom-Acrylic-Signs-2-150x150.jpg 150w, https:\/\/customacrylicproduct.com\/wp-content\/uploads\/2025\/07\/Custom-Acrylic-Signs-2-768x768.jpg 768w, https:\/\/customacrylicproduct.com\/wp-content\/uploads\/2025\/07\/Custom-Acrylic-Signs-2-12x12.jpg 12w, https:\/\/customacrylicproduct.com\/wp-content\/uploads\/2025\/07\/Custom-Acrylic-Signs-2-600x600.jpg 600w, https:\/\/customacrylicproduct.com\/wp-content\/uploads\/2025\/07\/Custom-Acrylic-Signs-2-100x100.jpg 100w\" sizes=\"(max-width: 800px) 100vw, 800px\" \/><\/a><\/p>\n<h4 id=\"-superior-deliberately-materials-and-craftsmanship-\"><strong>\u00dcberlegene Bewusstheit: Materialien und Handwerkskunst\u00a0<\/strong>.<\/h4>\n<p>Ein Anzeiger ist nur mit den Materialien vergleichbar, aus denen er hergestellt ist. Wir verwenden nur erstklassige Komponenten, um sicherzustellen, dass jedes von uns hergestellte Schild ein Meisterwerk von h\u00f6chster Qualit\u00e4t und Langlebigkeit ist.<\/p>\n<ul>\n<li><strong>Platte aus optischem Polymer:\u00a0<\/strong>Wir verwenden dickes, kristallklares Acryl, das eine hervorragende Lichtdurchl\u00e4ssigkeit und -streuung bietet. Es ist leicht, aber dennoch leistungsf\u00e4higer und viel sto\u00dffester als Glas, so dass Ihr Schild auch nach vielen Jahren noch hervorragend aussieht. Die raffinierten Kanten sind geschickt verarbeitet, um den vollen Nutzen aus der kantenbeleuchteten Ausstrahlung zu ziehen.<\/li>\n<li><strong>Schlanker, leichtgewichtiger Aluminiumrahmen:\u00a0<\/strong>Die Anzeige ist in einem modernen, eloxierten, leichten Aluminiumgeh\u00e4use untergebracht. Dieser Rahmen bietet nicht nur strukturelle Integrit\u00e4t und sch\u00fctzt die LED-Komponenten, sondern verleiht ihr auch eine stromlinienf\u00f6rmige, zeitgen\u00f6ssische \u00c4sthetik, die jedes Design erg\u00e4nzt. Der minimalistische Stil garantiert, dass der Fokus auf Ihrer beleuchteten Botschaft bleibt.<\/li>\n<li><strong>Bequemes Aufh\u00e4ngesystem:\u00a0<\/strong>In den Aluminiumrahmen sind diskrete, aber solide Befestigungselemente integriert, wie z. B. die auf den Bildern zu sehenden \u00d6senhaken. Das macht die Installation einfach, egal ob Sie es von der Decke abh\u00e4ngen, an einer Wand befestigen oder in eine Vitrine stellen.<\/li>\n<\/ul>\n<h4 id=\"-effortless-integration-easy-procedure-and-installation-\"><strong>M\u00fchelose Integration: Einfache Vorgehensweise und Installation\u00a0<\/strong>.<\/h4>\n<p>Wir sind der Meinung, dass effektive Technologie au\u00dfergew\u00f6hnlich einfach zu nutzen sein muss. Unsere LED-Acrylschilder sind f\u00fcr echte Plug-and-Play-Bedienung entwickelt.<\/p>\n<p>Mit einem Standard-USB-Kabel betrieben, ist die Installation so einfach wie der Anschluss an einen beliebigen kompatiblen Port - sei es ein COMPUTER, ein Laptop, ein Stromversorgungsinstitut oder ein typischer USB-Wandadapter. Dieses Niederspannungs-System macht eine komplizierte Verkabelung oder professionelle Elektroexperten \u00fcberfl\u00fcssig und gibt Ihnen die Freiheit, Ihre Anzeige an jedem beliebigen Ort aufzustellen oder zu bewegen. Dank dieser Vielseitigkeit eignen sich unsere Anzeigen perfekt f\u00fcr Ausstellungen, Pop-up-Stores und Gelegenheiten, bei denen ein schneller Auf- und Abbau wichtig ist.<\/p>\n<p><a href=\"https:\/\/customacrylicproduct.com\/de\/custom-acrylic-signs\/\"><img decoding=\"async\" class=\"aligncenter wp-image-489 size-full\" src=\"https:\/\/customacrylicproduct.com\/wp-content\/uploads\/2025\/07\/Custom-Acrylic-Signs-3.jpg\" alt=\"Individuelle Acrylschilder\" width=\"800\" height=\"800\" srcset=\"https:\/\/customacrylicproduct.com\/wp-content\/uploads\/2025\/07\/Custom-Acrylic-Signs-3.jpg 800w, https:\/\/customacrylicproduct.com\/wp-content\/uploads\/2025\/07\/Custom-Acrylic-Signs-3-300x300.jpg 300w, https:\/\/customacrylicproduct.com\/wp-content\/uploads\/2025\/07\/Custom-Acrylic-Signs-3-150x150.jpg 150w, https:\/\/customacrylicproduct.com\/wp-content\/uploads\/2025\/07\/Custom-Acrylic-Signs-3-768x768.jpg 768w, https:\/\/customacrylicproduct.com\/wp-content\/uploads\/2025\/07\/Custom-Acrylic-Signs-3-12x12.jpg 12w, https:\/\/customacrylicproduct.com\/wp-content\/uploads\/2025\/07\/Custom-Acrylic-Signs-3-600x600.jpg 600w, https:\/\/customacrylicproduct.com\/wp-content\/uploads\/2025\/07\/Custom-Acrylic-Signs-3-100x100.jpg 100w\" sizes=\"(max-width: 800px) 100vw, 800px\" \/><\/a><\/p>\n<h4 id=\"-change-any-kind-of-area-endless-applications-\"><strong>\u00c4ndern Sie jede Art von Bereich: Endlose Anwendungen\u00a0<\/strong>.<\/h4>\n<p>Das einzigartige Design und das faszinierende Leuchten unserer kundenspezifischen LED-Schilder machen sie zu einem flexiblen Werkzeug, das Individualit\u00e4t, Professionalit\u00e4t und einen Hauch von Magie in jede Art von Umgebung bringt.<\/p>\n<ul>\n<li><strong>F\u00fcr Unternehmen und Einzelhandel:\u00a0<\/strong>Erh\u00f6hen Sie die Pr\u00e4senz Ihrer Marke im Gesch\u00e4ft. Verwenden Sie sie als prim\u00e4re Logo-Design-Indikatoren, Wegweiser (\u201dObstbereich\u201d, \u201cToiletten\u201d, \u201cKundendienst\u201d) oder zur Hervorhebung einzigartiger Werbeaktionen in Auslagen und Restaurants. Sie eignen sich hervorragend f\u00fcr Bars, Caf\u00e9s, Sch\u00f6nheitssalons und Arbeitspl\u00e4tze, die ein modernes, hochwertiges Aussehen suchen.<\/li>\n<li><strong>F\u00fcr Anl\u00e4sse und Veranstaltungen:\u00a0<\/strong>Schaffen Sie eine pr\u00e4chtige, romantische Umgebung bei Hochzeiten und Empf\u00e4ngen mit einem individuell gestalteten Schild mit Monogramm oder Willkommensgru\u00df. Beleuchten Sie Geburtstagsfeiern, gesch\u00e4ftliche Anl\u00e4sse und Produkteinf\u00fchrungen mit einem gebrandeten Mittelst\u00fcck, das die G\u00e4ste gerne fotografieren und weitergeben werden.<\/li>\n<li><strong>F\u00fcr einzelne Bereiche:\u00a0<\/strong>Machen Sie Ihr Leben viel interessanter. Ver\u00e4ndern Sie ein B\u00fcro, einen Wohnbereich, ein Zimmer oder ein Spielzimmer mit einem ma\u00dfgeschneiderten Hinweis. Pr\u00e4sentieren Sie Ihr Lieblingszitat, Ihren Spieler-Tag oder ein einzigartiges Kunstwerk. Es ist ein bemerkenswertes Requisit f\u00fcr Streamer, Entwickler von Webinhalten und jeden, der einen gro\u00dfartigen Bildhintergrund entwickeln m\u00f6chte.<\/li>\n<\/ul>\n<h4 id=\"-partner-with-a-leading-provider-why-pick-united-states-\"><strong>Partnerschaft mit einem f\u00fchrenden Anbieter: Warum ausgerechnet China? <\/strong>.<\/h4>\n<p>Als engagierter Anbieter bieten wir mehr als nur einen Artikel - wir bieten eine Zusammenarbeit. Wir arbeiten mit Privatkunden, Designern, Gestaltern und Unternehmen aller Gr\u00f6\u00dfenordnungen zusammen, um skalierbare, hochwertige Beleuchtungsdienstleistungen anzubieten.<\/p>\n<ul>\n<li><strong>Kollaboratives Layout verfeinern:\u00a0<\/strong>Unsere Fachleute arbeiten mit Ihnen zusammen, um Ihr Layout zu verfeinern und zu gew\u00e4hrleisten, dass es f\u00fcr die Gravur oder Ver\u00f6ffentlichung optimiert wird, um die bestm\u00f6gliche \u00e4sthetische Wirkung zu erzielen.<\/li>\n<li><strong>Engagement f\u00fcr hohe Qualit\u00e4t:\u00a0<\/strong>Jede Anzeige durchl\u00e4uft einen strengen Qualit\u00e4tskontrollprozess, um eine perfekte Beschriftung, lebendige Farbt\u00f6ne und eine ideale Beleuchtung zu gew\u00e4hrleisten, bevor sie unser Zentrum verl\u00e4sst.<\/li>\n<li><strong>Skalierbare L\u00f6sungen:\u00a0<\/strong>Ganz gleich, ob Sie ein einzelnes, ma\u00dfgeschneidertes Schild f\u00fcr Ihr Haus oder Hunderte \u00e4hnlicher Schilder f\u00fcr eine landesweite Einzelhandelseinf\u00fchrung ben\u00f6tigen, wir verf\u00fcgen \u00fcber die Produktionskapazit\u00e4ten, um Ihre Anforderungen fristgerecht und im Rahmen des Budgets zu erf\u00fcllen.<\/li>\n<li><strong>Engagierte Unterst\u00fctzung:\u00a0<\/strong>Von der ersten Idee bis zur letzten Lieferung ist unsere Kundenbetreuungsgruppe genau hier, um eine reibungslose, transparente und angenehme Erfahrung zu gew\u00e4hrleisten.<\/li>\n<\/ul>\n<p><strong>Beleuchten Sie Ihre Marke. Erhellen Sie Ihren Bereich. Entwickeln Sie Ihre Minute.\u00a0<\/strong>.<\/p>\n<p>Entdecken Sie die grenzenlosen M\u00f6glichkeiten von personalisierten LED-Leuchtanzeigen aus Acryl. Setzen Sie sich noch heute mit uns in Verbindung, um Ihren Auftrag zu besprechen, ein kostenloses Angebot einzuholen und sich von uns helfen zu lassen, Ihre Vision zu verwirklichen.<\/p>","protected":false},"excerpt":{"rendered":"<p class=\"ng-star-inserted\"><span class=\"ng-star-inserted\">Werten Sie Ihren Raum mit unseren individuell gravierten LED-Acrylschildern auf. Als f\u00fchrender Anbieter erstellen wir lebendige, leuchtende Schilder, die sich perfekt f\u00fcr Gesch\u00e4ftslogos, Verkaufsdisplays und Wegweiser eignen. Mit einem schlanken Aluminiumrahmen und energieeffizienten LEDs bringen wir Ihre Marke zum Leuchten. Fordern Sie noch heute ein individuelles Angebot an.<\/span><\/p>","protected":false},"featured_media":489,"template":"","meta":{"_kad_post_transparent":"default","_kad_post_title":"","_kad_post_layout":"default","_kad_post_sidebar_id":"","_kad_post_content_style":"default","_kad_post_vertical_padding":"default","_kad_post_feature":"","_kad_post_feature_position":"","_kad_post_header":false,"_kad_post_footer":false,"_kad_post_classname":""},"product_brand":[],"product_cat":[18],"product_tag":[52,51],"class_list":{"0":"post-486","1":"product","2":"type-product","3":"status-publish","4":"has-post-thumbnail","6":"product_cat-custom-acrylic-signs","7":"product_tag-acrylic-sign-luminous","8":"product_tag-custom-acrylic-signs","10":"first","11":"instock","12":"shipping-taxable","13":"product-type-simple","14":"entry","15":"content-bg","16":"loop-entry"},"_links":{"self":[{"href":"https:\/\/customacrylicproduct.com\/de\/wp-json\/wp\/v2\/product\/486","targetHints":{"allow":["GET"]}}],"collection":[{"href":"https:\/\/customacrylicproduct.com\/de\/wp-json\/wp\/v2\/product"}],"about":[{"href":"https:\/\/customacrylicproduct.com\/de\/wp-json\/wp\/v2\/types\/product"}],"wp:featuredmedia":[{"embeddable":true,"href":"https:\/\/customacrylicproduct.com\/de\/wp-json\/wp\/v2\/media\/489"}],"wp:attachment":[{"href":"https:\/\/customacrylicproduct.com\/de\/wp-json\/wp\/v2\/media?parent=486"}],"wp:term":[{"taxonomy":"product_brand","embeddable":true,"href":"https:\/\/customacrylicproduct.com\/de\/wp-json\/wp\/v2\/product_brand?post=486"},{"taxonomy":"product_cat","embeddable":true,"href":"https:\/\/customacrylicproduct.com\/de\/wp-json\/wp\/v2\/product_cat?post=486"},{"taxonomy":"product_tag","embeddable":true,"href":"https:\/\/customacrylicproduct.com\/de\/wp-json\/wp\/v2\/product_tag?post=486"}],"curies":[{"name":"wp","href":"https:\/\/api.w.org\/{rel}","templated":true}]}}