{"id":492,"date":"2025-07-03T08:51:34","date_gmt":"2025-07-03T08:51:34","guid":{"rendered":"https:\/\/customacrylicproduct.com\/?post_type=product&#038;p=492"},"modified":"2025-07-03T12:49:41","modified_gmt":"2025-07-03T12:49:41","slug":"custom-acrylic-podiums-transparent-acrylic-lecterns","status":"publish","type":"product","link":"https:\/\/customacrylicproduct.com\/de\/custom-acrylic-podiums-transparent-acrylic-lecterns\/","title":{"rendered":"Kundenspezifische Acryl-Podien Transparente Acryl-Rednerpulte"},"content":{"rendered":"<h3 id=\"-command-the-stage-the-ultimate-overview-to-personalized-polymer-podiums-and-lecterns-\"><strong>Die B\u00fchne beherrschen: Der ultimative \u00dcberblick \u00fcber personalisierte Acrylpodien und Rednerpulte <\/strong>.<\/h3>\n<p>In jeder Einrichtung, in der eine Stimme geh\u00f6rt werden muss - sei es ein Konferenzraum eines Unternehmens, ein gro\u00dfer Sitzungssaal, ein H\u00f6rsaal an einer Hochschule oder ein geistliches Gotteshaus - ist das Podium, auf dem man spricht, mehr als nur ein M\u00f6belst\u00fcck. Es ist ein Zeichen von Autorit\u00e4t, ein Brennpunkt der Aufmerksamkeit und ein stiller Partner in der Kommunikation. Das beste Rednerpult setzt den Redner in Szene, fokussiert die Zielgruppe und verst\u00e4rkt die Kraft der Botschaft.<\/p>\n<p>Lange Zeit hatte man die Wahl zwischen massiven, konventionellen Holzpulten und kalten, handels\u00fcblichen Stahlpulten. Heute bieten wir eine moderne, stilvolle und \u00e4u\u00dferst n\u00fctzliche Option: das <a href=\"https:\/\/customacrylicproduct.com\/de\/custom-acrylic-podiums-transparent-acrylic-lecterns\/\">Individuelles azyklisches Podium<\/a>. Als f\u00fchrender Anbieter haben wir die Kunst der Herstellung von Rednerpulten entwickelt, die eine nahtlose Verschmelzung von fortschrittlichem Stil, unvergleichlicher Leistung und ma\u00dfgeschneiderter Anpassung bieten. Ob Sie die \u00e4therische, \u201cschwebende\u201d Raffinesse eines transparenten Rednerpults oder die k\u00fchne, architektonische Sichtbarkeit eines einfarbigen Designs wie das abgebildete w\u00fcnschen, unsere <a href=\"https:\/\/customacrylicproduct.com\/de\/custom-acrylic-podiums-transparent-acrylic-lecterns\/\">Acryl-Podeste<\/a> sind so konzipiert, dass sie Ihre Pr\u00e4senz verst\u00e4rken und Ihrer Stimme mehr Gewicht verleihen.<\/p>\n<p><a href=\"https:\/\/customacrylicproduct.com\/de\/custom-acrylic-podiums-transparent-acrylic-lecterns\/\"><img fetchpriority=\"high\" decoding=\"async\" class=\"wp-image-496 size-full aligncenter\" src=\"https:\/\/customacrylicproduct.com\/wp-content\/uploads\/2025\/07\/Custom-Acrylic-Podiums.jpg\" alt=\"Kundenspezifische Acryl-Podien\" width=\"800\" height=\"800\" srcset=\"https:\/\/customacrylicproduct.com\/wp-content\/uploads\/2025\/07\/Custom-Acrylic-Podiums.jpg 800w, https:\/\/customacrylicproduct.com\/wp-content\/uploads\/2025\/07\/Custom-Acrylic-Podiums-300x300.jpg 300w, https:\/\/customacrylicproduct.com\/wp-content\/uploads\/2025\/07\/Custom-Acrylic-Podiums-150x150.jpg 150w, https:\/\/customacrylicproduct.com\/wp-content\/uploads\/2025\/07\/Custom-Acrylic-Podiums-768x768.jpg 768w, https:\/\/customacrylicproduct.com\/wp-content\/uploads\/2025\/07\/Custom-Acrylic-Podiums-12x12.jpg 12w, https:\/\/customacrylicproduct.com\/wp-content\/uploads\/2025\/07\/Custom-Acrylic-Podiums-600x600.jpg 600w, https:\/\/customacrylicproduct.com\/wp-content\/uploads\/2025\/07\/Custom-Acrylic-Podiums-100x100.jpg 100w\" sizes=\"(max-width: 800px) 100vw, 800px\" \/><\/a><\/p>\n<h4 id=\"-engineered-for-excellence-the-core-concepts-of-our-layout-\"><strong>Entwickelt f\u00fcr Spitzenleistungen: Die Kernkonzepte unseres Layouts\u00a0<\/strong>.<\/h4>\n<p>Jedes von uns hergestellte Podium basiert auf einer Struktur mit durchdachten Designprinzipien, die den realen Bed\u00fcrfnissen von Rednern und Veranstaltern gerecht werden. Wir bauen nicht einfach Rednerpulte, wir schaffen Abhilfe.<\/p>\n<p><strong>1. Unersch\u00fctterliche Stabilit\u00e4t: Ihre geerdete Struktur\u00a0<\/strong>. Das Vertrauen eines Sprechers kann durch ein instabiles oder unstabiles System auf subtile Weise geschw\u00e4cht werden. Wir haben diese Sorge vollst\u00e4ndig ausger\u00e4umt. Das Fundament unseres Podiums ist sein\u00a0<strong>hohe Stabilit\u00e4t\u00a0<\/strong>, die durch sorgf\u00e4ltiges Design erreicht wurde. Der Sockel wurde tats\u00e4chlich erheblich\u00a0<strong>verdickt und erweitert\u00a0<\/strong>, Das Podium hat einen niedrigen Schwerpunkt und eine gro\u00dfe Standfl\u00e4che. Dieses Design sorgt daf\u00fcr, dass das Podium auch auf B\u00fchnen mit starkem Publikumsverkehr oder in lebhafter Atmosph\u00e4re fest auf dem Boden steht, ohne zu wackeln oder zu vibrieren. St\u00fctzen Sie sich darauf, stellen Sie Ihre Produkte selbstbewusst ab und gestikulieren Sie mit Begeisterung - Ihr Podium wird Ihnen auch weiterhin eine zuverl\u00e4ssige St\u00fctze sein, so dass Sie sich ganz auf Ihren Vortrag konzentrieren k\u00f6nnen.<\/p>\n<p><strong>2. Lang anhaltende Raffinesse: Das Versprechen der gro\u00dfen H\u00e4rte\u00a0<\/strong>. Eine finanzielle Investition in professionelle Werkzeuge sollte eine Investition f\u00fcr die Zukunft sein. Unsere Plattformen sind gebaut aus\u00a0<strong>hochwertiges, erstklassiges Acryl\u00a0<\/strong>, ein Material, das aufgrund seiner bemerkenswerten Kombination aus Z\u00e4higkeit und Attraktivit\u00e4t ausgew\u00e4hlt wurde. Es ist zwar\u00a0<strong>weniger als die H\u00e4lfte des Gewichts von Glas\u00a0<\/strong>, Seine Molekularstruktur bietet eine au\u00dfergew\u00f6hnliche Z\u00e4higkeit und Widerstandskraft.<\/p>\n<p>Dar\u00fcber hinaus ist unser Polymer speziell so formuliert, dass es\u00a0<strong>viel weniger anf\u00e4llig f\u00fcr Fleckenbildung oder Vergilbung\u00a0<\/strong>im Laufe der Zeit, auch bei Sonneneinstrahlung oder grellem Innenlicht. Im Gegensatz zu minderwertigen Kunststoffen wird es seine kristallklare Offenheit oder seinen ausgezeichneten, soliden Farbton \u00fcber viele Jahre hinweg beibehalten und garantiert, dass Ihre Phase stets professionell und raffiniert aussieht. Dies ist keine vor\u00fcbergehende Komponente, sondern ein stabiler Grundpfeiler Ihrer Gespr\u00e4chsausr\u00fcstung.<\/p>\n<p><a href=\"https:\/\/customacrylicproduct.com\/de\/custom-acrylic-furnitures\/\"><img decoding=\"async\" class=\"wp-image-494 size-full aligncenter\" src=\"https:\/\/customacrylicproduct.com\/wp-content\/uploads\/2025\/07\/Custom-Acrylic-Podiums-2.jpg\" alt=\"Kundenspezifische Acryl-Podien\" width=\"800\" height=\"800\" srcset=\"https:\/\/customacrylicproduct.com\/wp-content\/uploads\/2025\/07\/Custom-Acrylic-Podiums-2.jpg 800w, https:\/\/customacrylicproduct.com\/wp-content\/uploads\/2025\/07\/Custom-Acrylic-Podiums-2-300x300.jpg 300w, https:\/\/customacrylicproduct.com\/wp-content\/uploads\/2025\/07\/Custom-Acrylic-Podiums-2-150x150.jpg 150w, https:\/\/customacrylicproduct.com\/wp-content\/uploads\/2025\/07\/Custom-Acrylic-Podiums-2-768x768.jpg 768w, https:\/\/customacrylicproduct.com\/wp-content\/uploads\/2025\/07\/Custom-Acrylic-Podiums-2-12x12.jpg 12w, https:\/\/customacrylicproduct.com\/wp-content\/uploads\/2025\/07\/Custom-Acrylic-Podiums-2-600x600.jpg 600w, https:\/\/customacrylicproduct.com\/wp-content\/uploads\/2025\/07\/Custom-Acrylic-Podiums-2-100x100.jpg 100w\" sizes=\"(max-width: 800px) 100vw, 800px\" \/><\/a><\/p>\n<p><strong>3. Gezielte Sicherheit: Vertrauen in jedes Detail\u00a0<\/strong>. In einem \u00f6ffentlichen Bereich sind Sicherheit und Schutz \u00e4u\u00dferst wichtig. Wir sind der Meinung, dass ein durchdachter Stil sowohl den Benutzer als auch das Publikum abschirmt. Aus diesem Grund haben wir\u00a0<strong>starke Sicherheitsfunktionen\u00a0<\/strong>in unsere Podien. Die\u00a0<strong>Die vier Ecken der vorderen Fl\u00e4che der Plattform wurden kunstvoll abgerundet und gegl\u00e4ttet.\u00a0<\/strong>. Dieses relativ kleine Detail hat einen erheblichen Einfluss. Es beseitigt scharfe Kanten, so dass Sie\u00a0<strong>Sie m\u00fcssen sich keine Gedanken \u00fcber Sch\u00e4den oder Verletzungen machen, die durch ungewollte St\u00f6\u00dfe entstehen.\u00a0<\/strong>. Dies bietet unverzichtbaren Komfort in dynamischen Umgebungen wie Messen, Schulauditorien oder Veranstaltungshallen, in denen sich Personen h\u00e4ufig bewegen.<\/p>\n<h4 id=\"-developed-for-the-audio-speaker-a-masterclass-in-practicality-\"><strong>Entwickelt f\u00fcr den Audiosprecher: Eine Meisterklasse der Praktikabilit\u00e4t\u00a0<\/strong>.<\/h4>\n<p>Der wahre Wert eines Podiums wird dadurch bestimmt, wie gut es der Person dient, die es bedient. Wir haben Eigenschaften eingebaut, die den Komfort, die Leichtigkeit und die Leistung erh\u00f6hen.<\/p>\n<p><strong>Hohe N\u00fctzlichkeit in jedem Winkel:\u00a0<\/strong>. Der Schl\u00fcssel Lesefl\u00e4che umfasst eine sanfte,\u00a0<strong>ergonomisch abgeschr\u00e4gte Tischplatte\u00a0<\/strong>. Dies ist eine entscheidende Design-Entscheidung, die es dramatisch macht\u00a0<strong>eine einfachere \u00dcberpr\u00fcfung der Dokumente durch die Nutzer\u00a0<\/strong>, oder Tablet-Displays, ohne den Hals zu verrenken oder den Blickkontakt mit der Zielgruppe zu unterbrechen. Dies motiviert zu einer besseren Haltung, senkt den Stress bei langen Diskussionen und erm\u00f6glicht einen besonders nat\u00fcrlichen, interessanten Sprachstil.<\/p>\n<p><strong>Integrierter Stauraum f\u00fcr ein aufger\u00e4umtes Zimmer:\u00a0<\/strong>. Im Rahmen des Podiums befindet sich ein ger\u00e4umiger\u00a0<strong>Inneres Stauraumbrett oder Regal\u00a0<\/strong>. Diese Funktion ist der Inbegriff des n\u00fctzlichen Stils, denn sie bietet eine bequeme und unauff\u00e4llige Ablagefl\u00e4che f\u00fcr alle Ihre wichtigsten Dinge. Egal, ob es sich um ein Glas Wasser, ein Ersatzmikrofon, Ihre Bibel oder eine religi\u00f6se Botschaft, ein Notizbuch zum Aufschreiben von Ideen oder die Fernbedienungen f\u00fcr die Pr\u00e4sentation handelt, dieses Regal sorgt f\u00fcr Ordnung und \u00dcbersichtlichkeit auf Ihrer wichtigsten Rednerfl\u00e4che. Dies erm\u00f6glicht ein professionelleres Erscheinungsbild und garantiert, dass alles, was Sie ben\u00f6tigen, in Reichweite, aber vor den Blicken des Publikums verborgen ist.<\/p>\n<h4 id=\"-the-power-of-choice-transparent-vs-solid-color-podiums-\"><strong>Die Macht der Wahl: Transparente vs. einfarbige Podien\u00a0<\/strong>.<\/h4>\n<p>Alle unsere Rednerpulte werden nach den gleichen Grundprinzipien wie Sicherheit, Langlebigkeit und Funktionalit\u00e4t entwickelt. Wir bieten jedoch einzigartige visuelle M\u00f6glichkeiten, die perfekt zu Ihrer Umgebung und Ihrem Branding passen.<\/p>\n<ul>\n<li><strong>Das Rednerpult aus klarem Polymer:\u00a0<\/strong>Die \u201cGhost\u201d-Plattform ist die ultimative Erkl\u00e4rung f\u00fcr modernen Minimalismus. Seine kristallklare Bauweise schafft den Eindruck von Sichtbarkeit und lenkt die Aufmerksamkeit auf den Lautsprecher. Es f\u00fcgt sich perfekt in jede Art von Dekoration ein und l\u00e4sst den Raum gr\u00f6\u00dfer und weniger chaotisch erscheinen. Dieser Stil ist \u00e4u\u00dferst beliebt in modernen Kirchen, technischen Konferenzen, Kunstgalerien und Hochzeitszeremonien, bei denen ein unaufdringliches, aber stilvolles Aussehen gew\u00fcnscht wird.<\/li>\n<li><strong>Das einfarbige Polymer-Podium (wie abgebildet):\u00a0<\/strong>Die stromlinienf\u00f6rmige, nichttransparente wei\u00dfe Plattform, die auf dem Bild zu sehen ist, hat eine ganz andere Wirkung. Sie sorgt f\u00fcr eine starke Pr\u00e4senz und einen klaren Geb\u00e4udetyp. Dieser Stil ist die beste Leinwand f\u00fcr\u00a0<strong>kundenspezifisches Branding\u00a0<\/strong>. Das Logo Ihres Unternehmens, ver\u00f6ffentlicht in lebendiger, vollst\u00e4ndiger Farbe, hebt sich mit ph\u00e4nomenaler Klarheit von der ausgezeichneten wei\u00dfen Geschichte ab und verwandelt das Rednerpult schnell in ein leistungsstarkes Branding-Ger\u00e4t. Sie eignen sich hervorragend f\u00fcr Firmenanl\u00e4sse, Universit\u00e4ten, Regierungsorganisationen und jede Art von Unternehmen, das eine solide visuelle Erkl\u00e4rung abgeben m\u00f6chte.<\/li>\n<\/ul>\n<p><a href=\"https:\/\/customacrylicproduct.com\/de\/custom-acrylic-furnitures\/\"><img decoding=\"async\" class=\"wp-image-493 size-full aligncenter\" src=\"https:\/\/customacrylicproduct.com\/wp-content\/uploads\/2025\/07\/Custom-Acrylic-Podiums-1.jpg\" alt=\"Kundenspezifische Acryl-Podien\" width=\"800\" height=\"800\" srcset=\"https:\/\/customacrylicproduct.com\/wp-content\/uploads\/2025\/07\/Custom-Acrylic-Podiums-1.jpg 800w, https:\/\/customacrylicproduct.com\/wp-content\/uploads\/2025\/07\/Custom-Acrylic-Podiums-1-300x300.jpg 300w, https:\/\/customacrylicproduct.com\/wp-content\/uploads\/2025\/07\/Custom-Acrylic-Podiums-1-150x150.jpg 150w, https:\/\/customacrylicproduct.com\/wp-content\/uploads\/2025\/07\/Custom-Acrylic-Podiums-1-768x768.jpg 768w, https:\/\/customacrylicproduct.com\/wp-content\/uploads\/2025\/07\/Custom-Acrylic-Podiums-1-12x12.jpg 12w, https:\/\/customacrylicproduct.com\/wp-content\/uploads\/2025\/07\/Custom-Acrylic-Podiums-1-600x600.jpg 600w, https:\/\/customacrylicproduct.com\/wp-content\/uploads\/2025\/07\/Custom-Acrylic-Podiums-1-100x100.jpg 100w\" sizes=\"(max-width: 800px) 100vw, 800px\" \/><\/a><\/p>\n<h4 id=\"-a-stage-for-every-single-event-unequaled-flexibility-\"><strong>Eine B\u00fchne f\u00fcr jede Veranstaltung: Unerreichte Flexibilit\u00e4t\u00a0<\/strong>.<\/h4>\n<p>Die klaren Linien und das spezielle Aussehen unserer <a href=\"https:\/\/customacrylicproduct.com\/de\/custom-acrylic-podiums-transparent-acrylic-lecterns\/\">Acryl-Rednerpulte<\/a> machen sie unglaublich funktionell. Unsere Podien haben tats\u00e4chlich Fokus in einer gro\u00dfen Reihe von Veranstaltungsorten und Veranstaltungen geregelt:.<\/p>\n<ul>\n<li><strong>Konferenzen und Vorlesungen:\u00a0<\/strong>Aufgabe: ein zeitgem\u00e4\u00dfes Image von Autorit\u00e4t, Professionalit\u00e4t und Vertrauen.<\/li>\n<li><strong>Berufsmessen:\u00a0<\/strong>Bringen Sie Besucher in Ihre Kabine und bieten Sie ein Markensystem f\u00fcr Produktdemonstrationen an.<\/li>\n<li><strong>Kirchen und Orte des Gebets:\u00a0<\/strong>Verwenden Sie eine klare Acryl-Kanzel, um ein Gef\u00fchl der Sichtbarkeit und Verbindung zu erzeugen, oder eine starke f\u00fcr eine viel mehr Standard-Sichtbarkeit. Das interne Regal ist perfekt f\u00fcr eine Schrift und Predigt Notizen zu halten.<\/li>\n<li><strong>Hochzeiten und Bankette:\u00a0<\/strong>Bieten Sie ein stilvolles und trendiges Mittelst\u00fcck f\u00fcr Reden, Trinkspr\u00fcche und Schw\u00fcre.<\/li>\n<li><strong>Schulen und Universit\u00e4ten:\u00a0<\/strong>Geben Sie ein stabiles, sicheres und fachm\u00e4nnisches Rednerpult f\u00fcr Aufstellungen und Vortr\u00e4ge.<\/li>\n<li><strong>Restaurants und Hotels:\u00a0<\/strong>Verwenden Sie ihn als raffinierten Gastgeberst\u00e4nder, um G\u00e4ste zu empfangen.<\/li>\n<\/ul>\n<h4 id=\"-a-dedication-to-a-better-future-great-material-accountable-choice-\"><strong>Ein Engagement f\u00fcr eine bessere Zukunft: Gro\u00dfartiges Material, verantwortliche Wahl\u00a0<\/strong>.<\/h4>\n<p>Das von uns verwendete Acryl ist nicht nur robust und sch\u00f6n, sondern auch eine verantwortungsbewusste Wahl. Es ist ein\u00a0<strong>gro\u00dfartiges Produkt, das sowohl mit den Menschen als auch mit der Umgebung zurechtkommt\u00a0<\/strong>. Es ist ungiftig und enth\u00e4lt keine gef\u00e4hrlichen Chemikalien, was es f\u00fcr jede Art von Innenraum sicher macht. Au\u00dferdem ist Acryl ein recycelbares Produkt, das den Nachhaltigkeitszielen moderner Unternehmen entgegenkommt.<\/p>\n<p><strong>Erhebe deine Stimme. Definieren Sie Ihre B\u00fchne.\u00a0<\/strong>.<\/p>\n<p>Die Wahl eines unserer <a href=\"https:\/\/customacrylicproduct.com\/de\/custom-acrylic-podiums-transparent-acrylic-lecterns\/\">individuelle Acryl-Plattformen<\/a> ist die Entscheidung f\u00fcr eine Investition in hohe Qualit\u00e4t, Sicherheit und Design. Es ist ein Zeichen daf\u00fcr, dass Sie Wert auf klare Kommunikation und ein professionelles Foto legen. Es ist ein Werkzeug, das Sie unterst\u00fctzt und Ihnen eine stabile, funktionale und sch\u00f6ne Plattform bietet, auf der Sie Ihre Botschaft mit der Welt teilen k\u00f6nnen.<\/p>\n<p>Rufen Sie uns noch heute an, um Ihre spezifischen Anforderungen zu besprechen. Wir helfen Ihnen bei der Auswahl des besten Designs, der besten Abmessungen und der besten Branding-M\u00f6glichkeiten, um ein Rednerpult zu entwickeln, das ganz auf Sie zugeschnitten ist.<\/p>","protected":false},"excerpt":{"rendered":"<p>Steigern Sie Ihre B\u00fchnenpr\u00e4senz mit unseren ma\u00dfgeschneiderten Acrylpodesten. Unsere Rednerpulte sind in transparenten oder einfarbigen Ausf\u00fchrungen erh\u00e4ltlich, wie dieses moderne wei\u00dfe Modell, und bieten Stabilit\u00e4t und einen professionellen Look. F\u00fcgen Sie das Logo Ihrer Organisation hinzu und verleihen Sie ihm eine pers\u00f6nliche Note. Perfekt f\u00fcr Konferenzen, Schulen und Veranstaltungen.<\/p>","protected":false},"featured_media":496,"template":"","meta":{"_kad_post_transparent":"default","_kad_post_title":"","_kad_post_layout":"default","_kad_post_sidebar_id":"","_kad_post_content_style":"default","_kad_post_vertical_padding":"default","_kad_post_feature":"","_kad_post_feature_position":"","_kad_post_header":false,"_kad_post_footer":false,"_kad_post_classname":""},"product_brand":[],"product_cat":[21],"product_tag":[53,54,55],"class_list":{"0":"post-492","1":"product","2":"type-product","3":"status-publish","4":"has-post-thumbnail","6":"product_cat-custom-acrylic-furnitures","7":"product_tag-custom-acrylic-podiums","8":"product_tag-transparent-acrylic-lecterns","9":"product_tag-transparent-acrylic-podiums","11":"first","12":"instock","13":"shipping-taxable","14":"product-type-simple","15":"entry","16":"content-bg","17":"loop-entry"},"_links":{"self":[{"href":"https:\/\/customacrylicproduct.com\/de\/wp-json\/wp\/v2\/product\/492","targetHints":{"allow":["GET"]}}],"collection":[{"href":"https:\/\/customacrylicproduct.com\/de\/wp-json\/wp\/v2\/product"}],"about":[{"href":"https:\/\/customacrylicproduct.com\/de\/wp-json\/wp\/v2\/types\/product"}],"wp:featuredmedia":[{"embeddable":true,"href":"https:\/\/customacrylicproduct.com\/de\/wp-json\/wp\/v2\/media\/496"}],"wp:attachment":[{"href":"https:\/\/customacrylicproduct.com\/de\/wp-json\/wp\/v2\/media?parent=492"}],"wp:term":[{"taxonomy":"product_brand","embeddable":true,"href":"https:\/\/customacrylicproduct.com\/de\/wp-json\/wp\/v2\/product_brand?post=492"},{"taxonomy":"product_cat","embeddable":true,"href":"https:\/\/customacrylicproduct.com\/de\/wp-json\/wp\/v2\/product_cat?post=492"},{"taxonomy":"product_tag","embeddable":true,"href":"https:\/\/customacrylicproduct.com\/de\/wp-json\/wp\/v2\/product_tag?post=492"}],"curies":[{"name":"wp","href":"https:\/\/api.w.org\/{rel}","templated":true}]}}