{"id":497,"date":"2025-07-03T09:28:13","date_gmt":"2025-07-03T09:28:13","guid":{"rendered":"https:\/\/customacrylicproduct.com\/?post_type=product&#038;p=497"},"modified":"2025-07-03T12:48:41","modified_gmt":"2025-07-03T12:48:41","slug":"custom-clear-acrylic-fruit-trays-maker-perspex-acrylic-tray","status":"publish","type":"product","link":"https:\/\/customacrylicproduct.com\/de\/custom-clear-acrylic-fruit-trays-maker-perspex-acrylic-tray\/","title":{"rendered":"Benutzerdefinierte klare Acryl Obstschalen Maker Perspex Acrylschale"},"content":{"rendered":"<h3 id=\"-the-art-of-discussion-custom-crafted-perspex-polymer-trays-display-solutions-\"><strong>Die Kunst der Diskussion: Individuell gefertigte Perspex \u00ae Polymer Trays &amp; Display-L\u00f6sungen\u00a0<\/strong>.<\/h3>\n<p>In der Welt des gehobenen Einzelhandels, der luxuri\u00f6sen Freundlichkeit und der kuratierten pers\u00f6nlichen R\u00e4ume ist die Diskussion nicht nur ein Detail, sondern das ganze Erlebnis. Die Art und Weise, wie ein Objekt gehalten, pr\u00e4sentiert und bereitgestellt wird, verbindet seinen Wert, lange bevor ein Preis gelesen oder ein Geschmack genossen wird. Wir kennen dieses Prinzip sehr genau. Als f\u00fchrender Hersteller von kundenspezifischen Perspex\u00ae-Acrylglas-Tabletts und Show-L\u00f6sungen kreieren wir nicht einfach nur Beh\u00e4lter, sondern schaffen Erlebnisse. Wir entwickeln die unsichtbare B\u00fchne, die Ihre Produkte zum Star des Programms macht.<\/p>\n<p>Unser <a href=\"https:\/\/customacrylicproduct.com\/de\/custom-clear-acrylic-fruit-trays-maker-perspex-acrylic-tray\/\">kundenspezifische Tabletts,<\/a> wie das abgebildete elegante, moderne blaue Modell, sind die Verk\u00f6rperung von minimaler Klasse und unvergleichlicher Leistung. Sie wurden f\u00fcr anspruchsvolle Kunden entwickelt, die hohe Qualit\u00e4t, Klarheit und Modifikation verlangen und jedes Display von normal zu au\u00dfergew\u00f6hnlich machen.<\/p>\n<h4 id=\"-the-product-of-option-the-unmatched-prevalence-of-perspex-polymer-\"><strong>Das Produkt der Wahl: Die un\u00fcbertroffene Verbreitung von Perspex \u00ae Polymer\u00a0<\/strong>.<\/h4>\n<p>Die Grundlage eines jeden Kunstwerks ist das Produkt, aus dem es entsteht. Wir verwenden ausschlie\u00dflich hochwertiges Perspex \u00ae-Acrylglas, ein Material, das f\u00fcr seine optische Reinheit und Langlebigkeit bekannt ist und herk\u00f6mmliche Materialien wie Glas in allen wichtigen Aspekten weit \u00fcbertrifft.<\/p>\n<p><strong>1. Ausgezeichnete optische Qualit\u00e4t:\u00a0<\/strong>. Unsere Tabletts sind\u00a0<strong>hergestellt aus kristallklarem Perspex \u00ae Acryl\u00a0<\/strong>, ein Produkt, das\u00a0<strong>Optisch klarer als Glas\u00a0<\/strong>. W\u00e4hrend einfaches Glas oft einen raffinierten, umweltfreundlichen Farbton hat, der den tats\u00e4chlichen Farbton der darin enthaltenen Gegenst\u00e4nde verzerren kann, ist unser Polymer praktisch unsichtbar. Diese makellose Klarheit stellt sicher, dass Ihre Gegenst\u00e4nde genau so gesehen werden, wie sie beabsichtigt waren, mit leuchtenden Farben und detaillierten Informationen, die aus allen Blickwinkeln vollst\u00e4ndig sichtbar sind. Es h\u00e4lt Ihre Dinge nicht einfach nur fest, sondern wertet sie auf.<\/p>\n<p><strong>2. Ein Schutz gegen die Zeit: Grundlegende UV-Sicherheit:\u00a0<\/strong>. Sonnenlicht und raue, k\u00fcnstliche Beleuchtung sind stille Risiken f\u00fcr wertvolle Waren, die dazu f\u00fchren, dass sich Farben verf\u00e4rben und Produkte mit der Zeit kaputt gehen. Unser hochwertiges Acryl wirkt wie ein starker Schutzschild und bietet einen\u00a0<strong>hohes Ma\u00df an UV-Schutz\u00a0<\/strong>. Diese integrale Spitzenqualit\u00e4t entfernt einen erheblichen Teil der unsicheren ultravioletten Strahlen und sch\u00fctzt empfindliche Lebensmittel vor Flecken, wertvollen Schmuck vor dem Verlust seines Glanzes und die Integrit\u00e4t von Antiquit\u00e4ten und Artefakten.<\/p>\n<p><strong>3. Sicherheit und Zweckm\u00e4\u00dfigkeit integriert:\u00a0<\/strong>. In jeder Art von \u00f6ffentlicher oder stark frequentierter Atmosph\u00e4re sind Sicherheit und Schutz nicht verhandelbar. Unsere Acryll\u00f6sungen bieten tiefe Zufriedenheit.\u00a0<strong>Viel sicherer als die Verwendung von Glas\u00a0<\/strong>, Acryl ist unglaublich bruchsicher. Ein unbeabsichtigter Sturz oder Schlag f\u00fchrt mit sehr viel geringerer Wahrscheinlichkeit zu einem gef\u00e4hrlichen Durcheinander von scharfen Bruchst\u00fccken. Au\u00dferdem ist Acryl\u00a0<strong>weniger als die H\u00e4lfte des Gewichts von Glas\u00a0<\/strong>, Dadurch sind unsere Tabletts bemerkenswert einfach zu handhaben, zu transportieren und neu zu arrangieren - ein wichtiger Vorteil f\u00fcr Event-Personal, Einzelh\u00e4ndler und Heimk\u00fcnstler gleicherma\u00dfen.<\/p>\n<p><a href=\"https:\/\/customacrylicproduct.com\/de\/custom-clear-acrylic-fruit-trays-maker-perspex-acrylic-tray\/\"><img fetchpriority=\"high\" decoding=\"async\" class=\"aligncenter wp-image-499 size-full\" src=\"https:\/\/customacrylicproduct.com\/wp-content\/uploads\/2025\/07\/Custom-Acrylic-Trays-2.jpg\" alt=\"Individuelle Acryl-Tabletts\" width=\"800\" height=\"800\" srcset=\"https:\/\/customacrylicproduct.com\/wp-content\/uploads\/2025\/07\/Custom-Acrylic-Trays-2.jpg 800w, https:\/\/customacrylicproduct.com\/wp-content\/uploads\/2025\/07\/Custom-Acrylic-Trays-2-300x300.jpg 300w, https:\/\/customacrylicproduct.com\/wp-content\/uploads\/2025\/07\/Custom-Acrylic-Trays-2-150x150.jpg 150w, https:\/\/customacrylicproduct.com\/wp-content\/uploads\/2025\/07\/Custom-Acrylic-Trays-2-768x768.jpg 768w, https:\/\/customacrylicproduct.com\/wp-content\/uploads\/2025\/07\/Custom-Acrylic-Trays-2-12x12.jpg 12w, https:\/\/customacrylicproduct.com\/wp-content\/uploads\/2025\/07\/Custom-Acrylic-Trays-2-600x600.jpg 600w, https:\/\/customacrylicproduct.com\/wp-content\/uploads\/2025\/07\/Custom-Acrylic-Trays-2-100x100.jpg 100w\" sizes=\"(max-width: 800px) 100vw, 800px\" \/><\/a><\/p>\n<h4 id=\"-craftsmanship-in-every-line-the-appeal-of-seamless-building-and-construction-\"><strong>Handwerkskunst in jeder Zeile: Der Reiz des nahtlosen Bauens und Konstruierens\u00a0<\/strong>.<\/h4>\n<p>Wahre Spitzenqualit\u00e4t liegt in den Details der Konstruktion. Unser Produktionsprozess ist auf Genauigkeit ausgelegt, so dass sich das Produkt genauso gut anf\u00fchlt, wie es aussieht.<\/p>\n<p>Eines der auff\u00e4lligsten Merkmale unserer Tabletts und Etuis ist ihre saubere, ungest\u00f6rte \u00c4sthetik. Dies wird erreicht durch die Verwendung von\u00a0<strong>stumpf gesto\u00dfene Acrylplatten\u00a0<\/strong>, eine Technik, die es erm\u00f6glicht\u00a0<strong>aufger\u00e4umte Aussichten ohne furchtbare Stahlkonstruktion, die die Sicht verdeckt\u00a0<\/strong>. Im Gegensatz zu minderwertigen Artikeln, die durch auff\u00e4llige Klammern oder Ger\u00e4te zusammengehalten werden, sehen unsere Artikel aus, als w\u00e4ren sie aus einem einzigen, starken Acrylblock gefertigt worden. Dieser monolithische Aufbau schafft eine fortschrittliche, museale Anmutung, die den Wert der einzelnen Elemente noch steigert. Die sanft abgerundeten Kanten, wie auf dem blauen Tablett zu sehen, sind gr\u00fcndlich thermisch gebogen und verfeinert, was eine glatte, flie\u00dfende Art garantiert, die sowohl edel f\u00fcr das Auge als auch positiv f\u00fcr die Haptik ist.<\/p>\n<h4 id=\"-beyond-the-tray-the-globe-of-customization-and-enclosed-displays-\"><strong>Jenseits des Tabletts: Der Globus der Individualisierung und geschlossenen Displays\u00a0<\/strong>.<\/h4>\n<p>Unsere offenen Schalen sind zwar ein Musterbeispiel f\u00fcr Raffinesse, aber wir wissen, dass echte Sicherheit in manchen F\u00e4llen einen detaillierteren Service erfordert. Dank unseres Know-hows als Hersteller von personalisierten Produkten k\u00f6nnen wir diesen Ansatz auf vollst\u00e4ndig geschlossene Acrylboxen und Vitrinen ausdehnen.<\/p>\n<p>Eine\u00a0<strong><a href=\"https:\/\/customacrylicproduct.com\/de\/custom-clear-acrylic-fruit-trays-maker-perspex-acrylic-tray\/\">Zubeh\u00f6r f\u00fcr Acrylboxen<\/a> einen 6-eckigen Beh\u00e4lter\u00a0<\/strong>das perfekt ist, wenn Sie\u00a0<strong>bewahren Sie Ihre Gegenst\u00e4nde ordentlich, trocken und risikofrei vor unerw\u00fcnschten Besuchern auf!\u00a0<\/strong>Dies ist der optimale Service, um zerbrechliche Brote vor Verschmutzung zu sch\u00fctzen, n\u00fctzlichen Modeschmuck vor dem Zugriff zu bewahren oder wichtige Artefakte zu archivieren.<\/p>\n<p>Um eine ideale und gesch\u00fctzte Passform zu gew\u00e4hrleisten, sind unsere Koffer\u00a0<strong>versehen mit einem 6 mm gefalzten Acrylsockel\u00a0<\/strong>. Bei diesem Modell ist eine kleine, abgestufte Seite direkt in den Boden gefr\u00e4st, so dass der 5-seitige Deckel\u00a0<strong>festhalten bereit\u00a0<\/strong>. Sie sch\u00fctzt die Abdeckung vor dem Abrutschen und bietet so Sicherheit und Schutz, ohne das elegante, rahmenlose Aussehen zu beeintr\u00e4chtigen.<\/p>\n<p>Ihre Vision ist unsere Blaupause. Wir lieben es, uns zu ver\u00e4ndern und k\u00f6nnen L\u00f6sungen schaffen, die genau auf Ihre Bed\u00fcrfnisse zugeschnitten sind. Unser <a href=\"https:\/\/customacrylicproduct.com\/de\/custom-acrylic-trays\/\">kundenspezifische Acylschalen<\/a> und Instanzen k\u00f6nnen sein <strong>ma\u00dfgeschneidert in einer Vielzahl von Gr\u00f6\u00dfen und Farbt\u00f6nen\u00a0<\/strong>. Ganz gleich, ob Sie ein Tablett ben\u00f6tigen, das in ein bestimmtes Regal passt, ein Etui in der Farbe Ihres Markenzeichens oder eine einzigartige Form, die ein starkes Zeichen setzt - unser Team von Handwerkern kann es zum Leben erwecken.<\/p>\n<p><a href=\"https:\/\/customacrylicproduct.com\/de\/custom-clear-acrylic-fruit-trays-maker-perspex-acrylic-tray\/\"><img decoding=\"async\" class=\"aligncenter wp-image-498 size-full\" src=\"https:\/\/customacrylicproduct.com\/wp-content\/uploads\/2025\/07\/Custom-Acrylic-Trays-1.jpg\" alt=\"Individuelle Acryl-Tabletts\" width=\"800\" height=\"800\" srcset=\"https:\/\/customacrylicproduct.com\/wp-content\/uploads\/2025\/07\/Custom-Acrylic-Trays-1.jpg 800w, https:\/\/customacrylicproduct.com\/wp-content\/uploads\/2025\/07\/Custom-Acrylic-Trays-1-300x300.jpg 300w, https:\/\/customacrylicproduct.com\/wp-content\/uploads\/2025\/07\/Custom-Acrylic-Trays-1-150x150.jpg 150w, https:\/\/customacrylicproduct.com\/wp-content\/uploads\/2025\/07\/Custom-Acrylic-Trays-1-768x768.jpg 768w, https:\/\/customacrylicproduct.com\/wp-content\/uploads\/2025\/07\/Custom-Acrylic-Trays-1-12x12.jpg 12w, https:\/\/customacrylicproduct.com\/wp-content\/uploads\/2025\/07\/Custom-Acrylic-Trays-1-600x600.jpg 600w, https:\/\/customacrylicproduct.com\/wp-content\/uploads\/2025\/07\/Custom-Acrylic-Trays-1-100x100.jpg 100w\" sizes=\"(max-width: 800px) 100vw, 800px\" \/><\/a><\/p>\n<h4 id=\"-elevating-the-present-creating-measurement-and-style-\"><strong>Die Gegenwart aufwerten: Ma\u00df und Stil schaffen\u00a0<\/strong>.<\/h4>\n<p>Ein flacher Bildschirm kann eine verpasste Gelegenheit sein. Damit Sie wirklich lebendige und ansprechende Pr\u00e4sentationen erstellen k\u00f6nnen, bieten wir eine Reihe kompatibler Bildschirmger\u00e4te an.\u00a0<strong>Unser <a href=\"https:\/\/customacrylicproduct.com\/de\/custom-acrylic-trays\/\">Acryl-Display<\/a> Im Inneren der rechteckigen Acrylvitrine k\u00f6nnen Sie Br\u00fccken, Stufen und Bl\u00f6cke einsetzen, um Ihre Displays zus\u00e4tzlich zu gestalten und zu messen.\u00a0<\/strong>.<\/p>\n<p>Stellen Sie sich ein Modeschmuckdisplay vor, bei dem ein Anh\u00e4nger elegant \u00fcber eine Br\u00fccke geh\u00e4ngt wird, w\u00e4hrend der passende Schmuck auf kleinen Bl\u00f6cken ruht, die alle in einem gesch\u00fctzten, durchsichtigen Geh\u00e4use untergebracht sind. Oder stellen Sie sich ein Desserttablett vor, bei dem Macarons auf einem mehrstufigen Display angeordnet sind und so eine \u00e4sthetisch pr\u00e4chtige Landschaft aus Leckereien entsteht. Diese einfachen, klaren Ger\u00e4te lassen sich m\u00fchelos integrieren und erm\u00f6glichen es Ihnen, mit H\u00f6he und Tiefe zu spielen, um den Blick des Publikums zu lenken und eine viel fesselndere visuelle Geschichte zu erz\u00e4hlen.<\/p>\n<h4 id=\"-a-world-of-applications-where-beauty-fulfills-function-\"><strong>Eine Welt der Anwendungen: Wo die Sch\u00f6nheit die Funktion erf\u00fcllt\u00a0<\/strong>.<\/h4>\n<p>Die Flexibilit\u00e4t und die fortschrittliche \u00c4sthetik unserer ma\u00dfgefertigten Acrylschalen und -koffer machen sie zu einer hervorragenden Option f\u00fcr eine nahezu unbegrenzte Vielfalt von Anwendungen.<\/p>\n<ul>\n<li><strong>Essen vorhanden:\u00a0<\/strong>Unsere lebensmittelechten Tabletts sind sowohl hygienisch als auch spektakul\u00e4r, wenn es darum geht, dynamische Obstpl\u00e4ne und dekadentes Geb\u00e4ck auf einem Hotelbuffet zu pr\u00e4sentieren, Vorspeisen bei einem Catering-Event vorzustellen oder Gew\u00fcrze in einem modernen Caf\u00e9 zu organisieren.<\/li>\n<li><strong>Schmuck &amp; High-End-Einzelhandel:\u00a0<\/strong>Schaffen Sie eine Atmosph\u00e4re von h\u00f6chster Exklusivit\u00e4t. Pr\u00e4sentieren Sie Uhren, Anh\u00e4nger, Ringe und tolle Ger\u00e4te so, dass ihre Verarbeitung ohne Ablenkung zur Geltung kommt. Das Etui mit Deckel bietet die notwendige Sicherheit.<\/li>\n<li><strong>Home Window Displays &amp; In-Store-Werbung:\u00a0<\/strong>Wecken Sie das Interesse der Passanten mit einem sauberen, brillanten und modernen Fensterbildschirm. Unsere Tabletts und Situationen eignen sich hervorragend, um die Einf\u00fchrung neuer Artikel, saisonale Werbeaktionen und besondere Artikel in den Mittelpunkt zu stellen.<\/li>\n<li><strong>Museen und Galerien:\u00a0<\/strong>Pr\u00e4sentieren Sie Artefakte, Modelle und Antiquit\u00e4ten mit der Qualit\u00e4t und dem Schutz, auf den sie Anspruch haben. Der UV-Schutz und die ungehinderte Sicht sind f\u00fcr Archivierungs- und Veranstaltungsfunktionen erforderlich.<\/li>\n<li><strong>Zuhause und am Arbeitsplatz:\u00a0<\/strong>Arrangieren Sie Ihren Waschtisch mit einem schicken Tablett f\u00fcr Parf\u00fcm und Kosmetika, entwickeln Sie eine raffinierte Servierplatte f\u00fcr die Bewirtung von G\u00e4sten, oder nutzen Sie ein personalisiertes Tablett als fortschrittlichen Arbeitsplatzkoordinator oder \u201cAuffangbeh\u00e4lter\u201d in Ihrem Eingangsbereich.<\/li>\n<\/ul>\n<p><a href=\"https:\/\/customacrylicproduct.com\/de\/custom-acrylic-trays\/\"><img decoding=\"async\" class=\"aligncenter wp-image-500 size-full\" src=\"https:\/\/customacrylicproduct.com\/wp-content\/uploads\/2025\/07\/Custom-Acrylic-Trays-3.jpg\" alt=\"Individuelle Acryl-Tabletts\" width=\"800\" height=\"800\" srcset=\"https:\/\/customacrylicproduct.com\/wp-content\/uploads\/2025\/07\/Custom-Acrylic-Trays-3.jpg 800w, https:\/\/customacrylicproduct.com\/wp-content\/uploads\/2025\/07\/Custom-Acrylic-Trays-3-300x300.jpg 300w, https:\/\/customacrylicproduct.com\/wp-content\/uploads\/2025\/07\/Custom-Acrylic-Trays-3-150x150.jpg 150w, https:\/\/customacrylicproduct.com\/wp-content\/uploads\/2025\/07\/Custom-Acrylic-Trays-3-768x768.jpg 768w, https:\/\/customacrylicproduct.com\/wp-content\/uploads\/2025\/07\/Custom-Acrylic-Trays-3-12x12.jpg 12w, https:\/\/customacrylicproduct.com\/wp-content\/uploads\/2025\/07\/Custom-Acrylic-Trays-3-600x600.jpg 600w, https:\/\/customacrylicproduct.com\/wp-content\/uploads\/2025\/07\/Custom-Acrylic-Trays-3-100x100.jpg 100w\" sizes=\"(max-width: 800px) 100vw, 800px\" \/><\/a><\/p>\n<p><strong>Gehen Sie eine Partnerschaft mit einem Hersteller ein, der sich auf Qualit\u00e4t versteht.\u00a0<\/strong>.<\/p>\n<p>Wenn Sie sich f\u00fcr uns entscheiden, erhalten Sie nicht nur einen Artikel, sondern arbeiten mit einem engagierten Hersteller zusammen, der sich der Qualit\u00e4t verschrieben hat. Wir verbinden modernste Technologie mit klassischer Handwerkskunst, um Dienstleistungen zu liefern, die ebenso langlebig wie attraktiv sind. Setzen Sie sich noch heute mit uns in Verbindung, um Ihre Aufgabe zu besprechen, und lassen Sie sich von uns dabei helfen, das beste Acrylglasdisplay zu entwickeln, das Ihren Markennamen st\u00e4rkt und Ihre Produkte im besten Licht erscheinen l\u00e4sst.<\/p>","protected":false},"excerpt":{"rendered":"<p>The Art of Discussion: Custom-Crafted Perspex \u00ae Polymer Trays &amp; Display Solutions\u00a0. In the world of high-end retail, deluxe friendliness, and curated personal spaces, discussion is not just a detail&#8211; it is the whole experience. The way an object is held, presented, and provided connects its worth long before a cost is read or a&#8230;<\/p>","protected":false},"featured_media":501,"template":"","meta":{"_kad_post_transparent":"default","_kad_post_title":"","_kad_post_layout":"default","_kad_post_sidebar_id":"","_kad_post_content_style":"default","_kad_post_vertical_padding":"default","_kad_post_feature":"","_kad_post_feature_position":"","_kad_post_header":false,"_kad_post_footer":false,"_kad_post_classname":""},"product_brand":[],"product_cat":[22],"product_tag":[56,57],"class_list":{"0":"post-497","1":"product","2":"type-product","3":"status-publish","4":"has-post-thumbnail","6":"product_cat-custom-acrylic-trays","7":"product_tag-custom-acrylic-trays","8":"product_tag-perspex-acrylic-tray","10":"first","11":"instock","12":"shipping-taxable","13":"product-type-simple","14":"entry","15":"content-bg","16":"loop-entry"},"_links":{"self":[{"href":"https:\/\/customacrylicproduct.com\/de\/wp-json\/wp\/v2\/product\/497","targetHints":{"allow":["GET"]}}],"collection":[{"href":"https:\/\/customacrylicproduct.com\/de\/wp-json\/wp\/v2\/product"}],"about":[{"href":"https:\/\/customacrylicproduct.com\/de\/wp-json\/wp\/v2\/types\/product"}],"wp:featuredmedia":[{"embeddable":true,"href":"https:\/\/customacrylicproduct.com\/de\/wp-json\/wp\/v2\/media\/501"}],"wp:attachment":[{"href":"https:\/\/customacrylicproduct.com\/de\/wp-json\/wp\/v2\/media?parent=497"}],"wp:term":[{"taxonomy":"product_brand","embeddable":true,"href":"https:\/\/customacrylicproduct.com\/de\/wp-json\/wp\/v2\/product_brand?post=497"},{"taxonomy":"product_cat","embeddable":true,"href":"https:\/\/customacrylicproduct.com\/de\/wp-json\/wp\/v2\/product_cat?post=497"},{"taxonomy":"product_tag","embeddable":true,"href":"https:\/\/customacrylicproduct.com\/de\/wp-json\/wp\/v2\/product_tag?post=497"}],"curies":[{"name":"wp","href":"https:\/\/api.w.org\/{rel}","templated":true}]}}