{"id":503,"date":"2025-07-03T12:34:33","date_gmt":"2025-07-03T12:34:33","guid":{"rendered":"https:\/\/customacrylicproduct.com\/?post_type=product&#038;p=503"},"modified":"2025-07-03T12:47:03","modified_gmt":"2025-07-03T12:47:03","slug":"custom-personalised-sign-printing-acrylic-trophies-awards","status":"publish","type":"product","link":"https:\/\/customacrylicproduct.com\/de\/custom-personalised-sign-printing-acrylic-trophies-awards\/","title":{"rendered":"Personalisierter Schilddruck Acryl-Troph\u00e4en Auszeichnungen"},"content":{"rendered":"<h3 id=\"-personalized-personalised-indicator-printing-acrylic-trophies-awards-sculpting-recognition-crafting-legacy-\"><strong>Personalisierte Acryltroph\u00e4en mit personalisiertem Anzeigendruck Auszeichnungen: Anerkennung modellieren, Verm\u00e4chtnis erschaffen\u00a0<\/strong>.<\/h3>\n<p>In einer Welt kurzlebiger Errungenschaften und digitaler Auszeichnungen hat ein greifbares Zeichen der Anerkennung eine unvergleichliche Kraft. Es ist ein unumkehrbares Zeichen f\u00fcr Qualit\u00e4t, eine physische Verk\u00f6rperung der Bem\u00fchungen und eine klassische Hommage an eine beachtliche Minute. Wir laden Sie ein, das Herk\u00f6mmliche hinter sich zu lassen und die Zukunft der Anerkennung mit unserer <a href=\"https:\/\/customacrylicproduct.com\/de\/custom-personalised-sign-printing-acrylic-trophies-awards\/\">Personalisierte Troph\u00e4en und Auszeichnungen aus Acryl.<\/a> Es handelt sich nicht um einfache Gegenst\u00e4nde, sondern um ma\u00dfgeschneiderte Meisterwerke, die entwickelt wurden, um Erfolge zu feiern, k\u00fcnftige Unternehmungen zu beeinflussen und den eigentlichen Akt der Empfehlung zu einem unvergesslichen Erlebnis zu machen.<\/p>\n<h3 id=\"-the-soul-of-the-material-the-unequaled-purity-of-pmma-\"><strong>Die Seele des Materials: Die un\u00fcbertroffene Reinheit von PMMA\u00a0<\/strong>.<\/h3>\n<p>Die Struktur jeder ph\u00e4nomenalen Ehre ist das Material, aus dem sie entstanden ist. Wir verwenden ausschlie\u00dflich hochreines, f\u00fcr optische Zwecke geeignetes PMMA (Polymethylmethacrylat), das h\u00e4ufig auch als Acrylglas bezeichnet wird. Diese Option ist kalkuliert und wird von einer Hingabe an Spitzenqualit\u00e4t, Brillanz und Langlebigkeit angetrieben, die typische Produkte wie Glas einfach nicht erreichen k\u00f6nnen.<\/p>\n<p><strong>Kristallklare Ausstrahlung:\u00a0<\/strong>Unser Acryl hat eine erstaunliche Lichtdurchl\u00e4ssigkeit von \u2265 92%, wobei unsere optische Qualit\u00e4t einen au\u00dfergew\u00f6hnlichen Wert von 98% erreicht. Dies f\u00fchrt zu einer perfekten, kristall\u00e4hnlichen Klarheit, die Licht in spektakul\u00e4rer Sch\u00f6nheit aufnimmt und bricht. Im Gegensatz zu Glas, das einen Gr\u00fcnstich haben kann, bietet unser PMMA eine reine, unverf\u00e4lschte Transparenz, die sicherstellt, dass die Betonung ganz auf den detaillierten Informationen und pers\u00f6nlichen Gef\u00fchlen im Inneren liegt.<\/p>\n<p><strong>Unbeugsame Ausdauer und Sicherheit:\u00a0<\/strong>W\u00e4hrend sie die zerbrechliche Anmutung von Kristall haben, besitzen unsere Acryl-Ehrenzeichen einen starken Kern. Mit einer zehnmal h\u00f6heren Widerstandsf\u00e4higkeit als bei gew\u00f6hnlichem Glas ist die Gefahr des Zerbrechens bei einem unbeabsichtigten Sturz praktisch gebannt. Diese inh\u00e4rente Langlebigkeit macht unsere Preise sicherer f\u00fcr Bildschirme in stark frequentierten B\u00fcros, hektischen Veranstaltungsorten und Familienh\u00e4usern und sorgt f\u00fcr Zufriedenheit neben \u00e4sthetischer Erhabenheit.<\/p>\n<p><strong>Dauerhafter Widerstand gegen die Umwelt:\u00a0<\/strong>Eine Auszeichnung soll ein Leben lang halten, ein best\u00e4ndiger Hinweis auf einen stolzen Moment. Unser UV-beschichtetes Acryl ist so konzipiert, dass es den Pr\u00fcfungen der Zeit standh\u00e4lt. Es widersteht proaktiv den vergilbenden Einfl\u00fcssen von ultraviolettem Licht und gew\u00e4hrleistet eine Vergilbungsrate von weniger als 3% \u00fcber f\u00fcnf Jahre. Dies bedeutet, dass Ihr Preis sein ausgezeichnetes, wasserklares Aussehen f\u00fcr viele Jahre beibeh\u00e4lt und die Erinnerung, die er repr\u00e4sentiert, ohne Beeintr\u00e4chtigung bewahrt wird.<\/p>\n<p><strong>Umweltbewusste Qualit\u00e4t:\u00a0<\/strong>In der heutigen Welt ist die Verpflichtung wichtig. Unser PMMA ist vollst\u00e4ndig RoHS-konform, d. h. es enth\u00e4lt keine gef\u00e4hrlichen Materialien. Dar\u00fcber hinaus unterst\u00fctzt es die Wiederverwendung, so dass Ihr Akt der Anerkennung mit einem Engagement f\u00fcr \u00f6kologische Nachhaltigkeit einhergeht.<\/p>\n<p><strong>Pr\u00e4zision im Prozess:\u00a0<\/strong>Die Vielseitigkeit des Materials wird durch eine genaue thermische Kontrolle er\u00f6ffnet. Mit einer Verarbeitungstemperatur von 80-100 \u2103 k\u00f6nnen wir eine kontrollierte Hei\u00dfverformung erreichen, um elegante Konturen und einzigartige Formen zu erzeugen, ohne dass es zu Blasenbildung oder Verformungen kommt, so dass jederzeit eine makellose Oberfl\u00e4che gew\u00e4hrleistet ist.<\/p>\n<p><a href=\"https:\/\/customacrylicproduct.com\/de\/custom-acrylic-trophies-awards\/\"><img fetchpriority=\"high\" decoding=\"async\" class=\"wp-image-506 size-full aligncenter\" src=\"https:\/\/customacrylicproduct.com\/wp-content\/uploads\/2025\/07\/Custom-Acrylic-Trophies-3.jpg\" alt=\"Individuelle Acryl-Troph\u00e4en\" width=\"800\" height=\"800\" srcset=\"https:\/\/customacrylicproduct.com\/wp-content\/uploads\/2025\/07\/Custom-Acrylic-Trophies-3.jpg 800w, https:\/\/customacrylicproduct.com\/wp-content\/uploads\/2025\/07\/Custom-Acrylic-Trophies-3-300x300.jpg 300w, https:\/\/customacrylicproduct.com\/wp-content\/uploads\/2025\/07\/Custom-Acrylic-Trophies-3-150x150.jpg 150w, https:\/\/customacrylicproduct.com\/wp-content\/uploads\/2025\/07\/Custom-Acrylic-Trophies-3-768x768.jpg 768w, https:\/\/customacrylicproduct.com\/wp-content\/uploads\/2025\/07\/Custom-Acrylic-Trophies-3-12x12.jpg 12w, https:\/\/customacrylicproduct.com\/wp-content\/uploads\/2025\/07\/Custom-Acrylic-Trophies-3-600x600.jpg 600w, https:\/\/customacrylicproduct.com\/wp-content\/uploads\/2025\/07\/Custom-Acrylic-Trophies-3-100x100.jpg 100w\" sizes=\"(max-width: 800px) 100vw, 800px\" \/><\/a><\/p>\n<h3 id=\"-a-harmony-of-layout-and-workmanship-where-innovation-fulfills-virtuosity-\"><strong>Eine Harmonie von Layout und Verarbeitung: Wo die Innovation die Virtuosit\u00e4t erf\u00fcllt\u00a0<\/strong>.<\/h3>\n<p>Ein herausragendes Produkt ist nur der Ausgangspunkt. Es sind unsere hochmoderne Handwerkskunst und unsere innovative Design-Ideologie, die einen einfachen Acrylblock in ein tiefgr\u00fcndiges Deklarationsobjekt verwandeln. Wir bringen anspruchsvolle moderne Technologie mit handwerklichen Techniken in Einklang, um au\u00dfergew\u00f6hnliche Pr\u00e4zision und innovative Flexibilit\u00e4t zu erreichen.<\/p>\n<p><strong>Core Handling Moderne Technologie:\u00a0<\/strong>.<\/p>\n<ul>\n<li><strong>Laser-Reduzierung mit prismatischer Exzellenz:\u00a0<\/strong>Unser Verfahren beginnt mit hochpr\u00e4zisem Laserschneiden, das auf \u00b1 0,1 mm genau ist. Diese moderne Technologie erm\u00f6glicht die Entwicklung von au\u00dfergew\u00f6hnlich detaillierten und scharfen Layouts. Aber damit h\u00f6ren wir nicht auf. Die geschnittenen Seiten werden dann einem sorgf\u00e4ltigen Flammglanzverfahren unterzogen, das sie in eine schillernde, kristallprismenartige Oberfl\u00e4che verwandelt, die im Licht funkelt und dem Preis eine lebendige und \u00fcppige Dimension verleiht.<\/li>\n<li><strong>3D Stacking und Bonding f\u00fcr architektonische Tiefe:\u00a0<\/strong>Wir gehen \u00fcber die Einschr\u00e4nkungen einer einzelnen flachen Ebene hinaus. Mit einer innovativen 3D-Stapel- und Klebetechnik k\u00f6nnen wir mehrere Acrylschichten mit einer Genauigkeit von 0,2 mm zusammensetzen. So entstehen aufsehenerregende, mehrschichtige dreidimensionale Rahmen, die ein Gef\u00fchl von baulicher Tiefe und visueller Komplexit\u00e4t vermitteln und den Preis zu einem echten Blickfang machen.<\/li>\n<li><strong>Innere Beschriftung: Das innere Licht einfangen:\u00a0<\/strong>Unsere faszinierendste Strategie ist die Lasergravur im Innenbereich. Ein hochintensiver Laser konzentriert sich unter der Oberfl\u00e4che des Acryls und erzeugt komplizierte, dreidimensionale Muster, Logodesigns und Nachrichten\u00a0<em>innerhalb\u00a0<\/em>die Ehre selbst. Mit einer Tiefe von etwa 20 mm scheinen diese Layouts schwerelos in dem kristallklaren Block zu schweben. Diese interne Beschriftung ist dauerhaft, unempfindlich gegen Besch\u00e4digungen und wird sich nie verf\u00e4rben oder abfallen, so dass Ihre Botschaft f\u00fcr immer erhalten bleibt.<\/li>\n<li><strong>Exquisite Oberfl\u00e4chenbehandlungen:\u00a0<\/strong>Der letzte Schliff wird durch die gew\u00fcnschte \u00c4sthetik bestimmt. F\u00fcr einen fantastischen, reflektierenden Glanz verwenden wir das Rubinkopfpolieren, um eine hervorragende Spiegeloberfl\u00e4che zu erzielen. F\u00fcr einen subtileren, moderneren und raffinierteren Eindruck sorgt das mechanische Schleifen f\u00fcr ein weiches, mattes Aussehen. Um dieses makellose Aussehen zu erhalten, kann eine optionale Anti-Fingerprint-Beschichtung verwendet werden, die sicherstellt, dass der Preis auch dann noch perfekt aussieht, wenn er bearbeitet wird.<\/li>\n<\/ul>\n<p><a href=\"https:\/\/customacrylicproduct.com\/de\/custom-personalised-sign-printing-acrylic-trophies-awards\/\"><img decoding=\"async\" class=\"aligncenter wp-image-508 size-full\" src=\"https:\/\/customacrylicproduct.com\/wp-content\/uploads\/2025\/07\/Custom-Acrylic-Trophies-5.jpg\" alt=\"Individuelle Acryl-Troph\u00e4en\" width=\"800\" height=\"800\" srcset=\"https:\/\/customacrylicproduct.com\/wp-content\/uploads\/2025\/07\/Custom-Acrylic-Trophies-5.jpg 800w, https:\/\/customacrylicproduct.com\/wp-content\/uploads\/2025\/07\/Custom-Acrylic-Trophies-5-300x300.jpg 300w, https:\/\/customacrylicproduct.com\/wp-content\/uploads\/2025\/07\/Custom-Acrylic-Trophies-5-150x150.jpg 150w, https:\/\/customacrylicproduct.com\/wp-content\/uploads\/2025\/07\/Custom-Acrylic-Trophies-5-768x768.jpg 768w, https:\/\/customacrylicproduct.com\/wp-content\/uploads\/2025\/07\/Custom-Acrylic-Trophies-5-12x12.jpg 12w, https:\/\/customacrylicproduct.com\/wp-content\/uploads\/2025\/07\/Custom-Acrylic-Trophies-5-600x600.jpg 600w, https:\/\/customacrylicproduct.com\/wp-content\/uploads\/2025\/07\/Custom-Acrylic-Trophies-5-100x100.jpg 100w\" sizes=\"(max-width: 800px) 100vw, 800px\" \/><\/a><\/p>\n<p><strong>Phantasievolles Verstehen:\u00a0<\/strong>.<\/p>\n<ul>\n<li><strong>Dynamischer Text und LOGO-Pr\u00e4sentation:\u00a0<\/strong>Ihre Botschaft ist extrem wichtig. Wir bieten eine Reihe von pr\u00e4chtigen Diskussionsalternativen an: klassische vergoldete Schriftz\u00fcge f\u00fcr einen Hauch von klassischer Eleganz, innovative UV-Reliefdrucke, die Botschaften und Logos um 0,5 bis 1 mm anheben, um einen reaktionsschnellen, gepr\u00e4gten Effekt zu erzielen, oder leuchtende Penetrationsstile, die mit Licht kommunizieren und einen leuchtenden, spirituellen Look erzeugen.<\/li>\n<li><strong>Wegbereiter f\u00fcr architektonische Innovationen:\u00a0<\/strong>Wir testen den Standardtyp des Preises. Unsere Designer k\u00f6nnen fesselnde, schwebende Layouts entwerfen, bei denen die Elemente ohne Hilfe zu schweben scheinen. Wir k\u00f6nnen pr\u00e4zisionsgefertigte drehbare Teile f\u00fcr einen interaktiven Aspekt integrieren. F\u00fcr einen wirklich zeitgem\u00e4\u00dfen Twist k\u00f6nnen wir einen \u00fcberraschenden Chip-Anschluss einbauen, der NFC (Near Field Interaction) erm\u00f6glicht. Ein einfaches Antippen mit einem intelligenten Ger\u00e4t kann eine Verbindung zu einer Firmenwebsite, einem Video eines Champions oder einer pers\u00f6nlichen Nachricht herstellen und so die physische Ehre perfekt mit der digitalen Welt verschmelzen.<\/li>\n<\/ul>\n<h3 id=\"-beyond-a-trophy-multifunctional-and-significant-applications-\"><strong>Mehr als eine Troph\u00e4e: Multifunktionale und bedeutsame Anwendungen\u00a0<\/strong>.<\/h3>\n<p>Unsere Acryl-Ehrenzeichen sind so konzipiert, dass sie flexibel sind, eine gro\u00dfe Bandbreite an Funktionen bieten und sich problemlos in die verschiedensten Situationen einf\u00fcgen, wobei sie jedes Mal einen lang anhaltenden Eindruck hinterlassen.<\/p>\n<p><strong>Wesentliche Merkmale:\u00a0<\/strong>.<\/p>\n<ul>\n<li><strong>Die Kunst der Empfehlung:\u00a0<\/strong>Im Grunde ist unser Artikel ein Gef\u00e4\u00df f\u00fcr Anerkennung. Wir gravieren gekonnt alle wichtigen Informationen ein - den Namen des Empf\u00e4ngers, das Ereignis oder die Leistung und den Tag - und schaffen so ein ma\u00dfgeschneidertes Artefakt des Erfolgs.<\/li>\n<li><strong>Markenname Bildverbesserung:\u00a0<\/strong>Eine perfekt gestaltete Auszeichnung ist ein Spiegelbild des Unternehmens, das sie verleiht. Unsere ma\u00dfgeschneiderten Troph\u00e4en fungieren als wirksame Markenbotschafter, die das Engagement f\u00fcr Spitzenqualit\u00e4t, Innovation und die Wertsch\u00e4tzung der Menschen vermitteln.<\/li>\n<\/ul>\n<p><strong>Erweiterte Funktionen f\u00fcr die Neuzeit:\u00a0<\/strong>.<\/p>\n<ul>\n<li><strong>Interaktive AR-Erlebnisse:\u00a0<\/strong>Werten Sie Ihre Ehrungszeremonie durch die Integration von Enhanced Reality auf. Die Empf\u00e4nger k\u00f6nnen ihre Troph\u00e4e mit einem intelligenten Ger\u00e4t scannen, um eine benutzerdefinierte Animation, eine Videoclip-Botschaft des Gesch\u00e4ftsf\u00fchrers oder ein interaktives 3D-Modell eines neuen Gegenstandes auszul\u00f6sen, wodurch ein \u201cWow\u201d-Moment entsteht, der mit Sicherheit geteilt wird und in Erinnerung bleibt.<\/li>\n<li><strong>Die abnehmbare Basis:\u00a0<\/strong>Wir glauben an funktionelles Design. Ausgew\u00e4hlte Modelle verf\u00fcgen \u00fcber einen abnehmbaren Sockel, der auf geniale Weise als trendiger und sinnvoller Smartphone-Halter fungiert und daf\u00fcr sorgt, dass die Auszeichnung ein n\u00fctzlicher und auff\u00e4lliger Teil des t\u00e4glichen Arbeitsbereichs des Empf\u00e4ngers bleibt.<\/li>\n<\/ul>\n<p><a href=\"https:\/\/customacrylicproduct.com\/de\/custom-acrylic-trophies-awards\/\"><img decoding=\"async\" class=\"aligncenter wp-image-507 size-full\" src=\"https:\/\/customacrylicproduct.com\/wp-content\/uploads\/2025\/07\/Custom-Acrylic-Trophies-4.jpg\" alt=\"Individuelle Acryl-Troph\u00e4en\" width=\"800\" height=\"800\" srcset=\"https:\/\/customacrylicproduct.com\/wp-content\/uploads\/2025\/07\/Custom-Acrylic-Trophies-4.jpg 800w, https:\/\/customacrylicproduct.com\/wp-content\/uploads\/2025\/07\/Custom-Acrylic-Trophies-4-300x300.jpg 300w, https:\/\/customacrylicproduct.com\/wp-content\/uploads\/2025\/07\/Custom-Acrylic-Trophies-4-150x150.jpg 150w, https:\/\/customacrylicproduct.com\/wp-content\/uploads\/2025\/07\/Custom-Acrylic-Trophies-4-768x768.jpg 768w, https:\/\/customacrylicproduct.com\/wp-content\/uploads\/2025\/07\/Custom-Acrylic-Trophies-4-12x12.jpg 12w, https:\/\/customacrylicproduct.com\/wp-content\/uploads\/2025\/07\/Custom-Acrylic-Trophies-4-600x600.jpg 600w, https:\/\/customacrylicproduct.com\/wp-content\/uploads\/2025\/07\/Custom-Acrylic-Trophies-4-100x100.jpg 100w\" sizes=\"(max-width: 800px) 100vw, 800px\" \/><\/a><\/p>\n<p><strong>Normale Umst\u00e4nde:\u00a0<\/strong>.<\/p>\n<ul>\n<li><strong>Exzellenz im Unternehmen:\u00a0<\/strong>Von der j\u00e4hrlichen Ehrung des Mitarbeiters des Jahres und des Verkaufschampions bis hin zu Lieferantenanerkennungen und Meilensteinen f\u00fcr Gruppenprojekte sind unsere Troph\u00e4en die beste Methode, um Inspiration, Engagement und eine Erfolgskultur zu f\u00f6rdern.<\/li>\n<li><strong>Herausragende Ereignisse:\u00a0<\/strong>Kr\u00f6nen Sie die Sieger eines Marathons, einen E-Sport-Champion oder einen Technologiewettbewerber mit einer Troph\u00e4e, die der Gr\u00f6\u00dfe ihrer Leistung entspricht.<\/li>\n<li><strong>Exklusive Artikel f\u00fcr Enthusiasten:\u00a0<\/strong>Arbeiten Sie mit uns zusammen, um Ehrenzeichen in limitierter Auflage mit K\u00fcnstlermarke herzustellen. Mit einzigartigen F\u00e4lschungsschutzcodes und offiziellen Sammlungszertifikaten versehen, werden diese Artikel zu begehrten Objekten f\u00fcr Enthusiasten und Fanatiker.<\/li>\n<li><strong>Gesch\u00e4tzte Denkm\u00e4ler:\u00a0<\/strong>Erinnern Sie sich an einen bedeutenden Jahrestag, einen bemerkenswerten Ruhestand oder einen akademischen Erfolg mit einem attraktiven und dauerhaften Erinnerungsst\u00fcck, das den Ernst und die Freude des Ereignisses einf\u00e4ngt.<\/li>\n<\/ul>\n<h3 id=\"-customized-to-your-vision-trick-criteria-and-modification-\"><strong>Ma\u00dfgeschneidert f\u00fcr Ihre Vision: Trick-Kriterien und Modifikation\u00a0<\/strong>.<\/h3>\n<p>Jede Vision ist einzigartig, und unsere Fertigungsm\u00f6glichkeiten werden so entwickelt, dass sie Ihren Vorstellungen entsprechen.<\/p>\n<ul>\n<li><strong>Abmessungsbereich:\u00a0<\/strong>Von einer sehr diskreten 15 cm hohen Schreibtisch-Ehrung bis hin zu einem imposanten 100 cm hohen Preis f\u00fcr einen gro\u00dfen Anlass ist unsere konventionelle Palette umfassend. F\u00fcr absolut signifikante Erkl\u00e4rungen, unterst\u00fctzen wir ultra-high Personalisierung so viel wie eine erstaunliche 280cm.<\/li>\n<li><strong>Dichte-Optionen:\u00a0<\/strong>Die Platte des Hauptk\u00f6rpers kann von schlanken 3 mm bis hin zu 50 mm personalisiert werden, wobei es Alternativen f\u00fcr zus\u00e4tzliche Verdickungen gibt, um einzigartige architektonische Layouts anzupassen.<\/li>\n<li><strong>Gewichtsempfehlung:\u00a0<\/strong>Unsere konventionellen Preise variieren von starken 0,3 kg bis zu beachtlichen 8 kg, berechnet nach Volumen \u00d7 1,18 g\/cm \u00b3, was jedem St\u00fcck ein angenehmes und au\u00dfergew\u00f6hnliches Gef\u00fchl verleiht.<\/li>\n<\/ul>\n<h3 id=\"-engineered-for-experience-efficiency-safety-and-security-and-maintenance-\"><strong>Entwickelt f\u00fcr Erfahrung: Effizienz, Schutz und Sicherheit sowie Wartung\u00a0<\/strong>.<\/h3>\n<p>Wir ber\u00fccksichtigen jedes Element der Interaktion des Einzelnen mit dem Endprodukt.<\/p>\n<ul>\n<li><strong>Effizienz-Indikatoren:\u00a0<\/strong>Unsere Gl\u00e4ser sind f\u00fcr eine lange Lebensdauer konstruiert und halten Temperaturen von -40 \u2103 bis 85 \u2103 stand. Mit einem Brechungsindex von 1,49 und einer Tr\u00fcbung von \u2264 1% ist die optische Qualit\u00e4t wissenschaftlich \u00fcberlegen.<\/li>\n<li><strong>Optimierung der Benutzerfreundlichkeit:\u00a0<\/strong>Im Gegensatz zu k\u00fchlem Metall hat Acryl eine geringere W\u00e4rmeleitf\u00e4higkeit, was in k\u00fchleren Umgebungen f\u00fcr eine \u00fcberraschend angenehme Atmosph\u00e4re sorgt. F\u00fcr Auszeichnungen, die am Arbeitsplatz \u00fcberreicht werden, kann eine optionale Version mit Blaulichtfilter Augenentz\u00fcndungen durch das Gl\u00fchen des Bildschirms minimieren.<\/li>\n<li><strong>Kompromisslose Sicherheit:\u00a0<\/strong>Jede Kante ist auf \u2265 0,5 mm abgeschr\u00e4gt (zertifiziert nach EU EN71 Sicherheitskriterien). Bei Kinderpreisen wird die Kantenbreite auf \u2265 3 mm erh\u00f6ht. Unsere Verpackungen werden sorgf\u00e4ltig daraufhin gepr\u00fcft, ob sie einem Fall aus 1,5 Metern H\u00f6he standhalten, um zu gew\u00e4hrleisten, dass Ihre Auszeichnung in einwandfreiem Zustand ankommt.<\/li>\n<li><strong>M\u00fchelose Instandhaltung:\u00a0<\/strong>Eine optionale hydrophobe und oleophobe Schicht dr\u00fcckt Wasser und \u00d6le zur\u00fcck, wodurch die R\u00fcckst\u00e4nde von Fingerabdr\u00fccken drastisch reduziert werden und die Reinigung so einfach ist wie eine sanfte Reinigung.<\/li>\n<\/ul>\n<h3 id=\"-your-companion-in-acknowledgment-a-seamless-modification-service-\"><strong>Ihr Begleiter in Sachen Anerkennung: Ein nahtloser \u00c4nderungsdienst\u00a0<\/strong>.<\/h3>\n<p>Wir bieten einen organisierten, gemeinsamen Prozess, um Ihre Vision zum Leben zu erwecken, mit Servicestrategien, die auf Ihre besonderen Anforderungen zugeschnitten sind.<\/p>\n<p><strong>Klassifizierung der Marktpositionierung:\u00a0<\/strong>.<\/p>\n<ul>\n<li><strong>Wirtschaftliches Design:\u00a0<\/strong>Perfekt f\u00fcr Schulwettbewerbe, lokale Veranstaltungen oder kleinere Aktivit\u00e4ten, mit einer schnellen Lieferung innerhalb von 3 Tagen.<\/li>\n<li><strong>Industrieller Abschluss:\u00a0<\/strong>Unsere prominenteste Stufe mit umfassender Markenpersonalisierung und einem Versand innerhalb von 7 Tagen ist ideal f\u00fcr Unternehmensauszeichnungen und bedeutende Veranstaltungen.<\/li>\n<li><strong>Sammlung Level:\u00a0<\/strong>Ein 30-t\u00e4giges Pr\u00e4zisionsverfahren f\u00fcr die kritischsten Kunden, das die Zusammenarbeit mit Musikern und die Entwicklung echter Kostbarkeiten f\u00f6rdert.<\/li>\n<\/ul>\n<p><strong>Unser kollaboratives Refine:\u00a0<\/strong>.<\/p>\n<ol>\n<li><strong>Bedarfsanalyse:\u00a0<\/strong>Wir beginnen damit, dass wir uns Ihre Ideen, Bed\u00fcrfnisse und Visionen anh\u00f6ren.<\/li>\n<li><strong>3D-Rahmen\u00fcberpr\u00fcfung:\u00a0<\/strong>Unsere Designer erstellen ein 3D-Modell, das Ihnen zur Genehmigung vorgelegt wird, und stellen sicher, dass alle Informationen hervorragend sind.<\/li>\n<li><strong>Materialprobe:\u00a0<\/strong>Wir k\u00f6nnen Ihnen Materialbeispiele zur Verf\u00fcgung stellen, so dass Sie die Spitzenqualit\u00e4t aus erster Hand erfahren k\u00f6nnen.<\/li>\n<li><strong>Laser Proofing:\u00a0<\/strong>Ein Modell wird zur endg\u00fcltigen \u00dcberpr\u00fcfung vor der vollst\u00e4ndigen Fertigung entwickelt.<\/li>\n<li><strong>Massenproduktion und hohe Qualit\u00e4tskontrolle:\u00a0<\/strong>Ihr Auftrag wird in jeder Phase sorgf\u00e4ltig bearbeitet und kontrolliert.<\/li>\n<li><strong>Internationaler Vertrieb:\u00a0<\/strong>Wir planen und liefern Ihre fertigen Auszeichnungen in die ganze Welt.<\/li>\n<\/ol>\n<p>Erlauben Sie uns, Ihnen dabei zu helfen, mehr als nur eine Auszeichnung zu produzieren. Lassen Sie uns eine Ikone schaffen. Ein Erbe. Ein Meisterwerk der Anerkennung.\u00a0<strong>Rufen Sie uns noch heute an und beginnen Sie Ihre individuelle Layout-Reise.\u00a0<\/strong>.<\/p>","protected":false},"excerpt":{"rendered":"<p>Feiern Sie Ihren Erfolg mit unseren individuellen Acryltroph\u00e4en. Diese moderne Auszeichnung aus kristallklarem Acryl wird fachm\u00e4nnisch mit Ihrem pers\u00f6nlichen Text und Logo bedruckt oder graviert. Sie ist die perfekte, elegante Art, herausragende Leistungen von Mitarbeitern anzuerkennen, Wertsch\u00e4tzung zu zeigen oder eine besondere Leistung zu w\u00fcrdigen.<\/p>","protected":false},"featured_media":504,"template":"","meta":{"_kad_post_transparent":"default","_kad_post_title":"","_kad_post_layout":"default","_kad_post_sidebar_id":"","_kad_post_content_style":"default","_kad_post_vertical_padding":"default","_kad_post_feature":"","_kad_post_feature_position":"","_kad_post_header":false,"_kad_post_footer":false,"_kad_post_classname":""},"product_brand":[],"product_cat":[19],"product_tag":[60,59,58],"class_list":{"0":"post-503","1":"product","2":"type-product","3":"status-publish","4":"has-post-thumbnail","6":"product_cat-custom-acrylic-trophies-awards","7":"product_tag-acrylic-trophies","8":"product_tag-custom-acrylic-awards","9":"product_tag-custom-acrylic-trophies","11":"first","12":"instock","13":"shipping-taxable","14":"product-type-simple","15":"entry","16":"content-bg","17":"loop-entry"},"_links":{"self":[{"href":"https:\/\/customacrylicproduct.com\/de\/wp-json\/wp\/v2\/product\/503","targetHints":{"allow":["GET"]}}],"collection":[{"href":"https:\/\/customacrylicproduct.com\/de\/wp-json\/wp\/v2\/product"}],"about":[{"href":"https:\/\/customacrylicproduct.com\/de\/wp-json\/wp\/v2\/types\/product"}],"wp:featuredmedia":[{"embeddable":true,"href":"https:\/\/customacrylicproduct.com\/de\/wp-json\/wp\/v2\/media\/504"}],"wp:attachment":[{"href":"https:\/\/customacrylicproduct.com\/de\/wp-json\/wp\/v2\/media?parent=503"}],"wp:term":[{"taxonomy":"product_brand","embeddable":true,"href":"https:\/\/customacrylicproduct.com\/de\/wp-json\/wp\/v2\/product_brand?post=503"},{"taxonomy":"product_cat","embeddable":true,"href":"https:\/\/customacrylicproduct.com\/de\/wp-json\/wp\/v2\/product_cat?post=503"},{"taxonomy":"product_tag","embeddable":true,"href":"https:\/\/customacrylicproduct.com\/de\/wp-json\/wp\/v2\/product_tag?post=503"}],"curies":[{"name":"wp","href":"https:\/\/api.w.org\/{rel}","templated":true}]}}