{"id":509,"date":"2025-07-03T13:06:02","date_gmt":"2025-07-03T13:06:02","guid":{"rendered":"https:\/\/customacrylicproduct.com\/?post_type=product&#038;p=509"},"modified":"2025-07-03T13:17:42","modified_gmt":"2025-07-03T13:17:42","slug":"custom-coloured-acrylic-rods-tubes-china-manufacturer","status":"publish","type":"product","link":"https:\/\/customacrylicproduct.com\/de\/custom-coloured-acrylic-rods-tubes-china-manufacturer\/","title":{"rendered":"Benutzerdefinierte farbige Acryl St\u00e4be Rohre China Hersteller"},"content":{"rendered":"<h3 id=\"-custom-coloured-polymer-rods-tubes-a-range-of-infinite-possibility-direct-from-the-resource-\"><strong>Individuell gef\u00e4rbte Polymer-St\u00e4be und -Rohre: Eine Palette unendlicher M\u00f6glichkeiten, direkt aus der Ressource\u00a0<\/strong>.<\/h3>\n<p>Das entsprechende Produkt ist nicht einfach nur ein Bauteil, sondern die Leinwand, auf der sich kreatives Denken entfalten kann. Wir laden Sie ein, die transformative Kraft unserer personalisierten farbigen Polymerst\u00e4bchen und -rohre zu entdecken. Als f\u00fchrender Hersteller mit Sitz in China konzentrieren wir uns darauf, hochwertiges Polymethylmethacrylat (PMMA) in ein schillerndes Spektrum von massiven St\u00e4ben zu verwandeln, die als Grundlage f\u00fcr Ihre ehrgeizigsten Aufgaben dienen. Von architektonischen Installationen, die den Raum neu definieren, bis hin zu komplexem, handgefertigtem Schmuck, der eine Geschichte erz\u00e4hlt, bieten unsere Acrylst\u00e4be eine einzigartige Kombination aus lebendigem Farbton, optischer Brillanz und endlosem Anpassungspotenzial.<\/p>\n<h4 id=\"-the-significance-of-the-material-a-symphony-of-colour-and-light-\"><strong>Die Bedeutung des Materials: Eine Symphonie aus Farbe und Licht\u00a0<\/strong>.<\/h4>\n<p>Das Besondere an unserem Produkt liegt in seiner Zusammensetzung. Wir verwenden ausschlie\u00dflich hochwertiges Acryl, ein Material, das f\u00fcr seine au\u00dfergew\u00f6hnliche Klarheit und Widerstandsf\u00e4higkeit bekannt ist, um ein Produkt zu schaffen, das sowohl optisch als auch strukturell beeindruckend ist.<\/p>\n<p><strong>Materielle Reinheit und G\u00fcte:\u00a0<\/strong>. Jeder Stab wird aus starkem, hochwertigem PMMA hergestellt, das eine gleichm\u00e4\u00dfige Dicke und ein erfreuliches Gewicht aufweist. Der Standardtyp ist ein idealer Zylinder mit einem ordentlichen, kreisf\u00f6rmigen Querschnitt, der in Durchmessern von wenigen Millimetern bis hin zu sehr viel gr\u00f6\u00dferen Gr\u00f6\u00dfen erh\u00e4ltlich ist. Diese grundlegende geometrische Reinheit macht unsere Ruten unglaublich flexibel und passt sowohl zu nat\u00fcrlichen als auch zu strukturierten Stilen. Mit einer besonderen integralen Festigkeit sind sie dauerhaft genug f\u00fcr den strukturellen Gebrauch, lassen sich aber dennoch einfach schneiden, formen und polieren und bieten so das Beste aus beiden Welten.<\/p>\n<p><strong>\u00c4sthetischer Ausdruck und optischer Glanz:\u00a0<\/strong>. Die wahre Magie unserer Acrylst\u00e4be zeigt sich in ihrem \u00e4sthetischen Zuhause.<\/p>\n<ul>\n<li><strong>Ein Kaleidoskop der Farben:\u00a0<\/strong>Unsere Farbpalette ist absolut nichts weniger als spektakul\u00e4r. Wir bieten eine umfangreiche Sammlung lebendiger, ges\u00e4ttigter Farben, darunter kristallines Blau, sonniges Gelb, feuriges Orange, enthusiastisches Rot, smaragdgr\u00fcnes Umweltfreundliches und lebhaftes Rosa. Die Farbe bedeckt nicht nur die Oberfl\u00e4che, sondern ist in das gesamte Material integriert, so dass aus jedem Blickwinkel und auch bei Verkleinerung ein satter, einheitlicher Farbton entsteht.<\/li>\n<li><strong>Die Kunst des zweifarbigen Klebens:\u00a0<\/strong>Indem wir die Grenzen des konventionellen Stils sprengen, bieten wir ein einzigartiges und sehr beliebtes zweifarbiges Splei\u00dfverfahren an. Mit dieser ausgekl\u00fcgelten Methode lassen sich zwei unterschiedliche Farbt\u00f6ne m\u00fchelos in einen einzigen Stab integrieren. Das Ergebnis kann eine scharfe, klare Linie f\u00fcr ein k\u00fchnes, visuelles Ergebnis sein oder eine weiche, nat\u00fcrliche Verschiebung, die einen attraktiven Ombr\u00e9-Verlauf entwickelt. Diese raffinierte Funktion vervielfacht die Gestaltungsm\u00f6glichkeiten enorm und erm\u00f6glicht eine un\u00fcbertroffene optische Tiefe und Komplexit\u00e4t.<\/li>\n<li><strong>Ein Tanz des Lichts:\u00a0<\/strong>Mit einem Transparenzgrad, der sich mit feinem Kristall messen kann, sind unsere Acrylst\u00e4be Meister des Lichts. Sie besitzen au\u00dfergew\u00f6hnliche lichtdurchl\u00e4ssige Eigenschaften, die es dem Licht erlauben, den Stab zu durchdringen und mit ihm eine Reise zu unternehmen, die die Farbe des Innenraums verst\u00e4rkt und ihn von innen heraus zum Strahlen bringt. Unter nat\u00fcrlichem oder k\u00fcnstlichem Licht zeigt die Oberfl\u00e4che eine schillernde, gl\u00e4nzende Struktur, die intensiv brillant und kristallklar erscheint. Diese Kommunikation mit dem Licht erzeugt einen sch\u00f6nen, klugen und dynamischen \u00e4sthetischen Effekt, der jede Art von Raum oder Gegenstand verwandeln kann.<\/li>\n<li><strong>Bemerkenswertes Erscheinungsbild der Oberfl\u00e4che:\u00a0<\/strong>Jede von uns hergestellte Stange hat eine Oberfl\u00e4che, die sich perfekt glatt und zerbrechlich anf\u00fchlt. Die Seitenlinien sind klar, sauber und vollst\u00e4ndig definiert, was unser Engagement f\u00fcr eine pr\u00e4zise Produktion und Qualit\u00e4tskontrolle widerspiegelt.<\/li>\n<\/ul>\n<p><a href=\"https:\/\/customacrylicproduct.com\/de\/custom-coloured-acrylic-rods-tubes-china-manufacturer\/\"><img fetchpriority=\"high\" decoding=\"async\" class=\"alignnone wp-image-512 size-full\" src=\"https:\/\/customacrylicproduct.com\/wp-content\/uploads\/2025\/07\/Custom-Acrylic-Rods-3.jpg\" alt=\"Kundenspezifische Acrylst\u00e4be\" width=\"1000\" height=\"1000\" srcset=\"https:\/\/customacrylicproduct.com\/wp-content\/uploads\/2025\/07\/Custom-Acrylic-Rods-3.jpg 1000w, https:\/\/customacrylicproduct.com\/wp-content\/uploads\/2025\/07\/Custom-Acrylic-Rods-3-300x300.jpg 300w, https:\/\/customacrylicproduct.com\/wp-content\/uploads\/2025\/07\/Custom-Acrylic-Rods-3-150x150.jpg 150w, https:\/\/customacrylicproduct.com\/wp-content\/uploads\/2025\/07\/Custom-Acrylic-Rods-3-768x768.jpg 768w, https:\/\/customacrylicproduct.com\/wp-content\/uploads\/2025\/07\/Custom-Acrylic-Rods-3-12x12.jpg 12w, https:\/\/customacrylicproduct.com\/wp-content\/uploads\/2025\/07\/Custom-Acrylic-Rods-3-600x600.jpg 600w, https:\/\/customacrylicproduct.com\/wp-content\/uploads\/2025\/07\/Custom-Acrylic-Rods-3-100x100.jpg 100w\" sizes=\"(max-width: 1000px) 100vw, 1000px\" \/><\/a><\/p>\n<h4 id=\"-releasing-imagination-core-functions-and-limitless-uses-\"><strong>Phantasie freisetzen: Kernfunktionen und grenzenlose Einsatzm\u00f6glichkeiten\u00a0<\/strong>.<\/h4>\n<p>Unser <a href=\"https:\/\/customacrylicproduct.com\/de\/custom-coloured-acrylic-rods-tubes-china-manufacturer\/\">Acrylst\u00e4be<\/a> sind mehr als nur ein Grundstoff; sie sind ein Stimulans f\u00fcr kreatives Denken. Aufgrund ihrer einzigartigen Eigenschaften f\u00fcr den Wohn- oder Gesch\u00e4ftsbereich eignen sie sich f\u00fcr eine erstaunlich gro\u00dfe Vielfalt von Anwendungen, die Entwickler, Musiker, Hobbyisten und Unternehmen gleicherma\u00dfen anregen.<\/p>\n<p><strong>1. Dekorative und bauliche Anwendungen:\u00a0<\/strong>. In den H\u00e4nden eines Innenentwicklers oder Architekten werden diese Stangen zu effektiven Instrumenten zur Anpassung von Raum, Licht und Umgebung. Ihre F\u00e4higkeit, angeordnet, aufgeh\u00e4ngt oder eingebettet zu werden, erm\u00f6glicht die Entwicklung von:.<\/p>\n<ul>\n<li><strong>Dynamische Partitionen:\u00a0<\/strong>Schaffen Sie halbtransparente Paravents oder Raumteiler, die R\u00e4ume abgrenzen, ohne das Licht zu blockieren, und so flie\u00dfende, lebendige Grenzen schaffen.<\/li>\n<li><strong>K\u00fcnstlerische Installationen:\u00a0<\/strong>Entwickeln Sie gro\u00dffl\u00e4chige abgeh\u00e4ngte Deckensysteme oder faszinierende Wandkunst, die mit Schatten, Schatten und Blickwinkeln spielt.<\/li>\n<li><strong>Atmosph\u00e4rische Dekorationen:\u00a0<\/strong>Verwenden Sie sie in Schaufensterauslagen, Ausstellungskabinen oder im Gastgewerbe, um ein eindrucksvolles Markenerlebnis zu schaffen und Aufmerksamkeit zu erregen.<\/li>\n<\/ul>\n<p><strong>2. DIY &amp; Invention Manufacturing:\u00a0<\/strong>. F\u00fcr den Handwerker, den Hersteller und den kreativen Geist sind unsere St\u00e4be ein Wunschprodukt. Ihre benutzerfreundliche Verarbeitungseffizienz - leicht zu schneiden, zu durchbohren, zu schleifen und zu kleben - macht sie ideal f\u00fcr:.<\/p>\n<ul>\n<li><strong>Ma\u00dfgefertigter Modeschmuck:\u00a0<\/strong>Gestalten und produzieren Sie einzigartige Ohrringe, Armb\u00e4nder, K\u00f6rner und Anh\u00e4nger. Das zweifarbige Splei\u00dfen bietet au\u00dfergew\u00f6hnliche M\u00f6glichkeiten f\u00fcr besondere, unverwechselbare St\u00fccke.<\/li>\n<li><strong>Herstellung von Versionen und Miniaturen:\u00a0<\/strong>F\u00fcgen Sie anschauliche, klare Informationen zum Bau von Modellen, kleinen Landschaften und Dioramen hinzu.<\/li>\n<li><strong>Benutzerdefinierte Lichter:\u00a0<\/strong>Produzieren Sie einzigartige Lampensockel, Farbt\u00f6ne oder dekorative Beleuchtungsk\u00f6rper, die das Licht auf attraktive und lebendige Weise verbreiten.<\/li>\n<li><strong>Phantasiespielzeug und Schreibwaren:\u00a0<\/strong>Stellen Sie fantasievolle Kinderspielzeuge her, die \u00fcber Schatten und Licht aufkl\u00e4ren, oder basteln Sie hochwertige Stifthalter, Schreibtischkoordinatoren und andere individuelle Gegenst\u00e4nde.<\/li>\n<\/ul>\n<p><strong>3. Schilder und Point-of-Purchase (POP) Displays:\u00a0<\/strong>. Lassen Sie flache, langweilige Schilder hinter sich. Unsere Acrylst\u00e4be k\u00f6nnen f\u00fcr kleine, dreidimensionale Beschilderungen, Informationsleisten oder als dynamische architektonische Komponenten innerhalb gr\u00f6\u00dferer Produktbildschirme verwendet werden, die die Blicke der Kunden auf sich ziehen.<\/p>\n<p><strong>4. Lichtlenkende Komponenten:\u00a0<\/strong>. In speziellen Layouts k\u00f6nnen diese Masten als effiziente Licht\u00fcbersichten fungieren. Ihre hohe Transparenz erm\u00f6glicht es ihnen, Licht von einer LED-Ressource an einem Ende zum anderen zu leiten und so Lichtpunkte oder beleuchtete Linien f\u00fcr technische Modelle, elektronische Projekte oder dekorative Lichteffekte zu erzeugen.<\/p>\n<p><a href=\"https:\/\/customacrylicproduct.com\/de\/custom-acrylic-rods-tubes\/\"><img decoding=\"async\" class=\"alignnone wp-image-513 size-full\" src=\"https:\/\/customacrylicproduct.com\/wp-content\/uploads\/2025\/07\/Custom-Acrylic-Rods-4.jpg\" alt=\"Kundenspezifische Acrylst\u00e4be\" width=\"1000\" height=\"1000\" srcset=\"https:\/\/customacrylicproduct.com\/wp-content\/uploads\/2025\/07\/Custom-Acrylic-Rods-4.jpg 1000w, https:\/\/customacrylicproduct.com\/wp-content\/uploads\/2025\/07\/Custom-Acrylic-Rods-4-300x300.jpg 300w, https:\/\/customacrylicproduct.com\/wp-content\/uploads\/2025\/07\/Custom-Acrylic-Rods-4-150x150.jpg 150w, https:\/\/customacrylicproduct.com\/wp-content\/uploads\/2025\/07\/Custom-Acrylic-Rods-4-768x768.jpg 768w, https:\/\/customacrylicproduct.com\/wp-content\/uploads\/2025\/07\/Custom-Acrylic-Rods-4-12x12.jpg 12w, https:\/\/customacrylicproduct.com\/wp-content\/uploads\/2025\/07\/Custom-Acrylic-Rods-4-600x600.jpg 600w, https:\/\/customacrylicproduct.com\/wp-content\/uploads\/2025\/07\/Custom-Acrylic-Rods-4-100x100.jpg 100w\" sizes=\"(max-width: 1000px) 100vw, 1000px\" \/><\/a><\/p>\n<h4 id=\"-the-maker-s-edge-design-highlights-and-personalization-\"><strong>The Maker's Edge: Design-Highlights und Personalisierung\u00a0<\/strong>.<\/h4>\n<p>Als Direkthersteller bieten wir eine un\u00fcbertroffene Kontrolle \u00fcber das Endprodukt und stellen sicher, dass Sie genau das erhalten, was Sie sich vorstellen.<\/p>\n<p><strong>Design-Ansatz:\u00a0<\/strong>. Die einfache, rein runde Art unserer Stangen passt perfekt zu einer modernen, minimalistischen Layout-\u00c4sthetik. Diese integrale Einfachheit erm\u00f6glicht es ihnen, in komplexen Pl\u00e4nen eingesetzt zu werden, ohne den Stil zu beeintr\u00e4chtigen. Ihre Standardformen und -gr\u00f6\u00dfen sind ideal f\u00fcr die Entwicklung cooler Anordnungen, rhythmischer Muster und gitterartiger Kompositionen, die die Sch\u00f6nheit von Ordnung und Wiederholung nutzen.<\/p>\n<p><strong>Prozess-Highlight: Der Vorteil des zweifarbigen Splei\u00dfens:\u00a0<\/strong>. Hier kommt unser technisches Wissen zum Tragen. Dieser fortschrittliche Co-Extrusions- oder Klebeprozess ist eine Kernfunktion, die unser Produkt von anderen unterscheidet. Durch die vollst\u00e4ndige Verschmelzung von 2 verschiedenen Acrylt\u00f6nen zu einem einzigen, zusammenh\u00e4ngenden Stab bieten wir Entwicklern ein Werkzeug, mit dem sie Ergebnisse erzielen k\u00f6nnen, die andernfalls sicherlich unm\u00f6glich oder \u00fcberm\u00e4\u00dfig kostspielig w\u00e4ren, und er\u00f6ffnen so neue M\u00f6glichkeiten f\u00fcr den \u00e4sthetischen Ausdruck.<\/p>\n<p><strong>Die Macht der vollst\u00e4ndigen Anpassung:\u00a0<\/strong>. Ihr Projekt ist einzigartig, und Ihre Produkte m\u00fcssen es auch sein. Wir bieten eine umfassende Anpassung an Ihre spezifischen Anforderungen:.<\/p>\n<ul>\n<li><strong>Farbe:\u00a0<\/strong>W\u00e4hlen Sie aus unserem umfangreichen Angebot, fordern Sie eine individuelle Farbabstimmung an (vorbehaltlich der Mindestbestellmenge) oder kreieren Sie Ihre ganz eigene zweifarbige Klebemischung.<\/li>\n<li><strong>Gr\u00f6\u00dfe:\u00a0<\/strong>Wir schneiden mit hoher Pr\u00e4zision auf die von Ihnen ben\u00f6tigte Gr\u00f6\u00dfe zu, um den Verschnitt zu verringern und zu gew\u00e4hrleisten, dass Ihre Elemente sofort einsatzbereit sind.<\/li>\n<li><strong>Gr\u00f6\u00dfe:\u00a0<\/strong>Wir bieten eine breite Palette von Standarddurchmessern an und k\u00f6nnen bei Gro\u00dfauftr\u00e4gen Sonderanfertigungen vornehmen.<\/li>\n<li><strong>Beenden:\u00a0<\/strong>Unsere Standardoberfl\u00e4che ist zwar hochgl\u00e4nzend, aber f\u00fcr besondere Projektanforderungen k\u00f6nnen wir auch matte oder gefrostete Beschichtungen anbieten.<\/li>\n<\/ul>\n<h4 id=\"-real-world-ideas-application-situation-examples-\"><strong>Ideen f\u00fcr die reale Welt: Beispiele f\u00fcr Anwendungssituationen\u00a0<\/strong>.<\/h4>\n<ul>\n<li><strong>Zu Hause:\u00a0<\/strong>Stellen Sie sich eine aufsehenerregende, lichtdurchl\u00e4ssige Trennwand aus einer Reihe von umweltfreundlichen und blauen Stangen in einem Haus mit K\u00fcstenthema vor. Stellen Sie sich ein lebhaftes Mobile aus rosa und gelben St\u00e4ben vor, das in einem Kinderzimmer aufgeh\u00e4ngt wird, oder einen ma\u00dfgeschneiderten Lichtsockel aus zweifarbigen schwarzen und klaren St\u00e4ben in einer modernen Wohnung.<\/li>\n<li><strong>In kommerziellen R\u00e4umen:\u00a0<\/strong>Stellen Sie sich die Schaufensterauslage eines hochwertigen Einzelhandelsgesch\u00e4fts mit einem Wasserfall aus glitzernden, mehrfarbigen Stangen vor. Stellen Sie sich ein modernes Restaurant vor, in dem sie als attraktive Beleuchtungskomponenten oder als lebendige, stilvolle Essensauswahl verwendet werden. Stellen Sie sich eine Kunstgalerie vor, die sie f\u00fcr eine gro\u00df angelegte, interaktive Einrichtung nutzt.<\/li>\n<li><strong>In Bildung und Lernen und Kreativit\u00e4t:\u00a0<\/strong>Diese St\u00e4be sind geeignete Materialien f\u00fcr den Kunstunterricht in der Schule und f\u00fcr MINT-Workshops, in denen Konzepte wie Licht, Schatten, Bauen und Konstruieren vermittelt werden. Sie sind eine hervorragende Quelle f\u00fcr fachkundige Erfindungsworkshops und eine Quelle unz\u00e4hliger Motivationen f\u00fcr das innovative Spiel von Kindern.<\/li>\n<li><strong>In Geschenkartikel und handwerkliche Fertigung:\u00a0<\/strong>Produzieren Sie absolut ma\u00dfgeschneiderte Geschenke, von ma\u00dfgeschneiderten Schl\u00fcsselanh\u00e4ngern und Modeschmuck bis hin zu kleinen, skulpturalen Ornamenten. F\u00fcr Hersteller von Versionen dienen sie als beste, hochdetaillierte Einzelst\u00fccke mit einzigartigem Effekt, die architektonischen Sandtischen oder kleinen G\u00e4rten ein unvergleichlich realistisches Aussehen und Lebendigkeit verleihen.<\/li>\n<\/ul>\n<p><a href=\"https:\/\/customacrylicproduct.com\/de\/custom-acrylic-rods-tubes\/\"><img decoding=\"async\" class=\"wp-image-510 size-full aligncenter\" src=\"https:\/\/customacrylicproduct.com\/wp-content\/uploads\/2025\/07\/Custom-Acrylic-Rods-1.jpg\" alt=\"Kundenspezifische Acrylst\u00e4be\" width=\"1000\" height=\"1000\" srcset=\"https:\/\/customacrylicproduct.com\/wp-content\/uploads\/2025\/07\/Custom-Acrylic-Rods-1.jpg 1000w, https:\/\/customacrylicproduct.com\/wp-content\/uploads\/2025\/07\/Custom-Acrylic-Rods-1-300x300.jpg 300w, https:\/\/customacrylicproduct.com\/wp-content\/uploads\/2025\/07\/Custom-Acrylic-Rods-1-150x150.jpg 150w, https:\/\/customacrylicproduct.com\/wp-content\/uploads\/2025\/07\/Custom-Acrylic-Rods-1-768x768.jpg 768w, https:\/\/customacrylicproduct.com\/wp-content\/uploads\/2025\/07\/Custom-Acrylic-Rods-1-12x12.jpg 12w, https:\/\/customacrylicproduct.com\/wp-content\/uploads\/2025\/07\/Custom-Acrylic-Rods-1-600x600.jpg 600w, https:\/\/customacrylicproduct.com\/wp-content\/uploads\/2025\/07\/Custom-Acrylic-Rods-1-100x100.jpg 100w\" sizes=\"(max-width: 1000px) 100vw, 1000px\" \/><\/a><\/p>\n<h4 id=\"-our-core-advantages-why-select-united-states-\"><strong>Unsere wichtigsten Vorteile: Warum die Vereinigten Staaten w\u00e4hlen?\u00a0<\/strong>.<\/h4>\n<p>Wer mit uns zusammenarbeitet, entscheidet sich f\u00fcr Qualit\u00e4t, Anpassungsf\u00e4higkeit und Wertigkeit.<\/p>\n<ol>\n<li><strong>Ausgezeichnete optische Eigenschaften:\u00a0<\/strong>Unerreichte Transparenz und Schattens\u00e4ttigung f\u00fcr gro\u00dfartige, eindrucksvolle visuelle Effekte.<\/li>\n<li><strong>Reiche Farb- und Stilauswahl:\u00a0<\/strong>Eine riesige Auswahl an reinen Farben und hochmodernen zweifarbigen Varianten, die Ihre Kreativit\u00e4t befl\u00fcgeln.<\/li>\n<li><strong>Hervorragende Verarbeitungseffizienz:\u00a0<\/strong>Ein DIY-freundliches Material, das sich leicht schneiden, formen, polieren und verkleben l\u00e4sst.<\/li>\n<li><strong>Sicheres und robustes Material:\u00a0<\/strong>Hochwertiges PMMA bietet eine hervorragende Alterungsbest\u00e4ndigkeit und Klimabest\u00e4ndigkeit, so dass Ihre Aufgabe viele Jahre lang hervorragend aussieht.<\/li>\n<li><strong>Sicherheit und Umweltverantwortung:\u00a0<\/strong>Unser sicheres, geruchloses Produkt ist f\u00fcr alle Innenr\u00e4ume geeignet, auch f\u00fcr Kinderprodukte.<\/li>\n<li><strong>Hohe Kosteneffizienz:\u00a0<\/strong>Erzielen Sie eine extravagante, kristall\u00e4hnliche Wirkung, die leichter, besonders haltbar und preiswerter als Glas ist, was es perfekt f\u00fcr gro\u00dffl\u00e4chige Anwendungen macht.<\/li>\n<li><strong>Direkt vom Hersteller Worth:\u00a0<\/strong>Als in China ans\u00e4ssiger Lieferant bieten wir wettbewerbsf\u00e4hige Preise, eine optimierte Logistik und die M\u00f6glichkeit, gro\u00dfe Mengen zu bestellen - und das alles unter Wahrung einer strengen Qualit\u00e4tssicherung.<\/li>\n<\/ol>\n<p>Ganz gleich, ob Sie als Designer auf der Suche nach dem besten Materialakzent, als Dienstleister auf der Suche nach unvergesslichen Leinw\u00e4nden oder als Kreativer auf der Suche nach einem hochwertigen Bastelmaterial sind, unsere personalisierten farbigen Acrylst\u00e4be sind Ihre L\u00f6sung.\u00a0<strong>Rufen Sie uns noch heute an, um Ihr Projekt zu besprechen, ein Beispielpaket anzufordern und ein direktes Gro\u00dfhandelsangebot zu erhalten. Lassen Sie uns gemeinsam etwas Blendendes schaffen.\u00a0<\/strong>.<\/p>","protected":false},"excerpt":{"rendered":"<p class=\"ng-star-inserted\"><span class=\"ng-star-inserted\">Als f\u00fchrender chinesischer Hersteller stellen wir farbige Acrylst\u00e4be und -rohre nach Ma\u00df her. W\u00e4hlen Sie aus einem Spektrum von leuchtenden, durchscheinenden oder undurchsichtigen Farben, die wir auf Ihren genauen Durchmesser und Ihre L\u00e4nge zuschneiden. Ideal f\u00fcr POP-Displays, Beleuchtung und Designprojekte. Fordern Sie noch heute Ihr direktes Gro\u00dfhandelsangebot an.<\/span><\/p>","protected":false},"featured_media":515,"template":"","meta":{"_kad_post_transparent":"default","_kad_post_title":"","_kad_post_layout":"default","_kad_post_sidebar_id":"","_kad_post_content_style":"default","_kad_post_vertical_padding":"default","_kad_post_feature":"","_kad_post_feature_position":"","_kad_post_header":false,"_kad_post_footer":false,"_kad_post_classname":""},"product_brand":[],"product_cat":[23],"product_tag":[63,62,61],"class_list":{"0":"post-509","1":"product","2":"type-product","3":"status-publish","4":"has-post-thumbnail","6":"product_cat-custom-acrylic-rods-tubes","7":"product_tag-acrylic-rods","8":"product_tag-coloured-acrylic-rods","9":"product_tag-custom-acrylic-rods","11":"first","12":"instock","13":"shipping-taxable","14":"product-type-simple","15":"entry","16":"content-bg","17":"loop-entry"},"_links":{"self":[{"href":"https:\/\/customacrylicproduct.com\/de\/wp-json\/wp\/v2\/product\/509","targetHints":{"allow":["GET"]}}],"collection":[{"href":"https:\/\/customacrylicproduct.com\/de\/wp-json\/wp\/v2\/product"}],"about":[{"href":"https:\/\/customacrylicproduct.com\/de\/wp-json\/wp\/v2\/types\/product"}],"wp:featuredmedia":[{"embeddable":true,"href":"https:\/\/customacrylicproduct.com\/de\/wp-json\/wp\/v2\/media\/515"}],"wp:attachment":[{"href":"https:\/\/customacrylicproduct.com\/de\/wp-json\/wp\/v2\/media?parent=509"}],"wp:term":[{"taxonomy":"product_brand","embeddable":true,"href":"https:\/\/customacrylicproduct.com\/de\/wp-json\/wp\/v2\/product_brand?post=509"},{"taxonomy":"product_cat","embeddable":true,"href":"https:\/\/customacrylicproduct.com\/de\/wp-json\/wp\/v2\/product_cat?post=509"},{"taxonomy":"product_tag","embeddable":true,"href":"https:\/\/customacrylicproduct.com\/de\/wp-json\/wp\/v2\/product_tag?post=509"}],"curies":[{"name":"wp","href":"https:\/\/api.w.org\/{rel}","templated":true}]}}