{"id":693,"date":"2025-07-06T04:56:29","date_gmt":"2025-07-06T04:56:29","guid":{"rendered":"https:\/\/customacrylicproduct.com\/?post_type=product&#038;p=693"},"modified":"2025-07-06T05:02:23","modified_gmt":"2025-07-06T05:02:23","slug":"acrylic-vases-customization-for-florist-use-bulk-wholesale","status":"publish","type":"product","link":"https:\/\/customacrylicproduct.com\/de\/acrylic-vases-customization-for-florist-use-bulk-wholesale\/","title":{"rendered":"Acryl Vasen Anpassung f\u00fcr Florist verwenden Bulk Gro\u00dfhandel"},"content":{"rendered":"<h3 id=\"-custom-acrylic-vases-for-florists-designers-your-vision-crafted-for-wholesale-\"><strong>Individuelle Acrylvasen f\u00fcr Floristen und Designer: Ihre Vision, gefertigt f\u00fcr den Gro\u00dfhandel\u00a0<\/strong>.<\/h3>\n<p>In der Welt der Floristik, der Eventplanung und der Innenarchitektur ist das Gef\u00e4\u00df ebenso wichtig wie die Blume. Es ist der stille Partner eines jeden Plans, der Rahmen, der die Kunst erhebt. Viel zu lange war die Auswahl eingeschr\u00e4nkt: verletzliches, schweres Glas oder einfallsloses, generisches Plastik. Wir sind hier, um das zu \u00e4ndern.<\/p>\n<p>Willkommen in der Zukunft der Blumenpr\u00e4sentation. Wir bieten eine innovative Linie von\u00a0<a href=\"https:\/\/customacrylicproduct.com\/de\/acrylic-vases-customization-for-florist-use-bulk-wholesale\/\"><strong>Individuelle Acryl-Blumenhalter\u00a0<\/strong><\/a>, angeboten f\u00fcr\u00a0<strong>Massengro\u00dfhandel\u00a0<\/strong>, die speziell f\u00fcr den phantasievollen Experten entwickelt wurden. Es handelt sich nicht einfach um Beh\u00e4lter, sondern um Leinw\u00e4nde f\u00fcr Ihre kreative Fantasie, um Werkzeuge f\u00fcr die Markenbildung und um langlebige, stilvolle L\u00f6sungen, die beeindruckende Virtuosit\u00e4t mit un\u00fcbertroffener N\u00fctzlichkeit verbinden.<\/p>\n<h4 id=\"-section-1-the-product-that-redefines-sophistication-and-functionality-\"><strong>Abschnitt 1: Das Produkt, das Raffinesse und Funktionalit\u00e4t neu definiert\u00a0<\/strong>.<\/h4>\n<p>Das Herzst\u00fcck unserer Kollektion ist Acryl - ein Material, das aufgrund seiner bemerkenswerten Eigenschaften ausgew\u00e4hlt wurde, die den modernen Floristen und Designer von den Beschr\u00e4nkungen herk\u00f6mmlicher Produkte befreien.<\/p>\n<ul>\n<li><strong>Bruchsichere Langlebigkeit:\u00a0<\/strong>Verabschieden Sie sich von der Angst vor Bruch beim Transport, beim Aufbau und bei stark frequentierten Veranstaltungen. Unsere Acrylvasen haben die makellose Klarheit von Glas ohne dessen Zerbrechlichkeit. Diese inh\u00e4rente Z\u00e4higkeit macht sie zu einer erschwinglichen, dauerhaften Geldanlage f\u00fcr jedes Blumenunternehmen, jede Eventfirma oder jeden Einzelhandelsbereich. Sie sind leicht, einfach zu handhaben und sowohl f\u00fcr Ihr Team als auch f\u00fcr Ihre Kunden wesentlich sicherer.<\/li>\n<li><strong>Unverf\u00e4lschte Qualit\u00e4t und eine strukturierte Oberfl\u00e4che:\u00a0<\/strong>Unsere aus modernstem Acryl gefertigten Vasen verf\u00fcgen \u00fcber eine kristallklare, nicht vergilbende Beschichtung, die die wahren Farben Ihrer Bl\u00fcten zum Leuchten bringt. \u00dcber die Klarheit hinaus bieten viele unserer Designs ein subtiles, fortschrittliches Aussehen, einschlie\u00dflich einer taktilen Dimension, die zum Anfassen und n\u00e4heren Betrachten einl\u00e4dt.<\/li>\n<li><strong>Einfache Instandhaltung:\u00a0<\/strong>Schlichtheit ist das Nonplusultra. Unsere Acryl-Blumenhalter sind unglaublich\u00a0<strong>leicht aufzur\u00e4umen\u00a0<\/strong>. Ein einfaches Absp\u00fclen mit m\u00e4\u00dfiger Seife und Wasser ist alles, was n\u00f6tig ist, um sie makellos aussehen zu lassen, was Ihnen wertvolle Zeit und Arbeit spart. Die porenfreie Oberfl\u00e4che ist resistent gegen Flecken und Ger\u00fcche, so dass sie immer bereit f\u00fcr die n\u00e4chste beeindruckende Aktion sind.<\/li>\n<li><strong>Von Natur aus vielseitig:\u00a0<\/strong>Der Charme dieser Blumenhalter liegt in ihrer Flexibilit\u00e4t. Sie sind ideal zum Halten von Wasser f\u00fcr\u00a0<strong>frische Blumen\u00a0<\/strong>, Ihr Nutzen reicht jedoch weit dar\u00fcber hinaus. Verwenden Sie sie, um markante Bildschirme mit\u00a0<strong>gef\u00e4lschte Bl\u00fcten\u00a0<\/strong>, getrocknete Zweige oder minimales Pampasgras. F\u00fcllen Sie sie mit lebhaften\u00a0<strong>Edelsteine, aufgehellte Flusssteine oder Sand\u00a0<\/strong>um ein Motiv zu sichern. Sie eignen sich au\u00dferdem hervorragend als stilvolle Diffusoren f\u00fcr\u00a0<strong>Rattan-Aromatherapie-St\u00e4bchen\u00a0<\/strong>, Das macht sie zu einem multifunktionalen Stilmittel f\u00fcr jede Art von Umgebung.<\/li>\n<\/ul>\n<p><a href=\"https:\/\/customacrylicproduct.com\/de\/acrylic-vases-customization-for-florist-use-bulk-wholesale\/\"><img fetchpriority=\"high\" decoding=\"async\" class=\"aligncenter wp-image-696 size-full\" src=\"https:\/\/customacrylicproduct.com\/wp-content\/uploads\/2025\/07\/Acrylic-Vases-4.jpg\" alt=\"Acryl-Vasen\" width=\"800\" height=\"800\" srcset=\"https:\/\/customacrylicproduct.com\/wp-content\/uploads\/2025\/07\/Acrylic-Vases-4.jpg 800w, https:\/\/customacrylicproduct.com\/wp-content\/uploads\/2025\/07\/Acrylic-Vases-4-300x300.jpg 300w, https:\/\/customacrylicproduct.com\/wp-content\/uploads\/2025\/07\/Acrylic-Vases-4-150x150.jpg 150w, https:\/\/customacrylicproduct.com\/wp-content\/uploads\/2025\/07\/Acrylic-Vases-4-768x768.jpg 768w, https:\/\/customacrylicproduct.com\/wp-content\/uploads\/2025\/07\/Acrylic-Vases-4-12x12.jpg 12w, https:\/\/customacrylicproduct.com\/wp-content\/uploads\/2025\/07\/Acrylic-Vases-4-600x600.jpg 600w, https:\/\/customacrylicproduct.com\/wp-content\/uploads\/2025\/07\/Acrylic-Vases-4-100x100.jpg 100w\" sizes=\"(max-width: 800px) 100vw, 800px\" \/><\/a><\/p>\n<h4 id=\"-section-2-inspiring-design-for-the-modern-aesthetic-\"><strong>Abschnitt 2: Inspirierendes Design f\u00fcr die moderne \u00c4sthetik\u00a0<\/strong>.<\/h4>\n<p>Unsere gemeinsame Sammlung entstand aus der Liebe zu\u00a0<strong>Nordisches Grunddesign\u00a0<\/strong>und ein Interesse an fantasievollem Ausdruck. Jeder Blumenhalter ist ein Statement, das Ihre Blumenkreationen aufwertet und nicht in den Hintergrund dr\u00e4ngt.<\/p>\n<ul>\n<li><strong>Kreative geometrische Formen:\u00a0<\/strong>Lassen Sie den zylinderf\u00f6rmigen Schlauch hinter sich. Unsere Stile erkunden eine Welt der\u00a0<strong>innovative geometrische Typen\u00a0<\/strong>- B\u00f6gen, Wellen, facettierte rechteckige Formen und asymmetrische Formen. Diese Formen schaffen \u00e4sthetisches Interesse und lebendige Linien und verwandeln einen schlichten Strau\u00df in ein skulpturales Meisterwerk. Diese inh\u00e4rente\u00a0<strong>fantasievolles Gesp\u00fcr\u00a0<\/strong>macht jeden Blumenhalter zu einem attraktiven Einzelst\u00fcck.<\/li>\n<li><strong>Eine Kombination aus zuckerhaltigen Lebensmittelfarben:\u00a0<\/strong>W\u00e4hrend kristallklar ein zeitloser Klassiker ist, ist unser kuratiertes Schema von\u00a0<strong>wundersch\u00f6ne, edle Farbt\u00f6ne\u00a0<\/strong>f\u00fcgt eine Schicht von W\u00e4rme und Individualit\u00e4t hinzu. Nehmen Sie sanfte, blassrosa Farbt\u00f6ne, friedliche Salbeifarben und fortschrittliche, rauchige Graut\u00f6ne. Diese T\u00f6ne wurden sorgf\u00e4ltig ausgew\u00e4hlt, um mit modernen Innenraummoden und einer Vielzahl von Blumenmustern zu harmonieren.<\/li>\n<li><strong>Der perfekte dekorative Akzent:\u00a0<\/strong>Ob allein stehend oder mit Bl\u00fcten gef\u00fcllt, unsere Blumenhalter werten jeden Bereich auf. Sie werden die perfekte\u00a0<strong>Zierblumenhalter auf der Fensterbank\u00a0<\/strong>, und fangen das Nachmittagslicht ein. Sie verleihen einer Wohnung einen Hauch von moderner Eleganz.\u00a0<strong>ein Schrank f\u00fcr ein Glas Wein oder ein Blickfang am Esstisch\u00a0<\/strong>. Positioniert auf einer\u00a0<strong>Terrasse, Kaminsims oder in einem fachkundigen Blumenladen pr\u00e4sentieren\u00a0<\/strong>, Mit einem Hauch von Romantik und ausgefeiltem Stil beweisen sie, dass n\u00fctzliche Floristikprodukte auch hochwertiges Design sein k\u00f6nnen.<\/li>\n<\/ul>\n<h4 id=\"-section-3-the-ultimate-in-personalization-your-vision-our-knowledge-\"><strong>Abschnitt 3: Das Nonplusultra der Personalisierung - Ihre Vision, unser Wissen\u00a0<\/strong>.<\/h4>\n<p>Hier ermutigen wir Sie, der Designer zu sein. Unser Gro\u00dfhandelsprogramm wurde mit viel Engagement f\u00fcr Modifikationen entwickelt. So k\u00f6nnen Sie ein Produkt kreieren, das einzigartig ist und perfekt zu Ihrem Markennamen oder Ihrer Veranstaltung passt.<\/p>\n<ul>\n<li><strong>1. Ma\u00dfgeschneiderte Kapazit\u00e4ten und flexible Gr\u00f6\u00dfen:\u00a0<\/strong>. Keine 2 Projekte sind identisch, und Ihre Blumenhalter sollten es auch nicht sein. Wir bieten vollst\u00e4ndige Kontrolle \u00fcber die Abmessungen.\u00a0<strong>Passen Sie Spezifikationen wie H\u00f6he (von zarten 10 cm bis zu beachtlichen 50 cm), Durchmesser und Wandst\u00e4rke an.\u00a0<\/strong>um Ihren speziellen Anforderungen gerecht zu werden. Stellen Sie sich eine Reihe hoher, schlanker Vasen f\u00fcr raffinierte Einzelstiele bei einer Gala vor, oder reduzierte, breite Gef\u00e4\u00dfe f\u00fcr \u00fcppige Mittelst\u00fccke bei einer Hochzeitsfeier. Wir k\u00f6nnen genau nach Ihren Vorgaben produzieren.<\/li>\n<li><strong>2. Exklusive Farbe &amp; Markenname Konsistenz:\u00a0<\/strong>. Der Farbton ist das Herz einer Marke und das Herz eines Themas. Mit unserer Personalisierung ist der Farbton grenzenlos.\u00a0<strong>Unterst\u00fctzung bei der Zuordnung von Pantone-Farbnummern\u00a0<\/strong>garantiert, dass Ihre Blumenhalter perfekt zu Ihrem Corporate Branding, Ihrem Hochzeitsprogramm oder Ihrem Innendekorationssystem passen. Gehen Sie noch weiter mit unserem\u00a0<strong>zweifarbige Splei\u00dfmittel\u00a0<\/strong>, Die Farben k\u00f6nnen frei kombiniert werden, um spektakul\u00e4re, zweifarbige Ergebnisse zu erzielen, die von der Stange nur schwer zu bekommen sind.<\/li>\n<li><strong>3. Geniale Form &amp; Markenidentifikation:\u00a0<\/strong>. Setzen Sie ein Zeichen mit einem Formular, das Ihre Geschichte erz\u00e4hlt. Wir k\u00f6nnen Sie unterst\u00fctzen\u00a0<strong>personalisierte Containerstile entwickeln\u00a0<\/strong>. Bild Vasen mit mildem\u00a0<strong>wellenf\u00f6rmige Muster\u00a0<\/strong>die ein Gef\u00fchl der Ruhe oder der Sch\u00e4rfe hervorrufen,\u00a0<strong>Facettenreduzierung\u00a0<\/strong>das mit dem Licht spielt wie ein geschliffener Edelstein. Am unglaublichsten ist, dass wir Schimmel und Mehltau f\u00fcr\u00a0<strong>gepr\u00e4gte Logodesigns\u00a0<\/strong>, Die Vase wird mit dem Namen Ihres Unternehmens versehen, der dauerhaft und auf elegante Weise direkt in die Vase integriert wird. Dies ist der Gipfel der individuellen Firmengeschenke und des hochwertigen Dekors.<\/li>\n<li><strong>4. Erweiterte Funktionalit\u00e4t und zus\u00e4tzlicher Wert:\u00a0<\/strong>. Unser Layout-Prozess ber\u00fccksichtigt sowohl Form als auch Funktion. Wir k\u00f6nnen\u00a0<strong>wertsteigernde Designs hinzuf\u00fcgen\u00a0<\/strong>um das Kundenerlebnis zu verbessern und ein \u201cWow\u201d-Element zu erzeugen. Dies beinhaltet:.<\/li>\n<li><strong>Wasserdichte Sockel:\u00a0<\/strong>Entwickelt f\u00fcr absolute Zufriedenheit.<\/li>\n<li><strong>Integrierte LED-Lichtleisten:\u00a0<\/strong>Verwandeln Sie Ihre Arrangements direkt in beleuchtete Arrangements, ideal f\u00fcr n\u00e4chtliche Anl\u00e4sse oder zur Schaffung einer stimmungsvollen Beleuchtung.<\/li>\n<li><strong>H\u00e4ngende Rahmen:\u00a0<\/strong>Stilblumenhalter, die zum Aufh\u00e4ngen gedacht sind, entwickeln schwebende Blumendekorationen, die beeindruckend und einzigartig sind.<\/li>\n<\/ul>\n<p><a href=\"https:\/\/customacrylicproduct.com\/de\/custom-acrylic-crafts\/\"><img decoding=\"async\" class=\"aligncenter wp-image-694 size-full\" src=\"https:\/\/customacrylicproduct.com\/wp-content\/uploads\/2025\/07\/Acrylic-Vases-2.jpg\" alt=\"Blumenvasen aus Acryl\" width=\"800\" height=\"800\" srcset=\"https:\/\/customacrylicproduct.com\/wp-content\/uploads\/2025\/07\/Acrylic-Vases-2.jpg 800w, https:\/\/customacrylicproduct.com\/wp-content\/uploads\/2025\/07\/Acrylic-Vases-2-300x300.jpg 300w, https:\/\/customacrylicproduct.com\/wp-content\/uploads\/2025\/07\/Acrylic-Vases-2-150x150.jpg 150w, https:\/\/customacrylicproduct.com\/wp-content\/uploads\/2025\/07\/Acrylic-Vases-2-768x768.jpg 768w, https:\/\/customacrylicproduct.com\/wp-content\/uploads\/2025\/07\/Acrylic-Vases-2-12x12.jpg 12w, https:\/\/customacrylicproduct.com\/wp-content\/uploads\/2025\/07\/Acrylic-Vases-2-600x600.jpg 600w, https:\/\/customacrylicproduct.com\/wp-content\/uploads\/2025\/07\/Acrylic-Vases-2-100x100.jpg 100w\" sizes=\"(max-width: 800px) 100vw, 800px\" \/><\/a><\/p>\n<h4 id=\"-area-4-scenario-based-application-bringing-your-ideas-to-life-\"><strong>Bereich 4: Szenariobasierte Anwendung - Verwirklichung Ihrer Ideen\u00a0<\/strong>.<\/h4>\n<p>Unser <a href=\"https:\/\/customacrylicproduct.com\/de\/custom-acrylic-crafts\/\">personalisierte Acrylvasen<\/a> sind nicht nur Gegenst\u00e4nde, sie sind Optionen. Im Folgenden wird beschrieben, wie sie in verschiedenen Situationen einen au\u00dfergew\u00f6hnlichen Wert bieten:.<\/p>\n<ul>\n<li><strong>Au\u00dfergew\u00f6hnliches Raumambiente erzeugen:\u00a0<\/strong>.<\/li>\n<li><strong>Der Wohnbereich im nordischen Stil:\u00a0<\/strong>Stellen Sie sich das Haus eines Kunden vor, das Sie mit einem Ihrer Pl\u00e4ne versch\u00f6nert haben. A\u00a0<strong>rosa und klar verflochtene Acryl-Blumenhalter\u00a0<\/strong>Wenn man frische Tulpen in den H\u00e4nden h\u00e4lt, wird der Raum sofort aufgewertet und erh\u00e4lt ein Gef\u00fchl von W\u00e4rme und moderner Raffinesse.<\/li>\n<li><strong>Die Kunstausstellung oder Galerie:\u00a0<\/strong>Gehen Sie \u00fcber die traditionellen St\u00e4nde hinaus. Eine\u00a0<strong>eine Reihe von transparenten, facettierten Blumenhaltern\u00a0<\/strong>mit unterschiedlichen H\u00f6hen k\u00f6nnen verwendet werden, um eine immersive Licht- und Dunkelheitssituation zu schaffen, die sich mit der Beleuchtung der Galerie verbindet und Teil der Kunst selbst wird.<\/li>\n<li><strong>Arbeiten als leistungsstarker Dienstleister f\u00fcr Markenvisualisierung:\u00a0<\/strong>.<\/li>\n<li><strong>Firmengeschenke und Arbeitspl\u00e4tze:\u00a0<\/strong>Bezahlen Sie eine Reihe von Blumenhaltern mit Ihrem\u00a0<strong>Unternehmenslogo dezent eingepr\u00e4gt\u00a0<\/strong>auf der Seite. Ausgestattet mit einer einfachen, stilvollen Einrichtung, wird es zu einem erstklassigen Unternehmensgeschenk, das noch lange nach der Verf\u00e4rbung der Blumen auf dem Schreibtisch des Kunden verbleibt und als best\u00e4ndiger Markenhinweis fungiert.<\/li>\n<li><strong>Einzelhandel und Gastgewerbe:\u00a0<\/strong>Verwenden Sie\u00a0<strong>fluoreszierende oder markenfarbene Blumenhalter\u00a0<\/strong>in Ihren Einzelhandelsgesch\u00e4ften oder Hotellobbys, um Produkte oder frische Blumen zu pr\u00e4sentieren. So entsteht eine koh\u00e4rente, starke visuelle Identifikation, die den Wiedererkennungswert der Marke steigert und ein unvergessliches Kundenerlebnis schafft.<\/li>\n<li><strong>Produkte mit emotionalem Stil versehen:\u00a0<\/strong>.<\/li>\n<li><strong>Hochzeiten und Jubil\u00e4en:\u00a0<\/strong>Ein Blumendesigner kann einen wirklich hervorragenden Service bieten, indem er Blumenhalter in den einzigartigen Farben des Paares f\u00fcr die Hochzeit in Auftrag gibt. F\u00fcr einen Hochzeitstag,\u00a0<strong>Schneiden Sie einen Blumenhalter mit einer einzigartigen Farbkombination\u00a0<\/strong>Sie verleihen dem Produkt einen hohen emotionalen Wert und machen aus einem attraktiven Geschenk ein wertvolles Andenken.<\/li>\n<\/ul>\n<p><a href=\"https:\/\/customacrylicproduct.com\/de\/acrylic-vases-customization-for-florist-use-bulk-wholesale\/\"><img decoding=\"async\" class=\"wp-image-695 size-full aligncenter\" src=\"https:\/\/customacrylicproduct.com\/wp-content\/uploads\/2025\/07\/Acrylic-Vases-3.jpg\" alt=\"Acryl-Vasen\" width=\"800\" height=\"800\" srcset=\"https:\/\/customacrylicproduct.com\/wp-content\/uploads\/2025\/07\/Acrylic-Vases-3.jpg 800w, https:\/\/customacrylicproduct.com\/wp-content\/uploads\/2025\/07\/Acrylic-Vases-3-300x300.jpg 300w, https:\/\/customacrylicproduct.com\/wp-content\/uploads\/2025\/07\/Acrylic-Vases-3-150x150.jpg 150w, https:\/\/customacrylicproduct.com\/wp-content\/uploads\/2025\/07\/Acrylic-Vases-3-768x768.jpg 768w, https:\/\/customacrylicproduct.com\/wp-content\/uploads\/2025\/07\/Acrylic-Vases-3-12x12.jpg 12w, https:\/\/customacrylicproduct.com\/wp-content\/uploads\/2025\/07\/Acrylic-Vases-3-600x600.jpg 600w, https:\/\/customacrylicproduct.com\/wp-content\/uploads\/2025\/07\/Acrylic-Vases-3-100x100.jpg 100w\" sizes=\"(max-width: 800px) 100vw, 800px\" \/><\/a><\/p>\n<h4 id=\"-area-5-the-perfect-gift-the-smartest-collaboration-\"><strong>Bereich 5: Das perfekte Geschenk und die intelligenteste Zusammenarbeit\u00a0<\/strong>.<\/h4>\n<p>Als eigenst\u00e4ndiger Artikel kann dieser\u00a0<strong>Die niedliche und besondere kleine Vase macht das Aufstellen von Bl\u00fcten einfach und lustig\u00a0<\/strong>, und ist ein perfektes Geschenk f\u00fcr jede Art von Feier:\u00a0<strong>Geburtstage, Jahrestage, Einweihungen, Hochzeiten, Muttertag, Weihnachten oder Thanksgiving.\u00a0<\/strong>.<\/p>\n<p>F\u00fcr unsere Gro\u00dfhandelspartner bieten wir mehr als nur einen Artikel. Wir bieten eine Zusammenarbeit. Wenn Sie sich f\u00fcr uns als Anbieter entscheiden, erhalten Sie Zugang zu Direktpreisen, strengen Qualit\u00e4tskontrollen und einem engagierten Team, das Ihre ehrgeizigsten kreativen Projekte zum Leben erweckt.<\/p>\n<p>W\u00e4hlen Sie nicht mehr den Durchschnitt. Erh\u00f6hen Sie Ihre Virtuosit\u00e4t, verbessern Sie Ihre Marke und begeistern Sie Ihre Kunden mit personalisierten Acryl-Blumenhaltern, die so einzigartig, langlebig und sch\u00f6n sind wie Ihre Designs.<\/p>\n<p><strong>Setzen Sie sich noch heute mit uns in Verbindung, um Ihr Projekt zu besprechen, einen Kostenvoranschlag anzufordern und sich auf den Weg zu machen, Ihre einzigartige Linie von <a href=\"https:\/\/customacrylicproduct.com\/de\/acrylic-vases-customization-for-florist-use-bulk-wholesale\/\">Acrylvasen.\u00a0<\/a><\/strong>.<\/p>","protected":false},"excerpt":{"rendered":"<p>Werten Sie Ihre Blumendekoration mit unseren ma\u00dfgeschneiderten Acrylvasen auf. Eine moderne, langlebige und bruchsichere Wahl f\u00fcr professionelle Floristen. Wir bieten Gro\u00dfhandelspreise und die M\u00f6glichkeit, Ihr Logo individuell zu gestalten, um Ihre Arrangements hervorzuheben. Perfekt f\u00fcr Veranstaltungen und den Einzelhandel.<\/p>","protected":false},"featured_media":697,"template":"","meta":{"_kad_post_transparent":"default","_kad_post_title":"","_kad_post_layout":"default","_kad_post_sidebar_id":"","_kad_post_content_style":"default","_kad_post_vertical_padding":"default","_kad_post_feature":"","_kad_post_feature_position":"","_kad_post_header":false,"_kad_post_footer":false,"_kad_post_classname":""},"product_brand":[],"product_cat":[20],"product_tag":[66,64,65],"class_list":{"0":"post-693","1":"product","2":"type-product","3":"status-publish","4":"has-post-thumbnail","6":"product_cat-custom-acrylic-crafts","7":"product_tag-acrylic-flower-vase","8":"product_tag-acrylic-vases","9":"product_tag-custom-acrylic-crafts","11":"first","12":"instock","13":"shipping-taxable","14":"product-type-simple","15":"entry","16":"content-bg","17":"loop-entry"},"_links":{"self":[{"href":"https:\/\/customacrylicproduct.com\/de\/wp-json\/wp\/v2\/product\/693","targetHints":{"allow":["GET"]}}],"collection":[{"href":"https:\/\/customacrylicproduct.com\/de\/wp-json\/wp\/v2\/product"}],"about":[{"href":"https:\/\/customacrylicproduct.com\/de\/wp-json\/wp\/v2\/types\/product"}],"wp:featuredmedia":[{"embeddable":true,"href":"https:\/\/customacrylicproduct.com\/de\/wp-json\/wp\/v2\/media\/697"}],"wp:attachment":[{"href":"https:\/\/customacrylicproduct.com\/de\/wp-json\/wp\/v2\/media?parent=693"}],"wp:term":[{"taxonomy":"product_brand","embeddable":true,"href":"https:\/\/customacrylicproduct.com\/de\/wp-json\/wp\/v2\/product_brand?post=693"},{"taxonomy":"product_cat","embeddable":true,"href":"https:\/\/customacrylicproduct.com\/de\/wp-json\/wp\/v2\/product_cat?post=693"},{"taxonomy":"product_tag","embeddable":true,"href":"https:\/\/customacrylicproduct.com\/de\/wp-json\/wp\/v2\/product_tag?post=693"}],"curies":[{"name":"wp","href":"https:\/\/api.w.org\/{rel}","templated":true}]}}