{"id":716,"date":"2025-07-07T10:34:44","date_gmt":"2025-07-07T10:34:44","guid":{"rendered":"https:\/\/customacrylicproduct.com\/?post_type=product&#038;p=716"},"modified":"2025-07-07T10:49:44","modified_gmt":"2025-07-07T10:49:44","slug":"bespoke-acrylic-photo-frames-magnetic-photo-frame-wholesaler","status":"publish","type":"product","link":"https:\/\/customacrylicproduct.com\/de\/bespoke-acrylic-photo-frames-magnetic-photo-frame-wholesaler\/","title":{"rendered":"Ma\u00dfgeschneiderte Acryl-Fotorahmen Magnetischer Fotorahmen Gro\u00dfh\u00e4ndler"},"content":{"rendered":"<h3 id=\"-title-crystal-clear-moments-bespoke-magnetic-acrylic-image-frames-the-premier-choice-for-home-and-wholesale-\"><strong>Titel: Kristallklare Momente: Ma\u00dfgeschneiderte magnetische Acrylbilderrahmen - Die erste Wahl f\u00fcr Zuhause und den Gro\u00dfhandel\u00a0<\/strong>.<\/h3>\n<p>In einer Welt voller digitaler Bilder ist die Ver\u00f6ffentlichung eines Fotos zu einer bewussten, zielgerichteten Entscheidung geworden. Es ist eine Best\u00e4tigung daf\u00fcr, dass eine bestimmte Minute mehr wert ist als ein fl\u00fcchtiger Blick auf ein Display - sie verdient es, bewahrt, pr\u00e4sentiert und gesch\u00e4tzt zu werden. Aber eine unbezahlbare Erinnerung hat ein Recht auf ein ebenso besonderes Zuhause. Alte, sperrige oder generische Rahmen k\u00f6nnen das Bild beeintr\u00e4chtigen und eine Barriere zwischen dem Foto und dem Kunden bilden.<\/p>\n<p>Wir glauben, dass ein Rahmen keine Grenze, sondern eine Br\u00fccke sein muss. Er sollte die Erinnerung, die er enth\u00e4lt, verbessern, sichern und aufwerten.<\/p>\n<p>Als f\u00fchrender Anbieter und H\u00e4ndler sind wir stolz darauf, Ihnen unsere Kollektion von\u00a0<a href=\"https:\/\/customacrylicproduct.com\/de\/bespoke-acrylic-photo-frames-magnetic-photo-frame-wholesaler\/\"><strong>Ma\u00dfgeschneiderte Acryl-Bilderrahmen\u00a0<\/strong><\/a>. Diese Rahmen kombinieren minimale Sch\u00f6nheit mit au\u00dfergew\u00f6hnlicher Modifikation und sind f\u00fcr die moderne Welt geschaffen. Sie verwenden einen exzellenten, schwebenden Bildschirm, der Ihr Foto zur unbestrittenen Ber\u00fchmtheit macht und es von einem einfachen Bild direkt in ein pers\u00f6nliches Kunstwerk verwandelt. Ob f\u00fcr Ihr eigenes Zuhause, ein echtes Geschenk oder einen gro\u00df angelegten Einzelhandels- oder Unternehmensbedarf, unsere <a href=\"https:\/\/customacrylicproduct.com\/de\/bespoke-acrylic-photo-frames-magnetic-photo-frame-wholesaler\/\">Acrylger\u00fcste<\/a> sind die sch\u00f6nsten Momente des besten Gef\u00e4\u00dfes f\u00fcr immer.<\/p>\n<h3 id=\"-area-1-the-pureness-of-the-material-the-unrivaled-high-quality-of-polymer-\"><strong>Bereich 1: Die Reinheit des Materials - Die un\u00fcbertroffen hohe Qualit\u00e4t des Polymers\u00a0<\/strong>.<\/h3>\n<p>Die Grundlage f\u00fcr eine wirklich au\u00dfergew\u00f6hnliche Bildstruktur ist das Material, aus dem sie hergestellt wird. Wir verwenden ausschlie\u00dflich hochwertiges, hochtransparentes Acrylglas, das aufgrund seiner au\u00dfergew\u00f6hnlichen optischen Eigenschaften, seiner Sicherheit und seiner langen Lebensdauer ausgew\u00e4hlt wurde.<\/p>\n<ul>\n<li><strong>Au\u00dfergew\u00f6hnliche Offenheit, kompromisslose Detailtreue:\u00a0<\/strong>Unser Acrylglas weist einen Lichtdurchlass auf, der mit dem feinsten optischen Glas vergleichbar ist. Das bedeutet, dass es keinen Gr\u00fcnstich, keine Verzerrungen und keine Tr\u00fcbungen gibt - nur reine, kristallklare Klarheit. Ihre Bilder werden mit beeindruckender Intensit\u00e4t, lebendiger Farbtreue und makelloser Detailtreue dargestellt. Es entsteht ein gro\u00dfartiger \u201cschwebender\u201d Eindruck, als ob das Foto in einem Block aus reinem Licht schwebt, der es dem Kunden erm\u00f6glicht, sich ohne Unterbrechung direkt mit dem Moment zu verbinden.<\/li>\n<li><strong>Leichtgewichtige St\u00e4rke und \u00fcberlegene Sicherheit:\u00a0<\/strong>Obwohl es sich in puncto Klarheit mit Glas messen kann, \u00fcbertrifft Acrylglas dieses in puncto Sicherheit und Zweckm\u00e4\u00dfigkeit bei weitem. Es ist wesentlich leichter, so dass man es problemlos handhaben, an W\u00e4nden befestigen oder auf empfindlichen Oberfl\u00e4chen aufstellen kann. Noch wichtiger ist, dass es sehr sto\u00dffest und bruchsicher ist. Im Gegensatz zu Glas, das in gef\u00e4hrliche Scherben zerbrechen kann, bietet Acrylglas eine unsch\u00e4tzbare Sicherheit und ist daher die beste Wahl f\u00fcr Familien mit Kindern, Hunden oder an stark frequentierten Orten. Sie k\u00f6nnen Ihre Erinnerungen pr\u00e4sentieren, ohne sich Sorgen um versehentliche Besch\u00e4digungen machen zu m\u00fcssen.<\/li>\n<li><strong>Hochwertige Archivierung und chemische Sicherheit:\u00a0<\/strong>Ein Foto ist ein zerbrechliches Artefakt. Unsere Acrylglas-Rahmen dienen als Schutz, um Ihre Erinnerungen ein Leben lang zu bewahren. Das Produkt verf\u00fcgt \u00fcber eine hervorragende chemische Sicherheit, d. h. es reagiert nicht mit dem Bildpapier oder der Tinte. Es ist von Natur aus immun gegen N\u00e4sse und Feuchtigkeit und verhindert, dass sich Ihre Bilder verziehen, auf der Oberfl\u00e4che bleiben oder durch Umwelteinfl\u00fcsse besch\u00e4digt werden. Dieser Schutz in Archivqualit\u00e4t sorgt daf\u00fcr, dass Ihre wertvollen Bilder so lebendig und hervorragend bleiben wie an dem Tag, an dem sie gedruckt wurden.<\/li>\n<\/ul>\n<p><a href=\"https:\/\/customacrylicproduct.com\/de\/bespoke-acrylic-photo-frames-magnetic-photo-frame-wholesaler\/\"><img fetchpriority=\"high\" decoding=\"async\" class=\"aligncenter wp-image-720 size-full\" src=\"https:\/\/customacrylicproduct.com\/wp-content\/uploads\/2025\/07\/Acrylic-Photo-Frames.jpg\" alt=\"Acryl-Fotorahmen\" width=\"800\" height=\"800\" srcset=\"https:\/\/customacrylicproduct.com\/wp-content\/uploads\/2025\/07\/Acrylic-Photo-Frames.jpg 800w, https:\/\/customacrylicproduct.com\/wp-content\/uploads\/2025\/07\/Acrylic-Photo-Frames-300x300.jpg 300w, https:\/\/customacrylicproduct.com\/wp-content\/uploads\/2025\/07\/Acrylic-Photo-Frames-150x150.jpg 150w, https:\/\/customacrylicproduct.com\/wp-content\/uploads\/2025\/07\/Acrylic-Photo-Frames-768x768.jpg 768w, https:\/\/customacrylicproduct.com\/wp-content\/uploads\/2025\/07\/Acrylic-Photo-Frames-12x12.jpg 12w, https:\/\/customacrylicproduct.com\/wp-content\/uploads\/2025\/07\/Acrylic-Photo-Frames-600x600.jpg 600w, https:\/\/customacrylicproduct.com\/wp-content\/uploads\/2025\/07\/Acrylic-Photo-Frames-100x100.jpg 100w\" sizes=\"(max-width: 800px) 100vw, 800px\" \/><\/a><\/p>\n<h3 id=\"-section-2-the-art-of-appearance-minimal-style-optimum-effect-\"><strong>Abschnitt 2: Die Kunst des Auftretens - Minimaler Stil, optimale Wirkung\u00a0<\/strong>.<\/h3>\n<p>Unsere Stilideologie ist einfach: Der Rahmen muss zum Foto passen, darf aber nicht mit ihm konkurrieren. Der ganzheitliche Charme von Acryl erm\u00f6glicht es uns, Bildschirme zu entwickeln, die sowohl subtil als auch auff\u00e4llig sind.<\/p>\n<ul>\n<li><strong>Eine Vision der Modernit\u00e4t:\u00a0<\/strong>Das rahmenlose, blockartige Layout ist der Inbegriff zeitgen\u00f6ssischer Eleganz. Seine klaren Linien und sein klarer K\u00f6rper vermitteln ein leichtes, luftiges Gef\u00fchl, das sich problemlos in jeden Einrichtungsstil einf\u00fcgt - von minimalistisch und zeitgen\u00f6ssisch bis hin zu zeitlos und eklektisch. Ob an der Wand aufgeh\u00e4ngt oder auf einem Tisch platziert, der Rahmen verleiht ihm einen Hauch von raffinierter Raffinesse und schafft eine zerbrechliche und gepflegte Bildschirmumgebung.<\/li>\n<li><strong>Ein Spektrum individueller Farben:\u00a0<\/strong>W\u00e4hrend die Sch\u00f6nheit von klarem Acrylglas zeitlos ist, bieten wir eine Vielzahl von Farbm\u00f6glichkeiten, um Ihren Vorstellungen zu entsprechen. Sie k\u00f6nnen einen kr\u00e4ftigen Farbblock w\u00e4hlen - wie die sanfte, trendige Mischung aus hellem Violett und Klarglas, die in diesem Beispiel zu sehen ist - um einen besonderen Akzent zu setzen. Wir k\u00f6nnen auch pr\u00e4chtige Farbverl\u00e4ufe erzeugen, die von einer Farbe in eine andere \u00fcbergehen, oder vielleicht einen Vollfarb-UV-Druck integrieren, um den Rahmen selbst in eine Leinwand zu verwandeln. Auf diese Weise l\u00e4sst sich eine Struktur schaffen, die entweder zur\u00fcckhaltend und einfach oder stark und individuell ist.<\/li>\n<\/ul>\n<h3 id=\"-section-3-the-power-of-customization-modification-without-limits-\"><strong>Abschnitt 3: Die Macht der Anpassung - Modifizierung ohne Grenzen\u00a0<\/strong>.<\/h3>\n<p>Jedes Foto erz\u00e4hlt eine eigene Geschichte, und genauso speziell muss auch der Rahmen sein. Mit unseren individuellen Produktionsm\u00f6glichkeiten k\u00f6nnen Sie eine Struktur erstellen, die perfekt auf Ihre spezifischen Anforderungen zugeschnitten ist.<\/p>\n<ul>\n<li><strong>Flexible und exakte Gr\u00f6\u00dfenbestimmung:\u00a0<\/strong>Wir bieten Ihnen v\u00f6llige Freiheit bei der Personalisierung der Abmessungen. Von einem kleinen Ausweisfoto oder einem Andenken in der Gr\u00f6\u00dfe eines Medaillons bis hin zu einem einfachen 4\u00d76-Abzug, einem offiziellen 8\u00d710-Bild oder einem gro\u00dfformatigen Meisterwerk eines Familienmitglieds - wir k\u00f6nnen einen Rahmen nach Ihren genauen Ma\u00dfen anfertigen. Diese Genauigkeit sorgt daf\u00fcr, dass jedes Bild optimal passt, keine L\u00fccken entstehen und Ihr Bild genau wie geplant pr\u00e4sentiert wird.<\/li>\n<li><strong>Vielf\u00e4ltige und aussagekr\u00e4ftige Formen:\u00a0<\/strong>Verzichten Sie auf die herk\u00f6mmliche rechteckige Form. Wir erm\u00e4chtigen Sie, eine Form zu w\u00e4hlen, die Ihrer Erinnerung eine weitere Ebene verleiht. Ein zeitloser Kreis kann Einigkeit und endlose Zeit symbolisieren. Ein herzf\u00f6rmiger Rahmen ist das ideale, romantische Gef\u00e4\u00df f\u00fcr eine Hochzeitsfeier oder ein Jubil\u00e4umsbild. Wir k\u00f6nnen auch spezielle Formen anfertigen, um ein bestimmtes Ereignis zu w\u00fcrdigen - einen Stern f\u00fcr die Leistung eines Kindes, eine Tiersilhouette f\u00fcr ein geliebtes Haustier oder sogar eine Form, die zu einem Firmenlogo f\u00fcr eine bekannte Auszeichnung passt. Die Form wird in die Erz\u00e4hlung einbezogen.<\/li>\n<\/ul>\n<p><a href=\"https:\/\/customacrylicproduct.com\/de\/bespoke-acrylic-photo-frames-magnetic-photo-frame-wholesaler\/\"><img decoding=\"async\" class=\"aligncenter wp-image-719 size-full\" src=\"https:\/\/customacrylicproduct.com\/wp-content\/uploads\/2025\/07\/Acrylic-Photo-Frames-3.jpg\" alt=\"Acryl-Fotorahmen\" width=\"800\" height=\"800\" srcset=\"https:\/\/customacrylicproduct.com\/wp-content\/uploads\/2025\/07\/Acrylic-Photo-Frames-3.jpg 800w, https:\/\/customacrylicproduct.com\/wp-content\/uploads\/2025\/07\/Acrylic-Photo-Frames-3-300x300.jpg 300w, https:\/\/customacrylicproduct.com\/wp-content\/uploads\/2025\/07\/Acrylic-Photo-Frames-3-150x150.jpg 150w, https:\/\/customacrylicproduct.com\/wp-content\/uploads\/2025\/07\/Acrylic-Photo-Frames-3-768x768.jpg 768w, https:\/\/customacrylicproduct.com\/wp-content\/uploads\/2025\/07\/Acrylic-Photo-Frames-3-12x12.jpg 12w, https:\/\/customacrylicproduct.com\/wp-content\/uploads\/2025\/07\/Acrylic-Photo-Frames-3-600x600.jpg 600w, https:\/\/customacrylicproduct.com\/wp-content\/uploads\/2025\/07\/Acrylic-Photo-Frames-3-100x100.jpg 100w\" sizes=\"(max-width: 800px) 100vw, 800px\" \/><\/a><\/p>\n<h3 id=\"-section-4-ingenious-by-design-performance-meets-creativity-\"><strong>Abschnitt 4: Geniales Design - Leistung trifft auf Kreativit\u00e4t\u00a0<\/strong>.<\/h3>\n<p>Ein fantastischer Stil ist nicht nur, wie er aussieht, sondern auch, wie er funktioniert. Wir haben brillante Attribute eingebaut, die es zu einem Vergn\u00fcgen machen, unsere Strukturen zu nutzen und anzupassen.<\/p>\n<ul>\n<li><strong>Einfache und leichte magnetische Montage:\u00a0<\/strong>Verabschieden Sie sich von fadenscheinigen Laschen und komplizierten Verst\u00e4rkungen. Viele unserer Modelle verf\u00fcgen \u00fcber ein effektives Magnet- oder Schnappverschlusssystem. Der Rahmen besteht aus zwei Acrylbl\u00f6cken, die durch winzige, unglaublich stabile Magnete an den Kanten zusammengehalten werden. So k\u00f6nnen Sie den Rahmen \u00f6ffnen, Ihr Foto platzieren und ihn in Sekundenschnelle wieder schlie\u00dfen. Das Austauschen der Bilder ist einfach und motiviert Sie dazu, Ihr Display mit neuen Erinnerungen zu f\u00fcllen, wann immer Sie wollen.<\/li>\n<li><strong>Unbegrenzte Individualisierung mit Druck und Beschriftung:\u00a0<\/strong>Hier wird ein wundersch\u00f6ner Rahmen zu einem bemerkenswerten Andenken. Durch den Einsatz modernster Technologie k\u00f6nnen wir eine letzte Ebene der Individualisierung hinzuf\u00fcgen:.<\/li>\n<li><strong>UV-Druck:\u00a0<\/strong>Wir k\u00f6nnen jedes hochaufl\u00f6sende Bild, Muster oder Layout direkt auf das Acrylglas drucken. Das kann ein Familienwappen sein, ein zartes Blumenmuster oder vielleicht die Form eines Hundes.<\/li>\n<li><strong>Laser-Beschriftung:\u00a0<\/strong>F\u00fcr einen raffinierten, eleganten und dauerhaften Touch k\u00f6nnen wir Text- oder Logodesigns lasergravieren. F\u00fcgen Sie den Tag der Hochzeitsfeier, eine Zeile aus einem Reim, den Namen und das Geburtsdatum eines Kindes oder einen aufrichtigen Segensspruch ein. So wird der Rahmen zu einem ganz besonderen und sehr pers\u00f6nlichen Gegenstand.<\/li>\n<\/ul>\n<h3 id=\"-section-5-where-memories-live-perfect-for-each-situation-\"><strong>Abschnitt 5: Wo die Erinnerungen leben - perfekt f\u00fcr jede Situation\u00a0<\/strong>.<\/h3>\n<p>Der Komfort und die Raffinesse unserer <a href=\"https:\/\/customacrylicproduct.com\/de\/custom-acrylic-crafts\/\">Acrylrahmen<\/a> machen sie zur perfekten Wahl f\u00fcr eine breite Palette von Anwendungen.<\/p>\n<ul>\n<li><strong>F\u00fcr Home Design:\u00a0<\/strong>Bringen Sie Ihre wertvollsten Erinnerungen m\u00fchelos in Ihren Wohnraum. Erstellen Sie eine spektakul\u00e4re Galeriewand in Ihrem Wohnzimmer, die die Geschichte Ihres Haushalts erz\u00e4hlt. Legen Sie eine warme Minute auf den Nachttisch Ihres Schlafzimmers. Bereiten Sie eine Reihe von Reisebildern auf Ihrem Schreibtisch im Arbeitszimmer vor. Der transparente, minimalistische Stil sorgt daf\u00fcr, dass die Rahmen jede Art von Inneneinrichtung aufwerten, ohne visuelle Unordnung zu erzeugen.<\/li>\n<li><strong>Der Spitzenreiter der Gegenwart:\u00a0<\/strong>Wenn Sie ein Geschenk brauchen, das sowohl attraktiv als auch sehr individuell ist, ist ein personalisierter Acrylrahmen eine hervorragende L\u00f6sung. Stellen Sie einen herzf\u00f6rmigen Rahmen f\u00fcr das Hochzeitsbild eines Freundes zusammen. Erstellen Sie eine Sammlung von Rahmen, die das erste Wachstumsjahr eines Kindes f\u00fcr frischgebackene Eltern festhalten. Gravieren Sie ein einzigartiges Datum f\u00fcr ein Geschenk zum Jahrestag. Das ist eine durchdachte, einzigartige Geste, die Liebe und Freude auf eine Weise vermittelt, wie es kein Produkt von der Stange kann.<\/li>\n<\/ul>\n<p><a href=\"https:\/\/customacrylicproduct.com\/de\/bespoke-acrylic-photo-frames-magnetic-photo-frame-wholesaler\/\"><img decoding=\"async\" class=\"aligncenter wp-image-718 size-full\" src=\"https:\/\/customacrylicproduct.com\/wp-content\/uploads\/2025\/07\/Acrylic-Photo-Frames-2.jpg\" alt=\"Acryl-Fotorahmen\" width=\"800\" height=\"800\" srcset=\"https:\/\/customacrylicproduct.com\/wp-content\/uploads\/2025\/07\/Acrylic-Photo-Frames-2.jpg 800w, https:\/\/customacrylicproduct.com\/wp-content\/uploads\/2025\/07\/Acrylic-Photo-Frames-2-300x300.jpg 300w, https:\/\/customacrylicproduct.com\/wp-content\/uploads\/2025\/07\/Acrylic-Photo-Frames-2-150x150.jpg 150w, https:\/\/customacrylicproduct.com\/wp-content\/uploads\/2025\/07\/Acrylic-Photo-Frames-2-768x768.jpg 768w, https:\/\/customacrylicproduct.com\/wp-content\/uploads\/2025\/07\/Acrylic-Photo-Frames-2-12x12.jpg 12w, https:\/\/customacrylicproduct.com\/wp-content\/uploads\/2025\/07\/Acrylic-Photo-Frames-2-600x600.jpg 600w, https:\/\/customacrylicproduct.com\/wp-content\/uploads\/2025\/07\/Acrylic-Photo-Frames-2-100x100.jpg 100w\" sizes=\"(max-width: 800px) 100vw, 800px\" \/><\/a><\/p>\n<h3 id=\"-the-dealer-s-advantage-your-companion-in-costs-presentation-\"><strong>Der Vorteil des H\u00e4ndlers: Ihr Begleiter bei der Kostenpr\u00e4sentation\u00a0<\/strong>.<\/h3>\n<p>Als Direktvertreiber sind wir hervorragend positioniert, um unseren B2B-Kunden, einschlie\u00dflich Einzelh\u00e4ndlern, Kunden von Firmengeschenken, professionellen Fotografen und Veranstaltern von Events, etwas zu bieten.<\/p>\n<ul>\n<li><strong>F\u00fcr Einzelh\u00e4ndler:\u00a0<\/strong>Bieten Sie Ihren Kunden einen kostspieligen Artikel mit hoher Gewinnspanne, der sich von den \u00fcblichen Rahmen abhebt. Wir bieten auff\u00e4llige Massentarife und k\u00f6nnen exklusive Stile f\u00fcr Ihren Markennamen entwickeln.<\/li>\n<li><strong>F\u00fcr Firmengeschenke:\u00a0<\/strong>Begeistern Sie Ihre Kunden und Mitarbeiter mit einem hochwertigen Geschenk mit Ihrem Logo. Wir k\u00f6nnen Ihr Firmenlogo und eine Botschaft der Wertsch\u00e4tzung auf jeden Rahmen f\u00fcr Ehrungen, Weihnachtsgeschenke oder Event-Giveaways gravieren.<\/li>\n<li><strong>F\u00fcr Fotografen:\u00a0<\/strong>Bringen Sie sich ins Gespr\u00e4ch und bieten Sie Ihren Kunden ein erstklassiges Angebot. Unsere Rahmen bieten eine spektakul\u00e4re, archivtaugliche M\u00f6glichkeit, Ihre Arbeit zu zeigen, und werten Ihre Dienstleistungen erheblich auf.<\/li>\n<\/ul>\n<h3 id=\"-area-6-easy-maintenance-and-enduring-luster-\"><strong>Bereich 6: Einfache Pflege und dauerhafter Glanz\u00a0<\/strong>.<\/h3>\n<p>Unser Unternehmen ist der Meinung, dass das Sch\u00e4tzen von Erinnerungen eine Freude und keine l\u00e4stige Pflicht sein sollte. Unsere Acrylstrukturen sind f\u00fcr eine lebenslange, unkomplizierte Attraktivit\u00e4t entwickelt worden.<\/p>\n<ul>\n<li><strong>Einfach zu reinigen:\u00a0<\/strong>Die glatte, porenfreie Oberfl\u00e4che widersteht Schmutz und Flecken. Wenn eine Reinigung erforderlich ist, gen\u00fcgt eine einfache Reinigung mit einem weichen, trockenen oder leicht feuchten Handtuch, um den fantastischen Glanz wiederherzustellen. Es sind keine scharfen Chemikalien oder Spezialreiniger erforderlich.<\/li>\n<li><strong>Hervorragende Wetter- und Alterungsbest\u00e4ndigkeit:\u00a0<\/strong>Unser hochwertiges Acryl ist so beschaffen, dass es den Einfl\u00fcssen von Zeit und Licht standh\u00e4lt. Es wird nicht vergilben, tr\u00fcben oder verf\u00e4rben, auch nicht nach Jahren der Innenanzeige Bildschirm. Es sch\u00fctzt Ihre Fotos von den Aspekten und garantiert, dass sowohl das Bild und seine atemberaubende Geh\u00e4use bleiben, um ihre ideale f\u00fcr Jahrzehnte zu finden.<\/li>\n<\/ul>\n<p><strong>Rufen Sie uns noch heute an, um mit der Erstellung Ihrer <a href=\"https:\/\/customacrylicproduct.com\/de\/bespoke-acrylic-photo-frames-magnetic-photo-frame-wholesaler\/\">personalisierter Acryl-Bilderrahmen<\/a>, oder um Ihren Gro\u00dfhandelsbedarf zu pr\u00fcfen. Lassen Sie uns Ihnen helfen, Ihre kostbarsten Momente zu bewahren und mit der Klarheit, Raffinesse und Spitzenqualit\u00e4t zu versehen, die ihnen zusteht.\u00a0<\/strong>.<\/p>","protected":false},"excerpt":{"rendered":"<p>F\u00fchrender Gro\u00dfh\u00e4ndler f\u00fcr moderne magnetische Acryl-Fotorahmen. Wir bieten ma\u00dfgeschneiderte Dienstleistungen f\u00fcr kundenspezifische Gr\u00f6\u00dfen, Formen und Logo-Branding. Unsere kristallklaren, langlebigen Rahmen sind die perfekte L\u00f6sung f\u00fcr Einzelh\u00e4ndler, Firmengeschenke und professionelle Fotografen. Kontaktieren Sie uns f\u00fcr ein g\u00fcnstiges Massenangebot!<\/p>","protected":false},"featured_media":720,"template":"","meta":{"_kad_post_transparent":"default","_kad_post_title":"","_kad_post_layout":"default","_kad_post_sidebar_id":"","_kad_post_content_style":"default","_kad_post_vertical_padding":"default","_kad_post_feature":"","_kad_post_feature_position":"","_kad_post_header":false,"_kad_post_footer":false,"_kad_post_classname":""},"product_brand":[],"product_cat":[20],"product_tag":[70,65],"class_list":{"0":"post-716","1":"product","2":"type-product","3":"status-publish","4":"has-post-thumbnail","6":"product_cat-custom-acrylic-crafts","7":"product_tag-acrylic-photo-frames","8":"product_tag-custom-acrylic-crafts","10":"first","11":"instock","12":"shipping-taxable","13":"product-type-simple","14":"entry","15":"content-bg","16":"loop-entry"},"_links":{"self":[{"href":"https:\/\/customacrylicproduct.com\/de\/wp-json\/wp\/v2\/product\/716","targetHints":{"allow":["GET"]}}],"collection":[{"href":"https:\/\/customacrylicproduct.com\/de\/wp-json\/wp\/v2\/product"}],"about":[{"href":"https:\/\/customacrylicproduct.com\/de\/wp-json\/wp\/v2\/types\/product"}],"wp:featuredmedia":[{"embeddable":true,"href":"https:\/\/customacrylicproduct.com\/de\/wp-json\/wp\/v2\/media\/720"}],"wp:attachment":[{"href":"https:\/\/customacrylicproduct.com\/de\/wp-json\/wp\/v2\/media?parent=716"}],"wp:term":[{"taxonomy":"product_brand","embeddable":true,"href":"https:\/\/customacrylicproduct.com\/de\/wp-json\/wp\/v2\/product_brand?post=716"},{"taxonomy":"product_cat","embeddable":true,"href":"https:\/\/customacrylicproduct.com\/de\/wp-json\/wp\/v2\/product_cat?post=716"},{"taxonomy":"product_tag","embeddable":true,"href":"https:\/\/customacrylicproduct.com\/de\/wp-json\/wp\/v2\/product_tag?post=716"}],"curies":[{"name":"wp","href":"https:\/\/api.w.org\/{rel}","templated":true}]}}