{"id":721,"date":"2025-07-07T10:51:32","date_gmt":"2025-07-07T10:51:32","guid":{"rendered":"https:\/\/customacrylicproduct.com\/?post_type=product&#038;p=721"},"modified":"2025-07-07T12:38:24","modified_gmt":"2025-07-07T12:38:24","slug":"personalized-multi-layer-acrylic-display-stands-storage-rack","status":"publish","type":"product","link":"https:\/\/customacrylicproduct.com\/de\/personalized-multi-layer-acrylic-display-stands-storage-rack\/","title":{"rendered":"Personalisiertes mehrschichtiges Acryl-Display St\u00e4nder Lagerregal"},"content":{"rendered":"<h3 id=\"-title-release-your-collection-the-personalized-multi-layer-polymer-show-stand-storage-space-shelf-\"><strong>Titel: Release Your Collection: Der personalisierte mehrschichtige Polymer-Schaust\u00e4nder &amp; Stauraumregal\u00a0<\/strong>.<\/h3>\n<p>Jede Kollektion erz\u00e4hlt eine Geschichte. Es ist eine Geschichte der Leidenschaft, des Engagements und der Entdeckerfreude. Ob es sich um ein Heer sorgf\u00e4ltig zusammengestellter Zahlen, eine kuratierte Auswahl dynamischer, stilvoller Spielzeuge, ungew\u00f6hnliche Vinyl-Kunstwerke oder eine gesch\u00e4tzte Reihe luxuri\u00f6ser Kosmetika handelt, diese Produkte sind mehr als nur Gegenst\u00e4nde - sie sind Erweiterungen Ihrer Pers\u00f6nlichkeit und ein Zeugnis Ihrer Vorlieben. Dennoch werden diese Preise h\u00e4ufig in Schachteln versteckt, in gew\u00f6hnliche Regale gepfercht oder in der Unordnung des t\u00e4glichen Lebens versteckt.<\/p>\n<p>Was w\u00e4re, wenn Sie dieses Durcheinander in ein kuratiertes Ereignis verwandeln k\u00f6nnten? Stellen Sie sich vor, Sie k\u00f6nnten Ihrer Sammlung das Rampenlicht bieten, das ihr zusteht, und jede Ecke Ihrer Wohnung oder Ihres Gesch\u00e4ftsraums in eine spektakul\u00e4re, galerie\u00e4hnliche Ausstellung verwandeln?<\/p>\n<p>F\u00fcr anspruchsvolle Inkassob\u00fcros und Kostenstellen bieten wir den besten Service: die\u00a0<a href=\"https:\/\/customacrylicproduct.com\/de\/personalized-multi-layer-acrylic-display-stands-storage-rack\/\"><strong>Personalisierter mehrschichtiger Polymer-Show-Stand\u00a0<\/strong><\/a>. Dieses Regal ist nicht einfach nur ein Aufbewahrungsort, es ist eine architektonische B\u00fchne, ein modulares System, das auf Sch\u00f6nheit ausgelegt ist, und ein kristallklares Heiligtum, das geschaffen wurde, um die Dinge, die Sie lieben, zu sch\u00fctzen, zu ordnen und zu pr\u00e4sentieren. Lassen Sie die einfache Aufbewahrung hinter sich und beginnen Sie mit der Kunst der Pr\u00e4sentation.<\/p>\n<h3 id=\"-area-1-the-heart-of-the-stand-uncompromising-product-pureness-\"><strong>Bereich 1: Das Herz des Standes - kompromisslose Produktreinheit\u00a0<\/strong>.<\/h3>\n<p>Die Qualit\u00e4t eines Displays beginnt mit der Reinheit seiner Produkte. Wir haben das beste hochreine Acryl sorgf\u00e4ltig ausgew\u00e4hlt, um zu garantieren, dass Ihre Sammlung kompromisslos pr\u00e4sentiert und f\u00fcr viele Jahre gesch\u00fctzt wird.<\/p>\n<ul>\n<li><strong>Kristallklare Brillanz:\u00a0<\/strong>Unsere aus hochreinem Acryl in Archivqualit\u00e4t gefertigten St\u00e4nder bieten einen Lichtdurchlass, der so klar und transparent ist wie Kristall. Diese bemerkenswerte Klarheit stellt sicher, dass jede detaillierte Information, jede raffinierte Farbnuance und jede zerbrechliche Textur Ihrer pr\u00e4sentierten Dinge in ihrer unverf\u00e4lschten Form wiedergegeben und pr\u00e4sentiert wird. Im Gegensatz zu minderwertigen Kunststoffen, die einen tr\u00fcben oder blauen Farbton haben k\u00f6nnen, l\u00e4sst unser Material das Licht ungehindert passieren und taucht Ihre Sammlung in einen leuchtenden Glanz, der ihren \u00e4sthetischen Charme noch verst\u00e4rkt.<\/li>\n<li><strong>Entwickelt f\u00fcr Langlebigkeit und Strapazierf\u00e4higkeit:\u00a0<\/strong>Ein Bildschirmst\u00e4nder sollte ein unbeugsamer Besch\u00fctzer sein. Unser Acryl besitzt eine starke, robuste Textur, die bemerkenswert widerstandsf\u00e4hig gegen St\u00fcrze und allt\u00e4gliche Abnutzung ist. Es ist so beschaffen, dass es sich nicht verformt oder bricht und seine sch\u00f6ne Beschaffenheit auch unter dem Gewicht einer ganzen Sammlung und nach langem Gebrauch beibeh\u00e4lt. Diese Robustheit bietet eine stabile, gesch\u00fctzte Plattform, auf die Sie sich verlassen k\u00f6nnen, um Ihre wertvollsten Produkte unterzubringen.<\/li>\n<li><strong>Ein Engagement f\u00fcr Sicherheit und Umweltschutz:\u00a0<\/strong>Ihre Sammlung ist unbezahlbar. Unser Acrylmaterial ist v\u00f6llig ungiftig und umweltfreundlich und garantiert, dass es Ihre Figuren, trendigen Spielzeuge oder anderen empfindlichen Sammlerst\u00fccke niemals besch\u00e4digen, verf\u00e4rben oder chemisch angreifen wird. Es wirkt wie eine neutrale, sch\u00fctzende Barriere, die Ihre Investition vor unsicheren Elementen bewahrt und Ihnen volle Sicherheit bietet.<\/li>\n<\/ul>\n<p><a href=\"https:\/\/customacrylicproduct.com\/de\/personalized-multi-layer-acrylic-display-stands-storage-rack\/\"><img fetchpriority=\"high\" decoding=\"async\" class=\"aligncenter wp-image-723 size-full\" src=\"https:\/\/customacrylicproduct.com\/wp-content\/uploads\/2025\/07\/Multi-Layer-Acrylic-Display-Stand-2.jpg\" alt=\"Mehrschichtige Acryl-Display-St\u00e4nder\" width=\"800\" height=\"800\" srcset=\"https:\/\/customacrylicproduct.com\/wp-content\/uploads\/2025\/07\/Multi-Layer-Acrylic-Display-Stand-2.jpg 800w, https:\/\/customacrylicproduct.com\/wp-content\/uploads\/2025\/07\/Multi-Layer-Acrylic-Display-Stand-2-300x300.jpg 300w, https:\/\/customacrylicproduct.com\/wp-content\/uploads\/2025\/07\/Multi-Layer-Acrylic-Display-Stand-2-150x150.jpg 150w, https:\/\/customacrylicproduct.com\/wp-content\/uploads\/2025\/07\/Multi-Layer-Acrylic-Display-Stand-2-768x768.jpg 768w, https:\/\/customacrylicproduct.com\/wp-content\/uploads\/2025\/07\/Multi-Layer-Acrylic-Display-Stand-2-12x12.jpg 12w, https:\/\/customacrylicproduct.com\/wp-content\/uploads\/2025\/07\/Multi-Layer-Acrylic-Display-Stand-2-600x600.jpg 600w, https:\/\/customacrylicproduct.com\/wp-content\/uploads\/2025\/07\/Multi-Layer-Acrylic-Display-Stand-2-100x100.jpg 100w\" sizes=\"(max-width: 800px) 100vw, 800px\" \/><\/a><\/p>\n<h3 id=\"-section-2-architectural-liberty-the-genius-of-modular-design-\"><strong>Abschnitt 2: Architektonische Freiheit - Die Genialit\u00e4t des modularen Designs\u00a0<\/strong>.<\/h3>\n<p>Unser Team ist der Meinung, dass sich Ihr Bildschirmst\u00e4nder an Ihre Kollektion anpassen muss und nicht umgekehrt. Unser intelligenter, modularer Stil bietet Ihnen eine un\u00fcbertroffene Vielseitigkeit und erm\u00f6glicht es Ihnen, einen Bildschirm zu erstellen, der perfekt auf Ihren Bereich und Ihre Produkte abgestimmt ist.<\/p>\n<ul>\n<li><strong>Ihre Gegenwart, Ihre Politiken: Die Macht der Modularit\u00e4t:\u00a0<\/strong>Unsere ausgekl\u00fcgelte modulare Verbindungsstruktur befreit Sie von den Zw\u00e4ngen feststehender Designm\u00f6bel. Sie macht Sie zum Designer Ihres eigenen Bildschirms und erm\u00f6glicht es Ihnen, die verschiedenen Schichten, die Sie ben\u00f6tigen, frei zu kombinieren und die Anordnung der einzelnen Ebenen zu bestimmen. Erstellen Sie eine traditionelle quadratische Konfiguration, eine dynamische, unregelm\u00e4\u00dfig gestaffelte Anordnung oder eine beliebige Mischung, die zu Ihrer \u00c4sthetik passt. Wenn Ihre Sammlung w\u00e4chst, kann Ihr St\u00e4nder mit ihr wachsen - f\u00fcgen Sie einfach noch mehr Komponenten hinzu.<\/li>\n<li><strong>Vertikales Glitzern: Maximale Raumnutzung mit Raffinesse:\u00a0<\/strong>Die mehrschichtige Bauweise ist eine meisterhafte Option, um die Kapazit\u00e4t Ihres Bildschirms zu erweitern, ohne wertvollen Platz auf dem Boden zu beanspruchen. Durch die vertikale Entwicklung k\u00f6nnen Sie eine umfangreiche Sammlung auf einer kompakten Grundfl\u00e4che unterbringen. Wir k\u00f6nnen die H\u00f6he der einzelnen Ebenen rationell gestalten, um die spezifischen Anforderungen an die Pr\u00e4sentation von Antiquit\u00e4ten unterschiedlicher Gr\u00f6\u00dfe zu erf\u00fcllen, von kleinen, detaillierten Zahlen bis hin zu gro\u00dfen, beeindruckenden Skulpturen.<\/li>\n<li><strong>Entwicklung von \u00e4sthetischem Rhythmus und Ma\u00df:\u00a0<\/strong>Indem Sie die Abst\u00e4nde zwischen den Lagen anpassen, k\u00f6nnen Sie einen gro\u00dfartigen \u00e4sthetischen Effekt mit Spitzen oder Stufen erzielen. Dies ist mehr als nur ein Arrangement; es entwickelt ein Gef\u00fchl von Tiefe und Hierarchie und lenkt das Auge des Kunden durch die gesamte Kollektion. Diese dreidimensionale Pr\u00e4sentation verhindert visuelle Stumpfheit und verwandelt eine einfache Gruppe von Gegenst\u00e4nden in ein lebendiges, ansprechendes Ausstellungsst\u00fcck.<\/li>\n<\/ul>\n<h3 id=\"-section-3-the-art-of-the-individual-unmatched-modification-\"><strong>Abschnitt 3: Die Kunst des Individuums - un\u00fcbertroffene Modifikation\u00a0<\/strong>.<\/h3>\n<p>Dies ist der Punkt, an dem Ihre Vision wirklich lebendig wird. \u201cPersonalisiert\u201d ist f\u00fcr uns kein nachtr\u00e4glicher Gedanke, sondern der Kern unseres Ansatzes. Wir arbeiten mit Ihnen zusammen, um einen Bildschirmst\u00e4nder zu entwickeln, der eine echte Besonderheit darstellt.<\/p>\n<ul>\n<li><strong>Ma\u00dfgeschneiderte Abmessungen:\u00a0<\/strong>Geben Sie uns die Abmessungen Ihres Raums - sei es ein bestimmtes Regal, eine Arbeitsplatte oder ein Verkaufsraum - und die Vielfalt Ihrer Sammlung an. Wir werden die Gesamtl\u00e4nge, -breite und -h\u00f6he des St\u00e4nders richtig einstellen, um eine ideale, nahtlose Passform zu schaffen.<\/li>\n<li><strong>Eine Kombination von M\u00f6glichkeiten:\u00a0<\/strong>W\u00e4hrend das klare Standarddesign immer wieder bevorzugt wird, weil es die Kollektion in den Mittelpunkt stellt, bieten wir eine Vielzahl von Farbvarianten an, mit denen sich der St\u00e4nder perfekt in den Stil Ihres Hauses oder Gesch\u00e4fts einf\u00fcgen l\u00e4sst.<\/li>\n<li><strong>Mattes Acryl:\u00a0<\/strong>Bietet ein weiches, diffuses und modernes Aussehen, das das Gl\u00fchen reduziert und einen Hauch von subtiler Raffinesse vermittelt.<\/li>\n<li><strong>Gef\u00e4rbtes Acryl:\u00a0<\/strong>W\u00e4hlen Sie aus einem Spektrum von Farbt\u00f6nen - von schlichtem Schwarz oder Wei\u00df bis hin zu dynamischen Farben - passend zu Ihrem Branding oder Ihrem Innendesign.<\/li>\n<li><strong>Das Markenzeichen Touch: Personalisierte Laserbeschriftung:\u00a0<\/strong>Dies ist der letzte Schliff, der Ihren Verkaufsst\u00e4nder von einem attraktiven M\u00f6belst\u00fcck in ein pers\u00f6nliches Artefakt verwandelt. Mit einer pr\u00e4zisen Laserbeschriftung der Kanten, des Sockels oder der Frontplatten k\u00f6nnen wir exklusive Logodesigns, thematische Muster, den Namen Ihrer Sammlung oder einen bedeutenden Tag hinzuf\u00fcgen. Dies ist optimal f\u00fcr das Branding in einer Einzelhandelsatmosph\u00e4re oder um einer Heimsammlung eine ganz individuelle Note zu verleihen.<\/li>\n<\/ul>\n<p><a href=\"https:\/\/customacrylicproduct.com\/de\/personalized-multi-layer-acrylic-display-stands-storage-rack\/\"><img decoding=\"async\" class=\"aligncenter wp-image-724 size-full\" src=\"https:\/\/customacrylicproduct.com\/wp-content\/uploads\/2025\/07\/Multi-Layer-Acrylic-Display-Stand-3.jpg\" alt=\"Mehrschichtige Acryl-Display-St\u00e4nder\" width=\"800\" height=\"800\" srcset=\"https:\/\/customacrylicproduct.com\/wp-content\/uploads\/2025\/07\/Multi-Layer-Acrylic-Display-Stand-3.jpg 800w, https:\/\/customacrylicproduct.com\/wp-content\/uploads\/2025\/07\/Multi-Layer-Acrylic-Display-Stand-3-300x300.jpg 300w, https:\/\/customacrylicproduct.com\/wp-content\/uploads\/2025\/07\/Multi-Layer-Acrylic-Display-Stand-3-150x150.jpg 150w, https:\/\/customacrylicproduct.com\/wp-content\/uploads\/2025\/07\/Multi-Layer-Acrylic-Display-Stand-3-768x768.jpg 768w, https:\/\/customacrylicproduct.com\/wp-content\/uploads\/2025\/07\/Multi-Layer-Acrylic-Display-Stand-3-12x12.jpg 12w, https:\/\/customacrylicproduct.com\/wp-content\/uploads\/2025\/07\/Multi-Layer-Acrylic-Display-Stand-3-600x600.jpg 600w, https:\/\/customacrylicproduct.com\/wp-content\/uploads\/2025\/07\/Multi-Layer-Acrylic-Display-Stand-3-100x100.jpg 100w\" sizes=\"(max-width: 800px) 100vw, 800px\" \/><\/a><\/p>\n<h3 id=\"-section-4-the-art-of-presentation-the-unrivaled-show-impact-\"><strong>Abschnitt 4: Die Kunst der Pr\u00e4sentation - Die un\u00fcbertroffene Wirkung der Show\u00a0<\/strong>.<\/h3>\n<p>Ein gut gestalteter Stand dient nicht nur der Aufbewahrung von Produkten, sondern veredelt sie und schafft ein Erlebnis f\u00fcr den Kunden.<\/p>\n<ul>\n<li><strong>Ein Theater im Rund:\u00a0<\/strong>Das sehr transparente Produkt erm\u00f6glicht es, Ihre Sammlung aus 360 Grad ohne toten Winkel zu betrachten. Das Publikum kann jedes Element Ihrer Antiquit\u00e4ten bewerten, von den Informationen auf der Vorderseite bis zu den komplexen Layouts auf der R\u00fcckseite und den Seiten.<\/li>\n<li><strong>Der Tanz von Licht und Dunkelheit:\u00a0<\/strong>Wenn das kristallklare Acrylglas von Umgebungs- oder Speziallicht durchdrungen wird, werden Ihre Artikel elegant beleuchtet und verdunkelt. Dieses Zusammenspiel des Lichts verleiht dem Bildschirm ein professionelles, museumsreifes Aussehen, was das Einkaufserlebnis erheblich verbessert und jeden Artikel lebendiger erscheinen l\u00e4sst.<\/li>\n<li><strong>Kuratierte Klarheit: Ihr eigener \u201ckleiner Veranstaltungssaal\u201d:\u00a0<\/strong>Der mehrschichtige, unterteilte Stil eignet sich am besten f\u00fcr die Klassifizierung. Ordnen Sie Ihre Sammlung nach Kollektionen, Motiven, Musikern oder Farbt\u00f6nen. Diese klare, gut organisierte Strategie ist nicht nur \u00e4sthetisch befriedigend, sondern macht es dem Betrachter auch sehr leicht, die verschiedenen Teile Ihrer Sammlung sofort zu erkennen und zu bewerten. So wird aus einer \u00fcberschaubaren Auswahl ein aufmerksam kuratierter \u201ckleiner Veranstaltungssaal\u201d, der eine aussagekr\u00e4ftige Geschichte erz\u00e4hlt.<\/li>\n<\/ul>\n<h3 id=\"-area-5-from-home-shelter-to-retail-showcase-versatile-circumstances-\"><strong>Bereich 5: Vom h\u00e4uslichen Unterschlupf zum Schaufenster des Einzelhandels - Vielf\u00e4ltige Umst\u00e4nde\u00a0<\/strong>.<\/h3>\n<p>Dank ihrer Raffinesse und Vielseitigkeit eignen sich unsere St\u00e4nder perfekt f\u00fcr eine Vielzahl von Anwendungen.<\/p>\n<ul>\n<li><strong>F\u00fcr die Inkassostelle zu Hause:\u00a0<\/strong>Verwandeln Sie eine Ecke Ihres Wohnzimmers, Arbeitszimmers oder Schlafzimmers in einen eigenen \u201cSammlungs-Bildschirmrand\u201d. Dieser St\u00e4nder wird zu einer ehrenvollen Erkl\u00e4rung Ihrer Begeisterung und zu einem spektakul\u00e4ren Blickfang, der Ihren individuellen Geschmack zur Schau stellt. Er sorgt f\u00fcr Gespr\u00e4chsstoff und ist eine Quelle des t\u00e4glichen Gl\u00fccks, wenn Sie Ihre sch\u00f6n arrangierte Sammlung betrachten.<\/li>\n<li><strong>F\u00fcr den Fachverk\u00e4ufer:\u00a0<\/strong>In einem trendigen Spielwarengesch\u00e4ft, einem Nummernstudio oder einem Laden ist das Gespr\u00e4ch entscheidend. Unsere St\u00e4nder dienen als effektive \u201cstille Verk\u00e4ufer\u201d. Sie stellen die Attraktivit\u00e4t und die Details des Produkts klar heraus, wecken das Interesse der Kunden und schaffen ein hochwertiges, geordnetes Ambiente f\u00fcr Ihr Gesch\u00e4ft. Ein stilvoller Bildschirm steigert den wahrgenommenen Wert Ihrer Produkte und tr\u00e4gt direkt zu einem besseren Kundenerlebnis und h\u00f6heren Ums\u00e4tzen bei.<\/li>\n<\/ul>\n<p><a href=\"https:\/\/customacrylicproduct.com\/de\/custom-acrylic-displays\/\"><img decoding=\"async\" class=\"aligncenter wp-image-722 size-full\" src=\"https:\/\/customacrylicproduct.com\/wp-content\/uploads\/2025\/07\/Multi-Layer-Acrylic-Display-Stand-1.jpg\" alt=\"Mehrschichtige Acryl-Display-St\u00e4nder\" width=\"800\" height=\"800\" srcset=\"https:\/\/customacrylicproduct.com\/wp-content\/uploads\/2025\/07\/Multi-Layer-Acrylic-Display-Stand-1.jpg 800w, https:\/\/customacrylicproduct.com\/wp-content\/uploads\/2025\/07\/Multi-Layer-Acrylic-Display-Stand-1-300x300.jpg 300w, https:\/\/customacrylicproduct.com\/wp-content\/uploads\/2025\/07\/Multi-Layer-Acrylic-Display-Stand-1-150x150.jpg 150w, https:\/\/customacrylicproduct.com\/wp-content\/uploads\/2025\/07\/Multi-Layer-Acrylic-Display-Stand-1-768x768.jpg 768w, https:\/\/customacrylicproduct.com\/wp-content\/uploads\/2025\/07\/Multi-Layer-Acrylic-Display-Stand-1-12x12.jpg 12w, https:\/\/customacrylicproduct.com\/wp-content\/uploads\/2025\/07\/Multi-Layer-Acrylic-Display-Stand-1-600x600.jpg 600w, https:\/\/customacrylicproduct.com\/wp-content\/uploads\/2025\/07\/Multi-Layer-Acrylic-Display-Stand-1-100x100.jpg 100w\" sizes=\"(max-width: 800px) 100vw, 800px\" \/><\/a><\/p>\n<h3 id=\"-area-6-simpleness-in-type-and-function-easy-installment-upkeep-\"><strong>Bereich 6: Einfachheit in Typ und Funktion - einfache Installation und Wartung\u00a0<\/strong>.<\/h3>\n<p>Wir sind der Meinung, dass ein ausgekl\u00fcgeltes Layout mit einer klaren Einfachheit einhergehen muss.<\/p>\n<ul>\n<li><strong>Intuitives, werkzeugfreies Einrichten:\u00a0<\/strong>Die modulare Splei\u00dfstruktur wurde f\u00fcr eine schnelle und einfache Einrichtung entwickelt. Es sind keine komplexen Werkzeuge oder technischen F\u00e4higkeiten erforderlich. Wenn Sie die einfachen Anweisungen befolgen, lassen sich die Elemente sicher zusammenstecken, so dass Sie Ihren St\u00e4nder in wenigen Minuten zusammensetzen oder abbauen k\u00f6nnen. So k\u00f6nnen Sie Ihren Bildschirm ganz einfach umstellen, reinigen oder neu konfigurieren, wenn sich Ihre Anforderungen \u00e4ndern.<\/li>\n<li><strong>Langfristiger Glanz, m\u00fchelose Pflege:\u00a0<\/strong>Das kristallklare Aussehen zu bewahren ist ganz einfach. Die glatte, nicht por\u00f6se Acryloberfl\u00e4che verbirgt keinen Staub. F\u00fcr die t\u00e4gliche Pflege gen\u00fcgt ein sanftes Abwischen mit einem weichen, vollst\u00e4ndig trockenen Tuch, um Staub und Fingerabdr\u00fccke zu beseitigen. Ihr St\u00e4nder bleibt transparent und sauber und garantiert, dass Ihre Sammlung im Internet immer gut zur Geltung kommt.<\/li>\n<\/ul>\n<p><strong>H\u00f6ren Sie auf, Ihre Sammlung zu verstecken. Fangen Sie an, sie zu w\u00fcrdigen. Rufen Sie uns noch heute an und entwerfen Sie Ihr individuelles <a href=\"https:\/\/customacrylicproduct.com\/de\/custom-acrylic-displays\/\">Mehrschichtiger Acryl-Display-St\u00e4nder<\/a> und produzieren die besondere Veranstaltungshalle, die Ihr Interesse haben sollte.\u00a0<\/strong>.<\/p>","protected":false},"excerpt":{"rendered":"<p>Werten Sie Ihre Sammlung mit einem personalisierten mehrschichtigen Acrylst\u00e4nder auf. Wir fertigen ma\u00dfgefertigte Etagen an, um Figuren, Kosmetika oder Einzelhandelsartikel perfekt zu pr\u00e4sentieren. Holen Sie sich einen langlebigen, modernen und \u00fcbersichtlichen Look f\u00fcr Ihr Zuhause oder Ihr Gesch\u00e4ft. Entwerfen Sie Ihr ideales Regal und fordern Sie noch heute ein Angebot an!<\/p>","protected":false},"featured_media":726,"template":"","meta":{"_kad_post_transparent":"default","_kad_post_title":"","_kad_post_layout":"default","_kad_post_sidebar_id":"","_kad_post_content_style":"default","_kad_post_vertical_padding":"default","_kad_post_feature":"","_kad_post_feature_position":"","_kad_post_header":false,"_kad_post_footer":false,"_kad_post_classname":""},"product_brand":[],"product_cat":[15],"product_tag":[72,46,71],"class_list":{"0":"post-721","1":"product","2":"type-product","3":"status-publish","4":"has-post-thumbnail","6":"product_cat-custom-acrylic-displays","7":"product_tag-acrylic-display-stand","8":"product_tag-custom-acrylic-display-stands","9":"product_tag-multi-layer-acrylic-display-stand","11":"first","12":"instock","13":"shipping-taxable","14":"product-type-simple","15":"entry","16":"content-bg","17":"loop-entry"},"_links":{"self":[{"href":"https:\/\/customacrylicproduct.com\/de\/wp-json\/wp\/v2\/product\/721","targetHints":{"allow":["GET"]}}],"collection":[{"href":"https:\/\/customacrylicproduct.com\/de\/wp-json\/wp\/v2\/product"}],"about":[{"href":"https:\/\/customacrylicproduct.com\/de\/wp-json\/wp\/v2\/types\/product"}],"wp:featuredmedia":[{"embeddable":true,"href":"https:\/\/customacrylicproduct.com\/de\/wp-json\/wp\/v2\/media\/726"}],"wp:attachment":[{"href":"https:\/\/customacrylicproduct.com\/de\/wp-json\/wp\/v2\/media?parent=721"}],"wp:term":[{"taxonomy":"product_brand","embeddable":true,"href":"https:\/\/customacrylicproduct.com\/de\/wp-json\/wp\/v2\/product_brand?post=721"},{"taxonomy":"product_cat","embeddable":true,"href":"https:\/\/customacrylicproduct.com\/de\/wp-json\/wp\/v2\/product_cat?post=721"},{"taxonomy":"product_tag","embeddable":true,"href":"https:\/\/customacrylicproduct.com\/de\/wp-json\/wp\/v2\/product_tag?post=721"}],"curies":[{"name":"wp","href":"https:\/\/api.w.org\/{rel}","templated":true}]}}