{"id":728,"date":"2025-07-07T13:05:52","date_gmt":"2025-07-07T13:05:52","guid":{"rendered":"https:\/\/customacrylicproduct.com\/?post_type=product&#038;p=728"},"modified":"2025-07-07T13:25:44","modified_gmt":"2025-07-07T13:25:44","slug":"custom-size-cut-laser-acrylic-sheets-engraving-perspex-sheet","status":"publish","type":"product","link":"https:\/\/customacrylicproduct.com\/de\/custom-size-cut-laser-acrylic-sheets-engraving-perspex-sheet\/","title":{"rendered":"Benutzerdefinierte Gr\u00f6\u00dfe schneiden Laser-Acryl-Platten Gravur Plexiglas Blatt"},"content":{"rendered":"<h3 id=\"-title-past-the-surface-area-discover-our-spectacular-custom-cut-colorful-acrylic-sheets-\"><strong>Titel: Jenseits der Oberfl\u00e4che: Entdecken Sie unsere spektakul\u00e4ren, individuell zugeschnittenen bunten Acrylglasplatten\u00a0<\/strong>.<\/h3>\n<p>In der Welt des Stils und der Herstellung sind Materialien das Vokabular, das wir zum Erz\u00e4hlen verwenden. Holz steht f\u00fcr die Tradition, Metall f\u00fcr den Sektor und Glas f\u00fcr die Zerbrechlichkeit. Was aber, wenn Sie ein Material brauchen, das die Sprache des Lichts, der Farbe und der unendlichen Fantasie spricht? Was ist, wenn Sie eine Leinwand ben\u00f6tigen, die ebenso haltbar wie strahlend ist?<\/p>\n<p>Wir laden Sie ein, ein Produkt zu testen, das die M\u00f6glichkeiten neu definiert. Als f\u00fchrender Anbieter von ma\u00dfgeschneiderten Produktl\u00f6sungen freuen wir uns, unsere\u00a0<strong>Ma\u00dfgeschneidert Gr\u00f6\u00dfe, <a href=\"https:\/\/customacrylicproduct.com\/de\/custom-acrylic-sheets\/\">Lasergeschnittene bunte Polymer- und Plexiglasplatten\u00a0<\/a><\/strong>. Es handelt sich nicht einfach um eine Kunststoffplatte, sondern um ein hochentwickeltes Polymer mit optischer Ausstrahlung, einer cham\u00e4leonartigen Oberfl\u00e4che, die mit dem Licht tanzt, und einem funktionellen Medium, das sich zu Ihren ehrgeizigsten Entw\u00fcrfen formen l\u00e4sst. Vom Bauwerk bis zum pers\u00f6nlichen Andenken bieten wir das Rohmaterial f\u00fcr Brillanz, zugeschnitten und get\u00f6nt nach Ihren Vorstellungen.<\/p>\n<h3 id=\"-section-1-the-foundation-of-quality-our-product-basis-\"><strong>Abschnitt 1: Das Fundament der Qualit\u00e4t - unsere Produktbasis\u00a0<\/strong>.<\/h3>\n<p>Die hohe Qualit\u00e4t eines jeden Endprodukts wird durch die Ehrlichkeit seiner Grundmaterialien bestimmt. Wir beginnen mit Acrylglas h\u00f6chster Reinheit (auch bekannt als Perspex oder Plexiglas), um eine Struktur von unvergleichlicher Klarheit, Z\u00e4higkeit und Stabilit\u00e4t zu gew\u00e4hrleisten.<\/p>\n<ul>\n<li><strong>Unverf\u00e4lschte optische Klarheit:\u00a0<\/strong>Unsere Acrylglasplatten haben eine bemerkenswerte Lichtdurchl\u00e4ssigkeit, die der von feinstem optischem Glas gleichkommt. Diese kristallklare Basis garantiert, dass jede Art von Farbton, Neigung oder Effekt, die auf die Platte aufgebracht wird, mit absoluter Integrit\u00e4t und Lebendigkeit dargestellt wird. Das Licht geht nicht einfach durch die Platte hindurch, sondern interagiert mit ihr und erzeugt eine leuchtende, helle Qualit\u00e4t, die Schattierungen hervorhebt und Informationen strahlen l\u00e4sst.<\/li>\n<li><strong>Dauerhafte Haltbarkeit und Sicherheit:\u00a0<\/strong>Attraktivit\u00e4t muss mit Langlebigkeit gepaart sein. Unser Acrylglas ist extrem sto\u00dffest und bruchsicher, was es zu einer wesentlich sichereren und langlebigeren Alternative zu Glas macht, insbesondere in \u00f6ffentlichen R\u00e4umen oder Privathaushalten. Es h\u00e4lt den harten Anforderungen des t\u00e4glichen Gebrauchs stand, ohne zu zerbrechen oder zu besch\u00e4digen.<\/li>\n<li><strong>Unersch\u00fctterliche chemische Stabilit\u00e4t:\u00a0<\/strong>Unsere Platten sind auf Langlebigkeit ausgelegt und weisen eine au\u00dfergew\u00f6hnliche chemische Stabilit\u00e4t auf. Sie sind resistent gegen geringf\u00fcgige Temperatur- und Feuchtigkeitsschwankungen, die dazu f\u00fchren k\u00f6nnen, dass sich niedrigere Produkte mit der Zeit verziehen, vergilben oder kaputt gehen. Dadurch wird sichergestellt, dass Ihre Installation, Ihr Kunstwerk oder Ihr Gegenstand \u00fcber viele Jahre hinweg seine strukturelle Integrit\u00e4t und Farbechtheit beh\u00e4lt und Ihre Investition und Ihre Vision gesichert sind.<\/li>\n<\/ul>\n<p><a href=\"https:\/\/customacrylicproduct.com\/de\/custom-size-cut-laser-acrylic-sheets-engraving-perspex-sheet\/\"><img fetchpriority=\"high\" decoding=\"async\" class=\"aligncenter wp-image-732 size-full\" src=\"https:\/\/customacrylicproduct.com\/wp-content\/uploads\/2025\/07\/Custom-Acrylic-Sheets.jpg\" alt=\"Individuell zugeschnittene Acrylglasplatten\" width=\"800\" height=\"800\" srcset=\"https:\/\/customacrylicproduct.com\/wp-content\/uploads\/2025\/07\/Custom-Acrylic-Sheets.jpg 800w, https:\/\/customacrylicproduct.com\/wp-content\/uploads\/2025\/07\/Custom-Acrylic-Sheets-300x300.jpg 300w, https:\/\/customacrylicproduct.com\/wp-content\/uploads\/2025\/07\/Custom-Acrylic-Sheets-150x150.jpg 150w, https:\/\/customacrylicproduct.com\/wp-content\/uploads\/2025\/07\/Custom-Acrylic-Sheets-768x768.jpg 768w, https:\/\/customacrylicproduct.com\/wp-content\/uploads\/2025\/07\/Custom-Acrylic-Sheets-12x12.jpg 12w, https:\/\/customacrylicproduct.com\/wp-content\/uploads\/2025\/07\/Custom-Acrylic-Sheets-600x600.jpg 600w, https:\/\/customacrylicproduct.com\/wp-content\/uploads\/2025\/07\/Custom-Acrylic-Sheets-100x100.jpg 100w\" sizes=\"(max-width: 800px) 100vw, 800px\" \/><\/a><\/p>\n<h3 id=\"-area-2-a-harmony-of-light-and-shade-the-visual-discussion-\"><strong>Bereich 2: Eine Harmonie aus Licht und Schatten - Die visuelle Diskussion\u00a0<\/strong>.<\/h3>\n<p>Hier geht unser Acryl \u00fcber das Normale hinaus. Durch spezielle, fortschrittliche Verfahren verleihen wir jeder Platte eine dynamische und aufregende, lebendige Eigenschaft, die eine einfache Platte direkt in ein Kunstwerk verwandelt.<\/p>\n<ul>\n<li><strong>Der Effekt des flie\u00dfenden Spektrums:\u00a0<\/strong>Die Oberfl\u00e4che unseres farbenfrohen Polymers ist so beschaffen, dass sie auf bemerkenswerte Weise mit dem Licht interagiert. Wenn sich das Licht an dem Produkt bricht und es zur Geltung bringt, entstehen sensationelle visuelle Ergebnisse, darunter himmlische Farbverl\u00e4ufe, sich bewegende Traumfarben und schillernder Glanz. Die Platte scheint Farbe und St\u00e4rke zu ver\u00e4ndern, wenn sich die Perspektive des Besuchers oder das Umgebungslicht \u00e4ndert, und entwickelt so eine lebendige, flie\u00dfende Palette. Dies verleiht jedem Bereich eine elegante, dynamische und unvergessliche Umgebung.<\/li>\n<li><strong>Die Perfektion der schlanken Seite:\u00a0<\/strong>Ein au\u00dfergew\u00f6hnlicher Schnitt wird durch seine Seite definiert. Unser Pr\u00e4zisions-Laserschneidverfahren wird durch eine optionale, gro\u00dfartige Polierl\u00f6sung erg\u00e4nzt, die die Schnittfl\u00e4che in eine glatte, spiegelnde Oberfl\u00e4che verwandelt. Diese pr\u00e4zise Endbearbeitung beseitigt jede Art von Grat oder Rauheit und erh\u00f6ht sowohl die Sicherheit als auch die visuelle Raffinesse des Produkts. Eine veredelte Seite f\u00e4ngt das Licht hervorragend ein, was den hochwertigen Eindruck noch verst\u00e4rkt und das Produkt f\u00fcr Luxusanwendungen und die Betrachtung aus n\u00e4chster N\u00e4he geeignet macht.<\/li>\n<\/ul>\n<h3 id=\"-area-3-the-plan-of-creativity-unrivaled-customization-\"><strong>Bereich 3: Der Plan der Kreativit\u00e4t - un\u00fcbertroffene Anpassung\u00a0<\/strong>.<\/h3>\n<p>Ihr Job ist einzigartig, und Ihre Materialien sollten es auch sein. Wir bieten eine umfassende Sammlung von Personalisierungsoptionen, die Ihnen die vollst\u00e4ndige Kontrolle \u00fcber jede Facette Ihrer <a href=\"https:\/\/customacrylicproduct.com\/de\/custom-acrylic-sheets\/\">Acrylplatte.<\/a><\/p>\n<ul>\n<li><strong>Dimension Personalisierung: Von Mikro bis Makro:\u00a0<\/strong>Wir bieten absolute Genauigkeit bei der Ma\u00dfkontrolle. Ganz gleich, ob Sie ein kleines Element f\u00fcr ein Modeschmuckst\u00fcck, eine ma\u00dfgefertigte Platte f\u00fcr einen Desktop-Computer oder riesige Zierbleche f\u00fcr eine gewerbliche Fassade ben\u00f6tigen, wir k\u00f6nnen auf Ihre exakte L\u00e4nge, Gr\u00f6\u00dfe und Dicke reduzieren. Dies gew\u00e4hrleistet eine hervorragende Eignung f\u00fcr Ihren Auftrag, vermeidet Abfall und sorgt f\u00fcr eine reibungslose Integration.<\/li>\n<li><strong>Anpassung der Formgebung: Geometrische Grenzen durchbrechen:\u00a0<\/strong>Unsere fortschrittliche CNC- und Laser-Reduzierungstechnologie erm\u00f6glicht es uns, Standardquadrate und -rechtecke nicht zu besch\u00e4digen. Wir k\u00f6nnen Ihre Acrylplatten in praktisch jede Form schneiden, die Sie sich vorstellen k\u00f6nnen - sanfte organische Kurven, komplexe Logos, gr\u00fcndliche k\u00fcnstlerische Muster oder jede Art von speziell geformter Zusammenfassung, die Ihr innovatives Layout erfordert. Diese F\u00e4higkeit verwandelt das Material von einer einfachen Platte in ein besonderes, renommiertes Deklarationsst\u00fcck.<\/li>\n<li><strong>Farbanpassung: Ihr Schema, Ihre Vorschriften:\u00a0<\/strong>Der schillernde, farbenfrohe Effekt ist keine Einheitsgr\u00f6\u00dfe, die f\u00fcr alle gilt. Wir k\u00f6nnen die Farbpalette auf Wunsch so anpassen, dass sie ganz dem Stil Ihres Auftrags entspricht. Ganz gleich, ob Sie einen sanften, raffinierten Verlauf, einen intensiven und lebhaften Kontrast oder eine detaillierte Farbgebung bevorzugen, die zur visuellen Identifikation Ihrer Marke oder zum Design eines Bereichs passt, wir k\u00f6nnen die Wirkung kalibrieren, um eine ideale \u00e4sthetische Einheit zu erreichen.<\/li>\n<\/ul>\n<p><a href=\"https:\/\/customacrylicproduct.com\/de\/custom-size-cut-laser-acrylic-sheets-engraving-perspex-sheet\/\"><img decoding=\"async\" class=\"aligncenter wp-image-729 size-full\" src=\"https:\/\/customacrylicproduct.com\/wp-content\/uploads\/2025\/07\/Custom-Acrylic-Sheets-2.jpg\" alt=\"Individuell zugeschnittene Acrylglasplatten\" width=\"800\" height=\"800\" srcset=\"https:\/\/customacrylicproduct.com\/wp-content\/uploads\/2025\/07\/Custom-Acrylic-Sheets-2.jpg 800w, https:\/\/customacrylicproduct.com\/wp-content\/uploads\/2025\/07\/Custom-Acrylic-Sheets-2-300x300.jpg 300w, https:\/\/customacrylicproduct.com\/wp-content\/uploads\/2025\/07\/Custom-Acrylic-Sheets-2-150x150.jpg 150w, https:\/\/customacrylicproduct.com\/wp-content\/uploads\/2025\/07\/Custom-Acrylic-Sheets-2-768x768.jpg 768w, https:\/\/customacrylicproduct.com\/wp-content\/uploads\/2025\/07\/Custom-Acrylic-Sheets-2-12x12.jpg 12w, https:\/\/customacrylicproduct.com\/wp-content\/uploads\/2025\/07\/Custom-Acrylic-Sheets-2-600x600.jpg 600w, https:\/\/customacrylicproduct.com\/wp-content\/uploads\/2025\/07\/Custom-Acrylic-Sheets-2-100x100.jpg 100w\" sizes=\"(max-width: 800px) 100vw, 800px\" \/><\/a><\/p>\n<h3 id=\"-area-4-precision-in-practice-our-cutting-edge-craft-features-\"><strong>Bereich 4: Pr\u00e4zision in der Praxis - Unser Spitzenhandwerk zeichnet sich aus\u00a0<\/strong>.<\/h3>\n<p>Der Zauber des Endprodukts liegt in der Beherrschung des Verfahrens. Wir kombinieren ausgefeilte Technik mit handwerklichem K\u00f6nnen, um jederzeit einwandfreie Ergebnisse zu erzielen.<\/p>\n<ul>\n<li><strong>Millimetergenaue Schnittgenauigkeit:\u00a0<\/strong>Wir verwenden fortschrittliche CNC-Laserwerkzeuge (Computer Numerical Control), um jeden Schnitt auszuf\u00fchren. Diese Innovation erm\u00f6glicht eine Genauigkeit im Millimeterbereich und stellt sicher, dass jeder Winkel exzellent, jede Kontur glatt und jede Form gleichm\u00e4\u00dfig und realit\u00e4tsnah zu Ihrem elektronischen Design ist.<\/li>\n<li><strong>Lang anhaltende und dynamische F\u00e4rbetechnologien:\u00a0<\/strong>Das spektakul\u00e4re farbenfrohe Ergebnis wird durch fortschrittliche Techniken wie mehrschichtige Staubsaugerveredelung und hochaufl\u00f6senden UV-Druck erzielt. Bei diesen Verfahren wird die Farbe nicht einfach nur hinzugef\u00fcgt, sondern auf molekularer Ebene mit dem Acryl verbunden. Dies f\u00fchrt zu einer au\u00dfergew\u00f6hnlichen Farbechtheit. Die leuchtenden Farbt\u00f6ne verf\u00e4rben sich nicht, l\u00f6sen sich nicht ab und werden auch durch routinem\u00e4\u00dfige Reinigung nicht beeintr\u00e4chtigt, so dass das Produkt auch nach langem Gebrauch immer noch \u201cfrisch\u201d und gro\u00dfartig aussieht.<\/li>\n<\/ul>\n<p>-.<\/p>\n<h3 id=\"-area-5-where-vision-meets-reality-versatile-application-situations-\"><strong>Bereich 5: Wo Vision auf Realit\u00e4t trifft - Vielseitige Anwendungssituationen\u00a0<\/strong>.<\/h3>\n<p>Die einzigartigen Geb\u00e4ude unserer lebendigen Acrylplatten machen sie zu einem effektiven Werkzeug f\u00fcr Designer, Architekten, K\u00fcnstler und lokale Gesch\u00e4ftsinhaber in einer Vielzahl von M\u00e4rkten.<\/p>\n<ul>\n<li><strong>F\u00fcr ansprechende Industrier\u00e4ume:\u00a0<\/strong>.<\/li>\n<li><strong>Einzelhandel und Schaufenster:\u00a0<\/strong>Nutzen Sie die schillernde, aufmerksamkeitsstarke Natur des Produkts, um au\u00dfergew\u00f6hnliche Schaufenstergestaltungen zu kreieren, die die Passanten in ihren Bann ziehen.<\/li>\n<li><strong>Veranstaltungshallen und Marken-Showrooms:\u00a0<\/strong>Bauen Sie Funktionswandfl\u00e4chen, Showpodien und Ausstellungsrequisiten, die die \u00e4sthetische Identifikation Ihres Markennamens verst\u00e4rken. Die hochwertige Anmutung des Materials verbessert schnell die Wertsch\u00e4tzung und das Design Ihres Markennamens.<\/li>\n<li><strong>F\u00fcr motivierte Wohnkultur:\u00a0<\/strong>.<\/li>\n<li><strong>K\u00fcnstlerische Akzente:\u00a0<\/strong>Erstellen Sie ein spektakul\u00e4res Mittelst\u00fcck, indem Sie eine individuell zugeschnittene Platte als Teildekoration auf einer Wandfl\u00e4che im Hintergrund des Wohnzimmers verwenden, wodurch sofort eine anspruchsvolle, fantasievolle Umgebung entsteht.<\/li>\n<li><strong>Ma\u00dfgeschneiderte M\u00f6bel:\u00a0<\/strong>Entwerfen Sie unverwechselbare Schreibtische, Tischplatten, Raumteiler und Trennw\u00e4nde, die Ihr Zuhause sowohl mit n\u00fctzlicher Funktion als auch mit atemberaubender \u00c4sthetik ausstatten.<\/li>\n<li><strong>F\u00fcr denkw\u00fcrdige kulturelle und phantasievolle Geschenke:\u00a0<\/strong>.<\/li>\n<li><strong>Kunst &amp; Ornamente:\u00a0<\/strong>Schneiden Sie die B\u00f6gen direkt zu wundersch\u00f6nen Kunstornamenten, personalisierten Schl\u00fcsselanh\u00e4ngern oder Ziergegenst\u00e4nden, die besondere, hochwertige Andenken schaffen.<\/li>\n<li><strong>Ma\u00dfgeschneiderte Fotorahmen:\u00a0<\/strong>Kombinieren Sie den spektakul\u00e4ren, lebendigen Effekt mit einem wertvollen Foto, um einen ma\u00dfgeschneiderten Rahmen zu schaffen, der ein Kunstwerk f\u00fcr sich ist und dem Gedenken eine besondere Bedeutung verleiht.<\/li>\n<\/ul>\n<p><a href=\"https:\/\/customacrylicproduct.com\/de\/custom-acrylic-sheets\/\"><img decoding=\"async\" class=\"aligncenter wp-image-731 size-full\" src=\"https:\/\/customacrylicproduct.com\/wp-content\/uploads\/2025\/07\/Custom-Acrylic-Sheets-4.jpg\" alt=\"Individuell zugeschnittene Acrylglasplatten\" width=\"800\" height=\"800\" srcset=\"https:\/\/customacrylicproduct.com\/wp-content\/uploads\/2025\/07\/Custom-Acrylic-Sheets-4.jpg 800w, https:\/\/customacrylicproduct.com\/wp-content\/uploads\/2025\/07\/Custom-Acrylic-Sheets-4-300x300.jpg 300w, https:\/\/customacrylicproduct.com\/wp-content\/uploads\/2025\/07\/Custom-Acrylic-Sheets-4-150x150.jpg 150w, https:\/\/customacrylicproduct.com\/wp-content\/uploads\/2025\/07\/Custom-Acrylic-Sheets-4-768x768.jpg 768w, https:\/\/customacrylicproduct.com\/wp-content\/uploads\/2025\/07\/Custom-Acrylic-Sheets-4-12x12.jpg 12w, https:\/\/customacrylicproduct.com\/wp-content\/uploads\/2025\/07\/Custom-Acrylic-Sheets-4-600x600.jpg 600w, https:\/\/customacrylicproduct.com\/wp-content\/uploads\/2025\/07\/Custom-Acrylic-Sheets-4-100x100.jpg 100w\" sizes=\"(max-width: 800px) 100vw, 800px\" \/><\/a><\/p>\n<h3 id=\"-section-6-the-substantial-advantage-the-practical-worth-of-our-polymer-\"><strong>Abschnitt 6: Der substanzielle Vorteil - Der praktische Wert unseres Polymers\u00a0<\/strong>.<\/h3>\n<p>Neben seiner Eleganz bietet unser ma\u00dfgefertigtes Acryl einen konkreten, realen Wert.<\/p>\n<ul>\n<li><strong>Leistungsstarkes visuelles Marketing:\u00a0<\/strong>In der \u00fcberf\u00fcllten Gesch\u00e4ftswelt von heute ist Aufmerksamkeit eine W\u00e4hrung. Die ausgepr\u00e4gten, lebendigen Eigenschaften unseres Acryls wirken wie ein \u00e4sthetischer Magnet, der die Aufmerksamkeit der Verbraucher sofort auf sich zieht und Ihre Marke, Ihr Produkt oder Ihre Botschaft aus der Masse hervorhebt, was ihre Kommunikationskraft erheblich steigert.<\/li>\n<li><strong>Dynamischer Bereich Empowerment:\u00a0<\/strong>Ob zu Hause, im B\u00fcro oder im Freundeskreis - unsere Acrylglasplatten st\u00f6ren die Gleichf\u00f6rmigkeit herk\u00f6mmlicher Materialien. Sie spielen mit Schatten, Licht und Schatten, um ein einzigartiges, lebendiges Ambiente zu schaffen, das jedem Bereich Leben und Kraft verleiht.<\/li>\n<li><strong>Unverw\u00fcstliche, sorgenfreie Langlebigkeit:\u00a0<\/strong>Polymer ist von Natur aus verschlei\u00dffest und \u00e4u\u00dferst pflegeleicht. Ein einfaches Abwischen mit einem weichen Tuch reicht aus, um es sauber zu halten. Dank seiner Robustheit und seiner Widerstandsf\u00e4higkeit gegen Ausbleichen wird er sein pr\u00e4chtiges Aussehen und seine physikalischen Eigenschaften in Wohn- und Gesch\u00e4ftsr\u00e4umen langfristig beibehalten, wodurch sich die Wartungskosten und -probleme drastisch verringern.<\/li>\n<\/ul>\n<p><strong>Ihre Vision hat ein Recht auf ein Produkt, das mithalten kann. H\u00f6ren Sie auf zu z\u00f6gern und beginnen Sie zu entwickeln. Rufen Sie uns noch heute an, um Ihr Projekt zu besprechen, ver\u00f6ffentlichen Sie Ihren Entwurf und lassen Sie uns die komplett zugeschnittenen, wunderbar get\u00f6nten Acrylplatten liefern, die Ihre Idee sicherlich zum Leben erwecken werden.\u00a0<\/strong>.<\/p>","protected":false},"excerpt":{"rendered":"<p>Ben\u00f6tigen Sie individuelle Acryl- oder Plexiglasplatten? Wir bieten Pr\u00e4zisions-Laserschneiden in jeder Gr\u00f6\u00dfe und detaillierte Gravuren f\u00fcr Logos, Texte und Muster. Das perfekte Material f\u00fcr Hersteller, Designer und Unternehmen, die Schilder, Displays und Auszeichnungen herstellen. Fordern Sie ein Angebot f\u00fcr Ihr Projekt an und erleben Sie unseren schnellen, zuverl\u00e4ssigen Service!<\/p>","protected":false},"featured_media":732,"template":"","meta":{"_kad_post_transparent":"default","_kad_post_title":"","_kad_post_layout":"default","_kad_post_sidebar_id":"","_kad_post_content_style":"default","_kad_post_vertical_padding":"default","_kad_post_feature":"","_kad_post_feature_position":"","_kad_post_header":false,"_kad_post_footer":false,"_kad_post_classname":""},"product_brand":[],"product_cat":[24],"product_tag":[74,75,73],"class_list":{"0":"post-728","1":"product","2":"type-product","3":"status-publish","4":"has-post-thumbnail","6":"product_cat-custom-acrylic-sheets","7":"product_tag-custom-acrylic-sheets","8":"product_tag-custom-cut-acrylic-sheets","9":"product_tag-laser-acrylic-sheets","11":"first","12":"instock","13":"shipping-taxable","14":"product-type-simple","15":"entry","16":"content-bg","17":"loop-entry"},"_links":{"self":[{"href":"https:\/\/customacrylicproduct.com\/de\/wp-json\/wp\/v2\/product\/728","targetHints":{"allow":["GET"]}}],"collection":[{"href":"https:\/\/customacrylicproduct.com\/de\/wp-json\/wp\/v2\/product"}],"about":[{"href":"https:\/\/customacrylicproduct.com\/de\/wp-json\/wp\/v2\/types\/product"}],"wp:featuredmedia":[{"embeddable":true,"href":"https:\/\/customacrylicproduct.com\/de\/wp-json\/wp\/v2\/media\/732"}],"wp:attachment":[{"href":"https:\/\/customacrylicproduct.com\/de\/wp-json\/wp\/v2\/media?parent=728"}],"wp:term":[{"taxonomy":"product_brand","embeddable":true,"href":"https:\/\/customacrylicproduct.com\/de\/wp-json\/wp\/v2\/product_brand?post=728"},{"taxonomy":"product_cat","embeddable":true,"href":"https:\/\/customacrylicproduct.com\/de\/wp-json\/wp\/v2\/product_cat?post=728"},{"taxonomy":"product_tag","embeddable":true,"href":"https:\/\/customacrylicproduct.com\/de\/wp-json\/wp\/v2\/product_tag?post=728"}],"curies":[{"name":"wp","href":"https:\/\/api.w.org\/{rel}","templated":true}]}}