{"id":733,"date":"2025-07-07T13:20:48","date_gmt":"2025-07-07T13:20:48","guid":{"rendered":"https:\/\/customacrylicproduct.com\/?post_type=product&#038;p=733"},"modified":"2025-07-07T13:37:33","modified_gmt":"2025-07-07T13:37:33","slug":"custom-acrylic-puzzles-piece-waterproof-puzzle-photo-jigsaws","status":"publish","type":"product","link":"https:\/\/customacrylicproduct.com\/de\/custom-acrylic-puzzles-piece-waterproof-puzzle-photo-jigsaws\/","title":{"rendered":"Benutzerdefinierte Acryl Puzzles St\u00fcck wasserdicht Puzzle Foto Puzzles\u00e4cke"},"content":{"rendered":"<h3 id=\"-title-beyond-the-frame-the-memorable-custom-made-polymer-image-challenge-waterproof-personal-and-made-to-last-\"><strong>Titel: Jenseits des Rahmens: Die unvergessliche Custom-made Polymer Image Challenge - wasserfest, pers\u00f6nlich und langlebig\u00a0<\/strong>.<\/h3>\n<p>Im Zeitalter der kurzlebigen Digitalfotos und des Wegwerf-Home-Entertainments sehnen wir uns nach konkreten, aussagekr\u00e4ftigen und dauerhaften Dingen. Wir machen unz\u00e4hlige Fotos, aber wie viele davon sind wirklich von Dauer? Wir kaufen Puzzles f\u00fcr einen Moment des Vergn\u00fcgens, nur damit sie sich biegen, ausfransen oder durch ein einziges unerwartetes Versch\u00fctten versaut werden. Eine liebgewonnene Erinnerung verdient ein viel besseres Zuhause, und eine gemeinsame Aktivit\u00e4t sollte viel widerstandsf\u00e4higer sein.<\/p>\n<p>Stellen Sie sich ein Puzzle vor, das nicht nur einen Moment einf\u00e4ngt, sondern ihn auch in gl\u00e4nzender, wasserfester Qualit\u00e4t bewahrt. Stellen Sie sich ein Geschenk vor, das nicht nur sehr individuell ist, sondern auch ein interaktives Erlebnis. Stellen Sie sich ein Andenken vor, das Sie ein Leben lang genie\u00dfen, ausstellen und erleben k\u00f6nnen.<\/p>\n<p>Wir sind stolz darauf, die Zukunft der Puzzles zu pr\u00e4sentieren: das\u00a0<a href=\"https:\/\/customacrylicproduct.com\/de\/custom-acrylic-puzzles-piece-waterproof-puzzle-photo-jigsaws\/\"><strong>Custom Polymer Image Herausforderung\u00a0<\/strong><\/a>. Hier treffen Ihre wertvollsten Erinnerungen auf moderne wissenschaftliche Produktforschung. Indem wir Ihre pers\u00f6nlichen Bilder in ein dauerhaftes, lebendiges und v\u00f6llig wasserfestes Puzzle verwandeln, bieten wir mehr als nur einen Gegenstand; wir bieten eine ganz neue Art, mit Ihren Erinnerungen in Kontakt zu treten, dauerhafte Kunst zu schaffen und ein absolut bemerkenswertes Geschenk zu machen.<\/p>\n<h3 id=\"-section-1-the-product-transformation-engineered-for-infinity-with-waterproof-acrylic-\"><strong>Abschnitt 1: Die Produkttransformation - Entwickelt f\u00fcr die Unendlichkeit mit wasserfestem Acrylglas\u00a0<\/strong>.<\/h3>\n<p>Das Herzst\u00fcck unserer Herausforderung liegt in ihrem innovativen Material. Wir haben zerbrechliches Papier und sperriges Holz hinter uns gelassen, um unsere Puzzles aus einem speziell optimierten, hochwertigen Acrylglas (Plexiglas) herzustellen, das aufgrund seiner unvergleichlichen Widerstandsf\u00e4higkeit und seiner gro\u00dfartigen \u00e4sthetischen Wohneigenschaften ausgew\u00e4hlt wurde.<\/p>\n<ul>\n<li><strong>Die ultimative wasserdichte und feuchtigkeitsbest\u00e4ndige Option:\u00a0<\/strong>Dies ist die Eigenschaft, die alles ver\u00e4ndert. Unser Acryl ist von Natur aus wasserfest. Das hei\u00dft, es ist unempfindlich gegen Versch\u00fctten, Feuchtigkeit und N\u00e4sse. Unbeabsichtigt ein Glas Wasser umgesto\u00dfen? Kein Problem. Sie m\u00f6chten ein Problem in einer feuchten Umgebung oder vielleicht in einem K\u00fcchenbereich oder Badezimmer l\u00f6sen? Gehen Sie gleich im Voraus. Im Gegensatz zu herk\u00f6mmlichen Papierproblemen, die sich verziehen, abbl\u00e4ttern und bei Kontakt mit Fl\u00fcssigkeit sofort besch\u00e4digt werden, bleiben unsere Acrylpuzzle v\u00f6llig unbeeinflusst. Diese Besonderheit macht das Produkt von einer heiklen Freizeitbesch\u00e4ftigung zu einer robusten, sorgenfreien Aktivit\u00e4t, die seine Langlebigkeit und Verwendbarkeit drastisch erh\u00f6ht.<\/li>\n<li><strong>Konstruiert f\u00fcr eine lebenslange Zufriedenheit:\u00a0<\/strong>Die Widerstandsf\u00e4higkeit geht \u00fcber die Wasserfestigkeit hinaus. Das Acrylmaterial ist steif und unempfindlich gegen\u00fcber Biegung, Rissbildung oder Verformung im Laufe der Zeit. Jedes St\u00fcck ist so gefertigt, dass es mehrfach montiert und demontiert werden kann, ohne dass die Laschen rei\u00dfen oder das Bild sich l\u00f6st. Es handelt sich um einen Gegenstand, der nicht f\u00fcr den einmaligen Gebrauch, sondern f\u00fcr Generationen der Freude gedacht ist.<\/li>\n<\/ul>\n<p><a href=\"https:\/\/customacrylicproduct.com\/de\/custom-acrylic-puzzles-piece-waterproof-puzzle-photo-jigsaws\/\"><img fetchpriority=\"high\" decoding=\"async\" class=\"wp-image-735 size-full aligncenter\" src=\"https:\/\/customacrylicproduct.com\/wp-content\/uploads\/2025\/07\/Custom-Acrylic-Puzzles-2.jpg\" alt=\"Individuelle Acryl-Puzzles\" width=\"800\" height=\"800\" srcset=\"https:\/\/customacrylicproduct.com\/wp-content\/uploads\/2025\/07\/Custom-Acrylic-Puzzles-2.jpg 800w, https:\/\/customacrylicproduct.com\/wp-content\/uploads\/2025\/07\/Custom-Acrylic-Puzzles-2-300x300.jpg 300w, https:\/\/customacrylicproduct.com\/wp-content\/uploads\/2025\/07\/Custom-Acrylic-Puzzles-2-150x150.jpg 150w, https:\/\/customacrylicproduct.com\/wp-content\/uploads\/2025\/07\/Custom-Acrylic-Puzzles-2-768x768.jpg 768w, https:\/\/customacrylicproduct.com\/wp-content\/uploads\/2025\/07\/Custom-Acrylic-Puzzles-2-12x12.jpg 12w, https:\/\/customacrylicproduct.com\/wp-content\/uploads\/2025\/07\/Custom-Acrylic-Puzzles-2-600x600.jpg 600w, https:\/\/customacrylicproduct.com\/wp-content\/uploads\/2025\/07\/Custom-Acrylic-Puzzles-2-100x100.jpg 100w\" sizes=\"(max-width: 800px) 100vw, 800px\" \/><\/a><\/p>\n<h3 id=\"-area-2-the-heart-of-the-matter-your-story-piece-by-piece-with-endless-personalization-\"><strong>Bereich 2: Der Kern der Sache - Ihre Geschichte, St\u00fcck f\u00fcr St\u00fcck, mit endloser Personalisierung\u00a0<\/strong>.<\/h3>\n<p>Das ist der Punkt, an dem die Herausforderung zu Ihrer ganz pers\u00f6nlichen wird. Unsere Hauptaufgabe ist es, Ihnen eine Leinwand f\u00fcr Ihre Kreativit\u00e4t und Liebe zu bieten. Unsere Plattform unterst\u00fctzt die volldimensionale Anpassung, um ein einfaches Problem in ein zutiefst individuelles Artefakt zu verwandeln.<\/p>\n<ul>\n<li><strong>Ihre Fotos, Ihre Kunst, Ihre Worte:\u00a0<\/strong>.<\/li>\n<li><strong>Fotografien:\u00a0<\/strong>Ver\u00f6ffentlichen Sie Ihre wertvollsten Bilder - ein spektakul\u00e4res Haushaltsfoto, eine ehrliche Aufnahme Ihres geliebten Haustiers, eine atemberaubende Landschaft aus einem unvergesslichen Urlaub oder ein bezauberndes Bild von Ihrer Hochzeit.<\/li>\n<li><strong>Muster:\u00a0<\/strong>F\u00fcr Musiker, Entwickler und Marken k\u00f6nnen wir jede Art von Muster nachbilden, von ausgekl\u00fcgelten, fantasievollen Designs und Anime-Pers\u00f6nlichkeiten von Jugendlichen bis hin zu innovativen Firmen-Brandings und -Logos.<\/li>\n<li><strong>Text:\u00a0<\/strong>Verleihen Sie dem Bild einen letzten, echten Touch. \u00dcberlagern Sie das Bild mit einer besonderen Nachricht, einem Gedenkdatum, einem aussagekr\u00e4ftigen Zitat oder einem einfachen \u201cHerzlichen Gl\u00fcckwunsch zum Geburtstag\u201d.<\/li>\n<li><strong>Hochmoderner Druck f\u00fcr makellose Reproduktionen:\u00a0<\/strong>Wir verwenden eine innovative, hochaufl\u00f6sende Drucktechnologie, um Ihr Bild direkt auf das Acrylglas zu \u00fcbertragen. Dieses Verfahren garantiert, dass jede Information mit spektakul\u00e4rer Klarheit erfasst wird, dass Schattierungen mit umwerfender Lebendigkeit wiedergegeben werden und dass das letzte Bild scharf, klar und originalgetreu ist.<\/li>\n<li><strong>Ma\u00dfgeschneidert auf Ihr gew\u00fcnschtes Erlebnis:\u00a0<\/strong>Die Ver\u00e4nderung h\u00f6rt nicht mit dem Bild auf. Sie regeln den Schwierigkeitsgrad und die Reichweite.<\/li>\n<li><strong>Gegenstand Materie &amp; Dimension:\u00a0<\/strong>Wir k\u00f6nnen Herausforderungen entwickeln, die jede Anforderung erf\u00fcllen. W\u00e4hlen Sie eine kleine Anzahl gro\u00dfer, leicht zu handhabender Teile f\u00fcr das erste Lernspielzeug eines Kindes, ein einfaches Problem mit 500 Teilen f\u00fcr eine entspannende Hausarbeit oder ein schwieriges Kunstwerk mit mehr als 1000 Teilen f\u00fcr den hingebungsvollen erwachsenen Liebhaber. Die allgemeinen Dimensionen der Herausforderung sind zus\u00e4tzlich vollst\u00e4ndig anpassbar, um Ihren Raum und Ihre Vision zu erf\u00fcllen.<\/li>\n<\/ul>\n<p><a href=\"https:\/\/customacrylicproduct.com\/de\/custom-acrylic-puzzles-piece-waterproof-puzzle-photo-jigsaws\/\"><img decoding=\"async\" class=\"aligncenter wp-image-736 size-full\" src=\"https:\/\/customacrylicproduct.com\/wp-content\/uploads\/2025\/07\/Custom-Acrylic-Puzzles-3.jpg\" alt=\"Individuelle Acryl-Puzzles\" width=\"800\" height=\"800\" srcset=\"https:\/\/customacrylicproduct.com\/wp-content\/uploads\/2025\/07\/Custom-Acrylic-Puzzles-3.jpg 800w, https:\/\/customacrylicproduct.com\/wp-content\/uploads\/2025\/07\/Custom-Acrylic-Puzzles-3-300x300.jpg 300w, https:\/\/customacrylicproduct.com\/wp-content\/uploads\/2025\/07\/Custom-Acrylic-Puzzles-3-150x150.jpg 150w, https:\/\/customacrylicproduct.com\/wp-content\/uploads\/2025\/07\/Custom-Acrylic-Puzzles-3-768x768.jpg 768w, https:\/\/customacrylicproduct.com\/wp-content\/uploads\/2025\/07\/Custom-Acrylic-Puzzles-3-12x12.jpg 12w, https:\/\/customacrylicproduct.com\/wp-content\/uploads\/2025\/07\/Custom-Acrylic-Puzzles-3-600x600.jpg 600w, https:\/\/customacrylicproduct.com\/wp-content\/uploads\/2025\/07\/Custom-Acrylic-Puzzles-3-100x100.jpg 100w\" sizes=\"(max-width: 800px) 100vw, 800px\" \/><\/a><\/p>\n<h3 id=\"-area-3-a-banquet-for-the-eyes-and-hands-the-visual-and-responsive-experience-\"><strong>Bereich 3: Ein Festmahl f\u00fcr Augen und H\u00e4nde - Das visuelle und reaktive Erlebnis\u00a0<\/strong>.<\/h3>\n<p>Ein exzellentes Problem besch\u00e4ftigt mehr als nur den Verstand; es erfreut die Sinne. Wir haben jede Facette unserer Probleme sorgf\u00e4ltig entwickelt, um ein erstklassiges Erlebnis zu bieten, sobald Sie das Paket \u00f6ffnen.<\/p>\n<ul>\n<li><strong>Ein gl\u00e4nzender Auftritt:\u00a0<\/strong>Der starke Lichtdurchgang von Polymer verleiht dem Problem eine leuchtende, nahezu dreidimensionale Qualit\u00e4t. Das gedruckte Muster erscheint bemerkenswert brillant und umfassend, als ob es von innen beleuchtet w\u00fcrde. Vollst\u00e4ndig zusammengesetzt hat das Problem eine nahtlose, klare Struktur, die es zu einem pr\u00e4chtigen, dekorativen Gegenstand macht, der gezeigt und bewundert werden kann.<\/li>\n<li><strong>Die perfekte Passform und Ausf\u00fchrung:\u00a0<\/strong>Jedes Puzzleteil wird mit Hilfe modernster Lasertechnologie pr\u00e4zisionsgeschnitten. Dies sorgt f\u00fcr saubere Linien und eine hervorragende Verriegelung, die ein befriedigendes \u201cSchnappen\u201d erzeugt, wenn Sie die Teile verbinden. Die Seiten sind danach sorgf\u00e4ltig gegl\u00e4ttet, um makellos glatt und gratfrei zu sein, was nicht nur zum Kostengef\u00fchl beitr\u00e4gt, sondern das Puzzle auch sicher und bequem zu handhaben macht, auch f\u00fcr kleine Kinder.<\/li>\n<li><strong>Eine unvergleichliche Erfahrung beim Splei\u00dfen:\u00a0<\/strong>Die Teile sind relativ hart, was ihnen ein befriedigendes, hochwertiges Gef\u00fchl verleiht, aber sie sind wesentlich leichter als Holzpuzzleteile, so dass sie sehr leicht zu greifen und zu man\u00f6vrieren sind. Das Markenzeichen, die Wasserdichtigkeit, sorgt f\u00fcr eine un\u00fcbertroffene Anpassungsf\u00e4higkeit an den Ort, an dem Sie puzzeln. Genie\u00dfen Sie eine Familienaktivit\u00e4t auf dem Fu\u00dfboden, ein Solo-Hindernis auf Ihrem Desktop-Computer, oder nehmen Sie es mit auf die Terrasse oder ins Badezimmer. Sollte w\u00e4hrend des Spiels Wasser oder ein Getr\u00e4nk versch\u00fcttet werden, kann es einfach mit einem feuchten Tuch gereinigt werden, ohne dass das Foto oder das Puzzle selbst Schaden nehmen.<\/li>\n<\/ul>\n<h3 id=\"-area-4-from-playtime-to-valuable-a-puzzle-for-each-circumstance-\"><strong>Bereich 4: Von der Spielzeit zum Wert - ein Puzzle f\u00fcr jede Situation\u00a0<\/strong>.<\/h3>\n<p>Die ausgepr\u00e4gte Mischung aus Personalisierung und Widerstandsf\u00e4higkeit macht unsere <a href=\"https:\/\/customacrylicproduct.com\/de\/custom-acrylic-puzzles-piece-waterproof-puzzle-photo-jigsaws\/\">Acrylpuzzle<\/a> unglaublich flexibel und passt perfekt zu den verschiedensten Momenten des Lebens.<\/p>\n<ul>\n<li><strong>F\u00fcr exquisite Heimdekoration:\u00a0<\/strong>Kompensieren Sie eine Herausforderung mit einem wundersch\u00f6nen Familienfoto. Die gl\u00e4nzende Oberfl\u00e4che und die hohe Qualit\u00e4t des Puzzles machen es zu einem idealen Kunstwerk, wenn es fertig ist. Montieren Sie es und h\u00e4ngen Sie es in Ihrem Wohn- oder Schlafzimmer auf. So wird es zu mehr als nur einem Bild; es ist ein Preis f\u00fcr einen gemeinsamen Erfolg und eine sch\u00f6ne, festliche Dekoration.<\/li>\n<li><strong>F\u00fcr fesselndes Kinderspielzeug:\u00a0<\/strong>Gestalten Sie ein Puzzle f\u00fcr Ihr Kind, das seine bevorzugte Zeichentrickfigur oder ein lustiges, akademisches Foto enth\u00e4lt. Mit seinen gro\u00dfen, leicht zu greifenden Teilen und seiner absolut wasserfesten Beschaffenheit ist es ein hervorragendes Spielzeug f\u00fcr das Spielen im Waschraum oder am K\u00fcchentisch. Es ist eine unterhaltsame, interaktive Methode, um analytische F\u00e4higkeiten zu entwickeln, und Sie m\u00fcssen sich nie Sorgen machen, dass es kaputt geht.<\/li>\n<li><strong>F\u00fcr das perfekte personalisierte Geschenk:\u00a0<\/strong>Sie suchen ein au\u00dfergew\u00f6hnliches Geschenk zum Geburtstag, Jahrestag oder f\u00fcr den Urlaub? Eine exklusive Acryl-Herausforderung ist die L\u00f6sung. Es ist durchdacht, fantasievoll und bietet dem Empf\u00e4nger ein interaktives Erlebnis. Sie verschenken nicht nur einen Gegenstand, sondern eine lustige Aufgabe und eine bleibende Erinnerung in einem attraktiven Paket.<\/li>\n<li><strong>F\u00fcr innovative kommerzielle Werbung:\u00a0<\/strong>F\u00fcr Unternehmen ist ein ma\u00dfgeschneidertes Problem, das mit Ihrem Markenlogo oder einem Werbebild ver\u00f6ffentlicht wird, ein hervorragendes Marketinginstrument. Verschenken Sie sie bei Veranstaltungen oder als Andenken an Ihre Kunden. Im Gegensatz zu einem Kugelschreiber oder einem Flugblatt ist eine Aufgabe eine interaktive Sache, die eine Beteiligung erfordert und eine viel st\u00e4rkere und bemerkenswertere Verbindung zu Ihrer Marke herstellt.<\/li>\n<\/ul>\n<p><a href=\"https:\/\/customacrylicproduct.com\/de\/custom-acrylic-crafts\/\"><img decoding=\"async\" class=\"aligncenter wp-image-734 size-full\" src=\"https:\/\/customacrylicproduct.com\/wp-content\/uploads\/2025\/07\/Custom-Acrylic-Puzzles-1.jpg\" alt=\"Individuelle Acryl-Puzzles\" width=\"800\" height=\"800\" srcset=\"https:\/\/customacrylicproduct.com\/wp-content\/uploads\/2025\/07\/Custom-Acrylic-Puzzles-1.jpg 800w, https:\/\/customacrylicproduct.com\/wp-content\/uploads\/2025\/07\/Custom-Acrylic-Puzzles-1-300x300.jpg 300w, https:\/\/customacrylicproduct.com\/wp-content\/uploads\/2025\/07\/Custom-Acrylic-Puzzles-1-150x150.jpg 150w, https:\/\/customacrylicproduct.com\/wp-content\/uploads\/2025\/07\/Custom-Acrylic-Puzzles-1-768x768.jpg 768w, https:\/\/customacrylicproduct.com\/wp-content\/uploads\/2025\/07\/Custom-Acrylic-Puzzles-1-12x12.jpg 12w, https:\/\/customacrylicproduct.com\/wp-content\/uploads\/2025\/07\/Custom-Acrylic-Puzzles-1-600x600.jpg 600w, https:\/\/customacrylicproduct.com\/wp-content\/uploads\/2025\/07\/Custom-Acrylic-Puzzles-1-100x100.jpg 100w\" sizes=\"(max-width: 800px) 100vw, 800px\" \/><\/a><\/p>\n<h3 id=\"-area-5-beyond-the-puzzle-the-added-value-of-a-premium-experience-\"><strong>Bereich 5: Jenseits des Puzzles - Der Mehrwert eines Premium-Erlebnisses\u00a0<\/strong>.<\/h3>\n<p>Unser Team ist der Meinung, dass ein erstklassiges Produkt von Anfang bis Ende ein Kostenerlebnis verdient.<\/p>\n<ul>\n<li><strong>Personalisierte Produktverpackung:\u00a0<\/strong>Werten Sie Ihr Geschenk auf, indem Sie sich f\u00fcr unsere ma\u00dfgeschneiderte Verpackung entscheiden. Wir k\u00f6nnen eine sch\u00f6ne, stabile Geschenkbox mit demselben Foto wie das Puzzle gestalten und so eine stimmige und hochwertige Pr\u00e4sentation schaffen, die vom ersten Blick an begeistert.<\/li>\n<li><strong>Hilfreiche Zusatzausr\u00fcstung:\u00a0<\/strong>Um die Arbeit f\u00fcr alle Schwierigkeitsgrade angenehm zu gestalten, gibt es einige Zubeh\u00f6rteile, wie z. B. ein Empfehlungsbild in Originalgr\u00f6\u00dfe, das Sie anleitet, oder eine Positionierungstafel, die Ihnen bei der Organisation der Elemente hilft.<\/li>\n<li><strong>Die Gegenwart der Wiederspielbarkeit:\u00a0<\/strong>Die herausragende Robustheit des Acrylprodukts bedeutet, dass man sich immer wieder an der Herausforderung erfreuen kann. Es kann sich um eine Haushalts\u00fcbung handeln, die in jedem Urlaub ausgetragen wird, oder um ein pers\u00f6nliches Hindernis, das immer wieder \u00fcberwunden werden muss. Es ist so konzipiert, dass es \u00fcber einen l\u00e4ngeren Zeitraum hinweg unbeschadet aufbewahrt werden kann und so zu einem feierlichen Erinnerungsst\u00fcck wird, das man immer wieder physisch erleben kann.<\/li>\n<\/ul>\n<p><strong>H\u00f6ren Sie auf, Ihre sch\u00f6nsten Erinnerungen auf einem Bildschirm verblassen zu lassen. H\u00f6ren Sie auf, sich \u00fcber empfindliche Wegwerfaktivit\u00e4ten zu \u00e4rgern. Es ist an der Zeit, Ihre Bilder direkt in ein greifbares, beeindruckendes und interaktives Kunstwerk zu verwandeln, das sicherlich ein Leben lang halten wird. Gestalten Sie noch heute Ihr ma\u00dfgeschneidertes Acrylbild und halten Sie die wichtigsten Momente fest.\u00a0<\/strong>.<\/p>","protected":false},"excerpt":{"rendered":"<p>Verwandeln Sie Ihr Lieblingsfoto in ein wundersch\u00f6nes, individuelles Acrylpuzzle! Unsere wasserfesten Fotopuzzles sind aus haltbarem, hochwertigem Acryl gefertigt, das sie zu einem dauerhaften Andenken macht. Sie sind das perfekte pers\u00f6nliche Geschenk f\u00fcr Hochzeiten, Jahrestage oder andere besondere Anl\u00e4sse. Eine einzigartige M\u00f6glichkeit, Ihre Erinnerungen zu bewahren!<\/p>","protected":false},"featured_media":738,"template":"","meta":{"_kad_post_transparent":"default","_kad_post_title":"","_kad_post_layout":"default","_kad_post_sidebar_id":"","_kad_post_content_style":"default","_kad_post_vertical_padding":"default","_kad_post_feature":"","_kad_post_feature_position":"","_kad_post_header":false,"_kad_post_footer":false,"_kad_post_classname":""},"product_brand":[],"product_cat":[20],"product_tag":[77,65,76],"class_list":{"0":"post-733","1":"product","2":"type-product","3":"status-publish","4":"has-post-thumbnail","6":"product_cat-custom-acrylic-crafts","7":"product_tag-acrylic-puzzles","8":"product_tag-custom-acrylic-crafts","9":"product_tag-custom-acrylic-puzzles","11":"first","12":"instock","13":"shipping-taxable","14":"product-type-simple","15":"entry","16":"content-bg","17":"loop-entry"},"_links":{"self":[{"href":"https:\/\/customacrylicproduct.com\/de\/wp-json\/wp\/v2\/product\/733","targetHints":{"allow":["GET"]}}],"collection":[{"href":"https:\/\/customacrylicproduct.com\/de\/wp-json\/wp\/v2\/product"}],"about":[{"href":"https:\/\/customacrylicproduct.com\/de\/wp-json\/wp\/v2\/types\/product"}],"wp:featuredmedia":[{"embeddable":true,"href":"https:\/\/customacrylicproduct.com\/de\/wp-json\/wp\/v2\/media\/738"}],"wp:attachment":[{"href":"https:\/\/customacrylicproduct.com\/de\/wp-json\/wp\/v2\/media?parent=733"}],"wp:term":[{"taxonomy":"product_brand","embeddable":true,"href":"https:\/\/customacrylicproduct.com\/de\/wp-json\/wp\/v2\/product_brand?post=733"},{"taxonomy":"product_cat","embeddable":true,"href":"https:\/\/customacrylicproduct.com\/de\/wp-json\/wp\/v2\/product_cat?post=733"},{"taxonomy":"product_tag","embeddable":true,"href":"https:\/\/customacrylicproduct.com\/de\/wp-json\/wp\/v2\/product_tag?post=733"}],"curies":[{"name":"wp","href":"https:\/\/api.w.org\/{rel}","templated":true}]}}