{"id":739,"date":"2025-07-08T03:47:34","date_gmt":"2025-07-08T03:47:34","guid":{"rendered":"https:\/\/customacrylicproduct.com\/?post_type=product&#038;p=739"},"modified":"2025-07-08T03:53:56","modified_gmt":"2025-07-08T03:53:56","slug":"colored-transparent-extruded-acrylic-square-rods-suppliers","status":"publish","type":"product","link":"https:\/\/customacrylicproduct.com\/de\/colored-transparent-extruded-acrylic-square-rods-suppliers\/","title":{"rendered":"Farbige transparente extrudierte Acryl-Vierkantstangen Lieferanten"},"content":{"rendered":"<h3 id=\"-raise-your-layouts-with-costs-colored-transparent-extruded-acrylic-square-rods-\"><strong>Erh\u00f6hen Sie Ihre Layouts mit kostenpflichtigen, transparenten, extrudierten Acryl-Vierkantst\u00e4ben\u00a0<\/strong>.<\/h3>\n<p>Laden Sie ein zur ersten Adresse f\u00fcr Designer, Architekten, Macher und Kreative, die die ideale Mischung aus visuellem Glanz und n\u00fctzlichem Durchhalteverm\u00f6gen suchen. Unser farbiges Transparent <a href=\"https:\/\/customacrylicproduct.com\/de\/colored-transparent-extruded-acrylic-square-rods-suppliers\/\">Extrudierte Polymer-Vierkantstangen<\/a> sind mehr als nur ein Produkt; sie sind ein Einstieg in die Entwicklung und bieten eine lebendige Palette von M\u00f6glichkeiten, die nur durch Ihre Kreativit\u00e4t begrenzt sind. Diese Stangen, die die juwelenartige Qualit\u00e4t von Glas mit bemerkenswerter Langlebigkeit und Anpassungsf\u00e4higkeit verbinden, sind so gestaltet, dass sie Ihre ehrgeizigsten Projekte zum Leben erwecken, von sensationellen Geb\u00e4udeaufbauten bis hin zu auff\u00e4lligen Einzelhandelsauslagen und detaillierten Handwerksarbeiten.<\/p>\n<p>Entdecken Sie, wie unser Engagement f\u00fcr hohe Qualit\u00e4t, eine umfangreiche Farbpalette und ein wirtschaftliches Produktionsverfahren unsere <a href=\"https:\/\/customacrylicproduct.com\/de\/colored-transparent-extruded-acrylic-square-rods-suppliers\/\">Acryl-Vierkantstangen<\/a> die eindeutige Option f\u00fcr Fachleute und Hobbyisten gleicherma\u00dfen.<\/p>\n<h3 id=\"-thorough-description-the-unrivaled-advantage-of-extruded-acrylic-\"><strong>Gr\u00fcndliche Beschreibung: Der un\u00fcbertroffene Vorteil von extrudiertem Acrylglas\u00a0<\/strong>.<\/h3>\n<p>Unsere quadratischen Stangen werden in einem hochmodernen Extrusionsverfahren hergestellt. Bei dieser Technik wird verfl\u00fcssigtes Acrylpolymer durch eine pr\u00e4zisionsgefertigte, quadratische D\u00fcse gepresst, was zu einem Produkt mit hervorragender Formsicherheit, einer perfekten Oberfl\u00e4chenbeschichtung und einer konstanten Schattenzirkulation von Ende zu Ende f\u00fchrt. Dieses Verfahren ist nicht nur hocheffizient und damit wirtschaftlich, sondern verleiht dem Produkt auch eine Reihe von besonderen Eigenschaften, die es auszeichnen.<\/p>\n<p><strong>1. Hohe Sto\u00dffestigkeit: Z\u00e4higkeit, auf die Sie z\u00e4hlen k\u00f6nnen\u00a0<\/strong>.<\/p>\n<p>Bei Anwendungen, bei denen Sicherheit und Langlebigkeit von entscheidender Bedeutung sind, bieten unsere extrudierten Acryl-Vierkantst\u00e4be eine un\u00fcbertroffene Effizienz. Mit\u00a0<strong>mehr als das 10-fache der Wirkungsst\u00e4rke eines gleichwertigen Glasartikels\u00a0<\/strong>, Acryl ist bemerkenswert bruchfest. Diese Widerstandsf\u00e4higkeit macht es zum optimalen Produkt f\u00fcr den Einsatz in \u00f6ffentlichen R\u00e4umen, stark frequentierten Industriebereichen und Privathaushalten.<\/p>\n<ul>\n<li><strong>Sicherheit geht vor:\u00a0<\/strong>Ein heruntergefallenes Schild, ein angesto\u00dfener Bildschirm im Einzelhandel oder eine Treppenspindel in einem hektischen Haus halten Rissen und Splittern stand, wodurch die Verletzungsgefahr durch besch\u00e4digtes Glas drastisch verringert wird. Dies gibt Bauherren und Endnutzern ein beruhigendes Gef\u00fchl der Sicherheit.<\/li>\n<li><strong>Unverw\u00fcstliche Unverw\u00fcstlichkeit:\u00a0<\/strong>Die strapazierf\u00e4higen Eigenschaften unserer Acrylstangen garantieren, dass Ihre Einrichtungen und Gegenst\u00e4nde den rauen Bedingungen des t\u00e4glichen Gebrauchs standhalten und ihre architektonische Integrit\u00e4t und ihr makelloses Aussehen \u00fcber mehrere Jahre hinweg erhalten bleiben. Diese Widerstandsf\u00e4higkeit f\u00fchrt zu niedrigeren Gesamtkosten, da kaum Reparaturen oder Ersatzbeschaffungen erforderlich sind.<\/li>\n<\/ul>\n<p><a href=\"https:\/\/customacrylicproduct.com\/de\/colored-transparent-extruded-acrylic-square-rods-suppliers\/\"><img fetchpriority=\"high\" decoding=\"async\" class=\"aligncenter wp-image-742 size-full\" src=\"https:\/\/customacrylicproduct.com\/wp-content\/uploads\/2025\/07\/Colored-Square-Acrylic-Rods-3.jpg\" alt=\"Farbige quadratische Acrylst\u00e4bchen\" width=\"800\" height=\"800\" srcset=\"https:\/\/customacrylicproduct.com\/wp-content\/uploads\/2025\/07\/Colored-Square-Acrylic-Rods-3.jpg 800w, https:\/\/customacrylicproduct.com\/wp-content\/uploads\/2025\/07\/Colored-Square-Acrylic-Rods-3-300x300.jpg 300w, https:\/\/customacrylicproduct.com\/wp-content\/uploads\/2025\/07\/Colored-Square-Acrylic-Rods-3-150x150.jpg 150w, https:\/\/customacrylicproduct.com\/wp-content\/uploads\/2025\/07\/Colored-Square-Acrylic-Rods-3-768x768.jpg 768w, https:\/\/customacrylicproduct.com\/wp-content\/uploads\/2025\/07\/Colored-Square-Acrylic-Rods-3-12x12.jpg 12w, https:\/\/customacrylicproduct.com\/wp-content\/uploads\/2025\/07\/Colored-Square-Acrylic-Rods-3-600x600.jpg 600w, https:\/\/customacrylicproduct.com\/wp-content\/uploads\/2025\/07\/Colored-Square-Acrylic-Rods-3-100x100.jpg 100w\" sizes=\"(max-width: 800px) 100vw, 800px\" \/><\/a><\/p>\n<p><strong>2. Bemerkenswertes Leichtgewicht: St\u00e4rke ohne Ballast\u00a0<\/strong>.<\/p>\n<p>Einer der gr\u00f6\u00dften Vorteile von Acryl ist sein au\u00dfergew\u00f6hnliches Verh\u00e4ltnis von Festigkeit zu Gewicht. Unsere Vierkantstangen aus Acryl sind nicht nur beeindruckend haltbar, sondern auch\u00a0<strong>die H\u00e4lfte des Gewichts von Glas\u00a0<\/strong>. Dieses Merkmal bietet einen Wasserfall von Vorteilen w\u00e4hrend des gesamten Lebenszyklus der Aufgabe:.<\/p>\n<ul>\n<li><strong>Erleichterung der Handhabung und Installation:\u00a0<\/strong>Leichtere Produkte sind weniger kompliziert zu transportieren, zu bef\u00f6rdern und vor Ort zu man\u00f6vrieren, was die Arbeitskosten und die Erm\u00fcdung senkt. Aufbauten, die bei Glas schwere Hebevorrichtungen erfordern, k\u00f6nnen bei Acrylglas oft von Hand erledigt werden.<\/li>\n<li><strong>Gesenkte Versandpreise:\u00a0<\/strong>Das geringere Gewicht f\u00fchrt zu einer kosteng\u00fcnstigeren Lieferung und Logistik, ein entscheidender Aspekt sowohl bei gro\u00dfen Gesch\u00e4ftsauftr\u00e4gen als auch bei kleineren spezifischen Anschaffungen.<\/li>\n<li><strong>Geringf\u00fcgige architektonische Unterst\u00fctzung:\u00a0<\/strong>Bei der Herstellung von Bildschirmen, Regalen oder architektonischen Elementen werden aufgrund des geringeren Gewichts von Acrylglas viel weniger St\u00fctzkonstruktionen ben\u00f6tigt. Dies kann zu weniger komplexen, eleganteren und wirtschaftlicheren Befestigungssystemen und Rahmen f\u00fchren.<\/li>\n<\/ul>\n<p><strong>3. \u00dcberlegene Klimabest\u00e4ndigkeit: Gebaut f\u00fcr drinnen und drau\u00dfen\u00a0<\/strong>.<\/p>\n<p>Bequemlichkeit ist ein zentrales Merkmal unserer <a href=\"https:\/\/customacrylicproduct.com\/de\/custom-acrylic-rods-tubes\/\">Acrylst\u00e4be<\/a>, und ihre herausragende Klimabest\u00e4ndigkeit sind daf\u00fcr ausschlaggebend. Extrudierte Polymere sind von Natur aus unempfindlich gegen Witterungseinfl\u00fcsse und eignen sich daher f\u00fcr eine Vielzahl von Anwendungen im Innen- und Au\u00dfenbereich.<\/p>\n<ul>\n<li><strong>UV-Sicherheit:\u00a0<\/strong>Unsere get\u00f6nten transparenten St\u00e4be wurden entwickelt, um den sch\u00e4dlichen Auswirkungen der ultravioletten Strahlung zu widerstehen. Sie vergilben nicht und werden nicht br\u00fcchig, wenn sie \u00fcber einen l\u00e4ngeren Zeitraum dem Sonnenlicht ausgesetzt sind, so dass die dynamischen Farbt\u00f6ne und die Transparenz erhalten bleiben.<\/li>\n<li><strong>Leistung bei jedem Wetter:\u00a0<\/strong>Ob in feuchtem Klima, bei eisigen Temperaturen, Regen oder Wind - unsere Acrylmasten behalten ihre physikalischen Eigenschaften und ihre \u00e4sthetische Ausstrahlung. Dies macht sie zu einer zuverl\u00e4ssigen Wahl f\u00fcr Au\u00dfenbeschilderung, Geb\u00e4udeakzente, Gartenfunktionen und vieles mehr.<\/li>\n<\/ul>\n<p><a href=\"https:\/\/customacrylicproduct.com\/de\/custom-acrylic-rods-tubes\/\"><img decoding=\"async\" class=\"aligncenter wp-image-744 size-full\" src=\"https:\/\/customacrylicproduct.com\/wp-content\/uploads\/2025\/07\/Colored-Square-Acrylic-Rods-5.jpg\" alt=\"Farbige quadratische Acrylst\u00e4bchen\" width=\"800\" height=\"800\" srcset=\"https:\/\/customacrylicproduct.com\/wp-content\/uploads\/2025\/07\/Colored-Square-Acrylic-Rods-5.jpg 800w, https:\/\/customacrylicproduct.com\/wp-content\/uploads\/2025\/07\/Colored-Square-Acrylic-Rods-5-300x300.jpg 300w, https:\/\/customacrylicproduct.com\/wp-content\/uploads\/2025\/07\/Colored-Square-Acrylic-Rods-5-150x150.jpg 150w, https:\/\/customacrylicproduct.com\/wp-content\/uploads\/2025\/07\/Colored-Square-Acrylic-Rods-5-768x768.jpg 768w, https:\/\/customacrylicproduct.com\/wp-content\/uploads\/2025\/07\/Colored-Square-Acrylic-Rods-5-12x12.jpg 12w, https:\/\/customacrylicproduct.com\/wp-content\/uploads\/2025\/07\/Colored-Square-Acrylic-Rods-5-600x600.jpg 600w, https:\/\/customacrylicproduct.com\/wp-content\/uploads\/2025\/07\/Colored-Square-Acrylic-Rods-5-100x100.jpg 100w\" sizes=\"(max-width: 800px) 100vw, 800px\" \/><\/a><\/p>\n<p><strong>4. Kosteng\u00fcnstig und kosteng\u00fcnstig: Erstklassiger Look, erschwinglicher Preis\u00a0<\/strong>.<\/p>\n<p>Um ein hochwertiges, \u00e4sthetisch herausragendes Finish zu erzielen, muss man nicht viel Geld in die Hand nehmen. Dank der \u00e4u\u00dferst effizienten und\u00a0<strong>wirtschaftliches Herstellungsverfahren der Extrusion\u00a0<\/strong>, k\u00f6nnen wir Ihnen unsere <a href=\"https:\/\/customacrylicproduct.com\/de\/custom-acrylic-rods-tubes\/\">Acryl-Vierkantstangen<\/a> zu einem Preis, der wesentlich g\u00fcnstiger ist als bei Materialien wie Glas, Metall oder Verbundwerkstoffen mit starker Oberfl\u00e4che. Diese Kosteneffizienz erm\u00f6glicht eine breitere Palette von Aufgaben:.<\/p>\n<ul>\n<li><strong>F\u00fcr Unternehmen:\u00a0<\/strong>Gro\u00dffl\u00e4chige Rollouts von Einzelhandelskomponenten, Schildern oder Innendekorationselementen werden finanziell sinnvoll.<\/li>\n<li><strong>F\u00fcr ein winziges Unternehmen\/Start-up:\u00a0<\/strong>Start-ups und lokale Unternehmen k\u00f6nnen ohne gro\u00dfen Kapitalaufwand spezielle, elegante Marken und Bildschirme erstellen.<\/li>\n<li><strong>F\u00fcr Kreative und Hobbyisten:\u00a0<\/strong>Einzelne Entwickler und Handwerker erhalten ein professionelles Material, mit dem sie experimentieren und kosteng\u00fcnstig erstklassige Arbeiten erstellen k\u00f6nnen.<\/li>\n<\/ul>\n<p><strong>5. Dauerhaft und wiederverwertbar: Eine verantwortungsvolle Entscheidung\u00a0<\/strong>.<\/p>\n<p>In der heutigen umweltbewussten Welt kommt es auf die Produktauswahl an. Unsere extrudierten Acrylmasten sind eine verantwortungsvolle Wahl f\u00fcr Ihre Arbeit. Polymer ist ein Thermoplast, was bedeutet, dass es eingeschmolzen und ausgetauscht werden kann, ohne dass das Produkt wesentlich zerst\u00f6rt wird. Am Ende ihrer langen und n\u00fctzlichen Lebensdauer sind unsere Acrylmasten\u00a0<strong>kann vollst\u00e4ndig wiederverwendet werden\u00a0<\/strong>, Sie tragen dazu bei, das Schlupfloch zu schlie\u00dfen und eine rundere Wirtschaft zu schaffen. Wenn Sie sich f\u00fcr ein widerstandsf\u00e4higes, langlebiges und recycelbares Material entscheiden, leisten Sie einen positiven Beitrag zum Umweltschutz.<\/p>\n<h3 id=\"-key-includes-at-a-look-\"><strong>Die wichtigsten Bestandteile im \u00dcberblick\u00a0<\/strong>.<\/h3>\n<ul>\n<li><strong>Lebendige klare Farbe Ausf\u00fchrungen:\u00a0<\/strong>Unsere Stangen sind mit einem fantastischen, durchsichtigen Schirm versehen, der das Licht einf\u00e4ngt und bricht und so einen atemberaubenden \u00e4sthetischen Effekt erzeugt. Das quadratische Konto bietet saubere, moderne Linien und flache Oberfl\u00e4chen, die sich f\u00fcr die Herstellung und Platzierung eignen.<\/li>\n<li><strong>Vielseitig:\u00a0<\/strong>Die einzigartige Mischung aus Charme, St\u00e4rke und Verarbeitbarkeit macht diese Stangen f\u00fcr eine praktisch unbegrenzte Liste von Anwendungen in Dutzenden von Sektoren geeignet.<\/li>\n<li><strong>Leichtes Gewicht:\u00a0<\/strong>Halb so schwer wie Glas f\u00fcr einfache Handhabung und Einrichtung.<\/li>\n<li><strong>Hohe Effektz\u00e4higkeit:\u00a0<\/strong>Mehr als 10-mal st\u00e4rker als Glas f\u00fcr bemerkenswerte Sicherheit und Robustheit.<\/li>\n<li><strong>Wirtschaftlich:\u00a0<\/strong>Ein erschwingliches Material, das ein kostspieliges Erscheinungsbild bietet, ohne den Premium-Preis.<\/li>\n<\/ul>\n<p><a href=\"https:\/\/customacrylicproduct.com\/de\/custom-acrylic-rods-tubes\/\"><img decoding=\"async\" class=\"aligncenter wp-image-741 size-full\" src=\"https:\/\/customacrylicproduct.com\/wp-content\/uploads\/2025\/07\/Colored-Square-Acrylic-Rods-2.jpg\" alt=\"Farbige quadratische Acrylst\u00e4bchen\" width=\"800\" height=\"800\" srcset=\"https:\/\/customacrylicproduct.com\/wp-content\/uploads\/2025\/07\/Colored-Square-Acrylic-Rods-2.jpg 800w, https:\/\/customacrylicproduct.com\/wp-content\/uploads\/2025\/07\/Colored-Square-Acrylic-Rods-2-300x300.jpg 300w, https:\/\/customacrylicproduct.com\/wp-content\/uploads\/2025\/07\/Colored-Square-Acrylic-Rods-2-150x150.jpg 150w, https:\/\/customacrylicproduct.com\/wp-content\/uploads\/2025\/07\/Colored-Square-Acrylic-Rods-2-768x768.jpg 768w, https:\/\/customacrylicproduct.com\/wp-content\/uploads\/2025\/07\/Colored-Square-Acrylic-Rods-2-12x12.jpg 12w, https:\/\/customacrylicproduct.com\/wp-content\/uploads\/2025\/07\/Colored-Square-Acrylic-Rods-2-600x600.jpg 600w, https:\/\/customacrylicproduct.com\/wp-content\/uploads\/2025\/07\/Colored-Square-Acrylic-Rods-2-100x100.jpg 100w\" sizes=\"(max-width: 800px) 100vw, 800px\" \/><\/a><\/p>\n<h3 id=\"-common-applications-where-creativity-takes-shape-\"><strong>Gemeinsame Anwendungen: Wo die Kreativit\u00e4t Gestalt annimmt\u00a0<\/strong>.<\/h3>\n<p>Die Anpassungsf\u00e4higkeit unserer get\u00f6nten <a href=\"https:\/\/customacrylicproduct.com\/de\/custom-acrylic-rods-tubes\/\">Vierkantst\u00e4be aus klarem Acryl<\/a> macht sie zu einem grundlegenden Material f\u00fcr die Entwicklung. Hier sind nur einige der Anwendungen, bei denen unsere Kunden tats\u00e4chlich beeindruckende Ergebnisse erzielt haben:.<\/p>\n<ul>\n<li><strong>Schilder und Wegweiser:\u00a0<\/strong>Erstellen Sie spektakul\u00e4re dimensionale Texte, Logos und moderne Anzeigesysteme. Die Farben k\u00f6nnen die Markenidentit\u00e4t verst\u00e4rken, w\u00e4hrend die Strapazierf\u00e4higkeit eine lange Lebensdauer gew\u00e4hrleistet, auch im Freien.<\/li>\n<li><strong>Einzelhandelsdisplays und Point-of-Purchase (POP):\u00a0<\/strong>Gestalten Sie aufmerksamkeitsstarke Artikelst\u00e4nder, Kosmetikdisplays, Schmuckhalter und Steigb\u00fcgel. Die transparenten Farben k\u00f6nnen das Produkt akzentuieren, ohne es zu erdr\u00fccken.<\/li>\n<li><strong>Innenarchitektur und Design:\u00a0<\/strong>Diese Stangen sind der Traum eines jeden Designers. Verwenden Sie sie als attraktive Trennw\u00e4nde, Wandelemente, individuelle Beleuchtungskomponenten oder Einrichtungselemente, um jedem Bereich einen Hauch von moderner Farbe und Sch\u00f6nheit zu verleihen.<\/li>\n<li><strong>Spindeln f\u00fcr Treppengel\u00e4nder:\u00a0<\/strong>Unsere quadratischen Stangen, die sich gro\u00dfer Beliebtheit erfreuen, sind eine zeitgem\u00e4\u00dfe und risikofreie Alternative zu herk\u00f6mmlichen Holz- oder Metallstiften. Sie \u00f6ffnen die Sichtachsen, schaffen ein Gef\u00fchl von Raum und stellen ein einzigartiges Gestaltungselement dar, das sich zu einem zentralen Element des Hauses entwickelt.<\/li>\n<li><strong>Modellierung und Prototyping:\u00a0<\/strong>Architekten und Objektdesigner nutzen unsere St\u00e4be zur Erstellung pr\u00e4ziser, visuell ansprechender Bereichsversionen und Modelle, die ihre Layout-Absichten effektiv verbinden.<\/li>\n<li><strong>Kunst, Kunsthandwerk &amp; DIY:\u00a0<\/strong>Von individuell gestalteten Schmuckst\u00fccken und kinetischen Skulpturen bis hin zu ma\u00dfgeschneiderten Terrarien und Bildstrukturen sind die innovativen M\u00f6glichkeiten f\u00fcr Hobbyk\u00fcnstler und Spezialisten unbegrenzt.<\/li>\n<li><strong>Tortenstil und Speisenpr\u00e4sentation:\u00a0<\/strong>Als strukturelle St\u00fctzen f\u00fcr mehrst\u00f6ckige Hochzeitstorten oder als stilvolle, lebensmittelechte St\u00e4nder f\u00fcr Bildschirme verleihen diese Stangen den Kochkreationen einen sauberen, modernen und lebendigen Touch.<\/li>\n<li><strong>Beleuchtungsdesign:\u00a0<\/strong>Die klare Beschaffenheit der St\u00e4be eignet sich hervorragend zur Streuung und F\u00e4rbung des Lichts und erm\u00f6glicht die Schaffung von speziellen, ma\u00dfgeschneiderten LED-Beleuchtungen, Kronleuchtern und Raumbeleuchtungen.<\/li>\n<\/ul>\n<h3 id=\"-your-partner-in-production-\"><strong>Ihr Partner in der Produktion\u00a0<\/strong>.<\/h3>\n<p>Wir sind mehr als nur Lieferanten; wir sind Ihre Entwicklungspartner. Wir wissen, dass jeder Auftrag unterschiedliche Anforderungen stellt. Deshalb bieten wir eine breite Palette g\u00e4ngiger Gr\u00f6\u00dfen und eine gro\u00dfe Auswahl an leuchtenden Farbt\u00f6nen. Au\u00dferdem liefern wir dauerhafte Unterst\u00fctzung f\u00fcr\u00a0<strong>Gro\u00dfhandel und kundenspezifische Auftr\u00e4ge\u00a0<\/strong>, Wir arbeiten mit Ihnen zusammen, um bestimmte Ma\u00dfe und Farbabstimmungen f\u00fcr gro\u00dfe Aufgaben zu erreichen.<\/p>\n<p>Unsere farbigen, transparenten, extrudierten Acryl-Vierkantst\u00e4be sind einfach zu bearbeiten - sie k\u00f6nnen exakt gek\u00fcrzt, gebohrt, gerichtet, glasartig aufgehellt und mit Spezialklebstoffen verklebt werden.<\/p>\n<p><strong>Kontaktieren Sie uns heute\u00a0<\/strong>um Ihr Projekt zu besprechen, ein Muster anzufordern oder ein schnelles Angebot einzuholen. Wir liefern Ihnen die hochwertigen Materialien, die Sie ben\u00f6tigen, um Ihre Vision in eine fantastische, lebendige Realit\u00e4t zu verwandeln.<\/p>","protected":false},"excerpt":{"rendered":"<p>Ihre Top-Quelle f\u00fcr farbige, transparente, extrudierte Acryl-Vierkantst\u00e4be. Wir bieten ein lebhaftes Spektrum an hochklaren Farben in verschiedenen Gr\u00f6\u00dfen. Perfekt f\u00fcr POP-Displays, Beleuchtung und Design. Gro\u00dfhandel und kundenspezifische Bestellungen m\u00f6glich. Erhalten Sie noch heute ein schnelles Angebot.<\/p>","protected":false},"featured_media":740,"template":"","meta":{"_kad_post_transparent":"default","_kad_post_title":"","_kad_post_layout":"default","_kad_post_sidebar_id":"","_kad_post_content_style":"default","_kad_post_vertical_padding":"default","_kad_post_feature":"","_kad_post_feature_position":"","_kad_post_header":false,"_kad_post_footer":false,"_kad_post_classname":""},"product_brand":[],"product_cat":[23],"product_tag":[79,78,62],"class_list":{"0":"post-739","1":"product","2":"type-product","3":"status-publish","4":"has-post-thumbnail","6":"product_cat-custom-acrylic-rods-tubes","7":"product_tag-acrylic-square-rods","8":"product_tag-colored-square-acrylic-rods","9":"product_tag-coloured-acrylic-rods","11":"first","12":"instock","13":"shipping-taxable","14":"product-type-simple","15":"entry","16":"content-bg","17":"loop-entry"},"_links":{"self":[{"href":"https:\/\/customacrylicproduct.com\/de\/wp-json\/wp\/v2\/product\/739","targetHints":{"allow":["GET"]}}],"collection":[{"href":"https:\/\/customacrylicproduct.com\/de\/wp-json\/wp\/v2\/product"}],"about":[{"href":"https:\/\/customacrylicproduct.com\/de\/wp-json\/wp\/v2\/types\/product"}],"wp:featuredmedia":[{"embeddable":true,"href":"https:\/\/customacrylicproduct.com\/de\/wp-json\/wp\/v2\/media\/740"}],"wp:attachment":[{"href":"https:\/\/customacrylicproduct.com\/de\/wp-json\/wp\/v2\/media?parent=739"}],"wp:term":[{"taxonomy":"product_brand","embeddable":true,"href":"https:\/\/customacrylicproduct.com\/de\/wp-json\/wp\/v2\/product_brand?post=739"},{"taxonomy":"product_cat","embeddable":true,"href":"https:\/\/customacrylicproduct.com\/de\/wp-json\/wp\/v2\/product_cat?post=739"},{"taxonomy":"product_tag","embeddable":true,"href":"https:\/\/customacrylicproduct.com\/de\/wp-json\/wp\/v2\/product_tag?post=739"}],"curies":[{"name":"wp","href":"https:\/\/api.w.org\/{rel}","templated":true}]}}