{"id":751,"date":"2025-07-08T10:22:12","date_gmt":"2025-07-08T10:22:12","guid":{"rendered":"https:\/\/customacrylicproduct.com\/?post_type=product&#038;p=751"},"modified":"2025-07-08T13:04:47","modified_gmt":"2025-07-08T13:04:47","slug":"clear-acrylic-bookshelf-bookcases-storage-furniture-supplier","status":"publish","type":"product","link":"https:\/\/customacrylicproduct.com\/de\/clear-acrylic-bookshelf-bookcases-storage-furniture-supplier\/","title":{"rendered":"Klar Acryl B\u00fccherregal B\u00fccherregale Lagerung M\u00f6bel Lieferant"},"content":{"rendered":"<h3 id=\"-redefining-area-and-style-your-premier-provider-for-bespoke-clear-acrylic-bookshelves-and-storage-furniture-\"><strong>Neudefinition von Raum und Stil: Ihr f\u00fchrender Anbieter f\u00fcr ma\u00dfgeschneiderte B\u00fccherregale und Aufbewahrungsm\u00f6bel aus klarem Acryl\u00a0<\/strong>.<\/h3>\n<p>Stellen Sie sich einen Raum vor, in dem Ihre wertvollsten Geschichten und Gegenst\u00e4nde nicht nur auf einem Regal stehen, sondern in der Luft zu schweben scheinen. Stellen Sie sich einen Raum vor, der sich sofort gr\u00f6\u00dfer, heller und \u00fcbersichtlicher anf\u00fchlt, in dem das Mobiliar nicht dominiert, sondern die Umgebung aufwertet. Das ist die transformative Kraft von klarem Acrylglas, und als Ihr engagierter Anbieter sind wir hier, um diese Vision in eine beeindruckende Wahrheit zu verwandeln.<\/p>\n<p>Wir konzentrieren uns auf den Entwurf, die Herstellung und die Lieferung von hochwertigen B\u00fccherregalen aus klarem Acryl, Schr\u00e4nken aus Lucit und ma\u00dfgeschneiderten Aufbewahrungsl\u00f6sungen. Unsere Kollektionen gehen weit \u00fcber die traditionellen, schweren M\u00f6bel hinaus, die einen Raum \u00fcberf\u00fcllen k\u00f6nnen, und sind so gestaltet, dass sie in jeder Art von Umgebung ein Bild von Leichtigkeit, Modernit\u00e4t und innovativem Minimalismus vermitteln. Ob f\u00fcr ein Privathaus, ein gesch\u00e4ftiges Industriegebiet oder ein professionelles B\u00fcro, unsere M\u00f6bel sind nicht nur ein Ort f\u00fcr Stauraum; sie sind ein Statement f\u00fcr bemerkenswerte Vorlieben und intelligentes Design.<\/p>\n<h4 id=\"-the-heart-of-our-craft-unparalleled-product-characteristics-\"><strong>Das Herzst\u00fcck unseres Handwerks: Unvergleichliche Produkteigenschaften\u00a0<\/strong>.<\/h4>\n<p>Die Struktur eines jeden von uns hergestellten St\u00fccks ist das Produkt selbst. Wir nehmen ausschlie\u00dflich eine bemerkenswerte Qualit\u00e4t an, <a href=\"https:\/\/customacrylicproduct.com\/de\/clear-acrylic-bookshelf-bookcases-storage-furniture-supplier\/\">Acrylglasplatte mit hoher Lichtdurchl\u00e4ssigkeit,<\/a> f\u00fcr seine herausragenden Top-Qualit\u00e4ten, die es viel zus\u00e4tzlich zu den minimalen Optionen zu etablieren gew\u00e4hlt.<\/p>\n<ul>\n<li><strong>Kristallqualit\u00e4t und Reinheit:\u00a0<\/strong>Unser Acrylglas weist eine Lichtdurchl\u00e4ssigkeit von \u00fcber 92% auf und entspricht damit der Qualit\u00e4t der besten optischen Kristalle. Diese hervorragende Offenheit sorgt daf\u00fcr, dass es keine Schattenverzerrungen oder Tr\u00fcbungen gibt. Die Textur ist makellos klar und deutlich, so dass jede noch so kleine Information Ihrer Bucheinb\u00e4nde, Kunstwerke und dekorativen Produkte im wahrsten Sinne des Wortes zur Geltung kommt. Das Regal wird zu einem fast unsichtbaren Rahmen, der die Komponenten zum wahren Mittelpunkt macht.<\/li>\n<li><strong>Stille Z\u00e4higkeit und unersch\u00fctterliche Sicherheit:\u00a0<\/strong>W\u00e4hrend es eine \u00e4therische, glas\u00e4hnliche Sch\u00f6nheit besitzt, ist unser Polymer alles andere als zerbrechlich. Mit einer Widerstandsf\u00e4higkeit, die etwa 20-mal so hoch ist wie die von normalem Glas, bietet es eine hervorragende Festigkeit und Langlebigkeit. Diese au\u00dfergew\u00f6hnliche Widerstandsf\u00e4higkeit bedeutet, dass unsere M\u00f6bel nicht durch allt\u00e4gliche St\u00f6\u00dfe und Schl\u00e4ge besch\u00e4digt werden oder zerbrechen k\u00f6nnen, was sie zu einer tadellosen und sicheren Option f\u00fcr H\u00e4user mit Kindern, Hunden oder stark frequentierten Industriestandorten macht. Sie k\u00f6nnen sein zerbrechliches Aussehen mit vollem Komfort genie\u00dfen.<\/li>\n<li><strong>Dauerhafte und zeitlose Offenheit:\u00a0<\/strong>Wir wissen, dass M\u00f6bel eine Investition sind. Deshalb ist unser Polymer besonders witterungs- und UV-best\u00e4ndig. Wenn Sie es in Ihrem Haus aufstellen, wird es nicht vergilben, tr\u00fcben oder mit der Zeit schwach werden, auch wenn es dem Sonnenlicht ausgesetzt ist. Es beh\u00e4lt \u00fcber Jahre hinweg sein kristallklares Aussehen und sorgt daf\u00fcr, dass Ihr B\u00fccherregal an seinem zehnten Hochzeitstag noch genauso sch\u00f6n aussieht wie am Tag seiner Aufstellung.<\/li>\n<\/ul>\n<p><a href=\"https:\/\/customacrylicproduct.com\/de\/clear-acrylic-bookshelf-bookcases-storage-furniture-supplier\/\"><img fetchpriority=\"high\" decoding=\"async\" class=\"aligncenter wp-image-754 size-full\" src=\"https:\/\/customacrylicproduct.com\/wp-content\/uploads\/2025\/07\/Acrylic-Bookcases-4.jpg\" alt=\"Acryl-B\u00fccherregale\" width=\"800\" height=\"800\" srcset=\"https:\/\/customacrylicproduct.com\/wp-content\/uploads\/2025\/07\/Acrylic-Bookcases-4.jpg 800w, https:\/\/customacrylicproduct.com\/wp-content\/uploads\/2025\/07\/Acrylic-Bookcases-4-300x300.jpg 300w, https:\/\/customacrylicproduct.com\/wp-content\/uploads\/2025\/07\/Acrylic-Bookcases-4-150x150.jpg 150w, https:\/\/customacrylicproduct.com\/wp-content\/uploads\/2025\/07\/Acrylic-Bookcases-4-768x768.jpg 768w, https:\/\/customacrylicproduct.com\/wp-content\/uploads\/2025\/07\/Acrylic-Bookcases-4-12x12.jpg 12w, https:\/\/customacrylicproduct.com\/wp-content\/uploads\/2025\/07\/Acrylic-Bookcases-4-600x600.jpg 600w, https:\/\/customacrylicproduct.com\/wp-content\/uploads\/2025\/07\/Acrylic-Bookcases-4-100x100.jpg 100w\" sizes=\"(max-width: 800px) 100vw, 800px\" \/><\/a><\/p>\n<h4 id=\"-engineering-sophistication-the-art-of-structural-layout-\"><strong>Ingenieurtechnische Raffinesse: Die Kunst der strukturellen Auslegung\u00a0<\/strong>.<\/h4>\n<p>Ein attraktives Produkt ist nur so gut wie seine architektonische Integrit\u00e4t. Unser Designansatz verbindet visuelle Anmut mit langlebiger Technik, um M\u00f6bel zu schaffen, die ebenso best\u00e4ndig und n\u00fctzlich wie sch\u00f6n sind.<\/p>\n<ul>\n<li><strong>Personalisierte Multi-Layer-Kombinationen:\u00a0<\/strong>Wir wissen, dass keine zwei Kollektionen gleich sind. Unsere Layouts umfassen flexible, mehrschichtige Mischungen, die es Ihnen erm\u00f6glichen, Ihre Lagerm\u00f6glichkeiten nach oben und unten zu maximieren. Entscheidend ist, dass die Abst\u00e4nde zwischen den einzelnen Regalb\u00f6den v\u00f6llig individuell gestaltet werden k\u00f6nnen. Wir k\u00f6nnen ma\u00dfgeschneiderte H\u00f6hen schaffen, die sich am besten f\u00fcr jede Kleinigkeit eignen, von winzigen Taschenb\u00fcchern und DVDs bis hin zu gro\u00dfen Kunstfolianten, \u00fcbergro\u00dfen Jugendb\u00fcchern und sogar Schallplattensammlungen. Diese vertikale Intelligenz garantiert, dass jeder Quadratzentimeter Ihres Raumes effektiv genutzt wird.<\/li>\n<li><strong>Felsenfeste Stabilit\u00e4t und Unterst\u00fctzung:\u00a0<\/strong>Eine schwebende \u00c4sthetik darf niemals auf Kosten der Sicherheit gehen. Je nach Stil setzen wir eine Reihe fortschrittlicher Strategien ein, um ein gesch\u00fctztes, wackelfreies Ger\u00fcst zu gew\u00e4hrleisten. Diese bestehen aus geschickt versteckten, ineinander greifenden Schnallen, glatten und minimalen Stahlhalterungen oder der besten St\u00e4rke - einem integrierten, einteilig geformten Geb\u00e4ude und einer Konstruktion. Jedes Regal ist so konstruiert, dass es eine betr\u00e4chtliche Last tragen kann, in der Regel zwischen 5-10 kg (11-22 Pfund), je nach Dichte des Acryls, so dass Ihre wertvollen B\u00fccher und schweren, attraktiven Gegenst\u00e4nde mit absoluter Sicherheit gehalten werden.<\/li>\n<li><strong>Offen oder halbgeschlossen: Ihre Wahl:\u00a0<\/strong>Unsere Entw\u00fcrfe werden den verschiedenen Anforderungen an Zugang und Schutz gerecht. Die traditionelle\u00a0<strong>offener Stil\u00a0<\/strong>bietet einen unkomplizierten Zugang und l\u00e4dt dazu ein, im Handumdrehen eine Publikation zu greifen oder den Bildschirm neu zu positionieren. Er eignet sich hervorragend f\u00fcr h\u00e4ufig genutzte Dinge und schafft ein luftiges, leicht zug\u00e4ngliches Bibliotheksgef\u00fchl. F\u00fcr noch wertvollere Sammlungen bieten wir ein\u00a0<strong>halboffen\u00a0<\/strong>die mit makellosen, transparenten Acryl-Schrankt\u00fcren ausgestattet werden k\u00f6nnen. Diese T\u00fcren sch\u00fctzen Ihre n\u00fctzlichen Publikationen vor Schmutz, N\u00e4sse und Ungeziefer, w\u00e4hrend sie gleichzeitig v\u00f6llig transparent sind und eine Vitrine in Museumsqualit\u00e4t schaffen.<\/li>\n<\/ul>\n<p><a href=\"https:\/\/customacrylicproduct.com\/de\/custom-size-acrylic-pet-house-suppliers-acrylic-furnitures\/\"><img decoding=\"async\" class=\"aligncenter wp-image-755 size-full\" src=\"https:\/\/customacrylicproduct.com\/wp-content\/uploads\/2025\/07\/Acrylic-Bookcases.jpg\" alt=\"Acryl-B\u00fccherregale\" width=\"800\" height=\"800\" srcset=\"https:\/\/customacrylicproduct.com\/wp-content\/uploads\/2025\/07\/Acrylic-Bookcases.jpg 800w, https:\/\/customacrylicproduct.com\/wp-content\/uploads\/2025\/07\/Acrylic-Bookcases-300x300.jpg 300w, https:\/\/customacrylicproduct.com\/wp-content\/uploads\/2025\/07\/Acrylic-Bookcases-150x150.jpg 150w, https:\/\/customacrylicproduct.com\/wp-content\/uploads\/2025\/07\/Acrylic-Bookcases-768x768.jpg 768w, https:\/\/customacrylicproduct.com\/wp-content\/uploads\/2025\/07\/Acrylic-Bookcases-12x12.jpg 12w, https:\/\/customacrylicproduct.com\/wp-content\/uploads\/2025\/07\/Acrylic-Bookcases-600x600.jpg 600w, https:\/\/customacrylicproduct.com\/wp-content\/uploads\/2025\/07\/Acrylic-Bookcases-100x100.jpg 100w\" sizes=\"(max-width: 800px) 100vw, 800px\" \/><\/a><\/p>\n<h4 id=\"-your-vision-understood-the-unmatched-power-of-modification-\"><strong>Ihre Vision, verstanden: Die un\u00fcbertroffene Kraft der Modifikation\u00a0<\/strong>.<\/h4>\n<p>Ihr Raum ist einzigartig, und Ihre M\u00f6bel sollten es auch sein. Wir sind nicht einfach nur Verk\u00e4ufer, sondern Ihre Gestaltungspartner, die Ihnen eine umfassende Auswahl an Personalisierungsm\u00f6glichkeiten bieten, um ein M\u00f6belst\u00fcck zu entwickeln, das ganz Ihnen geh\u00f6rt.<\/p>\n<ul>\n<li><strong>Ma\u00dfgeschneidert Gr\u00f6\u00dfe und Abmessungen:\u00a0<\/strong>Verabschieden Sie sich von dem Stress der \u201cBeinahe\u201d-Montage. Wir k\u00f6nnen unsere Regale nach Ihren spezifischen Anforderungen anfertigen. Vom kleinen Miniatur-B\u00fccherregal f\u00fcr den Nachttisch bis hin zum gro\u00dfen, wandf\u00fcllenden Bibliothekssystem k\u00f6nnen wir Gr\u00f6\u00dfe, Umfang und H\u00f6he so anpassen, dass sie perfekt zu Ihrem Raumangebot passen. Unsere Modelle f\u00fcgen sich nahtlos in Wohnr\u00e4ume, Forschungsr\u00e4ume, Schlafzimmer, Flure und sogar Dilemmas ein und schaffen ein eingebautes Erscheinungsbild ohne die Kosten einer herk\u00f6mmlichen Holzbearbeitung.<\/li>\n<li><strong>Kreative und k\u00fcnstlerische Formanpassung:\u00a0<\/strong>Befreien Sie sich von der Tyrannei des Rechtecks. Dank unserer Fertigungsm\u00f6glichkeiten k\u00f6nnen wir B\u00fccherregale in einer Vielzahl von Formen herstellen. Stellen Sie sich ein stilvolles bogenf\u00f6rmiges B\u00fccherregal vor, das die Linien eines Raumes auflockert, ein lebhaftes trapezf\u00f6rmiges Ger\u00e4t, das einen Hauch von Avantgarde-Flair verspr\u00fcht, oder ein kreatives Kantenlayout, das einen ung\u00fcnstigen, zus\u00e4tzlichen Raum in ein n\u00fctzliches Attribut verwandelt. Wir k\u00f6nnen sogar geometrische Schnitte und ungleichm\u00e4\u00dfige Muster einbeziehen, um eine funktionelle Skulptur zu entwickeln, die als \u00e4sthetischer Akzent in Ihrem Interieur fungiert.<\/li>\n<li><strong>Individuelle Anpassung der Informationen:\u00a0<\/strong>Der letzte Schliff ist es, der ein Werk von fantastisch zu bemerkenswert macht. Wir bieten eine Reihe von Informationsverbesserungen an:.<\/li>\n<li><strong>Integrierte LED-Beleuchtung:\u00a0<\/strong>Wir k\u00f6nnen dezente LED-Lichtleisten entlang der Regalkanten installieren. Wenn sie beleuchtet werden, entsteht ein sanftes, warmes Licht, das Ihr Regal in ein faszinierendes atmosph\u00e4risches Element verwandelt, das sich hervorragend f\u00fcr die n\u00e4chtliche Atmosph\u00e4re eignet.<\/li>\n<li><strong>Mattierte oder ge\u00e4tzte Oberfl\u00e4chen:\u00a0<\/strong>F\u00fcr einen Hauch von Privatsph\u00e4re oder eine zus\u00e4tzliche Struktur k\u00f6nnen Bereiche des Acryls mattiert werden.<\/li>\n<li><strong>Laser-Gravur:\u00a0<\/strong>F\u00fcgen Sie mit einer kundenspezifischen Lasergravur eine wirklich individuelle Komponente hinzu. Wir k\u00f6nnen Publikationstitel, ein Familienmonogramm, ein Lieblingszitat oder detaillierte Muster auf das Acrylglas gravieren, wodurch seine individuelle Struktur verbessert und eine unverwechselbare Antiquit\u00e4t entwickelt wird.<\/li>\n<\/ul>\n<h4 id=\"-past-storage-the-practical-advantages-of-polymer-furnishings-\"><strong>Vergangene Lagerung: Die praktischen Vorteile von Polymer-M\u00f6beln\u00a0<\/strong>.<\/h4>\n<p>Unser <a href=\"https:\/\/customacrylicproduct.com\/de\/clear-acrylic-bookshelf-bookcases-storage-furniture-supplier\/\">B\u00fccherregale aus klarem Acryl<\/a> nutzen eine Vielzahl von praktischen Vorteilen, die Ihr t\u00e4gliches Leben und die Atmosph\u00e4re in Ihrem Raum verbessern.<\/p>\n<ul>\n<li><strong>Visuelle Entwicklung und ein Gef\u00fchl f\u00fcr den Raum:\u00a0<\/strong>Dies ist vielleicht die bezauberndste Eigenschaft von Acryl. Da es transparent ist, treten die M\u00f6bel optisch zur\u00fcck und gaukeln dem Auge einen gr\u00f6\u00dferen, besonders offenen Raum vor. Es schw\u00e4cht seine eigene Pr\u00e4senz ab und beseitigt das \u00e4sthetische \u201cGewicht\u201d und das Gef\u00fchl der Ungerechtigkeit, das von gro\u00dfen Holz- oder Metallschr\u00e4nken ausgehen kann. Das macht sie zu einer ausgezeichneten Option f\u00fcr Einzimmerwohnungen, schmale Bereiche oder jeden Raum, in dem es darum geht, das Gef\u00fchl von Offenheit optimal zu nutzen.<\/li>\n<li><strong>Multifunktionale und vielseitige Kompatibilit\u00e4t:\u00a0<\/strong>Unsere B\u00fccherregale sind zwar f\u00fcr B\u00fccher gemacht, aber ihre reine, neutrale \u00c4sthetik macht sie unglaublich flexibel. Sie dienen als sensationelle Bildschirm bedeutet eine Vielzahl von Produkten: pr\u00e4sentieren eine Sammlung von Designer-Porzellan-Figuren, erstellen Sie eine Indoor-aufrechten Garten mit \u00fcppigen umweltfreundlichen Pflanzen, elegant zu organisieren Familienmitglieder Bild Strukturen, oder kuratieren eine Anzeige Bildschirm von Handwerker Keramik oder Parf\u00fcm Container. Ein einziges M\u00f6belst\u00fcck kann zahlreiche Ziele erf\u00fcllen, indem es auf einfache Weise erstklassige Aufbewahrung mit hochwertigem Dekor verbindet.<\/li>\n<li><strong>Einfach und leicht zu reinigen und zu pflegen:\u00a0<\/strong>Die porenfreie, besonders glatte Oberfl\u00e4che unseres Acryls macht es au\u00dfergew\u00f6hnlich pflegeleicht. Schmutz und Flecken dringen nicht in das Produkt ein und k\u00f6nnen in Sekundenschnelle mit einem weichen, feuchten Tuch abgewischt werden. Es sind keine speziellen Poliermittel, \u00d6le oder komplizierte Pflegeroutinen erforderlich. Ihre M\u00f6bel bleiben makellos transparent und sauber, ohne dass Sie sich gro\u00dfartig darum k\u00fcmmern m\u00fcssen, und Sie haben mehr Zeit, Ihren sch\u00f6nen Raum zu genie\u00dfen.<\/li>\n<\/ul>\n<p><a href=\"https:\/\/customacrylicproduct.com\/de\/custom-acrylic-furnitures\/\"><img decoding=\"async\" class=\"aligncenter wp-image-753 size-full\" src=\"https:\/\/customacrylicproduct.com\/wp-content\/uploads\/2025\/07\/Acrylic-Bookcases-2.jpg\" alt=\"Acryl-B\u00fccherregale\" width=\"800\" height=\"800\" srcset=\"https:\/\/customacrylicproduct.com\/wp-content\/uploads\/2025\/07\/Acrylic-Bookcases-2.jpg 800w, https:\/\/customacrylicproduct.com\/wp-content\/uploads\/2025\/07\/Acrylic-Bookcases-2-300x300.jpg 300w, https:\/\/customacrylicproduct.com\/wp-content\/uploads\/2025\/07\/Acrylic-Bookcases-2-150x150.jpg 150w, https:\/\/customacrylicproduct.com\/wp-content\/uploads\/2025\/07\/Acrylic-Bookcases-2-768x768.jpg 768w, https:\/\/customacrylicproduct.com\/wp-content\/uploads\/2025\/07\/Acrylic-Bookcases-2-12x12.jpg 12w, https:\/\/customacrylicproduct.com\/wp-content\/uploads\/2025\/07\/Acrylic-Bookcases-2-600x600.jpg 600w, https:\/\/customacrylicproduct.com\/wp-content\/uploads\/2025\/07\/Acrylic-Bookcases-2-100x100.jpg 100w\" sizes=\"(max-width: 800px) 100vw, 800px\" \/><\/a><\/p>\n<h4 id=\"-a-canvas-for-your-life-scenarios-and-applications-\"><strong>Eine Leinwand f\u00fcr Ihr Leben: Szenarien und Anwendungen\u00a0<\/strong>.<\/h4>\n<p>Die Anpassungsf\u00e4higkeit unserer <a href=\"https:\/\/customacrylicproduct.com\/de\/clear-acrylic-bookshelf-bookcases-storage-furniture-supplier\/\">M\u00f6bel aus klarem Acryl<\/a> erlaubt es, in jeder Art von Umgebung zu strahlen.<\/p>\n<ul>\n<li><strong>F\u00fcr zu Hause:\u00a0<\/strong>In einem\u00a0<strong>Forschungsstudie\u00a0<\/strong>, Entwickeln Sie ein raumhohes Panoramab\u00fccherregal, das Ihre gesamte Bibliothek sichtbar und zug\u00e4nglich macht. Im\u00a0<strong>Lebensraum\u00a0<\/strong>, Ein stromlinienf\u00f6rmiges, bodenstehendes B\u00fccherregal kann Ihre Lieblingslekt\u00fcre aufnehmen und gleichzeitig einen modernen, hellen, hochwertigen oder minimalistischen Einrichtungsstil erg\u00e4nzen. Im\u00a0<strong>Schlafzimmer\u00a0<\/strong>, Ein speziell angefertigtes Mini-Regal in der N\u00e4he des Bettes bietet Funktion ohne Unordnung.<\/li>\n<li><strong>F\u00fcr Gewerbegebiete:\u00a0<\/strong>Unter\u00a0<strong>Buchhandlungen und Bibliotheken\u00a0<\/strong>, Nutzen Sie unsere durchsichtigen B\u00fccherregale, um \u201cschwebende\u201d Displays f\u00fcr Bestseller und Neuerscheinungen zu schaffen, die sofort die Aufmerksamkeit der Kunden auf sich ziehen. Unter\u00a0<strong>Caf\u00e9s, L\u00e4den und Werkst\u00e4tten\u00a0<\/strong>, Verwenden Sie k\u00fcnstlerisch gestaltete Regale, um Artikel zu pr\u00e4sentieren, oder entwickeln Sie ein innovatives, literarisches Umfeld, das den Markennamen hervorhebt und das Kundenerlebnis steigert.<\/li>\n<li><strong>F\u00fcr den Arbeitsplatz Standort:\u00a0<\/strong>Ersetzen Sie gro\u00dfe, undurchsichtige Ablageschr\u00e4nke durch unsere klaren Acryl-Services. Dies verleiht dem B\u00fcro nicht nur einen Hauch von modernem Stil, sondern macht auch das Auffinden von Dokumenten und Unterlagen schneller und zuverl\u00e4ssiger. Es tr\u00e4gt zu einer aufger\u00e4umten, organisierten und professionellen Atmosph\u00e4re bei, die die Kunden begeistert und die Abl\u00e4ufe verbessert.<\/li>\n<\/ul>\n<h4 id=\"-the-style-aesthetic-a-symphony-of-light-and-kind-\"><strong>Die Stil\u00e4sthetik: Eine Symphonie aus Licht und Freundlichkeit\u00a0<\/strong>.<\/h4>\n<p>Die wahre Eleganz unserer Acrylregale beruht auf ihrer visuellen Philosophie. Die transparente Struktur erzeugt einen signifikanten und sch\u00f6nen Vergleich mit den reichen Schattierungen und dem Aussehen der F\u00fchrungss\u00e4ulen, wodurch die F\u00fchrungen selbst zum Hauptattraktivit\u00e4tselement werden. Dadurch entsteht ein leichtes, luftiges Gef\u00fchl eines \u201cschwebenden Bildschirms\u201d, als ob Ihre Sammlung vor Ihnen schweben w\u00fcrde.<\/p>\n<p>Au\u00dferdem k\u00f6nnen wir reines Acryl kunstvoll mit anderen Produkten kombinieren, um einen bestimmten Stil zu erreichen. In Kombination mit glattem Messing oder goldfarbenem Stahl strahlt es einen modernen Luxus aus. In Kombination mit mattschwarzem Stahl entsteht ein eleganter Industrie- oder Minimalismus-Look. In Kombination mit einer warmen Holzr\u00fcckwand stabilisiert er technische K\u00fchle mit nat\u00fcrlicher W\u00e4rme. Dieses Zusammenspiel der Produkte bringt ein ausgepr\u00e4gtes k\u00fcnstlerisches Umfeld in Ihren Raum und schafft einen Gegenstand, der sowohl n\u00fctzlich als auch ein Kunstwerk ist.<\/p>\n<p><strong>Kontaktieren Sie uns noch heute. Lassen Sie sich von unseren Designberatern helfen, die unendlichen M\u00f6glichkeiten von klarem Acryl zu entdecken und die Reise zu einem helleren, sch\u00f6neren und perfekt organisierten Raum zu beginnen.\u00a0<\/strong>.<\/p>","protected":false},"excerpt":{"rendered":"<p>Ihr f\u00fchrender Anbieter von hochwertigen B\u00fccherregalen aus klarem Acryl und B\u00fccherregalen aus Lucite. Unsere modernen, langlebigen Aufbewahrungsm\u00f6bel schaffen einen minimalistischen, ger\u00e4umigen Look f\u00fcr jedes Zuhause oder B\u00fcro. Wir bieten ma\u00dfgeschneiderte Designs und Direktpreise. Entdecken Sie noch heute unsere Kollektion an transparenten Regall\u00f6sungen.<\/p>","protected":false},"featured_media":755,"template":"","meta":{"_kad_post_transparent":"default","_kad_post_title":"","_kad_post_layout":"default","_kad_post_sidebar_id":"","_kad_post_content_style":"default","_kad_post_vertical_padding":"default","_kad_post_feature":"","_kad_post_feature_position":"","_kad_post_header":false,"_kad_post_footer":false,"_kad_post_classname":""},"product_brand":[],"product_cat":[21],"product_tag":[80,69],"class_list":{"0":"post-751","1":"product","2":"type-product","3":"status-publish","4":"has-post-thumbnail","6":"product_cat-custom-acrylic-furnitures","7":"product_tag-acrylic-bookshelf","8":"product_tag-custom-acrylic-furnitures","10":"first","11":"instock","12":"shipping-taxable","13":"product-type-simple","14":"entry","15":"content-bg","16":"loop-entry"},"_links":{"self":[{"href":"https:\/\/customacrylicproduct.com\/de\/wp-json\/wp\/v2\/product\/751","targetHints":{"allow":["GET"]}}],"collection":[{"href":"https:\/\/customacrylicproduct.com\/de\/wp-json\/wp\/v2\/product"}],"about":[{"href":"https:\/\/customacrylicproduct.com\/de\/wp-json\/wp\/v2\/types\/product"}],"wp:featuredmedia":[{"embeddable":true,"href":"https:\/\/customacrylicproduct.com\/de\/wp-json\/wp\/v2\/media\/755"}],"wp:attachment":[{"href":"https:\/\/customacrylicproduct.com\/de\/wp-json\/wp\/v2\/media?parent=751"}],"wp:term":[{"taxonomy":"product_brand","embeddable":true,"href":"https:\/\/customacrylicproduct.com\/de\/wp-json\/wp\/v2\/product_brand?post=751"},{"taxonomy":"product_cat","embeddable":true,"href":"https:\/\/customacrylicproduct.com\/de\/wp-json\/wp\/v2\/product_cat?post=751"},{"taxonomy":"product_tag","embeddable":true,"href":"https:\/\/customacrylicproduct.com\/de\/wp-json\/wp\/v2\/product_tag?post=751"}],"curies":[{"name":"wp","href":"https:\/\/api.w.org\/{rel}","templated":true}]}}