{"id":768,"date":"2025-07-09T13:08:31","date_gmt":"2025-07-09T13:08:31","guid":{"rendered":"https:\/\/customacrylicproduct.com\/?post_type=product&#038;p=768"},"modified":"2025-07-09T13:25:04","modified_gmt":"2025-07-09T13:25:04","slug":"custom-logo-clear-acrylic-room-signs-hotel-perspex-signage","status":"publish","type":"product","link":"https:\/\/customacrylicproduct.com\/de\/custom-logo-clear-acrylic-room-signs-hotel-perspex-signage\/","title":{"rendered":"Benutzerdefinierte Logo klar Acryl Zimmer Schilder Hotel Plexiglas Beschilderung"},"content":{"rendered":"<h3 id=\"-defining-area-elevating-brands-the-personalized-clear-polymer-signs-collection-\"><strong>Bereich definieren, Marken aufwerten: Die Kollektion personalisierter klarer Polymerschilder\u00a0<\/strong>.<\/h3>\n<p>In der modernen Gastgewerbe- und Unternehmenslandschaft ist der erste Eindruck einer der nachhaltigsten. Er beginnt nicht nur am gro\u00dfen Eingang, sondern auch an jedem weiteren Ber\u00fchrungspunkt. Die T\u00fcr zu einem G\u00e4stezimmer, der Eingang zu einem Konferenzraum, das Etikett einer exklusiven Kollektion - jeder dieser Punkte ist eine Gelegenheit, Qualit\u00e4t zu vermitteln, die Markenidentit\u00e4t zu st\u00e4rken und einen reibungslosen Ablauf zu garantieren. Mit diesem tiefgreifenden Verst\u00e4ndnis stellen wir unsere Top-Linie von kundenspezifisch gestalteten Clear Polymer Space Indicators und <a href=\"https:\/\/customacrylicproduct.com\/de\/custom-logo-clear-acrylic-room-signs-hotel-perspex-signage\/\">Resort Plexiglas-Beschilderung<\/a>, ein Service, der ebenso praktisch wie sch\u00f6n ist.<\/p>\n<p>Dies ist mehr als ein einfaches T\u00fcrschild, es ist ein architektonisches Schmuckst\u00fcck. Sorgf\u00e4ltig aus hochwertigen Materialien gefertigt und mit einem au\u00dfergew\u00f6hnlichen Ma\u00df an Individualit\u00e4t versehen, sind unsere Schilder f\u00fcr Einrichtungen gedacht, die keine Abstriche bei den Details machen wollen. F\u00fcr High-End-Resorts, Luxushotels, Premium-Servicewohnungen und innovative Unternehmen sind unsere Schilder ein klares Statement f\u00fcr Professionalit\u00e4t, Vertrauen und Stil.<\/p>\n<h3 id=\"-area-1-the-structure-of-brilliance-core-materials-and-qualities-\"><strong>Bereich 1: Die Struktur der Brillanz - Kernmaterialien und Qualit\u00e4ten\u00a0<\/strong>.<\/h3>\n<p>Das Herzst\u00fcck unserer Beschilderung ist ihr Schl\u00fcsselprodukt: hochwertiges, transparentes Acrylglas, auch bekannt unter dem Namen Plexiglas. Wir haben uns f\u00fcr dieses Produkt entschieden, weil es die F\u00e4higkeit besitzt, \u00e4sthetische Reinheit mit der robusten Effizienz zu verbinden, die f\u00fcr hochfrequentierte Bereiche erforderlich ist.<\/p>\n<p><strong>Kristallklare Modernit\u00e4t\u00a0<\/strong>. Die herausragende Eigenschaft von Acrylglas ist seine ph\u00e4nomenale optische Klarheit, die der von feinstem Glas entspricht, jedoch ohne dessen Br\u00fcchigkeit. Diese makellose Transparenz erzeugt einen eleganten, modernen visuellen Effekt, der Botschaften und Logos so erscheinen l\u00e4sst, als w\u00fcrden sie elegant \u00fcber die T\u00fcr- oder Wandoberfl\u00e4che gleiten. Bei Umgebungslicht oder direkter Beleuchtung fangen die glatten Kanten des Acryls das Licht ein und brechen es, wodurch ein subtiler, innovativer Schimmer entsteht, der die Dimensionalit\u00e4t und das Aussehen verbessert. Dadurch entsteht ein viel dynamischerer und hochwertigerer Eindruck als bei ebenen, undurchsichtigen Materialien.<\/p>\n<p><strong>Unnachgiebige Langlebigkeit und Sicherheit\u00a0<\/strong>. Acryl sieht zwar zerbrechlich aus, ist aber bemerkenswert hart. Es ist im Vergleich zu Glas besonders widerstandsf\u00e4hig, so dass es praktisch unzerbrechlich ist und sich perfekt f\u00fcr den t\u00e4glichen Gebrauch eignet. Diese Festigkeit sorgt f\u00fcr eine lange Lebensdauer, ohne Risse und Absplitterungen, die bei weniger hochwertigen Materialien auftreten k\u00f6nnen. Dar\u00fcber hinaus wird es aufgrund seiner inh\u00e4renten Anti-Aging-Eigenschaften im Laufe der Zeit weder vergilben noch br\u00fcchig werden, so dass es seine makellose Optik \u00fcber Jahre hinweg beibeh\u00e4lt. Da es wesentlich leichter ist als Glas, ist es auch sicherer und weniger kompliziert zu montieren, was die Gefahr und den logistischen Aufwand verringert.<\/p>\n<p><strong>Einfache Instandhaltung\u00a0<\/strong>. Die glatte, nicht por\u00f6se Oberfl\u00e4che von Acryl ist extrem pflegeleicht. Es h\u00e4lt Fingerabdr\u00fccken und Flecken stand und kann schnell mit einem weichen Stoff abgewischt werden, damit Ihre Beschilderung stets makellos und fachm\u00e4nnisch aussieht.<\/p>\n<p><a href=\"https:\/\/customacrylicproduct.com\/de\/custom-logo-clear-acrylic-room-signs-hotel-perspex-signage\/\"><img fetchpriority=\"high\" decoding=\"async\" class=\"aligncenter wp-image-769 size-full\" src=\"https:\/\/customacrylicproduct.com\/wp-content\/uploads\/2025\/07\/Custom-Hotel-Signs.jpg\" alt=\"Individuelle Hotelschilder\" width=\"800\" height=\"800\" srcset=\"https:\/\/customacrylicproduct.com\/wp-content\/uploads\/2025\/07\/Custom-Hotel-Signs.jpg 800w, https:\/\/customacrylicproduct.com\/wp-content\/uploads\/2025\/07\/Custom-Hotel-Signs-300x300.jpg 300w, https:\/\/customacrylicproduct.com\/wp-content\/uploads\/2025\/07\/Custom-Hotel-Signs-150x150.jpg 150w, https:\/\/customacrylicproduct.com\/wp-content\/uploads\/2025\/07\/Custom-Hotel-Signs-768x768.jpg 768w, https:\/\/customacrylicproduct.com\/wp-content\/uploads\/2025\/07\/Custom-Hotel-Signs-12x12.jpg 12w, https:\/\/customacrylicproduct.com\/wp-content\/uploads\/2025\/07\/Custom-Hotel-Signs-600x600.jpg 600w, https:\/\/customacrylicproduct.com\/wp-content\/uploads\/2025\/07\/Custom-Hotel-Signs-100x100.jpg 100w\" sizes=\"(max-width: 800px) 100vw, 800px\" \/><\/a><\/p>\n<h3 id=\"-area-2-the-art-of-style-framework-and-aesthetic-appeal-\"><strong>Bereich 2: Die Kunst des Stils - Rahmen und \u00e4sthetischer Reiz\u00a0<\/strong>.<\/h3>\n<p>Unsere Designphilosophie basiert auf einem modernen, minimalen Erscheinungsbild, bei dem klare Linien und ein durchdachter Rahmen eine effektive visuelle Wirkung erzeugen. Jeder Indikator ist eine sorgf\u00e4ltig durchdachte Struktur aus Art und Funktion.<\/p>\n<p><strong>Die traditionelle rechteckige Art\u00a0<\/strong>. Der Text unserer Beschilderung ist ein zeitloses Rechteck - eine zeitlose Form, die Klarheit, Lesbarkeit und eine sehr einfache Kombination mit jeder Art von architektonischem Stil gew\u00e4hrleistet. Seine einfachen, wohlwollenden Proportionen bieten die perfekte Leinwand f\u00fcr Ihr ma\u00dfgeschneidertes Branding und Ihre Informationen.<\/p>\n<p><strong>Mehrschichtige und partitionierte Designs\u00a0<\/strong>. Um das \u00e4sthetische Interesse und den Sinn f\u00fcr die Hackordnung zu erh\u00f6hen, bieten wir fortschrittliche mehrschichtige und segmentierte Layouts an. Wie in unseren Beispielen zu sehen ist, kann ein Indikator in verschiedene Bereiche unterteilt werden - einen oberen Teil f\u00fcr das Logo Ihrer Marke und einen unteren Bereich mit einem attraktiven Streifen. Diese Trennung ordnet nicht nur Details an, sondern bietet auch ein reichhaltiges Zusammenspiel von Erscheinungsbildern und Farben und verwandelt den Indikator von einem einfachen Stift in ein komponiertes Stilelement.<\/p>\n<p><strong>Praktische Raffinesse: Begrenzungen und h\u00e4ngende \u00d6ffnungen\u00a0<\/strong>. Informationen machen den Stil. F\u00fcr einen Hauch von klassischem Luxus k\u00f6nnen die Schilder mit einer schmalen, polierten goldenen Umrandung versehen werden. Diese einzelne Komponente steigert den wahrgenommenen Wert und die Struktur des Gegenstandes drastisch und macht ihn absolut geeignet f\u00fcr eine gehobene Resort-Atmosph\u00e4re.<\/p>\n<p>F\u00fcr Statusschilder wie \u201cBitte nicht st\u00f6ren\u201d oder \u201cBitte Platz machen\u201d wurde ein durchdachtes rundes Aufh\u00e4ngeloch entwickelt, das der Funktionalit\u00e4t dient. Dadurch kann das Schild bequem und fest an jeder T\u00fcr angebracht werden, so dass die Botschaft ohne gro\u00dfen Aufwand deutlich und elegant angezeigt wird.<\/p>\n<p><a href=\"https:\/\/customacrylicproduct.com\/de\/custom-logo-clear-acrylic-room-signs-hotel-perspex-signage\/\"><img decoding=\"async\" class=\"aligncenter wp-image-772 size-full\" src=\"https:\/\/customacrylicproduct.com\/wp-content\/uploads\/2025\/07\/Custom-Hotel-Signs-3.jpg\" alt=\"Individuelle Hotelschilder\" width=\"800\" height=\"800\" srcset=\"https:\/\/customacrylicproduct.com\/wp-content\/uploads\/2025\/07\/Custom-Hotel-Signs-3.jpg 800w, https:\/\/customacrylicproduct.com\/wp-content\/uploads\/2025\/07\/Custom-Hotel-Signs-3-300x300.jpg 300w, https:\/\/customacrylicproduct.com\/wp-content\/uploads\/2025\/07\/Custom-Hotel-Signs-3-150x150.jpg 150w, https:\/\/customacrylicproduct.com\/wp-content\/uploads\/2025\/07\/Custom-Hotel-Signs-3-768x768.jpg 768w, https:\/\/customacrylicproduct.com\/wp-content\/uploads\/2025\/07\/Custom-Hotel-Signs-3-12x12.jpg 12w, https:\/\/customacrylicproduct.com\/wp-content\/uploads\/2025\/07\/Custom-Hotel-Signs-3-600x600.jpg 600w, https:\/\/customacrylicproduct.com\/wp-content\/uploads\/2025\/07\/Custom-Hotel-Signs-3-100x100.jpg 100w\" sizes=\"(max-width: 800px) 100vw, 800px\" \/><\/a><\/p>\n<h3 id=\"-section-3-the-power-of-identification-unrivaled-personalization-\"><strong>Abschnitt 3: Die Macht der Identifikation - Unerreichte Personalisierung\u00a0<\/strong>.<\/h3>\n<p>Das Wort \u201cPersonalisiert\u201d ist die Grundlage unseres Angebots. Wir bieten eine umfangreiche Sammlung von Anpassungsoptionen, die Sie ermutigen, eine Beschilderungsoption zu entwickeln, die eine echte Erweiterung Ihres Markennamens ist.<\/p>\n<p><strong>1. Text- und Info-\u00c4nderung:\u00a0<\/strong>. Dies ist die grundlegendste Ebene der Anpassung. Sie k\u00f6nnen jede Art von Nachricht in jeder beliebigen Mischung von Sprachen definieren, um Ihren betrieblichen Anforderungen gerecht zu werden:.<\/p>\n<ul>\n<li><strong>Zimmer-Nummern:\u00a0<\/strong>\u201c502\u201d, \u201cSammlung 1208\u201d, \u201cDie staatliche Sammlung\u201d.<\/li>\n<li><strong>Status-Anzeigen:\u00a0<\/strong>\u201cBitte nicht st\u00f6ren\u201d, \u201cBitte jetzt aufr\u00e4umen\u201d, \u201cL\u00f6sung im Raum erbeten\u201d.<\/li>\n<li><strong>N\u00fctzlicher Bereich Etiketten:\u00a0<\/strong>\u201cKonferenzraum\u201d, \u201cWellness\u201d, \u201cRestaurant\u201d, \u201cPers\u00f6nlich\u201d.<\/li>\n<\/ul>\n<p><strong>2. \u00c4nderung von Logo und Symbol:\u00a0<\/strong>. Ihr Logo ist Ihr Markenzeichen. Wir bieten eine Reihe von Kosten Methoden, um es mit Genauigkeit und Wirkung zu machen:.<\/p>\n<ul>\n<li><strong>Stahlblech Einlage\/Befestigung:\u00a0<\/strong>Wie bei dem goldenen \u201cXinji\u201d-Emblem kann ein eigenst\u00e4ndig gefertigtes Metall-Logo-Design auf die Acrylfl\u00e4che aufgebracht werden. So entsteht eine sensationelle dreidimensionale Wirkung mit authentischer Metallstruktur.<\/li>\n<li><strong>Hochaufl\u00f6sender UV-Druck:\u00a0<\/strong>Bei komplizierten, mehrfarbigen Logodesigns tr\u00e4gt unser fortschrittliches UV-Druckverfahren die Tinte direkt auf das Acryl auf, was zu scharfen, lebendigen und robusten Grafiken f\u00fchrt.<\/li>\n<li><strong>Genauigkeit der Laserbeschriftung:\u00a0<\/strong>F\u00fcr eine raffinierte, anspruchsvolle Wirkung kann Ihr Logo-Design per Lasergravur in das Acrylglas eingraviert werden, so dass ein eingefrorenes Tiefdruckbild oder ein sauberes, ausgeh\u00f6hltes Layout entsteht.<\/li>\n<\/ul>\n<p><strong>3. Anpassung der Bereichsnummer und des Schriftstils:\u00a0<\/strong>. Die Zimmernummern selbst sind eine Gestaltungsm\u00f6glichkeit. Wir k\u00f6nnen sie mit verschiedenen Techniken so gestalten, dass sie zu Ihrem bevorzugten Erscheinungsbild passen:.<\/p>\n<ul>\n<li><strong>3D-Metall-Figuren:\u00a0<\/strong>Separat mit der Fl\u00e4che des Schildes verbunden, entwickeln sie ein ber\u00fchmtes, hochwertiges Aussehen mit echter Tiefe und Dunkelheitsspiel.<\/li>\n<li><strong>Wohnung Metallic-Druck:\u00a0<\/strong>Eine kosteng\u00fcnstige und dennoch stilvolle Alternative, bei der Spezialtinten verwendet werden, um eine Metallic-Oberfl\u00e4che nachzubilden.<\/li>\n<li><strong>Gravieren und F\u00fcllen:\u00a0<\/strong>Die Zahlen werden zun\u00e4chst direkt in das Acryl eingeschrieben, und die Aussparung wird anschlie\u00dfend mit einem get\u00f6nten Pigment (z. B. Gold, Silber, Schwarz) gef\u00fcllt, um ein scharfes, widerstandsf\u00e4higes Ergebnis zu erzielen.<\/li>\n<\/ul>\n<p><strong>4. Beschattung, Produkt- und Dekorationsver\u00e4nderung:\u00a0<\/strong>. Hier k\u00f6nnen Sie die Beschilderung vollst\u00e4ndig auf Ihr Einrichtungskonzept abstimmen:.<\/p>\n<ul>\n<li><strong>Grundplatte Schirm:\u00a0<\/strong>Obwohl klares Acryl \u00fcblich ist, k\u00f6nnen wir jede Art von historischer Farbe erreichen, indem wir das Acryl hintermalen oder einen get\u00f6nten Film verwenden. Dies erm\u00f6glicht eine perfekte Farbanpassung an den Markennamen, von rohem Wei\u00df bis zu tiefem, innovativem Schwarz.<\/li>\n<li><strong>Text &amp; Logo Design Farbe:\u00a0<\/strong>W\u00e4hlen Sie aus einer kompletten Farbpalette, die aus atemberaubenden Gold-, Silber- und Bronzet\u00f6nen besteht.<\/li>\n<li><strong>Rahmen Personalisierung:\u00a0<\/strong>Die Umrandung kann in zahlreichen Farben und Beschichtungen (Gold, Silber, Mattschwarz, Chrom) passend zu Ihren T\u00fcrbeschl\u00e4gen und Ihrer Dekoration gestaltet werden.<\/li>\n<li><strong>Dekorative Streifen:\u00a0<\/strong>Der segmentierte Stil erlaubt es, verschiedene Materialien und Texturen zu integrieren. F\u00fcgen Sie einen Streifen mit einer praktischen Holzmaserung, einer raffinierten Lederstruktur, einer gereinigten Stahloptik oder einem Steinmuster ein, um W\u00e4rme und Raffinesse zu erzeugen.<\/li>\n<\/ul>\n<p><a href=\"https:\/\/customacrylicproduct.com\/de\/custom-acrylic-signs\/\"><img decoding=\"async\" class=\"aligncenter wp-image-771 size-full\" src=\"https:\/\/customacrylicproduct.com\/wp-content\/uploads\/2025\/07\/Custom-Hotel-Signs-2.jpg\" alt=\"Individuelle Hotelschilder\" width=\"800\" height=\"800\" srcset=\"https:\/\/customacrylicproduct.com\/wp-content\/uploads\/2025\/07\/Custom-Hotel-Signs-2.jpg 800w, https:\/\/customacrylicproduct.com\/wp-content\/uploads\/2025\/07\/Custom-Hotel-Signs-2-300x300.jpg 300w, https:\/\/customacrylicproduct.com\/wp-content\/uploads\/2025\/07\/Custom-Hotel-Signs-2-150x150.jpg 150w, https:\/\/customacrylicproduct.com\/wp-content\/uploads\/2025\/07\/Custom-Hotel-Signs-2-768x768.jpg 768w, https:\/\/customacrylicproduct.com\/wp-content\/uploads\/2025\/07\/Custom-Hotel-Signs-2-12x12.jpg 12w, https:\/\/customacrylicproduct.com\/wp-content\/uploads\/2025\/07\/Custom-Hotel-Signs-2-600x600.jpg 600w, https:\/\/customacrylicproduct.com\/wp-content\/uploads\/2025\/07\/Custom-Hotel-Signs-2-100x100.jpg 100w\" sizes=\"(max-width: 800px) 100vw, 800px\" \/><\/a><\/p>\n<h3 id=\"-section-4-a-testimony-to-craftsmanship-\"><strong>Abschnitt 4: Ein Zeugnis der Handwerkskunst\u00a0<\/strong>.<\/h3>\n<p>Das Endprodukt ist ein Spiegelbild der Sorgfalt und der fortschrittlichen Technologie, die bei seiner Herstellung zum Einsatz kommen.<\/p>\n<p><strong>Hochpr\u00e4zise Fertigung:\u00a0<\/strong>Ob Drucken, Beschriften oder Schneiden - wir setzen moderne Maschinen ein. Diese sorgen daf\u00fcr, dass alle Texte, Logos und Linien in absoluter Sch\u00e4rfe und Qualit\u00e4t wiedergegeben werden, ohne Unsch\u00e4rfen oder harte Seiten.<\/p>\n<p><strong>Echte Metallic- und 3D-Aufschl\u00e4ge:\u00a0<\/strong>Unsere Goldelemente sind nicht einfach gef\u00e4rbter Kunststoff. Sie werden in Handarbeit hergestellt, um einen echten Metallglanz und eine substanzielle dreidimensionale Existenz zu erreichen. Dieser Fokus auf materiellen Realismus ist es, der einen Premium-Indikator von einem konventionellen unterscheidet und ein sp\u00fcrbares Gef\u00fchl von Spitzenqualit\u00e4t und High-End vermittelt.<\/p>\n<p><strong>Makellose Oberfl\u00e4chenbearbeitung:\u00a0<\/strong>Jedes St\u00fcck Acryl wird fachm\u00e4nnisch reduziert und die Kanten werden flammenpoliert, um eine glatte, glas\u00e4hnliche Oberfl\u00e4che zu erhalten, die ein risikofreies und optisch ansprechendes Endprodukt gew\u00e4hrleistet.<\/p>\n<h3 id=\"-area-5-the-range-of-application-\"><strong>Bereich 5: Der Anwendungsbereich\u00a0<\/strong>.<\/h3>\n<p>Die Spitzenqualit\u00e4t und Vielseitigkeit unserer Produkte wurde mit Blick auf den modernen Urlaubsort entwickelt. <a href=\"https:\/\/customacrylicproduct.com\/de\/custom-acrylic-signs\/\">ma\u00dfgeschneiderte Acrylschilder<\/a> machen ihn zur perfekten Wahl f\u00fcr eine Vielzahl von gehobenen Umgebungen:.<\/p>\n<ul>\n<li><strong>Hotel-Besucherbereiche:\u00a0<\/strong>Zur Erkennung der Zimmernummer und des Stehbildschirms (\u201dBitte nicht st\u00f6ren\u201d).<\/li>\n<li><strong>Resort Gemeinsame Standorte:\u00a0<\/strong>F\u00fcr die Erkennung praktischer Bereiche wie Sitzungss\u00e4le, Organisationszentren, Day Spas und gastronomische Einrichtungen.<\/li>\n<li><strong>Deluxe Serviced Apartments &amp; Resorts:\u00a0<\/strong>F\u00fcr ein gleichm\u00e4\u00dfiges, hochwertiges Erscheinungsbild in der gesamten Wohn- oder Gewerbeimmobilie.<\/li>\n<li><strong>Gesch\u00e4ftsstellen:\u00a0<\/strong>F\u00fcr Namen von Sitzungss\u00e4len, T\u00fcren von Chefb\u00fcros und Wegweiser.<\/li>\n<li><strong>Einrichtungen des Gesundheitswesens:\u00a0<\/strong>F\u00fcr VIP-Stationen, pers\u00f6nliche Kliniken und Terminbereiche, in denen ein sachkundiges und beruhigendes Erscheinungsbild gew\u00fcnscht wird.<\/li>\n<\/ul>\n<h3 id=\"-conclusion-an-apparent-advantage-\"><strong>Schlussfolgerung: Ein offensichtlicher Vorteil\u00a0<\/strong>.<\/h3>\n<p>Die Entscheidung f\u00fcr unsere kundenspezifischen, klaren Polymerschilder ist eine finanzielle Investition in jede Facette der physischen Sichtbarkeit Ihrer Marke. Es liefert:.<\/p>\n<ul>\n<li><strong>Unerreichte Professionalit\u00e4t und Zuverl\u00e4ssigkeit:\u00a0<\/strong>Ein klares, ausgekl\u00fcgeltes System zur Raum- und Zustandserkennung.<\/li>\n<li><strong>Allgemeine Personalisierung:\u00a0<\/strong>Liberty, um die Beschilderung vollst\u00e4ndig auf Ihre Markenidentit\u00e4t und Ihr Innendesign abzustimmen.<\/li>\n<li><strong>Hervorragende Qualit\u00e4t und Robustheit:\u00a0<\/strong>Hergestellt aus hochwertigen Produkten, die \u00fcber Jahre hinweg au\u00dfergew\u00f6hnlich aussehen.<\/li>\n<li><strong>High-End-\u00c4sthetik:\u00a0<\/strong>Ein modernes, fortschrittliches Design, das jeden Bereich aufwertet.<\/li>\n<li><strong>Hervorragende Qualit\u00e4t:\u00a0<\/strong>Das kontrastreiche Design sorgt daf\u00fcr, dass die Informationen auf einen Blick leicht zu erkennen sind.<\/li>\n<li><strong>Unkomplizierte Installation und Nutzung:\u00a0<\/strong>Dank des geringen Gewichts der Produkte und der durchdachten Gestaltung sind sie einfach zu installieren oder aufzuh\u00e4ngen.<\/li>\n<\/ul>\n<p>Lassen Sie die \u00fcblichen Zeichen hinter sich. Lassen Sie uns Ihnen helfen, einen ma\u00dfgeschneiderten Service zu entwickeln, der B\u00e4nde \u00fcber Ihr Engagement f\u00fcr Qualit\u00e4t und Information spricht. Setzen Sie sich noch heute mit unseren Design-Spezialisten in Verbindung, um T\u00fcr f\u00fcr T\u00fcr den idealen ersten Eindruck zu vermitteln.<\/p>","protected":false},"excerpt":{"rendered":"<p>Definieren Sie Ihren Raum mit individuellen Logoschildern. Diese aus kristallklarem, haltbarem Acryl (Plexiglas) gefertigten Schilder sorgen f\u00fcr einen raffinierten \u2018schwebenden\u2019 Look f\u00fcr Zimmernummern und Namen. Der ultimative professionelle Touch f\u00fcr moderne Hotels und B\u00fcros.<\/p>","protected":false},"featured_media":769,"template":"","meta":{"_kad_post_transparent":"default","_kad_post_title":"","_kad_post_layout":"default","_kad_post_sidebar_id":"","_kad_post_content_style":"default","_kad_post_vertical_padding":"default","_kad_post_feature":"","_kad_post_feature_position":"","_kad_post_header":false,"_kad_post_footer":false,"_kad_post_classname":""},"product_brand":[],"product_cat":[18],"product_tag":[84,51,85],"class_list":{"0":"post-768","1":"product","2":"type-product","3":"status-publish","4":"has-post-thumbnail","6":"product_cat-custom-acrylic-signs","7":"product_tag-clear-acrylic-signs","8":"product_tag-custom-acrylic-signs","9":"product_tag-custom-hotel-signs","11":"first","12":"instock","13":"shipping-taxable","14":"product-type-simple","15":"entry","16":"content-bg","17":"loop-entry"},"_links":{"self":[{"href":"https:\/\/customacrylicproduct.com\/de\/wp-json\/wp\/v2\/product\/768","targetHints":{"allow":["GET"]}}],"collection":[{"href":"https:\/\/customacrylicproduct.com\/de\/wp-json\/wp\/v2\/product"}],"about":[{"href":"https:\/\/customacrylicproduct.com\/de\/wp-json\/wp\/v2\/types\/product"}],"wp:featuredmedia":[{"embeddable":true,"href":"https:\/\/customacrylicproduct.com\/de\/wp-json\/wp\/v2\/media\/769"}],"wp:attachment":[{"href":"https:\/\/customacrylicproduct.com\/de\/wp-json\/wp\/v2\/media?parent=768"}],"wp:term":[{"taxonomy":"product_brand","embeddable":true,"href":"https:\/\/customacrylicproduct.com\/de\/wp-json\/wp\/v2\/product_brand?post=768"},{"taxonomy":"product_cat","embeddable":true,"href":"https:\/\/customacrylicproduct.com\/de\/wp-json\/wp\/v2\/product_cat?post=768"},{"taxonomy":"product_tag","embeddable":true,"href":"https:\/\/customacrylicproduct.com\/de\/wp-json\/wp\/v2\/product_tag?post=768"}],"curies":[{"name":"wp","href":"https:\/\/api.w.org\/{rel}","templated":true}]}}