{"id":776,"date":"2025-07-09T13:34:19","date_gmt":"2025-07-09T13:34:19","guid":{"rendered":"https:\/\/customacrylicproduct.com\/?post_type=product&#038;p=776"},"modified":"2025-07-09T13:41:50","modified_gmt":"2025-07-09T13:41:50","slug":"bespoke-clear-round-acrylic-perspex-coffee-tables-suppliers","status":"publish","type":"product","link":"https:\/\/customacrylicproduct.com\/de\/bespoke-clear-round-acrylic-perspex-coffee-tables-suppliers\/","title":{"rendered":"Bespoke Clear Runde Acryl Plexiglas Couchtische Lieferanten"},"content":{"rendered":"<h3 id=\"-the-art-of-invisibility-your-premier-uk-partner-for-bespoke-clear-acrylic-coffee-tables-\"><strong>Die Kunst der Unsichtbarkeit: Ihr erster Partner f\u00fcr ma\u00dfgeschneiderte Couchtische aus klarem Acryl <\/strong>.<\/h3>\n<p>Auf dem Planeten der modernen Inneneinrichtung ist der h\u00f6chste Luxus oft nicht das, was man sieht, sondern das Gef\u00fchl, das ein Raum wirklich ausl\u00f6st. Es ist das Gef\u00fchl von Offenheit, Licht und leichter Eleganz. Im Zentrum dieses minimalistischen Prinzips steht ein Material, das sich den Konventionen widersetzt: klares Acryl. Wir sind nicht einfach nur Lieferanten, sondern spezialisierte Hersteller und ideenreiche Partner, die sich der Herstellung von eleganten Produkten verschrieben haben, <a href=\"https:\/\/customacrylicproduct.com\/de\/bespoke-clear-round-acrylic-perspex-coffee-tables-suppliers\/\">runde Couchtische aus klarem Acryl (Plexiglas) nach Ma\u00df<\/a> die als stilles, aufsehenerregendes Herzst\u00fcck jeder Art von modernem Interieur fungieren.<\/p>\n<p>Jeder Tisch wird in unserer Produktionsst\u00e4tte in East Yorkshire mit gr\u00f6\u00dfter Sorgfalt handgefertigt und ist ein Zeugnis britischer Handwerkskunst, modernsten Designs und eines tiefen Verst\u00e4ndnisses f\u00fcr die einzigartigen Visionen unserer Kunden. Ganz gleich, ob Sie ein Innenarchitekt sind, der ein hochwertiges Wohnprojekt plant, ein Industriekunde, der ein stilvolles Caf\u00e9 oder einen Pop-up-Shop einrichten m\u00f6chte, oder ein H\u00e4ndler, der exklusive, hochwertige M\u00f6bel sucht - wir sind Ihre direkte Quelle f\u00fcr St\u00fccke, die engelhafte Eleganz mit t\u00e4glicher Funktionalit\u00e4t verbinden.<\/p>\n<p>Dies ist mehr als nur ein M\u00f6belst\u00fcck. Es handelt sich um n\u00fctzliche Kunst, die auf Sie zugeschnitten ist.<\/p>\n<h3 id=\"-area-1-the-material-of-the-moment-the-polymer-benefit-\"><strong>Bereich 1: Das Material der Stunde - Der Polymervorteil\u00a0<\/strong>.<\/h3>\n<p>Die Grundlage unserer Couchtische ist die au\u00dferordentlich hohe Qualit\u00e4t des von uns ausgew\u00e4hlten Produkts: neue PMMA-Acrylplatten in Premiumqualit\u00e4t. Wir w\u00e4hlen nur die besten Materialien aus, um sicherzustellen, dass jedes St\u00fcck, das wir produzieren, nicht nur den Kriterien des Sektors entspricht, sondern diese \u00fcbertrifft.<\/p>\n<p><strong>Au\u00dfergew\u00f6hnliche Offenheit und Beweglichkeit\u00a0<\/strong>. Unser Acryl hat einen Lichtdurchlass von \u00fcber 93% und bietet eine kristallklare, glasartige Reinheit, die ihresgleichen sucht. Diese au\u00dfergew\u00f6hnliche Transparenz f\u00fchrt zu einem \u201cgeisterhaften\u201d Ergebnis und erm\u00f6glicht es dem Tisch, sich nahtlos in jede Art von Umgebung einzuf\u00fcgen. Er beherrscht einen Raum nicht, sondern erhebt ihn. Indem er das Licht durchl\u00e4sst und sich in seinen polierten Oberfl\u00e4chen spiegelt, verst\u00e4rkt er das Gef\u00fchl von Raum und l\u00e4sst selbst kleinere Wohnzimmer oder Gesch\u00e4ftsr\u00e4ume offener, bel\u00fcfteter und weitl\u00e4ufiger erscheinen.<\/p>\n<p><strong>\u00dcberragende Robustheit und Sicherheit\u00a0<\/strong>. Es hat zwar die gleiche optische Anziehungskraft wie Glas, doch ist Acrylglas in seiner Effizienz weit \u00fcberlegen. Es ist von Natur aus unzerbrechlich und verf\u00fcgt \u00fcber eine wesentlich h\u00f6here Schlagfestigkeit. Das macht unsere Couchtische zu einer weitaus sichereren und funktionaleren Wahl f\u00fcr Haushalte mit Kindern und Hunden sowie f\u00fcr stark frequentierte Gesch\u00e4ftsr\u00e4ume. Diese Widerstandsf\u00e4higkeit wird durch eine hervorragende Witterungsbest\u00e4ndigkeit erg\u00e4nzt, die daf\u00fcr sorgt, dass das Produkt nicht vergilbt oder mit der Zeit abbaut und seine makellose Klarheit \u00fcber mehrere Jahre hinweg beibeh\u00e4lt. Als Beweis f\u00fcr seine Spitzenqualit\u00e4t kann unser Material die strenge SGS-Zertifizierung f\u00fcr Sicherheit und hohe Qualit\u00e4t bestehen.<\/p>\n<p><strong>Hygienisch und pflegeleicht\u00a0<\/strong>. Die porenfreie Oberfl\u00e4che von Acryl ist unglaublich hygienisch und leicht zu reinigen - ein entscheidendes Attribut f\u00fcr die Einrichtung von Haus und Wohnung. Versch\u00fcttetes Wasser, Fingerabdr\u00fccke und Staub k\u00f6nnen mit einem weichen Stoff und leichter Seife abgewischt werden und hinterlassen eine sch\u00f6ne, streifenfreie Oberfl\u00e4che. Im Gegensatz zu Holz l\u00e4uft es nicht an und nimmt keine Feuchtigkeit auf, und im Gegensatz zu einigen Metallen wird es niemals rosten oder anlaufen.<\/p>\n<p><a href=\"https:\/\/customacrylicproduct.com\/de\/bespoke-clear-round-acrylic-perspex-coffee-tables-suppliers\/\"><img fetchpriority=\"high\" decoding=\"async\" class=\"alignnone wp-image-779 size-full\" src=\"https:\/\/customacrylicproduct.com\/wp-content\/uploads\/2025\/07\/Acrylic-Coffee-Tables-4.jpg\" alt=\"Acryl Couchtische\" width=\"1000\" height=\"1000\" srcset=\"https:\/\/customacrylicproduct.com\/wp-content\/uploads\/2025\/07\/Acrylic-Coffee-Tables-4.jpg 1000w, https:\/\/customacrylicproduct.com\/wp-content\/uploads\/2025\/07\/Acrylic-Coffee-Tables-4-300x300.jpg 300w, https:\/\/customacrylicproduct.com\/wp-content\/uploads\/2025\/07\/Acrylic-Coffee-Tables-4-150x150.jpg 150w, https:\/\/customacrylicproduct.com\/wp-content\/uploads\/2025\/07\/Acrylic-Coffee-Tables-4-768x768.jpg 768w, https:\/\/customacrylicproduct.com\/wp-content\/uploads\/2025\/07\/Acrylic-Coffee-Tables-4-12x12.jpg 12w, https:\/\/customacrylicproduct.com\/wp-content\/uploads\/2025\/07\/Acrylic-Coffee-Tables-4-600x600.jpg 600w, https:\/\/customacrylicproduct.com\/wp-content\/uploads\/2025\/07\/Acrylic-Coffee-Tables-4-100x100.jpg 100w\" sizes=\"(max-width: 1000px) 100vw, 1000px\" \/><\/a><\/p>\n<h3 id=\"-area-2-the-workmanship-behind-the-clarity-our-core-modern-technology-and-quality-control-\"><strong>Bereich 2: Das Handwerk hinter der Klarheit - Unsere moderne Kerntechnologie und Qualit\u00e4tskontrolle\u00a0<\/strong>.<\/h3>\n<p>Ein hervorragendes Endprodukt ist das Ergebnis eines Prozesses, der von \u00e4u\u00dferster Pr\u00e4zision und meisterhafter Technik gepr\u00e4gt ist. In unserer Produktionsst\u00e4tte in East Yorkshire verbinden wir altehrw\u00fcrdige handwerkliche Fertigkeiten mit modernster Technologie, um ein hohes Qualit\u00e4tsniveau zu erreichen, das konkret ist.<\/p>\n<p><strong>Pr\u00e4zisions-Laserschneiden\u00a0<\/strong>. Jedes Teil unserer Tische beginnt mit einem optimalen Schnitt. Wir verwenden eine fortschrittliche Laserschneidetechnik, die eine Genauigkeit von \u2264 0,3 mm garantiert. Diese erstaunliche Genauigkeit stellt sicher, dass alle Teile perfekt ineinandergreifen und saubere Linien und exzellente Konturen entwickeln, die die Merkmale von hochwertigem Minimal Design sind.<\/p>\n<p><strong>Nahtlose Verklebung Innovation\u00a0<\/strong>. Eine der gr\u00f6\u00dften Herausforderungen bei der Herstellung von Acrylglas ist es, nicht nachweisbare Verbindungen zu erzielen. Unsere Fachleute setzen ein spezielles, spurloses Klebeverfahren ein, das Acrylteile chemisch miteinander verbindet. Das Ergebnis sind Fugen, die nicht nur au\u00dfergew\u00f6hnlich stark, sondern auch optisch klar sind und die Illusion einer einzigen, monolithischen Art erzeugen. Die Oberfl\u00e4che der Tischplatte ist garantiert einwandfrei eben und glatt, ohne erkennbare Linien, die ihre glatte \u00c4sthetik unterbrechen.<\/p>\n<p><strong>Exquisite Oberfl\u00e4che und Seitentherapie\u00a0<\/strong>. Die Haptik eines Einrichtungsgegenstandes ist ebenso entscheidend wie sein Aussehen. Wir bieten 2 wichtige Oberfl\u00e4chenbeschichtungen an:.<\/p>\n<ul>\n<li><strong>Hochglanzpolieren:\u00a0<\/strong>Unsere konventionelle Beschichtung, bei der der gesamte Tisch gr\u00fcndlich von Hand poliert wird, um einen schillernden, fl\u00fcssigkeits\u00e4hnlichen Glanz zu erzielen, der das Licht wunderbar reflektiert.<\/li>\n<li><strong>Matt\/Matt-Effekt:\u00a0<\/strong>F\u00fcr ein weicheres, besonders diffuses Aussehen, das Gl\u00fchen und Fingerabdr\u00fccke reduziert, k\u00f6nnen wir eine fortschrittliche gefrorene Oberfl\u00e4che verwenden.<\/li>\n<\/ul>\n<p>Au\u00dferdem achten wir sehr auf die Kanten, indem wir eine Fasen-Technik anwenden, die die Seite ein wenig abfr\u00e4st. Dadurch wird nicht nur der Stil aufgewertet, sondern der Tisch f\u00fchlt sich auch glatter an und ist widerstandsf\u00e4higer gegen Risse, was sowohl Sicherheit als auch Haltbarkeit gew\u00e4hrleistet. Jeder Tisch wird aus einem hochwertigen Material gefertigt.\u00a0<strong>12mm hochwertiges Acryl\u00a0<\/strong>serienm\u00e4\u00dfig, was ihm ein angenehmes optisches Gewicht und ein dauerhaftes Gef\u00fchl verleiht.<\/p>\n<p><a href=\"https:\/\/customacrylicproduct.com\/de\/bespoke-clear-round-acrylic-perspex-coffee-tables-suppliers\/\"><img decoding=\"async\" class=\"aligncenter wp-image-778 size-full\" src=\"https:\/\/customacrylicproduct.com\/wp-content\/uploads\/2025\/07\/Acrylic-Coffee-Tables-2.jpg\" alt=\"Acryl Couchtische\" width=\"1000\" height=\"1000\" srcset=\"https:\/\/customacrylicproduct.com\/wp-content\/uploads\/2025\/07\/Acrylic-Coffee-Tables-2.jpg 1000w, https:\/\/customacrylicproduct.com\/wp-content\/uploads\/2025\/07\/Acrylic-Coffee-Tables-2-300x300.jpg 300w, https:\/\/customacrylicproduct.com\/wp-content\/uploads\/2025\/07\/Acrylic-Coffee-Tables-2-150x150.jpg 150w, https:\/\/customacrylicproduct.com\/wp-content\/uploads\/2025\/07\/Acrylic-Coffee-Tables-2-768x768.jpg 768w, https:\/\/customacrylicproduct.com\/wp-content\/uploads\/2025\/07\/Acrylic-Coffee-Tables-2-12x12.jpg 12w, https:\/\/customacrylicproduct.com\/wp-content\/uploads\/2025\/07\/Acrylic-Coffee-Tables-2-600x600.jpg 600w, https:\/\/customacrylicproduct.com\/wp-content\/uploads\/2025\/07\/Acrylic-Coffee-Tables-2-100x100.jpg 100w\" sizes=\"(max-width: 1000px) 100vw, 1000px\" \/><\/a><\/p>\n<h3 id=\"-area-3-your-vision-understood-our-bespoke-personalization-process-and-service-\"><strong>Bereich 3: Ihre Vision, verstanden - Unser ma\u00dfgeschneiderter Personalisierungsprozess und Service\u00a0<\/strong>.<\/h3>\n<p>\u201d Ma\u00dfgeschneidert\u201d ist der Kern unserer Dienstleistungsphilosophie. Wir glauben, dass sich die M\u00f6bel dem Raum anpassen sollten und nicht umgekehrt. Unser gemeinsamer Prozess ist so gestaltet, dass er transparent und flexibel ist und sich darauf konzentriert, Ihr einzigartiges Konzept zum Leben zu erwecken.<\/p>\n<p><strong>Unerreichte Design-Anpassungsf\u00e4higkeit\u00a0<\/strong>. Wir freuen uns auf die Zusammenarbeit und k\u00f6nnen von Ihren technischen Illustrationen, Skizzen und sogar inspirierenden Bildern ausgehen. Unsere Anpassungsm\u00f6glichkeiten sind betr\u00e4chtlich:.<\/p>\n<ul>\n<li><strong>Gr\u00f6\u00dfe:\u00a0<\/strong>Wir k\u00f6nnen Tische in jeder Art von Gr\u00f6\u00dfe entwickeln, wobei unser beliebtestes Sortiment aus folgenden Bereichen besteht\u00a0<strong>60cm bis 135cm\u00a0<\/strong>.<\/li>\n<li><strong>Die Dicke:\u00a0<\/strong>W\u00e4hlen Sie aus einer Reihe von Acryl-Dichten, in der Regel von\u00a0<strong>6 mm f\u00fcr leichtere St\u00fccke bis zu einer Gr\u00f6\u00dfe von 20 mm oder mehr\u00a0<\/strong>f\u00fcr ein lebendiges Statement.<\/li>\n<li><strong>St\u00fctze &amp; Basis:\u00a0<\/strong>Ein Tisch aus reinem Acryl ist zwar wundersch\u00f6n, aber wir k\u00f6nnen auch andere Materialien integrieren, die zu Ihrem Stil passen. Dazu geh\u00f6ren Untergestelle und Beine, die aus\u00a0<strong>geb\u00fcrsteter Edelstahl, polierter Chrom oder opulente vergoldete St\u00e4hle\u00a0<\/strong>.<\/li>\n<li><strong>Architektonische Gestaltung:\u00a0<\/strong>Wir k\u00f6nnen Ihren Tisch mit verbesserter Leistung herstellen, z. B. mit einem\u00a0<strong>Double-Layer-Stil\u00a0<\/strong>f\u00fcr die Lagerung, ein\u00a0<strong>abnehmbare Aufh\u00e4ngung\u00a0<\/strong>f\u00fcr eine weniger komplizierte Lieferung und Installation oder sogar innovative\u00a0<strong>zusammenklappbare Stile\u00a0<\/strong>f\u00fcr vielseitige Bereiche.<\/li>\n<\/ul>\n<p><strong>Eine klare und vertrauensw\u00fcrdige Zusammenarbeit\u00a0<\/strong>. Wir haben unser Verfahren gestrafft, um eine reibungslose und vorhersehbare Erfahrung f\u00fcr unsere Kunden zu gew\u00e4hrleisten:.<\/p>\n<ol>\n<li><strong>Pr\u00fcfung &amp; Preisangebot:\u00a0<\/strong>Teilen Sie uns Ihr Layout mit. Wir machen Ihnen ein detailliertes Angebot und beraten Sie professionell.<\/li>\n<li><strong>Proofing\/Prototyping:\u00a0<\/strong>F\u00fcr brandneue oder komplizierte Designs bieten wir einen Proofing-Service an. Ein Prototyp kann in wenigen Minuten erstellt werden.\u00a0<strong>3-7 Tage,<\/strong>\u00a0die vollst\u00e4ndig von den letzten Kosten einer Gro\u00dfbestellung abgezogen werden k\u00f6nnen. Auf diese Weise k\u00f6nnen Sie den physischen Artikel sehen und akzeptieren, bevor Sie sich zu einem vollen Produktionslauf verpflichten.<\/li>\n<li><strong>Produktion:\u00a0<\/strong>Sobald der Entwurf angenommen ist, dauert die Massenproduktion zwischen\u00a0<strong>10-30 Tage\u00a0<\/strong>, abh\u00e4ngig von der Komplexit\u00e4t und der Menge des Auftrags.<\/li>\n<li><strong>Abrechnung und Versand:\u00a0<\/strong>Unser konventionelles Beteiligungskonzept ist ein\u00a0<strong>30% Kaution\u00a0<\/strong>mit der Produktion beginnen, w\u00e4hrend die restlichen\u00a0<strong>70% Schulden vor dem Versand\u00a0<\/strong>. Wir unterst\u00fctzen und begr\u00fc\u00dfen Pr\u00fcfung der beendeten Produkte in unserer Fabrik, bevor die endg\u00fcltige Abrechnung gemacht wird, so dass vollst\u00e4ndige Selbstvertrauen und Zufriedenheit.<\/li>\n<\/ol>\n<h3 id=\"-area-4-a-style-for-every-story-application-scenarios-and-market-positioning-\"><strong>Bereich 4: Ein Stil f\u00fcr jede Geschichte - Anwendungsszenarien und Marktpositionierung\u00a0<\/strong>.<\/h3>\n<p>Die Attraktivit\u00e4t eines <a href=\"https:\/\/customacrylicproduct.com\/de\/custom-acrylic-furnitures\/\">Couchtisch aus klarem Acryl<\/a> liegt in seiner unglaublichen Flexibilit\u00e4t. Er ist ein stilistisches Cham\u00e4leon, das einen Raum absichern oder sich in die Geschichte einf\u00fcgen kann und eine Vielzahl von Erscheinungsbildern und Umgebungen erg\u00e4nzt.<\/p>\n<p><strong>Anpassung der Situation:\u00a0<\/strong>.<\/p>\n<ul>\n<li><strong>Wohn- und Lebensr\u00e4ume:\u00a0<\/strong>Eine hervorragende Option, um das Gef\u00fchl der Sichtbarkeit zu bewahren. Es passt hervorragend zu Pl\u00fcschsofas und lebhaften Teppichen und l\u00e4sst diese Funktionskomponenten strahlen.<\/li>\n<li><strong>Caf\u00e9s und Ladenhotels:\u00a0<\/strong>Seine Langlebigkeit und einfache Reinigung machen ihn optimal f\u00fcr den gesch\u00e4ftlichen Einsatz. Er verleiht dem Raum einen Hauch von modernem Trend, ohne ihn \u00e4sthetisch zu \u00fcberladen.<\/li>\n<li><strong>Studium und B\u00fcro:\u00a0<\/strong>Sie bietet eine n\u00fctzliche Oberfl\u00e4che ohne \u00e4sthetisches Gewicht und wirbt f\u00fcr eine saubere und konzentrierte Umgebung.<\/li>\n<li><strong>Gewerbliche R\u00e4ume und Einzelhandelsfl\u00e4chen:\u00a0<\/strong>Eine fantastische Wahl f\u00fcr Gastfamilien, Pop-up-Shops und Ausstellungsr\u00e4ume, in denen ein fortschrittliches, modernes und \u00fcbersichtliches Aussehen gew\u00fcnscht wird.<\/li>\n<\/ul>\n<p><strong>Trendige Stile:\u00a0<\/strong>. Unsere Tische stehen an der Spitze der zeitgen\u00f6ssischen Designmoden:.<\/p>\n<ul>\n<li><strong>Moderne Schlichtheit und nordisches Design:\u00a0<\/strong>Die sauberen Linien und die klare Natur sind der Inbegriff des minimalistischen und skandinavischen Stils.<\/li>\n<li><strong>\u201d Instagram Star\u201d Design:\u00a0<\/strong>Die Kombination aus klarem Acryl mit einem schlanken\u00a0<strong>Gold- oder Metallbasis\u00a0<\/strong>ist ein weit verbreiteter Trend, der ein sofortiges Gef\u00fchl von Prestige und Hochwertigkeit vermittelt, das \u00e4sthetisch auff\u00e4llig und sehr fotogen ist.<\/li>\n<\/ul>\n<p>Durch die Bereitstellung eines St\u00fccks, das sowohl zeitlos traditionell ist als auch perfekt im Trend liegt, stellen unsere Tische eine kluge, modische und nachhaltige Investition f\u00fcr jede Art von Einrichtungsarbeit dar.<\/p>\n<p><a href=\"https:\/\/customacrylicproduct.com\/de\/bespoke-clear-round-acrylic-perspex-coffee-tables-suppliers\/\"><img decoding=\"async\" class=\"aligncenter wp-image-777 size-full\" src=\"https:\/\/customacrylicproduct.com\/wp-content\/uploads\/2025\/07\/Acrylic-Coffee-Tables-1.jpg\" alt=\"Acryl Couchtische\" width=\"1000\" height=\"1000\" srcset=\"https:\/\/customacrylicproduct.com\/wp-content\/uploads\/2025\/07\/Acrylic-Coffee-Tables-1.jpg 1000w, https:\/\/customacrylicproduct.com\/wp-content\/uploads\/2025\/07\/Acrylic-Coffee-Tables-1-300x300.jpg 300w, https:\/\/customacrylicproduct.com\/wp-content\/uploads\/2025\/07\/Acrylic-Coffee-Tables-1-150x150.jpg 150w, https:\/\/customacrylicproduct.com\/wp-content\/uploads\/2025\/07\/Acrylic-Coffee-Tables-1-768x768.jpg 768w, https:\/\/customacrylicproduct.com\/wp-content\/uploads\/2025\/07\/Acrylic-Coffee-Tables-1-12x12.jpg 12w, https:\/\/customacrylicproduct.com\/wp-content\/uploads\/2025\/07\/Acrylic-Coffee-Tables-1-600x600.jpg 600w, https:\/\/customacrylicproduct.com\/wp-content\/uploads\/2025\/07\/Acrylic-Coffee-Tables-1-100x100.jpg 100w\" sizes=\"(max-width: 1000px) 100vw, 1000px\" \/><\/a><\/p>\n<h3 id=\"-conclusion-companion-with-the-uk-s-polymer-specialists-\"><strong>Schlussfolgerung: Begleitung durch einen Polymerspezialisten <\/strong>.<\/h3>\n<p>Wenn Sie sich f\u00fcr eine Zusammenarbeit mit uns entscheiden, w\u00e4hlen Sie mehr als nur einen Lieferanten. Sie entscheiden sich f\u00fcr einen Produktionspartner, der sich der Qualit\u00e4t, Vielseitigkeit und Kundenzufriedenheit verschrieben hat. Sie entscheiden sich f\u00fcr ein handgefertigtes Produkt, das mit Sorgfalt und Pr\u00e4zision in unserer eigenen Fabrik hergestellt wird. Sie entscheiden sich f\u00fcr die Sicherheit und Robustheit von unzerbrechlichem Acryl, f\u00fcr die Eleganz eines makellosen Layouts und f\u00fcr die unendlichen M\u00f6glichkeiten einer ma\u00dfgeschneiderten Anpassung.<\/p>\n<p>Wir helfen Ihnen dabei, Ihre R\u00e4ume heller, freundlicher und attraktiver zu gestalten. Setzen Sie sich noch heute mit unserer Planungs- und Vertriebsabteilung in Verbindung, um Ihr Projekt zu besprechen, ein Beispiel anzufordern oder ein unverbindliches Angebot einzuholen. Lassen Sie uns gemeinsam etwas Ph\u00e4nomenales schaffen.<\/p>","protected":false},"excerpt":{"rendered":"<p>Als spezialisierte Anbieter fertigen wir ma\u00dfgeschneiderte runde Couchtische aus klarem Acrylglas an, die als atemberaubende, minimalistische Blickf\u00e4nge dienen. In Zusammenarbeit mit uns k\u00f6nnen Sie ma\u00dfgefertigte Plexiglasm\u00f6bel herstellen, die Ihren hochwertigen Innenausstattungsprojekten eine makellose, moderne \u00c4sthetik verleihen.<\/p>","protected":false},"featured_media":780,"template":"","meta":{"_kad_post_transparent":"default","_kad_post_title":"","_kad_post_layout":"default","_kad_post_sidebar_id":"","_kad_post_content_style":"default","_kad_post_vertical_padding":"default","_kad_post_feature":"","_kad_post_feature_position":"","_kad_post_header":false,"_kad_post_footer":false,"_kad_post_classname":""},"product_brand":[],"product_cat":[21],"product_tag":[86,69],"class_list":{"0":"post-776","1":"product","2":"type-product","3":"status-publish","4":"has-post-thumbnail","6":"product_cat-custom-acrylic-furnitures","7":"product_tag-acrylic-coffee-tables","8":"product_tag-custom-acrylic-furnitures","10":"first","11":"instock","12":"shipping-taxable","13":"product-type-simple","14":"entry","15":"content-bg","16":"loop-entry"},"_links":{"self":[{"href":"https:\/\/customacrylicproduct.com\/de\/wp-json\/wp\/v2\/product\/776","targetHints":{"allow":["GET"]}}],"collection":[{"href":"https:\/\/customacrylicproduct.com\/de\/wp-json\/wp\/v2\/product"}],"about":[{"href":"https:\/\/customacrylicproduct.com\/de\/wp-json\/wp\/v2\/types\/product"}],"wp:featuredmedia":[{"embeddable":true,"href":"https:\/\/customacrylicproduct.com\/de\/wp-json\/wp\/v2\/media\/780"}],"wp:attachment":[{"href":"https:\/\/customacrylicproduct.com\/de\/wp-json\/wp\/v2\/media?parent=776"}],"wp:term":[{"taxonomy":"product_brand","embeddable":true,"href":"https:\/\/customacrylicproduct.com\/de\/wp-json\/wp\/v2\/product_brand?post=776"},{"taxonomy":"product_cat","embeddable":true,"href":"https:\/\/customacrylicproduct.com\/de\/wp-json\/wp\/v2\/product_cat?post=776"},{"taxonomy":"product_tag","embeddable":true,"href":"https:\/\/customacrylicproduct.com\/de\/wp-json\/wp\/v2\/product_tag?post=776"}],"curies":[{"name":"wp","href":"https:\/\/api.w.org\/{rel}","templated":true}]}}