{"id":916,"date":"2025-07-11T13:24:04","date_gmt":"2025-07-11T13:24:04","guid":{"rendered":"https:\/\/customacrylicproduct.com\/?post_type=product&#038;p=916"},"modified":"2025-07-11T13:45:21","modified_gmt":"2025-07-11T13:45:21","slug":"personalized-clear-acrylic-classroom-office-door-signs","status":"publish","type":"product","link":"https:\/\/customacrylicproduct.com\/de\/personalized-clear-acrylic-classroom-office-door-signs\/","title":{"rendered":"Personalisierte klare Acryl Klassenzimmer B\u00fcro T\u00fcrschilder"},"content":{"rendered":"<h3 id=\"-transform-your-space-an-introduction-to-personalized-clear-acrylic-door-indications-\"><strong>Verwandeln Sie Ihren Raum: Eine Einf\u00fchrung in personalisierte T\u00fcrbeschriftungen aus klarem Acryl\u00a0<\/strong>.<\/h3>\n<p>In jeder Art von fachlicher oder akademischer Atmosph\u00e4re ist der erste Eindruck entscheidend. Er gibt den Ton an, stellt ein Qualit\u00e4tskriterium dar und vermittelt den Besuchern einen Eindruck von Qualit\u00e4t und Vertrauen. Ein einfaches T\u00fcrschild ist h\u00e4ufig der erste Kontakt, den eine Person mit Ihrem Bereich hat, sei es ein Auszubildender, der seine Klasse entdeckt, ein Kunde, der ein B\u00fcro aufsucht, oder ein Patient, der sich in einer Klinik umsieht. Unsere individualisierten, klaren Polymer-T\u00fcrschilder werden sorgf\u00e4ltig hergestellt, um sicherzustellen, dass dieser erste Eindruck von zeitgem\u00e4\u00dfer Raffinesse, hervorragender Professionalit\u00e4t und Zuverl\u00e4ssigkeit und ma\u00dfgeschneiderter Identit\u00e4t gepr\u00e4gt ist.<\/p>\n<p>Diese Stifte sind nicht einfach nur Stifte, sie sind ein Statement. Sie vereinen makellose Funktionalit\u00e4t mit fortschrittlicher \u00c4sthetik und bieten einen flexiblen Service, der jede Art von Design aufwertet. Indem Sie konventionelle, einfallslose Beschilderungen hinter sich lassen, k\u00f6nnen Sie die Qualit\u00e4t und Organisation Ihrer Umgebung sofort verbessern. In dieser umfassenden Einf\u00fchrung lernen Sie die sechs wichtigsten S\u00e4ulen kennen, die unsere klaren Acrylschilder zu einer au\u00dfergew\u00f6hnlichen Wahl f\u00fcr Klassenzimmer, B\u00fcros und andere Bereiche machen: ihre au\u00dfergew\u00f6hnlichen Materialeigenschaften, das ausgekl\u00fcgelte Produktionsverfahren, die unendlichen Gestaltungsm\u00f6glichkeiten, die flexiblen Anforderungen, die unkomplizierte Installation und die umfassende Anwendbarkeit.<\/p>\n<h3 id=\"-1-the-heart-of-radiance-unboxing-the-product-characteristics-\"><strong>1. Das Herz von Radiance: Unboxing der Produkteigenschaften\u00a0<\/strong>.<\/h3>\n<p>Der Kern eines jeden au\u00dfergew\u00f6hnlichen Zeichens ist ein hervorragendes Material. Unser <a href=\"https:\/\/customacrylicproduct.com\/de\/custom-acrylic-signs\/\">acylische Zeichen<\/a> werden aus hochwertigem, transparentem Acryl hergestellt, einem Material, das sich den Namen <strong>\u201dPlastikkristall\u201d.\u201d\u00a0<\/strong>Dieser Name ist nicht nur ein Marketingbegriff, sondern verweist auf die au\u00dfergew\u00f6hnlichen \u00e4sthetischen und wohnphysikalischen Eigenschaften des Produkts, die es von normalem Kunststoff oder empfindlichem Glas weit abheben.<\/p>\n<p><strong>Unerreichte Klarheit und leichte Kommunikation:\u00a0<\/strong>Eine der auff\u00e4lligsten Eigenschaften unseres Polymers ist seine unglaubliche Lichtdurchl\u00e4ssigkeit, die bis zu\u00a0<strong>93%\u00a0<\/strong>. Dies ist auch h\u00f6her als viele Arten von Glas, so dass das Licht mit marginaler Verzerrung hindurchgehen kann. Das Ergebnis ist ein Indikator, der wirklich brillant, bel\u00fcftet und bemerkenswert klar wirkt. Es interagiert hervorragend mit dem Umgebungslicht, sei es von einem sonnenbeschienenen Flur oder der Deckenbeleuchtung im B\u00fcro, und entwickelt ein weiches, gleichm\u00e4\u00dfiges Leuchten, das die gedruckten Botschaften und Grafiken klar und lebendig erscheinen l\u00e4sst. Dieser \u201cweiche Lichteffekt\u201d verhindert ein extremes Gl\u00fchen und gew\u00e4hrleistet die Lesbarkeit aus zahlreichen Blickwinkeln.<\/p>\n<p><strong>Visueller Einfluss und makelloses Finish:\u00a0<\/strong>Die Oberfl\u00e4che des Polymers ist vollkommen glatt und porenfrei und bietet eine perfekte Leinwand f\u00fcr hochaufl\u00f6senden Druck. Die Farben erscheinen satt und naturgetreu und schaffen einen soliden \u00e4sthetischen Einfluss, der die Aufmerksamkeit auf sich zieht. Ganz gleich, ob Sie sich f\u00fcr ein minimales Layout mit einer einfachen schwarzen Botschaft oder f\u00fcr ein vollfarbiges Logo entscheiden, die Acrylbasis verbessert das Aussehen und verleiht ihm eine Tiefe und Lebendigkeit, die andere Materialien nicht wiedergeben k\u00f6nnen.<\/p>\n<p><strong>\u00dcberragende Widerstandsf\u00e4higkeit und Sicherheit:\u00a0<\/strong>W\u00e4hrend es die Sch\u00f6nheit von Glas besitzt, zeichnet sich Acryl durch seine enorme Z\u00e4higkeit aus. Es hat eine Schlagfestigkeit, die\u00a0<strong>200-mal h\u00f6her als die von herk\u00f6mmlichem Glas\u00a0<\/strong>, Dadurch ist sie im Wesentlichen bruchsicher. Dies ist eine wichtige Sicherheitsfunktion, insbesondere in stark frequentierten Bereichen wie Schulen, B\u00fcros und \u00f6ffentlichen Einrichtungen. Unbeabsichtigte St\u00f6\u00dfe von Einkaufswagen, Rucks\u00e4cken oder beweglichem Mobiliar k\u00f6nnen keine unsicheren Scherben verursachen.<\/p>\n<p><strong>Hervorragendes Klima und \u00f6kologische Widerstandsf\u00e4higkeit:\u00a0<\/strong>Unsere Acryl-Indikationen sind f\u00fcr eine lange Lebensdauer ausgelegt. Jedes Paneel ist mit ausgezeichneter Wetterbest\u00e4ndigkeit ausgestattet und enth\u00e4lt einen hohen Anteil an UV-Absorbern. Diese hohe Schutzqualit\u00e4t stellt sicher, dass die Anzeige nicht vergilbt oder br\u00fcchig wird, wenn sie mit der Zeit dem Sonnenlicht ausgesetzt wird, und dass die gedruckten Farben nicht verblassen. Dar\u00fcber hinaus ist das Material unglaublich stabil, mit einem Temperaturniveau der thermischen Verformung von\u00a0<strong>\u2265 78 \u00b0 C( 172 \u00b0 F)\u00a0<\/strong>, Das bedeutet, dass es sich in warmen Umgebungen oder bei der Installation in der N\u00e4he von W\u00e4rmequellen nicht verzieht oder seine Form verliert. F\u00fcr zus\u00e4tzliche Sicherheit sorgt die Tatsache, dass Polymer selbstverl\u00f6schend ist und sich nicht selbst entz\u00fcndet, was es zu einer sicheren Wahl macht, die die Konstruktionsrichtlinien einh\u00e4lt.<\/p>\n<p><a href=\"https:\/\/customacrylicproduct.com\/de\/personalized-clear-acrylic-classroom-office-door-signs\/\"><img fetchpriority=\"high\" decoding=\"async\" class=\"aligncenter wp-image-919 size-full\" src=\"https:\/\/customacrylicproduct.com\/wp-content\/uploads\/2025\/07\/Acrylic-School-Signs-3.jpg\" alt=\"Acryl-Schulschilder\" width=\"800\" height=\"800\" srcset=\"https:\/\/customacrylicproduct.com\/wp-content\/uploads\/2025\/07\/Acrylic-School-Signs-3.jpg 800w, https:\/\/customacrylicproduct.com\/wp-content\/uploads\/2025\/07\/Acrylic-School-Signs-3-300x300.jpg 300w, https:\/\/customacrylicproduct.com\/wp-content\/uploads\/2025\/07\/Acrylic-School-Signs-3-150x150.jpg 150w, https:\/\/customacrylicproduct.com\/wp-content\/uploads\/2025\/07\/Acrylic-School-Signs-3-768x768.jpg 768w, https:\/\/customacrylicproduct.com\/wp-content\/uploads\/2025\/07\/Acrylic-School-Signs-3-12x12.jpg 12w, https:\/\/customacrylicproduct.com\/wp-content\/uploads\/2025\/07\/Acrylic-School-Signs-3-600x600.jpg 600w, https:\/\/customacrylicproduct.com\/wp-content\/uploads\/2025\/07\/Acrylic-School-Signs-3-100x100.jpg 100w\" sizes=\"(max-width: 800px) 100vw, 800px\" \/><\/a><\/p>\n<h3 id=\"-2-the-art-of-production-our-advanced-manufacturing-refine-\"><strong>2. Die Kunst der Produktion: Unsere fortschrittliche Fertigung verfeinern\u00a0<\/strong>.<\/h3>\n<p>Ein hochwertiges Material hat ein Recht auf ein fortschrittliches Produktionsverfahren. Wir verbinden modernste Technologie mit sorgf\u00e4ltiger Verarbeitung, um eine einfache Acrylplatte in ein individuelles Kunstwerk zu verwandeln. Unsere Haupttechniken sind der UV-Flachbettdruck und die Pr\u00e4zisionslasergravur, die einzeln oder zusammen verwendet werden k\u00f6nnen, um Ihr gew\u00fcnschtes Erscheinungsbild zu erreichen.<\/p>\n<p><strong>Flachbett-UV-Drucktechnologie:\u00a0<\/strong>Dies ist die goldene Voraussetzung f\u00fcr den direkten Druck auf starre Substrate wie Acryl. Im Gegensatz zu Verfahren, bei denen ein Aufkleber verwendet wird, bringen unsere UV-Drucker die Tinte direkt auf die Oberfl\u00e4che auf. Beim \u00dcbertragen der Tinte wird diese sofort geheilt und durch effektives ultraviolettes Licht an das Acryl gebunden. Durch dieses Verfahren entsteht eine lang anhaltende, unausl\u00f6schliche Oberfl\u00e4che, die resistent gegen Kratzen, Feuchtigkeit und Verblassen ist. Es erm\u00f6glicht:.<\/p>\n<ul>\n<li><strong>Fotorealistisches Detail:\u00a0<\/strong>Wir k\u00f6nnen komplizierte Logodesigns, komplizierte Muster und hochaufl\u00f6sende Fotos mit gro\u00dfartiger Klarheit nachbilden.<\/li>\n<li><strong>Lebendige, undurchsichtige Farbstile:\u00a0<\/strong>Beim UV-Druck wird eine Schicht wei\u00dfer Tinte hinter die Farben gedruckt, so dass sie mit unglaublicher Lebendigkeit hervorstechen, auch bei einer klaren Geschichte.<\/li>\n<li><strong>Gestochen scharfer, gut lesbarer Text:\u00a0<\/strong>Jeder Buchstabe und jede Zahl wird mit lanzinierender Pr\u00e4zision wiedergegeben, so dass Ihr Schild leicht zu erkennen ist.<\/li>\n<\/ul>\n<p><strong>Pr\u00e4zisions-Lasergravur:\u00a0<\/strong>F\u00fcr einen weitaus haptischeren und innovativeren Effekt setzen wir die Laserbeschriftung ein. Ein stark fokussierter Laserstrahl graviert Ihren Stil direkt in das Acrylglas, wodurch ein mattes, dreidimensionales Aussehen entsteht. Diese Strategie ist ideal f\u00fcr:.<\/p>\n<ul>\n<li><strong>Raffinierte Eleganz:\u00a0<\/strong>Eingravierte Botschaften oder Logos bieten eine verbesserte, einheitliche \u00c4sthetik, die mit Licht und Dunkelheit spielt.<\/li>\n<li><strong>Tiefe hinzuf\u00fcgen:\u00a0<\/strong>Durch die Gravur auf der R\u00fcckseite des Schildes scheint das Layout in das Innere des Acryls zu wandern, was ihm eine faszinierende Tiefe verleiht.<\/li>\n<li><strong>Verschlungene Muster:\u00a0<\/strong>Der Laser kann unglaublich feine Linien und komplizierte geometrische Muster erzeugen und bietet ein Informationsniveau, das mit dem Druck allein nur schwer zu erreichen ist.<\/li>\n<\/ul>\n<p>Durch die Einbeziehung dieser beiden Strategien k\u00f6nnen wir wirklich einzigartige, mehrschichtige Designs entwickeln - zum Beispiel ein vollfarbiges UV-gedrucktes Firmenlogo zusammen mit lasergravierten Namen und Titeln f\u00fcr eine lebendige und hochwertige Beschichtung.<\/p>\n<p><a href=\"https:\/\/customacrylicproduct.com\/de\/personalized-clear-acrylic-classroom-office-door-signs\/\"><img decoding=\"async\" class=\"aligncenter wp-image-920 size-full\" src=\"https:\/\/customacrylicproduct.com\/wp-content\/uploads\/2025\/07\/Acrylic-School-Signs-4.jpg\" alt=\"Acryl-Schulschilder\" width=\"800\" height=\"800\" srcset=\"https:\/\/customacrylicproduct.com\/wp-content\/uploads\/2025\/07\/Acrylic-School-Signs-4.jpg 800w, https:\/\/customacrylicproduct.com\/wp-content\/uploads\/2025\/07\/Acrylic-School-Signs-4-300x300.jpg 300w, https:\/\/customacrylicproduct.com\/wp-content\/uploads\/2025\/07\/Acrylic-School-Signs-4-150x150.jpg 150w, https:\/\/customacrylicproduct.com\/wp-content\/uploads\/2025\/07\/Acrylic-School-Signs-4-768x768.jpg 768w, https:\/\/customacrylicproduct.com\/wp-content\/uploads\/2025\/07\/Acrylic-School-Signs-4-12x12.jpg 12w, https:\/\/customacrylicproduct.com\/wp-content\/uploads\/2025\/07\/Acrylic-School-Signs-4-600x600.jpg 600w, https:\/\/customacrylicproduct.com\/wp-content\/uploads\/2025\/07\/Acrylic-School-Signs-4-100x100.jpg 100w\" sizes=\"(max-width: 800px) 100vw, 800px\" \/><\/a><\/p>\n<h3 id=\"-3-designing-your-identification-the-looks-of-look-\"><strong>3. Gestalten Sie Ihre Identifikation: Das Aussehen des Looks\u00a0<\/strong>.<\/h3>\n<p>Der wahre Reiz unserer Acrylschilder liegt in ihrer grenzenlosen Personalisierung. Die klare Beschaffenheit des Produkts fungiert als leere Leinwand, so dass es sich m\u00fchelos in jede Atmosph\u00e4re einf\u00fcgt und gleichzeitig als besonderer Ausdruck Ihres Markennamens oder Ihrer Pers\u00f6nlichkeit dient.<\/p>\n<p><strong>Integration wie ein Cham\u00e4leon:\u00a0<\/strong>Eine klare Anzeige steht nicht im Widerspruch zu Ihrer Einrichtung, sondern passt sich ihr an. Ob auf einer rustikalen Holzt\u00fcr, einer gestrichenen Trockenbauwand, einer glatten Stahlkonstruktion oder einer Glaswand installiert, die Offenheit der Anzeige erlaubt es, das Aussehen und den Farbton des Hintergrunds durchscheinen zu lassen und ein harmonisches und integriertes Erscheinungsbild zu entwickeln, das sich bewusst und zeitgem\u00e4\u00df anf\u00fchlt.<\/p>\n<p><strong>Entfesselte Personalisierung:\u00a0<\/strong>.<\/p>\n<ul>\n<li><strong>Formgebung und Typ:\u00a0<\/strong>Wir sind nicht auf rechteckige Formen beschr\u00e4nkt. Ihr Hinweis kann ein traditionelles Quadrat oder ein Kreis sein, ein raffiniertes Oval oder eine v\u00f6llig individuelle Form, die Ihr Logo widerspiegelt oder einen kreativen Zweck erf\u00fcllt. Von einer einfachen flachen Tafel bis hin zu einem mehrschichtigen, dreidimensionalen Geb\u00e4ude und einer Konstruktion - die architektonischen M\u00f6glichkeiten sind betr\u00e4chtlich.<\/li>\n<li><strong>Farbe und Videos:\u00a0<\/strong>Durch den UV-Druck ist jede Farbkombination m\u00f6glich. Wir k\u00f6nnen die Pantone-Farben Ihres Markennamens vollst\u00e4ndig \u00fcbernehmen, lebendige Muster drucken oder raffinierte Farbt\u00f6ne f\u00fcr einen dezenteren Look verwenden. Farbgebung und Siebdruck sind ebenfalls Alternativen f\u00fcr bestimmte Auftr\u00e4ge und bieten eine vollst\u00e4ndige Palette an innovativen M\u00f6glichkeiten.<\/li>\n<li><strong>Stil und Ausf\u00fchrung:\u00a0<\/strong>Der Stil kann von minimal und fachm\u00e4nnisch mit einer einzigen Zeile bis hin zu lebendig und dynamisch f\u00fcr eine Kindergartenklasse reichen. Wir k\u00f6nnen ein v\u00f6llig undurchsichtiges Erscheinungsbild, einen halbtransparenten \u201cgefrosteten\u201d Effekt oder eine kristallklare Darstellung der Layout-Aspekte erreichen, um Ihren visuellen Anforderungen zu entsprechen.<\/li>\n<\/ul>\n<h3 id=\"-4-the-perfect-fit-requirements-and-measurements-\"><strong>4. Die perfekte Passform: Anforderungen und Ma\u00dfe\u00a0<\/strong>.<\/h3>\n<p>Eine Einheitsstrategie funktioniert bei Expertenschildern nicht. Die Abmessungen eines T\u00fcrschildes sollten sich nach dem Zweck, der Reichweite und der Umgebung richten, in der es angebracht ist. Wir bieten eine Reihe g\u00e4ngiger Gr\u00f6\u00dfen und eine vollst\u00e4ndige Anpassung, um sicherzustellen, dass Ihr Schild einwandfrei proportioniert ist.<\/p>\n<p><strong>Kriterium Gr\u00f6\u00dfen:\u00a0<\/strong>F\u00fcr den Komfort bieten wir zahlreiche bevorzugte Abmessungen an, die sich in vielen Bereichen bew\u00e4hrt haben, wie z. B.\u00a0<strong>29 \u00d7 11cm (ca. 11,4\u2033 x 4,3\u2033)\u00a0<\/strong>und\u00a0<strong>29 \u00d7 8cm (ca. 11,4\u2033 x 3,1\u2033)\u00a0<\/strong>. Diese sind eine hervorragende Wahl f\u00fcr einfache B\u00fcro- und Klassent\u00fcren.<\/p>\n<p><strong>Ma\u00dfanfertigung Ma\u00dfe:\u00a0<\/strong>Ihre Bed\u00fcrfnisse sind unterschiedlich, und Ihr Schild muss es auch sein. Wir k\u00f6nnen Schilder genau nach Ihren Anforderungen herstellen.<\/p>\n<ul>\n<li><strong>F\u00fcr College-Klassenzimmer:\u00a0<\/strong>Ein gr\u00f6\u00dferes Modell k\u00f6nnte geeignet sein, um die \u00dcbersichtlichkeit in einem langen Flur zu gew\u00e4hrleisten, so dass Sch\u00fcler und Eltern ihr Ziel leicht erkennen k\u00f6nnen.<\/li>\n<li><strong>F\u00fcr private Arbeitsst\u00e4tten:\u00a0<\/strong>Eine weitere, sehr diskrete Dimension wie\u00a0<strong>20 \u00d7 8cm (7,9\u2033 x 3,1\u2033)\u00a0<\/strong>oder\u00a0<strong>25 \u00d7 10cm (9,8\u2033 x 3,9\u2033)\u00a0<\/strong>kann einen Hauch von pers\u00f6nlicher Professionalit\u00e4t und Vertrauen gebrauchen, ohne die T\u00fcr zu \u00fcberw\u00e4ltigen.<\/li>\n<li><strong>F\u00fcr Sitzungszimmer oder Verzeichnisse:\u00a0<\/strong>Gr\u00f6\u00dfere, viel bekanntere Indikatoren k\u00f6nnen entwickelt werden, um mehr Informationen zu pr\u00e4sentieren oder eine st\u00e4rkere Geb\u00e4udeaussage zu machen.<\/li>\n<\/ul>\n<p>Wir arbeiten mit Ihnen zusammen, um die optimale Gr\u00f6\u00dfe und das optimale Seitenverh\u00e4ltnis f\u00fcr Ihre bestimmte Anwendung zu finden, damit das Endprodukt sowohl funktional als auch \u00e4sthetisch ausgewogen ist.<\/p>\n<p><a href=\"https:\/\/customacrylicproduct.com\/de\/custom-acrylic-signs\/\"><img decoding=\"async\" class=\"aligncenter wp-image-918 size-full\" src=\"https:\/\/customacrylicproduct.com\/wp-content\/uploads\/2025\/07\/Acrylic-School-Signs-2.jpg\" alt=\"Acryl-Schulschilder\" width=\"800\" height=\"800\" srcset=\"https:\/\/customacrylicproduct.com\/wp-content\/uploads\/2025\/07\/Acrylic-School-Signs-2.jpg 800w, https:\/\/customacrylicproduct.com\/wp-content\/uploads\/2025\/07\/Acrylic-School-Signs-2-300x300.jpg 300w, https:\/\/customacrylicproduct.com\/wp-content\/uploads\/2025\/07\/Acrylic-School-Signs-2-150x150.jpg 150w, https:\/\/customacrylicproduct.com\/wp-content\/uploads\/2025\/07\/Acrylic-School-Signs-2-768x768.jpg 768w, https:\/\/customacrylicproduct.com\/wp-content\/uploads\/2025\/07\/Acrylic-School-Signs-2-12x12.jpg 12w, https:\/\/customacrylicproduct.com\/wp-content\/uploads\/2025\/07\/Acrylic-School-Signs-2-600x600.jpg 600w, https:\/\/customacrylicproduct.com\/wp-content\/uploads\/2025\/07\/Acrylic-School-Signs-2-100x100.jpg 100w\" sizes=\"(max-width: 800px) 100vw, 800px\" \/><\/a><\/p>\n<h3 id=\"-5-easy-style-simple-and-safeguard-installation-\"><strong>5. Einfacher Stil: Einfache und sichere Installation\u00a0<\/strong>.<\/h3>\n<p>Eine sch\u00f6n gestaltete Anzeige sollte einfach zu montieren sein. Wir bieten unkomplizierte, gesch\u00fctzte Montagealternativen, die keine fachliche Hilfe oder spezielle Ger\u00e4te erfordern, so dass Sie Ihr neues Abonnement in wenigen Minuten haben k\u00f6nnen.<\/p>\n<p><strong>Haupttechnik: Doppelseitiger High-Bond-Kleber:\u00a0<\/strong>Eine der typischsten und bequemsten Methoden ist das vorbereitete doppelseitige Klebeband, das auf der R\u00fcckseite der Anzeige angebracht wird. Die Einrichtung ist ein einfacher, dreistufiger Prozess:.<\/p>\n<ol>\n<li><strong>Vorbereiten:\u00a0<\/strong>Markieren Sie die gew\u00fcnschte Einstellung auf der T\u00fcr- oder Wandfl\u00e4che. Stellen Sie sicher, dass die Oberfl\u00e4che sauber, trocken und frei von Schmutz oder \u00d6l ist.<\/li>\n<li><strong>Sch\u00e4len:\u00a0<\/strong>Rei\u00dfen Sie das Trennpapier auf der R\u00fcckseite des Schildes sehr vorsichtig ab, um den Kleber freizulegen.<\/li>\n<li><strong>Presse:\u00a0<\/strong>Richten Sie die Markierung an den Markierungen aus und dr\u00fccken Sie sie 30-60 Sekunden lang fest und gleichm\u00e4\u00dfig auf die Oberfl\u00e4che, um eine sichere und dauerhafte Verbindung herzustellen.<\/li>\n<\/ol>\n<p>Dieser Klebstoff wurde f\u00fcr eine starke Haftung auf einer Vielzahl von flachen Oberfl\u00e4chen entwickelt, wie z. B. lackierten T\u00fcren, Holz, Metall, Trockenbauw\u00e4nden, Bodenfliesen und Glas.<\/p>\n<p><strong>Ansatz der Wahl: Schraubbefestigung mit Abstandshaltern:\u00a0<\/strong>F\u00fcr ein hochwertigeres Erscheinungsbild k\u00f6nnen Anzeigen mit vorgebohrten L\u00f6chern f\u00fcr die Schraubmontage erworben werden. Bei diesem Ansatz werden h\u00e4ufig dekorative Abstandshalter verwendet - kleine Stahlpfosten, die die Anzeige etwas weiter von der Wandoberfl\u00e4che entfernt halten. Dadurch entsteht ein raffinierter \u201cschwebender\u201d Effekt, der Tiefe und Schatten hinzuf\u00fcgt und die \u00e4sthetische Anziehungskraft der Anzeige noch verst\u00e4rkt.<\/p>\n<h3 id=\"-6-a-sign-for-every-area-versatile-applicable-situations-\"><strong>6. Ein Zeichen f\u00fcr jeden Bereich: Vielseitig anwendbar\u00a0<\/strong>.<\/h3>\n<p>Die Mischung aus Langlebigkeit, Sicherheit und anpassbarer Eleganz macht unsere<a href=\"https:\/\/customacrylicproduct.com\/de\/custom-acrylic-signs\/\"> klare Acryl-Indikatoren<\/a> au\u00dfergew\u00f6hnlich vielseitig. Sie sind der ideale Service, um Klarheit und Design in eine Vielzahl von Umgebungen zu bringen.<\/p>\n<ul>\n<li><strong>Bildungsinstitutionen:\u00a0<\/strong>Von der Vorschule bis zur Hochschule k\u00f6nnen diese Zeichen Folgendes anzeigen\u00a0<strong>Klassenzimmer, Namen von Lehrern, die Bibliothek, das B\u00fcro des Schulleiters, den Kunstbereich oder wissenschaftliche Forschungslabors.\u00a0<\/strong>Dank ihrer Robustheit halten sie dem t\u00e4glichen Verschlei\u00df in der College-Atmosph\u00e4re hervorragend stand.<\/li>\n<li><strong>Arbeitspl\u00e4tze in Unternehmen:\u00a0<\/strong>Job ein aufgehelltes, einheitliches Foto durch die Verwendung von Zeichen f\u00fcr\u00a0<strong>Mitarbeiterarbeitspl\u00e4tze, Abteilungsnamen (Werbung, HR), Besprechungsr\u00e4ume, Ruhezonen und Chefsuiten.\u00a0<\/strong>Sie helfen bei der Navigation und st\u00e4rken eine kompetente, gut organisierte Unternehmenskultur.<\/li>\n<li><strong>Einrichtungen der medizinischen Versorgung:\u00a0<\/strong>Unter\u00a0<strong>Krankenh\u00e4user, Einrichtungen und Privatpraxen,\u00a0<\/strong>Eine klare und saubere Beschilderung ist notwendig. Nutzen Sie sie f\u00fcr\u00a0<strong>Untersuchungsr\u00e4ume, Arztpraxen, Funktionsr\u00e4ume und Labore.\u00a0<\/strong>Die porenfreie Oberfl\u00e4che ist ebenfalls sehr leicht zu reinigen und zu desinfizieren.<\/li>\n<li><strong>Einzelhandel und Freundlichkeit:\u00a0<\/strong>\u00dcberblick \u00fcber die Verbraucher und St\u00e4rkung Ihres Markennamens in\u00a0<strong>Einkaufszentren, Gesch\u00e4fte, Resorts und Restaurants.\u00a0<\/strong>Sie k\u00f6nnen f\u00fcr Bereichsnummern, Toilettenanzeigen, \u201cTeam Only\u201d-Bereiche oder p\u00e4dagogische Tafeln verwendet werden.<\/li>\n<li><strong>Bildungs- und Gemeinschaftszentren:\u00a0<\/strong>Deutlich kennzeichnen\u00a0<strong>Schulungsr\u00e4ume, H\u00f6rs\u00e4le und Verwaltungsb\u00fcros\u00a0<\/strong>um Besuchern und Mitgliedern das Durchsuchen des Bereichs zu erleichtern.<\/li>\n<\/ul>\n<p>In jedem Fall sind diese Schilder mehr als nur ein Hinweis auf einen Raum. Sie vereinfachen den Fu\u00dfg\u00e4ngerverkehr, beseitigen Komplikationen und tragen zum Gesamtbild und zur Qualit\u00e4t der Einrichtung bei, was beweist, dass ein kleines Detail eine gro\u00dfe Wirkung haben kann.<\/p>","protected":false},"excerpt":{"rendered":"<p>Versch\u00f6nern Sie Ihr B\u00fcro oder Klassenzimmer mit einem individuellen Schild aus klarem Acryl. Mit Ihrem Namen oder Logo personalisiert, verleiht es einen modernen, professionellen Touch. Inklusive langlebiger Standoff-Hardware f\u00fcr einen eleganten, schwebenden Look. Ein stilvolles und einladendes Statement f\u00fcr jede T\u00fcr.<\/p>","protected":false},"featured_media":922,"template":"","meta":{"_kad_post_transparent":"default","_kad_post_title":"","_kad_post_layout":"default","_kad_post_sidebar_id":"","_kad_post_content_style":"default","_kad_post_vertical_padding":"default","_kad_post_feature":"","_kad_post_feature_position":"","_kad_post_header":false,"_kad_post_footer":false,"_kad_post_classname":""},"product_brand":[],"product_cat":[18],"product_tag":[94,84,51],"class_list":{"0":"post-916","1":"product","2":"type-product","3":"status-publish","4":"has-post-thumbnail","6":"product_cat-custom-acrylic-signs","7":"product_tag-acrylic-school-signs","8":"product_tag-clear-acrylic-signs","9":"product_tag-custom-acrylic-signs","11":"first","12":"instock","13":"shipping-taxable","14":"product-type-simple","15":"entry","16":"content-bg","17":"loop-entry"},"_links":{"self":[{"href":"https:\/\/customacrylicproduct.com\/de\/wp-json\/wp\/v2\/product\/916","targetHints":{"allow":["GET"]}}],"collection":[{"href":"https:\/\/customacrylicproduct.com\/de\/wp-json\/wp\/v2\/product"}],"about":[{"href":"https:\/\/customacrylicproduct.com\/de\/wp-json\/wp\/v2\/types\/product"}],"wp:featuredmedia":[{"embeddable":true,"href":"https:\/\/customacrylicproduct.com\/de\/wp-json\/wp\/v2\/media\/922"}],"wp:attachment":[{"href":"https:\/\/customacrylicproduct.com\/de\/wp-json\/wp\/v2\/media?parent=916"}],"wp:term":[{"taxonomy":"product_brand","embeddable":true,"href":"https:\/\/customacrylicproduct.com\/de\/wp-json\/wp\/v2\/product_brand?post=916"},{"taxonomy":"product_cat","embeddable":true,"href":"https:\/\/customacrylicproduct.com\/de\/wp-json\/wp\/v2\/product_cat?post=916"},{"taxonomy":"product_tag","embeddable":true,"href":"https:\/\/customacrylicproduct.com\/de\/wp-json\/wp\/v2\/product_tag?post=916"}],"curies":[{"name":"wp","href":"https:\/\/api.w.org\/{rel}","templated":true}]}}