{"id":925,"date":"2025-07-11T13:34:12","date_gmt":"2025-07-11T13:34:12","guid":{"rendered":"https:\/\/customacrylicproduct.com\/?post_type=product&#038;p=925"},"modified":"2025-07-17T11:56:28","modified_gmt":"2025-07-17T11:56:28","slug":"acrylic-pipe-extruded-clear-rigid-round-tubes-wholesalers","status":"publish","type":"product","link":"https:\/\/customacrylicproduct.com\/de\/acrylic-pipe-extruded-clear-rigid-round-tubes-wholesalers\/","title":{"rendered":"Acrylglasrohre Extrudierte klare starre runde Rohre Gro\u00dfh\u00e4ndler"},"content":{"rendered":"<h3 id=\"-the-premier-wholesale-resource-for-extruded-clear-stiff-round-acrylic-tubes-clarity-resilience-and-unmatched-versatility-\"><strong>Die erste Gro\u00dfhandelsquelle f\u00fcr extrudierte, klare, steife, runde Acrylglasrohre: Klarheit, Elastizit\u00e4t und un\u00fcbertroffene Vielseitigkeit\u00a0<\/strong>.<\/h3>\n<p>In der heutigen erschwinglichen Handels- und Gesch\u00e4ftslandschaft sind die Produkte, die Sie ausw\u00e4hlen, ein direktes Spiegelbild Ihres Engagements f\u00fcr Qualit\u00e4t, Leistung und Entwicklung. F\u00fcr Unternehmen, die kompromisslose Qualit\u00e4t, dauerhafte strukturelle Ehrlichkeit und funktionale Anwendungskapazit\u00e4ten ben\u00f6tigen, gibt es keine Alternative zu hochwertigem extrudiertem <a href=\"https:\/\/customacrylicproduct.com\/de\/custom-acrylic-rods-tubes\/\">klare, steife, runde Acrylr\u00f6hren.<\/a><\/p>\n<p>Als f\u00fchrender Gro\u00dfhandelslieferant konzentrieren wir uns darauf, Dienstleistungen, Vertretungen und Gro\u00dfverarbeiter regelm\u00e4\u00dfig mit hochwertigen PMMA-Rohren (Polymethylmethacrylat) zu beliefern. Unsere Produkte sind nicht einfach nur Elemente, sie sind die Grundlage f\u00fcr den Erfolg auf vielen M\u00e4rkten. Von der anspruchsvollen architektonischen Beleuchtung bis zur kritischen industriellen Fl\u00fcssigkeits\u00fcberwachung liefern unsere extrudierten Acrylrohre die Effizienz, die Ihre Aufgaben erfordern, und den Wert, den Ihre Gewinne brauchen.<\/p>\n<p>Dieses Intro bietet einen umfassenden \u00dcberblick \u00fcber unser Spitzenprodukt und beschreibt seine Zusammensetzung, seine un\u00fcbertroffenen Vorteile und das breite Spektrum seiner Anwendungsm\u00f6glichkeiten. Gehen Sie eine Partnerschaft mit uns ein und entdecken Sie eine Lieferkettenl\u00f6sung, die auf Zuverl\u00e4ssigkeit, Wissen und einem gemeinsamen Qualit\u00e4tsziel basiert.<\/p>\n<h4 id=\"-area-1-understanding-the-core-product-extruded-pmma-tubes-\"><strong>Bereich 1: Das Kernprodukt verstehen - Extrudierte PMMA-Rohre\u00a0<\/strong>.<\/h4>\n<p>Um den Wert unserer Acrylglasrohre richtig einsch\u00e4tzen zu k\u00f6nnen, ist es wichtig, das Material und das Herstellungsverfahren zu kennen, das ihnen ihre besonderen Eigenschaften verleiht.<\/p>\n<p><strong>Was ist PMMA?\u00a0<\/strong>.<\/p>\n<p>Polymethylmethacrylat, typischerweise unter Markennamen wie Plexiglas \u00ae, Lucite \u00ae oder Perspex \u00ae bekannt, ist ein klares thermoplastisches Homopolymer. Es wird oft einfach als \u201cAcryl\u201d bezeichnet. Beliebt f\u00fcr seine glas\u00e4hnliche Klarheit, jedoch mit weit au\u00dfergew\u00f6hnlicher Z\u00e4higkeit und einem Teil des Gewichts, ist PMMA tats\u00e4chlich ein Go-to-Material f\u00fcr Anwendungen geworden, bei denen Offenheit und Langlebigkeit entscheidend sind.<\/p>\n<p><strong>Der Vorteil der Extrusion: Gleichm\u00e4\u00dfigkeit und Kosteneffizienz\u00a0<\/strong>.<\/p>\n<p>Unsere Rohre werden in einem Verfahren hergestellt, das\u00a0<strong>Extrusion\u00a0<\/strong>. Diese Methode umfasst:.<\/p>\n<ol>\n<li><strong>Schmelzen:\u00a0<\/strong>Hochwertiges PMMA-Granulat wird bis zur Schmelze erw\u00e4rmt.<\/li>\n<li><strong>Strangpressen:\u00a0<\/strong>Das verfl\u00fcssigte Produkt wird dann durch eine runde D\u00fcse und einen Kalibrierdorn gepresst (extrudiert), der es zu einem kontinuierlichen, vollst\u00e4ndig abgerundeten Rohr formt.<\/li>\n<li><strong>K\u00fchlung:\u00a0<\/strong>Das Fernsehen wird bei kontrollierter Geschwindigkeit gr\u00fcndlich abgek\u00fchlt, um seine Form zu st\u00e4rken und die architektonische Stabilit\u00e4t zu gew\u00e4hrleisten, wodurch innere Spannungen und \u00c4ngste abgebaut werden.<\/li>\n<\/ol>\n<p>Dieses Extrusionsverfahren ist ausschlaggebend f\u00fcr eine Reihe von Vorteilen, die f\u00fcr Gro\u00dfhandelsk\u00e4ufer entscheidend sind:.<\/p>\n<ul>\n<li><strong>Einheitliche Gr\u00f6\u00dfe und Wanddicke:\u00a0<\/strong>Durch die Extrusion entstehen Rohre mit bemerkenswerter Gleichm\u00e4\u00dfigkeit \u00fcber die gesamte L\u00e4nge, wodurch enge Toleranzen gew\u00e4hrleistet werden, die f\u00fcr pr\u00e4zise Installationen, Produktionslinien und automatisierte Konstruktionen unerl\u00e4sslich sind.<\/li>\n<li><strong>Kosteneffizienz bei Gro\u00dfauftr\u00e4gen:\u00a0<\/strong>F\u00fcr typische Gr\u00f6\u00dfen und lange Produktionsl\u00e4ufe ist die Extrusion eine \u00e4u\u00dferst effiziente und kosteng\u00fcnstige Produktionsmethode, die es uns erm\u00f6glicht, erhebliche Kosteneinsparungen an unsere Gro\u00dfhandelspartner weiterzugeben.<\/li>\n<li><strong>Hervorragende Oberfl\u00e4cheng\u00fcte:\u00a0<\/strong>Das Verfahren f\u00fchrt zu einer glatten, klaren Oberfl\u00e4che, die bei vielen Anwendungen ein minimales oder gar kein Nachpolieren erfordert.<\/li>\n<\/ul>\n<p>Gusspolymer hat zwar seine Berechtigung (es wird h\u00e4ufig wegen seiner erstklassigen Bearbeitbarkeit bei Einzelst\u00fccken bevorzugt),\u00a0<strong>ausgepresste Acrylglasrohre sind die unbestrittene Wahl f\u00fcr Direktanwendungen, Massenanforderungen und Auftr\u00e4ge, bei denen Ma\u00dfhaltigkeit nicht verhandelbar ist.\u00a0<\/strong>.<\/p>\n<p><a href=\"https:\/\/customacrylicproduct.com\/de\/acrylic-pipe-extruded-clear-rigid-round-tubes-wholesalers\/\"><img fetchpriority=\"high\" decoding=\"async\" class=\"aligncenter wp-image-927 size-full\" src=\"https:\/\/customacrylicproduct.com\/wp-content\/uploads\/2025\/07\/Acrylic-Tubes-For-Sale-2.jpg\" alt=\"Acryl-Rohre zu verkaufen\" width=\"800\" height=\"800\" srcset=\"https:\/\/customacrylicproduct.com\/wp-content\/uploads\/2025\/07\/Acrylic-Tubes-For-Sale-2.jpg 800w, https:\/\/customacrylicproduct.com\/wp-content\/uploads\/2025\/07\/Acrylic-Tubes-For-Sale-2-300x300.jpg 300w, https:\/\/customacrylicproduct.com\/wp-content\/uploads\/2025\/07\/Acrylic-Tubes-For-Sale-2-150x150.jpg 150w, https:\/\/customacrylicproduct.com\/wp-content\/uploads\/2025\/07\/Acrylic-Tubes-For-Sale-2-768x768.jpg 768w, https:\/\/customacrylicproduct.com\/wp-content\/uploads\/2025\/07\/Acrylic-Tubes-For-Sale-2-12x12.jpg 12w, https:\/\/customacrylicproduct.com\/wp-content\/uploads\/2025\/07\/Acrylic-Tubes-For-Sale-2-600x600.jpg 600w, https:\/\/customacrylicproduct.com\/wp-content\/uploads\/2025\/07\/Acrylic-Tubes-For-Sale-2-100x100.jpg 100w\" sizes=\"(max-width: 800px) 100vw, 800px\" \/><\/a><\/p>\n<h4 id=\"-area-2-the-unequaled-quality-of-our-clear-stiff-polymer-tubes-\"><strong>Bereich 2: Die un\u00fcbertroffene Qualit\u00e4t unserer klaren, steifen Polymerschl\u00e4uche\u00a0<\/strong>.<\/h4>\n<p>Unser Engagement f\u00fcr hohe Qualit\u00e4t beginnt bei der Beschaffung des besten PMMA-Materials und f\u00fchrt zu einem fertigen Produkt mit einer Vielzahl von erstklassigen Eigenschaften.<\/p>\n<p><strong>1. Hervorragende optische Klarheit und Lichtdurchl\u00e4ssigkeit\u00a0<\/strong>. Das Markenzeichen unserer Acrylrohre ist ihre kristallklare Transparenz. Mit einem Lichtdurchl\u00e4ssigkeitswert von etwa 92% \u00fcbertrifft sie den von Standardglas und zahlreichen anderen Kunststoffen. Diese au\u00dfergew\u00f6hnliche Qualit\u00e4t ist nicht nur ein \u00e4sthetisches Attribut, sondern auch ein n\u00fctzlicher Vorteil.<\/p>\n<ul>\n<li><strong>Gewinn f\u00fcr Sie:\u00a0<\/strong>F\u00fcr Bildschirme im Einzelhandel, Lichtdiffusoren und Schaugl\u00e4ser bedeutet dies eine echte, unverf\u00e4lschte Sicht auf den Gegenstand, das Licht oder die Fl\u00fcssigkeit im Inneren. Im Gegensatz zu verschiedenen anderen Kunststoffen, die einen bl\u00e4ulichen oder gelblichen Farbton haben k\u00f6nnen, bieten unsere R\u00f6hren ein farbloses, sch\u00f6nes Werkzeug. Dar\u00fcber hinaus ist unser PMMA f\u00fcr die UV-Sicherheit entwickelt und widersteht dem Vergilben und der Zerst\u00f6rung im Laufe der Zeit, auch bei Anwendungen im Au\u00dfenbereich oder bei hoher Lichtintensit\u00e4t.<\/li>\n<\/ul>\n<p><strong>2. Wirklich hohe Effektresistenz und Widerstandsf\u00e4higkeit\u00a0<\/strong>. Lassen Sie sich nicht von seinem glas\u00e4hnlichen Aussehen t\u00e4uschen. Unsere unnachgiebigen Acrylrohre sind extrem widerstandsf\u00e4hig. Es weist eine Schlagfestigkeit auf, die\u00a0<strong>10 bis 20 Mal h\u00f6her als bei Standardglas\u00a0<\/strong>mit genau der gleichen Dicke.<\/p>\n<ul>\n<li><strong>Nutzen f\u00fcr Sie:\u00a0<\/strong>Dies f\u00fchrt direkt zu geringeren Kosten und mehr Sicherheit. Bruchsch\u00e4den bei der Lieferung, Pflege und Installation werden erheblich reduziert. F\u00fcr fertige Produkte bedeutet diese Robustheit eine viel l\u00e4ngere Lebensdauer und eine h\u00f6here Widerstandsf\u00e4higkeit gegen unbeabsichtigte Besch\u00e4digungen, wodurch die Erfolgsbilanz Ihrer Marke in Bezug auf Spitzenqualit\u00e4t gesichert wird. Es ist das optimale Material f\u00fcr stark frequentierte \u00f6ffentliche Einrichtungen, Sicherheitsk\u00e4sten und Industrieanlagen.<\/li>\n<\/ul>\n<p><strong>3. Starke chemische Sicherheit\u00a0<\/strong>. Unsere PMMA-Rohre weisen eine hervorragende Best\u00e4ndigkeit gegen\u00fcber einer Vielzahl typischer Chemikalien auf, darunter schwache S\u00e4uren und Laugen, \u00d6le, Fette und Salzl\u00f6sungen.<\/p>\n<ul>\n<li><strong>Gewinn f\u00fcr Sie:\u00a0<\/strong>Diese Sicherheit macht es zu einer zuverl\u00e4ssigen Wahl f\u00fcr Laborausr\u00fcstungen, f\u00fcr den Transport von Lebensmitteln und Getr\u00e4nken (achten Sie auf die Angaben zur Lebensmittelzulassung) und f\u00fcr industrielle Verarbeitungslinien, bei denen der Kontakt mit zahlreichen Substanzen zum Alltag geh\u00f6rt. Die porenfreie Oberfl\u00e4che ist au\u00dferdem leicht zu reinigen und zu sterilisieren.<\/li>\n<\/ul>\n<p><strong>4. Leicht und einfach zu verarbeiten\u00a0<\/strong>. Acryl ist etwa halb so schwer wie Glas.<\/p>\n<ul>\n<li><strong>Gewinn f\u00fcr Sie:\u00a0<\/strong>Diese erhebliche Gewichtsreduzierung bringt eine Reihe von Vorteilen mit sich. Die Versand- und Logistikkosten werden gesenkt. Der Aufbau ist schneller, sicherer und kann oft mit weniger Personal durchgef\u00fchrt werden. Die geringeren strukturellen Gewichte sind ein bedeutender Vorteil bei architektonischen Anwendungen, da sie eine dynamischere Gestaltung erm\u00f6glichen, ohne dass schwere St\u00fctzrahmen erforderlich sind.<\/li>\n<\/ul>\n<p><a href=\"https:\/\/customacrylicproduct.com\/de\/custom-acrylic-rods-tubes\/\"><img decoding=\"async\" class=\"aligncenter wp-image-929 size-full\" src=\"https:\/\/customacrylicproduct.com\/wp-content\/uploads\/2025\/07\/Acrylic-Tubes-For-Sale.jpg\" alt=\"Acryl-Rohre zu verkaufen\" width=\"800\" height=\"800\" srcset=\"https:\/\/customacrylicproduct.com\/wp-content\/uploads\/2025\/07\/Acrylic-Tubes-For-Sale.jpg 800w, https:\/\/customacrylicproduct.com\/wp-content\/uploads\/2025\/07\/Acrylic-Tubes-For-Sale-300x300.jpg 300w, https:\/\/customacrylicproduct.com\/wp-content\/uploads\/2025\/07\/Acrylic-Tubes-For-Sale-150x150.jpg 150w, https:\/\/customacrylicproduct.com\/wp-content\/uploads\/2025\/07\/Acrylic-Tubes-For-Sale-768x768.jpg 768w, https:\/\/customacrylicproduct.com\/wp-content\/uploads\/2025\/07\/Acrylic-Tubes-For-Sale-12x12.jpg 12w, https:\/\/customacrylicproduct.com\/wp-content\/uploads\/2025\/07\/Acrylic-Tubes-For-Sale-600x600.jpg 600w, https:\/\/customacrylicproduct.com\/wp-content\/uploads\/2025\/07\/Acrylic-Tubes-For-Sale-100x100.jpg 100w\" sizes=\"(max-width: 800px) 100vw, 800px\" \/><\/a><\/p>\n<p><strong>5. Hohe Transparenz f\u00fcr fl\u00fcssiges Beobachten\u00a0<\/strong>. Die sch\u00f6ne Qualit\u00e4t des Fernsehens macht es zu einem au\u00dfergew\u00f6hnlichen\u00a0<strong>Der Fl\u00fcssigkeitsstrom ist leicht zu erkennen.\u00a0<\/strong>.<\/p>\n<ul>\n<li><strong>Nutzen f\u00fcr Sie:\u00a0<\/strong>Dies ist eine entscheidende Funktion in zahlreichen kommerziellen und wissenschaftlichen Einrichtungen. Unsere R\u00f6hren werden h\u00e4ufig als Schaugl\u00e4ser und Fl\u00fcssigkeitsstandanzeigen an Maschinen, in Filtersystemen und in klinischen Ger\u00e4ten verwendet. Sie erm\u00f6glichen eine prompte \u00e4sthetische Best\u00e4tigung der Durchflussmenge, Farbe und Klarheit von Fl\u00fcssigkeiten, ohne dass komplizierte Sensoren erforderlich sind.<\/li>\n<\/ul>\n<p><strong>6. Hervorragende Witterungsbest\u00e4ndigkeit und Temperaturbest\u00e4ndigkeit\u00a0<\/strong>. Unser <a href=\"https:\/\/customacrylicproduct.com\/de\/custom-acrylic-rods-tubes\/\">extrudierte Acrylglasrohre<\/a> funktionieren zuverl\u00e4ssig in einem breiten Temperaturbereich der L\u00f6sung. Sie behalten ihre Wohneigenschaften sowohl in hei\u00dfen als auch in kalten Umgebungen bei und sind von Natur aus immun gegen die zerst\u00f6rerischen Auswirkungen von Witterungseinfl\u00fcssen und UV-Strahlung, was sie f\u00fcr viele Au\u00dfenanwendungen geeignet macht.<\/p>\n<h4 id=\"-section-3-an-universe-of-applications-driving-technology-throughout-industries-\"><strong>Abschnitt 3: Ein Universum von Anwendungen - Technologie f\u00fcr alle Branchen\u00a0<\/strong>.<\/h4>\n<p>Die Vielseitigkeit unserer klaren, unflexiblen Acrylglasrohre wird nur durch Ihre Kreativit\u00e4t begrenzt. Als Gro\u00dfh\u00e4ndler k\u00f6nnen Sie dieses solit\u00e4re Produkt mit Sicherheit an ein vielf\u00e4ltiges Kundenprofil liefern.<\/p>\n<ul>\n<li><strong>Industrie und Produktion:\u00a0<\/strong>Die Grundlage zahlreicher industrieller Prozesse.<\/li>\n<li><strong>Schutzh\u00fcllen:\u00a0<\/strong>Sie werden als dauerhafte, transparente Ummantelungen f\u00fcr empfindliche Kabel, Leitungen und elektronische Teile verwendet und sch\u00fctzen sie vor Schmutz, Feuchtigkeit und Einwirkungen.<\/li>\n<li><strong>Fl\u00fcssigkeitsf\u00f6rderung und Pneumatik:\u00a0<\/strong>Ideal f\u00fcr pneumatisch angetriebene Transportsysteme, Schaugl\u00e4ser an Hydrauliktanks und Rohrleitungen f\u00fcr Prozessfl\u00fcssigkeiten, wo eine visuelle \u00dcberwachung erforderlich ist.<\/li>\n<li><strong>Maker Guards:\u00a0<\/strong>Bietet eine sichere, transparente Barriere um bewegliche Maschinenteile, ohne die Sicht des Fahrers zu behindern.<\/li>\n<li><strong>Lichter und Beleuchtung:\u00a0<\/strong>Er wird von Beleuchtungsdesignern und -herstellern bevorzugt.<\/li>\n<li><strong>LED-Diffusoren:\u00a0<\/strong>Die au\u00dfergew\u00f6hnliche Lichtdurchl\u00e4ssigkeit und die nat\u00fcrlichen Streuungseigenschaften erzeugen eine weiche, gleichm\u00e4\u00dfige Beleuchtung f\u00fcr Geb\u00e4udebeleuchtungen, Gesch\u00e4ftsbeleuchtungen und kundenspezifische LED-Projekte.<\/li>\n<li><strong>Lampen und Laternen:\u00a0<\/strong>Bildet den strukturellen und visuellen K\u00f6rper f\u00fcr moderne und zeitlose Beleuchtungsstile, sowohl im Innen- als auch im Au\u00dfenbereich.<\/li>\n<li><strong>Einzelhandel, POP-Displays und Beschilderung:\u00a0<\/strong>Produzieren Sie visuell beeindruckende und langlebige kommerzielle Armaturen.<\/li>\n<li><strong>Produktanzeigen:\u00a0<\/strong>Sie werden als Setzstufen, St\u00e4nder und strukturelle Elemente in hochwertigen Einzelhandels- und Kosmetikbildschirmen verwendet.<\/li>\n<li><strong>Inhaber von Indikationen:\u00a0<\/strong>Eine unkomplizierte und stilvolle L\u00f6sung f\u00fcr die Pr\u00e4sentation von Informationen in Lobbys, Ausstellungen und im Einzelhandel.<\/li>\n<li><strong>Stil &amp; Struktur Materialien:\u00a0<\/strong>Eine Mischung aus Form und Funktion im modernen Bauen.<\/li>\n<li><strong>Balustraden und Handl\u00e4ufe:\u00a0<\/strong>Bietet eine moderne, minimalistische Alternative zu Glas oder Metall und bietet Sicherheit und freie Sicht.<\/li>\n<li><strong>Aspekte der Innenarchitektur:\u00a0<\/strong>Sie werden als dekorative S\u00e4ulen, Trennw\u00e4nde und fantasievolle Funktionen verwendet, die mit Licht und Raum spielen.<\/li>\n<li><strong>Aquaristik und Biowissenschaften:\u00a0<\/strong>Die klare Wahl f\u00fcr wasserbasierte Atmosph\u00e4ren.<\/li>\n<li><strong>Aquarien und Fischbecken:\u00a0<\/strong>Sie werden in Filtersystemen, \u00dcberlaufrohren und ma\u00dfgefertigten Auffangwannen sowohl f\u00fcr Liebhaber als auch f\u00fcr gro\u00dfe \u00f6ffentliche Aquarien verwendet.<\/li>\n<li><strong>Forschungslabor Ger\u00e4te:\u00a0<\/strong>Bildet aufgrund seiner Klarheit und chemischen Stabilit\u00e4t die Grundlage f\u00fcr Laborger\u00e4te, Bioreaktoren und Screening-Ger\u00e4te.<\/li>\n<li><strong>Basteln, DIY &amp; Prototyping:\u00a0<\/strong>Ein Grundstoff f\u00fcr Designer.<\/li>\n<li><strong>Modellbau:\u00a0<\/strong>Perfekt f\u00fcr den Bau architektonischer Versionen und technischer Prototypen.<\/li>\n<li><strong>K\u00fcnstlerische Installationen:\u00a0<\/strong>Wird von K\u00fcnstlern und Designern f\u00fcr Skulpturen und Aufbauten verwendet, die mit Licht arbeiten.<\/li>\n<\/ul>\n<p><a href=\"https:\/\/customacrylicproduct.com\/de\/acrylic-pipe-extruded-clear-rigid-round-tubes-wholesalers\/\"><img decoding=\"async\" class=\"aligncenter wp-image-926 size-full\" src=\"https:\/\/customacrylicproduct.com\/wp-content\/uploads\/2025\/07\/Acrylic-Tubes-For-Sale-1.jpg\" alt=\"Acryl-Rohre zu verkaufen\" width=\"800\" height=\"800\" srcset=\"https:\/\/customacrylicproduct.com\/wp-content\/uploads\/2025\/07\/Acrylic-Tubes-For-Sale-1.jpg 800w, https:\/\/customacrylicproduct.com\/wp-content\/uploads\/2025\/07\/Acrylic-Tubes-For-Sale-1-300x300.jpg 300w, https:\/\/customacrylicproduct.com\/wp-content\/uploads\/2025\/07\/Acrylic-Tubes-For-Sale-1-150x150.jpg 150w, https:\/\/customacrylicproduct.com\/wp-content\/uploads\/2025\/07\/Acrylic-Tubes-For-Sale-1-768x768.jpg 768w, https:\/\/customacrylicproduct.com\/wp-content\/uploads\/2025\/07\/Acrylic-Tubes-For-Sale-1-12x12.jpg 12w, https:\/\/customacrylicproduct.com\/wp-content\/uploads\/2025\/07\/Acrylic-Tubes-For-Sale-1-600x600.jpg 600w, https:\/\/customacrylicproduct.com\/wp-content\/uploads\/2025\/07\/Acrylic-Tubes-For-Sale-1-100x100.jpg 100w\" sizes=\"(max-width: 800px) 100vw, 800px\" \/><\/a><\/p>\n<h4 id=\"-section-4-the-wholesale-benefit-your-strategic-supply-partner-\"><strong>Abschnitt 4: Der Gro\u00dfhandelsvorteil - Ihr strategischer Lieferpartner\u00a0<\/strong>.<\/h4>\n<p>Wir wissen, dass Gro\u00dfhandelskunden mehr als nur einen qualitativ hochwertigen Artikel ben\u00f6tigen: Sie brauchen einen zuverl\u00e4ssigen Partner. Unser gesamter Betrieb ist darauf ausgerichtet, Ihr Unternehmen zu unterst\u00fctzen und Ihren Erfolg zu sichern.<\/p>\n<ul>\n<li><strong>Wettbewerbsf\u00e4hige Massenpreise:\u00a0<\/strong>Durch die Konzentration auf Gro\u00dfserienfertigung und zuverl\u00e4ssige Logistik bieten wir Ihnen einen extrem g\u00fcnstigen Preisrahmen, der es Ihnen erm\u00f6glicht, Ihre Margen zu maximieren.<\/li>\n<li><strong>Gro\u00dfes Angebot auf Lager:\u00a0<\/strong>Wir verf\u00fcgen \u00fcber einen umfangreichen Bestand an den g\u00e4ngigsten Durchmessern und Wandst\u00e4rken, so dass wir Ihre dringenden Auftr\u00e4ge schnell erf\u00fcllen und die Lieferzeiten verk\u00fcrzen k\u00f6nnen.<\/li>\n<li><strong>Ma\u00dfgeschneiderte L\u00f6sungen:\u00a0<\/strong>Verringern Sie Ihre Arbeitskosten und Produktabf\u00e4lle. Wir bieten einen pr\u00e4zisen Zuschnittservice und liefern Rohre, die sofort f\u00fcr Ihre Aufgaben oder f\u00fcr den Weiterverkauf an Ihre Kunden verwendet werden k\u00f6nnen.<\/li>\n<li><strong>Qualit\u00e4tssicherung:\u00a0<\/strong>Jeder Satz unserer extrudierten Acrylglasrohre durchl\u00e4uft strenge Qualit\u00e4tssicherungspr\u00fcfungen, um sicherzustellen, dass er unsere hohen Kriterien f\u00fcr Qualit\u00e4t, Ma\u00dfgenauigkeit und strukturelle Integrit\u00e4t erf\u00fcllt. Sie k\u00f6nnen sich auf die Best\u00e4ndigkeit unseres Angebots verlassen.<\/li>\n<li><strong>Unterst\u00fctzung durch Experten:\u00a0<\/strong>Unser Team ist mehr als nur Auftragsabwickler. Wir sind erfahrene Fachleute, die technische Daten, Anwendungsberatung und auf Ihre Bed\u00fcrfnisse zugeschnittene L\u00f6sungen anbieten k\u00f6nnen.<\/li>\n<\/ul>\n<p><strong>Fazit: W\u00e4hlen Sie Klarheit, w\u00e4hlen Sie Durchhalteverm\u00f6gen, w\u00e4hlen Sie Partnerschaft\u00a0<\/strong>.<\/p>\n<p>Stranggepresst <a href=\"https:\/\/customacrylicproduct.com\/de\/custom-acrylic-rods-tubes\/\">klares, unflexibles, rundes Acryl-Rohr<\/a> ist mehr als eine einfache Kunststoffrohrleitung; es ist eine technische L\u00f6sung, die eine unvergleichliche Mischung aus optischer Klarheit, physischer Langlebigkeit und Anpassungsf\u00e4higkeit des Layouts bietet.<\/p>\n<p>Wenn Sie sich f\u00fcr uns als Gro\u00dfhandelslieferanten entscheiden, sch\u00fctzen Sie ein wichtiges Glied in Ihrer Lieferkette. Sie kaufen ein Produkt, das den Anspr\u00fcchen Ihrer verschiedenen Kunden gerecht wird, und eine Partnerschaft, die Sie bei Ihrer Expansion unterst\u00fctzen wird.<\/p>\n<p>Bringen Sie Ihre Projekte voran und st\u00e4rken Sie Ihr Unternehmen mit dem Besten, was es gibt.<\/p>\n<p><strong>Wenden Sie sich noch heute an unsere B2B-Verkaufsabteilung, um ein detailliertes Magazin anzufordern, Ihre spezifischen Anforderungen zu pr\u00fcfen oder ein g\u00fcnstiges Angebot f\u00fcr Ihre n\u00e4chste Gro\u00dfbestellung zu erhalten.\u00a0<\/strong>.<\/p>","protected":false},"excerpt":{"rendered":"<p>Als f\u00fchrender Gro\u00dfh\u00e4ndler liefern wir erstklassige extrudierte Acrylrohre. Unsere klaren, starren Rundrohre bieten hervorragende optische Klarheit und Schlagfestigkeit. Sie eignen sich ideal f\u00fcr POP-Displays, Beleuchtung und kundenspezifische Anfertigungen. Erh\u00e4ltlich in verschiedenen Durchmessern und L\u00e4ngen f\u00fcr Gro\u00dfauftr\u00e4ge. Fordern Sie Ihr B2B-Angebot an!<\/p>","protected":false},"featured_media":929,"template":"","meta":{"_kad_post_transparent":"default","_kad_post_title":"","_kad_post_layout":"default","_kad_post_sidebar_id":"","_kad_post_content_style":"default","_kad_post_vertical_padding":"default","_kad_post_feature":"","_kad_post_feature_position":"","_kad_post_header":false,"_kad_post_footer":false,"_kad_post_classname":""},"product_brand":[],"product_cat":[23],"product_tag":[62,61,105],"class_list":{"0":"post-925","1":"product","2":"type-product","3":"status-publish","4":"has-post-thumbnail","6":"product_cat-custom-acrylic-rods-tubes","7":"product_tag-coloured-acrylic-rods","8":"product_tag-custom-acrylic-rods","9":"product_tag-custom-acrylic-tubes","11":"first","12":"instock","13":"shipping-taxable","14":"product-type-simple","15":"entry","16":"content-bg","17":"loop-entry"},"_links":{"self":[{"href":"https:\/\/customacrylicproduct.com\/de\/wp-json\/wp\/v2\/product\/925","targetHints":{"allow":["GET"]}}],"collection":[{"href":"https:\/\/customacrylicproduct.com\/de\/wp-json\/wp\/v2\/product"}],"about":[{"href":"https:\/\/customacrylicproduct.com\/de\/wp-json\/wp\/v2\/types\/product"}],"wp:featuredmedia":[{"embeddable":true,"href":"https:\/\/customacrylicproduct.com\/de\/wp-json\/wp\/v2\/media\/929"}],"wp:attachment":[{"href":"https:\/\/customacrylicproduct.com\/de\/wp-json\/wp\/v2\/media?parent=925"}],"wp:term":[{"taxonomy":"product_brand","embeddable":true,"href":"https:\/\/customacrylicproduct.com\/de\/wp-json\/wp\/v2\/product_brand?post=925"},{"taxonomy":"product_cat","embeddable":true,"href":"https:\/\/customacrylicproduct.com\/de\/wp-json\/wp\/v2\/product_cat?post=925"},{"taxonomy":"product_tag","embeddable":true,"href":"https:\/\/customacrylicproduct.com\/de\/wp-json\/wp\/v2\/product_tag?post=925"}],"curies":[{"name":"wp","href":"https:\/\/api.w.org\/{rel}","templated":true}]}}