{"id":950,"date":"2025-07-12T04:13:28","date_gmt":"2025-07-12T04:13:28","guid":{"rendered":"https:\/\/customacrylicproduct.com\/?post_type=product&#038;p=950"},"modified":"2025-07-17T12:58:49","modified_gmt":"2025-07-17T12:58:49","slug":"coloured-acrylic-wine-serving-tray-food-drinks-bar-home","status":"publish","type":"product","link":"https:\/\/customacrylicproduct.com\/de\/coloured-acrylic-wine-serving-tray-food-drinks-bar-home\/","title":{"rendered":"Farbige Acryl Wein servieren Tablett Lebensmittel Getr\u00e4nke Bar Home"},"content":{"rendered":"<h3 id=\"-the-chroma-tray-a-crossway-of-art-function-and-modern-living-\"><strong>Das Acryl-Tablett: Ein Kreuzweg aus Kunst, Funktion und modernem Leben <\/strong>.<\/h3>\n<p>In der modernen Wohnung erz\u00e4hlt jeder Gegenstand eine Geschichte. Wir gestalten unsere R\u00e4ume nicht einfach nur mit M\u00f6beln, sondern mit Gegenst\u00e4nden, die unsere Vorlieben zeigen, unsere Lebensweise unterst\u00fctzen und ein friedliches Gef\u00fchl der Freude in unsere t\u00e4gliche Routine bringen. Wir suchen nach einer einheitlichen Mischung aus Form und Funktion - nach Produkten, die ebenso sch\u00f6n anzusehen wie n\u00fctzlich zu benutzen sind. Unter diesem Gesichtspunkt ist die <a href=\"https:\/\/customacrylicproduct.com\/de\/coloured-acrylic-wine-serving-tray-food-drinks-bar-home\/\">Serviertablett aus farbigem Polymer<\/a> war geboren. Dieses Tablett ist nicht nur ein Tablett, es ist eine Leinwand f\u00fcr das Leben, eine flexible B\u00fchne f\u00fcr alles, von fr\u00f6hlichen Mixgetr\u00e4nken bis hin zu Momenten der stillen Besinnung. Es ist eine finanzielle Investition in einfache Raffinesse, die Ihr Zuhause aufwertet und Ihr Leben mit einem Spritzer moderner Farbe und kompromisslos hoher Qualit\u00e4t vereinfacht.<\/p>\n<h4 id=\"-numerous-features-the-art-of-infinite-flexibility-\"><strong>Zahlreiche Funktionen: Die Kunst der unendlichen Flexibilit\u00e4t\u00a0<\/strong>.<\/h4>\n<p>Der wahre Zauber eines au\u00dfergew\u00f6hnlich hergestellten Gegenstandes liegt in seiner Vielseitigkeit. Das Chroma Tablett wurde entwickelt, um das einzige funktionelle Accessoire in Ihrem Haus zu sein, das m\u00fchelos zwischen verschiedenen Funktionen mit Anmut und Design wechseln kann. Seine M\u00f6glichkeiten sind nur durch Ihre Vorstellungskraft begrenzt.<\/p>\n<ul>\n<li><strong>Das Zentrum des Home Entertainment:\u00a0<\/strong>Stellen Sie sich vor, Sie veranstalten einen Abend mit Freunden. Das Chroma Tablett wird zu Ihrem wichtigen Begleiter. Beladen mit handwerklich hergestellten K\u00e4sesorten und Charcuterie ist es eine fortschrittliche Servierplatte. Es schm\u00fcckt Ihren Barwagen und ordnet Bitter, Shaker und Gl\u00e4ser. In Ihren H\u00e4nden ist sie eine stabile, stilvolle Plattform, auf der Sie Ihren G\u00e4sten perfekt gemixte alkoholische Getr\u00e4nke oder gek\u00fchlten Champagner servieren k\u00f6nnen, wobei ihre lebendige Farbe der Feier einen fr\u00f6hlichen Touch verleiht. Er verwandelt Sie von einem aktiven Gastgeber in einen eleganten Meister der Ereignisse.<\/li>\n<li><strong>Der perfekte Freund der Fu\u00dfst\u00fctze:\u00a0<\/strong>Das Tablett verwandelt Ihre weiche, gepolsterte Ottomane in einen stabilen, trendigen Couchtisch f\u00fcr die begehrten stillen Abende. Es hat die perfekte Gr\u00f6\u00dfe, um eine \u201cMinute\u201d zu schaffen - einen Platz f\u00fcr Ihr Lieblingsbuch, eine duftende Kerze, die ein warmes Licht verbreitet, eine dampfende Tasse Kr\u00e4utertee oder ein Glas Wein. Es ist ein Ort der Bequemlichkeit, an dem Sie alles, was Sie brauchen, in Reichweite haben und gleichzeitig die Textilien Ihrer Einrichtung sch\u00fctzen.<\/li>\n<li><strong>Essen, neu definiert:\u00a0<\/strong>Vom entspannten Abendessen auf der Couch, w\u00e4hrend Sie Ihre Lieblingsserie schauen, bis hin zum stilvollen Mittagessen auf der Terrasse - das Tablett bietet eine stabile, sch\u00f6ne Oberfl\u00e4che f\u00fcr Ihr Gericht. Da es wasserdicht ist, m\u00fcssen Sie sich nicht mit Kondenswasser von einem k\u00fchlen Getr\u00e4nk oder einem kleinen Klecks herum\u00e4rgern. Dar\u00fcber hinaus erf\u00fcllt es eine zus\u00e4tzliche pflegende Funktion, indem es Ihnen erm\u00f6glicht, einem geliebten Menschen, der sich im Bett ausruht, ein beruhigendes Gericht zu servieren, was einen einfachen Akt der Behandlung in eine atemberaubende, durchdachte Bewegung verwandelt.<\/li>\n<li><strong>Der Kurator des individuellen Bereichs:\u00a0<\/strong>Das Chroma Tray ist nicht nur eine Ablage, sondern auch ein Kunstwerk. Stellen Sie es auf Ihre Schlafzimmerkommode oder Ihren Waschtisch, um Ihre Lieblingsd\u00fcfte, Pflegeflaschen und Schmuckst\u00fccke aufsehenerregend zu pr\u00e4sentieren. Es b\u00e4ndigt das attraktive Chaos und verwandelt die Dinge des Alltags in eine kuratierte Vignette. In Ihrem Eingangsbereich wird er zum schicken Sammelbecken f\u00fcr Tricks, Post und Sonnenbrillen. Auf Ihrem B\u00fcroschreibtisch ordnet er Schreibwaren und Basics, bringt einen Hauch von innovativer Farbe in Ihren Arbeitsbereich und hilft, sich zu konzentrieren. Es ist in jeder Hinsicht ein St\u00fcck, das wirklich alles kann.<\/li>\n<\/ul>\n<p><a href=\"https:\/\/customacrylicproduct.com\/de\/coloured-acrylic-wine-serving-tray-food-drinks-bar-home\/\"><img fetchpriority=\"high\" decoding=\"async\" class=\"wp-image-953 size-full aligncenter\" src=\"https:\/\/customacrylicproduct.com\/wp-content\/uploads\/2025\/07\/Coloured-Acrylic-Tray.jpg\" alt=\"Farbiges Acryltablett\" width=\"800\" height=\"800\" srcset=\"https:\/\/customacrylicproduct.com\/wp-content\/uploads\/2025\/07\/Coloured-Acrylic-Tray.jpg 800w, https:\/\/customacrylicproduct.com\/wp-content\/uploads\/2025\/07\/Coloured-Acrylic-Tray-300x300.jpg 300w, https:\/\/customacrylicproduct.com\/wp-content\/uploads\/2025\/07\/Coloured-Acrylic-Tray-150x150.jpg 150w, https:\/\/customacrylicproduct.com\/wp-content\/uploads\/2025\/07\/Coloured-Acrylic-Tray-768x768.jpg 768w, https:\/\/customacrylicproduct.com\/wp-content\/uploads\/2025\/07\/Coloured-Acrylic-Tray-12x12.jpg 12w, https:\/\/customacrylicproduct.com\/wp-content\/uploads\/2025\/07\/Coloured-Acrylic-Tray-600x600.jpg 600w, https:\/\/customacrylicproduct.com\/wp-content\/uploads\/2025\/07\/Coloured-Acrylic-Tray-100x100.jpg 100w\" sizes=\"(max-width: 800px) 100vw, 800px\" \/><\/a><\/p>\n<h4 id=\"-phenomenal-craftsmanship-an-ideology-of-design-\"><strong>Ph\u00e4nomenale Handwerkskunst: Eine Ideologie des Designs\u00a0<\/strong>.<\/h4>\n<p>Unser attraktives Acryltablett ist ein Beweis f\u00fcr die \u00dcberzeugung, dass Charme von durchdachter Einfachheit abh\u00e4ngt. Das Tablett ist ein Cham\u00e4leon, das sich in jeden Stil einf\u00fcgt und gleichzeitig ein Statement abgibt. Die klaren Linien und die reine, geometrische Art - die sowohl f\u00fcr rechteckige als auch f\u00fcr quadratische Ottomane angeboten werden - erm\u00f6glichen es, eine breite Palette von Inneneinrichtungen zu erg\u00e4nzen.<\/p>\n<p>Ganz gleich, ob Ihr Zuhause eine Oase des skandinavischen Minimalismus, ein starkes Industrieloft, ein gem\u00fctliches Boh\u00e8me-Resort oder ein Tempel des zeitgen\u00f6ssischen Luxus ist, das Tablett wird sich mit seiner minimalen Optik und seinem \u00fcppigen, juwelenfarbenen Ton sofort zu Hause f\u00fchlen. Es nimmt Ihren bestehenden Stil nicht auf, sondern unterstreicht ihn. Die leuchtende, fast flie\u00dfende Qualit\u00e4t des farbigen Acryls f\u00e4ngt das Licht perfekt ein und verleiht jedem Raum eine lebendige, tiefe und interessante Note.<\/p>\n<p>Wir haben viel Wert auf die Abmessungen gelegt, um sicherzustellen, dass das Gleichgewicht zwischen ausreichend Platz und Tragbarkeit gewahrt bleibt, um einen Raum nicht zu verwirren. Die Dimensionen sind sorgf\u00e4ltig berechnet, um Ihre wichtigsten Gegenst\u00e4nde aufzunehmen, ohne dass Sie sich \u00fcberladen f\u00fchlen. Die raffinierten, erh\u00f6hten R\u00e4nder sind ein Meisterwerk des funktionalen Designs - hoch genug, um kleinere Versch\u00fcttungen aufzufangen und das Verrutschen von Gegenst\u00e4nden zu verhindern, und doch reduziert genug, um ein schlankes, unauff\u00e4lliges Profil zu erhalten. Das ist Handwerkskunst, die man sehen und wirklich f\u00fchlen kann.<\/p>\n<p><a href=\"https:\/\/customacrylicproduct.com\/de\/coloured-acrylic-wine-serving-tray-food-drinks-bar-home\/\"><img decoding=\"async\" class=\"aligncenter wp-image-952 size-full\" src=\"https:\/\/customacrylicproduct.com\/wp-content\/uploads\/2025\/07\/Coloured-Acrylic-Tray-2.jpg\" alt=\"Farbiges Acryltablett\" width=\"800\" height=\"800\" srcset=\"https:\/\/customacrylicproduct.com\/wp-content\/uploads\/2025\/07\/Coloured-Acrylic-Tray-2.jpg 800w, https:\/\/customacrylicproduct.com\/wp-content\/uploads\/2025\/07\/Coloured-Acrylic-Tray-2-300x300.jpg 300w, https:\/\/customacrylicproduct.com\/wp-content\/uploads\/2025\/07\/Coloured-Acrylic-Tray-2-150x150.jpg 150w, https:\/\/customacrylicproduct.com\/wp-content\/uploads\/2025\/07\/Coloured-Acrylic-Tray-2-768x768.jpg 768w, https:\/\/customacrylicproduct.com\/wp-content\/uploads\/2025\/07\/Coloured-Acrylic-Tray-2-12x12.jpg 12w, https:\/\/customacrylicproduct.com\/wp-content\/uploads\/2025\/07\/Coloured-Acrylic-Tray-2-600x600.jpg 600w, https:\/\/customacrylicproduct.com\/wp-content\/uploads\/2025\/07\/Coloured-Acrylic-Tray-2-100x100.jpg 100w\" sizes=\"(max-width: 800px) 100vw, 800px\" \/><\/a><\/p>\n<h4 id=\"-a-lifetime-of-service-engineered-for-toughness-and-comfort-\"><strong>Ein Leben lang im Einsatz: Entwickelt f\u00fcr Robustheit und Komfort\u00a0<\/strong>.<\/h4>\n<p>Ein attraktiver Gegenstand ist nur dann wirklich n\u00fctzlich, wenn er f\u00fcr eine lange Lebensdauer konstruiert ist. Wir haben das Chroma-Tablett f\u00fcr eine lange und vorteilhafte Lebensdauer entwickelt, indem wir nur teures, dickwandiges Acryl verwendet haben. Dieses Produkt wurde wegen seiner bemerkenswerten Kombination aus glasartiger Klarheit und bemerkenswerter Festigkeit ausgew\u00e4hlt. Es ist unglaublich haltbar und extrem bruchfest, so dass Sie es im Gegensatz zu seinen zerbrechlichen Gegenst\u00fccken aus Glas oder Keramik t\u00e4glich verwenden k\u00f6nnen, ohne sich Sorgen \u00fcber Risse oder Splitter machen zu m\u00fcssen.<\/p>\n<p>Das Leben ist voll von kleinen Zwischenf\u00e4llen, deshalb haben wir daf\u00fcr gesorgt, dass das Tablett absolut wasserfest und auslaufsicher ist. Merlot, Kaffee, Kondenswasser - absolut nichts dringt in seine porenfreie Oberfl\u00e4che ein. Das macht es extrem einfach zu reinigen und zu konservieren, und es sch\u00fctzt die darunter liegenden Fl\u00e4chen. Ein versch\u00fcttetes Getr\u00e4nk auf einer Stofffu\u00dfst\u00fctze ist keine Katastrophe mehr, sondern ein kleines Problem, das in Sekundenschnelle beseitigt werden kann. Diese St\u00e4rke macht das Tablett nicht nur zu einer Anschaffung, sondern zu einer langfristigen finanziellen Investition in Ihrem Haus.<\/p>\n<h4 id=\"-the-creative-gift-an-expression-of-preference-and-warmth-\"><strong>Das kreative Geschenk: Ein Ausdruck von Vorliebe und Herzlichkeit\u00a0<\/strong>.<\/h4>\n<p>F\u00fcr die Person in Ihrem Leben, die Wert auf eine stilvolle Inneneinrichtung legt - der Freund mit dem makellosen Haus, das Familienmitglied, das gerne Gastgeber ist, der neue Hausbesitzer, der sein Nest einrichtet - kann es schwierig sein, ein Geschenk zu finden, das ihren hohen Anspr\u00fcchen gen\u00fcgt. Das Chroma-Tablett ist die perfekte L\u00f6sung. Es ist ein kreatives, durchdachtes Geschenk, das B\u00e4nde \u00fcber Ihren eigenen au\u00dfergew\u00f6hnlichen Geschmack und Ihre Sehnsucht nach ihnen spricht.<\/p>\n<p>Dieses Tablett ist mehr als nur ein Gegenstand; es ist eine Darstellung einer fortschrittlichen Lebensweise. Wenn Sie es verschenken, zeigen Sie, dass Sie ihre Begeisterung f\u00fcr einen attraktiven Raum anerkennen und sch\u00e4tzen. Es ist ein perfektes Geschenk f\u00fcr jede Art von einzigartigen Anl\u00e4ssen: ein\u00a0<strong>Hauseinweihung\u00a0<\/strong>Geschenk, das sowohl n\u00fctzlich als auch modisch ist, ein\u00a0<strong>Geburtstag\u00a0<\/strong>f\u00fcr den Designfanatiker, ein\u00a0<strong>Hochzeitsfeier\u00a0<\/strong>oder\u00a0<strong>Hochzeitstag\u00a0<\/strong>Geschenk f\u00fcr ein Paar, das gerne G\u00e4ste empf\u00e4ngt. Eine Geste, die garantiert auf echte Anerkennung st\u00f6\u00dft und \u00fcber Jahre hinweg einen gesch\u00e4tzten Platz in ihrem Zuhause finden wird.<\/p>\n<h4 id=\"-uncomplicated-maintenance-the-beauty-of-simplicity-\"><strong>Unkomplizierte Wartung: Die Sch\u00f6nheit der Einfachheit\u00a0<\/strong>.<\/h4>\n<p>Wir glauben, dass High-End unkompliziert sein sollte. Die Eleganz Ihres Chroma-Tabletts wurde so entwickelt, dass es schnell zu pflegen ist. Sie brauchen keine extremen Reinigungsmittel, kein grobes Schrubben und keine speziellen Polituren, um das glatte, gl\u00e4nzende und farbenpr\u00e4chtige Aussehen zu erhalten. F\u00fcr die t\u00e4gliche Pflege und bei kleineren Verschmutzungen gen\u00fcgt eine einfache Reinigung mit einem weichen, feuchten Tuch, um den hervorragenden Glanz wiederherzustellen. Diese problemlose Reinigung sorgt daf\u00fcr, dass Ihr Tablett mit minimalem Aufwand immer ein Blickfang bleibt, so dass Sie mehr Zeit haben, seinen Charme und seine Leistung zu genie\u00dfen.<\/p>\n<p><a href=\"https:\/\/customacrylicproduct.com\/de\/coloured-acrylic-wine-serving-tray-food-drinks-bar-home\/\"><img decoding=\"async\" class=\"aligncenter wp-image-951 size-full\" src=\"https:\/\/customacrylicproduct.com\/wp-content\/uploads\/2025\/07\/Coloured-Acrylic-Tray-1.jpg\" alt=\"Farbiges Acryltablett\" width=\"800\" height=\"800\" srcset=\"https:\/\/customacrylicproduct.com\/wp-content\/uploads\/2025\/07\/Coloured-Acrylic-Tray-1.jpg 800w, https:\/\/customacrylicproduct.com\/wp-content\/uploads\/2025\/07\/Coloured-Acrylic-Tray-1-300x300.jpg 300w, https:\/\/customacrylicproduct.com\/wp-content\/uploads\/2025\/07\/Coloured-Acrylic-Tray-1-150x150.jpg 150w, https:\/\/customacrylicproduct.com\/wp-content\/uploads\/2025\/07\/Coloured-Acrylic-Tray-1-768x768.jpg 768w, https:\/\/customacrylicproduct.com\/wp-content\/uploads\/2025\/07\/Coloured-Acrylic-Tray-1-12x12.jpg 12w, https:\/\/customacrylicproduct.com\/wp-content\/uploads\/2025\/07\/Coloured-Acrylic-Tray-1-600x600.jpg 600w, https:\/\/customacrylicproduct.com\/wp-content\/uploads\/2025\/07\/Coloured-Acrylic-Tray-1-100x100.jpg 100w\" sizes=\"(max-width: 800px) 100vw, 800px\" \/><\/a><\/p>\n<h4 id=\"-the-ultimate-personalization-your-vision-crafted-by-united-states-\"><strong>Die ultimative Personalisierung: Ihre Vision, gefertigt von United States\u00a0<\/strong>.<\/h4>\n<p>Unsere ausgew\u00e4hlte Kollektion von Farben und Abmessungen ist so gestaltet, dass sie auch den anspruchsvollsten Geschm\u00e4ckern gerecht wird, aber wir wissen auch, dass echte Spitzenqualit\u00e4t vom pers\u00f6nlichen Ausdruck abh\u00e4ngt. F\u00fcr diejenigen, die ein einzigartiges St\u00fcck, ein besonderes Firmengeschenk oder ein spezielles Design f\u00fcr einen Innenausbau suchen, bietet unsere Fabrik eine umfassende Personalisierungsl\u00f6sung.<\/p>\n<p>Unsere kompetenten Kunsthandwerker k\u00f6nnen mit Ihnen zusammenarbeiten, um Ihre besondere Vision zu verwirklichen. Bei dieser gemeinsamen Reise sitzen Sie auf dem Stuhl des Designers:.<\/p>\n<ul>\n<li><strong>Gr\u00f6\u00dfe und Form:\u00a0<\/strong>Fantasieren Sie \u00fcber die rechteckige Form hinaus. Wir k\u00f6nnen Tabletts in personalisierten Formen - rund, sechseckig oder in einer v\u00f6llig einzigartigen Form - und nach Ihren spezifischen Ma\u00dfvorgaben herstellen.<\/li>\n<li><strong>Farbe:\u00a0<\/strong>Kombinieren Sie eine bestimmte Pantone-Farbe mit Ihrem Markennamen oder Ihrer Inneneinrichtungspalette, um einen wirklich integrierten Artikel herzustellen.<\/li>\n<li><strong>Eingravierte Muster und Botschaften:\u00a0<\/strong>Hier verwandelt sich das Tablett direkt in einen individuellen Schatz. Gravieren Sie ein Familienmitglied mit Monogramm, ein bedeutendes Zitat, einen einzigartigen Tag f\u00fcr ein Hochzeitsgeschenk oder ein Firmenlogo f\u00fcr ein fortschrittliches Firmengeschenk.<\/li>\n<\/ul>\n<p>Der Prozess ist nahtlos. Die Kunden k\u00f6nnen ihre eigenen detaillierten Design-Zeichnungen einreichen oder ihre Ideen an unser professionelles Design-Team weitergeben, das sicherlich dabei helfen wird, ein Prinzip in eine substantielle, wundervoll gestaltete Realit\u00e4t zu verwandeln. Dies ist Ihre M\u00f6glichkeit, nicht nur ein Tablett, sondern eine Geschichte zu produzieren.<\/p>\n<p>Zusammenfassend l\u00e4sst sich sagen, dass das Chroma <a href=\"https:\/\/customacrylicproduct.com\/de\/coloured-acrylic-wine-serving-tray-food-drinks-bar-home\/\">Farbiges Acryltablett<\/a> ist mehr als die Summe seiner Teile. Es ist ein Deklarationsobjekt, ein Arbeitstier, ein Stilobjekt und eine pers\u00f6nliche Leinwand. Es ist ein Fest des modernen Lebens - wo Charme und Zweckm\u00e4\u00dfigkeit in idealer Harmonie koexistieren. Investieren Sie in einen Gegenstand, der genauso viel leistet wie Sie selbst und dabei auch noch sch\u00f6n aussieht. Erh\u00f6hen Sie Ihr Zuhause, verbessern Sie Ihr Leben.<\/p>","protected":false},"excerpt":{"rendered":"<p>Das Acryl-Tablett: Ein Kreuzweg aus Kunst, Funktion und modernem Wohnen . In der modernen Wohnung erz\u00e4hlt jeder Gegenstand eine Geschichte. Wir gestalten unsere R\u00e4ume nicht einfach nur mit M\u00f6beln, sondern mit Gegenst\u00e4nden, die unsere Vorlieben zeigen, unsere Lebensweise unterst\u00fctzen und ein friedliches Gef\u00fchl der Freude in unsere t\u00e4gliche Routine bringen. Wir suchen nach...<\/p>","protected":false},"featured_media":953,"template":"","meta":{"_kad_post_transparent":"default","_kad_post_title":"","_kad_post_layout":"default","_kad_post_sidebar_id":"","_kad_post_content_style":"default","_kad_post_vertical_padding":"default","_kad_post_feature":"","_kad_post_feature_position":"","_kad_post_header":false,"_kad_post_footer":false,"_kad_post_classname":""},"product_brand":[],"product_cat":[22],"product_tag":[56,57],"class_list":{"0":"post-950","1":"product","2":"type-product","3":"status-publish","4":"has-post-thumbnail","6":"product_cat-custom-acrylic-trays","7":"product_tag-custom-acrylic-trays","8":"product_tag-perspex-acrylic-tray","10":"first","11":"instock","12":"shipping-taxable","13":"product-type-simple","14":"entry","15":"content-bg","16":"loop-entry"},"_links":{"self":[{"href":"https:\/\/customacrylicproduct.com\/de\/wp-json\/wp\/v2\/product\/950","targetHints":{"allow":["GET"]}}],"collection":[{"href":"https:\/\/customacrylicproduct.com\/de\/wp-json\/wp\/v2\/product"}],"about":[{"href":"https:\/\/customacrylicproduct.com\/de\/wp-json\/wp\/v2\/types\/product"}],"wp:featuredmedia":[{"embeddable":true,"href":"https:\/\/customacrylicproduct.com\/de\/wp-json\/wp\/v2\/media\/953"}],"wp:attachment":[{"href":"https:\/\/customacrylicproduct.com\/de\/wp-json\/wp\/v2\/media?parent=950"}],"wp:term":[{"taxonomy":"product_brand","embeddable":true,"href":"https:\/\/customacrylicproduct.com\/de\/wp-json\/wp\/v2\/product_brand?post=950"},{"taxonomy":"product_cat","embeddable":true,"href":"https:\/\/customacrylicproduct.com\/de\/wp-json\/wp\/v2\/product_cat?post=950"},{"taxonomy":"product_tag","embeddable":true,"href":"https:\/\/customacrylicproduct.com\/de\/wp-json\/wp\/v2\/product_tag?post=950"}],"curies":[{"name":"wp","href":"https:\/\/api.w.org\/{rel}","templated":true}]}}