{"id":1064,"date":"2025-07-14T09:37:08","date_gmt":"2025-07-14T09:37:08","guid":{"rendered":"https:\/\/customacrylicproduct.com\/?post_type=product&#038;p=1064"},"modified":"2025-07-14T09:58:05","modified_gmt":"2025-07-14T09:58:05","slug":"bespoke-freestanding-laser-engraving-acrylic-awards-factory","status":"publish","type":"product","link":"https:\/\/customacrylicproduct.com\/es\/bespoke-freestanding-laser-engraving-acrylic-awards-factory\/","title":{"rendered":"F\u00e1brica de premios acr\u00edlicos grabados por l\u00e1ser a medida"},"content":{"rendered":"<h3 id=\"-the-art-of-recognition-a-thorough-intro-to-bespoke-freestanding-laser-engraved-acrylic-awards-\"><strong>El arte del reconocimiento: Una minuciosa introducci\u00f3n a los galardones acr\u00edlicos independientes grabados con l\u00e1ser a medida\u00a0<\/strong>.<\/h3>\n<p>En un mundo lleno de ef\u00edmeros reconocimientos digitales, el acto tangible de reconocer los logros se ha convertido en algo mucho m\u00e1s importante que nunca. Un premio no es s\u00f3lo una cosa; es un signo, un marcador permanente de calidad, dedicaci\u00f3n y \u00e9xito. Es una historia contada de forma f\u00edsica. Nuestras Distinciones Acr\u00edlicas Grabadas con L\u00e1ser a Medida est\u00e1n hechas para contar esa historia con una elegancia, precisi\u00f3n y modernidad inigualables.<\/p>\n<p>No son premios convencionales que acumulan polvo. Son piezas de arte, dise\u00f1adas para grabar la luz y la creatividad. Fusionando las extraordinarias propiedades residenciales del acr\u00edlico de \u00faltima generaci\u00f3n con la precisi\u00f3n microsc\u00f3pica de la tecnolog\u00eda l\u00e1ser moderna, desarrollamos galardones que son tan \u00fanicos y fant\u00e1sticos como las personas y grupos a los que conmemoran. Desde la sala de conferencias de la empresa hasta el podio escolar, estos galardones se erigen en testimonio de los logros, dise\u00f1ados para ser valorados durante toda la vida.<\/p>\n<p>Esta introducci\u00f3n le guiar\u00e1 a trav\u00e9s de las seis columnas fundamentales que especifican nuestros premios: las excelentes cualidades del material, la maravilla t\u00e9cnica de nuestro procedimiento de grabado, las infinitas oportunidades de dise\u00f1o, la amplia selecci\u00f3n de aplicaciones, nuestro servicio de modificaci\u00f3n en colaboraci\u00f3n y el valor excepcional que representan.<\/p>\n<h4 id=\"-1-the-spirit-of-the-honor-unmatched-product-qualities-of-acrylic-\"><strong>1. El Esp\u00edritu del Honor: Cualidades inigualables del producto acr\u00edlico\u00a0<\/strong>.<\/h4>\n<p>La estructura de cualquier gran honor es el producto donde se elabora. Seleccionamos el acr\u00edlico, frecuentemente admirado como la \u201cReina de los pl\u00e1sticos\u201d, por su notable combinaci\u00f3n de atractivo, resistencia y flexibilidad. Es un material que cumple, proporcionando una experiencia de costes que va m\u00e1s all\u00e1 de las expectativas.<\/p>\n<p><strong>Claridad y brillo luminosos:\u00a0<\/strong>El atributo m\u00e1s llamativo de nuestro acr\u00edlico es su extraordinaria transparencia. Con una transmisi\u00f3n de la luz que iguala o incluso supera la del vidrio y el cristal m\u00e1s finos, permite que la luz la atraviese y se refracte en una pantalla de visualizaci\u00f3n espectacular. Esta pureza \u00f3ptica garantiza que la informaci\u00f3n detallada del grabado por l\u00e1ser se vea con total nitidez, desarrollando una sensaci\u00f3n de profundidad y dimensi\u00f3n que es sencillamente emocionante. A diferencia de los pl\u00e1sticos inferiores, nuestro acr\u00edlico de primera calidad no tiene el tinte azul p\u00e1lido o ecol\u00f3gico del cristal, por lo que es un lienzo perfectamente neutro para su estilo.<\/p>\n<p><strong>Peso y sensaci\u00f3n significativos:\u00a0<\/strong>Un galard\u00f3n tiene que sentirse importante en las manos de su destinatario. Aunque es m\u00e1s ligero que el cristal, nuestro acr\u00edlico posee una densidad y un peso agradables que transmiten una sensaci\u00f3n de valor, val\u00eda y durabilidad. Esta satisfacci\u00f3n receptiva es un aspecto vital, a menudo descuidado, de la experiencia del honor. Cuando una persona sostiene su honor, su considerable sensaci\u00f3n refuerza la gravedad e importancia de su \u00e9xito.<\/p>\n<p><strong>Resistencia y fuerza excepcionales:\u00a0<\/strong>La belleza debe ser duradera. El pol\u00edmero es mucho m\u00e1s resistente a los impactos que el vidrio o el cristal, por lo que es mucho menos propenso a romperse o hacerse a\u00f1icos. Esta resistencia fundamental aporta comodidad, garantizando que el honor pueda lucirse con orgullo en lugares de trabajo, escuelas u hogares ajetreados sin temor continuo a da\u00f1os involuntarios. Adem\u00e1s, el acr\u00edlico ofrece una excelente resistencia a la intemperie y estabilidad qu\u00edmica. No amarillea ni se vuelve fr\u00e1gil cuando se expone a la luz del sol con el paso del tiempo, lo que garantiza que la condecoraci\u00f3n siga siendo tan pr\u00edstina y fant\u00e1stica como el d\u00eda en que se recibi\u00f3. Su superficie resistente al desgaste es f\u00e1cil de cuidar y limpiar, y conserva su revestimiento brillante y pulido durante muchos a\u00f1os.<\/p>\n<p><a href=\"https:\/\/customacrylicproduct.com\/es\/bespoke-freestanding-laser-engraving-acrylic-awards-factory\/\"><img fetchpriority=\"high\" decoding=\"async\" class=\"aligncenter wp-image-1068 size-large\" src=\"https:\/\/customacrylicproduct.com\/wp-content\/uploads\/2025\/07\/Acrylic-Awards-1024x1024.jpg\" alt=\"Premios acr\u00edlicos\" width=\"1024\" height=\"1024\" srcset=\"https:\/\/customacrylicproduct.com\/wp-content\/uploads\/2025\/07\/Acrylic-Awards-1024x1024.jpg 1024w, https:\/\/customacrylicproduct.com\/wp-content\/uploads\/2025\/07\/Acrylic-Awards-300x300.jpg 300w, https:\/\/customacrylicproduct.com\/wp-content\/uploads\/2025\/07\/Acrylic-Awards-150x150.jpg 150w, https:\/\/customacrylicproduct.com\/wp-content\/uploads\/2025\/07\/Acrylic-Awards-768x768.jpg 768w, https:\/\/customacrylicproduct.com\/wp-content\/uploads\/2025\/07\/Acrylic-Awards-12x12.jpg 12w, https:\/\/customacrylicproduct.com\/wp-content\/uploads\/2025\/07\/Acrylic-Awards-600x600.jpg 600w, https:\/\/customacrylicproduct.com\/wp-content\/uploads\/2025\/07\/Acrylic-Awards-100x100.jpg 100w, https:\/\/customacrylicproduct.com\/wp-content\/uploads\/2025\/07\/Acrylic-Awards.jpg 1465w\" sizes=\"(max-width: 1024px) 100vw, 1024px\" \/><\/a><\/p>\n<h4 id=\"-2-accuracy-perfected-the-technological-benefits-of-laser-inscription-\"><strong>2. Precisi\u00f3n perfeccionada: Las ventajas tecnol\u00f3gicas de la inscripci\u00f3n l\u00e1ser\u00a0<\/strong>.<\/h4>\n<p>Si el acr\u00edlico es el alma del honor, nuestro procedimiento de inscripci\u00f3n l\u00e1ser es su voz. Utilizamos la tecnolog\u00eda l\u00e1ser m\u00e1s moderna para transformar un bloque vac\u00edo de acr\u00edlico en una obra maestra personalizada. Este proceso aporta una gran cantidad de ventajas sobre los m\u00e9todos tradicionales, lo que se traduce en un producto de m\u00e1xima calidad e informaci\u00f3n.<\/p>\n<p><strong>Precisi\u00f3n microsc\u00f3pica y detalles notables:\u00a0<\/strong>Nuestros l\u00e1seres funcionan con una asombrosa precisi\u00f3n de aproximadamente \u00b1 0,1 mm. Esta precisi\u00f3n microsc\u00f3pica nos permite reproducir incluso los estilos m\u00e1s complicados con una fidelidad asombrosa. Los elaborados dise\u00f1os de logotipos de empresa, las fr\u00e1giles fuentes manuscritas, las im\u00e1genes en profundidad y los mensajes finos se graban con una calidad n\u00edtida. Los bordes de cada elemento grabado son perfectamente lisos y limpios, por lo que no es necesario pulirlos ni esmerilarlos por segunda vez. El resultado es una superficie n\u00edtida y profesional dif\u00edcil de conseguir con dispositivos mec\u00e1nicos.<\/p>\n<p><strong>Proceso sin contacto y sin estr\u00e9s:\u00a0<\/strong>A diferencia del fresado CNC convencional o el grabado mec\u00e1nico, que aplican tensi\u00f3n f\u00edsica al producto, la inscripci\u00f3n por l\u00e1ser es un procedimiento sin contacto. Un haz enfocado vaporiza el acr\u00edlico en un punto espec\u00edfico, eliminando la amenaza de tensiones mec\u00e1nicas, microfracturas o deformaciones. Esto es especialmente vital cuando se colabora con formas detalladas o dise\u00f1os delicados, ya que garantiza que la integridad arquitect\u00f3nica y la superficie impecable del acr\u00edlico se conserven durante todo el proceso de fabricaci\u00f3n.<\/p>\n<p><strong>Velocidad y eficacia inigualables:\u00a0<\/strong>La velocidad de nuestros sistemas l\u00e1ser es una ventaja significativa. El proceso de grabado es m\u00e1s de 3 veces m\u00e1s r\u00e1pido que la inscripci\u00f3n CNC convencional, lo que permite plazos de entrega r\u00e1pidos, incluso en pedidos grandes. Esta eficacia mejora a\u00fan m\u00e1s gracias a la aplicaci\u00f3n de software inteligente de composici\u00f3n tipogr\u00e1fica y anidamiento, que maximiza la disposici\u00f3n de varios estilos en una sola hoja de acr\u00edlico. Esto no s\u00f3lo acelera la fabricaci\u00f3n, sino que adem\u00e1s reduce los residuos de productos, lo que contribuye a un procedimiento m\u00e1s sostenible y nos permite repercutir ese ahorro de costes directamente en nuestros clientes.<\/p>\n<p><a href=\"https:\/\/customacrylicproduct.com\/es\/bespoke-freestanding-laser-engraving-acrylic-awards-factory\/\"><img decoding=\"async\" class=\"aligncenter wp-image-1065 size-large\" src=\"https:\/\/customacrylicproduct.com\/wp-content\/uploads\/2025\/07\/Acrylic-Awards-1-1024x1024.jpg\" alt=\"Premios acr\u00edlicos\" width=\"1024\" height=\"1024\" srcset=\"https:\/\/customacrylicproduct.com\/wp-content\/uploads\/2025\/07\/Acrylic-Awards-1-1024x1024.jpg 1024w, https:\/\/customacrylicproduct.com\/wp-content\/uploads\/2025\/07\/Acrylic-Awards-1-300x300.jpg 300w, https:\/\/customacrylicproduct.com\/wp-content\/uploads\/2025\/07\/Acrylic-Awards-1-150x150.jpg 150w, https:\/\/customacrylicproduct.com\/wp-content\/uploads\/2025\/07\/Acrylic-Awards-1-768x768.jpg 768w, https:\/\/customacrylicproduct.com\/wp-content\/uploads\/2025\/07\/Acrylic-Awards-1-12x12.jpg 12w, https:\/\/customacrylicproduct.com\/wp-content\/uploads\/2025\/07\/Acrylic-Awards-1-600x600.jpg 600w, https:\/\/customacrylicproduct.com\/wp-content\/uploads\/2025\/07\/Acrylic-Awards-1-100x100.jpg 100w, https:\/\/customacrylicproduct.com\/wp-content\/uploads\/2025\/07\/Acrylic-Awards-1.jpg 1500w\" sizes=\"(max-width: 1024px) 100vw, 1024px\" \/><\/a><\/p>\n<h4 id=\"-3-layout-beyond-convention-crafting-a-vision-in-acrylic-\"><strong>3. Maquetaci\u00f3n m\u00e1s all\u00e1 de lo convencional: Crear una visi\u00f3n en acr\u00edlico\u00a0<\/strong>.<\/h4>\n<p>La naturaleza aut\u00f3noma de nuestros galardones abre un mundo de oportunidades creativas. Sin las limitaciones de una base t\u00edpica, el propio galard\u00f3n acaba siendo la declaraci\u00f3n imaginativa completa. Nuestras habilidades de dise\u00f1o le permiten desarrollar una pieza realmente distintiva que refleje por completo su marca, evento o mensaje.<\/p>\n<p><strong>Formas infinitas:\u00a0<\/strong>Desde los cl\u00e1sicos bloques rectangulares y los elegantes c\u00edrculos hasta las siluetas personalizadas que reflejan el dise\u00f1o del logotipo de su empresa o un r\u00f3tulo relevante, las posibilidades de estilo son pr\u00e1cticamente infinitas. El galard\u00f3n puede ser grueso y considerable para una declaraci\u00f3n contundente, o estilizado y delgado para un aspecto m\u00e1s minimalista. Podemos crear caras facetadas que capten la luz como un diamante o esquinas redondeadas para un aspecto m\u00e1s suave y moderno.<\/p>\n<p><strong>El poder de la base:\u00a0<\/strong>Aunque algunos de nuestros galardones se han creado para ser totalmente independientes, una base diferente puede a\u00f1adir un toque adicional de distinci\u00f3n. Una cl\u00e1sica base acr\u00edlica negra de alto brillo ofrece una llamativa comparaci\u00f3n con el cuerpo transparente del galard\u00f3n, actuando como un elegante soporte. Adem\u00e1s, esta base es un lienzo perfecto para una segunda personalizaci\u00f3n, como publicar un dise\u00f1o de logotipo a todo color, inscribir el nombre del destinatario o incluir la fecha de la ocasi\u00f3n. Para conseguir un efecto realmente llamativo, la base puede dise\u00f1arse en forma de caja hueca, con luces LED integradas. Con s\u00f3lo pulsar un bot\u00f3n, todo el galard\u00f3n se ilumina y se transforma en un trofeo din\u00e1mico y vibrante que atrae todas las miradas.<\/p>\n<p><strong>La magia del alivio 3D:\u00a0<\/strong>Una de nuestras capacidades m\u00e1s excepcionales es el desarrollo de efectos de relieve en 3D mediante una h\u00e1bil estrategia denominada inscripci\u00f3n en escala de grises. Mediante la gesti\u00f3n espec\u00edfica de la potencia y el enfoque del l\u00e1ser, nuestros artesanos pueden crear diferentes medios de inscripci\u00f3n dentro del acr\u00edlico. Esto da la impresi\u00f3n de que el motivo o logotipo est\u00e1 flotando hologr\u00e1ficamente dentro del bloque, desarrollando un magn\u00edfico encanto tridimensional que hay que ver para creer. A\u00f1ade una capa de profundidad y sofisticaci\u00f3n que hace que el galard\u00f3n pase de ser una simple placa a una aut\u00e9ntica obra maestra.<\/p>\n<h4 id=\"-4-a-canvas-for-every-single-occasion-versatile-application-situations-\"><strong>4. Un lienzo para cada ocasi\u00f3n: Situaciones de aplicaci\u00f3n vers\u00e1tiles\u00a0<\/strong>.<\/h4>\n<p>El visual contempor\u00e1neo, la resistencia y las considerables opciones de personalizaci\u00f3n de nuestros honores acr\u00edlicos independientes los convierten en la elecci\u00f3n perfecta para una variedad incre\u00edblemente variada de eventos y reconocimientos.<\/p>\n<ul>\n<li><strong>Mundo de los negocios y las organizaciones:\u00a0<\/strong>Conmemore la calidad en el entorno laboral con premios al \u201cEmpleado del mes\u201d, al \u201cMejor animador de ventas\u201d, al \u201cMiembro del club del presidente\u201d o a los \u201cA\u00f1os de servicio\u201d. Son adecuados para reuniones anuales de empresa, reconocimientos a socios y regalos a jubilados.<\/li>\n<li><strong>Instituciones acad\u00e9micas y educativas:\u00a0<\/strong>Honre el \u00e9xito de los estudiantes con distinciones para los valedictorians, la calidad escol\u00e1stica y los campeones deportivos. Identifique los pagos del profesorado, los avances en investigaci\u00f3n y la generosidad de los benefactores con un sofisticado recuerdo.<\/li>\n<li><strong>Deportes y competiciones:\u00a0<\/strong>Desde competiciones locales hasta juegos de campeonato, estos honores funcionan como magn\u00edficos trofeos y medallas que captan el esp\u00edritu de la victoria. Su durabilidad garantiza que durar\u00e1n mucho m\u00e1s que los t\u00edpicos trofeos de pl\u00e1stico.<\/li>\n<li><strong>Ocasiones comerciales y promocionales:\u00a0<\/strong>Utilice bloques acr\u00edlicos grabados a medida como objetos publicitarios de primera calidad, obsequios para convenciones comerciales o recuerdos para lanzamientos de productos y ocasiones \u00fanicas. Funcionan como un indicador duradero del compromiso de su marca con la calidad.<\/li>\n<li><strong>Hitos personales y sin \u00e1nimo de lucro:\u00a0<\/strong>Honre aniversarios de boda, celebre logros individuales o util\u00edcelos como regalos especiales de \u201cagradecimiento\u201d para voluntarios y clientes del mercado ben\u00e9fico. Son un excelente proveedor de servicios para comunicar honor, gratitud y sentimiento.<\/li>\n<\/ul>\n<h4 id=\"-5-your-vision-our-knowledge-a-genuinely-bespoke-personalization-service-\"><strong>5. Su visi\u00f3n, nuestro conocimiento: Un aut\u00e9ntico servicio de personalizaci\u00f3n a medida\u00a0<\/strong>.<\/h4>\n<p>Nuestra empresa cree que un honor a medida debe ser una producci\u00f3n en colaboraci\u00f3n. Nuestro procedimiento se ha creado para que sea fluido, claro y centrado en dar vida a su visi\u00f3n distintiva.<\/p>\n<p>Nuestro dedicado grupo de maquetaci\u00f3n colabora con usted en todo momento. Puede solicitarnos documentos de dise\u00f1o completos y listos para imprimir, o simplemente un concepto. Nuestros especialistas escuchar\u00e1n sus necesidades, comprender\u00e1n el contexto del premio y colaborar\u00e1n con usted para establecer un principio. Utilizando software de estilo profesional como CorelDRAW y AutoCAD, convertiremos sus ideas en una prueba digital detallada. Esto le permitir\u00e1 ver el aspecto concreto que tendr\u00e1 su galard\u00f3n, y podremos realizar las modificaciones necesarias en la forma, las dimensiones, el mensaje o la colocaci\u00f3n del logotipo hasta que est\u00e9 100% satisfecho. Esta dedicaci\u00f3n a la colaboraci\u00f3n garantiza que el producto final no sea simplemente algo que le hemos producido, sino algo que hemos producido con usted.<\/p>\n<p><a href=\"https:\/\/customacrylicproduct.com\/es\/bespoke-freestanding-laser-engraving-acrylic-awards-factory\/\"><img decoding=\"async\" class=\"aligncenter wp-image-1067 size-full\" src=\"https:\/\/customacrylicproduct.com\/wp-content\/uploads\/2025\/07\/Acrylic-Awards-3.jpg\" alt=\"Premios acr\u00edlicos\" width=\"1500\" height=\"1500\" srcset=\"https:\/\/customacrylicproduct.com\/wp-content\/uploads\/2025\/07\/Acrylic-Awards-3.jpg 1500w, https:\/\/customacrylicproduct.com\/wp-content\/uploads\/2025\/07\/Acrylic-Awards-3-300x300.jpg 300w, https:\/\/customacrylicproduct.com\/wp-content\/uploads\/2025\/07\/Acrylic-Awards-3-1024x1024.jpg 1024w, https:\/\/customacrylicproduct.com\/wp-content\/uploads\/2025\/07\/Acrylic-Awards-3-150x150.jpg 150w, https:\/\/customacrylicproduct.com\/wp-content\/uploads\/2025\/07\/Acrylic-Awards-3-768x768.jpg 768w, https:\/\/customacrylicproduct.com\/wp-content\/uploads\/2025\/07\/Acrylic-Awards-3-12x12.jpg 12w, https:\/\/customacrylicproduct.com\/wp-content\/uploads\/2025\/07\/Acrylic-Awards-3-600x600.jpg 600w, https:\/\/customacrylicproduct.com\/wp-content\/uploads\/2025\/07\/Acrylic-Awards-3-100x100.jpg 100w\" sizes=\"(max-width: 1500px) 100vw, 1500px\" \/><\/a><\/p>\n<h4 id=\"-6-premium-top-quality-accessible-rate-the-smart-financial-investment-in-recognition-\"><strong>6. Calidad superior, tarifa accesible: La Inversi\u00f3n Financiera Inteligente en Reconocimiento\u00a0<\/strong>.<\/h4>\n<p>La exclusividad y una calidad excepcional no tienen por qu\u00e9 incluir un precio desorbitado. Una de las facetas m\u00e1s atractivas de nuestra <a href=\"https:\/\/customacrylicproduct.com\/es\/bespoke-freestanding-laser-engraving-acrylic-awards-factory\/\">premios acr\u00edlicos<\/a> es su excepcional relaci\u00f3n calidad-precio.<\/p>\n<p>El acr\u00edlico en s\u00ed es un producto muy rentable. Un tablero acr\u00edlico com\u00fan, que cuesta una porci\u00f3n de cristal o metal en bruto, ofrece el producto en bruto para estos espectaculares art\u00edculos. Si se combina con la eficacia a alta velocidad de nuestro procedimiento de inscripci\u00f3n por l\u00e1ser, el coste general de producci\u00f3n se mantiene extremadamente reducido.<\/p>\n<p>Por lo tanto, nuestras placas acr\u00edlicas autoportantes tienen un precio mucho m\u00e1s competitivo que las placas comparables de cristal o acero. Le permiten obtener un producto magn\u00edfico, duradero y totalmente personalizado a un precio que suele ser m\u00e1s adecuado para planes presupuestarios de todas las dimensiones. Esta relaci\u00f3n calidad-precio es especialmente valiosa en el caso de grandes personalizaciones, lo que convierte a nuestros galardones en la mejor elecci\u00f3n para ocasiones de negocios, eventos escolares o cualquier ocasi\u00f3n que requiera una gran cantidad de galardones individualizados de alta calidad sin salirse del presupuesto.<\/p>\n<p>Para concluir, nuestro grabado l\u00e1ser independiente a medida<a href=\"https:\/\/customacrylicproduct.com\/es\/custom-acrylic-trophies-awards\/\"> Soporte acr\u00edlico para premios<\/a> por la perfecta armon\u00eda de clase, funci\u00f3n y valor. Son una opci\u00f3n moderna, resistente y constantemente ajustable para cualquier persona que desee celebrar el \u00e9xito de una manera significativa y notable. Llame hoy mismo a nuestro equipo de dise\u00f1o y perm\u00edtanos ayudarle a crear algo realmente extraordinario.<\/p>","protected":false},"excerpt":{"rendered":"<p>Celebre el \u00e9xito con nuestros galardones acr\u00edlicos independientes. Grabado con l\u00e1ser de precisi\u00f3n con su logotipo y texto personalizados en acr\u00edlico pulido de primera calidad. Este elegante dise\u00f1o autoportante ofrece un recuerdo moderno y elegante para honrar cualquier logro.<\/p>","protected":false},"featured_media":1068,"template":"","meta":{"_kad_post_transparent":"default","_kad_post_title":"","_kad_post_layout":"default","_kad_post_sidebar_id":"","_kad_post_content_style":"default","_kad_post_vertical_padding":"default","_kad_post_feature":"","_kad_post_feature_position":"","_kad_post_header":false,"_kad_post_footer":false,"_kad_post_classname":""},"product_brand":[],"product_cat":[19],"product_tag":[96,59,58],"class_list":{"0":"post-1064","1":"product","2":"type-product","3":"status-publish","4":"has-post-thumbnail","6":"product_cat-custom-acrylic-trophies-awards","7":"product_tag-acrylic-awards","8":"product_tag-custom-acrylic-awards","9":"product_tag-custom-acrylic-trophies","11":"first","12":"instock","13":"shipping-taxable","14":"product-type-simple","15":"entry","16":"content-bg","17":"loop-entry"},"_links":{"self":[{"href":"https:\/\/customacrylicproduct.com\/es\/wp-json\/wp\/v2\/product\/1064","targetHints":{"allow":["GET"]}}],"collection":[{"href":"https:\/\/customacrylicproduct.com\/es\/wp-json\/wp\/v2\/product"}],"about":[{"href":"https:\/\/customacrylicproduct.com\/es\/wp-json\/wp\/v2\/types\/product"}],"wp:featuredmedia":[{"embeddable":true,"href":"https:\/\/customacrylicproduct.com\/es\/wp-json\/wp\/v2\/media\/1068"}],"wp:attachment":[{"href":"https:\/\/customacrylicproduct.com\/es\/wp-json\/wp\/v2\/media?parent=1064"}],"wp:term":[{"taxonomy":"product_brand","embeddable":true,"href":"https:\/\/customacrylicproduct.com\/es\/wp-json\/wp\/v2\/product_brand?post=1064"},{"taxonomy":"product_cat","embeddable":true,"href":"https:\/\/customacrylicproduct.com\/es\/wp-json\/wp\/v2\/product_cat?post=1064"},{"taxonomy":"product_tag","embeddable":true,"href":"https:\/\/customacrylicproduct.com\/es\/wp-json\/wp\/v2\/product_tag?post=1064"}],"curies":[{"name":"wp","href":"https:\/\/api.w.org\/{rel}","templated":true}]}}