{"id":1076,"date":"2025-07-14T12:26:45","date_gmt":"2025-07-14T12:26:45","guid":{"rendered":"https:\/\/customacrylicproduct.com\/?post_type=product&#038;p=1076"},"modified":"2025-07-14T12:29:31","modified_gmt":"2025-07-14T12:29:31","slug":"oem-butterfly-shaped-acrylic-plaques-christmas-souvenir-gift","status":"publish","type":"product","link":"https:\/\/customacrylicproduct.com\/es\/oem-butterfly-shaped-acrylic-plaques-christmas-souvenir-gift\/","title":{"rendered":"OEM mariposa en forma de placas de acr\u00edlico de Navidad de souvenirs de regalo"},"content":{"rendered":"<h3 id=\"-the-long-lasting-butterfly-a-xmas-memento-of-enduring-love-for-your-granny-\"><strong>La Mariposa Duradera: Un recuerdo navide\u00f1o de amor perdurable para tu abuela\u00a0<\/strong>.<\/h3>\n<p>En el tranquilo zumbido de las fiestas navide\u00f1as, en medio de las luces parpadeantes y la alegr\u00eda desbordante, buscamos algo m\u00e1s que un simple regalo. Buscamos una sensaci\u00f3n, un recuerdo grabado, un trozo tangible de nuestro coraz\u00f3n que podamos ofrecer a quienes han dado forma a nuestro mundo. Para la dama que guarda un universo de historias en su sonrisa, cuyas manos han utilizado realmente la comodidad y cuyo coraz\u00f3n ha sido un refugio constante, localizar la expresi\u00f3n ideal de amor puede parecer una tarea imposible. Esta Navidad, le invitamos a ofrecerle algo tan intemporal y hermoso como su esp\u00edritu: nuestro hermoso <a href=\"https:\/\/customacrylicproduct.com\/es\/oem-butterfly-shaped-acrylic-plaques-christmas-souvenir-gift\/\">Placa de pol\u00edmero en forma de mariposa<\/a>.<\/p>\n<p>No se trata s\u00f3lo de un dise\u00f1o, sino de una herencia de amor, un monumento al magn\u00edfico v\u00ednculo que comparte con la mujer m\u00e1s especial de su vida: su abuela.<\/p>\n<h4 id=\"-finest-granny-gifts-redefining-the-art-of-gifting-\"><strong>LOS MEJORES REGALOS PARA ABUELAS: Redefinir el arte de regalar\u00a0<\/strong>.<\/h4>\n<p>Nuestra <a href=\"https:\/\/customacrylicproduct.com\/es\/oem-butterfly-shaped-acrylic-plaques-christmas-souvenir-gift\/\">placa acr\u00edlica mariposa<\/a> redefine el arte de regalar a las abuelas, transformando un simple regalo en una gran declaraci\u00f3n de intenciones. Comprendemos que las abuelas son las guardianas de la historia familiar, las columnas de apoyo constante y el recurso del amor incondicional. Tienen derecho a un regalo que refleje la profundidad y la elegancia de su deber en nuestras vidas. Con su delicado contorno de mariposa, esta placa es un poderoso icono de aplomo, cambio de imagen y un amor duradero que resiste el paso del tiempo.<\/p>\n<p>La mariposa, una criatura de encanto et\u00e9reo, representa mucho de lo que es una abuela. Simboliza el viaje de la vida, el desarrollo que ha fomentado en ti y el esp\u00edritu suave y duradero que ha guiado a los miembros de tu familia. Sus alas, aunque aparentemente delicadas, la llevan a trav\u00e9s de kil\u00f3metros de campo, igual que su amor te ha llevado a ti a trav\u00e9s de los muchos periodos de la vida.<\/p>\n<p>Esta placa acaba siendo un punto focal elegante e ideal para cualquier tipo de celebraci\u00f3n en honor a ella. Tanto si busca la\u00a0<strong>Regalo del D\u00eda de la Madre\u00a0<\/strong>para conmemorar su resistencia matriarcal, una\u00a0<strong>Regalo de celebraci\u00f3n del cumplea\u00f1os de la abuela\u00a0<\/strong>que atrae la atenci\u00f3n de los dem\u00e1s, un sincero\u00a0<strong>Regalo de Navidad\u00a0<\/strong>para colocar bajo el \u00e1rbol, o un recuerdo inolvidable para una ocasi\u00f3n especial.\u00a0<strong>Aniversario de boda, Evento nupcial o Vida de jubilado\u00a0<\/strong>, esta placa de mariposa trasciende la ocasi\u00f3n. Es, m\u00e1s bien, el mejor medio para decir todo lo que sientes, por lo que es el regalo de la abuela definitiva para cualquier tipo de momento vale la pena apreciar.<\/p>\n<p><a href=\"https:\/\/customacrylicproduct.com\/es\/oem-butterfly-shaped-acrylic-plaques-christmas-souvenir-gift\/\"><img fetchpriority=\"high\" decoding=\"async\" class=\"aligncenter wp-image-1083 size-large\" src=\"https:\/\/customacrylicproduct.com\/wp-content\/uploads\/2025\/07\/Butterfly-Shaped-Acrylic-Plaque-2-1024x1024.jpg\" alt=\"Placa acr\u00edlica en forma de mariposa\" width=\"1024\" height=\"1024\" srcset=\"https:\/\/customacrylicproduct.com\/wp-content\/uploads\/2025\/07\/Butterfly-Shaped-Acrylic-Plaque-2-1024x1024.jpg 1024w, https:\/\/customacrylicproduct.com\/wp-content\/uploads\/2025\/07\/Butterfly-Shaped-Acrylic-Plaque-2-300x300.jpg 300w, https:\/\/customacrylicproduct.com\/wp-content\/uploads\/2025\/07\/Butterfly-Shaped-Acrylic-Plaque-2-150x150.jpg 150w, https:\/\/customacrylicproduct.com\/wp-content\/uploads\/2025\/07\/Butterfly-Shaped-Acrylic-Plaque-2-768x768.jpg 768w, https:\/\/customacrylicproduct.com\/wp-content\/uploads\/2025\/07\/Butterfly-Shaped-Acrylic-Plaque-2-12x12.jpg 12w, https:\/\/customacrylicproduct.com\/wp-content\/uploads\/2025\/07\/Butterfly-Shaped-Acrylic-Plaque-2-600x600.jpg 600w, https:\/\/customacrylicproduct.com\/wp-content\/uploads\/2025\/07\/Butterfly-Shaped-Acrylic-Plaque-2-100x100.jpg 100w, https:\/\/customacrylicproduct.com\/wp-content\/uploads\/2025\/07\/Butterfly-Shaped-Acrylic-Plaque-2.jpg 1500w\" sizes=\"(max-width: 1024px) 100vw, 1024px\" \/><\/a><\/p>\n<h4 id=\"-love-messages-for-every-grandma-words-to-last-a-lifetime-\"><strong>MENSAJES DE AMOR PARA TODAS LAS ABUELAS: Palabras para toda la vida\u00a0<\/strong>.<\/h4>\n<p>A veces, las palabras m\u00e1s importantes son las m\u00e1s dif\u00edciles de decir. El \u201cme gustas\u201d de cada d\u00eda puede parecer regular, dejando de plasmar el inmenso agradecimiento y cari\u00f1o que guardamos en el coraz\u00f3n. Nuestra placa con forma de mariposa salva esa distancia, grabando tus sentimientos m\u00e1s \u00edntimos en un precioso objeto que ella podr\u00e1 ver y tocar todos los d\u00edas.<\/p>\n<p>Grabada con precisi\u00f3n y tratamiento, la placa lleva un mensaje tan b\u00e1sico como extenso:.<\/p>\n<p><strong>\u201d A mi hermosa abuela, recuerda siempre que te quiero\u201d.\u201d\u00a0<\/strong>.<\/p>\n<p>Esta frase eficaz es un consuelo suave y constante. Es un puntero para los minutos tranquilos en los que no est\u00e1s, un murmullo de amor que se refleja en su hogar. Es para la abuela, la abuelita, la nana, la nana... para cada uno de los t\u00edtulos que ostenta, este mensaje habla un lenguaje universal de amor. Le informa de que, aunque el ritmo activo de la vida haga que no lo diga lo suficiente, su agradecimiento es inquebrantable. Le recuerda que se la ve, se la valora y se la disfruta sin medida. Es una promesa de que el v\u00ednculo que compart\u00eds es una parte fundamental de lo que sois, un lazo que siempre ser\u00e1 apreciado.<\/p>\n<h4 id=\"-durable-and-eco-friendly-high-quality-a-commitment-to-elegance-and-duty-\"><strong>ALTA CALIDAD DURADERA Y ECOL\u00d3GICA: Un compromiso con la elegancia y el deber\u00a0<\/strong>.<\/h4>\n<p>Un regalo destinado a durar toda la vida debe estar hecho con materiales que puedan perdurar. Nuestras placas para abuelas est\u00e1n cuidadosamente fabricadas con acr\u00edlico cristalino, robusto y de primera calidad, que representa la cima de la larga vida y la artesan\u00eda moderna. No se trata de un pl\u00e1stico endeble, sino de un material significativo y sustancial con la notable apertura del cristal, pero sin su fragilidad integral. Puede estar tranquilo sabiendo que este magn\u00edfico recuerdo no se romper\u00e1, manteniendo su mensaje y su encanto durante d\u00e9cadas.<\/p>\n<p>Los laterales est\u00e1n pulidos con diamante hasta conseguir un revestimiento liso y luminiscente, que capta y refracta la luz de forma que el conjunto cobra vida. La claridad del acr\u00edlico produce un resultado magn\u00edfico, pr\u00e1cticamente a\u00e9reo, que permite que los intrincados colores del dise\u00f1o de la mariposa y la calidad del texto brillen con una viveza excepcional.<\/p>\n<p>Adem\u00e1s, en una \u00e9poca en la que el consumo consciente es m\u00e1s importante que nunca, estamos orgullosos de que nuestra dedicaci\u00f3n a la alta calidad vaya de la mano de un compromiso con nuestro planeta. El pol\u00edmero de alta calidad que utilizamos es reciclable, un atributo que resuena profundamente con los valores ecol\u00f3gicos de los consumidores brit\u00e1nicos. Al elegir nuestra placa para abuelas, no s\u00f3lo est\u00e1 eligiendo un regalo resistente y duradero, sino tambi\u00e9n una opci\u00f3n responsable que refleja un compromiso com\u00fan con un futuro m\u00e1s ecol\u00f3gico y duradero. Es un regalo que sienta bien ofrecer, en todos los sentidos de la palabra.<\/p>\n<p><a href=\"https:\/\/customacrylicproduct.com\/es\/custom-acrylic-crafts\/\"><img decoding=\"async\" class=\"aligncenter wp-image-1081 size-large\" src=\"https:\/\/customacrylicproduct.com\/wp-content\/uploads\/2025\/07\/Acrylic-Plaques-1024x1024.jpg\" alt=\"Placas acr\u00edlicas\" width=\"1024\" height=\"1024\" srcset=\"https:\/\/customacrylicproduct.com\/wp-content\/uploads\/2025\/07\/Acrylic-Plaques-1024x1024.jpg 1024w, https:\/\/customacrylicproduct.com\/wp-content\/uploads\/2025\/07\/Acrylic-Plaques-300x300.jpg 300w, https:\/\/customacrylicproduct.com\/wp-content\/uploads\/2025\/07\/Acrylic-Plaques-150x150.jpg 150w, https:\/\/customacrylicproduct.com\/wp-content\/uploads\/2025\/07\/Acrylic-Plaques-768x768.jpg 768w, https:\/\/customacrylicproduct.com\/wp-content\/uploads\/2025\/07\/Acrylic-Plaques-12x12.jpg 12w, https:\/\/customacrylicproduct.com\/wp-content\/uploads\/2025\/07\/Acrylic-Plaques-600x600.jpg 600w, https:\/\/customacrylicproduct.com\/wp-content\/uploads\/2025\/07\/Acrylic-Plaques-100x100.jpg 100w, https:\/\/customacrylicproduct.com\/wp-content\/uploads\/2025\/07\/Acrylic-Plaques.jpg 1200w\" sizes=\"(max-width: 1024px) 100vw, 1024px\" \/><\/a><\/p>\n<h4 id=\"-trendy-home-accent-boosting-her-cherished-spaces-\"><strong>ACENTO CASERO DE MODA: Potenciando sus espacios queridos\u00a0<\/strong>.<\/h4>\n<p>Nuestra <a href=\"https:\/\/customacrylicproduct.com\/es\/oem-butterfly-shaped-acrylic-plaques-christmas-souvenir-gift\/\">placa mariposa<\/a> es m\u00e1s que una muestra emocional; es una obra de arte desarrollada para mejorar el encanto de su hogar. Con su distintivo dise\u00f1o de pie libre y su impresi\u00f3n en color delicadamente integral, esta placa es una impresionante decoraci\u00f3n para el hogar que combina a la perfecci\u00f3n con cualquier tipo de estilo interior, desde el cl\u00e1sico y relajante hasta el moderno y minimalista.<\/p>\n<p>Imag\u00ednatelo colocado en el alf\u00e9izar de una ventana soleada de su sal\u00f3n, con la luz atravesando las alas de la mariposa y proyectando una vibrante oscuridad sobre la zona. Imag\u00ednatelo acurrucado en su mesilla de noche, el primer y \u00faltimo punto que ve cada d\u00eda, una muestra continua de tu amor. Imag\u00ednatela ocupando un lugar de honor en la repisa de la chimenea, cerca de las preciadas fotos familiares, o a\u00f1adiendo un toque de estilo a un rinc\u00f3n tranquilo de su estudio de investigaci\u00f3n o a un estante del cuarto de ba\u00f1o. Incluso puede aportar un toque de belleza interior a un patio protegido o a una terraza acristalada.<\/p>\n<p>La base estable y autoportante de la placa hace innecesarios los inc\u00f3modos soportes o caballetes. Est\u00e1 creada para colocarse sin esfuerzo y apreciarse de inmediato. Su existencia es a la vez sustancial y elegante, incluyendo un toque sofisticado e individual que convierte una casa en un hogar cargado de amor y recuerdos.<\/p>\n<p><a href=\"https:\/\/customacrylicproduct.com\/es\/custom-acrylic-crafts\/\"><img decoding=\"async\" class=\"aligncenter wp-image-1082 size-large\" src=\"https:\/\/customacrylicproduct.com\/wp-content\/uploads\/2025\/07\/Butterfly-Shaped-Acrylic-Plaque-1-1024x1024.jpg\" alt=\"Placa acr\u00edlica en forma de mariposa\" width=\"1024\" height=\"1024\" srcset=\"https:\/\/customacrylicproduct.com\/wp-content\/uploads\/2025\/07\/Butterfly-Shaped-Acrylic-Plaque-1-1024x1024.jpg 1024w, https:\/\/customacrylicproduct.com\/wp-content\/uploads\/2025\/07\/Butterfly-Shaped-Acrylic-Plaque-1-300x300.jpg 300w, https:\/\/customacrylicproduct.com\/wp-content\/uploads\/2025\/07\/Butterfly-Shaped-Acrylic-Plaque-1-150x150.jpg 150w, https:\/\/customacrylicproduct.com\/wp-content\/uploads\/2025\/07\/Butterfly-Shaped-Acrylic-Plaque-1-768x768.jpg 768w, https:\/\/customacrylicproduct.com\/wp-content\/uploads\/2025\/07\/Butterfly-Shaped-Acrylic-Plaque-1-12x12.jpg 12w, https:\/\/customacrylicproduct.com\/wp-content\/uploads\/2025\/07\/Butterfly-Shaped-Acrylic-Plaque-1-600x600.jpg 600w, https:\/\/customacrylicproduct.com\/wp-content\/uploads\/2025\/07\/Butterfly-Shaped-Acrylic-Plaque-1-100x100.jpg 100w, https:\/\/customacrylicproduct.com\/wp-content\/uploads\/2025\/07\/Butterfly-Shaped-Acrylic-Plaque-1.jpg 1500w\" sizes=\"(max-width: 1024px) 100vw, 1024px\" \/><\/a><\/p>\n<h4 id=\"-a-world-of-possibilities-the-power-of-personalization-\"><strong>UN MUNDO DE POSIBILIDADES: El poder de la personalizaci\u00f3n\u00a0<\/strong>.<\/h4>\n<p>Aunque nuestro dise\u00f1o convencional habla con un amor global, reconocemos que cada conexi\u00f3n con una abuela es \u00fanica. Es una historia escrita con risas compartidas, platos secretos y bromas personales. Para honrar esa individualidad, ofrecemos un minucioso servicio de personalizaci\u00f3n directamente desde nuestras instalaciones de fabricaci\u00f3n.<\/p>\n<p>Nuestros expertos artesanos pueden dar vida a su visi\u00f3n. Usted tiene el poder de desarrollar una obra de arte genuinamente \u00fanica.<\/p>\n<ul>\n<li><strong>Forma y tama\u00f1o:\u00a0<\/strong>Aunque la mariposa es nuestra firma, probablemente haya otra forma que tenga un significado \u00fanico para usted y su abuelita. Podemos trabajar con usted para ajustar las dimensiones o buscar nuevos tipos.<\/li>\n<li><strong>Esquema de colores:\u00a0<\/strong>Personaliza los colores de la mariposa para que combinen con el dise\u00f1o de su casa o incluyan sus tonos m\u00e1s queridos.<\/li>\n<li><strong>Patrones grabados y texto:\u00a0<\/strong>Aqu\u00ed es donde se produce absolutamente la magia. Modifica \u201cAbuela\u201d por \u201cNana\u201d, \u201cNi\u00f1era\u201d, \u201cAbuela\u201d o cualquier otro t\u00e9rmino cari\u00f1oso. A\u00f1adir un d\u00eda considerable- su celebraci\u00f3n de cumplea\u00f1os, su aniversario de celebraci\u00f3n de la boda, o el d\u00eda en que naciste. Incluye un chiste personal breve o una cita diferente que siempre haya especificado vuestro v\u00ednculo.<\/li>\n<\/ul>\n<p>El procedimiento es conjunto y sencillo. Puede proporcionarnos sus propios dibujos de dise\u00f1o o puede interactuar directamente con nuestro talentoso grupo de dise\u00f1o de f\u00e1brica, que le ayudar\u00e1 a crear la mejor placa personalizada. Este grado de personalizaci\u00f3n hace que el regalo pase de ser un objeto encantador a una reliquia profundamente individual, un premio que es \u00fanica y exclusivamente suyo.<\/p>\n<h4 id=\"-pleasant-gifting-experience-our-pledge-of-excellence-\"><strong>AGRADABLE EXPERIENCIA DE REGALO: Nuestro compromiso de excelencia\u00a0<\/strong>.<\/h4>\n<p>Nuestro equipo cree que el acto de regalar debe ser tan feliz y sencillo para el cliente como para el destinatario. Nuestra marca se basa en la confianza y la dedicaci\u00f3n a la satisfacci\u00f3n total. Nos aseguramos de que cada placa que sale de nuestras instalaciones cumpla los m\u00e1s altos est\u00e1ndares de calidad.<\/p>\n<p>Para nuestros compradores que buscan un viaje excelente y despreocupado para hacer regalos, puede comprar con total confianza. Respaldamos nuestros productos con una garant\u00eda inquebrantable. En el improbable caso de que su placa llegue con alg\u00fan tipo de defecto o se da\u00f1e por el camino, nos comprometemos a sustituirla sin demora y sin inconvenientes. Su felicidad, y la de su abuela, es nuestra m\u00e1xima prioridad.<\/p>\n<p>Esta Navidad, vaya m\u00e1s all\u00e1 de lo normal. Ofrezca un regalo que revolotee con vida, que hable desde el coraz\u00f3n y que sea un testimonio duradero del amor m\u00e1s hermoso de todos. Ofr\u00e9cele la Mariposa Eterna.<\/p>","protected":false},"excerpt":{"rendered":"<p>Ampl\u00ede su l\u00ednea de productos con nuestra placa acr\u00edlica en forma de mariposa de primera calidad totalmente personalizable. Como fabricante OEM l\u00edder, ofrecemos un control total sobre el dise\u00f1o, la marca y el embalaje para crear un recuerdo de gran demanda para los mercados de regalos navide\u00f1os, festivos y sentimentales. As\u00f3ciese con nosotros para obtener una calidad fiable y precios al por mayor competitivos.<\/p>","protected":false},"featured_media":1077,"template":"","meta":{"_kad_post_transparent":"default","_kad_post_title":"","_kad_post_layout":"default","_kad_post_sidebar_id":"","_kad_post_content_style":"default","_kad_post_vertical_padding":"default","_kad_post_feature":"","_kad_post_feature_position":"","_kad_post_header":false,"_kad_post_footer":false,"_kad_post_classname":""},"product_brand":[],"product_cat":[20],"product_tag":[97,65],"class_list":{"0":"post-1076","1":"product","2":"type-product","3":"status-publish","4":"has-post-thumbnail","6":"product_cat-custom-acrylic-crafts","7":"product_tag-acrylic-plaques","8":"product_tag-custom-acrylic-crafts","10":"first","11":"instock","12":"shipping-taxable","13":"product-type-simple","14":"entry","15":"content-bg","16":"loop-entry"},"_links":{"self":[{"href":"https:\/\/customacrylicproduct.com\/es\/wp-json\/wp\/v2\/product\/1076","targetHints":{"allow":["GET"]}}],"collection":[{"href":"https:\/\/customacrylicproduct.com\/es\/wp-json\/wp\/v2\/product"}],"about":[{"href":"https:\/\/customacrylicproduct.com\/es\/wp-json\/wp\/v2\/types\/product"}],"wp:featuredmedia":[{"embeddable":true,"href":"https:\/\/customacrylicproduct.com\/es\/wp-json\/wp\/v2\/media\/1077"}],"wp:attachment":[{"href":"https:\/\/customacrylicproduct.com\/es\/wp-json\/wp\/v2\/media?parent=1076"}],"wp:term":[{"taxonomy":"product_brand","embeddable":true,"href":"https:\/\/customacrylicproduct.com\/es\/wp-json\/wp\/v2\/product_brand?post=1076"},{"taxonomy":"product_cat","embeddable":true,"href":"https:\/\/customacrylicproduct.com\/es\/wp-json\/wp\/v2\/product_cat?post=1076"},{"taxonomy":"product_tag","embeddable":true,"href":"https:\/\/customacrylicproduct.com\/es\/wp-json\/wp\/v2\/product_tag?post=1076"}],"curies":[{"name":"wp","href":"https:\/\/api.w.org\/{rel}","templated":true}]}}