{"id":1094,"date":"2025-07-14T12:48:08","date_gmt":"2025-07-14T12:48:08","guid":{"rendered":"https:\/\/customacrylicproduct.com\/?post_type=product&#038;p=1094"},"modified":"2025-07-15T08:54:27","modified_gmt":"2025-07-15T08:54:27","slug":"customized-printed-acrylic-no-smoking-signs-signage-supplier","status":"publish","type":"product","link":"https:\/\/customacrylicproduct.com\/es\/customized-printed-acrylic-no-smoking-signs-signage-supplier\/","title":{"rendered":"Personalizado impreso acr\u00edlico no fumar signos se\u00f1alizaci\u00f3n proveedor"},"content":{"rendered":"<h3 id=\"-boost-your-setting-the-ultimate-overview-to-custom-printed-polymer-no-smoking-indications-\"><strong>Impulse su entorno: El Panorama Definitivo a las Indicaciones de No Fumar en Pol\u00edmero Impreso a Medida\u00a0<\/strong>.<\/h3>\n<p>En cualquier tipo de local profesional o p\u00fablico, la informaci\u00f3n importa. El entorno, la marca y la comunicaci\u00f3n clara de los planes contribuyen a la experiencia del visitante y a su seguridad. Una de las piezas m\u00e1s vitales de la se\u00f1alizaci\u00f3n educativa es la humilde se\u00f1al de prohibido fumar. Sin embargo, \u201cmodesto\u201d no tiene por qu\u00e9 sugerir \u201cpoco imaginativo\u201d. Atr\u00e1s quedaron los d\u00edas de los indicadores ligeros y gen\u00e9ricos que se descascarillan, decoloran y desmerecen su cuidada visual. Invite al nuevo criterio en conformidad y dise\u00f1o: <a href=\"https:\/\/customacrylicproduct.com\/es\/customized-printed-acrylic-no-smoking-signs-signage-supplier\/\">indicaciones de no fumar en acr\u00edlico publicadas a medida<\/a>.<\/p>\n<p>Como proveedor l\u00edder de se\u00f1alizaci\u00f3n,\u00a0<strong><a href=\"https:\/\/customacrylicproduct.com\/es\/custom-acrylic-signs\/\">Producto acr\u00edlico personalizado<\/a>\u00a0<\/strong>est\u00e1 en el centro de este avance. No somos un simple distribuidor; somos su socio estrat\u00e9gico para transformar un requisito sencillo en una declaraci\u00f3n eficaz de calidad y profesionalidad. Nuestros conocimientos t\u00e9cnicos en indicadores de salud y seguridad, pancartas y opciones personalizadas nos han convertido en l\u00edderes del mercado, identificados por nuestro compromiso inquebrantable con la m\u00e1xima calidad y la plena satisfacci\u00f3n del consumidor. Esta descripci\u00f3n general le mostrar\u00e1 el extraordinario mundo de las se\u00f1ales acr\u00edlicas personalizadas y c\u00f3mo nuestros productos pueden integrarse perfectamente en su entorno, realzar su marca y ofrecer una soluci\u00f3n duradera y resistente para cualquier lugar.<\/p>\n<h4 id=\"-the-product-benefit-why-acrylic-is-the-superior-option-\"><strong>Ventajas del producto: por qu\u00e9 el acr\u00edlico es la mejor opci\u00f3n\u00a0<\/strong>.<\/h4>\n<p>La estructura de cualquier tipo de indicaci\u00f3n estupenda es su producto. Nuestras indicaciones de no fumar est\u00e1n fabricadas con acr\u00edlico autoadhesivo, un material elegido espec\u00edficamente por su incomparable combinaci\u00f3n de resistencia, estilo y longevidad.<\/p>\n<ul>\n<li><strong>Robustez y durabilidad excepcionales:\u00a0<\/strong>A diferencia del papel o el pl\u00e1stico econ\u00f3mico, el acr\u00edlico es un policarbonato robusto reconocido por su resistencia a la influencia, la rotura y el estr\u00e9s ecol\u00f3gico. <a href=\"https:\/\/customacrylicproduct.com\/es\/customized-printed-acrylic-no-smoking-signs-signage-supplier\/\">En\u00a0<\/a><strong>cartel acr\u00edlico\u00a0<\/strong>no se deformar\u00e1, fracturar\u00e1 ni decolorar\u00e1 f\u00e1cilmente, ni siquiera en lugares muy transitados o en zonas expuestas a la luz solar indirecta. Esto garantiza que su inversi\u00f3n siga teniendo un aspecto impecable durante muchos a\u00f1os, conservando un aspecto profesional sin necesidad de sustituirlo peri\u00f3dicamente.<\/li>\n<li><strong>Est\u00e9tica cristalina y moderna:\u00a0<\/strong>El pol\u00edmero proporciona la claridad del cristal sin su fragilidad. Esta calidad cristalina proporciona un fondo sofisticado y de primera calidad para sus impresiones personalizadas, haciendo que el texto y los gr\u00e1ficos aparezcan n\u00edtidos y vivos. Los bordes lisos y pulidos de un\u00a0<strong>se\u00f1al acr\u00edlica indicadora de prohibido fumar\u00a0<\/strong>aportan un aire moderno y minimalista que realza cualquier tipo de decoraci\u00f3n interior, desde los lugares de trabajo de las empresas hasta los resorts de lujo.<\/li>\n<li><strong>Ligero y seguro:\u00a0<\/strong>A pesar de su naturaleza duradera, el acr\u00edlico es sustancialmente m\u00e1s ligero que el vidrio, por lo que es m\u00e1s seguro y menos complicado de cuidar e instalar. Esto reduce los gastos de env\u00edo y disminuye los riesgos durante la instalaci\u00f3n, lo que supone una gran ventaja tanto para los directores de los centros como para los propietarios de las empresas.<\/li>\n<\/ul>\n<p><a href=\"https:\/\/customacrylicproduct.com\/es\/customized-printed-acrylic-no-smoking-signs-signage-supplier\/\"><img fetchpriority=\"high\" decoding=\"async\" class=\"aligncenter wp-image-1095 size-full\" src=\"https:\/\/customacrylicproduct.com\/wp-content\/uploads\/2025\/07\/No-Smoking-Sign-Clear-Acrylic.jpg\" alt=\"Se\u00f1al de no fumar acr\u00edlico transparente\" width=\"750\" height=\"750\" srcset=\"https:\/\/customacrylicproduct.com\/wp-content\/uploads\/2025\/07\/No-Smoking-Sign-Clear-Acrylic.jpg 750w, https:\/\/customacrylicproduct.com\/wp-content\/uploads\/2025\/07\/No-Smoking-Sign-Clear-Acrylic-300x300.jpg 300w, https:\/\/customacrylicproduct.com\/wp-content\/uploads\/2025\/07\/No-Smoking-Sign-Clear-Acrylic-150x150.jpg 150w, https:\/\/customacrylicproduct.com\/wp-content\/uploads\/2025\/07\/No-Smoking-Sign-Clear-Acrylic-600x600.jpg 600w, https:\/\/customacrylicproduct.com\/wp-content\/uploads\/2025\/07\/No-Smoking-Sign-Clear-Acrylic-100x100.jpg 100w\" sizes=\"(max-width: 750px) 100vw, 750px\" \/><\/a><\/p>\n<h4 id=\"-the-power-of-real-personalization-an-indicator-as-unique-as-your-brand-\"><strong>El poder de la personalizaci\u00f3n real: Un indicador tan \u00fanico como su marca\u00a0<\/strong>.<\/h4>\n<p>En Custom Acrylic Product, nuestra empresa cree que un indicador debe ser algo m\u00e1s que una simple directriz; debe ser una extensi\u00f3n de la identificaci\u00f3n de su marca. Hemos construido nuestras instalaciones y procedimientos de fabricaci\u00f3n en torno a dar un nivel inigualable de personalizaci\u00f3n, garantizando cada\u00a0<strong>se\u00f1al de prohibido fumar\u00a0<\/strong>que generamos se adapta exactamente a sus necesidades.<\/p>\n<p><strong>1. Personalizaci\u00f3n de tama\u00f1os y formas: M\u00e1s all\u00e1 del criterio Forma rectangular\u00a0<\/strong>.<\/p>\n<p>Su zona tiene atributos constructivos especiales, y su se\u00f1alizaci\u00f3n debe reflejarlo. Nos liberamos del modelo de talla \u00fanica ofreciendo una personalizaci\u00f3n completa de la forma y el tama\u00f1o.<\/p>\n<ul>\n<li><strong>Cualquier tipo de encofrado imaginable:\u00a0<\/strong>Tanto si necesita un r\u00f3tulo cuadrado o redondo atemporal, un \u00f3valo refinado o un contorno de forma especial totalmente personalizado que refleje su logotipo o un elemento arquitect\u00f3nico, nuestra avanzada innovaci\u00f3n en reducci\u00f3n puede lograrlo.<\/li>\n<li><strong>Escalable a cualquier tipo de demanda:\u00a0<\/strong>Nuestra capacidad para reajustar las dimensiones le permite crear un aspecto cohesionado en toda su casa. Desde un peque\u00f1o y discreto\u00a0<strong>etiqueta de no fumar en la pared\u00a0<\/strong>para una puerta de oficina individual a una grande y prominente\u00a0<strong>cartel de prohibido fumar\u00a0<\/strong>para una entrada principal o una zona de patio exterior, nos aseguramos de que el mensaje se transmita con el impacto adecuado.<\/li>\n<\/ul>\n<p><strong>2. Personalizaci\u00f3n de colores, motivos y gr\u00e1ficos: Un lienzo para su marca\u00a0<\/strong>.<\/p>\n<p>Aqu\u00ed es donde su marca cobra vida de verdad. Nuestras avanzadas innovaciones de impresi\u00f3n y acabado permiten una gran variedad de oportunidades visuales.<\/p>\n<ul>\n<li><strong>Impresi\u00f3n viva y a todo color:\u00a0<\/strong>Gracias a la moderna y sofisticada tecnolog\u00eda de impresi\u00f3n UV, podemos realizar cualquier tipo de dise\u00f1o en colores brillantes y completos. Este proceso trata la tinta directamente sobre la superficie acr\u00edlica, creando un revestimiento el\u00e1stico, resistente a los ara\u00f1azos y a la decoloraci\u00f3n. Puede a\u00f1adir dise\u00f1os de logotipo a todo color, patrones elaborados o detalles de colores Pantone a juego con la marca.<\/li>\n<li><strong>Coloraci\u00f3n superficial y corporal:\u00a0<\/strong>Para un aspecto mucho m\u00e1s profundo e incorporado, el propio material acr\u00edlico puede te\u00f1irse, garantizando que el tono se corresponda en toda la superficie, incluso en los bordes cortados.<\/li>\n<li><strong>Texto, logotipos y gr\u00e1ficos \u00fatiles:\u00a0<\/strong>Incorpore el nombre de su empresa, instrucciones de seguridad particulares e incluso un c\u00f3digo QR que conecte con el sitio web de su empresa o con pol\u00edticas detalladas. Esto convierte una\u00a0<strong><a href=\"https:\/\/customacrylicproduct.com\/es\/custom-acrylic-signs\/\">se\u00f1al de no fumar<\/a>\u00a0<\/strong>en un punto de contacto interactivo y perspicaz con la marca.<\/li>\n<li><strong>Impactos \u00fanicos para unos costes completos:\u00a0<\/strong>Para los clientes que buscan hacer una declaraci\u00f3n \u00fanica, ofrecemos una serie de impactos especiales, incluidos atractivos tonos fluorescentes, innovadores acabados met\u00e1licos o nacarados, y sutiles y sofisticados pendientes.<\/li>\n<\/ul>\n<p><a href=\"https:\/\/customacrylicproduct.com\/es\/custom-acrylic-signs\/\"><img decoding=\"async\" class=\"aligncenter wp-image-1098 size-full\" src=\"https:\/\/customacrylicproduct.com\/wp-content\/uploads\/2025\/07\/No-Smoking-Sign-Clear-Acrylic-3.jpg\" alt=\"Se\u00f1al de no fumar acr\u00edlico transparente\" width=\"800\" height=\"800\" srcset=\"https:\/\/customacrylicproduct.com\/wp-content\/uploads\/2025\/07\/No-Smoking-Sign-Clear-Acrylic-3.jpg 800w, https:\/\/customacrylicproduct.com\/wp-content\/uploads\/2025\/07\/No-Smoking-Sign-Clear-Acrylic-3-300x300.jpg 300w, https:\/\/customacrylicproduct.com\/wp-content\/uploads\/2025\/07\/No-Smoking-Sign-Clear-Acrylic-3-150x150.jpg 150w, https:\/\/customacrylicproduct.com\/wp-content\/uploads\/2025\/07\/No-Smoking-Sign-Clear-Acrylic-3-768x768.jpg 768w, https:\/\/customacrylicproduct.com\/wp-content\/uploads\/2025\/07\/No-Smoking-Sign-Clear-Acrylic-3-600x600.jpg 600w, https:\/\/customacrylicproduct.com\/wp-content\/uploads\/2025\/07\/No-Smoking-Sign-Clear-Acrylic-3-100x100.jpg 100w\" sizes=\"(max-width: 800px) 100vw, 800px\" \/><\/a><\/p>\n<p><strong>3. Personalizaci\u00f3n de textos y contenidos web: Conectar con absoluta claridad\u00a0<\/strong>.<\/p>\n<p>La comunicaci\u00f3n eficaz es sumamente importante. Podemos imprimir cualquier tipo de texto que necesite, en cualquier tipo de fuente que se ajuste a las directrices de su marca. Esto incluye indicaciones en varios idiomas para atender a una clientela variada, garantizando que sus planos sean reconocidos por todos los visitantes en lugares p\u00fablicos como hoteles de todo el mundo, aeropuertos y lugares tur\u00edsticos.<\/p>\n<h4 id=\"-manufacturing-excellence-the-technology-behind-the-quality-\"><strong>Excelencia en la fabricaci\u00f3n: La tecnolog\u00eda detr\u00e1s de la calidad\u00a0<\/strong>.<\/h4>\n<p>Nuestro compromiso con la calidad se extiende a cada paso del proceso de producci\u00f3n. Utilizamos tecnolog\u00eda moderna e innovadora y empleamos una selecci\u00f3n de materiales que se ajusta perfectamente a las exigencias de su proyecto y a su plan presupuestario.<\/p>\n<p><strong>1. Opci\u00f3n de producto y grosor\u00a0<\/strong>.<\/p>\n<ul>\n<li><strong>L\u00e1mina de pol\u00edmero fundido:\u00a0<\/strong>La selecci\u00f3n premium. El acr\u00edlico fundido ofrece la mayor claridad \u00f3ptica posible, una dureza superficial notable y una resistencia clim\u00e1tica extraordinaria, lo que lo convierte en el material ideal para aplicaciones de interior de alta gama y cualquier tipo de exterior duradero.\u00a0<strong>se\u00f1al de no fumar en la pared\u00a0<\/strong>. Est\u00e1 disponible en densidades que van desde los 2,5 mm hasta unos considerables 200 mm.<\/li>\n<li><strong>L\u00e1mina acr\u00edlica extruida:\u00a0<\/strong>Una opci\u00f3n a\u00fan m\u00e1s rentable pero muy eficaz. El acr\u00edlico extruido es m\u00e1s ligero y tiene una transparencia excepcional, por lo que se adapta perfectamente a la mayor\u00eda de las necesidades de se\u00f1alizaci\u00f3n interior, como puertas de oficinas, superficies de paredes interiores y zonas protegidas. Los grosores habituales oscilan entre 1 mm y 12 mm.<\/li>\n<\/ul>\n<p>Nuestros expertos le ayudar\u00e1n a seleccionar el material y el grosor adecuados en funci\u00f3n de su aplicaci\u00f3n concreta, garantizando la eficacia y el valor ideales.<\/p>\n<p><strong>2. Procesado y acabado de precisi\u00f3n\u00a0<\/strong>.<\/p>\n<ul>\n<li><strong>Tecnolog\u00eda reductora avanzada:\u00a0<\/strong>Para conseguir las formas complicadas y las l\u00edneas limpias que necesitan nuestros clientes, utilizamos el corte por l\u00e1ser CNC y el corte por chorro de agua a alta presi\u00f3n. Estas t\u00e9cnicas permiten una precisi\u00f3n inigualable, haciendo posible la creaci\u00f3n de dise\u00f1os intrincados y lados perfectamente pulidos que son imposibles de lograr con las t\u00e9cnicas t\u00edpicas.<\/li>\n<li><strong>Tratamientos especializados:\u00a0<\/strong>Proporcionamos una variedad de toques finales para impulsar adicionalmente sus indicadores. Esto incluye\u00a0<strong>inscribiendo\u00a0<\/strong>para un impacto tradicional y dimensional;\u00a0<strong>plegado en caliente\u00a0<\/strong>para desarrollar indicaciones tridimensionales o dobladas que se ajusten sobre bordes; y precisas\u00a0<strong>abrillantado de bordes\u00a0<\/strong>para obtener una superficie impecable, como la del cristal.<\/li>\n<li><strong>Fabricaci\u00f3n de indicadores luminiscentes:\u00a0<\/strong>Para obtener lo mejor en presencia y dise\u00f1o moderno, podemos desarrollar indicaciones luminiscentes de prohibido fumar. Al incorporar una fuente de luz LED de bajo consumo detr\u00e1s de un panel acr\u00edlico hecho a medida, generamos una indicaci\u00f3n elegante e iluminada que es cautivadora y ecol\u00f3gica, perfecta para entornos poco iluminados como bares, restaurantes y pasillos de hoteles.<\/li>\n<\/ul>\n<p><a href=\"https:\/\/customacrylicproduct.com\/es\/customized-printed-acrylic-no-smoking-signs-signage-supplier\/\"><img decoding=\"async\" class=\"aligncenter wp-image-1099 size-full\" src=\"https:\/\/customacrylicproduct.com\/wp-content\/uploads\/2025\/07\/No-Smoking-Sign-Clear-Acrylic-4.jpg\" alt=\"Se\u00f1al de no fumar acr\u00edlico transparente\" width=\"800\" height=\"800\" srcset=\"https:\/\/customacrylicproduct.com\/wp-content\/uploads\/2025\/07\/No-Smoking-Sign-Clear-Acrylic-4.jpg 800w, https:\/\/customacrylicproduct.com\/wp-content\/uploads\/2025\/07\/No-Smoking-Sign-Clear-Acrylic-4-300x300.jpg 300w, https:\/\/customacrylicproduct.com\/wp-content\/uploads\/2025\/07\/No-Smoking-Sign-Clear-Acrylic-4-150x150.jpg 150w, https:\/\/customacrylicproduct.com\/wp-content\/uploads\/2025\/07\/No-Smoking-Sign-Clear-Acrylic-4-768x768.jpg 768w, https:\/\/customacrylicproduct.com\/wp-content\/uploads\/2025\/07\/No-Smoking-Sign-Clear-Acrylic-4-600x600.jpg 600w, https:\/\/customacrylicproduct.com\/wp-content\/uploads\/2025\/07\/No-Smoking-Sign-Clear-Acrylic-4-100x100.jpg 100w\" sizes=\"(max-width: 800px) 100vw, 800px\" \/><\/a><\/p>\n<h4 id=\"-easy-installment-and-versatile-application-\"><strong>F\u00e1cil instalaci\u00f3n y aplicaci\u00f3n vers\u00e1til\u00a0<\/strong>.<\/h4>\n<p>Un indicador maravillosamente fabricado s\u00f3lo es fiable si puede instalarse c\u00f3moda y firmemente. De hecho, hemos dise\u00f1ado nuestros indicadores para ofrecer la m\u00e1xima comodidad sin sacrificar la estabilidad.<\/p>\n<ul>\n<li><strong>Instalaci\u00f3n autoadhesiva sin complicaciones:\u00a0<\/strong>Cada\u00a0<strong>indicador de pared interior\u00a0<\/strong>viene de serie con un soporte autoadhesivo de alta resistencia y calidad industrial. Esta caracter\u00edstica elimina totalmente la necesidad de taladros, tornillos o instaladores expertos. Basta con retirar la capa protectora y utilizar la indicaci\u00f3n en cualquier superficie lisa, limpia y completamente seca, como paredes, puertas, mamparas de cristal o ventanas. La instalaci\u00f3n es ordenada, sin da\u00f1os y en cuesti\u00f3n de segundos.<\/li>\n<li><strong>Uso vers\u00e1til en todas las ubicaciones:\u00a0<\/strong>La combinaci\u00f3n de un dise\u00f1o moderno y port\u00e1til con una construcci\u00f3n duradera hace que nuestros r\u00f3tulos acr\u00edlicos personalizados sean ideales para una innumerable variedad de lugares p\u00fablicos y personales. Son la selecci\u00f3n perfecta para:.<\/li>\n<li><strong>Al por menor:\u00a0<\/strong>Centros comerciales, tiendas de comestibles y almacenes.<\/li>\n<li><strong>Hospitalidad:\u00a0<\/strong>Hoteles, complejos tur\u00edsticos, restaurantes, cafeter\u00edas y bares.<\/li>\n<li><strong>Negocios:\u00a0<\/strong>Lugares de trabajo, instalaciones para reuniones y parques de organizaciones.<\/li>\n<li><strong>P\u00fablico e institucional:\u00a0<\/strong>Instalaciones m\u00e9dicas, centros, colegios, colecciones y estructuras gubernamentales.<\/li>\n<\/ul>\n<p>Tanto si necesita un\u00a0<strong>r\u00f3tulo de superficie mural\u00a0<\/strong>para una sala de juntas o cientos de r\u00f3tulos cohesionados para un nuevo complejo tur\u00edstico, nuestra opci\u00f3n est\u00e1 creada para escalar y ajustarse.<\/p>\n<h4 id=\"-the-personalized-acrylic-item-benefit-your-trusted-signs-companion-\"><strong>La ventaja de los art\u00edculos acr\u00edlicos personalizados: su compa\u00f1ero de confianza para los r\u00f3tulos\u00a0<\/strong>.<\/h4>\n<p>La elecci\u00f3n de un proveedor tiene que ver con algo m\u00e1s que el art\u00edculo; se trata de confianza, fiabilidad y experiencia. En Custom-made Acrylic Product, hemos construido nuestra credibilidad en ser un socio en el que nuestros clientes pueden confiar. Cuando colabora con nosotros, est\u00e1 seleccionando una empresa l\u00edder en el sector que garantiza:.<\/p>\n<ul>\n<li><strong>Dedicaci\u00f3n inquebrantable a la alta calidad:\u00a0<\/strong>Desde las materias primas que utilizamos hasta el \u00faltimo brillo, cada paso est\u00e1 controlado por estrictas normas de garant\u00eda de calidad.<\/li>\n<li><strong>Profundos conocimientos del sector:\u00a0<\/strong>Nuestro equipo comprende los matices de una se\u00f1alizaci\u00f3n eficaz -desde las necesidades de conformidad hasta la creaci\u00f3n de conceptos- y est\u00e1 aqu\u00ed para guiarle a trav\u00e9s del procedimiento.<\/li>\n<li><strong>Plena satisfacci\u00f3n del cliente:\u00a0<\/strong>Su visi\u00f3n es nuestro objetivo. Trabajamos en colaboraci\u00f3n con usted para garantizar que el producto final no solo cumpla sus expectativas, sino que las supere.<\/li>\n<\/ul>\n<p>Eleve su zona, mejore su marca y garantice una comunicaci\u00f3n clara con se\u00f1ales acr\u00edlicas de no fumar hechas a medida y publicadas por un proveedor en el que puede confiar.<\/p>\n<p><strong>\u00bfListo para crear la mejor se\u00f1alizaci\u00f3n para su habitaci\u00f3n? P\u00f3ngase en contacto hoy mismo con nuestros profesionales del estilo para obtener una consulta y un presupuesto gratuitos. Desarrollemos juntos algo fant\u00e1stico.\u00a0<\/strong>.<\/p>","protected":false},"excerpt":{"rendered":"<p>Cree se\u00f1ales acr\u00edlicas profesionales y personalizadas de prohibido fumar para su negocio. Nuestras se\u00f1ales duraderas y resistentes a la intemperie se imprimen con su logotipo para una perfecta combinaci\u00f3n de marca. Como proveedor l\u00edder, garantizamos calidad y env\u00edo r\u00e1pido. Pida la suya hoy mismo.<\/p>","protected":false},"featured_media":1095,"template":"","meta":{"_kad_post_transparent":"default","_kad_post_title":"","_kad_post_layout":"default","_kad_post_sidebar_id":"","_kad_post_content_style":"default","_kad_post_vertical_padding":"default","_kad_post_feature":"","_kad_post_feature_position":"","_kad_post_header":false,"_kad_post_footer":false,"_kad_post_classname":""},"product_brand":[],"product_cat":[18],"product_tag":[98,51],"class_list":{"0":"post-1094","1":"product","2":"type-product","3":"status-publish","4":"has-post-thumbnail","6":"product_cat-custom-acrylic-signs","7":"product_tag-acrylic-signs","8":"product_tag-custom-acrylic-signs","10":"first","11":"instock","12":"shipping-taxable","13":"product-type-simple","14":"entry","15":"content-bg","16":"loop-entry"},"_links":{"self":[{"href":"https:\/\/customacrylicproduct.com\/es\/wp-json\/wp\/v2\/product\/1094","targetHints":{"allow":["GET"]}}],"collection":[{"href":"https:\/\/customacrylicproduct.com\/es\/wp-json\/wp\/v2\/product"}],"about":[{"href":"https:\/\/customacrylicproduct.com\/es\/wp-json\/wp\/v2\/types\/product"}],"wp:featuredmedia":[{"embeddable":true,"href":"https:\/\/customacrylicproduct.com\/es\/wp-json\/wp\/v2\/media\/1095"}],"wp:attachment":[{"href":"https:\/\/customacrylicproduct.com\/es\/wp-json\/wp\/v2\/media?parent=1094"}],"wp:term":[{"taxonomy":"product_brand","embeddable":true,"href":"https:\/\/customacrylicproduct.com\/es\/wp-json\/wp\/v2\/product_brand?post=1094"},{"taxonomy":"product_cat","embeddable":true,"href":"https:\/\/customacrylicproduct.com\/es\/wp-json\/wp\/v2\/product_cat?post=1094"},{"taxonomy":"product_tag","embeddable":true,"href":"https:\/\/customacrylicproduct.com\/es\/wp-json\/wp\/v2\/product_tag?post=1094"}],"curies":[{"name":"wp","href":"https:\/\/api.w.org\/{rel}","templated":true}]}}