{"id":1111,"date":"2025-07-15T08:47:11","date_gmt":"2025-07-15T08:47:11","guid":{"rendered":"https:\/\/customacrylicproduct.com\/?post_type=product&#038;p=1111"},"modified":"2025-07-15T09:01:48","modified_gmt":"2025-07-15T09:01:48","slug":"custom-acrylic-storage-trolleys-clear-acrylic-rolling-cart","status":"publish","type":"product","link":"https:\/\/customacrylicproduct.com\/es\/custom-acrylic-storage-trolleys-clear-acrylic-rolling-cart\/","title":{"rendered":"Carros de almacenamiento de acr\u00edlico personalizados Carro rodante de acr\u00edlico transparente"},"content":{"rendered":"<h3 id=\"-redefine-your-area-the-ultimate-overview-to-custom-made-polymer-storage-trolleys-clear-rolling-carts-\"><strong>Redefina su \u00e1rea: Lo \u00faltimo en carros de almacenamiento de pol\u00edmero hechos a medida y carros rodantes transparentes\u00a0<\/strong>.<\/h3>\n<p>En el mundo actual, nuestros salones y salas de estar son algo m\u00e1s que simples lugares \u00fatiles; son el reflejo de nuestra personalidad, nuestras normas y nuestra necesidad de orden y belleza. La mejor dificultad suele depender de armonizar los elementos fundamentales que necesitamos con el aspecto ordenado y limpio que anhelamos. Con frecuencia, los servicios de almacenamiento est\u00e1ndar obligan a llegar a un compromiso: o bien se obtiene la caracter\u00edstica que se necesita o bien el estilo que se desea, pero rara vez ambas cosas.<\/p>\n<p>Nuestra empresa cree que usted nunca tiene que arriesgarse.<\/p>\n<p>La s\u00edntesis perfecta de forma y funci\u00f3n: el\u00a0<strong><a href=\"https:\/\/customacrylicproduct.com\/es\/custom-acrylic-storage-trolleys-clear-acrylic-rolling-cart\/\">Carro de almacenamiento acr\u00edlico personalizado<\/a>\u00a0<\/strong>. No se trata simplemente de un mueble m\u00e1s; es un servicio vers\u00e1til, elegante y extremadamente a medida desarrollado para conquistar el desorden y elevar cualquier tipo de ambiente. Desde el sal\u00f3n hasta el aseo, desde la oficina hasta el sal\u00f3n de belleza, nuestros carros rodantes de acr\u00edlico transparente ofrecen una combinaci\u00f3n perfecta de gran capacidad y dise\u00f1o minimalista y contempor\u00e1neo. Esta descripci\u00f3n detallada le guiar\u00e1 a trav\u00e9s de la calidad excepcional, la versatilidad sin igual y las profundas alternativas de personalizaci\u00f3n que hacen de nuestros carros una mejora necesaria para cualquiera que busque opciones de espacio de almacenamiento eficientes y elegantes.<\/p>\n<h4 id=\"-chapter-1-a-chameleon-of-design-adaptability-in-every-space-\"><strong>Cap\u00edtulo 1: Un camale\u00f3n del dise\u00f1o: adaptabilidad en todos los espacios\u00a0<\/strong>.<\/h4>\n<p>La verdadera genialidad de un carro rodante de acr\u00edlico transparente reside en su capacidad para ser a la vez un elemento llamativo y un ayudante invisible. Su naturaleza clara le permite mezclarse a la derecha en cualquier tipo de plan de estilo, el manejo de la personalidad de su entorno al tiempo que da energ\u00eda inestimable.<\/p>\n<ul>\n<li><strong>La obra maestra del espacio vital:\u00a0<\/strong>Convi\u00e9rtalo en un elegante y moderno carrito de bar, listo para ofrecer a los invitados en cuanto se lo notifiquen. Los estantes robustos pueden sostener f\u00e1cilmente los envases, las mercanc\u00edas de cristal, y los dispositivos. Cuando no se utiliza, viene a ser una innovadora mesa auxiliar, mostrando sus libros favoritos de mesa de caf\u00e9, una luz de vela revelador, o una peque\u00f1a planta sin a\u00f1adir peso visual al espacio.<\/li>\n<li><strong>El Compa\u00f1ero Sereno de la Habitaci\u00f3n:\u00a0<\/strong>Cree un refugio tranquilo y organizado. Util\u00edcelo como mesilla de noche para su l\u00e1mpara, tel\u00e9fono y lectura nocturna, o como un comprometido carrito de tocador para organizar perfectamente el maquillaje, los art\u00edculos de cuidado de la piel y las fragancias. Su estilo di\u00e1fano hace que sea f\u00e1cil encontrar lo que necesitas, mejorando tus rutinas matutinas y nocturnas.<\/li>\n<li><strong>Estaci\u00f3n m\u00f3vil de preparaci\u00f3n del \u00e1rea de cocina:\u00a0<\/strong>En una zona de cocina activa, disponer de m\u00e1s espacio en la encimera es una necesidad. Nuestro carrito funciona como una isla m\u00f3vil, perfecta para guardar sabores, aceites o frutas y verduras frescas. Su gran capacidad y fuerte desarrollo le permiten trabajar como una estaci\u00f3n de caf\u00e9, la celebraci\u00f3n de su dispositivo, tazas y conchas, liberando propiedad \u00fatil encimera.<\/li>\n<li><strong>El santuario de los lavabos:\u00a0<\/strong>Coloque las toallas, los art\u00edculos de aseo y los art\u00edculos sanitarios b\u00e1sicos en este carrito impermeable y f\u00e1cil de limpiar. Su elegante dise\u00f1o convierte el almacenamiento en el ba\u00f1o de una necesidad en un atributo, creando un entorno ordenado, como el de un hotel, que anuncia el ocio.<\/li>\n<\/ul>\n<p>Este\u00a0<strong>Elegante carro de almacenaje\u00a0<\/strong>mejora cualquier tipo de espacio o lugar de trabajo con su aspecto tradicional y cl\u00e1sico. Es el m\u00e1ximo coordinador, creado para ser lo que necesites, donde lo necesites.<\/p>\n<p><a href=\"https:\/\/customacrylicproduct.com\/es\/custom-acrylic-storage-trolleys-clear-acrylic-rolling-cart\/\"><img fetchpriority=\"high\" decoding=\"async\" class=\"aligncenter wp-image-1113 size-full\" src=\"https:\/\/customacrylicproduct.com\/wp-content\/uploads\/2025\/07\/Custom-Acrylic-Storage-Trolleys-2.jpg\" alt=\"Carros de almacenamiento acr\u00edlicos\" width=\"800\" height=\"800\" srcset=\"https:\/\/customacrylicproduct.com\/wp-content\/uploads\/2025\/07\/Custom-Acrylic-Storage-Trolleys-2.jpg 800w, https:\/\/customacrylicproduct.com\/wp-content\/uploads\/2025\/07\/Custom-Acrylic-Storage-Trolleys-2-300x300.jpg 300w, https:\/\/customacrylicproduct.com\/wp-content\/uploads\/2025\/07\/Custom-Acrylic-Storage-Trolleys-2-150x150.jpg 150w, https:\/\/customacrylicproduct.com\/wp-content\/uploads\/2025\/07\/Custom-Acrylic-Storage-Trolleys-2-768x768.jpg 768w, https:\/\/customacrylicproduct.com\/wp-content\/uploads\/2025\/07\/Custom-Acrylic-Storage-Trolleys-2-600x600.jpg 600w, https:\/\/customacrylicproduct.com\/wp-content\/uploads\/2025\/07\/Custom-Acrylic-Storage-Trolleys-2-100x100.jpg 100w\" sizes=\"(max-width: 800px) 100vw, 800px\" \/><\/a><\/p>\n<h4 id=\"-phase-2-the-foundation-of-quality-sturdy-layout-and-large-capacity-space-\"><strong>Fase 2: Los cimientos de la calidad: un dise\u00f1o robusto y un espacio de gran capacidad\u00a0<\/strong>.<\/h4>\n<p>De nada sirve un dise\u00f1o atractivo si no resiste las exigencias del d\u00eda a d\u00eda. Hemos dise\u00f1ado nuestros carros acr\u00edlicos prestando especial atenci\u00f3n a la estabilidad, la resistencia y la capacidad de carga, para que sean tan pr\u00e1cticos como atractivos.<\/p>\n<p>El n\u00facleo de su resistencia radica en su construcci\u00f3n. Este \u00fatil carro funciona\u00a0<strong>robustos tubos de soporte de material agrandado\u00a0<\/strong>. A diferencia de las opciones de peso ligero, nuestra estructura se asegura de que cada tasa sigue siendo estable y seguro y seguro, la eliminaci\u00f3n de cualquier bamboleo o ca\u00edda. Esta alta capacidad de soporte sugiere que usted puede embalar con confianza cada estante - nuestros estantes de acr\u00edlico fundido est\u00e1ndar de 3-5 mm de espesor est\u00e1n clasificados para soportar hasta 15 kg (m\u00e1s de 30 libras) por capa.<\/p>\n<p>Esta robusta construcci\u00f3n le permite guardar una gran variedad de cosas sin preocuparse:.<\/p>\n<ul>\n<li>Libros de arte pesados o discos de pl\u00e1stico en el sal\u00f3n.<\/li>\n<li>Botellas de champ\u00fa y acondicionador de tama\u00f1o normal en la ducha.<\/li>\n<li>Peque\u00f1os aparatos de cocina, como una batidora o una cafetera.<\/li>\n<li>Herramientas y productos expertos en una oficina, taller o sal\u00f3n de belleza.<\/li>\n<\/ul>\n<p>Se trata de un carro funcional construido no s\u00f3lo para exhibir baratijas ligeras, sino tambi\u00e9n para una aut\u00e9ntica organizaci\u00f3n de gran resistencia en su hogar, lugar de trabajo o garaje.<\/p>\n<h4 id=\"-chapter-3-the-heart-of-our-service-unparalleled-personalization-\"><strong>Cap\u00edtulo 3: El coraz\u00f3n de nuestro servicio: una personalizaci\u00f3n sin igual\u00a0<\/strong>.<\/h4>\n<p>Aqu\u00ed es donde realmente irradia nuestro servicio. Somos conscientes de que cada zona es \u00fanica y cada cliente tiene necesidades distintas. Por eso hemos ido m\u00e1s all\u00e1 del modelo \"talla \u00fanica\" para ofrecer una experiencia profundamente ajustable, que le permite desarrollar un carro totalmente a su medida.<\/p>\n<p><strong>1. Forma: Esculpida para su estilo y habitaci\u00f3n\u00a0<\/strong>.<\/p>\n<p>La silueta de su carro puede afectar sustancialmente a su caracter\u00edstica y est\u00e9tica. Ofrecemos una serie de opciones de forma para adaptarse a su visi\u00f3n:.<\/p>\n<ul>\n<li><strong>Versiones b\u00e1sicas:\u00a0<\/strong>Elija entre un cl\u00e1sico\u00a0<strong>cuadrado\/rectangular\u00a0<\/strong>forma, que utiliza una seguridad \u00f3ptima y se adapta perfectamente a los bordes y contra las superficies de las paredes, o un\u00a0<strong>redondo\/el\u00edptico\u00a0<\/strong>cuyos bordes suaves son \u00f3ptimos para zonas muy transitadas u hogares con ni\u00f1os, proporcionando un sofisticado servicio anticolisi\u00f3n.<\/li>\n<li><strong>Versiones \u00fanicas:\u00a0<\/strong>Para una declaraci\u00f3n realmente \u00fanica, podemos crear carros con\u00a0<strong>formas trapezoidales, bordes abultados,\u00a0<\/strong>u otras formas personalizadas. S\u00f3lo tiene que enviarnos una ilustraci\u00f3n CAD y nuestra innovaci\u00f3n en corte de precisi\u00f3n dar\u00e1 vida a su dise\u00f1o.<\/li>\n<li><strong>Modelos funcionales:\u00a0<\/strong>Aumente la utilidad de su carrito a\u00f1adiendo funciones incorporadas como\u00a0<strong>cestas colgantes\u00a0<\/strong>para objetos peque\u00f1os, discretos\u00a0<strong>armarios\u00a0<\/strong>para almacenamiento oculto, o tal vez innovadoras\u00a0<strong>estanter\u00edas plegables\u00a0<\/strong>para desarrollar una zona adicional cuando sea necesario.<\/li>\n<\/ul>\n<p><a href=\"https:\/\/customacrylicproduct.com\/es\/custom-acrylic-storage-trolleys-clear-acrylic-rolling-cart\/\"><img decoding=\"async\" class=\"aligncenter wp-image-1114 size-full\" src=\"https:\/\/customacrylicproduct.com\/wp-content\/uploads\/2025\/07\/Custom-Acrylic-Storage-Trolleys-3.jpg\" alt=\"Carros de almacenamiento acr\u00edlicos\" width=\"800\" height=\"800\" srcset=\"https:\/\/customacrylicproduct.com\/wp-content\/uploads\/2025\/07\/Custom-Acrylic-Storage-Trolleys-3.jpg 800w, https:\/\/customacrylicproduct.com\/wp-content\/uploads\/2025\/07\/Custom-Acrylic-Storage-Trolleys-3-300x300.jpg 300w, https:\/\/customacrylicproduct.com\/wp-content\/uploads\/2025\/07\/Custom-Acrylic-Storage-Trolleys-3-150x150.jpg 150w, https:\/\/customacrylicproduct.com\/wp-content\/uploads\/2025\/07\/Custom-Acrylic-Storage-Trolleys-3-768x768.jpg 768w, https:\/\/customacrylicproduct.com\/wp-content\/uploads\/2025\/07\/Custom-Acrylic-Storage-Trolleys-3-600x600.jpg 600w, https:\/\/customacrylicproduct.com\/wp-content\/uploads\/2025\/07\/Custom-Acrylic-Storage-Trolleys-3-100x100.jpg 100w\" sizes=\"(max-width: 800px) 100vw, 800px\" \/><\/a><\/p>\n<p><strong>2. Dimensi\u00f3n: A la medida de la excelencia\u00a0<\/strong>.<\/p>\n<p>Obtenga la medida exacta adecuada para su zona y sus cosas. Ofrecemos un control total sobre cada medida:.<\/p>\n<ul>\n<li><strong>Dimensiones generales:\u00a0<\/strong>Podemos generar todo desde un carro delgado y estrecho (<strong>\u00a028-40 cm de ancho\u00a0<\/strong>) dise\u00f1ado para llegar a un \u00e1rea limitada, a un sistema m\u00e1s grande y significativo (<strong>\u00a0hasta 76 cm de ancho\u00a0<\/strong>). Las alturas requeridas var\u00edan de\u00a0<strong>60-85 cm\u00a0<\/strong>con\u00a0<strong>2-5 capas\u00a0<\/strong>, pero esto es totalmente flexible.<\/li>\n<li><strong>Elevaci\u00f3n de la capa ajustable:\u00a0<\/strong>Esto cambia las reglas del juego. Se acabaron las zonas verticales perdidas y los objetos demasiado altos para caber. Le permitimos especificar la altura entre cada capa. Se necesita una habitaci\u00f3n m\u00e1s alta de\u00a0<strong>un m\u00ednimo de 18 cm para cosm\u00e9ticos y laca para el pelo\u00a0<\/strong>? O un generoso\u00a0<strong>Espacio libre de m\u00e1s de 25 cm para publicaciones o carpetas de gran tama\u00f1o\u00a0<\/strong>? Podemos desarrollarlo seg\u00fan sus necesidades concretas.<\/li>\n<li><strong>Modificaci\u00f3n del dispositivo:\u00a0<\/strong>Hasta los detalles son tuyos. Elija un tama\u00f1o de rueda (<strong>\u00a05-8 cm\u00a0<\/strong>) que se adapte a su revestimiento de suelo, y defina las versiones\u00a0<strong>con frenos\u00a0<\/strong>para una colocaci\u00f3n segura. A\u00f1ada ganchos flexibles con una profundidad a medida para colgar toallas, bolsas o herramientas.<\/li>\n<\/ul>\n<p><strong>3. Material y completo: La firma de la calidad\u00a0<\/strong>.<\/p>\n<p>El toque final consiste en elegir el producto y el revestimiento que mejor se adapten a sus necesidades y estilo.<\/p>\n<ul>\n<li><strong>Producto Criterion:\u00a0<\/strong>Utilizamos\u00a0<strong>acr\u00edlico fundido\u00a0<\/strong>como est\u00e1ndar. Los estantes son t\u00edpicamente\u00a0<strong>3-5 mm de grosor\u00a0<\/strong>para un soporte de carga ideal, mientras que el marco est\u00e1 fabricado con acr\u00edlico tambi\u00e9n m\u00e1s grueso (<strong>\u00a0\u2265 8mm\u00a0<\/strong>) para una rigidez \u00f3ptima.<\/li>\n<li><strong>Tratamientos especiales:\u00a0<\/strong>.<\/li>\n<li><strong>Producto resistente a los rayos UV:\u00a0<\/strong>\u00bfPreparado para utilizar su carro en un patio exterior protegido, una terraza soleada o cerca de una ventana intensa? Opte por nuestro tratamiento resistente a los rayos UV para evitar que amarillee y garantizar una claridad duradera en exteriores.<\/li>\n<li><strong>Tratamiento antiara\u00f1azos:\u00a0<\/strong>Para ambientes comerciales muy transitados, como salones de belleza u hogares activos, nuestro dif\u00edcil revestimiento resistente a los ara\u00f1azos (que alcanza una firmeza superficial de 3-4H) protege el acabado inmaculado de los da\u00f1os cotidianos.<\/li>\n<li><strong>Color y proceso:\u00a0<\/strong>.<\/li>\n<li><strong>Coloraci\u00f3n corporal:\u00a0<\/strong>Para obtener un aspecto vibrante y s\u00f3lido, podemos utilizar acr\u00edlico tintado en todo el cuerpo, garantizando que no haya diferencias de tono en los bordes cortados para obtener un aspecto liso y de primera calidad.<\/li>\n<li><strong>Superficie Acabados:\u00a0<\/strong>Elija entre un innovador\u00a0<strong>esmerilado\u00a0<\/strong>para un impacto n\u00edtido y de enfoque suave; un glamuroso\u00a0<strong>espejo\u00a0<\/strong>un toque de art-deco de lujo, o un dise\u00f1o totalmente personalizado.\u00a0<strong>impreso\u00a0<\/strong>estilo con el dise\u00f1o del logotipo de su marca, un patr\u00f3n \u00fanico o un elemento visual espec\u00edfico.<\/li>\n<\/ul>\n<p><a href=\"https:\/\/customacrylicproduct.com\/es\/custom-acrylic-storage-trolleys-clear-acrylic-rolling-cart\/\"><img decoding=\"async\" class=\"aligncenter wp-image-1112 size-full\" src=\"https:\/\/customacrylicproduct.com\/wp-content\/uploads\/2025\/07\/Custom-Acrylic-Storage-Trolleys-1.jpg\" alt=\"Carros de almacenamiento acr\u00edlicos\" width=\"800\" height=\"800\" srcset=\"https:\/\/customacrylicproduct.com\/wp-content\/uploads\/2025\/07\/Custom-Acrylic-Storage-Trolleys-1.jpg 800w, https:\/\/customacrylicproduct.com\/wp-content\/uploads\/2025\/07\/Custom-Acrylic-Storage-Trolleys-1-300x300.jpg 300w, https:\/\/customacrylicproduct.com\/wp-content\/uploads\/2025\/07\/Custom-Acrylic-Storage-Trolleys-1-150x150.jpg 150w, https:\/\/customacrylicproduct.com\/wp-content\/uploads\/2025\/07\/Custom-Acrylic-Storage-Trolleys-1-768x768.jpg 768w, https:\/\/customacrylicproduct.com\/wp-content\/uploads\/2025\/07\/Custom-Acrylic-Storage-Trolleys-1-600x600.jpg 600w, https:\/\/customacrylicproduct.com\/wp-content\/uploads\/2025\/07\/Custom-Acrylic-Storage-Trolleys-1-100x100.jpg 100w\" sizes=\"(max-width: 800px) 100vw, 800px\" \/><\/a><\/p>\n<h4 id=\"-chapter-4-simplicity-from-start-to-finish-uncomplicated-assembly-\"><strong>Cap\u00edtulo 4: Simplicidad de principio a fin: montaje sin complicaciones\u00a0<\/strong>.<\/h4>\n<p>Nuestra empresa cree que un art\u00edculo de primera calidad debe proporcionar una experiencia de costes desde el momento en que llega a su puerta. Las complicadas instrucciones de montaje y la p\u00e9rdida de dispositivos no tienen cabida en nuestro mundo.<\/p>\n<p>Este\u00a0<strong>Carro de la energ\u00eda\u00a0<\/strong>cuenta con un proceso de instalaci\u00f3n sencillo y f\u00e1cil de usar. Se entrega con\u00a0<strong>instrucciones claras y f\u00e1ciles de seguir\u00a0<\/strong>que te gu\u00edan a trav\u00e9s de unas sencillas acciones. Lo m\u00e1s importante,\u00a0<strong>no se necesitan herramientas adicionales\u00a0<\/strong>. Se incluye todo lo necesario, lo que lo convierte en la opci\u00f3n perfecta para cualquiera que valore las ventajas. Esta experiencia sin problemas se asegura de que usted puede ir de unboxing a organizar su hogar, oficina o taller en cuesti\u00f3n de minutos, no horas.<\/p>\n<p>Tu habitaci\u00f3n es \u00fanica. Su espacio de almacenamiento tambi\u00e9n debe serlo. Deje de hacer concesiones y empiece a personalizar. Mejore hoy mismo la organizaci\u00f3n de su hogar con una soluci\u00f3n de almacenamiento que sea tan flexible, resistente y elegante como usted.<\/p>\n<p><strong>Listo para desarrollar su <a href=\"https:\/\/customacrylicproduct.com\/es\/custom-acrylic-storage-trolleys-clear-acrylic-rolling-cart\/\">carro rodante acr\u00edlico<\/a>? Llame a nuestros expertos para revisar su visi\u00f3n y recibir un presupuesto personalizado. Creemos algo hermoso y \u00fatil, el uno para el otro.\u00a0<\/strong>.<\/p>","protected":false},"excerpt":{"rendered":"<p>Mejore su espacio con nuestros carros de almacenamiento acr\u00edlicos personalizados. Este carrito rodante transparente ofrece una organizaci\u00f3n elegante y m\u00f3vil para el hogar, la oficina o el sal\u00f3n. Perfecto como moderno carrito de bar u organizador minimalista. Fabricado seg\u00fan sus especificaciones exactas de tama\u00f1o. \u00a1Pida el suyo!<\/p>","protected":false},"featured_media":1115,"template":"","meta":{"_kad_post_transparent":"default","_kad_post_title":"","_kad_post_layout":"default","_kad_post_sidebar_id":"","_kad_post_content_style":"default","_kad_post_vertical_padding":"default","_kad_post_feature":"","_kad_post_feature_position":"","_kad_post_header":false,"_kad_post_footer":false,"_kad_post_classname":""},"product_brand":[],"product_cat":[21],"product_tag":[99,69],"class_list":{"0":"post-1111","1":"product","2":"type-product","3":"status-publish","4":"has-post-thumbnail","6":"product_cat-custom-acrylic-furnitures","7":"product_tag-acrylic-storage-trolleys","8":"product_tag-custom-acrylic-furnitures","10":"first","11":"instock","12":"shipping-taxable","13":"product-type-simple","14":"entry","15":"content-bg","16":"loop-entry"},"_links":{"self":[{"href":"https:\/\/customacrylicproduct.com\/es\/wp-json\/wp\/v2\/product\/1111","targetHints":{"allow":["GET"]}}],"collection":[{"href":"https:\/\/customacrylicproduct.com\/es\/wp-json\/wp\/v2\/product"}],"about":[{"href":"https:\/\/customacrylicproduct.com\/es\/wp-json\/wp\/v2\/types\/product"}],"wp:featuredmedia":[{"embeddable":true,"href":"https:\/\/customacrylicproduct.com\/es\/wp-json\/wp\/v2\/media\/1115"}],"wp:attachment":[{"href":"https:\/\/customacrylicproduct.com\/es\/wp-json\/wp\/v2\/media?parent=1111"}],"wp:term":[{"taxonomy":"product_brand","embeddable":true,"href":"https:\/\/customacrylicproduct.com\/es\/wp-json\/wp\/v2\/product_brand?post=1111"},{"taxonomy":"product_cat","embeddable":true,"href":"https:\/\/customacrylicproduct.com\/es\/wp-json\/wp\/v2\/product_cat?post=1111"},{"taxonomy":"product_tag","embeddable":true,"href":"https:\/\/customacrylicproduct.com\/es\/wp-json\/wp\/v2\/product_tag?post=1111"}],"curies":[{"name":"wp","href":"https:\/\/api.w.org\/{rel}","templated":true}]}}