{"id":1116,"date":"2025-07-15T09:30:05","date_gmt":"2025-07-15T09:30:05","guid":{"rendered":"https:\/\/customacrylicproduct.com\/?post_type=product&#038;p=1116"},"modified":"2025-07-15T09:45:40","modified_gmt":"2025-07-15T09:45:40","slug":"coloured-cast-acrylic-panel-tinted-acrylic-sheets-wholesaler","status":"publish","type":"product","link":"https:\/\/customacrylicproduct.com\/es\/coloured-cast-acrylic-panel-tinted-acrylic-sheets-wholesaler\/","title":{"rendered":"Panel acr\u00edlico coloreado Hojas acr\u00edlicas tintadas Mayorista"},"content":{"rendered":"<h3 id=\"-the-art-of-shade-the-scientific-research-of-product-a-wholesaler-s-guide-to-costs-coloured-cast-acrylic-\"><strong>El Arte de la Sombra, La Investigaci\u00f3n Cient\u00edfica del Producto: Gu\u00eda del mayorista para los costes del acr\u00edlico coloreado fundido\u00a0<\/strong>.<\/h3>\n<p>En el planeta del dise\u00f1o, la fabricaci\u00f3n y el arte, los productos son el vocabulario que utilizamos para narrar. La opci\u00f3n adecuada puede convertir un simple trabajo en una obra de arte, transformar un espacio comercial en una experiencia de marca envolvente y transformar un objeto \u00fatil en una obra de arte. Durante d\u00e9cadas, un material ha demostrado constantemente ser uno de los medios m\u00e1s vers\u00e1tiles, vibrantes y vanguardistas para los desarrolladores de todo tipo: el acr\u00edlico.<\/p>\n<p>Como distribuidor l\u00edder, reconocemos que nuestros clientes -los dise\u00f1adores, dise\u00f1adores, productores y fabricantes masivos- necesitan algo m\u00e1s que un art\u00edculo. Necesitan un compa\u00f1ero de confianza, una combinaci\u00f3n sustancial de oportunidades y un producto que funcione perfectamente bajo presi\u00f3n. Estamos orgullosos de ofrecer nuestra l\u00ednea l\u00edder de\u00a0<strong><a href=\"https:\/\/customacrylicproduct.com\/es\/coloured-cast-acrylic-panel-tinted-acrylic-sheets-wholesaler\/\">Planchas de pol\u00edmero moldeado coloreadas y tintadas<\/a>\u00a0<\/strong>, una colecci\u00f3n creada no s\u00f3lo para satisfacer sus necesidades, sino para influir en su pr\u00f3ximo desarrollo excelente.<\/p>\n<p>En esta gu\u00eda comprobar\u00e1 las notables cualidades de nuestros paneles acr\u00edlicos moldeados, desde su impresionante gama de tonos y sus viviendas f\u00edsicas superiores hasta su comodidad de fabricaci\u00f3n y sus ilimitadas aplicaciones. Descubra por qu\u00e9 somos el recurso de confianza para los profesionales que requieren lo m\u00e1s eficaz.<\/p>\n<h4 id=\"-chapter-1-a-spectrum-of-infinite-opportunity-our-unrivaled-color-scheme-\"><strong>Cap\u00edtulo 1: Un espectro de infinitas oportunidades: nuestra inigualable gama de colores\u00a0<\/strong>.<\/h4>\n<p>El color es emoci\u00f3n, identificaci\u00f3n y luz hecha visible. Nuestra colecci\u00f3n se basa en este enfoque. Cuando usted recurre a nosotros, accede a un asombroso espectro de opciones desarrolladas para dar vida a cualquier visi\u00f3n.<\/p>\n<p>Sin duda obtendr\u00e1 una espectacular gama de\u00a0<strong><a href=\"https:\/\/customacrylicproduct.com\/es\/coloured-cast-acrylic-panel-tinted-acrylic-sheets-wholesaler\/\">actores de colores transparentes planchas acr\u00edlicas<\/a>\u00a0<\/strong>en una pl\u00e9tora de colores diferentes. Nuestro suministro com\u00fan consiste en, pero no se limita a:.<\/p>\n<ul>\n<li><strong>Blues profundo y oce\u00e1nico\u00a0<\/strong>.<\/li>\n<li><strong>Naranjas vibrantes y llenas de energ\u00eda\u00a0<\/strong>.<\/li>\n<li><strong>Amarillos brillantes besados por el sol\u00a0<\/strong>.<\/li>\n<li><strong>Entorno natural y exuberante\u00a0<\/strong>.<\/li>\n<li><strong>Rojos fuertes y entusiastas\u00a0<\/strong>.<\/li>\n<li><strong>Rosas rojos elegantes y alegres\u00a0<\/strong>.<\/li>\n<li><strong>Negros profundos y puros\u00a0<\/strong>.<\/li>\n<li><strong>Transparentes cristalinos\u00a0<\/strong>.<\/li>\n<\/ul>\n<p>Esto es m\u00e1s que una lista de colores: es una caja de herramientas para la creatividad. La magia de la verdad reside en la interacci\u00f3n del material con la luz. Como medio transparente, el aspecto de cada hoja es vibrante.\u00a0<strong>Los colores est\u00e1n en diferentes iluminaciones, el programa es variado.\u00a0<\/strong>Un panel que parece de un azul profundo e irritable con luz reducida puede transformarse en un zafiro luminiscente y celestial cuando se retroilumina. Esta cualidad permite desarrollar se\u00f1alizaciones din\u00e1micas, fascinantes dispositivos de iluminaci\u00f3n y obras de arte de varias capas con una profundidad incre\u00edble.<\/p>\n<p>Nuestra gama de tonalidades est\u00e1 pensada para satisfacer sus variados requisitos de bricolaje y de especialistas, desde la combinaci\u00f3n con colores espec\u00edficos de marcas de empresa hasta la creaci\u00f3n de esquemas imaginativos \u00fanicos.<\/p>\n<p><a href=\"https:\/\/customacrylicproduct.com\/es\/coloured-cast-acrylic-panel-tinted-acrylic-sheets-wholesaler\/\"><img fetchpriority=\"high\" decoding=\"async\" class=\"aligncenter wp-image-1123 size-full\" src=\"https:\/\/customacrylicproduct.com\/wp-content\/uploads\/2025\/07\/Tinted-Acrylic-Sheets.jpg\" alt=\"L\u00e1minas acr\u00edlicas tintadas\" width=\"800\" height=\"800\" srcset=\"https:\/\/customacrylicproduct.com\/wp-content\/uploads\/2025\/07\/Tinted-Acrylic-Sheets.jpg 800w, https:\/\/customacrylicproduct.com\/wp-content\/uploads\/2025\/07\/Tinted-Acrylic-Sheets-300x300.jpg 300w, https:\/\/customacrylicproduct.com\/wp-content\/uploads\/2025\/07\/Tinted-Acrylic-Sheets-150x150.jpg 150w, https:\/\/customacrylicproduct.com\/wp-content\/uploads\/2025\/07\/Tinted-Acrylic-Sheets-768x768.jpg 768w, https:\/\/customacrylicproduct.com\/wp-content\/uploads\/2025\/07\/Tinted-Acrylic-Sheets-600x600.jpg 600w, https:\/\/customacrylicproduct.com\/wp-content\/uploads\/2025\/07\/Tinted-Acrylic-Sheets-100x100.jpg 100w\" sizes=\"(max-width: 800px) 100vw, 800px\" \/><\/a><\/p>\n<h4 id=\"-chapter-2-the-structure-of-quality-superior-product-unwavering-quality-\"><strong>Cap\u00edtulo 2: La estructura de la calidad - Producto superior y calidad inquebrantable\u00a0<\/strong>.<\/h4>\n<p>Un color atractivo es s\u00f3lo como el material que lo sostiene. S\u00f3lo suministramos\u00a0<strong>acr\u00edlico fundido\u00a0<\/strong>, el est\u00e1ndar superior del mercado, reconocido por su dureza, calidad y consistencia superiores.<\/p>\n<ul>\n<li><strong>Resistente, duradero y ligero:\u00a0<\/strong>Esta es la paradoja que hace que el acr\u00edlico sea tan importante. Nuestro\u00a0<strong>l\u00e1minas de pl\u00e1stico para manualidades y uso especializado\u00a0<\/strong>est\u00e1n fabricados con un acr\u00edlico incre\u00edblemente resistente que soporta los efectos y las roturas mucho mejor que el cristal. Se trata de un material fuerte y resistente construido para durar. Sin embargo, es incre\u00edblemente ligero, por lo que es mucho m\u00e1s f\u00e1cil y seguro de transferir, cuidar y montar, lo que se traduce en una disminuci\u00f3n de los gastos y un riesgo minimizado para proyectos a gran escala.<\/li>\n<li><strong>Flawless Complete y Protection:\u00a0<\/strong>La m\u00e1xima calidad est\u00e1 en la informaci\u00f3n. Cada hoja que ofrecemos est\u00e1 hecha para tener impecablemente\u00a0<strong>bordes lisos\u00a0<\/strong>, garantizando un revestimiento profesional desde el principio. Para asegurar que esta hermosa alta calidad le llegue intacta,\u00a0<strong>cada l\u00e1mina acr\u00edlica est\u00e1 recubierta de una pel\u00edcula protectora por ambas caras.\u00a0<\/strong>Esta acci\u00f3n crucial protege la superficie del suelo, las rozaduras y las huellas dactilares durante el transporte, la manipulaci\u00f3n y la construcci\u00f3n, reduciendo los residuos y asegur\u00e1ndose de que cada cent\u00edmetro cuadrado del producto sea utilizable.<\/li>\n<li><strong>Color que perdura:\u00a0<\/strong>El tono de nuestras planchas acr\u00edlicas moldeadas no es un acabado superficial. Se incorpora directamente al mon\u00f3mero antes de que comience el procedimiento de extendido, lo que sugiere que el tono es constante en toda la densidad del panel. Esto garantiza que el\u00a0<strong>el color dura y es dif\u00edcil que se decolore\u00a0<\/strong>, a pesar de la exposici\u00f3n directa y prolongada a la iluminaci\u00f3n interior. La vitalidad con la que se desarrolla es la vitalidad que sin duda perdurar\u00e1.<\/li>\n<\/ul>\n<p><a href=\"https:\/\/customacrylicproduct.com\/es\/coloured-cast-acrylic-panel-tinted-acrylic-sheets-wholesaler\/\"><img decoding=\"async\" class=\"aligncenter wp-image-1120 size-full\" src=\"https:\/\/customacrylicproduct.com\/wp-content\/uploads\/2025\/07\/Tinted-Acrylic-Sheets-1.jpg\" alt=\"L\u00e1minas acr\u00edlicas tintadas\" width=\"800\" height=\"800\" srcset=\"https:\/\/customacrylicproduct.com\/wp-content\/uploads\/2025\/07\/Tinted-Acrylic-Sheets-1.jpg 800w, https:\/\/customacrylicproduct.com\/wp-content\/uploads\/2025\/07\/Tinted-Acrylic-Sheets-1-300x300.jpg 300w, https:\/\/customacrylicproduct.com\/wp-content\/uploads\/2025\/07\/Tinted-Acrylic-Sheets-1-150x150.jpg 150w, https:\/\/customacrylicproduct.com\/wp-content\/uploads\/2025\/07\/Tinted-Acrylic-Sheets-1-768x768.jpg 768w, https:\/\/customacrylicproduct.com\/wp-content\/uploads\/2025\/07\/Tinted-Acrylic-Sheets-1-600x600.jpg 600w, https:\/\/customacrylicproduct.com\/wp-content\/uploads\/2025\/07\/Tinted-Acrylic-Sheets-1-100x100.jpg 100w\" sizes=\"(max-width: 800px) 100vw, 800px\" \/><\/a><\/p>\n<h4 id=\"-chapter-3-engineered-for-development-customization-effortless-construction-\"><strong>Cap\u00edtulo 3: Dise\u00f1ado para el desarrollo: personalizaci\u00f3n y construcci\u00f3n sin esfuerzo\u00a0<\/strong>.<\/h4>\n<p>Sus trabajos tienen requisitos especiales, y nuestra soluci\u00f3n est\u00e1 desarrollada para satisfacerlos con precisi\u00f3n y versatilidad. Le animamos a ir m\u00e1s all\u00e1 de las restricciones b\u00e1sicas con una amplia personalizaci\u00f3n y un producto con el que es un sue\u00f1o trabajar.<\/p>\n<ul>\n<li><strong>Tama\u00f1os a medida para Residuos Cero:\u00a0<\/strong>Reconocemos que el rendimiento es el tipo en una operaci\u00f3n profesional. Nuestra l\u00e1mina acr\u00edlica tintada se ofrece en\u00a0<strong>tama\u00f1os a medida\u00a0<\/strong>. Aunque disponemos de planchas comerciales de dimensiones est\u00e1ndar, nuestro principal servicio como distribuidores es proporcionar paneles cortados a medida adaptados a las dimensiones espec\u00edficas de su tarea. Esto reduce los residuos, ahorra tiempo de construcci\u00f3n y disminuye el gasto total. Adem\u00e1s, podr\u00e1\u00a0<strong>cortarlo con reductores hasta darle la forma deseada\u00a0<\/strong>in situ.<\/li>\n<li><strong>Maximizado para facilitar la construcci\u00f3n:\u00a0<\/strong>Nuestras planchas acr\u00edlicas son famosas por su excelente mecanizabilidad. El destacado\u00a0<strong>Grosor de 1\/8 de pulgada (unos 3 mm)\u00a0<\/strong>ofrece el mejor equilibrio entre rigidez y comodidad de manejo, pero como mayorista, podemos suministrar una amplia gama de espesores que se adaptan a cualquier tipo de aplicaci\u00f3n. La densidad uniforme y la calidad superior del producto lo hacen incre\u00edblemente f\u00e1cil de manejar. Puede:.<\/li>\n<li><strong>Corte con precisi\u00f3n:\u00a0<\/strong>Utilizar un\u00a0<strong>sierra de cinta, sierra de mesa o caladora\u00a0<\/strong>para cortar l\u00e1minas acr\u00edlicas con l\u00edneas ordenadas y n\u00edtidas, permiti\u00e9ndole obtener r\u00e1pidamente la forma que desee.<\/li>\n<li><strong>Corte y grabado por l\u00e1ser:\u00a0<\/strong>El producto responde perfectamente a los cortadores l\u00e1ser, lo que hace posible el desarrollo de patrones elaborados, dise\u00f1os de logotipos en profundidad y formas complicadas con lados estilizados.<\/li>\n<li><strong>Taladro, Rumbo y Fresado:\u00a0<\/strong>Se puede mecanizar c\u00f3modamente con las herramientas t\u00edpicas de taller sin que se agriete ni se cuartee.<\/li>\n<li><strong>Warm Bend &amp; Form:\u00a0<\/strong>Calentar delicadamente los paneles permite doblarlos y crear contornos y formas tridimensionales.<\/li>\n<\/ul>\n<p>Esta sencillez de construcci\u00f3n hace que nuestro acr\u00edlico sea la elecci\u00f3n ideal tanto para la creaci\u00f3n r\u00e1pida de prototipos como para grandes series de producci\u00f3n.<\/p>\n<h4 id=\"-chapter-4-the-canvas-for-development-a-cosmos-of-applications-\"><strong>Cap\u00edtulo 4: El lienzo del desarrollo: un cosmos de aplicaciones\u00a0<\/strong>.<\/h4>\n<p>La adaptabilidad de nuestros paneles acr\u00edlicos de colores para actores s\u00f3lo est\u00e1 limitada por su imaginaci\u00f3n. De hecho, estas planchas se han convertido en un material importante en una gran variedad de sectores y b\u00fasquedas imaginativas.<\/p>\n<ul>\n<li><strong>R\u00f3tulos y escaparates:\u00a0<\/strong>Produzca atractivas indicaciones luminiscentes, expositores para puntos de venta y conocidos elementos de fijaci\u00f3n que atraen a los consumidores. Los colores vibrantes y transparentes son especialmente eficaces cuando se retroiluminan.<\/li>\n<li><strong>Dise\u00f1o arquitect\u00f3nico y de interiores:\u00a0<\/strong>Utilice los paneles como tabiques decorativos, frentes de armarios modernos, cristales tintados para sustituir\u00a0<strong>cristal de estructura de imagen\u00a0<\/strong>, muebles a medida y protecci\u00f3n\u00a0<strong>decoraci\u00f3n de mostradores\u00a0<\/strong>. Su ligereza y robustez lo convierten en una opci\u00f3n superior para zonas p\u00fablicas.<\/li>\n<li><strong>Arte y manualidades:\u00a0<\/strong>Es el mejor soporte para artistas y desarrolladores. Util\u00edcelo como superficie lisa y no porosa para\u00a0<strong>pintura\u00a0<\/strong>, Como base para esculturas de t\u00e9cnica mixta o para elaborados objetos de arte cortados con l\u00e1ser.<\/li>\n<li><strong>Exposiciones y Museos:\u00a0<\/strong>Construya estuches, vitrinas y obst\u00e1culos protectores lisos y duraderos que proporcionen claridad \u00f3ptica y un toque de sombra sin distraer la atenci\u00f3n de los artefactos.<\/li>\n<li><strong>Decoraci\u00f3n para el hogar y eventos:\u00a0<\/strong>D\u00e9 rienda suelta a su creatividad para eventos estacionales y de celebraci\u00f3n.\u00a0<strong>luces ornamentales de Navidad para hacer usted mismo\u00a0<\/strong>cortando formas personalizadas, crear sensacionales centros de mesa o desarrollar distintas\u00a0<strong>decoraci\u00f3n de eventos\u00a0<\/strong>que sin duda dejar\u00e1 una percepci\u00f3n perdurable.<\/li>\n<\/ul>\n<p><a href=\"https:\/\/customacrylicproduct.com\/es\/coloured-cast-acrylic-panel-tinted-acrylic-sheets-wholesaler\/\"><img decoding=\"async\" class=\"aligncenter wp-image-1121 size-full\" src=\"https:\/\/customacrylicproduct.com\/wp-content\/uploads\/2025\/07\/Tinted-Acrylic-Sheets-2.jpg\" alt=\"L\u00e1minas acr\u00edlicas tintadas\" width=\"800\" height=\"800\" srcset=\"https:\/\/customacrylicproduct.com\/wp-content\/uploads\/2025\/07\/Tinted-Acrylic-Sheets-2.jpg 800w, https:\/\/customacrylicproduct.com\/wp-content\/uploads\/2025\/07\/Tinted-Acrylic-Sheets-2-300x300.jpg 300w, https:\/\/customacrylicproduct.com\/wp-content\/uploads\/2025\/07\/Tinted-Acrylic-Sheets-2-150x150.jpg 150w, https:\/\/customacrylicproduct.com\/wp-content\/uploads\/2025\/07\/Tinted-Acrylic-Sheets-2-768x768.jpg 768w, https:\/\/customacrylicproduct.com\/wp-content\/uploads\/2025\/07\/Tinted-Acrylic-Sheets-2-600x600.jpg 600w, https:\/\/customacrylicproduct.com\/wp-content\/uploads\/2025\/07\/Tinted-Acrylic-Sheets-2-100x100.jpg 100w\" sizes=\"(max-width: 800px) 100vw, 800px\" \/><\/a><\/p>\n<p>Desde el comercial m\u00e1s exigente\u00a0<strong>mostrar tareas\u00a0<\/strong>al personal\u00a0<strong>decoraci\u00f3n del hogar\u00a0<\/strong>mejoras, nuestro <a href=\"https:\/\/customacrylicproduct.com\/es\/coloured-cast-acrylic-panel-tinted-acrylic-sheets-wholesaler\/\">planchas acr\u00edlicas<\/a> ofrecen una estructura de gran calidad y una combinaci\u00f3n de inspiraci\u00f3n.<\/p>\n<h4 id=\"-the-wholesale-advantage-your-strategic-companion-in-supply-\"><strong>La ventaja del mayorista: Su compa\u00f1ero estrat\u00e9gico en el suministro\u00a0<\/strong>.<\/h4>\n<p>Elegirnos como su distribuidor le sugiere adquirir algo m\u00e1s que un simple distribuidor; le sugiere ganar un socio comprometido con su \u00e9xito. Comprendemos las demandas \u00fanicas de organizaciones, fabricantes y fabricantes de gran volumen. Todo nuestro procedimiento est\u00e1 estructurado para ofrecerle:.<\/p>\n<ul>\n<li><strong>Precios competitivos por volumen:\u00a0<\/strong>Proporcionamos ahorros sustanciales en los precios de pedidos de gran volumen, lo que le permite aumentar sus m\u00e1rgenes de ingresos y licitar de forma m\u00e1s competitiva en los proyectos.<\/li>\n<li><strong>Uniformidad inquebrantable:\u00a0<\/strong>Garantizamos la uniformidad de color y grosor en todas las hojas de su pedido, asegurando la uniformidad en trabajos de gran volumen y tiradas de fabricaci\u00f3n.<\/li>\n<li><strong>Inventario sustancial:\u00a0<\/strong>Nuestro enorme inventario en stock de los colores y dimensiones preferidos implica que podemos satisfacer sus pedidos con prontitud, minimizando los preparativos y manteniendo sus proyectos dentro de los plazos previstos.<\/li>\n<li><strong>Asistencia devota:\u00a0<\/strong>Nuestro grupo de profesionales est\u00e1 a su disposici\u00f3n para ayudarle a elegir el producto adecuado para su aplicaci\u00f3n, ofrecerle sugerencias t\u00e9cnicas y garantizarle un proceso de compra fluido de principio a fin.<\/li>\n<li><strong>Log\u00edstica fiable:\u00a0<\/strong>Con un embalaje robusto y una red de socios de entrega de confianza, garantizamos que su pedido llegue de forma segura, r\u00e1pida y en perfecto estado.<\/li>\n<\/ul>\n<p>Entre en un mundo de colores vibrantes, calidad superior sin igual y potencial ilimitado. Permita que nuestras l\u00e1minas acr\u00edlicas para actores coloreadas y tintadas sean la piedra angular de su siguiente trabajo.<\/p>\n<p><strong>Llame hoy mismo a nuestros profesionales mayoristas para solicitar un paquete de ejemplo, obtener un presupuesto asequible para sus necesidades de cantidad o hablar sobre las exigencias personalizadas de su pr\u00f3ximo proyecto.\u00a0<\/strong>.<\/p>","protected":false},"excerpt":{"rendered":"<p>Su mayorista de confianza de planchas acr\u00edlicas coloreadas y tintadas de primera calidad. Suministramos una amplia gama de paneles vibrantes perfectos para se\u00f1alizaci\u00f3n, fabricaci\u00f3n y expositores comerciales. Obtenga precios fiables al por mayor, servicios de corte a medida y env\u00edo r\u00e1pido.<\/p>","protected":false},"featured_media":1123,"template":"","meta":{"_kad_post_transparent":"default","_kad_post_title":"","_kad_post_layout":"default","_kad_post_sidebar_id":"","_kad_post_content_style":"default","_kad_post_vertical_padding":"default","_kad_post_feature":"","_kad_post_feature_position":"","_kad_post_header":false,"_kad_post_footer":false,"_kad_post_classname":""},"product_brand":[],"product_cat":[24],"product_tag":[100,75,73],"class_list":{"0":"post-1116","1":"product","2":"type-product","3":"status-publish","4":"has-post-thumbnail","6":"product_cat-custom-acrylic-sheets","7":"product_tag-coloured-acrylic-sheets","8":"product_tag-custom-cut-acrylic-sheets","9":"product_tag-laser-acrylic-sheets","11":"first","12":"instock","13":"shipping-taxable","14":"product-type-simple","15":"entry","16":"content-bg","17":"loop-entry"},"_links":{"self":[{"href":"https:\/\/customacrylicproduct.com\/es\/wp-json\/wp\/v2\/product\/1116","targetHints":{"allow":["GET"]}}],"collection":[{"href":"https:\/\/customacrylicproduct.com\/es\/wp-json\/wp\/v2\/product"}],"about":[{"href":"https:\/\/customacrylicproduct.com\/es\/wp-json\/wp\/v2\/types\/product"}],"wp:featuredmedia":[{"embeddable":true,"href":"https:\/\/customacrylicproduct.com\/es\/wp-json\/wp\/v2\/media\/1123"}],"wp:attachment":[{"href":"https:\/\/customacrylicproduct.com\/es\/wp-json\/wp\/v2\/media?parent=1116"}],"wp:term":[{"taxonomy":"product_brand","embeddable":true,"href":"https:\/\/customacrylicproduct.com\/es\/wp-json\/wp\/v2\/product_brand?post=1116"},{"taxonomy":"product_cat","embeddable":true,"href":"https:\/\/customacrylicproduct.com\/es\/wp-json\/wp\/v2\/product_cat?post=1116"},{"taxonomy":"product_tag","embeddable":true,"href":"https:\/\/customacrylicproduct.com\/es\/wp-json\/wp\/v2\/product_tag?post=1116"}],"curies":[{"name":"wp","href":"https:\/\/api.w.org\/{rel}","templated":true}]}}