{"id":1136,"date":"2025-07-17T06:24:15","date_gmt":"2025-07-17T06:24:15","guid":{"rendered":"https:\/\/customacrylicproduct.com\/?post_type=product&#038;p=1136"},"modified":"2025-07-17T11:57:30","modified_gmt":"2025-07-17T11:57:30","slug":"acrylic-chairs-home-internet-celebrity-backrest-table-chair","status":"publish","type":"product","link":"https:\/\/customacrylicproduct.com\/es\/acrylic-chairs-home-internet-celebrity-backrest-table-chair\/","title":{"rendered":"Sillas de acr\u00edlico Home Internet Silla de mesa con respaldo"},"content":{"rendered":"<h3 id=\"the-acrylic-cantilever-chair-an-icon-of-modernity-and-a-declaration-of-unparalleled-style\">La silla voladiza acr\u00edlica: Un icono de modernidad y una declaraci\u00f3n de estilo sin parang\u00f3n<\/h3>\n<p>En la siempre cambiante narrativa del dise\u00f1o de interiores, hay piezas de mobiliario que simplemente llenan un \u00e1rea, y despu\u00e9s est\u00e1n las que la especifican. La silla de mesa con respaldo Star de Polymer Chairs Home Internet pertenece claramente a la \u00faltima clasificaci\u00f3n. Es m\u00e1s que un simple asiento; es una afirmaci\u00f3n de preferencia sofisticada, un elemento escult\u00f3rico que se divierte con la luz y el espacio, y un testimonio del poder perdurable del dise\u00f1o famoso. Esta silla es para el individuo exigente que entiende que los objetos con los que lidiamos deben ser tan motivadores como funcionales. Es para el dise\u00f1ador de espacios atractivos, el anfitri\u00f3n de cenas inolvidables y el tranquilo aficionado al estilo cotidiano. Con su apertura a\u00e9rea y su tipo que desaf\u00eda la gravedad, esta silla transforma cualquier tipo de zona de una residencia sencilla en una galer\u00eda curada de la vida moderna. Su posici\u00f3n de \u201cWeb Celeb\u201d no es un accidente; es el resultado org\u00e1nico de un dise\u00f1o tan fotog\u00e9nico, tan vers\u00e1til, tan naturalmente elegante que capta la imaginaci\u00f3n creativa y potencia todos los ambientes que embellece. No se trata s\u00f3lo de muebles; es arte funcional, preparado para infundir a su hogar un soplo de aire fresco y contempor\u00e1neo.<\/p>\n<p><a href=\"http:\/\/https:\/\/customacrylicproduct.com\/acrylic-chairs-home-internet-celebrity-backrest-table-chair\/\"><img fetchpriority=\"high\" decoding=\"async\" class=\"aligncenter wp-image-1146 size-full\" src=\"https:\/\/customacrylicproduct.com\/wp-content\/uploads\/2025\/07\/Acrylic-Chairs.jpg\" alt=\"Sillas acr\u00edlicas\" width=\"800\" height=\"800\" srcset=\"https:\/\/customacrylicproduct.com\/wp-content\/uploads\/2025\/07\/Acrylic-Chairs.jpg 800w, https:\/\/customacrylicproduct.com\/wp-content\/uploads\/2025\/07\/Acrylic-Chairs-300x300.jpg 300w, https:\/\/customacrylicproduct.com\/wp-content\/uploads\/2025\/07\/Acrylic-Chairs-150x150.jpg 150w, https:\/\/customacrylicproduct.com\/wp-content\/uploads\/2025\/07\/Acrylic-Chairs-768x768.jpg 768w, https:\/\/customacrylicproduct.com\/wp-content\/uploads\/2025\/07\/Acrylic-Chairs-600x600.jpg 600w, https:\/\/customacrylicproduct.com\/wp-content\/uploads\/2025\/07\/Acrylic-Chairs-100x100.jpg 100w\" sizes=\"(max-width: 800px) 100vw, 800px\" \/><\/a><\/p>\n<h3 id=\"a-heritage-of-advancement-the-cantilever-form\">Una herencia de progreso: La forma en voladizo<\/h3>\n<p>Para valorar la genialidad de esta silla, primero hay que reconocer su notable \u00e1rbol geneal\u00f3gico. El dise\u00f1o cantilever, que crea la impresi\u00f3n de un asiento flotante, es una de las tecnolog\u00edas m\u00e1s significativas en la historia del mobiliario. Concebida inicialmente en la d\u00e9cada de 1920 por el arquitecto holand\u00e9s Mart Stam, que traz\u00f3 la famosa idea inicial utilizando tuber\u00edas de gas curvadas, la silla cantilever supuso una desviaci\u00f3n extrema de la t\u00edpica estructura de cuatro patas. Este innovador principio fue r\u00e1pidamente acogido y perfeccionado por titanes del movimiento Bauhaus, como Marcel Breuer y Ludwig Mies van der Rohe, cautivados por la idea de utilizar productos comerciales como el acero tubular para fabricar muebles ligeros y s\u00f3lidos.<\/p>\n<p>La silla cantilever, con su caracter\u00edstica base en forma de C, simboliza un concepto crucial de innovaci\u00f3n: la armon\u00eda de forma y funci\u00f3n. El estilo no es s\u00f3lo una selecci\u00f3n visual, sino que proporciona un nivel de confort \u00fanico. El armaz\u00f3n tiene una flexibilidad natural que permite que el asiento se flexione suavemente y reaccione a los movimientos de la persona, una mejora sutil pero significativa con respecto a los dise\u00f1os de sillas r\u00edgidas. Esta silla lleva esa tradici\u00f3n m\u00e1s all\u00e1, combinando la intemporal base en voladizo, fabricada aqu\u00ed mismo en cromo pulido, con un asiento que representa un salto m\u00e1s en el desarrollo del producto. Es un considerado gui\u00f1o al pasado, perfectamente mezclado con la visi\u00f3n de futuro del dise\u00f1o contempor\u00e1neo.<\/p>\n<p><a href=\"http:\/\/https:\/\/customacrylicproduct.com\/acrylic-chairs-home-internet-celebrity-backrest-table-chair\/\"><img decoding=\"async\" class=\"aligncenter wp-image-1145 size-full\" src=\"https:\/\/customacrylicproduct.com\/wp-content\/uploads\/2025\/07\/Acrylic-Chairs-4.jpg\" alt=\"Acr\u00edlico-Sillas\" width=\"800\" height=\"800\" srcset=\"https:\/\/customacrylicproduct.com\/wp-content\/uploads\/2025\/07\/Acrylic-Chairs-4.jpg 800w, https:\/\/customacrylicproduct.com\/wp-content\/uploads\/2025\/07\/Acrylic-Chairs-4-300x300.jpg 300w, https:\/\/customacrylicproduct.com\/wp-content\/uploads\/2025\/07\/Acrylic-Chairs-4-150x150.jpg 150w, https:\/\/customacrylicproduct.com\/wp-content\/uploads\/2025\/07\/Acrylic-Chairs-4-768x768.jpg 768w, https:\/\/customacrylicproduct.com\/wp-content\/uploads\/2025\/07\/Acrylic-Chairs-4-600x600.jpg 600w, https:\/\/customacrylicproduct.com\/wp-content\/uploads\/2025\/07\/Acrylic-Chairs-4-100x100.jpg 100w\" sizes=\"(max-width: 800px) 100vw, 800px\" \/><\/a><\/p>\n<h3 id=\"the-magic-of-polymer-openness-longevity-and-light\">La magia del pol\u00edmero: Apertura, longevidad y luz<\/h3>\n<p>El asiento de esta extraordinaria silla est\u00e1 fabricado con acr\u00edlico de primera calidad, un producto que ha cambiado el dise\u00f1o de los muebles modernos desde que se populariz\u00f3 en los a\u00f1os sesenta. T\u00edpicamente conocido por nombres comerciales como Lucite o Plexiglas, el acr\u00edlico ofrece la inmaculada calidad del cristal sin su fragilidad. Esta transparencia es el rasgo definitorio de la silla y su mejor resistencia visual. Una silla transparente tiene la capacidad \u00fanica de habitar un espacio sin frustrarlo visualmente. Produce una impresi\u00f3n de apertura, haciendo que incluso las zonas m\u00e1s peque\u00f1as parezcan m\u00e1s grandes, m\u00e1s luminosas y m\u00e1s aireadas. La luz del sol y la luz ambiental atraviesan el producto, refract\u00e1ndose y reflej\u00e1ndose en un fascinante juego de luces que anima toda la habitaci\u00f3n.<\/p>\n<p>Pero el atractivo del acr\u00edlico va mucho m\u00e1s all\u00e1 de su elegancia. Es un material extremadamente robusto y sensible, lo que lo hace adecuado para los rigores de la vida cotidiana. A diferencia del cristal, el pol\u00edmero de alta calidad es resistente a las roturas, una caracter\u00edstica vital para un elemento de uso intensivo como una silla de comedor o de oficina. Adem\u00e1s, es mucho m\u00e1s ligero que el cristal, por lo que las sillas son muy f\u00e1ciles de reubicar, reorganizar y adaptar a sus necesidades cambiantes. La superficie no porosa es incre\u00edblemente f\u00e1cil de limpiar y conservar, ya que resiste las manchas y s\u00f3lo necesita una limpieza b\u00e1sica para recuperar su gran brillo. Esta mezcla de encanto et\u00e9reo y practicidad duradera es lo que convierte a la silla acr\u00edlica en una aut\u00e9ntica maravilla contempor\u00e1nea.<\/p>\n<p><a href=\"http:\/\/https:\/\/customacrylicproduct.com\/acrylic-chairs-home-internet-celebrity-backrest-table-chair\/\"><img decoding=\"async\" class=\"aligncenter wp-image-1144 size-full\" src=\"https:\/\/customacrylicproduct.com\/wp-content\/uploads\/2025\/07\/Acrylic-Chairs-3.jpg\" alt=\"\" width=\"800\" height=\"800\" srcset=\"https:\/\/customacrylicproduct.com\/wp-content\/uploads\/2025\/07\/Acrylic-Chairs-3.jpg 800w, https:\/\/customacrylicproduct.com\/wp-content\/uploads\/2025\/07\/Acrylic-Chairs-3-300x300.jpg 300w, https:\/\/customacrylicproduct.com\/wp-content\/uploads\/2025\/07\/Acrylic-Chairs-3-150x150.jpg 150w, https:\/\/customacrylicproduct.com\/wp-content\/uploads\/2025\/07\/Acrylic-Chairs-3-768x768.jpg 768w, https:\/\/customacrylicproduct.com\/wp-content\/uploads\/2025\/07\/Acrylic-Chairs-3-600x600.jpg 600w, https:\/\/customacrylicproduct.com\/wp-content\/uploads\/2025\/07\/Acrylic-Chairs-3-100x100.jpg 100w\" sizes=\"(max-width: 800px) 100vw, 800px\" \/><\/a><\/p>\n<h3 id=\"sculpted-for-convenience-the-functional-designs-of-style\">Esculpidos para la comodidad: Los dise\u00f1os funcionales del estilo<\/h3>\n<p>Uno podr\u00eda suponer err\u00f3neamente que una silla tan llamativa est\u00e9ticamente pondr\u00eda en peligro la comodidad. Sin embargo, una mirada m\u00e1s detallada revela un dise\u00f1o tan ergon\u00f3mico como elegante. La construcci\u00f3n en una sola pieza del asiento y el respaldo permite un tipo l\u00edquido y continuo, cuidadosamente formado para sostener el cuerpo humano.<\/p>\n<p>El respaldo incluye un contorno suave y antropom\u00f3rfico que proporciona una asistencia lumbar esencial, lo que favorece una postura excelente durante largas cenas o sesiones de trabajo. El propio asiento culmina en un borde en \u201ccascada\u201d, un sutil contorno descendente en la parte delantera que elimina la presi\u00f3n en la parte posterior de la parte superior de las piernas, favoreciendo la circulaci\u00f3n y evitando el dolor. Esta cuidada forma ergon\u00f3mica, unida a la peque\u00f1a e indulgente flexi\u00f3n de la base cromada en voladizo, hace que el asiento resulte sorprendentemente c\u00f3modo y \u00fatil. Es una silla desarrollada no s\u00f3lo para ver, sino tambi\u00e9n para vivir.<\/p>\n<h3 id=\"a-chromatic-symphony-curate-your-perfect-scheme\">Una sinfon\u00eda crom\u00e1tica: El esquema perfecto<\/h3>\n<p>Mientras que la variante clara de esta silla utiliza lo supremo en minimalismo elegante, el dise\u00f1o revive absolutamente a trav\u00e9s de su espectacular variedad de opciones de tonos. Cada tono claro se elige muy cuidadosamente para evocar un determinado estado de \u00e1nimo, lo que le permite convertirse en el conservador de su propia \u00e1rea. La colecci\u00f3n de colores disponibles utiliza un sofisticado esquema para expresar su dise\u00f1o \u00fanico.<\/p>\n<p>Imag\u00ednese un juego de comedor compuesto enteramente\u00a0<strong>Gris ahumado\u00a0<\/strong>para dar un toque de dramatismo y sofisticaci\u00f3n. Foto una sola\u00a0<strong>\u00c1mbar\u00a0<\/strong>incluyendo un acogedor resplandor de inspiraci\u00f3n retro a un rinc\u00f3n de lectura acogedor. El sutil y tranquilo\u00a0<strong>Topo\u00a0<\/strong>puede aportar un aire terroso y arraigado a un visual minimalista, mientras que el vivo\u00a0<strong>Amarillo\u00a0<\/strong>infunde un estallido de color atrevido y en\u00e9rgico. Para crear un ambiente relajante e innovador en una oficina en casa o en un tocador, el modelo\u00a0<strong>Teal\u00a0<\/strong>o\u00a0<strong>Lila\u00a0<\/strong>alternativas aportan un garbo \u00fanico e imaginativo.<\/p>\n<p>El atractivo de estas sillas depende de su conveniencia. Puede crear un conjunto uniforme y \u00fanico que busque una declaraci\u00f3n elegante y natural, o puede aceptar un dise\u00f1o m\u00e1s diverso y juguet\u00f3n mezclando y combinando distintos tonos en torno a una mesa solitaria. Este enfoque de \u201cmezclar y combinar\u201d le permite producir un interior vibrante y a medida que es una verdadera representaci\u00f3n de su car\u00e1cter.<\/p>\n<p><a href=\"http:\/\/https:\/\/customacrylicproduct.com\/acrylic-chairs-home-internet-celebrity-backrest-table-chair\/\"><img loading=\"lazy\" decoding=\"async\" class=\"aligncenter wp-image-1143 size-full\" src=\"https:\/\/customacrylicproduct.com\/wp-content\/uploads\/2025\/07\/Acrylic-Chairs-2.jpg\" alt=\"\" width=\"800\" height=\"800\" srcset=\"https:\/\/customacrylicproduct.com\/wp-content\/uploads\/2025\/07\/Acrylic-Chairs-2.jpg 800w, https:\/\/customacrylicproduct.com\/wp-content\/uploads\/2025\/07\/Acrylic-Chairs-2-300x300.jpg 300w, https:\/\/customacrylicproduct.com\/wp-content\/uploads\/2025\/07\/Acrylic-Chairs-2-150x150.jpg 150w, https:\/\/customacrylicproduct.com\/wp-content\/uploads\/2025\/07\/Acrylic-Chairs-2-768x768.jpg 768w, https:\/\/customacrylicproduct.com\/wp-content\/uploads\/2025\/07\/Acrylic-Chairs-2-600x600.jpg 600w, https:\/\/customacrylicproduct.com\/wp-content\/uploads\/2025\/07\/Acrylic-Chairs-2-100x100.jpg 100w\" sizes=\"(max-width: 800px) 100vw, 800px\" \/><\/a><\/p>\n<h3 id=\"the-net-star-a-star-of-the-social-media-site-age\">La \u201cNet Star\u201d: Una estrella de la era de las redes sociales<\/h3>\n<p>En el mundo de la est\u00e9tica actual, el estatus de \u201cWeb Celeb\u201d de un dise\u00f1o es un poderoso indicador de su atractivo visual. Esta silla es una estrella natural. Sus l\u00edneas ordenadas, su tipo especial y su comunicaci\u00f3n con la luz la hacen extremadamente fotog\u00e9nica. Ha terminado siendo una de las preferidas entre los dise\u00f1adores de interiores, los influenciadores del estilo del hogar y los propietarios preocupados por el estilo que muestran sus habitaciones en sistemas como Instagram y Pinterest.<\/p>\n<p>El atractivo de la silla radica en su capacidad para realzar una imagen, no para controlarla. Su transparencia permite que el resto de la decoraci\u00f3n de la zona -una bonita mesa, una alfombra, una obra de arte- irradie a trav\u00e9s de ella. Incluye una capa de elegancia en el dise\u00f1o y una tasa de inter\u00e9s est\u00e9tico sin producir desorden. En un mundo en el que el hogar se ha convertido en un lienzo primordial para la autoexpresi\u00f3n, la silla Polymer Cantilever es el dispositivo perfecto para desarrollar momentos dignos de revista y compartibles.<\/p>\n<h3 id=\"unrivaled-adaptability-a-chair-for-every-single-area\">Adaptabilidad sin igual: Una silla para cada \u00e1rea<\/h3>\n<p>Aunque se adapta a la perfecci\u00f3n como silla de comedor, su sofisticado dise\u00f1o y sus funciones funcionales hacen que sea extremadamente funcional, eficaz para dinamizar cualquier estancia de su casa u oficina.<\/p>\n<ul>\n<li><strong>En el comedor:\u00a0<\/strong>Como silla de comedor, aporta una sensaci\u00f3n de acontecimiento a cada comida. Su ligereza visual, que ahorra espacio, la hace ideal tanto para grandes comedores como para rincones de cocina a\u00fan m\u00e1s compactos.<\/li>\n<li><strong>En el Ministerio del Interior:\u00a0<\/strong>Cambie una silla de oficina grande y poco interesante por esta opci\u00f3n aerodin\u00e1mica. Proporciona un apoyo ergon\u00f3mico al tiempo que conserva un aspecto especializado y limpio, convirtiendo su oficina en un centro de pensamiento creativo.<\/li>\n<li><strong>En el Vanity:\u00a0<\/strong>Colocado delante de una mesa de ropa o en un vestidor, incluye un toque de glamour y sofisticaci\u00f3n, desarrollando un lugar elegante para planificar el d\u00eda.<\/li>\n<li><strong>Como silla de centro:\u00a0<\/strong>Una silla solitaria puede funcionar como un sensacional elemento escult\u00f3rico en un rinc\u00f3n del sal\u00f3n, una entrada o un dormitorio. Proporciona pr\u00e1cticos asientos adicionales al tiempo que funciona como una pieza de arte.<\/li>\n<li><strong>En espacios comerciales:\u00a0<\/strong>La combinaci\u00f3n de estilo y longevidad de esta silla la convierte en una opci\u00f3n excelente para espacios comerciales de dise\u00f1o, como cafeter\u00edas elegantes, boutiques modernas, \u00e1reas funcionales y empresas creativas.<\/li>\n<\/ul>\n<p>Esta silla es m\u00e1s que una pieza de mobiliario; es una inversi\u00f3n con estilo, un gui\u00f1o para crear fondo y una herramienta flexible para la vida moderna. Es un acontecimiento de luz, amabilidad y color, listo para transformar su espacio e inspirar su vida. D\u00e9 la bienvenida a la claridad, la comodidad y el indiscutible carisma de la silla Polymer Cantilever y deje que su hogar brille.<\/p>","protected":false},"excerpt":{"rendered":"<p class=\"ng-star-inserted\"><span class=\"ng-star-inserted\">Eleve su hogar con la silla Toyas, la favorita de las celebridades de Internet. Esta moderna silla de sobremesa cuenta con un elegante respaldo transparente y una elegante base cromada en voladizo. Su dise\u00f1o minimalista aporta un toque de elegancia contempor\u00e1nea a cualquier habitaci\u00f3n. Perfecta para comer o como elegante elemento decorativo.<\/span><\/p>","protected":false},"featured_media":1146,"template":"","meta":{"_kad_post_transparent":"default","_kad_post_title":"","_kad_post_layout":"default","_kad_post_sidebar_id":"","_kad_post_content_style":"default","_kad_post_vertical_padding":"default","_kad_post_feature":"","_kad_post_feature_position":"","_kad_post_header":false,"_kad_post_footer":false,"_kad_post_classname":""},"product_brand":[],"product_cat":[21],"product_tag":[106,69],"class_list":{"0":"post-1136","1":"product","2":"type-product","3":"status-publish","4":"has-post-thumbnail","6":"product_cat-custom-acrylic-furnitures","7":"product_tag-acrylic-chairs","8":"product_tag-custom-acrylic-furnitures","10":"first","11":"instock","12":"shipping-taxable","13":"product-type-simple","14":"entry","15":"content-bg","16":"loop-entry"},"_links":{"self":[{"href":"https:\/\/customacrylicproduct.com\/es\/wp-json\/wp\/v2\/product\/1136","targetHints":{"allow":["GET"]}}],"collection":[{"href":"https:\/\/customacrylicproduct.com\/es\/wp-json\/wp\/v2\/product"}],"about":[{"href":"https:\/\/customacrylicproduct.com\/es\/wp-json\/wp\/v2\/types\/product"}],"wp:featuredmedia":[{"embeddable":true,"href":"https:\/\/customacrylicproduct.com\/es\/wp-json\/wp\/v2\/media\/1146"}],"wp:attachment":[{"href":"https:\/\/customacrylicproduct.com\/es\/wp-json\/wp\/v2\/media?parent=1136"}],"wp:term":[{"taxonomy":"product_brand","embeddable":true,"href":"https:\/\/customacrylicproduct.com\/es\/wp-json\/wp\/v2\/product_brand?post=1136"},{"taxonomy":"product_cat","embeddable":true,"href":"https:\/\/customacrylicproduct.com\/es\/wp-json\/wp\/v2\/product_cat?post=1136"},{"taxonomy":"product_tag","embeddable":true,"href":"https:\/\/customacrylicproduct.com\/es\/wp-json\/wp\/v2\/product_tag?post=1136"}],"curies":[{"name":"wp","href":"https:\/\/api.w.org\/{rel}","templated":true}]}}