{"id":1148,"date":"2025-07-17T09:17:13","date_gmt":"2025-07-17T09:17:13","guid":{"rendered":"https:\/\/customacrylicproduct.com\/?post_type=product&#038;p=1148"},"modified":"2025-07-18T03:59:47","modified_gmt":"2025-07-18T03:59:47","slug":"custom-acrylic-tray-living-room-club-decoration-water-cup","status":"publish","type":"product","link":"https:\/\/customacrylicproduct.com\/es\/custom-acrylic-tray-living-room-club-decoration-water-cup\/","title":{"rendered":"Bandeja de acr\u00edlico personalizada Sala de estar Club Decoraci\u00f3n Vaso de agua"},"content":{"rendered":"<h3 id=\"-the-significance-of-modern-clearness-the-versatile-polymer-tray-\"><strong>El significado de la claridad moderna: La vers\u00e1til bandeja de pol\u00edmeros<\/strong><\/h3>\n<p>En la b\u00fasqueda de una vida innovadora, una de las piezas m\u00e1s impactantes suelen ser aquellas que murmuran en lugar de gritar. Ofrecemos el aspecto perfecto del estilo moderno: la bandeja de pol\u00edmero transparente. No se trata simplemente de un artefacto, sino de una herramienta de estilo funcional, una escultura funcional creada para aportar una sensaci\u00f3n de orden, luz y discreci\u00f3n a cualquier tipo de habitaci\u00f3n. Desde la calma de un sal\u00f3n hasta el poder vibrante de un club de lujo, esta bandeja es un testimonio del poder cl\u00e1sico del dise\u00f1o minimalista.<\/p>\n<p><img fetchpriority=\"high\" decoding=\"async\" class=\"size-full wp-image-1152 aligncenter\" src=\"https:\/\/customacrylicproduct.com\/wp-content\/uploads\/2025\/07\/acrylic-tray-4.jpg\" alt=\"bandeja acr\u00edlica\" width=\"800\" height=\"800\" srcset=\"https:\/\/customacrylicproduct.com\/wp-content\/uploads\/2025\/07\/acrylic-tray-4.jpg 800w, https:\/\/customacrylicproduct.com\/wp-content\/uploads\/2025\/07\/acrylic-tray-4-300x300.jpg 300w, https:\/\/customacrylicproduct.com\/wp-content\/uploads\/2025\/07\/acrylic-tray-4-150x150.jpg 150w, https:\/\/customacrylicproduct.com\/wp-content\/uploads\/2025\/07\/acrylic-tray-4-768x768.jpg 768w, https:\/\/customacrylicproduct.com\/wp-content\/uploads\/2025\/07\/acrylic-tray-4-600x600.jpg 600w, https:\/\/customacrylicproduct.com\/wp-content\/uploads\/2025\/07\/acrylic-tray-4-100x100.jpg 100w\" sizes=\"(max-width: 800px) 100vw, 800px\" \/><\/p>\n<p><strong>Un estudio de forma y funci\u00f3n impecables<\/strong><\/p>\n<p>A primera vista, su atractivo reside en su sencillez. La bandeja incluye una silueta ordenada, rectangular con lados elevados, desarrollando un espacio tenido y deliberado. Sin embargo, una mirada m\u00e1s de cerca, como se expone en las im\u00e1genes completas, muestra una dedicaci\u00f3n a la mano de obra superior.<\/p>\n<ul>\n<li><strong>Material impecable:\u00a0<\/strong>Fabricada con acr\u00edlico de alta densidad, esta bandeja hace gala de una fant\u00e1stica claridad, similar a la del cristal, sin la fragilidad y el peso inherentes a \u00e9ste. Sus notables propiedades de transmisi\u00f3n de la luz le permiten casi desaparecer, produciendo un et\u00e9reo efecto de \u201cderiva\u201d de las cosas que contiene. Esta transparencia garantiza que nunca desentonar\u00e1 con su estilo, sino que lo realzar\u00e1, permitiendo que brille la apariencia de su mesa de centro de madera, la abundante sombra de su otomana o la elegancia de su encimera de m\u00e1rmol.<\/li>\n<li><strong>Hechos de estilo reflexivos:\u00a0<\/strong>La capacidad est\u00e1 entretejida en su propia naturaleza. Las asas no son una ocurrencia tard\u00eda, sino que est\u00e1n perfectamente integradas y cortadas con precisi\u00f3n en los laterales. Sus lados suaves y redondeados proporcionan una sujeci\u00f3n c\u00f3moda y protegida, facilitando el transporte y aportando estilo. Los bordes se han unido h\u00e1bilmente para que pasen pr\u00e1cticamente desapercibidos, dando lugar a un sistema \u00fanico y natural que es excepcionalmente resistente y muy f\u00e1cil de limpiar, sin huecos en los que se acumule el polvo o los derrames. Como toque final de esmerada ingenier\u00eda, en la base se han colocado unos discret\u00edsimos pies de silicona antideslizantes. Estos peque\u00f1os topes evitan el deslizamiento sobre superficies lisas y protegen la bandeja y sus muebles desde el primer momento.<\/li>\n<\/ul>\n<p><strong>Un lienzo para su vida: Comodidad sin igual<\/strong><\/p>\n<p>La verdadera brillantez de esta bandeja acr\u00edlica reside en su infinita adaptabilidad. Su est\u00e9tica limpia y su naturaleza duradera la convierten en el remedio perfecto para una impresionante variedad de aplicaciones, pasando sin esfuerzo de una funci\u00f3n a otra y de un espacio a otro.<\/p>\n<p><img decoding=\"async\" class=\"size-full wp-image-1151 aligncenter\" src=\"https:\/\/customacrylicproduct.com\/wp-content\/uploads\/2025\/07\/acrylic-tray-3.jpg\" alt=\"bandeja acr\u00edlica\" width=\"800\" height=\"800\" srcset=\"https:\/\/customacrylicproduct.com\/wp-content\/uploads\/2025\/07\/acrylic-tray-3.jpg 800w, https:\/\/customacrylicproduct.com\/wp-content\/uploads\/2025\/07\/acrylic-tray-3-300x300.jpg 300w, https:\/\/customacrylicproduct.com\/wp-content\/uploads\/2025\/07\/acrylic-tray-3-150x150.jpg 150w, https:\/\/customacrylicproduct.com\/wp-content\/uploads\/2025\/07\/acrylic-tray-3-768x768.jpg 768w, https:\/\/customacrylicproduct.com\/wp-content\/uploads\/2025\/07\/acrylic-tray-3-600x600.jpg 600w, https:\/\/customacrylicproduct.com\/wp-content\/uploads\/2025\/07\/acrylic-tray-3-100x100.jpg 100w\" sizes=\"(max-width: 800px) 100vw, 800px\" \/><\/p>\n<p><strong>Para el hogar criado:\u00a0<\/strong>.<\/p>\n<ul>\n<li><strong>Centro de mesa:\u00a0<\/strong>Convierta su mesa de centro o su reposapi\u00e9s en un expositor. Util\u00edcelo para anclar su hogar, confinando con elegancia los mandos de los pulsadores, las monta\u00f1as rusas, una vela favorita y un peque\u00f1o florero de flores. Aporta compa\u00f1\u00eda instant\u00e1nea y un aspecto refinado digno de una revista.<\/li>\n<li><strong>El artista es necesario:\u00a0<\/strong>Como bandeja de ofrendas, es inigualable. Presente bebidas alcoh\u00f3licas, un recipiente de vino blanco y copas, o un surtido de aperitivos a sus visitantes con gracia y dise\u00f1o. Sus bordes elevados evitan todo tipo de posibles derrames, y su ligereza hace que servir sea un juego de ni\u00f1os. Util\u00edcelo en un carrito de bar para disponer sus mejores licores y copas, permitiendo que brillen los ricos matices de los l\u00edquidos.<\/li>\n<li><strong>Organizador del refugio:\u00a0<\/strong>Lleve la serenidad de un spa a su cuarto de ba\u00f1o o tocador. Organice perfumes, productos de cuidado de la piel, maquillaje o productos b\u00e1sicos de aseo personal en su impecable superficie. El acr\u00edlico resistente al agua protege la encimera a la vez que crea una pantalla elegante y organizada para sus rituales diarios.<\/li>\n<li><strong>La bandeja de trabajo moderna:\u00a0<\/strong>Desh\u00e1gase del desorden de su oficina en casa. Organice blocs de notas, bol\u00edgrafos y otros elementos esenciales para crear una oficina limpia y concentrada que inspire productividad y calidad de pensamiento.<\/li>\n<\/ul>\n<p><strong>Para espacios especializados e industriales:<\/strong><\/p>\n<ul>\n<li><strong>Clubes y salones:\u00a0<\/strong>Esta bandeja es la encarnaci\u00f3n de la soluci\u00f3n sofisticada. Es la mejor plataforma para la soluci\u00f3n de botellas VIP, presentando licores y cristaler\u00eda de primera calidad con un aire de exclusividad. Para los camareros, es \u00f3ptima para suministrar una ronda de jarras de agua o c\u00f3cteles artesanales, manteniendo una est\u00e9tica elegante y profesional.<\/li>\n<li><strong>Hoteles de lujo:\u00a0<\/strong>Impulsa la experiencia en la habitaci\u00f3n utilizando la bandeja para presentar las instalaciones de bienvenida, para el env\u00edo de soluciones de \u00e1rea o para disponer art\u00edculos de aseo de gama alta en la ducha. Conecta un requisito de m\u00e1xima calidad e inter\u00e9s a la informaci\u00f3n.<\/li>\n<li><strong>Minoristas y salas de exposici\u00f3n:\u00a0<\/strong>En una tienda o galer\u00eda, la bandeja viene a ser un elevador de exposici\u00f3n minimalista. Puede destacar la bisuter\u00eda fina, los cosm\u00e9ticos de lujo u otros art\u00edculos de valor sin desviar la atenci\u00f3n del producto en s\u00ed, convirti\u00e9ndolo en la estrella del espect\u00e1culo.<\/li>\n<\/ul>\n<p><img decoding=\"async\" class=\"size-full wp-image-1150 aligncenter\" src=\"https:\/\/customacrylicproduct.com\/wp-content\/uploads\/2025\/07\/acrylic-tray-2.jpg\" alt=\"bandeja acr\u00edlica\" width=\"800\" height=\"800\" srcset=\"https:\/\/customacrylicproduct.com\/wp-content\/uploads\/2025\/07\/acrylic-tray-2.jpg 800w, https:\/\/customacrylicproduct.com\/wp-content\/uploads\/2025\/07\/acrylic-tray-2-300x300.jpg 300w, https:\/\/customacrylicproduct.com\/wp-content\/uploads\/2025\/07\/acrylic-tray-2-150x150.jpg 150w, https:\/\/customacrylicproduct.com\/wp-content\/uploads\/2025\/07\/acrylic-tray-2-768x768.jpg 768w, https:\/\/customacrylicproduct.com\/wp-content\/uploads\/2025\/07\/acrylic-tray-2-600x600.jpg 600w, https:\/\/customacrylicproduct.com\/wp-content\/uploads\/2025\/07\/acrylic-tray-2-100x100.jpg 100w\" sizes=\"(max-width: 800px) 100vw, 800px\" \/><\/p>\n<p><strong>La alternativa para un toque individual<\/strong><\/p>\n<p>Para satisfacer los requisitos particulares de su hogar o marca, esta bandeja puede personalizarse. Tanto si necesita medidas a medida para adaptarse a un mueble determinado como si desea a\u00f1adir un logotipo o monograma sutil grabado con l\u00e1ser para dar un toque empresarial o personal, podemos desarrollar una pieza que sea inconfundiblemente suya.<\/p>\n<p><strong>Belleza a largo plazo y tratamiento sencillo<\/strong><\/p>\n<p>Mantener la deslumbrante claridad de la bandeja es sencillo. Una limpieza delicada con una toalla suave y no abrasiva (como las de microfibra) y un poco de jab\u00f3n suave y agua es todo lo que se necesita para mantenerla bonita. Evite los limpiadores qu\u00edmicos fuertes y los productos desagradables para garantizar que su acabado luminiscente resista durante a\u00f1os.<\/p>\n<p>La bandeja de pol\u00edmero transparente es m\u00e1s que un objeto: es una inversi\u00f3n en estilo, orden y sofisticaci\u00f3n. Es un objeto silencioso y seguro de s\u00ed mismo que mejora cualquier tipo de ambiente que adorne, confirmando que el verdadero lujo depende de un dise\u00f1o mejor, sencillo y pr\u00e1ctico. Mejore su habitaci\u00f3n hoy mismo.<\/p>","protected":false},"excerpt":{"rendered":"<p class=\"ng-star-inserted\"><span class=\"ng-star-inserted\">Eleve su espacio con esta impresionante bandeja acr\u00edlica cristalina. Su dise\u00f1o minimalista es perfecto para servir a los invitados, organizar su tocador, o como una base decorativa chic en cualquier sala de estar o club. Cuenta con elegantes asas integradas para un estilo y portabilidad sin esfuerzo.<\/span><\/p>","protected":false},"featured_media":1149,"template":"","meta":{"_kad_post_transparent":"default","_kad_post_title":"","_kad_post_layout":"default","_kad_post_sidebar_id":"","_kad_post_content_style":"default","_kad_post_vertical_padding":"default","_kad_post_feature":"","_kad_post_feature_position":"","_kad_post_header":false,"_kad_post_footer":false,"_kad_post_classname":""},"product_brand":[],"product_cat":[22],"product_tag":[118],"class_list":{"0":"post-1148","1":"product","2":"type-product","3":"status-publish","4":"has-post-thumbnail","6":"product_cat-custom-acrylic-trays","7":"product_tag-custom-acrylic-tray","9":"first","10":"instock","11":"shipping-taxable","12":"product-type-simple","13":"entry","14":"content-bg","15":"loop-entry"},"_links":{"self":[{"href":"https:\/\/customacrylicproduct.com\/es\/wp-json\/wp\/v2\/product\/1148","targetHints":{"allow":["GET"]}}],"collection":[{"href":"https:\/\/customacrylicproduct.com\/es\/wp-json\/wp\/v2\/product"}],"about":[{"href":"https:\/\/customacrylicproduct.com\/es\/wp-json\/wp\/v2\/types\/product"}],"wp:featuredmedia":[{"embeddable":true,"href":"https:\/\/customacrylicproduct.com\/es\/wp-json\/wp\/v2\/media\/1149"}],"wp:attachment":[{"href":"https:\/\/customacrylicproduct.com\/es\/wp-json\/wp\/v2\/media?parent=1148"}],"wp:term":[{"taxonomy":"product_brand","embeddable":true,"href":"https:\/\/customacrylicproduct.com\/es\/wp-json\/wp\/v2\/product_brand?post=1148"},{"taxonomy":"product_cat","embeddable":true,"href":"https:\/\/customacrylicproduct.com\/es\/wp-json\/wp\/v2\/product_cat?post=1148"},{"taxonomy":"product_tag","embeddable":true,"href":"https:\/\/customacrylicproduct.com\/es\/wp-json\/wp\/v2\/product_tag?post=1148"}],"curies":[{"name":"wp","href":"https:\/\/api.w.org\/{rel}","templated":true}]}}