{"id":1154,"date":"2025-07-17T10:35:45","date_gmt":"2025-07-17T10:35:45","guid":{"rendered":"https:\/\/customacrylicproduct.com\/?post_type=product&#038;p=1154"},"modified":"2025-07-18T04:03:57","modified_gmt":"2025-07-18T04:03:57","slug":"acrylic-tray-octagonal-storage-box-with-gold-handle","status":"publish","type":"product","link":"https:\/\/customacrylicproduct.com\/es\/acrylic-tray-octagonal-storage-box-with-gold-handle\/","title":{"rendered":"Bandeja acr\u00edlica Caja de almacenaje octogonal con asa dorada"},"content":{"rendered":"<h3 id=\"raise-the-everyday-the-octagonal-polymer-tray-with-gold-deals-with\">Elevar lo cotidiano: La Bandeja Octogonal de Pol\u00edmero con Tratos de Oro<\/h3>\n<p>En el arte de crear un hogar, la belleza se descubre en los detalles. Est\u00e1 en la elecci\u00f3n deliberada de objetos que no s\u00f3lo son impresionantes, sino que adem\u00e1s aportan una sensaci\u00f3n de orden y aplomo a nuestras vidas. Presentamos nuestra bandeja acr\u00edlica octogonal con asas doradas, una magn\u00edfica fusi\u00f3n de dise\u00f1o contempor\u00e1neo y utilidad atemporal, creada para transformar cualquier superficie en una pantalla de exposici\u00f3n de gusto impecable. Esto es m\u00e1s que una bandeja; es un art\u00edculo de declaraci\u00f3n, un organizador vers\u00e1til, y un dispositivo crucial para la vida sofisticada.<\/p>\n<p><img fetchpriority=\"high\" decoding=\"async\" class=\"aligncenter wp-image-1158 size-large\" src=\"https:\/\/customacrylicproduct.com\/wp-content\/uploads\/2025\/07\/\u4e3b\u56fe05-1024x1024.jpg\" alt=\"\" width=\"1024\" height=\"1024\" srcset=\"https:\/\/customacrylicproduct.com\/wp-content\/uploads\/2025\/07\/\u4e3b\u56fe05-1024x1024.jpg 1024w, https:\/\/customacrylicproduct.com\/wp-content\/uploads\/2025\/07\/\u4e3b\u56fe05-300x300.jpg 300w, https:\/\/customacrylicproduct.com\/wp-content\/uploads\/2025\/07\/\u4e3b\u56fe05-150x150.jpg 150w, https:\/\/customacrylicproduct.com\/wp-content\/uploads\/2025\/07\/\u4e3b\u56fe05-768x768.jpg 768w, https:\/\/customacrylicproduct.com\/wp-content\/uploads\/2025\/07\/\u4e3b\u56fe05-1536x1536.jpg 1536w, https:\/\/customacrylicproduct.com\/wp-content\/uploads\/2025\/07\/\u4e3b\u56fe05-600x600.jpg 600w, https:\/\/customacrylicproduct.com\/wp-content\/uploads\/2025\/07\/\u4e3b\u56fe05-100x100.jpg 100w, https:\/\/customacrylicproduct.com\/wp-content\/uploads\/2025\/07\/\u4e3b\u56fe05.jpg 1600w\" sizes=\"(max-width: 1024px) 100vw, 1024px\" \/><\/p>\n<p><strong>Un dise\u00f1o que cautiva<\/strong><\/p>\n<p>En el coraz\u00f3n del encanto de esta bandeja se encuentra su especial forma octogonal. M\u00e1s all\u00e1 de lo tradicional, esta silueta de ocho lados es una investigaci\u00f3n en armon\u00eda geom\u00e9trica. Cada faceta capta y refleja la luz, desarrollando un brillo refinado y din\u00e1mico que atrae la mirada. Su forma es m\u00e1s suave y acogedora que la de un cuadrado austero, pero mucho m\u00e1s estructurada e intencionada que la de un c\u00edrculo sencillo, lo que le permite integrarse perfectamente en una amplia gama de estilos decorativos, desde el minimalista y el contempor\u00e1neo hasta el Art D\u00e9co y el glamour. Funciona como el mejor apoyo visual, definiendo una habitaci\u00f3n sin frustrarla.<\/p>\n<p><strong>La elegancia de una nitidez impecable<\/strong><\/p>\n<p>El cuerpo de la bandeja est\u00e1 construido a partir de una \u00fanica pieza de acr\u00edlico de alta calidad, abrillantado hasta conseguir un revestimiento perfecto y cristalino. Esta opci\u00f3n de material aprovecha la excelente transparencia del cristal sin su fragilidad y peso. El resultado es una bandeja duradera y ligera que es a la vez bella y \u00fatil. Su cualidad de \u201capenas existir\u201d permite que la estructura y el tono de la superficie que se encuentra debajo -ya sea una rica madera, un asombroso m\u00e1rmol o una manteler\u00eda de cama- se trasluzcan, evitando el desorden visual. Los objetos que coloques en su interior flotar\u00e1n, con sus colores y tipos realzados, transformando una colecci\u00f3n b\u00e1sica de productos en una elegante vi\u00f1eta.<\/p>\n<p><img decoding=\"async\" class=\"aligncenter wp-image-1157 size-large\" src=\"https:\/\/customacrylicproduct.com\/wp-content\/uploads\/2025\/07\/\u4e3b\u56fe04-\u526f\u672c-1024x1024.jpg\" alt=\"\" width=\"1024\" height=\"1024\" srcset=\"https:\/\/customacrylicproduct.com\/wp-content\/uploads\/2025\/07\/\u4e3b\u56fe04-\u526f\u672c-1024x1024.jpg 1024w, https:\/\/customacrylicproduct.com\/wp-content\/uploads\/2025\/07\/\u4e3b\u56fe04-\u526f\u672c-300x300.jpg 300w, https:\/\/customacrylicproduct.com\/wp-content\/uploads\/2025\/07\/\u4e3b\u56fe04-\u526f\u672c-150x150.jpg 150w, https:\/\/customacrylicproduct.com\/wp-content\/uploads\/2025\/07\/\u4e3b\u56fe04-\u526f\u672c-768x768.jpg 768w, https:\/\/customacrylicproduct.com\/wp-content\/uploads\/2025\/07\/\u4e3b\u56fe04-\u526f\u672c-1536x1536.jpg 1536w, https:\/\/customacrylicproduct.com\/wp-content\/uploads\/2025\/07\/\u4e3b\u56fe04-\u526f\u672c-600x600.jpg 600w, https:\/\/customacrylicproduct.com\/wp-content\/uploads\/2025\/07\/\u4e3b\u56fe04-\u526f\u672c-100x100.jpg 100w, https:\/\/customacrylicproduct.com\/wp-content\/uploads\/2025\/07\/\u4e3b\u56fe04-\u526f\u672c.jpg 1920w\" sizes=\"(max-width: 1024px) 100vw, 1024px\" \/><\/p>\n<p><strong>Un toque de calidez avanzada<\/strong><\/p>\n<p>Un fant\u00e1stico contraste con la asombrosa claridad del acr\u00edlico son las dos asas minimalistas y estilizadas. Creadas a partir de metal macizo y acabadas en un acogedor oro peinado, presentan un componente de lujoso refinamiento. El acabado satinado muestra una sofisticaci\u00f3n contempor\u00e1nea, manteni\u00e9ndose alejado de la ostentaci\u00f3n de un pulido de alto brillo. Estos asideros no son s\u00f3lo ornamentales; est\u00e1n dise\u00f1ados ergon\u00f3micamente para un agarre c\u00f3modo y seguro, facilitando el transporte desde el caf\u00e9 de la ma\u00f1ana hasta los c\u00f3cteles de la noche. Esta excelente relaci\u00f3n marital de asombroso acr\u00edlico y c\u00e1lido metal desarrolla un asombroso equilibrio est\u00e9tico y t\u00e1ctil.<\/p>\n<p><img decoding=\"async\" class=\"aligncenter wp-image-1156 size-large\" src=\"https:\/\/customacrylicproduct.com\/wp-content\/uploads\/2025\/07\/\u4e3b\u56fe03-\u526f\u672c-1024x1024.jpg\" alt=\"\" width=\"1024\" height=\"1024\" srcset=\"https:\/\/customacrylicproduct.com\/wp-content\/uploads\/2025\/07\/\u4e3b\u56fe03-\u526f\u672c-1024x1024.jpg 1024w, https:\/\/customacrylicproduct.com\/wp-content\/uploads\/2025\/07\/\u4e3b\u56fe03-\u526f\u672c-300x300.jpg 300w, https:\/\/customacrylicproduct.com\/wp-content\/uploads\/2025\/07\/\u4e3b\u56fe03-\u526f\u672c-150x150.jpg 150w, https:\/\/customacrylicproduct.com\/wp-content\/uploads\/2025\/07\/\u4e3b\u56fe03-\u526f\u672c-768x768.jpg 768w, https:\/\/customacrylicproduct.com\/wp-content\/uploads\/2025\/07\/\u4e3b\u56fe03-\u526f\u672c-1536x1536.jpg 1536w, https:\/\/customacrylicproduct.com\/wp-content\/uploads\/2025\/07\/\u4e3b\u56fe03-\u526f\u672c-600x600.jpg 600w, https:\/\/customacrylicproduct.com\/wp-content\/uploads\/2025\/07\/\u4e3b\u56fe03-\u526f\u672c-100x100.jpg 100w, https:\/\/customacrylicproduct.com\/wp-content\/uploads\/2025\/07\/\u4e3b\u56fe03-\u526f\u672c.jpg 1920w\" sizes=\"(max-width: 1024px) 100vw, 1024px\" \/><\/p>\n<p><strong>Versatilidad redefinida: Una bandeja para cada espacio<\/strong><\/p>\n<p>El verdadero brillo de esta bandeja octogonal radica en sus ilimitadas posibilidades. Su elegante dise\u00f1o y su funcionalidad la convierten en un elemento esencial para cualquier espacio de su hogar.<\/p>\n<ul>\n<li><strong>Para la zona de estar:\u00a0<\/strong>Despeja inmediatamente y dise\u00f1a tu mesa de centro o reposapi\u00e9s. Util\u00edzala para crear un sofisticado punto focal con velas, un peque\u00f1o jarr\u00f3n de flores y tus publicaciones de arte favoritas. Es el punto de aterrizaje de tres puntos para los mandos a distancia, manteniendo su espacio de vida limpio y elegante.<\/li>\n<li><strong>Sobre el tocador o la c\u00f3moda:\u00a0<\/strong>Transforme su r\u00e9gimen diario en una lujosa rutina. Organice sus perfumes, productos de cuidado de la piel, maquillaje y joyas en un sensacional expositor. Los lados transparentes le permiten ver todo de un vistazo, mientras que la bandeja protege las superficies de sus muebles a la moda.<\/li>\n<li><strong>Como elegante pieza de raci\u00f3n:\u00a0<\/strong>Impresione a sus visitas sirviendo bebidas y aperitivos en esta impresionante bandeja. Los laterales aumentados mantienen todo a salvo, y las fuertes asas hacen que el transporte de la cocina a las visitas sea pan comido. Es un toque b\u00e1sico que realza cualquier tipo de reuni\u00f3n.<\/li>\n<li><strong>En el Ministerio del Interior:\u00a0<\/strong>Aporte orden e inspiraci\u00f3n a su espacio de trabajo. Util\u00edzalo para organizar los accesorios vitales de la mesa de trabajo, como bol\u00edgrafos, blocs de notas y el tel\u00e9fono, para crear una zona marcada que reduzca el desorden y mejore la concentraci\u00f3n.<\/li>\n<li><strong>En la entrada:\u00a0<\/strong>Cause una impresi\u00f3n extraordinaria. Colocada en una consola, sirve como elegante caj\u00f3n de sastre para llaves, correo y gafas de sol, garantizando una entrada organizada y acogedora.<\/li>\n<\/ul>\n<p><strong>El regalo perfecto del dise\u00f1o<\/strong><\/p>\n<p>\u00bfBusca un regalo considerado para un estreno de casa, una boda, un cumplea\u00f1os o para esa persona que tiene de todo? Esta bandeja acr\u00edlica octogonal es una excelente elecci\u00f3n. Es un regalo de encanto, funcionalidad y organizaci\u00f3n: un art\u00edculo atemporal que cualquier persona con buen ojo para el estilo valorar\u00e1 y apreciar\u00e1.<\/p>\n<p>Fabricada prestando especial atenci\u00f3n a la informaci\u00f3n y desarrollada para ofrecer una belleza duradera, esta bandeja es muy f\u00e1cil de cuidar: basta con limpiarla con un pa\u00f1o suave y h\u00famedo.<\/p>\n<p>Descubra el objeto que lo hace todo. La bandeja octogonal de pol\u00edmero con detalles dorados es una invitaci\u00f3n a decorar su vida con estilo, organizarla con objetividad y elevar el encanto de sus minutos cotidianos.<\/p>","protected":false},"excerpt":{"rendered":"<p class=\"ng-star-inserted\"><strong class=\"ng-star-inserted\"><span class=\"ng-star-inserted\">Opci\u00f3n 1:<\/span><\/strong><br class=\"ng-star-inserted\" \/><span class=\"ng-star-inserted\">Elegante bandeja acr\u00edlica octogonal con elegantes asas doradas. Una pieza moderna y vers\u00e1til para servir, exponer u organizar el tocador con estilo.<\/span><\/p>\n<p class=\"ng-star-inserted\"><strong class=\"ng-star-inserted\"><span class=\"ng-star-inserted\">Opci\u00f3n 2:<\/span><\/strong><br class=\"ng-star-inserted\" \/><span class=\"ng-star-inserted\">\u00a1Sirve y organiza con estilo! Esta bandeja octogonal transparente con asas doradas a\u00f1ade un toque sofisticado y moderno a cualquier mesa de centro o escritorio.<\/span><\/p>\n<p class=\"ng-star-inserted\"><strong class=\"ng-star-inserted\"><span class=\"ng-star-inserted\">Opci\u00f3n 3:<\/span><\/strong><br class=\"ng-star-inserted\" \/><span class=\"ng-star-inserted\">Una impresionante y moderna bandeja octogonal de acr\u00edlico transparente con llamativas asas doradas. Perfecta para exponer decoraci\u00f3n, servir bebidas u organizar art\u00edculos de primera necesidad.<\/span><\/p>","protected":false},"featured_media":1158,"template":"","meta":{"_kad_post_transparent":"default","_kad_post_title":"","_kad_post_layout":"default","_kad_post_sidebar_id":"","_kad_post_content_style":"default","_kad_post_vertical_padding":"default","_kad_post_feature":"","_kad_post_feature_position":"","_kad_post_header":false,"_kad_post_footer":false,"_kad_post_classname":""},"product_brand":[],"product_cat":[22],"product_tag":[125],"class_list":{"0":"post-1154","1":"product","2":"type-product","3":"status-publish","4":"has-post-thumbnail","6":"product_cat-custom-acrylic-trays","7":"product_tag-acrylic-tray","9":"first","10":"instock","11":"shipping-taxable","12":"product-type-simple","13":"entry","14":"content-bg","15":"loop-entry"},"_links":{"self":[{"href":"https:\/\/customacrylicproduct.com\/es\/wp-json\/wp\/v2\/product\/1154","targetHints":{"allow":["GET"]}}],"collection":[{"href":"https:\/\/customacrylicproduct.com\/es\/wp-json\/wp\/v2\/product"}],"about":[{"href":"https:\/\/customacrylicproduct.com\/es\/wp-json\/wp\/v2\/types\/product"}],"wp:featuredmedia":[{"embeddable":true,"href":"https:\/\/customacrylicproduct.com\/es\/wp-json\/wp\/v2\/media\/1158"}],"wp:attachment":[{"href":"https:\/\/customacrylicproduct.com\/es\/wp-json\/wp\/v2\/media?parent=1154"}],"wp:term":[{"taxonomy":"product_brand","embeddable":true,"href":"https:\/\/customacrylicproduct.com\/es\/wp-json\/wp\/v2\/product_brand?post=1154"},{"taxonomy":"product_cat","embeddable":true,"href":"https:\/\/customacrylicproduct.com\/es\/wp-json\/wp\/v2\/product_cat?post=1154"},{"taxonomy":"product_tag","embeddable":true,"href":"https:\/\/customacrylicproduct.com\/es\/wp-json\/wp\/v2\/product_tag?post=1154"}],"curies":[{"name":"wp","href":"https:\/\/api.w.org\/{rel}","templated":true}]}}