{"id":1164,"date":"2025-07-17T11:23:43","date_gmt":"2025-07-17T11:23:43","guid":{"rendered":"https:\/\/customacrylicproduct.com\/?post_type=product&#038;p=1164"},"modified":"2025-07-22T07:32:18","modified_gmt":"2025-07-22T07:32:18","slug":"acrylic-side-table-nordic-style-coffee-table-customization","status":"publish","type":"product","link":"https:\/\/customacrylicproduct.com\/es\/acrylic-side-table-nordic-style-coffee-table-customization\/","title":{"rendered":"Mesa auxiliar acr\u00edlica Mesa de centro de estilo n\u00f3rdico Personalizaci\u00f3n"},"content":{"rendered":"<h3 id=\"-the-arc-table-a-building-research-in-light-and-room-\"><strong>La Mesa del Arco: Un edificio de investigaci\u00f3n en luz y espacio<\/strong><\/h3>\n<p><strong>Introducci\u00f3n: El arte de la invisibilidad con clase\u00a0<\/strong>.<\/p>\n<p>En el panorama del estilo actual, las declaraciones m\u00e1s profundas suelen hacerse con la voz m\u00e1s baja. Hemos entrado en una era en la que el lujo no se define por su complejidad ornamental, sino por su pureza, su intencionalidad y la fiesta de la habitaci\u00f3n en s\u00ed. Es a partir de esta filosof\u00eda de pulida sencillez que el\u00a0<strong>Mesa Arc\u00a0<\/strong>ha nacido. M\u00e1s que un simple mueble, es un principio constructivo que dio a luz un homenaje a la limpia elegancia del estilo n\u00f3rdico y un estudio sobre el elegante poder de lo que no se ve.<\/p>\n<p>Fabricada a partir de un \u00fanico y constante avi\u00f3n de acr\u00edlico \u00f3pticamente puro, la mesa Arc se caracteriza por su legendario contorno en cascada, un gesto suave y fluido que deja obsoletas las carpinter\u00edas y los equipamientos. No exige ser el centro de atenci\u00f3n, sino que invita a valorar el espacio que habita. Vista en su entorno natural, acurrucada junto a las l\u00edneas ordenadas de un sof\u00e1 contempor\u00e1neo o actuando como pedestal transparente para los trabajos de un maestro de la arquitectura como Tadao Ando, la mesa Arc es un objeto \u201cfantasma\u201d. Alcanza un estado de magn\u00edfica casi invisibilidad, lo que le permite convertirse en un compa\u00f1ero silencioso en la historia del estilo de su hogar, potenciando su atm\u00f3sfera en lugar de frustrarla.<\/p>\n<p>Esta introducci\u00f3n le invita a descubrir la profundidad que se esconde tras este tipo sigilosamente sencillo. Exploraremos el enfoque constructivo de su disposici\u00f3n, la notable calidad de su material cristalino, su flexibilidad ilimitada y la modificaci\u00f3n a medida que la convierte en una extensi\u00f3n de su visi\u00f3n individual.<\/p>\n<p><img fetchpriority=\"high\" decoding=\"async\" class=\"aligncenter wp-image-1165 size-full\" src=\"https:\/\/customacrylicproduct.com\/wp-content\/uploads\/2025\/07\/\u8be6\u60c5\u56fe13-\u526f\u672c.jpg\" alt=\"Mesa auxiliar acr\u00edlica\" width=\"790\" height=\"523\" srcset=\"https:\/\/customacrylicproduct.com\/wp-content\/uploads\/2025\/07\/\u8be6\u60c5\u56fe13-\u526f\u672c.jpg 790w, https:\/\/customacrylicproduct.com\/wp-content\/uploads\/2025\/07\/\u8be6\u60c5\u56fe13-\u526f\u672c-300x199.jpg 300w, https:\/\/customacrylicproduct.com\/wp-content\/uploads\/2025\/07\/\u8be6\u60c5\u56fe13-\u526f\u672c-768x508.jpg 768w, https:\/\/customacrylicproduct.com\/wp-content\/uploads\/2025\/07\/\u8be6\u60c5\u56fe13-\u526f\u672c-600x397.jpg 600w\" sizes=\"(max-width: 790px) 100vw, 790px\" \/><\/p>\n<p>-.<\/p>\n<h3 id=\"-the-style-viewpoint-a-contour-of-quiet-confidence-\"><strong>El punto de vista del estilo: Un contorno de tranquila confianza<\/strong><\/h3>\n<p>El dise\u00f1o de la mesa Arc es un acto de disminuci\u00f3n deliberada. Es el resultado de despojarse de todo detalle superfluo hasta que s\u00f3lo queda lo necesario: tipograf\u00eda pura al perfecto servicio de la funci\u00f3n. Es la sencillez como declaraci\u00f3n de confianza.<\/p>\n<p><strong>La curva en cascada de las marcas:\u00a0<\/strong>. El alma de la Mesa Arco es su forma ininterrumpida y fluida. Mientras que una mesa normal es un conjunto de piezas, la mesa Arc es una escultura monol\u00edtica. Este estilo de \u201ccascada\u201d, en el que la superficie horizontal se desliza f\u00e1cilmente hacia sus apoyos verticales, es un logro del dise\u00f1o moderno. La curva no es un \u00e1ngulo agudo y agresivo, sino una distancia caritativa y suave que estimula una sensaci\u00f3n de calma y fluidez. Esta l\u00ednea \u00fanica y constante desarrolla una poderosa armon\u00eda visual, permitiendo al ojo seguir su curso sin interrupci\u00f3n.<\/p>\n<p>La ausencia de juntas es un principio b\u00e1sico de la arquitectura minimalista. Al eliminar juntas y herrajes, la mesa ofrece una forma limpia y alternativa que resulta a la vez avanzada e intemporalmente natural. Suaviza los lados duros de un espacio al tiempo que mantiene una cuenta claramente moderna.<\/p>\n<p><strong>El impacto \u201cfantasma\u201d: Producci\u00f3n del \u00e1rea visual\u00a0<\/strong>. Una de las cualidades m\u00e1s transformadoras de la mesa Arc es su apertura. Fabricada en un hermoso acr\u00edlico cristalino, se gana su apodo de \u201cfantasma\u201d al crear una impresi\u00f3n de ingravidez y apertura. Se trata de un recurso de dise\u00f1o eficaz, sobre todo en espacios en los que es crucial mantener la sensaci\u00f3n de amplitud.<\/p>\n<p>A diferencia de una mesa maciza, que est\u00e9ticamente corta una habitaci\u00f3n y ocupa espacio del suelo, la mesa Arc permite que la luz y las l\u00edneas de visi\u00f3n la atraviesen sin obst\u00e1culos. La rica textura de una alfombra de lana, las acogedoras vetas de un suelo de madera o el color de la pared de detr\u00e1s siguen formando parte del paisaje est\u00e9tico. Esto hace que cualquier tipo de espacio parezca m\u00e1s amplio, m\u00e1s luminoso y menos ca\u00f3tico. Es la opci\u00f3n ideal para incluir una superficie funcional sin a\u00f1adir peso est\u00e9tico, lo que permite que los elementos de estilo que ha seleccionado con sumo cuidado sigan siendo los h\u00e9roes de la habitaci\u00f3n.<\/p>\n<p><img decoding=\"async\" class=\"aligncenter wp-image-1167 size-full\" src=\"https:\/\/customacrylicproduct.com\/wp-content\/uploads\/2025\/07\/\u8be6\u60c5\u56fe15.jpg\" alt=\"Mesa auxiliar acr\u00edlica\" width=\"790\" height=\"436\" srcset=\"https:\/\/customacrylicproduct.com\/wp-content\/uploads\/2025\/07\/\u8be6\u60c5\u56fe15.jpg 790w, https:\/\/customacrylicproduct.com\/wp-content\/uploads\/2025\/07\/\u8be6\u60c5\u56fe15-300x166.jpg 300w, https:\/\/customacrylicproduct.com\/wp-content\/uploads\/2025\/07\/\u8be6\u60c5\u56fe15-768x424.jpg 768w, https:\/\/customacrylicproduct.com\/wp-content\/uploads\/2025\/07\/\u8be6\u60c5\u56fe15-600x331.jpg 600w\" sizes=\"(max-width: 790px) 100vw, 790px\" \/><\/p>\n<p>-.<\/p>\n<h3 id=\"-the-product-as-the-tool-the-purity-of-polymer-\"><strong>El producto como herramienta: La pureza del pol\u00edmero<\/strong><\/h3>\n<p>El encanto angelical y la robusta funcionalidad de la mesa Arc tienen su origen en su construcci\u00f3n y fabricaci\u00f3n a partir de una \u00fanica pieza de acr\u00edlico moldeado (PMMA) de primera calidad, un material elegido por su distintiva mezcla de virtudes est\u00e9ticas y funcionales.<\/p>\n<p><strong>Claridad \u00f3ptica y m\u00e1xima calidad luminosa:\u00a0<\/strong>. El acr\u00edlico fundido de primera calidad tiene una claridad \u00f3ptica que trasciende a la del cristal, enviando luz extra y evitando el color verde que suele verse en los cristales m\u00e1s gruesos. Esto garantiza que la mesa Arc sea brillante y clara. Sus bordes est\u00e1n pulidos con diamante hasta conseguir una superficie notable y lustrosa, lo que les permite captar y refractar la luz ambiental. Esto crea un resplandor refinado y excitante a lo largo de las formas de la mesa, como si estuviera tenuemente iluminada desde dentro, incluyendo una medida vibrante e innovadora a su habitaci\u00f3n.<\/p>\n<p><strong>Resistencia, seguridad y transportabilidad ligera:\u00a0<\/strong>. A pesar de su aspecto delicado y similar al cristal, el pol\u00edmero es un material incre\u00edblemente s\u00f3lido y duradero. Es mucho m\u00e1s resistente a las roturas que el cristal, lo que supone una ventaja de seguridad esencial en cualquier tipo de hogar. Adem\u00e1s, su ligereza hace que la mesa Arc sea f\u00e1cilmente m\u00f3vil. Reub\u00edquela desde al lado del sof\u00e1 a un sill\u00f3n, o desde el sal\u00f3n a su despacho en casa, ajustando su habitaci\u00f3n a sus exigencias sin esfuerzo. Esta combinaci\u00f3n de resistencia y agilidad es un testimonio de la ciencia contempor\u00e1nea de los materiales.<\/p>\n<p><strong>Dise\u00f1ados para una larga vida \u00fatil:\u00a0<\/strong>. Utilizamos \u00fanicamente acr\u00edlico resistente a los rayos UV para garantizar que su mesa no amarillee ni se debilite con el tiempo, conservando su aspecto cristalino durante muchos a\u00f1os. La superficie no porosa es, adem\u00e1s, resistente a la humedad y la decoloraci\u00f3n, por lo que es incre\u00edblemente f\u00e1cil de ordenar y mantener- una limpieza f\u00e1cil con un pa\u00f1o suave restaura su brillo pr\u00edstino.<\/p>\n<p>-.<\/p>\n<h3 id=\"-the-versatile-minimalist-a-table-for-every-room-\"><strong>El minimalista vers\u00e1til: Una mesa para cada habitaci\u00f3n<\/strong><\/h3>\n<p>La verdadera magia de la mesa Arc reside en su asombrosa versatilidad. Su estilo minimalista es un lienzo vac\u00edo, lo que le permite mezclarse perfectamente en una multitud de papeles a trav\u00e9s de diversos espacios y estilos de dise\u00f1o.<\/p>\n<ul>\n<li><strong>El Conservador de Sala:\u00a0<\/strong>Como mesa auxiliar, es la compa\u00f1era perfecta de un sof\u00e1 o un sill\u00f3n, ya que proporciona una superficie de apoyo para una l\u00e1mpara, una bebida o un libro. Su transparencia garantiza que realce cualquier tipo de tapicer\u00eda, desde el inconfundible boucle hasta el suave cuero natural. Coloque dos a la vez para crear una mesa de centro empotrada de varios niveles que sea a la vez \u00fatil y est\u00e9ticamente ligera.<\/li>\n<li><strong>El guardia sereno de la habitaci\u00f3n de la cama:\u00a0<\/strong>Como mesilla de noche, la mesa Arc anuncia un ambiente de tranquilidad y limpieza. Contiene simplemente lo fundamental -un tel\u00e9fono, un vaso de agua, una peque\u00f1a planta- manteniendo una sensaci\u00f3n abierta y aireada, encarnando los conceptos de un refugio m\u00ednimo.<\/li>\n<li><strong>La elegante bienvenida a la entrada:\u00a0<\/strong>En un vest\u00edbulo o pasillo, sirve como mesa consola sofisticada y discreta. Es una moderna zona de anotaci\u00f3n para llaves y correo que ofrece funcionalidad sin restringir visualmente un espacio estrecho.<\/li>\n<li><strong>El moderno potenciador del espacio de trabajo:\u00a0<\/strong>En una oficina, util\u00edcelo como superficie complementaria para la impresora o los discos y aproveche al m\u00e1ximo el valioso espacio de la mesa de trabajo. Sus l\u00edneas ordenadas contribuyen a crear un entorno de trabajo centrado y organizado.<\/li>\n<\/ul>\n<p><img decoding=\"async\" class=\"aligncenter wp-image-1168 size-full\" src=\"https:\/\/customacrylicproduct.com\/wp-content\/uploads\/2025\/07\/\u4e3b\u56fe05-2.jpg\" alt=\"Mesa auxiliar acr\u00edlica\" width=\"800\" height=\"800\" srcset=\"https:\/\/customacrylicproduct.com\/wp-content\/uploads\/2025\/07\/\u4e3b\u56fe05-2.jpg 800w, https:\/\/customacrylicproduct.com\/wp-content\/uploads\/2025\/07\/\u4e3b\u56fe05-2-300x300.jpg 300w, https:\/\/customacrylicproduct.com\/wp-content\/uploads\/2025\/07\/\u4e3b\u56fe05-2-150x150.jpg 150w, https:\/\/customacrylicproduct.com\/wp-content\/uploads\/2025\/07\/\u4e3b\u56fe05-2-768x768.jpg 768w, https:\/\/customacrylicproduct.com\/wp-content\/uploads\/2025\/07\/\u4e3b\u56fe05-2-600x600.jpg 600w, https:\/\/customacrylicproduct.com\/wp-content\/uploads\/2025\/07\/\u4e3b\u56fe05-2-100x100.jpg 100w\" sizes=\"(max-width: 800px) 100vw, 800px\" \/><\/p>\n<p>&nbsp;<\/p>\n<h3 id=\"-the-last-touch-a-dedication-to-customization-\"><strong>El \u00faltimo toque: Dedicaci\u00f3n a la personalizaci\u00f3n<\/strong><\/h3>\n<p>Entendemos que el \u00e1rea excelente es individual. Aunque nuestra mesa Arc b\u00e1sica est\u00e1 desarrollada para ser globalmente elegante, ofrecemos un servicio de personalizaci\u00f3n a medida para crear una pieza que sea distintivamente suya. Tanto si necesita detalles de medidas para que coincida completamente con la altura de su sof\u00e1, un perfil m\u00e1s ancho para que funcione como mesa de centro minimalista, e incluso un color sutil -como un gris ahumado avanzado o un c\u00e1lido bronce- podemos trabajar con usted para hacer una mesa que se ajuste espec\u00edficamente a su visi\u00f3n.<\/p>\n<p><strong>Veredicto: Una inversi\u00f3n en dise\u00f1o cl\u00e1sico\u00a0<\/strong>.<\/p>\n<p>La mesa Arc es m\u00e1s que un objeto: es un punto de vista de dise\u00f1o hecho realidad. Es una inversi\u00f3n en luz, espacio y la elegancia resistente del minimalismo. Con su dise\u00f1o atemporal, su construcci\u00f3n robusta y su comodidad infinita, es un elemento que se adaptar\u00e1 a usted con el paso de los a\u00f1os. Al seleccionar la mesa Arc, est\u00e1 eligiendo crear una atm\u00f3sfera de calidad, tranquilidad y elegancia subestimada, una habitaci\u00f3n en la que realmente se puede respirar.<\/p>","protected":false},"excerpt":{"rendered":"<p class=\"ng-star-inserted\"><span class=\"ng-star-inserted\">Descubre la elegancia n\u00f3rdica minimalista con nuestra mesa auxiliar de acr\u00edlico transparente. Fabricada en una sola pieza con una curva en cascada sin juntas, su dise\u00f1o \u201cfantasma\u201d hace que cualquier habitaci\u00f3n parezca m\u00e1s grande. Perfecta como mesa de centro, mesilla de noche o elegante expositor. Duradera, elegante y personalizable para adaptarse a su espacio \u00fanico.<\/span><\/p>","protected":false},"featured_media":1168,"template":"","meta":{"_kad_post_transparent":"default","_kad_post_title":"","_kad_post_layout":"default","_kad_post_sidebar_id":"","_kad_post_content_style":"default","_kad_post_vertical_padding":"default","_kad_post_feature":"","_kad_post_feature_position":"","_kad_post_header":false,"_kad_post_footer":false,"_kad_post_classname":""},"product_brand":[],"product_cat":[21],"product_tag":[123],"class_list":{"0":"post-1164","1":"product","2":"type-product","3":"status-publish","4":"has-post-thumbnail","6":"product_cat-custom-acrylic-furnitures","7":"product_tag-acrylic-side-table","9":"first","10":"instock","11":"shipping-taxable","12":"product-type-simple","13":"entry","14":"content-bg","15":"loop-entry"},"_links":{"self":[{"href":"https:\/\/customacrylicproduct.com\/es\/wp-json\/wp\/v2\/product\/1164","targetHints":{"allow":["GET"]}}],"collection":[{"href":"https:\/\/customacrylicproduct.com\/es\/wp-json\/wp\/v2\/product"}],"about":[{"href":"https:\/\/customacrylicproduct.com\/es\/wp-json\/wp\/v2\/types\/product"}],"wp:featuredmedia":[{"embeddable":true,"href":"https:\/\/customacrylicproduct.com\/es\/wp-json\/wp\/v2\/media\/1168"}],"wp:attachment":[{"href":"https:\/\/customacrylicproduct.com\/es\/wp-json\/wp\/v2\/media?parent=1164"}],"wp:term":[{"taxonomy":"product_brand","embeddable":true,"href":"https:\/\/customacrylicproduct.com\/es\/wp-json\/wp\/v2\/product_brand?post=1164"},{"taxonomy":"product_cat","embeddable":true,"href":"https:\/\/customacrylicproduct.com\/es\/wp-json\/wp\/v2\/product_cat?post=1164"},{"taxonomy":"product_tag","embeddable":true,"href":"https:\/\/customacrylicproduct.com\/es\/wp-json\/wp\/v2\/product_tag?post=1164"}],"curies":[{"name":"wp","href":"https:\/\/api.w.org\/{rel}","templated":true}]}}