{"id":1175,"date":"2025-07-17T12:17:59","date_gmt":"2025-07-17T12:17:59","guid":{"rendered":"https:\/\/customacrylicproduct.com\/?post_type=product&#038;p=1175"},"modified":"2025-07-22T07:34:19","modified_gmt":"2025-07-22T07:34:19","slug":"acrylic-medal-cup-trophy-commemorative-trophy-customization","status":"publish","type":"product","link":"https:\/\/customacrylicproduct.com\/es\/acrylic-medal-cup-trophy-commemorative-trophy-customization\/","title":{"rendered":"Medalla Acr\u00edlico Trofeo Copa Trofeo Conmemorativo Personalizaci\u00f3n"},"content":{"rendered":"<h3 id=\"-celebrate-quality-with-our-bespoke-custom-polymer-trophies-honors-\"><strong>Celebre la calidad con nuestros trofeos y distinciones de pol\u00edmero personalizados a medida\u00a0<\/strong>.<\/h3>\n<p>En un mundo de momentos ef\u00edmeros y galardones electr\u00f3nicos, el poder de un signo concreto de reconocimiento sigue siendo incomparable. Un premio es algo m\u00e1s que un objeto: es una historia, un testimonio de compromiso, un marcador de un punto de inflexi\u00f3n significativo. Le invitamos a ir m\u00e1s all\u00e1 de la media y abrazar la belleza actual y el potencial ilimitado de nuestros Trofeos de pol\u00edmero personalizados. Fabricados para dejar constancia del esp\u00edritu \u00fanico de cada logro, nuestros trofeos transforman el aprecio en una obra de arte atemporal.<\/p>\n<p>Ya se trate de reconocer a un trabajador estrella, celebrar un equipo campe\u00f3n o dar las gracias a un asesor apreciado, nuestros art\u00edculos acr\u00edlicos a medida ofrecen un medio innovador, duradero y profundamente personal de decir: \u201cTu contribuci\u00f3n importa\u201d.<\/p>\n<p><img fetchpriority=\"high\" decoding=\"async\" class=\"aligncenter wp-image-1179 size-full\" src=\"https:\/\/customacrylicproduct.com\/wp-content\/uploads\/2025\/07\/\u4e3b\u56fe05-4.jpg\" alt=\"Medallero acr\u00edlico\" width=\"800\" height=\"800\" srcset=\"https:\/\/customacrylicproduct.com\/wp-content\/uploads\/2025\/07\/\u4e3b\u56fe05-4.jpg 800w, https:\/\/customacrylicproduct.com\/wp-content\/uploads\/2025\/07\/\u4e3b\u56fe05-4-300x300.jpg 300w, https:\/\/customacrylicproduct.com\/wp-content\/uploads\/2025\/07\/\u4e3b\u56fe05-4-150x150.jpg 150w, https:\/\/customacrylicproduct.com\/wp-content\/uploads\/2025\/07\/\u4e3b\u56fe05-4-768x768.jpg 768w, https:\/\/customacrylicproduct.com\/wp-content\/uploads\/2025\/07\/\u4e3b\u56fe05-4-600x600.jpg 600w, https:\/\/customacrylicproduct.com\/wp-content\/uploads\/2025\/07\/\u4e3b\u56fe05-4-100x100.jpg 100w\" sizes=\"(max-width: 800px) 100vw, 800px\" \/><\/p>\n<h4 id=\"-why-acrylic-the-clear-selection-for-modern-acknowledgment-\"><strong>\u00bfPor qu\u00e9 acr\u00edlico? La clara elecci\u00f3n para el reconocimiento moderno\u00a0<\/strong>.<\/h4>\n<p>Durante a\u00f1os, los premios est\u00e1ndar se limitaban al acero y al vidrio. Hoy en d\u00eda, el acr\u00edlico de primera calidad ha surgido como el material superior para los premios modernos, integrando lo mejor de todos los mundos.<\/p>\n<ul>\n<li><strong>Calidad pr\u00edstina y brillo visual:\u00a0<\/strong>Nuestro acr\u00edlico ostenta una alta calidad cristalina que iguala a uno de los vidrios \u00f3pticos m\u00e1s costosos. Capta y refracta la luz maravillosamente, dando a cada honor un brillo radiante y una sensaci\u00f3n de eminencia. A diferencia del vidrio, est\u00e1 inherentemente libre del color verdoso, asegurando que el foco permanezca totalmente en su dise\u00f1o y grabado personalizados.<\/li>\n<li><strong>Longevidad y seguridad excepcionales:\u00a0<\/strong>La vida pasa y los accidentes pueden ocurrir. El acr\u00edlico es mucho m\u00e1s resistente a los golpes y a las roturas que el cristal, lo que lo convierte en una opci\u00f3n m\u00e1s segura y duradera, especialmente para trofeos deportivos o galardones que se exhiben en zonas de mucho tr\u00e1nsito. Su ligereza tambi\u00e9n facilita y hace mucho m\u00e1s seguro su manejo, presentaci\u00f3n y env\u00edo.<\/li>\n<li><strong>Adaptabilidad de dise\u00f1o inigualable:\u00a0<\/strong>Aqu\u00ed es donde brilla el acr\u00edlico. El material se puede cortar con precisi\u00f3n en pr\u00e1cticamente cualquier forma posible. Como puede verse en nuestra galer\u00eda, podemos fabricar desde un cl\u00e1sico bloque rectangular para un regalo de agradecimiento de una empresa hasta un din\u00e1mico premio de f\u00fatbol en varias partes, una elegante celebridad, un guardia formal o un tesoro facetado distinto. Su visi\u00f3n es la \u00fanica limitaci\u00f3n.<\/li>\n<li><strong>Sofisticaci\u00f3n rentable:\u00a0<\/strong>Consiga el aspecto del cristal de primera calidad sin tener que pagar un precio excesivo. El acr\u00edlico ofrece un aspecto de primera calidad que constituye una poderosa declaraci\u00f3n de valor, lo que le permite destinar su presupuesto a personalizaciones m\u00e1s complejas o a premiar a un mayor n\u00famero de destinatarios.<\/li>\n<\/ul>\n<p><img decoding=\"async\" class=\"aligncenter wp-image-1176 size-full\" src=\"https:\/\/customacrylicproduct.com\/wp-content\/uploads\/2025\/07\/\u8be6\u60c5\u56fe15-1.jpg\" alt=\"Medallero acr\u00edlico\" width=\"790\" height=\"738\" srcset=\"https:\/\/customacrylicproduct.com\/wp-content\/uploads\/2025\/07\/\u8be6\u60c5\u56fe15-1.jpg 790w, https:\/\/customacrylicproduct.com\/wp-content\/uploads\/2025\/07\/\u8be6\u60c5\u56fe15-1-300x280.jpg 300w, https:\/\/customacrylicproduct.com\/wp-content\/uploads\/2025\/07\/\u8be6\u60c5\u56fe15-1-768x717.jpg 768w, https:\/\/customacrylicproduct.com\/wp-content\/uploads\/2025\/07\/\u8be6\u60c5\u56fe15-1-600x561.jpg 600w\" sizes=\"(max-width: 790px) 100vw, 790px\" \/><\/p>\n<h4 id=\"-the-art-of-customization-your-vision-brought-to-life-\"><strong>El arte de la personalizaci\u00f3n: Su visi\u00f3n, hecha realidad\u00a0<\/strong>.<\/h4>\n<p>Una condecoraci\u00f3n gen\u00e9rica puede resultar impersonal. Nuestro procedimiento de personalizaci\u00f3n est\u00e1 dise\u00f1ado para garantizar que cada premio sea tan especial como la persona o el logro que conmemora. Ofrecemos una amplia gama de opciones de personalizaci\u00f3n para crear una pieza realmente distintiva.<\/p>\n<p><strong>1. Forma y tipo: M\u00e1s all\u00e1 del rect\u00e1ngulo\u00a0<\/strong>. Las fotos muestran s\u00f3lo una parte de las posibilidades. Podemos crear su premio de distintas formas:.<\/p>\n<ul>\n<li><strong>Formularios espec\u00edficos para cada deporte:\u00a0<\/strong>Como se ha visto con nuestros llamativos trofeos de f\u00fatbol y nataci\u00f3n, podemos crear un honor en forma de bal\u00f3n, una pieza del equipo, una mascota o cualquier tipo de icono relevante para el deporte.<\/li>\n<li><strong>Formas simb\u00f3licas:\u00a0<\/strong>El premio en forma de estrella es perfecto para reconocer a un \u201canimador estrella\u201d, mientras que el premio guardia comunica protecci\u00f3n, honor y dureza. Las formas de cristal octogonal y facetado incluyen un toque de estilo geom\u00e9trico y diferencia.<\/li>\n<li><strong>Estilos centrados en el logotipo:\u00a0<\/strong>Podemos reducir el acr\u00edlico a la escaleta del logotipo de su empresa o grupo para obtener un premio que sea inmediatamente conocido e incre\u00edblemente de marca.<\/li>\n<li><strong>Placas y bloques est\u00e1ndar:\u00a0<\/strong>El encanto intemporal de un bloque rectangular o cuadrado abrillantado, como nuestra placa de agradecimiento \u201cGracias\u201d, ofrece un enorme lienzo para mensajes detallados y es perfecto para una pantalla de escritorio.<\/li>\n<\/ul>\n<p><strong>2. Inscripci\u00f3n e impresi\u00f3n: Profundidad y detalle\u00a0<\/strong>. Utilizamos tecnolog\u00eda moderna avanzada para aplicar su mensaje y sus gr\u00e1ficos con una precisi\u00f3n espectacular.<\/p>\n<ul>\n<li><strong>Inscripci\u00f3n l\u00e1ser:\u00a0<\/strong>Para una personalizaci\u00f3n n\u00edtida, ordenada e irreversible, el grabado por l\u00e1ser es el criterio de oro. Desarrolla un atractivo mensaje blanco esmerilado y un arte lineal que contrasta elegantemente con el pol\u00edmero transparente. Este m\u00e9todo es perfecto para mensajes detallados, como los mensajes sinceros que se ven en nuestros premios de agradecimiento:\u00a0<em>\u201d Que est\u00e9s orgulloso del trabajo que haces, de la persona que eres y de la distinci\u00f3n que haces\u201d.\u201d\u00a0<\/em>.<\/li>\n<li><strong>Impresi\u00f3n UV a todo color:\u00a0<\/strong>Para incluir dise\u00f1os vibrantes de logotipos, fotos o gr\u00e1ficos tintados, utilizamos la impresi\u00f3n UV avanzada. Esta t\u00e9cnica imprime la tinta directamente sobre la superficie acr\u00edlica, que se endurece r\u00e1pidamente para desarrollar una imagen a todo color robusta, resistente a los ara\u00f1azos y est\u00e9ticamente magn\u00edfica. La rica textura marr\u00f3n del bal\u00f3n de f\u00fatbol y el amarillo intenso del nadador son excelentes ejemplos de esta moderna tecnolog\u00eda en la oficina.<\/li>\n<\/ul>\n<p><strong>3. Contenido web personalizado: El coraz\u00f3n del premio\u00a0<\/strong>. Cada premio narra. Sin duda colaboraremos con usted para integrar todos los componentes importantes:.<\/p>\n<ul>\n<li><strong>Nombre y cargo del destinatario\u00a0<\/strong>.<\/li>\n<li><strong>Llamada de honor (por ejemplo, \u201cMiembro del personal del a\u00f1o\u201d, \u201cMVP\u201d, \u201cJefe del Club del Estado\u201d)\u00a0<\/strong>.<\/li>\n<li><strong>D\u00eda del \u00c9xito\u00a0<\/strong>.<\/li>\n<li><strong>Citas motivadoras o mensajes individuales\u00a0<\/strong>.<\/li>\n<li><strong>Logotipos de empresa, grupo o evento\u00a0<\/strong>.<\/li>\n<\/ul>\n<p><img decoding=\"async\" class=\"aligncenter wp-image-1177 size-full\" src=\"https:\/\/customacrylicproduct.com\/wp-content\/uploads\/2025\/07\/\u8be6\u60c5\u56fe16.jpg\" alt=\"Medallero acr\u00edlico\" width=\"790\" height=\"767\" srcset=\"https:\/\/customacrylicproduct.com\/wp-content\/uploads\/2025\/07\/\u8be6\u60c5\u56fe16.jpg 790w, https:\/\/customacrylicproduct.com\/wp-content\/uploads\/2025\/07\/\u8be6\u60c5\u56fe16-300x291.jpg 300w, https:\/\/customacrylicproduct.com\/wp-content\/uploads\/2025\/07\/\u8be6\u60c5\u56fe16-768x746.jpg 768w, https:\/\/customacrylicproduct.com\/wp-content\/uploads\/2025\/07\/\u8be6\u60c5\u56fe16-600x583.jpg 600w\" sizes=\"(max-width: 790px) 100vw, 790px\" \/><\/p>\n<h4 id=\"-a-prize-for-each-celebration-\"><strong>Un premio para cada celebraci\u00f3n\u00a0<\/strong>.<\/h4>\n<p>Nuestros galardones acr\u00edlicos personalizados son lo suficientemente flexibles como para adaptarse a cualquier tipo de evento o hito que merezca ser homenajeado.<\/p>\n<ul>\n<li><strong>Reconocimiento corporativo y empresarial:\u00a0<\/strong>Aumente el \u00e1nimo y cultive una cultura de admiraci\u00f3n. Perfecto disponible para Premios de venta, Miembro del personal del mes, Trofeos de liderazgo, Regalo de jubilaci\u00f3n y Placas de reconocimiento de socios. El bloque grabado \u201cGracias\u201d es un regalo ideal para clientes, compa\u00f1eros y mentores.<\/li>\n<li><strong>Trofeos y medallas deportivas:\u00a0<\/strong>Desde organizaciones juveniles hasta competiciones de expertos, elabore un trofeo que los jugadores se sentir\u00e1n honrados de entregar. Podemos personalizar trofeos de f\u00fatbol, nataci\u00f3n, baloncesto, f\u00fatbol, golf y cualquier otro deporte.<\/li>\n<li><strong>Logros acad\u00e9micos y educativos:\u00a0<\/strong>Reconozca el esfuerzo de alumnos, maestros y profesores. Adecuado para graduaciones universitarias, premios a los mejores alumnos, ferias de investigaci\u00f3n cient\u00edfica, clubes de debate y distinciones al \u201cEducador del a\u00f1o\u201d.<\/li>\n<li><strong>Regalos Personales y Memorabilias Conmemorativas:\u00a0<\/strong>Marque un aniversario especial, una celebraci\u00f3n de cumplea\u00f1os o un punto de inflexi\u00f3n individual. Elabore un bonito recuerdo para dar las gracias a un amigo, pariente o voluntario de la zona por la distinci\u00f3n que ha hecho en su vida. El mensaje,\u00a0<em>\u201d Nunca ignores la diferencia que has marcado y las vidas que has tocado\u201d.\u201d\u00a0<\/em>es una vista poderosa para tal celebraci\u00f3n.<\/li>\n<\/ul>\n<h4 id=\"-our-commitment-to-remarkable-quality-\"><strong>Nuestro compromiso con una calidad extraordinaria\u00a0<\/strong>.<\/h4>\n<p>Creemos que un premio es un reflejo tanto de la calidad de quien lo recibe como de la estima de quien lo otorga. Por eso somos inflexibles en nuestra dedicaci\u00f3n a la m\u00e1xima calidad. Cada trofeo est\u00e1 fabricado con acr\u00edlico fundido de alta densidad de primera calidad, garantizado para resistir el amarilleamiento con el paso del tiempo. Nuestros precisos cortadores l\u00e1ser garantizan unos lados extraordinarios y refinados, y nuestro exhaustivo proceso de control de calidad se asegura de que su producto final sea una obra de arte ideal, lista para su orgulloso debate.<\/p>\n<p>No se limite a ofrecer un premio. Ofrezca un icono de honor, una pieza de arte y un recuerdo perdurable. Explore las oportunidades que le ofrecen nuestros premios acr\u00edlicos personalizados y perm\u00edtanos ayudarle a celebrar los logros a la moda.<\/p>\n<p><strong>Pida el suyo hoy mismo y cree un legado de reconocimiento.\u00a0<\/strong>.<\/p>","protected":false},"excerpt":{"rendered":"<p class=\"ng-star-inserted\"><span class=\"ng-star-inserted\">Celebre cualquier logro con nuestros trofeos acr\u00edlicos personalizados. Ofrecemos una amplia gama de dise\u00f1os, desde medallas deportivas hasta premios corporativos y placas conmemorativas. Personal\u00edcelos con su logotipo o texto para conseguir un regalo \u00fanico, memorable y de gran calidad. Perfectos para cualquier ocasi\u00f3n.<\/span><\/p>","protected":false},"featured_media":1179,"template":"","meta":{"_kad_post_transparent":"default","_kad_post_title":"","_kad_post_layout":"default","_kad_post_sidebar_id":"","_kad_post_content_style":"default","_kad_post_vertical_padding":"default","_kad_post_feature":"","_kad_post_feature_position":"","_kad_post_header":false,"_kad_post_footer":false,"_kad_post_classname":""},"product_brand":[],"product_cat":[19],"product_tag":[121],"class_list":{"0":"post-1175","1":"product","2":"type-product","3":"status-publish","4":"has-post-thumbnail","6":"product_cat-custom-acrylic-trophies-awards","7":"product_tag-acrylic-medal-cup","9":"first","10":"instock","11":"shipping-taxable","12":"product-type-simple","13":"entry","14":"content-bg","15":"loop-entry"},"_links":{"self":[{"href":"https:\/\/customacrylicproduct.com\/es\/wp-json\/wp\/v2\/product\/1175","targetHints":{"allow":["GET"]}}],"collection":[{"href":"https:\/\/customacrylicproduct.com\/es\/wp-json\/wp\/v2\/product"}],"about":[{"href":"https:\/\/customacrylicproduct.com\/es\/wp-json\/wp\/v2\/types\/product"}],"wp:featuredmedia":[{"embeddable":true,"href":"https:\/\/customacrylicproduct.com\/es\/wp-json\/wp\/v2\/media\/1179"}],"wp:attachment":[{"href":"https:\/\/customacrylicproduct.com\/es\/wp-json\/wp\/v2\/media?parent=1175"}],"wp:term":[{"taxonomy":"product_brand","embeddable":true,"href":"https:\/\/customacrylicproduct.com\/es\/wp-json\/wp\/v2\/product_brand?post=1175"},{"taxonomy":"product_cat","embeddable":true,"href":"https:\/\/customacrylicproduct.com\/es\/wp-json\/wp\/v2\/product_cat?post=1175"},{"taxonomy":"product_tag","embeddable":true,"href":"https:\/\/customacrylicproduct.com\/es\/wp-json\/wp\/v2\/product_tag?post=1175"}],"curies":[{"name":"wp","href":"https:\/\/api.w.org\/{rel}","templated":true}]}}