{"id":1180,"date":"2025-07-17T12:39:45","date_gmt":"2025-07-17T12:39:45","guid":{"rendered":"https:\/\/customacrylicproduct.com\/?post_type=product&#038;p=1180"},"modified":"2025-07-22T07:42:09","modified_gmt":"2025-07-22T07:42:09","slug":"custom-acrylic-box-dustproof-storage-translucent-splicing-box","status":"publish","type":"product","link":"https:\/\/customacrylicproduct.com\/es\/custom-acrylic-box-dustproof-storage-translucent-splicing-box\/","title":{"rendered":"Caja de acr\u00edlico a prueba de polvo de encargo Caja de empalme transl\u00facida del almacenaje"},"content":{"rendered":"<h3 id=\"-elevate-your-space-the-personalized-acrylic-storage-box-where-organization-meets-art-\"><strong>Mejora tu espacio: La caja acr\u00edlica de almacenamiento personalizada: donde la organizaci\u00f3n se une al arte<\/strong><\/h3>\n<p>En un mundo lleno de soluciones de almacenamiento ordinarias, nuestra Caja de Pol\u00edmero Personalizada emerge como un faro de estilo, refinamiento y expresi\u00f3n individual. No se trata simplemente de una caja, sino de un objeto de arte \u00fatil minuciosamente elaborado para transformar su entorno. Pone a prueba la noci\u00f3n de que los objetos \u00fatiles tienen que ser sencillos, demostrando que la compa\u00f1\u00eda puede ser encantadora y que sus posesiones m\u00e1s preciadas merecen un hogar tan elegante como ellas. Tanto si desea despejar su escritorio, exponer una valiosa colecci\u00f3n o presentar una declaraci\u00f3n de alta calidad, esta caja acr\u00edlica transparente es la respuesta definitiva, ya que combina a la perfecci\u00f3n una est\u00e9tica excepcional con una robusta capacidad.<\/p>\n<p><img fetchpriority=\"high\" decoding=\"async\" class=\"aligncenter wp-image-1185 size-full\" src=\"https:\/\/customacrylicproduct.com\/wp-content\/uploads\/2025\/07\/O1CN01ayjUyL1G7OeFxgHWs_2208241780575-0-cib.jpg\" alt=\"Caja acr\u00edlica personalizada\" width=\"750\" height=\"750\" srcset=\"https:\/\/customacrylicproduct.com\/wp-content\/uploads\/2025\/07\/O1CN01ayjUyL1G7OeFxgHWs_2208241780575-0-cib.jpg 750w, https:\/\/customacrylicproduct.com\/wp-content\/uploads\/2025\/07\/O1CN01ayjUyL1G7OeFxgHWs_2208241780575-0-cib-300x300.jpg 300w, https:\/\/customacrylicproduct.com\/wp-content\/uploads\/2025\/07\/O1CN01ayjUyL1G7OeFxgHWs_2208241780575-0-cib-150x150.jpg 150w, https:\/\/customacrylicproduct.com\/wp-content\/uploads\/2025\/07\/O1CN01ayjUyL1G7OeFxgHWs_2208241780575-0-cib-600x600.jpg 600w, https:\/\/customacrylicproduct.com\/wp-content\/uploads\/2025\/07\/O1CN01ayjUyL1G7OeFxgHWs_2208241780575-0-cib-100x100.jpg 100w\" sizes=\"(max-width: 750px) 100vw, 750px\" \/><\/p>\n<h4 id=\"-a-work-of-art-of-layout-the-blend-of-type-and-function-\"><strong>Una obra de arte de la maquetaci\u00f3n: La mezcla de tipo y funci\u00f3n<\/strong><\/h4>\n<p>Desde el primer vistazo, la calidad de la Caja de Pol\u00edmero Personalizada es obvia. Fabricada con acr\u00edlico de alta calidad, posee una sensaci\u00f3n significativa y una luminosidad cristalina que los pl\u00e1sticos m\u00e1s baratos simplemente no pueden duplicar. El material se selecciona no s\u00f3lo por su longevidad, sino por sus construcciones est\u00e9ticas \u00fanicas. A diferencia de los envases opacos, que lo ocultan todo, o de las cajas totalmente transparentes, que pueden parecer desordenadas, nuestro estilo transparente consigue un equilibrio excelente. Deja entrever el contenido, envuelto en un tono rico y uniforme, ya sea el azul zafiro, profundo y relajante, o el verde esmeralda, vivo y sofisticado.<\/p>\n<p>Esta refinada apertura transforma los objetos cotidianos en una cuidada pantalla de visualizaci\u00f3n. Los colores no se aplican simplemente; son indispensables para el propio acr\u00edlico, lo que garantiza un color profundo y regular que no se decolora, desconcha ni desprende gradualmente. El paquete atrapa y refracta la luz, creando un vibrante juego de colores y sombras que incluye profundidad y car\u00e1cter a cualquier tipo de superficie que adorne. Sus l\u00edneas ordenadas, \u00e1ngulos rectos y forma m\u00ednima nacen de los valores del dise\u00f1o contempor\u00e1neo, lo que le permite incorporarse perfectamente a decoraciones modernas, minimalistas o ecl\u00e9cticas. Esta es una opci\u00f3n de almacenamiento que no pretender\u00e1 ocultar en un armario; desear\u00e1 convertirla en una pieza central.<\/p>\n<p><img decoding=\"async\" class=\"aligncenter wp-image-1186 size-full\" src=\"https:\/\/customacrylicproduct.com\/wp-content\/uploads\/2025\/07\/O1CN01gwScma1G7OjXeoUZQ_2208241780575-0-cib.jpg\" alt=\"Caja acr\u00edlica personalizada\" width=\"750\" height=\"750\" srcset=\"https:\/\/customacrylicproduct.com\/wp-content\/uploads\/2025\/07\/O1CN01gwScma1G7OjXeoUZQ_2208241780575-0-cib.jpg 750w, https:\/\/customacrylicproduct.com\/wp-content\/uploads\/2025\/07\/O1CN01gwScma1G7OjXeoUZQ_2208241780575-0-cib-300x300.jpg 300w, https:\/\/customacrylicproduct.com\/wp-content\/uploads\/2025\/07\/O1CN01gwScma1G7OjXeoUZQ_2208241780575-0-cib-150x150.jpg 150w, https:\/\/customacrylicproduct.com\/wp-content\/uploads\/2025\/07\/O1CN01gwScma1G7OjXeoUZQ_2208241780575-0-cib-600x600.jpg 600w, https:\/\/customacrylicproduct.com\/wp-content\/uploads\/2025\/07\/O1CN01gwScma1G7OjXeoUZQ_2208241780575-0-cib-100x100.jpg 100w\" sizes=\"(max-width: 750px) 100vw, 750px\" \/><\/p>\n<h4 id=\"-unparalleled-practicality-built-permanently-\"><strong>Practicidad sin igual: Construido de forma permanente<\/strong><\/h4>\n<p>M\u00e1s all\u00e1 de su llamativo aspecto, esta caja acr\u00edlica es una fuente de organizaci\u00f3n. La principal funci\u00f3n de organizaci\u00f3n es su\u00a0<strong>a prueba de polvo\u00a0<\/strong>naturaleza. La tapa est\u00e1 cortada con precisi\u00f3n para encajar perfectamente y de forma segura en la base, creando un sellado casi perfecto que protege sus pertenencias de la suciedad, las part\u00edculas del aire y la humedad ambiental. Esto la convierte en el refugio \u00f3ptimo para las cosas fr\u00e1giles:.<\/p>\n<ul>\n<li><strong>Antig\u00fcedades:\u00a0<\/strong>Aseg\u00farese recuerdos firmados, cromos inusuales o fr\u00e1giles figuritas.<\/li>\n<li><strong>Art\u00edculo de alta gama:\u00a0<\/strong>Ofrezca un hogar digno a bolsos de dise\u00f1o, pa\u00f1uelos de seda o valiosas colecciones de zapatillas.<\/li>\n<li><strong>Dispositivos electr\u00f3nicos y accesorios:\u00a0<\/strong>Mantenga los cables, cargadores y auriculares de primera calidad organizados y sin suciedad destructiva.<\/li>\n<li><strong>Documentos vitales:\u00a0<\/strong>Proteja documentos cruciales, fotograf\u00edas o cartas emotivas de los aspectos y los estragos del tiempo.<\/li>\n<\/ul>\n<p>La construcci\u00f3n en s\u00ed es un testimonio de la m\u00e1xima calidad. El t\u00e9rmino \u201ccaja de empalme\u201d hace referencia a la t\u00e9cnica profesional con la que se empalman los paneles. Cada pieza se corta con l\u00e1ser para obtener lados impecables y despu\u00e9s se une con habilidad, produciendo uniones s\u00f3lidas y sin juntas que son tanto visualmente agradables como estructuralmente s\u00f3lidas. Esta construcci\u00f3n duradera significa que la caja no se alabear\u00e1 ni se doblar\u00e1 bajo presi\u00f3n, lo que permite un apilado seguro. Como se ve en las im\u00e1genes, estas cajas est\u00e1n dise\u00f1adas para ser un sistema modular. Puede apilar varias unidades para desarrollar una torre de almacenamiento vertical personalizada, optimizando el espacio en una estanter\u00eda, en un trastero o en su mesa de trabajo sin renunciar a la estabilidad ni al estilo.<\/p>\n<p>Para facilitar su uso, en los laterales se han practicado dos discretos orificios incorporados. Estas aberturas ergon\u00f3micas le permiten levantar y cargar c\u00f3modamente el paquete, incluso cuando est\u00e1 lleno, sin poner en peligro su perfil suave y geom\u00e9trico.<\/p>\n<p><img decoding=\"async\" class=\"aligncenter wp-image-1187 size-full\" src=\"https:\/\/customacrylicproduct.com\/wp-content\/uploads\/2025\/07\/O1CN01TBavgq1G7OjhPJS6v_2208241780575-0-cib.jpg\" alt=\"Caja acr\u00edlica personalizada\" width=\"750\" height=\"750\" srcset=\"https:\/\/customacrylicproduct.com\/wp-content\/uploads\/2025\/07\/O1CN01TBavgq1G7OjhPJS6v_2208241780575-0-cib.jpg 750w, https:\/\/customacrylicproduct.com\/wp-content\/uploads\/2025\/07\/O1CN01TBavgq1G7OjhPJS6v_2208241780575-0-cib-300x300.jpg 300w, https:\/\/customacrylicproduct.com\/wp-content\/uploads\/2025\/07\/O1CN01TBavgq1G7OjhPJS6v_2208241780575-0-cib-150x150.jpg 150w, https:\/\/customacrylicproduct.com\/wp-content\/uploads\/2025\/07\/O1CN01TBavgq1G7OjhPJS6v_2208241780575-0-cib-600x600.jpg 600w, https:\/\/customacrylicproduct.com\/wp-content\/uploads\/2025\/07\/O1CN01TBavgq1G7OjhPJS6v_2208241780575-0-cib-100x100.jpg 100w\" sizes=\"(max-width: 750px) 100vw, 750px\" \/><\/p>\n<h4 id=\"-the-power-of-customization-make-it-distinctively-yours-\"><strong>El poder de la personalizaci\u00f3n: H\u00e1galo inconfundiblemente suyo<\/strong><\/h4>\n<p>Aqu\u00ed es donde la Caja Acr\u00edlica Personalizada trasciende absolutamente la media. Nuestra empresa cree que su almacenamiento debe mostrar su identificaci\u00f3n, su marca o su historia. Nuestro servicio de personalizaci\u00f3n de \u00faltima generaci\u00f3n le permite transformar este atractivo art\u00edculo en un objeto \u00fanico. Mediante una impresi\u00f3n resistente de alta resoluci\u00f3n, podemos embellecer su caja con:.<\/p>\n<ul>\n<li><strong>Marcas y marcas:\u00a0<\/strong>Perfecto para las empresas que desean desarrollar regalos innovadores para sus clientes, organizar el lugar de trabajo con un toque de marca o potenciar las pantallas de exposici\u00f3n de los comercios.<\/li>\n<li><strong>Monogramas personales:\u00a0<\/strong>Incluya un toque cl\u00e1sico de sofisticaci\u00f3n con sus iniciales para utilizarlo en un despacho, un vestidor o un tocador.<\/li>\n<li><strong>N\u00fameros o fechas significativas:\u00a0<\/strong>Conmemore un aniversario especial, la celebraci\u00f3n de un cumplea\u00f1os o un n\u00famero afortunado, como el \u201c9\u201d de moda en las im\u00e1genes de nuestros productos.<\/li>\n<li><strong>Citas o textos inspiradores:\u00a0<\/strong>Imprime un mantra preferido o un verso en la tapa, transformando tu almac\u00e9n en un recurso de ideas cotidianas.<\/li>\n<\/ul>\n<p>La impresi\u00f3n en blanco proporciona un aspecto n\u00edtido y de alto contraste frente al acr\u00edlico azul y verde, garantizando que su estilo personalizado sea legible y visualmente impactante. Esta caracter\u00edstica convierte a la caja en un regalo excepcional y bien pensado para bodas, graduaciones universitarias, puntos de inflexi\u00f3n en la empresa o cualquier tipo de evento que requiera algo absolutamente individual y duradero.<\/p>\n<h4 id=\"-an-universe-of-possibilities-adaptability-in-every-area-\"><strong>Un universo de posibilidades: Adaptabilidad en todos los \u00e1mbitos<\/strong><\/h4>\n<p>La enorme flexibilidad de esta caja la convierte en un elemento esencial en cualquier lugar de la casa y la oficina.<\/p>\n<ul>\n<li><strong>En el espacio vital:\u00a0<\/strong>Suprima el desorden de mandos a distancia, monta\u00f1as rusas y mandos de juegos de ordenador. Compre en el interior impresionantes publicaciones o revistas de mesa de centro para mantener las superficies despejadas al tiempo que incluye un toque de sombra.<\/li>\n<li><strong>En el Ministerio del Interior:\u00a0<\/strong>Convierta su mesa de trabajo de desordenada en ordenada. Es el mejor lugar para guardar art\u00edculos de papeler\u00eda, blocs de notas, gadgets tecnol\u00f3gicos o datos de tareas.<\/li>\n<li><strong>En la habitaci\u00f3n y en el armario:\u00a0<\/strong>Organice joyas, relojes, cinturones y otros accesorios. Util\u00edcelo como un moderno \u201cba\u00fal de los recuerdos\u201d o para presentar y guardar un juego de zapatos de alta gama.<\/li>\n<li><strong>En espacios comerciales y minoristas:\u00a0<\/strong>Produzca impresionantes pantallas para puntos de venta con un aire extravagante y exclusivo. Util\u00edzalas para presentar art\u00edculos, contener materiales de marketing o como elegantes buzones para concursos y respuestas.<\/li>\n<\/ul>\n<p><strong>Especifique su espacio, proteja sus posesiones<\/strong><\/p>\n<p>La Caja Acr\u00edlica Personalizada es m\u00e1s que un simple contenedor; es una inversi\u00f3n econ\u00f3mica en un entorno ordenado, encantador y personalizado. Es una declaraci\u00f3n de que usted valora tanto las apariencias como el orden, de que cuida sus art\u00edculos, de que aprecia la artesan\u00eda. Deje de optar por un espacio de almacenamiento que necesita ocultar. Elija una soluci\u00f3n que le honre exhibir.<\/p>\n<p>Transforme lo ordinario en sorprendente. Pida hoy mismo su caja de almacenamiento de pol\u00edmero personalizada y experimente la excelente s\u00edntesis de dise\u00f1o, funcionalidad y expresi\u00f3n individual.<\/p>","protected":false},"excerpt":{"rendered":"<p class=\"ng-star-inserted\"><span class=\"ng-star-inserted\">Organ\u00edcese con estilo con nuestra caja acr\u00edlica personalizada. Este duradero contenedor a prueba de polvo ofrece un almacenamiento elegante y transl\u00facido en colores vibrantes. Con tapa y asas f\u00e1ciles de transportar, es perfecto para la decoraci\u00f3n moderna del hogar o la oficina. Personal\u00edzala con tu texto o logotipo exclusivo para que destaque.<\/span><\/p>","protected":false},"featured_media":1185,"template":"","meta":{"_kad_post_transparent":"default","_kad_post_title":"","_kad_post_layout":"default","_kad_post_sidebar_id":"","_kad_post_content_style":"default","_kad_post_vertical_padding":"default","_kad_post_feature":"","_kad_post_feature_position":"","_kad_post_header":false,"_kad_post_footer":false,"_kad_post_classname":""},"product_brand":[],"product_cat":[17],"product_tag":[120],"class_list":{"0":"post-1180","1":"product","2":"type-product","3":"status-publish","4":"has-post-thumbnail","6":"product_cat-custom-acrylic-boxes","7":"product_tag-custom-acrylic-box","9":"first","10":"instock","11":"shipping-taxable","12":"product-type-simple","13":"entry","14":"content-bg","15":"loop-entry"},"_links":{"self":[{"href":"https:\/\/customacrylicproduct.com\/es\/wp-json\/wp\/v2\/product\/1180","targetHints":{"allow":["GET"]}}],"collection":[{"href":"https:\/\/customacrylicproduct.com\/es\/wp-json\/wp\/v2\/product"}],"about":[{"href":"https:\/\/customacrylicproduct.com\/es\/wp-json\/wp\/v2\/types\/product"}],"wp:featuredmedia":[{"embeddable":true,"href":"https:\/\/customacrylicproduct.com\/es\/wp-json\/wp\/v2\/media\/1185"}],"wp:attachment":[{"href":"https:\/\/customacrylicproduct.com\/es\/wp-json\/wp\/v2\/media?parent=1180"}],"wp:term":[{"taxonomy":"product_brand","embeddable":true,"href":"https:\/\/customacrylicproduct.com\/es\/wp-json\/wp\/v2\/product_brand?post=1180"},{"taxonomy":"product_cat","embeddable":true,"href":"https:\/\/customacrylicproduct.com\/es\/wp-json\/wp\/v2\/product_cat?post=1180"},{"taxonomy":"product_tag","embeddable":true,"href":"https:\/\/customacrylicproduct.com\/es\/wp-json\/wp\/v2\/product_tag?post=1180"}],"curies":[{"name":"wp","href":"https:\/\/api.w.org\/{rel}","templated":true}]}}