{"id":1188,"date":"2025-07-17T12:52:29","date_gmt":"2025-07-17T12:52:29","guid":{"rendered":"https:\/\/customacrylicproduct.com\/?post_type=product&#038;p=1188"},"modified":"2025-07-22T07:43:01","modified_gmt":"2025-07-22T07:43:01","slug":"acrylic-products-round-rod-special-rod-sample-customization","status":"publish","type":"product","link":"https:\/\/customacrylicproduct.com\/es\/acrylic-products-round-rod-special-rod-sample-customization\/","title":{"rendered":"Productos acr\u00edlicos Varilla redonda Varilla especial Personalizaci\u00f3n de muestras"},"content":{"rendered":"<h3 id=\"-discover-the-brilliance-of-custom-made-polymer-rods-where-quality-satisfies-creative-thinking-\"><strong>Descubra la brillantez de las varillas de pol\u00edmero hechas a medida: Donde la calidad satisface el pensamiento creativo<\/strong><\/h3>\n<p>En el mundo del dise\u00f1o, el estilo y la producci\u00f3n, el producto ideal puede hacer que una tarea pase de com\u00fan a asombrosa. Puede captar la luz, definir el espacio y convertir una idea b\u00e1sica en una verdad espectacular. Le invitamos a descubrir el infinito potencial de nuestros postes acr\u00edlicos personalizados: una fusi\u00f3n perfecta de hermosa claridad, robusta eficacia y creatividad a medida, como demuestra la espectacular barra \u201cburbuja de luz estelar\u201d que aparece en nuestra galer\u00eda.<\/p>\n<p><img fetchpriority=\"high\" decoding=\"async\" class=\"aligncenter wp-image-1191 size-full\" src=\"https:\/\/customacrylicproduct.com\/wp-content\/uploads\/2025\/07\/O1CN01hYxjII1Bs2hJGf7OW_0-0-cib.jpg\" alt=\"Productos acr\u00edlicos Varilla redonda\" width=\"800\" height=\"800\" srcset=\"https:\/\/customacrylicproduct.com\/wp-content\/uploads\/2025\/07\/O1CN01hYxjII1Bs2hJGf7OW_0-0-cib.jpg 800w, https:\/\/customacrylicproduct.com\/wp-content\/uploads\/2025\/07\/O1CN01hYxjII1Bs2hJGf7OW_0-0-cib-300x300.jpg 300w, https:\/\/customacrylicproduct.com\/wp-content\/uploads\/2025\/07\/O1CN01hYxjII1Bs2hJGf7OW_0-0-cib-150x150.jpg 150w, https:\/\/customacrylicproduct.com\/wp-content\/uploads\/2025\/07\/O1CN01hYxjII1Bs2hJGf7OW_0-0-cib-768x768.jpg 768w, https:\/\/customacrylicproduct.com\/wp-content\/uploads\/2025\/07\/O1CN01hYxjII1Bs2hJGf7OW_0-0-cib-600x600.jpg 600w, https:\/\/customacrylicproduct.com\/wp-content\/uploads\/2025\/07\/O1CN01hYxjII1Bs2hJGf7OW_0-0-cib-100x100.jpg 100w\" sizes=\"(max-width: 800px) 100vw, 800px\" \/><\/p>\n<p><strong>Un primer vistazo: La magia en el material<\/strong><\/p>\n<p>La imagen que tiene ante usted muestra algo m\u00e1s que un simple trozo de pl\u00e1stico; revela un mundo de posibilidades grabado dentro de un tipo perfectamente redondo. Esta es nuestra varilla acr\u00edlica de resultado \u00fanico, diligentemente elaborada para inspirar admiraci\u00f3n. Notifique el cuerpo cristalino, tan puro que parece hilado de luz l\u00edquida. Suspendidas en este extraordinario medio hay numerosas burbujas diminutas e iridiscentes, congeladas en el tiempo como una galaxia de estrellas. A medida que la luz viaja a trav\u00e9s de ellas, cada burbuja la atrapa y la refracta, produciendo un efecto din\u00e1mico y resplandeciente que es a la vez sutil y emocionante. La terminaci\u00f3n se reduce con absoluta precisi\u00f3n, dejando al descubierto una superficie pulida, como de cristal, que habla de la m\u00e1xima calidad tanto del producto como de nuestra artesan\u00eda. Este es el criterio de calidad que puede esperar de cada art\u00edculo que creamos.<\/p>\n<p><strong>La inigualable calidad del pol\u00edmero de primera calidad (PMMA)<\/strong><\/p>\n<p>Nuestras barras est\u00e1n fabricadas con polimetacrilato de metilo (PMMA) de la mejor calidad posible, conocido por sus extraordinarias propiedades. Al elegir nuestro acr\u00edlico, est\u00e1 eligiendo un material que proporciona:.<\/p>\n<ul>\n<li><strong>Preeminencia \u00f3ptica:\u00a0<\/strong>Con un precio de transmisi\u00f3n de luz superior a 92%, nuestras varillas acr\u00edlicas son m\u00e1s claras que el cristal, lo que proporciona una calidad inigualable sin el color verde t\u00edpico de los materiales de menor calidad. Esto las hace ideales para aplicaciones en las que el juego de luces y la pureza est\u00e9tica son fundamentales.<\/li>\n<li><strong>Durabilidad sorprendente:\u00a0<\/strong>A pesar de su aspecto fr\u00e1gil, el pol\u00edmero es incre\u00edblemente duradero. Presume de una resistencia al impacto significativamente mayor que el vidrio, lo que lo convierte en una opci\u00f3n m\u00e1s segura y robusta para instalaciones p\u00fablicas, pantallas de comercios y piezas de mobiliario \u00fatiles. Resiste el deterioro, lo que reduce los riesgos y los gastos de sustituci\u00f3n.<\/li>\n<li><strong>Resistencia ligera:\u00a0<\/strong>El pol\u00edmero pesa menos del cincuenta por ciento que el vidrio, lo que agiliza su transporte, manipulaci\u00f3n e instalaci\u00f3n. Su ligereza permite una mayor libertad de dise\u00f1o, posibilitando el desarrollo de instalaciones a mayor escala y estructuras m\u00e1s complejas sin necesidad de un s\u00f3lido grupo de soporte.<\/li>\n<li><strong>Condiciones meteorol\u00f3gicas y resistencia a los rayos UV:\u00a0<\/strong>Nuestras varillas acr\u00edlicas son intr\u00ednsecamente resistentes a la intemperie y a los efectos destructivos de la radiaci\u00f3n ultravioleta. No amarillean ni se rompen a la intemperie, lo que garantiza que sus promociones mantendr\u00e1n su encanto e integridad estructural durante a\u00f1os, tanto si se utilizan en interiores como en exteriores.<\/li>\n<li><strong>Trabajabilidad:\u00a0<\/strong>El acr\u00edlico es el material so\u00f1ado por los desarrolladores. Se puede cortar con exactitud, taladrar, mecanizar, doblar con calor y abrillantar hasta conseguir un brillo fant\u00e1stico. Esta sencillez de construcci\u00f3n permite dise\u00f1os complejos y una asimilaci\u00f3n perfecta con otros materiales como la madera, el metal y la roca.<\/li>\n<\/ul>\n<p><img decoding=\"async\" class=\"aligncenter wp-image-1192 size-full\" src=\"https:\/\/customacrylicproduct.com\/wp-content\/uploads\/2025\/07\/O1CN01KxWG7J2558tIF5BY9_2817387474-0-cib.jpg\" alt=\"Productos acr\u00edlicos Varilla redonda\" width=\"800\" height=\"800\" srcset=\"https:\/\/customacrylicproduct.com\/wp-content\/uploads\/2025\/07\/O1CN01KxWG7J2558tIF5BY9_2817387474-0-cib.jpg 800w, https:\/\/customacrylicproduct.com\/wp-content\/uploads\/2025\/07\/O1CN01KxWG7J2558tIF5BY9_2817387474-0-cib-300x300.jpg 300w, https:\/\/customacrylicproduct.com\/wp-content\/uploads\/2025\/07\/O1CN01KxWG7J2558tIF5BY9_2817387474-0-cib-150x150.jpg 150w, https:\/\/customacrylicproduct.com\/wp-content\/uploads\/2025\/07\/O1CN01KxWG7J2558tIF5BY9_2817387474-0-cib-768x768.jpg 768w, https:\/\/customacrylicproduct.com\/wp-content\/uploads\/2025\/07\/O1CN01KxWG7J2558tIF5BY9_2817387474-0-cib-600x600.jpg 600w, https:\/\/customacrylicproduct.com\/wp-content\/uploads\/2025\/07\/O1CN01KxWG7J2558tIF5BY9_2817387474-0-cib-100x100.jpg 100w\" sizes=\"(max-width: 800px) 100vw, 800px\" \/><\/p>\n<p><strong>El poder de la personalizaci\u00f3n: Su visi\u00f3n, hecha realidad<\/strong><\/p>\n<p>Creemos que cada proyecto es especial y que los elementos est\u00e1ndar no deben limitar su imaginaci\u00f3n. Nuestro principal servicio es la personalizaci\u00f3n exhaustiva, que le permite especificar la varilla concreta que necesita para dar vida a su visi\u00f3n.<\/p>\n<p>Nuestras opciones de personalizaci\u00f3n incluyen:.<\/p>\n<ul>\n<li><strong>Tama\u00f1o y longitud:\u00a0<\/strong>Desde postes delgados y fr\u00e1giles para soportes de joyas preciosas hasta barras gruesas y significativas para componentes arquitect\u00f3nicos, podemos crear postes en una amplia variedad de di\u00e1metros. Realizamos cortes de precisi\u00f3n de cualquier longitud que necesite su proyecto, garantizando siempre un ajuste perfecto.<\/li>\n<li><strong>Impactos y estilos especiales:\u00a0<\/strong>La varilla \u201cburbuja de luz estelar\u201d es simplemente un ejemplo de nuestras capacidades. Podemos producir un perfil variado de barras de impacto especiales, incluyendo:.<\/li>\n<li><strong>Postes de remolino:\u00a0<\/strong>Elegantes remolinos de colores envueltos en una varilla transparente para un impacto vibrante y art\u00edstico.<\/li>\n<li><strong>Varillas esmeriladas y mate:\u00a0<\/strong>Una superficie arenada o mate que difunde la luz maravillosamente, perfecta para luminarias contempor\u00e1neas y pantallas de privacidad.<\/li>\n<li><strong>Postes fluorescentes:\u00a0<\/strong>Varillas con laterales radiantes de tonos vibrantes que parecen iluminarse por s\u00ed solas, perfectas para atractivos r\u00f3tulos y expositores.<\/li>\n<li><strong>Varillas de colores:\u00a0<\/strong>Una completa gama de colores transparentes, transl\u00facidos y opacos para adaptarse a su identidad de marca o combinaci\u00f3n de estilos.<\/li>\n<li><strong>Formas:\u00a0<\/strong>Aunque la varilla redonda es un cl\u00e1sico atemporal, tambi\u00e9n ofrecemos formas de varilla \u00fanicas, como cuadradas, triangulares, o quiz\u00e1 cuentas personalizadas, para satisfacer obst\u00e1culos de disposici\u00f3n espec\u00edficos.<\/li>\n<li><strong>Toques finales:\u00a0<\/strong>Podemos ofrecer soluciones de construcci\u00f3n adicionales, consistentes en biselar los laterales para darles un aspecto pulido, perforar orificios precisos para su instalaci\u00f3n o roscar los extremos para su colocaci\u00f3n mec\u00e1nica.<\/li>\n<\/ul>\n<p><img decoding=\"async\" class=\"aligncenter wp-image-1189 size-full\" src=\"https:\/\/customacrylicproduct.com\/wp-content\/uploads\/2025\/07\/O1CN01Ac8edu2558tN3XBpg_2817387474-0-cib.jpg\" alt=\"Productos acr\u00edlicos Varilla redonda\" width=\"800\" height=\"800\" srcset=\"https:\/\/customacrylicproduct.com\/wp-content\/uploads\/2025\/07\/O1CN01Ac8edu2558tN3XBpg_2817387474-0-cib.jpg 800w, https:\/\/customacrylicproduct.com\/wp-content\/uploads\/2025\/07\/O1CN01Ac8edu2558tN3XBpg_2817387474-0-cib-300x300.jpg 300w, https:\/\/customacrylicproduct.com\/wp-content\/uploads\/2025\/07\/O1CN01Ac8edu2558tN3XBpg_2817387474-0-cib-150x150.jpg 150w, https:\/\/customacrylicproduct.com\/wp-content\/uploads\/2025\/07\/O1CN01Ac8edu2558tN3XBpg_2817387474-0-cib-768x768.jpg 768w, https:\/\/customacrylicproduct.com\/wp-content\/uploads\/2025\/07\/O1CN01Ac8edu2558tN3XBpg_2817387474-0-cib-600x600.jpg 600w, https:\/\/customacrylicproduct.com\/wp-content\/uploads\/2025\/07\/O1CN01Ac8edu2558tN3XBpg_2817387474-0-cib-100x100.jpg 100w\" sizes=\"(max-width: 800px) 100vw, 800px\" \/><\/p>\n<p><strong>Aplicaciones: \u00bfAd\u00f3nde pueden llevarle nuestras barras acr\u00edlicas?<\/strong><\/p>\n<p>La adaptabilidad de nuestras varillas acr\u00edlicas personalizadas las hace apropiadas para una incre\u00edble selecci\u00f3n de mercados y aplicaciones:.<\/p>\n<ul>\n<li><strong>Arquitectura y dise\u00f1o de interiores:\u00a0<\/strong>Cree impresionantes balaustradas para escaleras, atractivas mamparas, patas de muebles \u00fanicas, barras de cortinas y accesorios de iluminaci\u00f3n a medida que sirvan como pieza central de una zona.<\/li>\n<li><strong>Comercio minorista y visual:\u00a0<\/strong>Estilice expositores de punto de venta de alta gama, propietarios de bisuter\u00eda, stands est\u00e9ticos y r\u00f3tulos que capten el inter\u00e9s de los clientes y eleven el valor visual de su marca.<\/li>\n<li><strong>Arte y escultura:\u00a0<\/strong>Para artistas y tallistas, nuestras varillas ofrecen una herramienta \u00fanica para jugar con la luz, el tipo y la apertura, lo que permite crear impresionantes montajes y obras de arte.<\/li>\n<li><strong>Pasatiempos y manualidades:\u00a0<\/strong>Desde la fabricaci\u00f3n a medida de cuchillas y espacios para bol\u00edgrafos hasta la construcci\u00f3n de versiones distintas o incluso varitas de aspecto m\u00e1gico, nuestras p\u00e9rtigas ofrecen un producto de alta calidad para los aficionados m\u00e1s exigentes.<\/li>\n<li><strong>Industrial y T\u00e9cnica:\u00a0<\/strong>Util\u00edcelos como conductos de luz para canalizar la iluminaci\u00f3n en espacios limitados, mirillas duraderas para controlar l\u00edquidos o elementos no conductores en configuraciones digitales.<\/li>\n<\/ul>\n<p><strong>Solicite hoy mismo su muestra personalizada<\/strong><\/p>\n<p>Entendemos que ver y sentir es creer. Para asegurarnos de que nuestros art\u00edculos se adaptan perfectamente a sus necesidades, le ofrecemos un completo programa de modificaci\u00f3n de muestras. No tiene que elegir un ejemplo gen\u00e9rico; puede solicitar un art\u00edculo de muestra hecho a la medida de sus necesidades espec\u00edficas. Eval\u00fae la claridad, revise el impacto de la \u201cburbuja de luz estelar\u201d en sus propias condiciones de iluminaci\u00f3n y valide las medidas y la superficie. Esta experiencia pr\u00e1ctica garantiza su confianza antes de dedicarse a una fabricaci\u00f3n completa.<\/p>\n<p>As\u00f3ciese con nosotros para desbloquear un nuevo nivel de potencial de estilo. Trabajemos juntos para producir piezas que no solo sean \u00fatiles, sino realmente motivadoras.<\/p>\n<p><strong>Ll\u00e1menos hoy mismo para revisar su trabajo, descubrir nuestras opciones de modificaci\u00f3n y solicitar su muestra de poste acr\u00edlico a medida. Construyamos juntos algo fant\u00e1stico.\u00a0<\/strong>.<\/p>","protected":false},"excerpt":{"rendered":"<p class=\"ng-star-inserted\"><span class=\"ng-star-inserted\">Varillas acr\u00edlicas personalizadas de alta calidad. Ofrecemos una vibrante selecci\u00f3n de varillas redondas y especiales, incluyendo patrones de burbujas y remolinos. Disponibles en varios colores y di\u00e1metros. Duraderas y cristalinas. Solicite hoy mismo una muestra para su proyecto exclusivo<\/span><\/p>","protected":false},"featured_media":1191,"template":"","meta":{"_kad_post_transparent":"default","_kad_post_title":"","_kad_post_layout":"default","_kad_post_sidebar_id":"","_kad_post_content_style":"default","_kad_post_vertical_padding":"default","_kad_post_feature":"","_kad_post_feature_position":"","_kad_post_header":false,"_kad_post_footer":false,"_kad_post_classname":""},"product_brand":[],"product_cat":[23],"product_tag":[119],"class_list":{"0":"post-1188","1":"product","2":"type-product","3":"status-publish","4":"has-post-thumbnail","6":"product_cat-custom-acrylic-rods-tubes","7":"product_tag-acrylic-products-round-rod","9":"first","10":"instock","11":"shipping-taxable","12":"product-type-simple","13":"entry","14":"content-bg","15":"loop-entry"},"_links":{"self":[{"href":"https:\/\/customacrylicproduct.com\/es\/wp-json\/wp\/v2\/product\/1188","targetHints":{"allow":["GET"]}}],"collection":[{"href":"https:\/\/customacrylicproduct.com\/es\/wp-json\/wp\/v2\/product"}],"about":[{"href":"https:\/\/customacrylicproduct.com\/es\/wp-json\/wp\/v2\/types\/product"}],"wp:featuredmedia":[{"embeddable":true,"href":"https:\/\/customacrylicproduct.com\/es\/wp-json\/wp\/v2\/media\/1191"}],"wp:attachment":[{"href":"https:\/\/customacrylicproduct.com\/es\/wp-json\/wp\/v2\/media?parent=1188"}],"wp:term":[{"taxonomy":"product_brand","embeddable":true,"href":"https:\/\/customacrylicproduct.com\/es\/wp-json\/wp\/v2\/product_brand?post=1188"},{"taxonomy":"product_cat","embeddable":true,"href":"https:\/\/customacrylicproduct.com\/es\/wp-json\/wp\/v2\/product_cat?post=1188"},{"taxonomy":"product_tag","embeddable":true,"href":"https:\/\/customacrylicproduct.com\/es\/wp-json\/wp\/v2\/product_tag?post=1188"}],"curies":[{"name":"wp","href":"https:\/\/api.w.org\/{rel}","templated":true}]}}