{"id":1193,"date":"2025-07-18T01:18:10","date_gmt":"2025-07-18T01:18:10","guid":{"rendered":"https:\/\/customacrylicproduct.com\/?post_type=product&#038;p=1193"},"modified":"2025-07-22T07:44:15","modified_gmt":"2025-07-22T07:44:15","slug":"acrylic-ladder-display-rack-acrylic-display-rack-factory","status":"publish","type":"product","link":"https:\/\/customacrylicproduct.com\/es\/acrylic-ladder-display-rack-acrylic-display-rack-factory\/","title":{"rendered":"Estante de exhibici\u00f3n de la escalera de acr\u00edlico Estante de exhibici\u00f3n de acr\u00edlico F\u00e1brica"},"content":{"rendered":"<h3 id=\"the-art-of-the-reveal-presenting-the-3-tier-acrylic-ladder-display-shelf\">El arte de la revelaci\u00f3n: Presentaci\u00f3n de la estanter\u00eda expositora acr\u00edlica de 3 niveles<\/h3>\n<p>En el arte de la discusi\u00f3n, cada detalle importa. La forma en que se presenta un objeto puede transformar fundamentalmente nuestra percepci\u00f3n de su valor, su elegancia y su valor. Es la distinci\u00f3n entre el desorden y una colecci\u00f3n, entre la mercanc\u00eda y un art\u00edculo esencial. En Acrylic Show Rack Manufacturing somos conscientes de este profundo principio. Es por eso que hemos elaborado una soluci\u00f3n de pantalla que no es simplemente funcional, pero transformacional: la escalera de pol\u00edmero de 3 niveles Present Estante.<\/p>\n<p>Esto es m\u00e1s que un simple soporte; es un escenario diligentemente desarrollado para elevar sus art\u00edculos m\u00e1s preciados. Tanto si es el propietario de un negocio minorista local que busca crear una atractiva pantalla de punto de venta, un aficionado a la elegancia que organiza un tocador personal, o un entusiasta entusiasta que muestra sus tesoros, este estante es el dispositivo definitivo para aportar claridad, sofisticaci\u00f3n y enfoque a su presentaci\u00f3n.<\/p>\n<p><img fetchpriority=\"high\" decoding=\"async\" class=\"aligncenter wp-image-1196 size-full\" src=\"https:\/\/customacrylicproduct.com\/wp-content\/uploads\/2025\/07\/O1CN017NZdjy1rp243gY1nl_2057105679-0-cib.jpg\" alt=\"Escalera acr\u00edlica\" width=\"800\" height=\"800\" srcset=\"https:\/\/customacrylicproduct.com\/wp-content\/uploads\/2025\/07\/O1CN017NZdjy1rp243gY1nl_2057105679-0-cib.jpg 800w, https:\/\/customacrylicproduct.com\/wp-content\/uploads\/2025\/07\/O1CN017NZdjy1rp243gY1nl_2057105679-0-cib-300x300.jpg 300w, https:\/\/customacrylicproduct.com\/wp-content\/uploads\/2025\/07\/O1CN017NZdjy1rp243gY1nl_2057105679-0-cib-150x150.jpg 150w, https:\/\/customacrylicproduct.com\/wp-content\/uploads\/2025\/07\/O1CN017NZdjy1rp243gY1nl_2057105679-0-cib-768x768.jpg 768w, https:\/\/customacrylicproduct.com\/wp-content\/uploads\/2025\/07\/O1CN017NZdjy1rp243gY1nl_2057105679-0-cib-600x600.jpg 600w, https:\/\/customacrylicproduct.com\/wp-content\/uploads\/2025\/07\/O1CN017NZdjy1rp243gY1nl_2057105679-0-cib-100x100.jpg 100w\" sizes=\"(max-width: 800px) 100vw, 800px\" \/><\/p>\n<h4 id=\"a-work-of-art-of-modern-design\">Una obra de arte de dise\u00f1o moderno<\/h4>\n<p>La primera impresi\u00f3n de nuestro estante para pantallas es de una sofisticaci\u00f3n minimalista y sorprendente. El dise\u00f1o es voluntarioso, construido sobre una base de l\u00edneas ordenadas y un innovador marco escalonado que normalmente domina la mirada del visitante.<\/p>\n<p><strong>Un estudio por otra parte:\u00a0<\/strong>La est\u00e9tica es una sinfon\u00eda cl\u00e1sica en blanco y negro. El marco y las contrahuellas est\u00e1n fabricados en un acr\u00edlico negro intenso y brillante con un revestimiento reflectante de alto brillo. Este poderoso negro proporciona un tel\u00f3n de fondo significativo y extravagante, produciendo un vac\u00edo de pura sombra contra el que sus productos pueden brillar absolutamente. Los enmarca, los ancla y les proporciona una sensaci\u00f3n instant\u00e1nea de calidad superior.<\/p>\n<p>Con una resistencia encantadora, las superficies de los 3 niveles grandes est\u00e1n fabricadas con un excelente pol\u00edmero blanco esmerilado. Esta opci\u00f3n es esencial para el brillo est\u00e9tico de la estanter\u00eda. La calidad superior mate y transparente de las estanter\u00edas blancas difunde la luz de forma suave y uniforme, eliminando los reflejos y brillos molestos. Funciona como un lienzo ordenado y neutro que garantiza que los tonos y estructuras reales de sus cosas -desde el sutil brillo de un iluminador hasta el pigmento vivo de una barra de labios- se presenten con perfecta precisi\u00f3n. Esta poderosa interacci\u00f3n entre el negro brillante y el blanco suave desarrolla un aspecto vers\u00e1til y de primera calidad que combina con cualquier tipo de ambiente, desde una elegante tienda moderna hasta un espacio individual cl\u00e1sico.<\/p>\n<p><strong>El poder de la elevaci\u00f3n:\u00a0<\/strong>El dise\u00f1o de tres pelda\u00f1os, tipo escalera, es el n\u00facleo de su rendimiento. Mediante la producci\u00f3n de distintos grados verticales, se resuelve el viejo problema de los productos de conseguir derramado detr\u00e1s de uno adicional. Cada nivel ofrece una vista despejada, lo que garantiza que todo est\u00e9 visible y accesible. Esta discusi\u00f3n jer\u00e1rquica permite la venta estrat\u00e9gica, colocando los art\u00edculos estrella, los reci\u00e9n llegados o los art\u00edculos promocionales en posiciones privilegiadas para captar la atenci\u00f3n al instante.<\/p>\n<p><img decoding=\"async\" class=\"aligncenter wp-image-1194 size-full\" src=\"https:\/\/customacrylicproduct.com\/wp-content\/uploads\/2025\/07\/O1CN01wJ3pCN1rp242Ahotl_2057105679-0-cib.jpg\" alt=\"Escalera acr\u00edlica\" width=\"800\" height=\"800\" srcset=\"https:\/\/customacrylicproduct.com\/wp-content\/uploads\/2025\/07\/O1CN01wJ3pCN1rp242Ahotl_2057105679-0-cib.jpg 800w, https:\/\/customacrylicproduct.com\/wp-content\/uploads\/2025\/07\/O1CN01wJ3pCN1rp242Ahotl_2057105679-0-cib-300x300.jpg 300w, https:\/\/customacrylicproduct.com\/wp-content\/uploads\/2025\/07\/O1CN01wJ3pCN1rp242Ahotl_2057105679-0-cib-150x150.jpg 150w, https:\/\/customacrylicproduct.com\/wp-content\/uploads\/2025\/07\/O1CN01wJ3pCN1rp242Ahotl_2057105679-0-cib-768x768.jpg 768w, https:\/\/customacrylicproduct.com\/wp-content\/uploads\/2025\/07\/O1CN01wJ3pCN1rp242Ahotl_2057105679-0-cib-600x600.jpg 600w, https:\/\/customacrylicproduct.com\/wp-content\/uploads\/2025\/07\/O1CN01wJ3pCN1rp242Ahotl_2057105679-0-cib-100x100.jpg 100w\" sizes=\"(max-width: 800px) 100vw, 800px\" \/><\/p>\n<h4 id=\"the-manufacturing-facility-assurance-uncompromising-quality\">Garant\u00eda de las instalaciones de fabricaci\u00f3n: Calidad sin concesiones<\/h4>\n<p>Como fabricante especializado, gestionamos cada paso del proceso de producci\u00f3n, garantizando una exigencia de calidad que los distribuidores no pueden igualar. Esta estanter\u00eda de exposici\u00f3n es un testimonio de nuestra dedicaci\u00f3n a los productos excepcionales y mano de obra de precisi\u00f3n.<\/p>\n<p><strong>Costes Acr\u00edlico moldeado:\u00a0<\/strong>S\u00f3lo utilizamos acr\u00edlico fundido (PMMA) de alta calidad, un producto seleccionado por sus excepcionales propiedades residenciales. A diferencia de los pl\u00e1sticos extruidos de bajo coste que pueden rasparse r\u00e1pidamente y amarillear con el tiempo, nuestros actores acr\u00edlico ofertas:<\/p>\n<ul>\n<li><strong>Calidad \u00f3ptica:\u00a0<\/strong>Tiene una calidad superior cristalina que equivale a un gran vidrio, lo que permite un debate impecable sin distorsiones est\u00e9ticas.<\/li>\n<li><strong>Resistencia superior:\u00a0<\/strong>Al tiempo que ofrece el encanto del cristal, el acr\u00edlico es mucho m\u00e1s resistente a los impactos y a las roturas, lo que lo convierte en una opci\u00f3n segura y \u00fatil tanto para entornos comerciales muy transitados como para hogares.<\/li>\n<li><strong>Resistencia ligera:\u00a0<\/strong>A pesar de su aspecto resistente y duradero, la estanter\u00eda es sorprendentemente ligera, lo que facilita su reorganizaci\u00f3n, limpieza o transporte a eventos como convenciones comerciales y mercados.<\/li>\n<\/ul>\n<p><strong>Dise\u00f1o de precisi\u00f3n:\u00a0<\/strong>Cada parte de la estanter\u00eda se reduce utilizando la m\u00e1s moderna tecnolog\u00eda l\u00e1ser, asegurando l\u00edneas perfectamente rectas y \u00e1ngulos perfectos. A continuaci\u00f3n, los bordes se pulen con diamante hasta obtener un revestimiento liso y transparente que capta la luz magn\u00edficamente. La imagen informativa de la esquina revela nuestra precisa construcci\u00f3n. El bastidor no est\u00e1 pegado a la ligera, sino firmemente fijado con pernos avellanados de alta calidad que se integran perfectamente en el marco negro. Este inter\u00e9s por el detalle asegura una honestidad estructural excepcional y una larga vida \u00fatil, garantizando un art\u00edculo que sin duda conservar\u00e1 su belleza y seguridad durante varios a\u00f1os.<\/p>\n<p><img decoding=\"async\" class=\"aligncenter wp-image-1195 size-full\" src=\"https:\/\/customacrylicproduct.com\/wp-content\/uploads\/2025\/07\/O1CN01ZhA4Pu1rp2ItHtvb1_2057105679-0-cib.jpg\" alt=\"Escalera acr\u00edlica\" width=\"800\" height=\"800\" srcset=\"https:\/\/customacrylicproduct.com\/wp-content\/uploads\/2025\/07\/O1CN01ZhA4Pu1rp2ItHtvb1_2057105679-0-cib.jpg 800w, https:\/\/customacrylicproduct.com\/wp-content\/uploads\/2025\/07\/O1CN01ZhA4Pu1rp2ItHtvb1_2057105679-0-cib-300x300.jpg 300w, https:\/\/customacrylicproduct.com\/wp-content\/uploads\/2025\/07\/O1CN01ZhA4Pu1rp2ItHtvb1_2057105679-0-cib-150x150.jpg 150w, https:\/\/customacrylicproduct.com\/wp-content\/uploads\/2025\/07\/O1CN01ZhA4Pu1rp2ItHtvb1_2057105679-0-cib-768x768.jpg 768w, https:\/\/customacrylicproduct.com\/wp-content\/uploads\/2025\/07\/O1CN01ZhA4Pu1rp2ItHtvb1_2057105679-0-cib-600x600.jpg 600w, https:\/\/customacrylicproduct.com\/wp-content\/uploads\/2025\/07\/O1CN01ZhA4Pu1rp2ItHtvb1_2057105679-0-cib-100x100.jpg 100w\" sizes=\"(max-width: 800px) 100vw, 800px\" \/><\/p>\n<h4 id=\"a-cosmos-of-convenience-unlimited-applications\">Un Cosmos de Conveniencia: Aplicaciones ilimitadas<\/h4>\n<p>El dise\u00f1o ordenado y adaptable de la estanter\u00eda Polymer Ladder Present la convierte en una herramienta vital en una serie sustancial de aplicaciones.<\/p>\n<p><strong>Para los aficionados a la venta al por menor:\u00a0<\/strong>. Transforme el espacio de su mostrador en un potente ch\u00f3fer de ventas. Esta estanter\u00eda es perfecta para:.<\/p>\n<ul>\n<li><strong>Cosm\u00e9ticos y encanto:\u00a0<\/strong>Muestre con elegancia estructuras, fragancias, brillo de u\u00f1as, lociones para el cuidado de la piel y pinceles de maquillaje, tal y como se muestran en el cuadro de la forma de vida. La disposici\u00f3n escalonada invita a los clientes a explorar su variedad.<\/li>\n<li><strong>Boutiques y joyer\u00edas:\u00a0<\/strong>Exhiba delicadas joyas preciosas, relojes, bol\u00edgrafos de alta gama o peque\u00f1os productos de cuero natural. El acabado de primera calidad del soporte realza el valor visual de sus productos.<\/li>\n<li><strong>Tiendas premium y especializadas:\u00a0<\/strong>Cree una apetitosa pantalla expositora de bombones artesanales, cupcakes, macarons o envases de exquisitos condimentos y mermeladas.<\/li>\n<\/ul>\n<p><strong>Para el Coordinador del Hogar:\u00a0<\/strong>. Aporta orden y estilo a tu espacio individual, transformando las cosas cotidianas en un biombo curado.<\/p>\n<ul>\n<li><strong>La vanidad del deseo:\u00a0<\/strong>Por \u00faltimo, acaba con el desorden en el mostrador. Organiza tu rutina diaria de cuidado de la piel, tu colecci\u00f3n de perfumes y tus b\u00e1sicos de maquillaje en una disposici\u00f3n accesible y atractiva que convierta la preparaci\u00f3n en un placer.<\/li>\n<li><strong>La fase del coleccionista:\u00a0<\/strong>Ofrezca a sus preciadas posesiones el protagonismo que se merecen. Es la mejor representaci\u00f3n de Funko Pops, figuritas en miniatura, colecciones de cristal o cualquier tipo de peque\u00f1as antig\u00fcedades.<\/li>\n<li><strong>Decoraci\u00f3n pr\u00e1ctica:\u00a0<\/strong>Util\u00edcelo en su oficina para guardar elegantes art\u00edculos de papeler\u00eda, en su sal\u00f3n para peque\u00f1as suculentas o en su zona de cocina como un elegante y moderno estante de sabores.<\/li>\n<\/ul>\n<p><strong>Para especialistas:\u00a0<\/strong>. Para maquilladores, especialistas en u\u00f1as y artesanos, esta estanter\u00eda es un dispositivo esencial para el rendimiento, la profesionalidad y la fiabilidad. Mantenga sus productos y dispositivos m\u00e1s utilizados ordenados y al alcance de la mano, al tiempo que proporciona una estaci\u00f3n de trabajo ordenada, refinada y notable a sus clientes.<\/p>\n<h4 id=\"a-financial-investment-in-excellence-\">Una inversi\u00f3n financiera en excelencia<\/h4>\n<p>El expositor acr\u00edlico de 3 niveles es mucho m\u00e1s que un simple organizador. Es una inversi\u00f3n en una presentaci\u00f3n eficaz y una calidad superior duradera. Al comprar directamente de la planta de fabricaci\u00f3n, se le garantiza un producto desarrollado con experiencia y pasi\u00f3n, sin los m\u00e1rgenes de beneficio de un intermediario. Es una opci\u00f3n resistente, flexible y, sin duda, elegante, hecha para mostrar lo que m\u00e1s le importa.<\/p>\n<p>Deje de permitir que sus mejores art\u00edculos se oculten en la oscuridad. Levante sus art\u00edculos, organizar su inter\u00e9s, y especificar su \u00e1rea con este notable estante de la pantalla.<\/p>","protected":false},"excerpt":{"rendered":"<p class=\"ng-star-inserted\"><span class=\"ng-star-inserted\">Muestre sus productos en este moderno expositor acr\u00edlico en escalera de 3 niveles. Su elegante marco negro y estantes blancos en contraste proporcionan un aspecto elegante y de gama alta perfecto para cosm\u00e9ticos, objetos de colecci\u00f3n y art\u00edculos al por menor. Un organizador duradero y elegante, directo de f\u00e1brica.<\/span><\/p>","protected":false},"featured_media":1195,"template":"","meta":{"_kad_post_transparent":"default","_kad_post_title":"","_kad_post_layout":"default","_kad_post_sidebar_id":"","_kad_post_content_style":"default","_kad_post_vertical_padding":"default","_kad_post_feature":"","_kad_post_feature_position":"","_kad_post_header":false,"_kad_post_footer":false,"_kad_post_classname":""},"product_brand":[],"product_cat":[15],"product_tag":[108],"class_list":{"0":"post-1193","1":"product","2":"type-product","3":"status-publish","4":"has-post-thumbnail","6":"product_cat-custom-acrylic-displays","7":"product_tag-acrylic-ladder-display","9":"first","10":"instock","11":"shipping-taxable","12":"product-type-simple","13":"entry","14":"content-bg","15":"loop-entry"},"_links":{"self":[{"href":"https:\/\/customacrylicproduct.com\/es\/wp-json\/wp\/v2\/product\/1193","targetHints":{"allow":["GET"]}}],"collection":[{"href":"https:\/\/customacrylicproduct.com\/es\/wp-json\/wp\/v2\/product"}],"about":[{"href":"https:\/\/customacrylicproduct.com\/es\/wp-json\/wp\/v2\/types\/product"}],"wp:featuredmedia":[{"embeddable":true,"href":"https:\/\/customacrylicproduct.com\/es\/wp-json\/wp\/v2\/media\/1195"}],"wp:attachment":[{"href":"https:\/\/customacrylicproduct.com\/es\/wp-json\/wp\/v2\/media?parent=1193"}],"wp:term":[{"taxonomy":"product_brand","embeddable":true,"href":"https:\/\/customacrylicproduct.com\/es\/wp-json\/wp\/v2\/product_brand?post=1193"},{"taxonomy":"product_cat","embeddable":true,"href":"https:\/\/customacrylicproduct.com\/es\/wp-json\/wp\/v2\/product_cat?post=1193"},{"taxonomy":"product_tag","embeddable":true,"href":"https:\/\/customacrylicproduct.com\/es\/wp-json\/wp\/v2\/product_tag?post=1193"}],"curies":[{"name":"wp","href":"https:\/\/api.w.org\/{rel}","templated":true}]}}