{"id":1197,"date":"2025-07-18T01:30:25","date_gmt":"2025-07-18T01:30:25","guid":{"rendered":"https:\/\/customacrylicproduct.com\/?post_type=product&#038;p=1197"},"modified":"2025-07-22T07:45:08","modified_gmt":"2025-07-22T07:45:08","slug":"crystal-acrylic-trophy-digital-anniversary-trophy-custom-made","status":"publish","type":"product","link":"https:\/\/customacrylicproduct.com\/es\/crystal-acrylic-trophy-digital-anniversary-trophy-custom-made\/","title":{"rendered":"Trofeo Acr\u00edlico de Cristal Trofeo Aniversario Digital Hecho a Medida"},"content":{"rendered":"<h3 id=\"redefining-acknowledgment-the-custom-made-crystal-polymer-anniversary-trophy\">La redefinici\u00f3n del reconocimiento: El trofeo de aniversario de pol\u00edmero de cristal hecho a medida<\/h3>\n<p>En todo el mundo, tanto en los logros de la empresa como en los puntos de inflexi\u00f3n individuales, el reconocimiento es la moneda de cambio de la motivaci\u00f3n. Es la expresi\u00f3n sustancial del aprecio, la recomendaci\u00f3n p\u00fablica de la calidad y el artefacto a largo plazo de un trabajo bien hecho. Sin embargo, durante demasiado tiempo, los iconos de este reconocimiento han seguido siendo placas gen\u00e9ricas y formas de cristal predecibles que, aunque simp\u00e1ticas, no suelen captar la vitalidad y el dinamismo del \u00e9xito contempor\u00e1neo.<\/p>\n<p>Nuestro equipo cree que una contribuci\u00f3n impresionante merece un premio excepcional. Es hora de dejar atr\u00e1s lo tradicional y dar la bienvenida a un tipo de reconocimiento tan \u00fanico, deslumbrante y polifac\u00e9tico como los logros que celebra. Nos complace presentar nuestra l\u00ednea de trofeos de cristal acr\u00edlico hechos a medida, una nueva generaci\u00f3n de galardones desarrollados para ser algo m\u00e1s que un simple s\u00edmbolo: son una obra de arte.<\/p>\n<p>Como puede verse en las magn\u00edficas instancias creadas para el 30\u00ba aniversario de MINGYANG, estos trofeos no son simples objetos; son declaraciones. Son una fusi\u00f3n de dise\u00f1o vanguardista, colores vivos y narraci\u00f3n personalizada, creados para reconocer los logros m\u00e1s significativos de su grupo de una forma que nunca olvidar\u00e1n.<\/p>\n<p><img fetchpriority=\"high\" decoding=\"async\" class=\"aligncenter wp-image-1201 size-large\" src=\"https:\/\/customacrylicproduct.com\/wp-content\/uploads\/2025\/07\/\u4e3b\u56fe05-6-1024x1024.jpg\" alt=\" Trofeo acr\u00edlico \" width=\"1024\" height=\"1024\" srcset=\"https:\/\/customacrylicproduct.com\/wp-content\/uploads\/2025\/07\/\u4e3b\u56fe05-6-1024x1024.jpg 1024w, https:\/\/customacrylicproduct.com\/wp-content\/uploads\/2025\/07\/\u4e3b\u56fe05-6-300x300.jpg 300w, https:\/\/customacrylicproduct.com\/wp-content\/uploads\/2025\/07\/\u4e3b\u56fe05-6-150x150.jpg 150w, https:\/\/customacrylicproduct.com\/wp-content\/uploads\/2025\/07\/\u4e3b\u56fe05-6-768x768.jpg 768w, https:\/\/customacrylicproduct.com\/wp-content\/uploads\/2025\/07\/\u4e3b\u56fe05-6-600x600.jpg 600w, https:\/\/customacrylicproduct.com\/wp-content\/uploads\/2025\/07\/\u4e3b\u56fe05-6-100x100.jpg 100w, https:\/\/customacrylicproduct.com\/wp-content\/uploads\/2025\/07\/\u4e3b\u56fe05-6.jpg 1440w\" sizes=\"(max-width: 1024px) 100vw, 1024px\" \/><\/p>\n<h4 id=\"a-symphony-of-light-color-and-measurement\">Una sinfon\u00eda de luz, color y medida<\/h4>\n<p>Lo que distingue r\u00e1pidamente a nuestros trofeos de pol\u00edmero de cristal es su gran profundidad est\u00e9tica y su vibrante existencia. Cada galard\u00f3n es una estructura de capas meticulosamente orquestada, desarrollada para atraer la mirada y contar una historia desde todos los \u00e1ngulos.<\/p>\n<p><strong>La Fundaci\u00f3n: El bloque acr\u00edlico de cristal\u00a0<\/strong>. El coraz\u00f3n de cada trofeo es un bloque significativo y fuerte de costes, pol\u00edmero de actores de grado \u00f3ptico. Lo llamamos \u201cCristal Acr\u00edlico\u201d por una raz\u00f3n. Tiene la extraordinaria calidad y el peso satisfactorio del cristal tradicional, pero con una longevidad y una adaptabilidad al dise\u00f1o superiores. Cada bloque se corta con precisi\u00f3n y sus caras se pulen con diamante hasta conseguir un acabado ideal, similar al cristal, que capta y refracta la luz ambiental, produciendo un sofisticado brillo luminiscente. Este lienzo s\u00f3lido y transparente ofrece el mejor escenario para el arte que lleva dentro.<\/p>\n<p><strong>El Coraz\u00f3n: La historia vibrante y dividida\u00a0<\/strong>. El coraz\u00f3n del honor reside en su espectacular historia a todo color. Haciendo uso de una t\u00e9cnica de impresi\u00f3n inversa de \u00faltima generaci\u00f3n, infundimos el reverso del bloque acr\u00edlico con abundantes y vibrantes im\u00e1genes. Como se ve en las im\u00e1genes, puede tratarse de una hermosa pendiente, que pasa de un rojo intenso a un naranja c\u00e1lido y festivo, o de un azul cielo sereno a un tono n\u00e1utico profundo. Esta t\u00e9cnica de impresi\u00f3n en el reverso del bloque sugiere que la imagen est\u00e1 revisada\u00a0<em>a trav\u00e9s de\u00a0<\/em>toda la profundidad del acr\u00edlico, ofreci\u00e9ndole una incre\u00edble sensaci\u00f3n de dimensi\u00f3n y salvaguardando la obra de arte de las rozaduras de la superficie. Los tonos parecen flotar dentro del trofeo, desarrollando un resultado encantador que es a la vez sofisticado y moderno.<\/p>\n<p><strong>El sitio: El llamativo componente 3D\u00a0<\/strong>. La verdadera atracci\u00f3n de este dise\u00f1o es el famoso n\u00famero tridimensional que parece saltar de la superficie. Para los premios de MINGYANG, estos n\u00fameros - \u201d5\u201d, \u201c20\u201d, \u201c30\u201d- significan francamente los a\u00f1os de soluci\u00f3n o el aniversario de boda que se conmemora. Estos elementos se cortan con precisi\u00f3n con l\u00e1ser a partir de una pieza separada de acr\u00edlico blanco s\u00f3lido no transparente y se colocan meticulosamente en la cara del trofeo. Esto crea una eficaz sensaci\u00f3n de profundidad, arrojando una refinada oscuridad sobre la colorida historia y proporcionando un enfoque principal t\u00e1ctil y de gran impacto. La adici\u00f3n del sufijo \u201cTH\u201d, igualmente en 3D, incluye un toque de lenguaje de celebraci\u00f3n tradicional a este dise\u00f1o ampliamente actual.<\/p>\n<p><strong>El mensaje: La inscripci\u00f3n n\u00edtida y personalizada\u00a0<\/strong>. La \u00faltima capa es el mensaje propiamente dicho. El dise\u00f1o del logotipo de la empresa, el t\u00edtulo del premio (\u201d Superior Payment Individual\u201d), el departamento (\u201d \u4e0a\u6d77\u4e8b\u4e1a\u90e8\u201d) y la informaci\u00f3n del aniversario se imprimen con precisi\u00f3n de lancinaci\u00f3n directamente sobre la superficie del acr\u00edlico utilizando la avanzada innovaci\u00f3n de impresi\u00f3n UV. Esta estrategia garantiza que cada l\u00ednea de texto y cada curva de su logotipo reciban una excelente nitidez y dureza, terminando la narraci\u00f3n del reconocimiento.<\/p>\n<h4 id=\"the-power-of-true-customization-\">El poder de la verdadera personalizaci\u00f3n<\/h4>\n<p>Estos premios no son art\u00edculos est\u00e1ndar. Cada uno es una producci\u00f3n a medida, personalizada para reflejar el nombre de su marca, su mensaje y su evento \u00fanico. Nuestro procedimiento de maquetaci\u00f3n es una cooperaci\u00f3n, que le permite producir un honor que es una extensi\u00f3n real de su sociedad empresarial.<\/p>\n<p><strong>Su marca, sus colores:\u00a0<\/strong>Podemos adaptar perfectamente los degradados de la historia y el texto publicado al esquema de tonos de su empresa, garantizando una asimilaci\u00f3n fluida del nombre de la marca. Su logotipo se reproducir\u00e1 con una integridad impecable.<\/p>\n<p><strong>Su mensaje, su punto de inflexi\u00f3n:\u00a0<\/strong>Ya se trate de conmemorar un 5\u00ba, 10\u00ba, 25\u00ba o 50\u00ba aniversario, un \u00e9xito de ventas o una vida de jubilado, el n\u00famero de sitio en 3D y todo el mensaje inscrito son totalmente personalizables. Podemos reconocer a un \u201cTrabajador del A\u00f1o\u201d, a un \u201cJefe de Estado del Club de Inducci\u00f3n\u201d o a un \u201cGrupo de Introducci\u00f3n de Tareas\u201d con el mismo nivel de informaci\u00f3n a medida.<\/p>\n<p><strong>Su visi\u00f3n, nuestra artesan\u00eda:\u00a0<\/strong>Nuestro equipo de desarrolladores y artesanos tratar\u00e1 con usted para convertir su visi\u00f3n en un espectacular honor f\u00edsico. Desde el concepto preliminar hasta el \u00faltimo producto elegante, nos dedicamos a desarrollar un premio que supere sus expectativas y act\u00fae como un signo eficaz de gratitud.<\/p>\n<p><img decoding=\"async\" class=\"aligncenter wp-image-1200 size-large\" src=\"https:\/\/customacrylicproduct.com\/wp-content\/uploads\/2025\/07\/\u4e3b\u56fe04-2-1024x1024.jpg\" alt=\" Trofeo acr\u00edlico \" width=\"1024\" height=\"1024\" srcset=\"https:\/\/customacrylicproduct.com\/wp-content\/uploads\/2025\/07\/\u4e3b\u56fe04-2-1024x1024.jpg 1024w, https:\/\/customacrylicproduct.com\/wp-content\/uploads\/2025\/07\/\u4e3b\u56fe04-2-300x300.jpg 300w, https:\/\/customacrylicproduct.com\/wp-content\/uploads\/2025\/07\/\u4e3b\u56fe04-2-150x150.jpg 150w, https:\/\/customacrylicproduct.com\/wp-content\/uploads\/2025\/07\/\u4e3b\u56fe04-2-768x768.jpg 768w, https:\/\/customacrylicproduct.com\/wp-content\/uploads\/2025\/07\/\u4e3b\u56fe04-2-600x600.jpg 600w, https:\/\/customacrylicproduct.com\/wp-content\/uploads\/2025\/07\/\u4e3b\u56fe04-2-100x100.jpg 100w, https:\/\/customacrylicproduct.com\/wp-content\/uploads\/2025\/07\/\u4e3b\u56fe04-2.jpg 1440w\" sizes=\"(max-width: 1024px) 100vw, 1024px\" \/><\/p>\n<h4 id=\"greater-than-an-honor-a-device-for-motivation-\">M\u00e1s que un honor: Un dispositivo de motivaci\u00f3n<\/h4>\n<p>En cualquier tipo de organizaci\u00f3n, una sociedad de reconocimiento es importante. Levanta el \u00e1nimo, motiva una competencia sana y equilibrada y realza los valores que desea promover. Entregar a un miembro del personal uno de estos Trofeos de Pol\u00edmero de Cristal es un momento eficaz. Dice m\u00e1s que \u201cgracias\u201d.<\/p>\n<p>Afirma: \u201cTe vemos\u201d. Dice: \u201cTu pago es v\u00edvido y tiene profundidad\u201d. Dice: \u201cTu trabajo es contempor\u00e1neo, ingenioso y merecedor de una celebraci\u00f3n destacada\u201d.<\/p>\n<p>A diferencia de un trofeo est\u00e1ndar que podr\u00eda ocultarse, \u00e9ste es un objeto de arte para la mesa de trabajo, un tema de debate y un recordatorio constante y magn\u00edfico de los logros alcanzados. Proporciona satisfacci\u00f3n a quien lo recibe y motivaci\u00f3n a sus compa\u00f1eros de trabajo, demostrando de forma tangible que la excelencia se ve, se valora y se celebra de forma genuinamente notable.<\/p>\n<p><img decoding=\"async\" class=\"aligncenter wp-image-1199 size-large\" src=\"https:\/\/customacrylicproduct.com\/wp-content\/uploads\/2025\/07\/\u4e3b\u56fe03-3-1024x1024.jpg\" alt=\" Trofeo acr\u00edlico \" width=\"1024\" height=\"1024\" srcset=\"https:\/\/customacrylicproduct.com\/wp-content\/uploads\/2025\/07\/\u4e3b\u56fe03-3-1024x1024.jpg 1024w, https:\/\/customacrylicproduct.com\/wp-content\/uploads\/2025\/07\/\u4e3b\u56fe03-3-300x300.jpg 300w, https:\/\/customacrylicproduct.com\/wp-content\/uploads\/2025\/07\/\u4e3b\u56fe03-3-150x150.jpg 150w, https:\/\/customacrylicproduct.com\/wp-content\/uploads\/2025\/07\/\u4e3b\u56fe03-3-768x768.jpg 768w, https:\/\/customacrylicproduct.com\/wp-content\/uploads\/2025\/07\/\u4e3b\u56fe03-3-600x600.jpg 600w, https:\/\/customacrylicproduct.com\/wp-content\/uploads\/2025\/07\/\u4e3b\u56fe03-3-100x100.jpg 100w, https:\/\/customacrylicproduct.com\/wp-content\/uploads\/2025\/07\/\u4e3b\u56fe03-3.jpg 1440w\" sizes=\"(max-width: 1024px) 100vw, 1024px\" \/><\/p>\n<p><strong>Ideal para una gran variedad de ocasiones:<\/strong><\/p>\n<ul>\n<li><strong>Aniversarios de empresa:\u00a0<\/strong>Honre la trayectoria de la empresa y a las personas que la hicieron posible.<\/li>\n<li><strong>Aniversarios de trabajo y honores de servicio:\u00a0<\/strong>Celebre la lealtad de los trabajadores con un honor \u00fanico por 5, 10, 20 o incluso m\u00e1s a\u00f1os de soluci\u00f3n.<\/li>\n<li><strong>Honores a las ventas y la eficiencia:\u00a0<\/strong>Identifique a los mejores artistas con un trofeo que refleje su vibrante \u00e9xito.<\/li>\n<li><strong>Matr\u00edcula de honor en Gesti\u00f3n y Desarrollo:\u00a0<\/strong>Homenaje a los l\u00edderes visionarios y a las ideas que cambian las reglas del juego.<\/li>\n<li><strong>Agradecimiento a clientes y socios:\u00a0<\/strong>D\u00e9 las gracias a los socios cruciales con un regalo memorable y de alta calidad que represente su s\u00f3lida conexi\u00f3n.<\/li>\n<li><strong>Regalos de jubilaci\u00f3n:\u00a0<\/strong>Honra un trabajo prolongado y eficaz con un bonito recuerdo.<\/li>\n<\/ul>\n<p>Elija hacer que su siguiente momento de reconocimiento sea memorable. Elija un trofeo de cristal acr\u00edlico hecho a medida y entregue un galard\u00f3n tan fant\u00e1stico y extraordinario como el \u00e9xito que representa.<\/p>","protected":false},"excerpt":{"rendered":"<p class=\"ng-star-inserted\"><span class=\"ng-star-inserted\">Honre sus logros con nuestros modernos trofeos de cristal acr\u00edlico. Perfectos para aniversarios digitales, estos galardones personalizados presentan fondos vibrantes en capas y llamativos n\u00fameros en 3D. Una forma \u00fanica y de alta calidad de celebrar contribuciones destacadas e hitos corporativos. Totalmente personalizables.<\/span><\/p>","protected":false},"featured_media":1201,"template":"","meta":{"_kad_post_transparent":"default","_kad_post_title":"","_kad_post_layout":"default","_kad_post_sidebar_id":"","_kad_post_content_style":"default","_kad_post_vertical_padding":"default","_kad_post_feature":"","_kad_post_feature_position":"","_kad_post_header":false,"_kad_post_footer":false,"_kad_post_classname":""},"product_brand":[],"product_cat":[19],"product_tag":[96,107],"class_list":{"0":"post-1197","1":"product","2":"type-product","3":"status-publish","4":"has-post-thumbnail","6":"product_cat-custom-acrylic-trophies-awards","7":"product_tag-acrylic-awards","8":"product_tag-digital-anniversary","10":"first","11":"instock","12":"shipping-taxable","13":"product-type-simple","14":"entry","15":"content-bg","16":"loop-entry"},"_links":{"self":[{"href":"https:\/\/customacrylicproduct.com\/es\/wp-json\/wp\/v2\/product\/1197","targetHints":{"allow":["GET"]}}],"collection":[{"href":"https:\/\/customacrylicproduct.com\/es\/wp-json\/wp\/v2\/product"}],"about":[{"href":"https:\/\/customacrylicproduct.com\/es\/wp-json\/wp\/v2\/types\/product"}],"wp:featuredmedia":[{"embeddable":true,"href":"https:\/\/customacrylicproduct.com\/es\/wp-json\/wp\/v2\/media\/1201"}],"wp:attachment":[{"href":"https:\/\/customacrylicproduct.com\/es\/wp-json\/wp\/v2\/media?parent=1197"}],"wp:term":[{"taxonomy":"product_brand","embeddable":true,"href":"https:\/\/customacrylicproduct.com\/es\/wp-json\/wp\/v2\/product_brand?post=1197"},{"taxonomy":"product_cat","embeddable":true,"href":"https:\/\/customacrylicproduct.com\/es\/wp-json\/wp\/v2\/product_cat?post=1197"},{"taxonomy":"product_tag","embeddable":true,"href":"https:\/\/customacrylicproduct.com\/es\/wp-json\/wp\/v2\/product_tag?post=1197"}],"curies":[{"name":"wp","href":"https:\/\/api.w.org\/{rel}","templated":true}]}}