{"id":1202,"date":"2025-07-18T01:42:21","date_gmt":"2025-07-18T01:42:21","guid":{"rendered":"https:\/\/customacrylicproduct.com\/?post_type=product&#038;p=1202"},"modified":"2025-07-22T07:46:08","modified_gmt":"2025-07-22T07:46:08","slug":"custom-acrylic-display-stand-small-shelf-in-front-of-cash-register","status":"publish","type":"product","link":"https:\/\/customacrylicproduct.com\/es\/custom-acrylic-display-stand-small-shelf-in-front-of-cash-register\/","title":{"rendered":"Expositor acr\u00edlico personalizado Estante peque\u00f1o delante de la caja registradora"},"content":{"rendered":"<h3 id=\"-maximize-your-point-of-sale-prospective-the-ultimate-custom-made-acrylic-present-mean-your-countertop-\"><strong>Maximice su perspectiva de punto de venta: El mejor regalo acr\u00edlico a medida para su mostrador\u00a0<\/strong>.<\/h3>\n<p>En el ajetreado mundo de la venta al por menor, la caja es algo m\u00e1s que un lugar para realizar compras: es el punto de contacto final y crucial en el recorrido del cliente. Es su \u00faltima oportunidad de causar impresi\u00f3n, realzar su marca y captar una \u00faltima venta. Los mostradores ca\u00f3ticos y desordenados con pantallas de visualizaci\u00f3n gen\u00e9ricas pueden dar lugar a oportunidades perdidas y a un mensaje de marca diluido. Ha llegado el momento de transformar este \u00fatil espacio en una eficaz fuente de ingresos con nuestro expositor acr\u00edlico personalizado, dise\u00f1ado por expertos para situarse frente a la caja registradora y convertir el inter\u00e9s pasajero en adquisiciones impulsivas.<\/p>\n<p>Como se aprecia en las im\u00e1genes, no se trata de una simple estanter\u00eda, sino de un elemento publicitario hecho a medida. Fabricadas en acr\u00edlico v\u00edvido de alta calidad, estas pantallas expositoras est\u00e1n dise\u00f1adas para ser est\u00e9ticamente magn\u00edficas y extremadamente \u00fatiles, ofreciendo la fase perfecta para sus peque\u00f1os art\u00edculos de gran margen.<\/p>\n<p><img fetchpriority=\"high\" decoding=\"async\" class=\"aligncenter wp-image-1207 size-full\" src=\"https:\/\/customacrylicproduct.com\/wp-content\/uploads\/2025\/07\/\u4e3b\u56fe05-7.jpg\" alt=\"Expositor acr\u00edlico personalizado\" width=\"800\" height=\"800\" srcset=\"https:\/\/customacrylicproduct.com\/wp-content\/uploads\/2025\/07\/\u4e3b\u56fe05-7.jpg 800w, https:\/\/customacrylicproduct.com\/wp-content\/uploads\/2025\/07\/\u4e3b\u56fe05-7-300x300.jpg 300w, https:\/\/customacrylicproduct.com\/wp-content\/uploads\/2025\/07\/\u4e3b\u56fe05-7-150x150.jpg 150w, https:\/\/customacrylicproduct.com\/wp-content\/uploads\/2025\/07\/\u4e3b\u56fe05-7-768x768.jpg 768w, https:\/\/customacrylicproduct.com\/wp-content\/uploads\/2025\/07\/\u4e3b\u56fe05-7-600x600.jpg 600w, https:\/\/customacrylicproduct.com\/wp-content\/uploads\/2025\/07\/\u4e3b\u56fe05-7-100x100.jpg 100w\" sizes=\"(max-width: 800px) 100vw, 800px\" \/><\/p>\n<p><strong>La psicolog\u00eda del posicionamiento perfecto\u00a0<\/strong>.<\/p>\n<p>El posicionamiento calculado de los productos en el factor de venta (POS) es una estrategia minorista probada a lo largo del tiempo. Los clientes que esperan en la cola son un mercado objetivo restringido. Sus mentes est\u00e1n en ese momento en \u201cmodo de compra\u201d, lo que les hace extremadamente susceptibles a las mejoras de \u00faltima hora bien presentadas. Nuestros expositores acr\u00edlicos est\u00e1n dise\u00f1ados para aprovechar este momento psicol\u00f3gico. Al elevar sus art\u00edculos del mostrador y presentarlos de forma organizada, atractiva y r\u00e1pidamente accesible, elimina fricciones y decide no complicarse. El estilo liso y moderno regula el enfoque, atrayendo la mirada del cliente directamente a los productos que m\u00e1s desea mover, ya sean golosinas, caramelos, cosm\u00e9ticos, peque\u00f1os aparatos electr\u00f3nicos o art\u00edculos promocionales.<\/p>\n<p><strong>Producto superior, impresi\u00f3n inolvidable\u00a0<\/strong>.<\/p>\n<p>La base de nuestros soportes de pantalla es acr\u00edlico de primera calidad. Elegimos este material por su combinaci\u00f3n \u00fanica de encanto visual y resistencia duradera.<\/p>\n<ul>\n<li><strong>Brillo visual:\u00a0<\/strong>A diferencia del pl\u00e1stico barato, el acr\u00edlico posee una calidad cristalina, similar al vidrio, que demuestra sofisticaci\u00f3n. El acr\u00edlico rojo transl\u00facido que se ve en las fotos muestra c\u00f3mo se puede utilizar el color para crear una declaraci\u00f3n de marca eficaz. Atrapa la luz, a\u00f1ade un toque de energ\u00eda vibrante al mostrador y se alinea con la identificaci\u00f3n de la marca. El acabado brillante le confiere una sensaci\u00f3n de alta gama que eleva el valor percibido de los productos que contiene.<\/li>\n<li><strong>Extraordinary Toughness:\u00a0<\/strong>Aunque su aspecto es tan elegante como el del cristal, el acr\u00edlico es mucho m\u00e1s duradero y resistente a las roturas. Esto lo convierte en una opci\u00f3n mucho m\u00e1s segura y sensata para un entorno comercial activo. Soporta los golpes y ca\u00eddas cotidianos de una zona de cobertura de efectivo muy transitada sin astillarse ni partirse, lo que garantiza un aspecto duradero y experto.<\/li>\n<li><strong>Ligero y vers\u00e1til:\u00a0<\/strong>A pesar de su resistencia, el acr\u00edlico es ligero, lo que le permite reposicionar c\u00f3modamente el expositor seg\u00fan sea necesario para optimizar el formato de su mostrador o la funci\u00f3n de varios art\u00edculos.<\/li>\n<\/ul>\n<p><img decoding=\"async\" class=\"aligncenter wp-image-1206 size-full\" src=\"https:\/\/customacrylicproduct.com\/wp-content\/uploads\/2025\/07\/\u4e3b\u56fe04-3.jpg\" alt=\"Expositor acr\u00edlico personalizado\" width=\"800\" height=\"800\" srcset=\"https:\/\/customacrylicproduct.com\/wp-content\/uploads\/2025\/07\/\u4e3b\u56fe04-3.jpg 800w, https:\/\/customacrylicproduct.com\/wp-content\/uploads\/2025\/07\/\u4e3b\u56fe04-3-300x300.jpg 300w, https:\/\/customacrylicproduct.com\/wp-content\/uploads\/2025\/07\/\u4e3b\u56fe04-3-150x150.jpg 150w, https:\/\/customacrylicproduct.com\/wp-content\/uploads\/2025\/07\/\u4e3b\u56fe04-3-768x768.jpg 768w, https:\/\/customacrylicproduct.com\/wp-content\/uploads\/2025\/07\/\u4e3b\u56fe04-3-600x600.jpg 600w, https:\/\/customacrylicproduct.com\/wp-content\/uploads\/2025\/07\/\u4e3b\u56fe04-3-100x100.jpg 100w\" sizes=\"(max-width: 800px) 100vw, 800px\" \/><\/p>\n<p><strong>Estilo inteligente, adaptado a sus necesidades\u00a0<\/strong>.<\/p>\n<p>Nuestra colecci\u00f3n de fotos muestra la extraordinaria comodidad de nuestras habilidades de estilo. Comprendemos que una talla no sirve para todos.<\/p>\n<ul>\n<li><strong>Dise\u00f1o escalonado y en \u00e1ngulo (im\u00e1genes 1 y 2):\u00a0<\/strong>Este vibrante estilo presenta varios \u00edndices inclinados que caen en cascada hacia abajo. Esta inteligente disposici\u00f3n garantiza que todos los art\u00edculos, desde la primera fila hasta la \u00faltima, sean completamente visibles para el cliente. El \u00e1ngulo hace que a los clientes les resulte natural entrar y coger un art\u00edculo, fomentando la comunicaci\u00f3n. Los perfiles laterales pueden cortarse a medida con formas distintas, como los soportes redondeados que se muestran, a\u00f1adiendo un toque de estilo distintivo.<\/li>\n<li><strong>Dise\u00f1o de caja inclinada (im\u00e1genes 3 y 4):\u00a0<\/strong>Este dise\u00f1o cl\u00e1sico pero muy fiable utiliza una estructura escalonada dentro de una estructura limpia en forma de caja. Es excelente para organizar art\u00edculos de tama\u00f1o uniforme, como las bolsas de golosinas de la imagen. Este estilo maximiza la densidad del producto en un impacto compacto, manteniendo su mostrador limpio mientras mantiene una cantidad significativa de existencias. La alta placa posterior funciona como un excelente lienzo para la famosa marca.<\/li>\n<\/ul>\n<p><img decoding=\"async\" class=\"aligncenter wp-image-1204 size-full\" src=\"https:\/\/customacrylicproduct.com\/wp-content\/uploads\/2025\/07\/\u4e3b\u56fe02-3.jpg\" alt=\"Expositor acr\u00edlico personalizado\" width=\"800\" height=\"800\" srcset=\"https:\/\/customacrylicproduct.com\/wp-content\/uploads\/2025\/07\/\u4e3b\u56fe02-3.jpg 800w, https:\/\/customacrylicproduct.com\/wp-content\/uploads\/2025\/07\/\u4e3b\u56fe02-3-300x300.jpg 300w, https:\/\/customacrylicproduct.com\/wp-content\/uploads\/2025\/07\/\u4e3b\u56fe02-3-150x150.jpg 150w, https:\/\/customacrylicproduct.com\/wp-content\/uploads\/2025\/07\/\u4e3b\u56fe02-3-768x768.jpg 768w, https:\/\/customacrylicproduct.com\/wp-content\/uploads\/2025\/07\/\u4e3b\u56fe02-3-600x600.jpg 600w, https:\/\/customacrylicproduct.com\/wp-content\/uploads\/2025\/07\/\u4e3b\u56fe02-3-100x100.jpg 100w\" sizes=\"(max-width: 800px) 100vw, 800px\" \/><\/p>\n<p><strong>Personalizaci\u00f3n: Su marca, en primer plano\u00a0<\/strong>.<\/p>\n<p>La verdadera fuerza de nuestros soportes de pantalla radica en su total personalizaci\u00f3n. Tratamos con usted para producir una pantalla de exposici\u00f3n que sea una verdadera expansi\u00f3n de la identificaci\u00f3n de su marca.<\/p>\n<ul>\n<li><strong>Dise\u00f1o del logotipo e integraci\u00f3n del lema:\u00a0<\/strong>Como se ve en el logotipo \u201c\u5bbe\u4e4b\u90ce\u201d (Container Zhi Lang) y el eslogan \u201c\u7528\u5fc3\u505a\u597d\u6bcf1\u53e3\u69df\u6994\u201d (Cuidadosamente cada pieza de nuez de betel), podemos integrar perfectamente su marca directamente en la pantalla de visualizaci\u00f3n. Gracias a la impresi\u00f3n de alta resoluci\u00f3n, su logotipo, marca y mensajes de marketing se presentan de forma n\u00edtida y adecuada, reforzando el reconocimiento de la marca en el punto de inflexi\u00f3n del asentamiento.<\/li>\n<li><strong>Combinaci\u00f3n de colores:\u00a0<\/strong>Aunque el rojo din\u00e1mico es atractivo, podemos generar su pantalla de visualizaci\u00f3n en cualquier tono del espectro Pantone. Tanto si necesita un negro elegante, un blanco limpio o un tono espec\u00edfico del esquema de colores de su empresa, le garantizamos una coherencia perfecta.<\/li>\n<li><strong>Capacidades y formaci\u00f3n personalizadas:\u00a0<\/strong>Adaptamos el tama\u00f1o, la forma y la variedad de compartimentos para que se ajusten perfectamente a su producto espec\u00edfico y a la superficie del mostrador. Tanto si comercializa peque\u00f1os b\u00e1lsamos labiales redondos, tarjetas de regalo de nivel o aperitivos en bolsas, desarrollaremos los compartimentos para un ajuste perfecto y experto.<\/li>\n<\/ul>\n<p><strong>Aplicaciones ilimitadas en todos los sectores\u00a0<\/strong>.<\/p>\n<p>Estas pantallas funcionales para mostradores de cocina son el servicio adecuado para una gran variedad de organizaciones:.<\/p>\n<ul>\n<li><strong>Tiendas de conveniencia y supermercados:\u00a0<\/strong>Para mostrar chicles, caramelos de menta, deliciosas barritas de chocolate, menos pesadas y golosinas en porciones individuales.<\/li>\n<li><strong>Cafeter\u00edas y panader\u00edas:\u00a0<\/strong>Perfecto para exponer galletas empaquetadas, tarjetas de compromiso, paquetes de az\u00facar o bolsitas de granos de caf\u00e9.<\/li>\n<li><strong>Boutiques y salones:\u00a0<\/strong>Elegantes esmaltes de u\u00f1as, b\u00e1lsamos labiales, lociones de viaje y otros accesorios de peque\u00f1o atractivo.<\/li>\n<li><strong>Farmacias:\u00a0<\/strong>Organice los art\u00edculos de aseo de tama\u00f1o de prueba, los desinfectantes de manos y las compras impulsivas sin receta.<\/li>\n<li><strong>Dispositivos electr\u00f3nicos Tiendas:\u00a0<\/strong>Organice bien los objetos peque\u00f1os, como cables de facturaci\u00f3n, situaciones telef\u00f3nicas y unidades flash.<\/li>\n<\/ul>\n<p><strong>Comprar un vendedor tranquilo\u00a0<\/strong>.<\/p>\n<p>Deje de permitir que su zona de venta m\u00e1s beneficiosa quede infrautilizada. Un estante de alambre com\u00fan o una pila desordenada de productos env\u00eda un mensaje de falta de organizaci\u00f3n. Nuestro expositor acr\u00edlico personalizado es una inversi\u00f3n econ\u00f3mica fundamental que le beneficia en todo momento. Es un vendedor silencioso que ordena, presenta, marca y vende, todo desde un espacio port\u00e1til. Es muy f\u00e1cil de ordenar, construido para durar, y desarrollado para proporcionar un retorno medible mediante el aumento de las ventas por impulso y la mejora de la experiencia de compra total de sus clientes.<\/p>\n<p>Eleve su marca y potencie sus ventas. Ll\u00e1menos hoy mismo para empezar a dise\u00f1ar un escaparate acr\u00edlico personalizado para cajas registradoras que capte a la perfecci\u00f3n la esencia de su marca e impulse resultados sustanciales.<\/p>","protected":false},"excerpt":{"rendered":"<p class=\"ng-star-inserted\"><span class=\"ng-star-inserted\">Impulse las compras por impulso con un expositor acr\u00edlico personalizado para su caja registradora. Este estante duradero y llamativo organiza ordenadamente los productos peque\u00f1os en el punto de venta. Totalmente personalizable con el logotipo y los colores de su marca para mejorar la visibilidad e impulsar las ventas.<\/span><\/p>","protected":false},"featured_media":1207,"template":"","meta":{"_kad_post_transparent":"default","_kad_post_title":"","_kad_post_layout":"default","_kad_post_sidebar_id":"","_kad_post_content_style":"default","_kad_post_vertical_padding":"default","_kad_post_feature":"","_kad_post_feature_position":"","_kad_post_header":false,"_kad_post_footer":false,"_kad_post_classname":""},"product_brand":[],"product_cat":[15],"product_tag":[110,109],"class_list":{"0":"post-1202","1":"product","2":"type-product","3":"status-publish","4":"has-post-thumbnail","6":"product_cat-custom-acrylic-displays","7":"product_tag-custom-acrylic","8":"product_tag-display","10":"first","11":"instock","12":"shipping-taxable","13":"product-type-simple","14":"entry","15":"content-bg","16":"loop-entry"},"_links":{"self":[{"href":"https:\/\/customacrylicproduct.com\/es\/wp-json\/wp\/v2\/product\/1202","targetHints":{"allow":["GET"]}}],"collection":[{"href":"https:\/\/customacrylicproduct.com\/es\/wp-json\/wp\/v2\/product"}],"about":[{"href":"https:\/\/customacrylicproduct.com\/es\/wp-json\/wp\/v2\/types\/product"}],"wp:featuredmedia":[{"embeddable":true,"href":"https:\/\/customacrylicproduct.com\/es\/wp-json\/wp\/v2\/media\/1207"}],"wp:attachment":[{"href":"https:\/\/customacrylicproduct.com\/es\/wp-json\/wp\/v2\/media?parent=1202"}],"wp:term":[{"taxonomy":"product_brand","embeddable":true,"href":"https:\/\/customacrylicproduct.com\/es\/wp-json\/wp\/v2\/product_brand?post=1202"},{"taxonomy":"product_cat","embeddable":true,"href":"https:\/\/customacrylicproduct.com\/es\/wp-json\/wp\/v2\/product_cat?post=1202"},{"taxonomy":"product_tag","embeddable":true,"href":"https:\/\/customacrylicproduct.com\/es\/wp-json\/wp\/v2\/product_tag?post=1202"}],"curies":[{"name":"wp","href":"https:\/\/api.w.org\/{rel}","templated":true}]}}