{"id":1218,"date":"2025-07-18T02:18:12","date_gmt":"2025-07-18T02:18:12","guid":{"rendered":"https:\/\/customacrylicproduct.com\/?post_type=product&#038;p=1218"},"modified":"2025-07-22T08:29:47","modified_gmt":"2025-07-22T08:29:47","slug":"acrylic-transparent-arched-semicircular-seat-sign-customization","status":"publish","type":"product","link":"https:\/\/customacrylicproduct.com\/es\/acrylic-transparent-arched-semicircular-seat-sign-customization\/","title":{"rendered":"Se\u00f1al de Asiento Semicircular Arqueada Acr\u00edlico Transparente Personalizaci\u00f3n"},"content":{"rendered":"<h3 id=\"elevate-your-occasion-with-timeless-beauty-custom-arched-acrylic-indications\">Eleve su ocasi\u00f3n con belleza atemporal: Indicaciones acr\u00edlicas arqueadas personalizadas<\/h3>\n<p>En el arte de la preparaci\u00f3n de ocasiones, es la informaci\u00f3n meditada la que convierte una simple celebraci\u00f3n en una experiencia extraordinaria. Cada componente, desde los arreglos florales hasta las luces, opera en consonancia para crear un ambiente de detalles e informar de una historia especial. Nuestra\u00a0<strong>Indicadores semicirculares arqueados transparentes de pol\u00edmero personalizables\u00a0<\/strong>est\u00e1n hechos para figurar entre esos espl\u00e9ndidos detalles: un toque de clase contempor\u00e1nea que aporta claridad, elegancia y un toque profundamente individual a su d\u00eda especial.<\/p>\n<p><img fetchpriority=\"high\" decoding=\"async\" class=\"aligncenter wp-image-1221 size-full\" src=\"https:\/\/customacrylicproduct.com\/wp-content\/uploads\/2025\/07\/O1CN01lUO7iy2NjbDvatlWC_2200786649999-0-cib.jpg\" alt=\"Asiento semicircular arqueado acr\u00edlico transparente\" width=\"800\" height=\"800\" srcset=\"https:\/\/customacrylicproduct.com\/wp-content\/uploads\/2025\/07\/O1CN01lUO7iy2NjbDvatlWC_2200786649999-0-cib.jpg 800w, https:\/\/customacrylicproduct.com\/wp-content\/uploads\/2025\/07\/O1CN01lUO7iy2NjbDvatlWC_2200786649999-0-cib-300x300.jpg 300w, https:\/\/customacrylicproduct.com\/wp-content\/uploads\/2025\/07\/O1CN01lUO7iy2NjbDvatlWC_2200786649999-0-cib-150x150.jpg 150w, https:\/\/customacrylicproduct.com\/wp-content\/uploads\/2025\/07\/O1CN01lUO7iy2NjbDvatlWC_2200786649999-0-cib-768x768.jpg 768w, https:\/\/customacrylicproduct.com\/wp-content\/uploads\/2025\/07\/O1CN01lUO7iy2NjbDvatlWC_2200786649999-0-cib-600x600.jpg 600w, https:\/\/customacrylicproduct.com\/wp-content\/uploads\/2025\/07\/O1CN01lUO7iy2NjbDvatlWC_2200786649999-0-cib-100x100.jpg 100w\" sizes=\"(max-width: 800px) 100vw, 800px\" \/><\/p>\n<p><strong>Una visi\u00f3n del minimalismo moderno<\/strong><\/p>\n<p>Estos indicadores acr\u00edlicos curvados simbolizan los principios del dise\u00f1o contempor\u00e1neo. La funci\u00f3n que los define es su elegante parte superior curvada, un contorno suave y semicircular que resulta arquitect\u00f3nico y org\u00e1nico a la vez. Esta forma rompe con los \u00e1ngulos \u00e1speros de las se\u00f1ales b\u00e1sicas en forma de rect\u00e1ngulo, proporcionando una est\u00e9tica m\u00e1s suave y mucho m\u00e1s acogedora a su dise\u00f1o. El arco es un icono cl\u00e1sico de fluidez y celebraci\u00f3n, lo que lo convierte en un tema especialmente adecuado para bodas, aniversarios de boda y eventos decisivos.<\/p>\n<p>Fabricados en acr\u00edlico cristalino de primera calidad, estos r\u00f3tulos ofrecen el excelente aspecto del cristal sin su fragilidad y peso. El producto transparente desarrolla un espectacular impacto visual, permitiendo que el elegante manuscrito blanco parezca flotar en el aire. Esta calidad superior a\u00e9rea garantiza que los letreros realcen cualquier tipo de estilo o combinaci\u00f3n de colores, desde el r\u00fastico m\u00e1s moderno hasta el cl\u00e1sico estilo de sal\u00f3n de baile, sin frustrar la decoraci\u00f3n circundante. Se incorporan perfectamente a su mesa, a\u00f1adiendo una capa de refinada elegancia.<\/p>\n<p>&nbsp;<\/p>\n<p>&nbsp;<\/p>\n<p><strong>El arte de la tipograf\u00eda<\/strong><\/p>\n<p>El atractivo visual de estos indicadores aumenta gracias al h\u00e1bil uso de la tipograf\u00eda. Hemos elegido meticulosamente una combinaci\u00f3n de fuentes que equilibra el amor y la legibilidad. Palabras clave como \u201cFavors\u201d (favores), \u201cPresents\u201d (regalos), \u201cGuestbook\u201d (libro de visitas) y \u201cPermanently\u201d (permanentemente) se escriben con un tipo de letra encantador y fluido. Este texto tiene una gran calidad dibujada a mano, llena de sofisticados swashes y l\u00edneas fr\u00e1giles que comunican una sensaci\u00f3n de toque individual y celebraci\u00f3n.<\/p>\n<p>En contraste, se utiliza un tipo de letra sans-serif limpio, minimalista y todo en may\u00fasculas para el texto de apoyo, como \u201cPOR FAVOR, TOME UNO\u201d o \u201cEN NUESTROS CORAZONES HOY Y SIEMPRE\u201d. Esta combinaci\u00f3n crea una jerarqu\u00eda visual clara, atrayendo la mirada a la informaci\u00f3n m\u00e1s esencial en primer lugar y asegur\u00e1ndose de que la segunda informaci\u00f3n queda completamente clara. El n\u00edtido texto blanco destaca maravillosamente sobre el acr\u00edlico transparente, captando la luz y la atenci\u00f3n de sus invitados.<\/p>\n<p><img decoding=\"async\" class=\"size-full wp-image-1222 aligncenter\" src=\"https:\/\/customacrylicproduct.com\/wp-content\/uploads\/2025\/07\/O1CN01183bEz2NjbDptWTtj_2200786649999-0-cib.jpg\" alt=\"\" width=\"800\" height=\"800\" srcset=\"https:\/\/customacrylicproduct.com\/wp-content\/uploads\/2025\/07\/O1CN01183bEz2NjbDptWTtj_2200786649999-0-cib.jpg 800w, https:\/\/customacrylicproduct.com\/wp-content\/uploads\/2025\/07\/O1CN01183bEz2NjbDptWTtj_2200786649999-0-cib-300x300.jpg 300w, https:\/\/customacrylicproduct.com\/wp-content\/uploads\/2025\/07\/O1CN01183bEz2NjbDptWTtj_2200786649999-0-cib-150x150.jpg 150w, https:\/\/customacrylicproduct.com\/wp-content\/uploads\/2025\/07\/O1CN01183bEz2NjbDptWTtj_2200786649999-0-cib-768x768.jpg 768w, https:\/\/customacrylicproduct.com\/wp-content\/uploads\/2025\/07\/O1CN01183bEz2NjbDptWTtj_2200786649999-0-cib-600x600.jpg 600w, https:\/\/customacrylicproduct.com\/wp-content\/uploads\/2025\/07\/O1CN01183bEz2NjbDptWTtj_2200786649999-0-cib-100x100.jpg 100w\" sizes=\"(max-width: 800px) 100vw, 800px\" \/><\/p>\n<p><strong>D\u00e9 rienda suelta a su imaginaci\u00f3n con una personalizaci\u00f3n completa<\/strong><\/p>\n<p>Aunque presentamos una colecci\u00f3n de indicaciones destacadas perfectas para cualquier tipo de boda o gran ocasi\u00f3n, la verdadera elegancia de este art\u00edculo radica en su capacidad de personalizaci\u00f3n. Estas indicaciones son un lienzo vac\u00edo para sus demandas, listo para ser personalizado con el texto que informa de su historia.<\/p>\n<p>Las indicaciones que aparecen en las fotos sirven de ejemplo:.<\/p>\n<ul>\n<li><strong>Favorece el indicador:\u00a0<\/strong>Una forma cautivadora y educada de ayudar a los visitantes a llevarse sus obsequios a casa. El cartel \u201cFavors, Please Take One\u201d es un elemento b\u00e1sico para que nadie se pierda los regalos que has preparado.<\/li>\n<li><strong>Regalos y Tarjetas Indicaci\u00f3n:\u00a0<\/strong>Elimine la confusi\u00f3n y cree un factor de entrega designado y con clase para los regalos de la celebraci\u00f3n de la boda. Este indicador marca con elegancia la mesa de regalos, facilitando enormemente que los visitantes dejen sus tarjetas y paquetes.<\/li>\n<li><strong>Indicador del libro de visitas:\u00a0<\/strong>Inste a cada visitante a dejar sus buenos deseos con una indicaci\u00f3n \u201cPor favor, firme nuestro libro de visitas\u201d. Colocada junto al libro de visitas, es una sugerencia suave y moderna para dejar constancia de los recuerdos de todas las personas que lo han celebrado con usted.<\/li>\n<li><strong>Cartel conmemorativo:\u00a0<\/strong>Una forma conmovedora y elegante de reconocer a los seres queridos que no pueden estar presentes personalmente. El cartel \u201cEn cari\u00f1osa memoria de los que est\u00e1n para siempre en nuestros corazones, hoy y siempre\u201d es un atractivo homenaje, que programa un espacio para los recuerdos m\u00e1s queridos de una forma considerada y profundamente conmovedora.<\/li>\n<\/ul>\n<p>M\u00e1s all\u00e1 de estas normas, las posibilidades de personalizaci\u00f3n son casi ilimitadas. Piensa en estas otras aplicaciones:.<\/p>\n<ul>\n<li><strong>N\u00fameros de mesa:\u00a0<\/strong>Cree unos n\u00fameros de mesa sensacionales y modernos que sean a la vez \u00fatiles y formen parte del dise\u00f1o.<\/li>\n<li><strong>Men\u00fa de bar:\u00a0<\/strong>Muestre sus bebidas mezcladas de autor o una lista de bebidas f\u00e1cilmente disponibles con una moderna indicaci\u00f3n de bar hecha a medida.<\/li>\n<li><strong>Asientos programados:\u00a0<\/strong>Reserve amablemente filas para los familiares en el evento o detalle mesas en el acto.<\/li>\n<li><strong>Hashtag en las redes sociales:\u00a0<\/strong>Inste a los invitados a compartir sus fotos con un indicador que muestre el hashtag exclusivo de la celebraci\u00f3n de su boda.<\/li>\n<li><strong>Barra de postres o buffet de dulces:\u00a0<\/strong>Etiquete los distintos acuerdos u ofrezca instrucciones con indicadores que se adapten al aspecto visual de su ocasi\u00f3n.<\/li>\n<li><strong>Direcciones del cub\u00edculo fotogr\u00e1fico:\u00a0<\/strong>Explique a los invitados c\u00f3mo utilizar el fotomat\u00f3n para disfrutar al m\u00e1ximo.<\/li>\n<\/ul>\n<p><strong>Mano de obra y estabilidad superiores<\/strong><\/p>\n<p>Todas las se\u00f1ales est\u00e1n fabricadas con pol\u00edmero resistente de la m\u00e1xima calidad. Los bordes se cortan con precisi\u00f3n y se abrillantan hasta conseguir un acabado suave e impecable, reflejo de nuestro compromiso con la excelencia. El mensaje se utiliza utilizando una t\u00e9cnica de calidad profesional, lo que garantiza que sea n\u00edtido, opaco y duradero, sin riesgo de que se despegue o se corra.<\/p>\n<p>Para garantizar una excelente seguridad, cada indicador curvo se suministra con una base acr\u00edlica rectangular hecha a medida. Este discreto soporte est\u00e1 fabricado adicionalmente con el mismo producto cristalino, manteniendo el aspecto visual minimalista y permitiendo que el propio indicador siga siendo el centro de atenci\u00f3n. El cartel se desliza firmemente en la ranura de la base para una colocaci\u00f3n r\u00e1pida, sencilla y f\u00e1cil, y una pantalla resistente que se mantendr\u00e1 erguida durante toda la ocasi\u00f3n.<\/p>\n<p><img decoding=\"async\" class=\"size-full wp-image-1222 aligncenter\" src=\"https:\/\/customacrylicproduct.com\/wp-content\/uploads\/2025\/07\/O1CN01183bEz2NjbDptWTtj_2200786649999-0-cib.jpg\" alt=\"Asiento semicircular arqueado acr\u00edlico transparente\" width=\"800\" height=\"800\" srcset=\"https:\/\/customacrylicproduct.com\/wp-content\/uploads\/2025\/07\/O1CN01183bEz2NjbDptWTtj_2200786649999-0-cib.jpg 800w, https:\/\/customacrylicproduct.com\/wp-content\/uploads\/2025\/07\/O1CN01183bEz2NjbDptWTtj_2200786649999-0-cib-300x300.jpg 300w, https:\/\/customacrylicproduct.com\/wp-content\/uploads\/2025\/07\/O1CN01183bEz2NjbDptWTtj_2200786649999-0-cib-150x150.jpg 150w, https:\/\/customacrylicproduct.com\/wp-content\/uploads\/2025\/07\/O1CN01183bEz2NjbDptWTtj_2200786649999-0-cib-768x768.jpg 768w, https:\/\/customacrylicproduct.com\/wp-content\/uploads\/2025\/07\/O1CN01183bEz2NjbDptWTtj_2200786649999-0-cib-600x600.jpg 600w, https:\/\/customacrylicproduct.com\/wp-content\/uploads\/2025\/07\/O1CN01183bEz2NjbDptWTtj_2200786649999-0-cib-100x100.jpg 100w\" sizes=\"(max-width: 800px) 100vw, 800px\" \/><\/p>\n<p><strong>Vers\u00e1til para cada ocasi\u00f3n<\/strong><\/p>\n<p>Aunque son ideales para celebraciones nupciales, el dise\u00f1o cl\u00e1sico de estas indicaciones acr\u00edlicas curvadas las hace adecuadas para una gran variedad de eventos:.<\/p>\n<ul>\n<li><strong>Duchas para novias y beb\u00e9s:\u00a0<\/strong>Panorama de los visitantes a los juegos, la mesa de regalos o una estaci\u00f3n de sorteo de pa\u00f1ales para beb\u00e9s.<\/li>\n<li><strong>Aniversario de boda y fiestas de cumplea\u00f1os:\u00a0<\/strong>Celebre los momentos decisivos con mensajes personalizados o marcadores de mesa.<\/li>\n<li><strong>Ocasiones de empresa:\u00a0<\/strong>Incluya un toque de clase a los mostradores de inscripci\u00f3n, las pantallas de exposici\u00f3n de art\u00edculos o las mesas informativas.<\/li>\n<li><strong>Tienda al por menor:\u00a0<\/strong>Util\u00edcelos como sofisticados marcadores de tarifas o para anunciar las secciones \u201cNovedades\u201d o \u201cRebajas\u201d.<\/li>\n<\/ul>\n<p>Estas indicaciones son algo m\u00e1s que simples herramientas de orientaci\u00f3n: son recuerdos. Despu\u00e9s del evento, el cartel \u201cIn Loving Memory\u201d puede convertirse en una parte muy preciada de la decoraci\u00f3n de tu hogar, mientras que un n\u00famero de mesa personalizado o un indicador de bienvenida pueden funcionar como un precioso recuerdo de tu d\u00eda especial.<\/p>\n<p>Incluya un toque de belleza a medida en su fiesta. Nuestros indicadores de arco acr\u00edlicos personalizados son la mejor combinaci\u00f3n de estilo moderno, creencia personal y caracter\u00edstica notable. Ordene su propio hoy y dejar que estos impresionantes informaci\u00f3n le ayudar\u00e1 a crear un ambiente que es tan \u00fanico e inolvidable como su historia de amor.<\/p>","protected":false},"excerpt":{"rendered":"<p class=\"ng-star-inserted\"><span class=\"ng-star-inserted\">Eleve la categor\u00eda de su evento con nuestras se\u00f1ales acr\u00edlicas arqueadas personalizadas. Estos carteles transparentes y semicirculares presentan una elegante inscripci\u00f3n en blanco que les confiere un aspecto moderno y elegante. Perfectos para dirigir a los invitados al libro de visitas, los recuerdos o la mesa de regalos de su boda u ocasi\u00f3n especial. Una pieza de decoraci\u00f3n elegante y sofisticada.<\/span><\/p>","protected":false},"featured_media":1221,"template":"","meta":{"_kad_post_transparent":"default","_kad_post_title":"","_kad_post_layout":"default","_kad_post_sidebar_id":"","_kad_post_content_style":"default","_kad_post_vertical_padding":"default","_kad_post_feature":"","_kad_post_feature_position":"","_kad_post_header":false,"_kad_post_footer":false,"_kad_post_classname":""},"product_brand":[],"product_cat":[18],"product_tag":[114,115],"class_list":{"0":"post-1218","1":"product","2":"type-product","3":"status-publish","4":"has-post-thumbnail","6":"product_cat-custom-acrylic-signs","7":"product_tag-acrylic-transparent-arched-semicircular-seat","8":"product_tag-customization","10":"first","11":"instock","12":"shipping-taxable","13":"product-type-simple","14":"entry","15":"content-bg","16":"loop-entry"},"_links":{"self":[{"href":"https:\/\/customacrylicproduct.com\/es\/wp-json\/wp\/v2\/product\/1218","targetHints":{"allow":["GET"]}}],"collection":[{"href":"https:\/\/customacrylicproduct.com\/es\/wp-json\/wp\/v2\/product"}],"about":[{"href":"https:\/\/customacrylicproduct.com\/es\/wp-json\/wp\/v2\/types\/product"}],"wp:featuredmedia":[{"embeddable":true,"href":"https:\/\/customacrylicproduct.com\/es\/wp-json\/wp\/v2\/media\/1221"}],"wp:attachment":[{"href":"https:\/\/customacrylicproduct.com\/es\/wp-json\/wp\/v2\/media?parent=1218"}],"wp:term":[{"taxonomy":"product_brand","embeddable":true,"href":"https:\/\/customacrylicproduct.com\/es\/wp-json\/wp\/v2\/product_brand?post=1218"},{"taxonomy":"product_cat","embeddable":true,"href":"https:\/\/customacrylicproduct.com\/es\/wp-json\/wp\/v2\/product_cat?post=1218"},{"taxonomy":"product_tag","embeddable":true,"href":"https:\/\/customacrylicproduct.com\/es\/wp-json\/wp\/v2\/product_tag?post=1218"}],"curies":[{"name":"wp","href":"https:\/\/api.w.org\/{rel}","templated":true}]}}