{"id":1223,"date":"2025-07-18T02:29:44","date_gmt":"2025-07-18T02:29:44","guid":{"rendered":"https:\/\/customacrylicproduct.com\/?post_type=product&#038;p=1223"},"modified":"2025-07-22T08:30:21","modified_gmt":"2025-07-22T08:30:21","slug":"colored-transparent-acrylic-line-stick-stripe-stick","status":"publish","type":"product","link":"https:\/\/customacrylicproduct.com\/es\/colored-transparent-acrylic-line-stick-stripe-stick\/","title":{"rendered":"Palillo acr\u00edlico transparente coloreado de la l\u00ednea Palillo de la raya"},"content":{"rendered":"<h3 id=\"-presenting-the-colored-red-stripe-polymer-pole-where-clarity-fulfills-shade-in-perfect-consistency-\"><strong>Presentamos el bast\u00f3n de pol\u00edmero con raya roja de color: Donde la claridad se funde con la sombra en una consistencia perfecta<\/strong><\/h3>\n<p>Imagine una l\u00ednea de tonos puros y vibrantes suspendidos ingr\u00e1vidamente dentro de una forma cristalina. Imagine un producto que capte la luz, juegue con la comprensi\u00f3n y proporcione una est\u00e9tica elegante y contempor\u00e1nea a cualquier tarea que realce. Esta es la verdad de nuestros palillos de pol\u00edmero transparente de color para l\u00edneas de rayas: un producto innovador hecho para creadores, desarrolladores, dise\u00f1adores y pioneros que exigen tanto atractivo como rendimiento.<\/p>\n<p>Estas varillas son algo m\u00e1s que una simple pieza de pl\u00e1stico; son un aspecto del dise\u00f1o, un desencadenante de ideas y un testimonio de la precisi\u00f3n de la producci\u00f3n moderna. Al coextruir perfectamente un n\u00facleo de color s\u00f3lido dentro de una varilla exterior de acr\u00edlico transparente perfecto, hemos creado un producto que proporciona un efecto visual sensacional y especial. El color no cubre simplemente la superficie, sino que se encuentra en lo m\u00e1s profundo del material, produciendo una incre\u00edble sensaci\u00f3n de profundidad y la ilusi\u00f3n \u00f3ptica de una franja roja flotante. Tanto si est\u00e1 creando un art\u00edculo de joyer\u00eda a medida, como un dise\u00f1o arquitect\u00f3nico de vanguardia o una pantalla de exposici\u00f3n \u00fanica en su g\u00e9nero, estas varillas acr\u00edlicas ofrecen un toque de sofisticaci\u00f3n y un estallido de color sin igual.<\/p>\n<p><img fetchpriority=\"high\" decoding=\"async\" class=\"wp-image-1226 size-full aligncenter\" src=\"https:\/\/customacrylicproduct.com\/wp-content\/uploads\/2025\/07\/O1CN01X4vhTD1vK7j6eIzho_2208159816153-0-cib.jpg\" alt=\"Palillo de l\u00ednea acr\u00edlico\" width=\"800\" height=\"800\" srcset=\"https:\/\/customacrylicproduct.com\/wp-content\/uploads\/2025\/07\/O1CN01X4vhTD1vK7j6eIzho_2208159816153-0-cib.jpg 800w, https:\/\/customacrylicproduct.com\/wp-content\/uploads\/2025\/07\/O1CN01X4vhTD1vK7j6eIzho_2208159816153-0-cib-300x300.jpg 300w, https:\/\/customacrylicproduct.com\/wp-content\/uploads\/2025\/07\/O1CN01X4vhTD1vK7j6eIzho_2208159816153-0-cib-150x150.jpg 150w, https:\/\/customacrylicproduct.com\/wp-content\/uploads\/2025\/07\/O1CN01X4vhTD1vK7j6eIzho_2208159816153-0-cib-768x768.jpg 768w, https:\/\/customacrylicproduct.com\/wp-content\/uploads\/2025\/07\/O1CN01X4vhTD1vK7j6eIzho_2208159816153-0-cib-600x600.jpg 600w, https:\/\/customacrylicproduct.com\/wp-content\/uploads\/2025\/07\/O1CN01X4vhTD1vK7j6eIzho_2208159816153-0-cib-100x100.jpg 100w\" sizes=\"(max-width: 800px) 100vw, 800px\" \/><\/p>\n<p>&nbsp;<\/p>\n<h4 id=\"-the-core-of-the-issue-unparalleled-design-and-material-top-quality-\"><strong>El n\u00facleo de la cuesti\u00f3n: Un dise\u00f1o y una calidad de materiales inigualables<\/strong><\/h4>\n<p>En el coraz\u00f3n de nuestro art\u00edculo est\u00e1 el propio material: polimetilmetacrilato (PMMA) de alta calidad, m\u00e1s conocido como acr\u00edlico o plexigl\u00e1s. Destacado por sus excepcionales construcciones, el acr\u00edlico es el mejor medio para este ingenioso dise\u00f1o.<\/p>\n<ul>\n<li><strong>Claridad \u00f3ptica:\u00a0<\/strong>Nuestro acr\u00edlico presenta un \u00edndice de transmisi\u00f3n de la luz superior a 92%, superando incluso al del cristal est\u00e1ndar. Este recubrimiento externo cristalino imita a una excelente lente, magnificando y salvaguardando el vibrante color interno sin distorsiones ni amarilleamientos graduales. El resultado es un color que se muestra m\u00e1s puro y deslumbrante que si estuviera en la superficie.<\/li>\n<li><strong>Color din\u00e1mico y saturado:\u00a0<\/strong>La franja interior no es un tubo hueco ni una l\u00ednea repintada. Es un fuerte n\u00facleo de pol\u00edmero altamente pigmentado. Esto garantiza que el tono sea consistente en todo el tama\u00f1o de la ca\u00f1a, desde azules profundos y rojos entusiastas hasta amarillos el\u00e9ctricos y p\u00farpuras majestuosos. Cuando se reduce, la secci\u00f3n transversal revela un excelente y fuerte c\u00edrculo de sombra encerrado en un anillo transparente, un atractivo detalle por derecho propio.<\/li>\n<li><strong>Resistencia y fuerza:\u00a0<\/strong>Aunque tienen la belleza del cristal, nuestros postes acr\u00edlicos son mucho m\u00e1s duraderos y resistentes a las roturas. Son diez veces m\u00e1s resistentes a los impactos que el vidrio del mismo grosor, lo que los convierte en una opci\u00f3n m\u00e1s segura y funcional para una amplia variedad de aplicaciones, como espect\u00e1culos y productos de dise\u00f1o funcional para el hogar.<\/li>\n<li><strong>Ligero y pr\u00e1ctico:\u00a0<\/strong>El pol\u00edmero pesa menos de la mitad que el vidrio, lo que facilita su manipulaci\u00f3n, transporte e instalaci\u00f3n. Adem\u00e1s, es el sue\u00f1o de cualquier fabricante. Estos postes pueden cortarse, taladrarse, lijarse, abrillantarse y tambi\u00e9n curvarse con calor para crear formas y tipos a medida, todo ello conservando su honestidad estructural y su atractivo est\u00e9tico.<\/li>\n<\/ul>\n<p><img decoding=\"async\" class=\"size-full wp-image-1225 aligncenter\" src=\"https:\/\/customacrylicproduct.com\/wp-content\/uploads\/2025\/07\/O1CN01Tzz01z1vK7j34EWPB_2208159816153-0-cib.jpg\" alt=\"Palillo de l\u00ednea acr\u00edlico\" width=\"800\" height=\"800\" srcset=\"https:\/\/customacrylicproduct.com\/wp-content\/uploads\/2025\/07\/O1CN01Tzz01z1vK7j34EWPB_2208159816153-0-cib.jpg 800w, https:\/\/customacrylicproduct.com\/wp-content\/uploads\/2025\/07\/O1CN01Tzz01z1vK7j34EWPB_2208159816153-0-cib-300x300.jpg 300w, https:\/\/customacrylicproduct.com\/wp-content\/uploads\/2025\/07\/O1CN01Tzz01z1vK7j34EWPB_2208159816153-0-cib-150x150.jpg 150w, https:\/\/customacrylicproduct.com\/wp-content\/uploads\/2025\/07\/O1CN01Tzz01z1vK7j34EWPB_2208159816153-0-cib-768x768.jpg 768w, https:\/\/customacrylicproduct.com\/wp-content\/uploads\/2025\/07\/O1CN01Tzz01z1vK7j34EWPB_2208159816153-0-cib-600x600.jpg 600w, https:\/\/customacrylicproduct.com\/wp-content\/uploads\/2025\/07\/O1CN01Tzz01z1vK7j34EWPB_2208159816153-0-cib-100x100.jpg 100w\" sizes=\"(max-width: 800px) 100vw, 800px\" \/><\/p>\n<p>&nbsp;<\/p>\n<p>&nbsp;<\/p>\n<h4 id=\"-release-your-creative-thinking-an-universe-of-applications-\"><strong>Libere su pensamiento creativo: Un Universo de Aplicaciones<\/strong><\/h4>\n<p>Las posibilidades reales de nuestras varillas de pol\u00edmero de color con rayas rojas s\u00f3lo est\u00e1n limitadas por su creatividad. Su flexibilidad las convierte en un elemento importante en una gran variedad de campos.<\/p>\n<p><strong>Para el artista y el dise\u00f1ador:\u00a0<\/strong>. Desarrolle impresionantes esculturas en las que las l\u00edneas de sombra parezcan desafiar a la gravedad. Construya detallados montajes art\u00edsticos que interact\u00faen con la luz ambiental, proyectando oscuridad coloreada y produciendo vibrantes experiencias visuales. La est\u00e9tica aerodin\u00e1mica y minimalista es ideal para objetos de arte contempor\u00e1neo que tratan temas de tipo, superficie y sombra.<\/p>\n<p><strong>Para el arquitecto y el creador de versiones:\u00a0<\/strong>. D\u00e9 vida a los modelos de edificios con informaci\u00f3n excepcional. Utilice los postes para representar elementos estructurales, acentos ornamentales o quiz\u00e1s ideas abstractas como el flujo de informaci\u00f3n o las l\u00edneas de energ\u00eda dentro de una estructura. La precisi\u00f3n y el tama\u00f1o regular los hacen ideales para producir versiones de gama experta y de gran impacto que conecten adecuadamente su visi\u00f3n. Un delgado poste azul podr\u00eda representar un elemento acu\u00e1tico, mientras que uno rojo podr\u00eda indicar un haz de luz estructural esencial.<\/p>\n<p><strong>Para los amantes del bricolaje y las manualidades:\u00a0<\/strong>. Eleve sus proyectos artesanales de caseros a premium. Cortar los polos a la derecha en granos para sensacional, joyer\u00eda preciosa de hoy en d\u00eda. Crea cajones y tiradores \u00fanicos para una cocina o mueble personalizado. Dise\u00f1e estilosos soportes para cuadros, elegantes portal\u00e1pices o tal vez las patas de una peque\u00f1a mesa auxiliar de acr\u00edlico. Las posibilidades de personalizar su espacio y sus producciones son ilimitadas.<\/p>\n<p><strong>Para espacios comerciales y minoristas:\u00a0<\/strong>. En el mundo del comercio visual, captar la atenci\u00f3n del cliente es muy importante. Utilice estas varillas para crear llamativas pantallas de punto de venta, sofisticados elevadores de art\u00edculos o r\u00f3tulos exclusivos que refuercen la identificaci\u00f3n de su marca. La interacci\u00f3n de luz, claridad y sombra crea una sensaci\u00f3n de calidad que puede hacer que cualquier tipo de art\u00edculo resulte m\u00e1s atractivo.<\/p>\n<p><strong>Para iluminaci\u00f3n y decoraci\u00f3n:\u00a0<\/strong>. Integre estos palos en accesorios de iluminaci\u00f3n personalizados. Imag\u00ednese una l\u00e1mpara de ara\u00f1a construida con muchos de estos palos, cada uno de ellos captando la luz y desarrollando un brillo incre\u00edble y colorido. Como elementos decorativos, se pueden utilizar como barras de cortina \u00fanicas para ventanas peque\u00f1as, balaustres de escalera de moda, o simplemente preparados en un soporte de la flor como un arreglo permanente, contempor\u00e1neo.<\/p>\n<p><img decoding=\"async\" class=\"size-full wp-image-1224 aligncenter\" src=\"https:\/\/customacrylicproduct.com\/wp-content\/uploads\/2025\/07\/O1CN01bTZVPL1vK7j5fOc9o_2208159816153-0-cib.jpg\" alt=\"Palillo de l\u00ednea acr\u00edlico\" width=\"800\" height=\"800\" srcset=\"https:\/\/customacrylicproduct.com\/wp-content\/uploads\/2025\/07\/O1CN01bTZVPL1vK7j5fOc9o_2208159816153-0-cib.jpg 800w, https:\/\/customacrylicproduct.com\/wp-content\/uploads\/2025\/07\/O1CN01bTZVPL1vK7j5fOc9o_2208159816153-0-cib-300x300.jpg 300w, https:\/\/customacrylicproduct.com\/wp-content\/uploads\/2025\/07\/O1CN01bTZVPL1vK7j5fOc9o_2208159816153-0-cib-150x150.jpg 150w, https:\/\/customacrylicproduct.com\/wp-content\/uploads\/2025\/07\/O1CN01bTZVPL1vK7j5fOc9o_2208159816153-0-cib-768x768.jpg 768w, https:\/\/customacrylicproduct.com\/wp-content\/uploads\/2025\/07\/O1CN01bTZVPL1vK7j5fOc9o_2208159816153-0-cib-600x600.jpg 600w, https:\/\/customacrylicproduct.com\/wp-content\/uploads\/2025\/07\/O1CN01bTZVPL1vK7j5fOc9o_2208159816153-0-cib-100x100.jpg 100w\" sizes=\"(max-width: 800px) 100vw, 800px\" \/><\/p>\n<p>&nbsp;<\/p>\n<h4 id=\"-precision-in-every-millimeter-\"><strong>Precisi\u00f3n en cada mil\u00edmetro<\/strong><\/h4>\n<p>Entendemos que, para aplicaciones especializadas, la calidad y la uniformidad no son negociables. Nuestros palos de l\u00ednea de pol\u00edmero transparente coloreado se fabrican utilizando un avanzado procedimiento de coextrusi\u00f3n que garantiza un n\u00facleo interior perfectamente centrado y un di\u00e1metro uniforme a lo largo de toda la longitud del palo. Cada palo se comprueba minuciosamente para garantizar que no tenga burbujas, huecos ni imperfecciones superficiales. Las terminaciones se cortan limpiamente, dejando al descubierto la atractiva secci\u00f3n transversal, y la superficie se pule hasta conseguir un acabado de alto brillo suave al tacto.<\/p>\n<p>Disponibles en una amplia gama de tonalidades y di\u00e1metros comunes, nuestras varillas ofrecen la adaptabilidad que necesita para cualquier tipo de proyecto, grande o peque\u00f1o. Adem\u00e1s, le ofrecemos la posibilidad de solicitar tama\u00f1os a medida, lo que minimiza los residuos y le garantiza que obtendr\u00e1 espec\u00edficamente el material que necesita.<\/p>\n<h4 id=\"-technical-specs-\"><strong>Especificaciones t\u00e9cnicas:<\/strong><\/h4>\n<ul>\n<li><strong>Producto:\u00a0<\/strong>Polimetilmetacrilato (PMMA) coextruido de alta calidad.<\/li>\n<li><strong>Marco:\u00a0<\/strong>Varilla exterior maciza transparente con n\u00facleo interior macizo tintado.<\/li>\n<li><strong>Colores disponibles:\u00a0<\/strong>Crystal Clear (con franja roja interna), Royal Blue, Sky Blue, Ruby Red, Sundown Orange, Canary Yellow, Deep Purple, Emerald Green Green y muchos m\u00e1s.<\/li>\n<li><strong>Termina:\u00a0<\/strong>Superficie muy refinada y brillante.<\/li>\n<li><strong>Caracter\u00edsticas:\u00a0<\/strong>Resistente a los rayos UV y a la intemperie, ligero y de c\u00f3moda fabricaci\u00f3n.<\/li>\n<\/ul>\n<h4 id=\"-boost-your-vision-\"><strong>Mejora tu visi\u00f3n<\/strong><\/h4>\n<p>No opte por materiales corrientes. Elija un producto que motive, que ejecute, que aporte una dimensi\u00f3n \u00fanica y sofisticada a su trabajo. Nuestros palos acr\u00edlicos transparentes de colores para l\u00edneas rojas son m\u00e1s que un simple material b\u00e1sico; son un motor para la creaci\u00f3n. Son la l\u00ednea limpia, el acento din\u00e1mico y la opci\u00f3n clara para cualquier persona que busque sobrepasar los l\u00edmites del estilo.<\/p>\n<p>Pida el suyo hoy mismo y descubra c\u00f3mo una simple l\u00ednea de sombra, perfectamente suspendida en una claridad cristalina, puede transformar su siguiente trabajo de una idea a una verdad asombrosa.<\/p>","protected":false},"excerpt":{"rendered":"<p class=\"ng-star-inserted\"><span class=\"ng-star-inserted\">A\u00f1ada un toque vibrante de color con nuestras varillas acr\u00edlicas. Cada varilla duradera y transparente cuenta con una franja interior de color \u00fanico para un aspecto impresionante y moderno. Perfectos para manualidades, modelos arquitect\u00f3nicos y decoraci\u00f3n llamativa. De alta calidad, transparentes e infinitamente vers\u00e1tiles.<\/span><\/p>\n<p class=\"ng-star-inserted\">","protected":false},"featured_media":1226,"template":"","meta":{"_kad_post_transparent":"default","_kad_post_title":"","_kad_post_layout":"default","_kad_post_sidebar_id":"","_kad_post_content_style":"default","_kad_post_vertical_padding":"default","_kad_post_feature":"","_kad_post_feature_position":"","_kad_post_header":false,"_kad_post_footer":false,"_kad_post_classname":""},"product_brand":[],"product_cat":[23],"product_tag":[116],"class_list":{"0":"post-1223","1":"product","2":"type-product","3":"status-publish","4":"has-post-thumbnail","6":"product_cat-custom-acrylic-rods-tubes","7":"product_tag-colored-transparent-acrylic","9":"first","10":"instock","11":"shipping-taxable","12":"product-type-simple","13":"entry","14":"content-bg","15":"loop-entry"},"_links":{"self":[{"href":"https:\/\/customacrylicproduct.com\/es\/wp-json\/wp\/v2\/product\/1223","targetHints":{"allow":["GET"]}}],"collection":[{"href":"https:\/\/customacrylicproduct.com\/es\/wp-json\/wp\/v2\/product"}],"about":[{"href":"https:\/\/customacrylicproduct.com\/es\/wp-json\/wp\/v2\/types\/product"}],"wp:featuredmedia":[{"embeddable":true,"href":"https:\/\/customacrylicproduct.com\/es\/wp-json\/wp\/v2\/media\/1226"}],"wp:attachment":[{"href":"https:\/\/customacrylicproduct.com\/es\/wp-json\/wp\/v2\/media?parent=1223"}],"wp:term":[{"taxonomy":"product_brand","embeddable":true,"href":"https:\/\/customacrylicproduct.com\/es\/wp-json\/wp\/v2\/product_brand?post=1223"},{"taxonomy":"product_cat","embeddable":true,"href":"https:\/\/customacrylicproduct.com\/es\/wp-json\/wp\/v2\/product_cat?post=1223"},{"taxonomy":"product_tag","embeddable":true,"href":"https:\/\/customacrylicproduct.com\/es\/wp-json\/wp\/v2\/product_tag?post=1223"}],"curies":[{"name":"wp","href":"https:\/\/api.w.org\/{rel}","templated":true}]}}