{"id":1227,"date":"2025-07-18T02:43:01","date_gmt":"2025-07-18T02:43:01","guid":{"rendered":"https:\/\/customacrylicproduct.com\/?post_type=product&#038;p=1227"},"modified":"2025-07-18T03:20:06","modified_gmt":"2025-07-18T03:20:06","slug":"trendy-custom-stone-pattern-transparent-color-acrylic-box-custom-made","status":"publish","type":"product","link":"https:\/\/customacrylicproduct.com\/es\/trendy-custom-stone-pattern-transparent-color-acrylic-box-custom-made\/","title":{"rendered":"Caja de acr\u00edlico transparente con dise\u00f1o de piedra de moda personalizada"},"content":{"rendered":"<h3 id=\"sculpted-light-the-trendy-personalized-stone-patterned-acrylic-box\">Luz esculpida: La moderna caja acr\u00edlica personalizada con motivos de piedra<\/h3>\n<p>En el planeta del estilo contempor\u00e1neo, uno de los art\u00edculos m\u00e1s cautivadores nace de la mezcla imprevista de productos y estructuras. Le damos la bienvenida para que descubra un cambio de paradigma en el arte ornamental y el estilo \u00fatil: la caja acr\u00edlica de sombra transparente con patr\u00f3n de piedra personalizada de moda. No se trata simplemente de un contenedor; es una pieza de luz esculpida, un aspecto constructivo que casa la elegancia cruda y natural de la naturaleza con el refinamiento limpio y moderno del acr\u00edlico de \u00faltima generaci\u00f3n. Dise\u00f1ada para la persona cr\u00edtica, el interiorista y la marca de alta gama, esta producci\u00f3n a medida aprovecha una oportunidad \u00fanica para infundir a cualquier tipo de habitaci\u00f3n una personalidad y un estilo excepcionales.<\/p>\n<figure id=\"attachment_1230\" aria-describedby=\"caption-attachment-1230\" style=\"width: 800px\" class=\"wp-caption aligncenter\"><img fetchpriority=\"high\" decoding=\"async\" class=\"size-full wp-image-1230\" src=\"https:\/\/customacrylicproduct.com\/wp-content\/uploads\/2025\/07\/O1CN01NY60Cs2D4hQz59M7R_2208409208556-0-cib.jpg\" alt=\"Caja acr\u00edlica\" width=\"800\" height=\"800\" srcset=\"https:\/\/customacrylicproduct.com\/wp-content\/uploads\/2025\/07\/O1CN01NY60Cs2D4hQz59M7R_2208409208556-0-cib.jpg 800w, https:\/\/customacrylicproduct.com\/wp-content\/uploads\/2025\/07\/O1CN01NY60Cs2D4hQz59M7R_2208409208556-0-cib-300x300.jpg 300w, https:\/\/customacrylicproduct.com\/wp-content\/uploads\/2025\/07\/O1CN01NY60Cs2D4hQz59M7R_2208409208556-0-cib-150x150.jpg 150w, https:\/\/customacrylicproduct.com\/wp-content\/uploads\/2025\/07\/O1CN01NY60Cs2D4hQz59M7R_2208409208556-0-cib-768x768.jpg 768w, https:\/\/customacrylicproduct.com\/wp-content\/uploads\/2025\/07\/O1CN01NY60Cs2D4hQz59M7R_2208409208556-0-cib-600x600.jpg 600w, https:\/\/customacrylicproduct.com\/wp-content\/uploads\/2025\/07\/O1CN01NY60Cs2D4hQz59M7R_2208409208556-0-cib-100x100.jpg 100w\" sizes=\"(max-width: 800px) 100vw, 800px\" \/><figcaption id=\"caption-attachment-1230\" class=\"wp-caption-text\">Caja acr\u00edlica<\/figcaption><\/figure>\n<p>&nbsp;<\/p>\n<h4 id=\"-the-aesthetic-a-harmony-of-light-and-structure-\"><strong>La est\u00e9tica: Una armon\u00eda de luz y estructura<\/strong><\/h4>\n<p>A primera vista, la caja acr\u00edlica asombra por su extraordinaria superficie. No recuerda el nivel de suavidad predecible del acr\u00edlico t\u00edpico. Esta pieza ostenta un relieve profundo, como de piedra, que evoca una gran variedad de maravillas naturales. Es la robusta cara de una piedra reci\u00e9n extra\u00edda, la intrincada cristalizaci\u00f3n del hielo ant\u00e1rtico y la suave y ondulante ondulaci\u00f3n de la superficie del agua, todo ello grabado en un momento de animaci\u00f3n en espera.<\/p>\n<p>Esta textura distintiva es el coraz\u00f3n de su punto de vista estil\u00edstico. Es una superficie interactiva que se divierte con la luz en una danza vibrante y cambiante. Cuando los rayos del sol o la luz ambiental inciden sobre la caja, no la atraviesan sin m\u00e1s, sino que la capturan, la refractan y la dispersan por los elementos cincelados, proyectando un complejo y fascinante patr\u00f3n de luz y oscuridad sobre las superficies cercanas. Esta difusi\u00f3n de la luz suaviza el entorno y crea una atm\u00f3sfera de lujo y calma. El resultado es un objeto que cobra vida y cambia a lo largo del d\u00eda a medida que se adapta la luz.<\/p>\n<p>La artesan\u00eda se revela a\u00fan m\u00e1s en la informaci\u00f3n. Mientras que las caras exteriores son ricas en este aspecto natural, los bordes superiores y las paredes interiores est\u00e1n pulidos hasta alcanzar una lisura impecable, como la del cristal. Este contraste intencionado pone de relieve la adaptabilidad del material y la habilidad de los artesanos. Las gruesas y considerables superficies de las paredes, perceptibles en la secci\u00f3n transversal, ofrecen a la pieza un peso y una visibilidad gratificantes, reforzando su gran calidad y robustez. Se percibe a la vez elemental y pulido, un objeto robusto convertido en una obra de arte.<\/p>\n<figure id=\"attachment_1229\" aria-describedby=\"caption-attachment-1229\" style=\"width: 800px\" class=\"wp-caption aligncenter\"><img decoding=\"async\" class=\"size-full wp-image-1229\" src=\"https:\/\/customacrylicproduct.com\/wp-content\/uploads\/2025\/07\/O1CN01nrslN12D4hQz5AIJc_2208409208556-0-cib.jpg\" alt=\"Caja acr\u00edlica\" width=\"800\" height=\"800\" srcset=\"https:\/\/customacrylicproduct.com\/wp-content\/uploads\/2025\/07\/O1CN01nrslN12D4hQz5AIJc_2208409208556-0-cib.jpg 800w, https:\/\/customacrylicproduct.com\/wp-content\/uploads\/2025\/07\/O1CN01nrslN12D4hQz5AIJc_2208409208556-0-cib-300x300.jpg 300w, https:\/\/customacrylicproduct.com\/wp-content\/uploads\/2025\/07\/O1CN01nrslN12D4hQz5AIJc_2208409208556-0-cib-150x150.jpg 150w, https:\/\/customacrylicproduct.com\/wp-content\/uploads\/2025\/07\/O1CN01nrslN12D4hQz5AIJc_2208409208556-0-cib-768x768.jpg 768w, https:\/\/customacrylicproduct.com\/wp-content\/uploads\/2025\/07\/O1CN01nrslN12D4hQz5AIJc_2208409208556-0-cib-600x600.jpg 600w, https:\/\/customacrylicproduct.com\/wp-content\/uploads\/2025\/07\/O1CN01nrslN12D4hQz5AIJc_2208409208556-0-cib-100x100.jpg 100w\" sizes=\"(max-width: 800px) 100vw, 800px\" \/><figcaption id=\"caption-attachment-1229\" class=\"wp-caption-text\">Caja acr\u00edlica<\/figcaption><\/figure>\n<p>&nbsp;<\/p>\n<h4 id=\"-unparalleled-convenience-where-kind-meets-feature-\"><strong>Comodidad sin igual: Donde la amabilidad se une a la funcionalidad<\/strong><\/h4>\n<p>La verdad brillante de la Caja de Pol\u00edmero con Dise\u00f1o de Piedra a Medida reside en su ilimitada adaptabilidad. Su magn\u00edfica est\u00e9tica s\u00f3lo se ve igualada por su funcionalidad, que le permite cumplir una gran variedad de funciones tanto en el \u00e1mbito dom\u00e9stico como en el empresarial.<\/p>\n<p>&nbsp;<\/p>\n<p><strong>Para el hogar moderno:<\/strong><\/p>\n<ul>\n<li><strong>Un Centro de Declaraci\u00f3n:\u00a0<\/strong>Colocada sobre una consola, una mesa de centro o una repisa de chimenea, la caja se erige por s\u00ed sola como un poderoso elemento escult\u00f3rico. Su aspecto cautivador y su interacci\u00f3n con la luz la convierten en un punto focal instant\u00e1neo.<\/li>\n<li><strong>Una maceta elegante:\u00a0<\/strong>Imagine la poes\u00eda est\u00e9tica de una delicada orqu\u00eddea, una colecci\u00f3n de din\u00e1micas suculentas o una minimalista planta de aire alojada en su interior. Las paredes transparentes y texturizadas crean un efecto similar al de un terrario, proporcionando una visi\u00f3n art\u00edstica y alterada de los sistemas de origen y del suelo, y transformando la jardiner\u00eda en arte.<\/li>\n<li><strong>Un jarr\u00f3n sofisticado:\u00a0<\/strong>Util\u00edcelo para exhibir un notable tallo solitario, un exuberante ramo o un moderno plan de ikebana. Su aspecto g\u00e9lido y p\u00e9treo contrasta con la delicadeza y el color de las flores frescas.<\/li>\n<li><strong>Un organizador extravagante:\u00a0<\/strong>Eleve su tocador o escritorio utiliz\u00e1ndolo para guardar cosm\u00e9ticos de alta gama, fragancias, art\u00edculos de papeler\u00eda o recuerdos preciados. Transforma la compa\u00f1\u00eda diaria en una exposici\u00f3n cuidada.<\/li>\n<li><strong>Un enfriador distinto:\u00a0<\/strong>Para celebraciones \u00fanicas, este recipiente herm\u00e9tico se convierte en un extraordinario contenedor de hielo, que enfr\u00eda una botella de vino espumoso o de vino tinto fino con un dise\u00f1o inigualable.<\/li>\n<\/ul>\n<p><strong>Para espacios comerciales y de hosteler\u00eda:<\/strong><\/p>\n<ul>\n<li><strong>Retail de lujo Presente:\u00a0<\/strong>Exhiba productos costosos como joyas, relojes o cosm\u00e9ticos sobre o dentro de estas cajas. La superficie distintiva proporciona una historia rica y sin distracciones que realza el valor percibido del objeto expuesto.<\/li>\n<li><strong>Resort Hall de Entrada y Comedor Estilo Establecimiento:\u00a0<\/strong>Utilice variaciones de mayor tama\u00f1o y personalizadas como acentos arquitect\u00f3nicos, maceteros en lugares de recepci\u00f3n o puntos focales de mesas especiales que refuercen una identificaci\u00f3n de marca moderna y de lujo.<\/li>\n<li><strong>Z\u00f3calos y elevadores:\u00a0<\/strong>El tipo de bloque resistente, como se aprecia en las im\u00e1genes, constituye un excepcional z\u00f3calo para pantallas de visualizaci\u00f3n. Su aspecto cristalino puede realzar cualquier tipo de producto o artefacto que se coloque sobre \u00e9l, haci\u00e9ndolo parecer como si descansara sobre un bloque de hielo puro o cuarzo.<\/li>\n<\/ul>\n<figure id=\"attachment_1228\" aria-describedby=\"caption-attachment-1228\" style=\"width: 800px\" class=\"wp-caption aligncenter\"><img decoding=\"async\" class=\"size-full wp-image-1228\" src=\"https:\/\/customacrylicproduct.com\/wp-content\/uploads\/2025\/07\/O1CN01C63EL62D4hQuyvjjN_2208409208556-0-cib.jpg\" alt=\"Caja acr\u00edlica\" width=\"800\" height=\"800\" srcset=\"https:\/\/customacrylicproduct.com\/wp-content\/uploads\/2025\/07\/O1CN01C63EL62D4hQuyvjjN_2208409208556-0-cib.jpg 800w, https:\/\/customacrylicproduct.com\/wp-content\/uploads\/2025\/07\/O1CN01C63EL62D4hQuyvjjN_2208409208556-0-cib-300x300.jpg 300w, https:\/\/customacrylicproduct.com\/wp-content\/uploads\/2025\/07\/O1CN01C63EL62D4hQuyvjjN_2208409208556-0-cib-150x150.jpg 150w, https:\/\/customacrylicproduct.com\/wp-content\/uploads\/2025\/07\/O1CN01C63EL62D4hQuyvjjN_2208409208556-0-cib-768x768.jpg 768w, https:\/\/customacrylicproduct.com\/wp-content\/uploads\/2025\/07\/O1CN01C63EL62D4hQuyvjjN_2208409208556-0-cib-600x600.jpg 600w, https:\/\/customacrylicproduct.com\/wp-content\/uploads\/2025\/07\/O1CN01C63EL62D4hQuyvjjN_2208409208556-0-cib-100x100.jpg 100w\" sizes=\"(max-width: 800px) 100vw, 800px\" \/><figcaption id=\"caption-attachment-1228\" class=\"wp-caption-text\">Caja acr\u00edlica<\/figcaption><\/figure>\n<h4 id=\"-the-power-of-customization-your-vision-understood-\"><strong>El poder de la personalizaci\u00f3n: Su visi\u00f3n, entendida<\/strong><\/h4>\n<p>Este producto se especifica por su naturaleza a medida. Comprendemos que las dimensiones convencionales no se ajustan a todas las visiones. Por eso ofrecemos un proceso de fabricaci\u00f3n totalmente personalizado, que le permite designar una pieza perfectamente adaptada a sus especificaciones e intenci\u00f3n creativa.<\/p>\n<ul>\n<li><strong>Capacidades personalizadas:\u00a0<\/strong>Como muestra el ejemplo del bloque calibrado de 80 x 120 x 200 mm, usted tiene pleno control sobre el tama\u00f1o, la anchura y la altura. Tanto si necesita un cubo diminuto y delicado para un objeto de valor incalculable como una gran artesa imponente para un montaje arquitect\u00f3nico, podemos darle vida.<\/li>\n<li><strong>Tipos personalizados:\u00a0<\/strong>Su elecci\u00f3n no se limita a una sola forma. Podemos fabricar cajas huecas rectangulares o cuadradas, cubetas abiertas, bloques macizos para pantallas de exposici\u00f3n y z\u00f3calos a medida. El estilo s\u00f3lo est\u00e1 limitado por su imaginaci\u00f3n.<\/li>\n<li><strong>Espesor variable:\u00a0<\/strong>El grosor de las superficies acr\u00edlicas de las paredes puede utilizarse para conseguir distintos efectos est\u00e9ticos, desde una sensaci\u00f3n m\u00e1s ligera y delicada hasta una visibilidad considerable y parecida a la de un bloque.<\/li>\n<li><strong>Colores transparentes:\u00a0<\/strong>Aunque la intemporal variaci\u00f3n cristalina es atemporal, podemos personalizar los colores transparentes para que combinen con la paleta de colores de su marca o con el dise\u00f1o de interiores. Imagine esta impresionante textura en un sutil gris ahumado, un c\u00e1lido amarillo parduzco o un sorprendente azul zafiro.<\/li>\n<\/ul>\n<p>Esta t\u00e9cnica colectiva garantiza que el producto final no sea simplemente una cosa que se compra, sino una pieza que se co-crea, una representaci\u00f3n real de su dise\u00f1o individual o ethos de marca.<\/p>\n<h4 id=\"-superior-material-and-craftsmanship-\"><strong>Material y artesan\u00eda de calidad superior<\/strong><\/h4>\n<p>Utilizamos pol\u00edmero fundido (PMMA) de la mejor calidad, famoso por su claridad \u00f3ptica superior a la del vidrio. Adem\u00e1s, este producto de primera calidad es mucho m\u00e1s ligero y resistente a los golpes que el vidrio, lo que lo convierte en una opci\u00f3n m\u00e1s segura y \u00fatil para una amplia gama de aplicaciones. Cada art\u00edculo se elabora meticulosamente, asegur\u00e1ndose de que la estructura con patr\u00f3n de piedra de la instalaci\u00f3n sea continuamente bella y los bordes pulidos sean perfectamente lisos y suaves.<\/p>\n<p>Eleve su decorado con un objeto que se opone a lo convencional. La Caja de Pol\u00edmero con Patr\u00f3n de Piedra Personalizada es m\u00e1s que un producto; es una experiencia de luz, apariencia y lujo a medida. Ll\u00e1menos hoy mismo para iniciar el procedimiento de creaci\u00f3n de una pieza tan \u00fanica y memorable como su visi\u00f3n.<\/p>","protected":false},"excerpt":{"rendered":"<p class=\"ng-star-inserted\"><span class=\"ng-star-inserted\">Eleve su espacio con esta moderna caja acr\u00edlica hecha a medida. Con una textura \u00fanica de hielo agrietado, este recipiente transparente es perfecto para exposiciones modernas, como macetero elegante o para un almacenamiento con estilo. Una impresionante pieza decorativa de alta calidad adaptada a sus necesidades.<\/span><\/p>","protected":false},"featured_media":1233,"template":"","meta":{"_kad_post_transparent":"default","_kad_post_title":"","_kad_post_layout":"default","_kad_post_sidebar_id":"","_kad_post_content_style":"default","_kad_post_vertical_padding":"default","_kad_post_feature":"","_kad_post_feature_position":"","_kad_post_header":false,"_kad_post_footer":false,"_kad_post_classname":""},"product_brand":[],"product_cat":[17],"product_tag":[117,45],"class_list":{"0":"post-1227","1":"product","2":"type-product","3":"status-publish","4":"has-post-thumbnail","6":"product_cat-custom-acrylic-boxes","7":"product_tag-acrylic-box","8":"product_tag-customized-acrylic-boxes","10":"first","11":"instock","12":"shipping-taxable","13":"product-type-simple","14":"entry","15":"content-bg","16":"loop-entry"},"_links":{"self":[{"href":"https:\/\/customacrylicproduct.com\/es\/wp-json\/wp\/v2\/product\/1227","targetHints":{"allow":["GET"]}}],"collection":[{"href":"https:\/\/customacrylicproduct.com\/es\/wp-json\/wp\/v2\/product"}],"about":[{"href":"https:\/\/customacrylicproduct.com\/es\/wp-json\/wp\/v2\/types\/product"}],"wp:featuredmedia":[{"embeddable":true,"href":"https:\/\/customacrylicproduct.com\/es\/wp-json\/wp\/v2\/media\/1233"}],"wp:attachment":[{"href":"https:\/\/customacrylicproduct.com\/es\/wp-json\/wp\/v2\/media?parent=1227"}],"wp:term":[{"taxonomy":"product_brand","embeddable":true,"href":"https:\/\/customacrylicproduct.com\/es\/wp-json\/wp\/v2\/product_brand?post=1227"},{"taxonomy":"product_cat","embeddable":true,"href":"https:\/\/customacrylicproduct.com\/es\/wp-json\/wp\/v2\/product_cat?post=1227"},{"taxonomy":"product_tag","embeddable":true,"href":"https:\/\/customacrylicproduct.com\/es\/wp-json\/wp\/v2\/product_tag?post=1227"}],"curies":[{"name":"wp","href":"https:\/\/api.w.org\/{rel}","templated":true}]}}