{"id":1238,"date":"2025-07-18T06:18:21","date_gmt":"2025-07-18T06:18:21","guid":{"rendered":"https:\/\/customacrylicproduct.com\/?post_type=product&#038;p=1238"},"modified":"2025-07-18T06:18:21","modified_gmt":"2025-07-18T06:18:21","slug":"acrylic-side-table-modern-table-small-space-transparent","status":"publish","type":"product","link":"https:\/\/customacrylicproduct.com\/es\/acrylic-side-table-modern-table-small-space-transparent\/","title":{"rendered":"Mesa auxiliar acr\u00edlica Mesa moderna Peque\u00f1o espacio Transparente"},"content":{"rendered":"<h3 id=\"the-ethereal-touch-presenting-the-modern-transparent-polymer-rolling-side-table\">El toque et\u00e9reo: Presentamos la moderna mesa auxiliar rodante de pol\u00edmero transparente<\/h3>\n<p>En el planeta del dise\u00f1o moderno, la verdadera sofisticaci\u00f3n depende con frecuencia de lo que est\u00e1 oculto. Se encuentra en el uso creativo de la luz, la impresi\u00f3n de superficie y la combinaci\u00f3n fluida de forma y funci\u00f3n. Presentamos la mesa auxiliar Polymer, una obra de arte de dise\u00f1o minimalista que es m\u00e1s que un simple mueble: es una declaraci\u00f3n de refinamiento moderno y una gran opci\u00f3n para los espacios vitales actuales. Fabricado en acr\u00edlico cristalino de alta calidad, este carrito rodante personifica la tendencia de mobiliario \u201cfantasma\u201d, con una versatilidad inigualable y una est\u00e9tica et\u00e9rea que combina con cualquier tipo de decoraci\u00f3n sin frustrarla.<\/p>\n<p><img fetchpriority=\"high\" decoding=\"async\" class=\"size-full wp-image-1241\" src=\"https:\/\/customacrylicproduct.com\/wp-content\/uploads\/2025\/07\/Acrylic-Side-Table-3.jpg\" alt=\"Mesa auxiliar acr\u00edlica 3\" width=\"800\" height=\"800\" srcset=\"https:\/\/customacrylicproduct.com\/wp-content\/uploads\/2025\/07\/Acrylic-Side-Table-3.jpg 800w, https:\/\/customacrylicproduct.com\/wp-content\/uploads\/2025\/07\/Acrylic-Side-Table-3-300x300.jpg 300w, https:\/\/customacrylicproduct.com\/wp-content\/uploads\/2025\/07\/Acrylic-Side-Table-3-150x150.jpg 150w, https:\/\/customacrylicproduct.com\/wp-content\/uploads\/2025\/07\/Acrylic-Side-Table-3-768x768.jpg 768w, https:\/\/customacrylicproduct.com\/wp-content\/uploads\/2025\/07\/Acrylic-Side-Table-3-600x600.jpg 600w, https:\/\/customacrylicproduct.com\/wp-content\/uploads\/2025\/07\/Acrylic-Side-Table-3-100x100.jpg 100w\" sizes=\"(max-width: 800px) 100vw, 800px\" \/><\/p>\n<h4 id=\"style-viewpoint-the-charm-of-invisibility\">Punto de vista del estilo: El encanto de la invisibilidad<\/h4>\n<p>En el fondo, esta mesa auxiliar es una expedici\u00f3n de apertura. Todo su armaz\u00f3n est\u00e1 desarrollado para divertirse con la luz y la suposici\u00f3n, produciendo un efecto \u201capenas all\u00ed\u201d que es a la vez fascinante e incre\u00edblemente \u00fatil. La calidad fantasmag\u00f3rica del acr\u00edlico inmaculado le permite integrarse en cualquier ambiente, desde ultramoderno y minimalista hasta bohemio y diverso. A diferencia de las pesadas mesas de madera o acero no transparentes que pueden reducir visualmente una zona, esta mesa transparente produce una impresi\u00f3n de apertura y ligereza. No obstruye las l\u00edneas de visi\u00f3n ni proyecta una gran oscuridad, lo que la convierte en la elecci\u00f3n de dise\u00f1o suprema para apartamentos peque\u00f1os, espacios acogedores y cualquier zona en la que proteger la sensaci\u00f3n de amplitud sea fundamental.<\/p>\n<p>Las l\u00edneas ordenadas de la mesa y su forma sencilla y geom\u00e9trica -compuesta por 2 \u00edndices circulares sostenidos por 3 duraderas patas redondas- son un gui\u00f1o a los conceptos modernistas cl\u00e1sicos. Sin embargo, su material especial y sus prestaciones m\u00f3viles la introducen con seguridad en el siglo XXI. La luz que la atraviesa y se refleja en sus elegantes superficies incluye un brillo refinado y resplandeciente a su zona, mejorando la luz ambiental y a\u00f1adiendo un toque de glamour silencioso. Es una pieza camale\u00f3nica, que adopta f\u00e1cilmente el car\u00e1cter de su entorno al tiempo que a\u00f1ade su propio toque caracter\u00edstico de dise\u00f1o pulido.<\/p>\n<p><img decoding=\"async\" class=\"size-full wp-image-1242\" src=\"https:\/\/customacrylicproduct.com\/wp-content\/uploads\/2025\/07\/Acrylic-Side-Table-4.jpg\" alt=\"Mesa auxiliar acr\u00edlica 4\" width=\"800\" height=\"800\" srcset=\"https:\/\/customacrylicproduct.com\/wp-content\/uploads\/2025\/07\/Acrylic-Side-Table-4.jpg 800w, https:\/\/customacrylicproduct.com\/wp-content\/uploads\/2025\/07\/Acrylic-Side-Table-4-300x300.jpg 300w, https:\/\/customacrylicproduct.com\/wp-content\/uploads\/2025\/07\/Acrylic-Side-Table-4-150x150.jpg 150w, https:\/\/customacrylicproduct.com\/wp-content\/uploads\/2025\/07\/Acrylic-Side-Table-4-768x768.jpg 768w, https:\/\/customacrylicproduct.com\/wp-content\/uploads\/2025\/07\/Acrylic-Side-Table-4-600x600.jpg 600w, https:\/\/customacrylicproduct.com\/wp-content\/uploads\/2025\/07\/Acrylic-Side-Table-4-100x100.jpg 100w\" sizes=\"(max-width: 800px) 100vw, 800px\" \/><\/p>\n<h4 id=\"unequaled-versatility-a-table-for-every-single-space-and-reason\">Versatilidad sin igual: Una mesa para cada espacio y motivo<\/h4>\n<p>El verdadero mago de esta mesa acr\u00edlica radica en su asombrosa adaptabilidad. La combinaci\u00f3n de su espacio de almacenamiento de dos niveles, su pr\u00e1ctica asa y sus ruedas de suave deslizamiento la convierten de una mesa b\u00e1sica en un ayudante m\u00f3vil multifuncional para cada rinc\u00f3n de su hogar.<\/p>\n<p><strong>En la sala de estar:\u00a0<\/strong>. Col\u00f3quela junto a su sof\u00e1 o sill\u00f3n favorito como una moderna mesa auxiliar. El nivel superior es la percha ideal para una taza de caf\u00e9, su lectura actual, o el mando a distancia. El nivel inferior puede mostrar con elegancia una peque\u00f1a pila de publicaciones de arte, un objeto atractivo o una exuberante planta verde. \u00bfNecesita ofrecer bebidas a los visitantes? El asa y las ruedas integradas le permiten desplegarlo f\u00e1cilmente como un moderno e improvisado carrito de bar, con una coctelera para bebidas alcoh\u00f3licas, vasos y una botella de su licor preferido.<\/p>\n<p><strong>En la sala:\u00a0<\/strong>. Reimagine su mesilla de noche con esta moderna mesa de noche. Su dise\u00f1o transparente mantiene tu lugar de descanso despejado y tranquilo. La superficie principal puede contener una l\u00e1mpara m\u00ednima, su tel\u00e9fono y un vaso de agua, mientras que el estante inferior es \u00f3ptimo para guardar su ordenador tablet, productos de cuidado de la piel durante la noche, o un diario. Su flexibilidad permite moverla c\u00f3modamente para limpiarla o reorganizarla seg\u00fan las necesidades.<\/p>\n<p><strong>En la ducha:\u00a0<\/strong>. Transforme su cuarto de ducha en un refugio tipo spa. La naturaleza impermeable del acr\u00edlico hace de este carrito una soluci\u00f3n de espacio de almacenamiento adecuada para ambientes h\u00famedos. Util\u00edcelo para organizar toallas enrolladas, art\u00edculos de ba\u00f1o de lujo, velas perfumadas y art\u00edculos de tocador. Mantiene todo al alcance de la mano en la ba\u00f1era o la ducha, a\u00f1adiendo un toque de sofisticaci\u00f3n de hotel de cinco estrellas a su r\u00e9gimen diario.<\/p>\n<p><strong>En la oficina:\u00a0<\/strong>. Como caddie m\u00f3vil, esta mesa ayuda a mantener su oficina organizada y fiable. Util\u00edcelo para sostener una tableta, blocs de notas, bol\u00edgrafos, y varios otros suministros cruciales. Puede enrollarlo debajo de su escritorio cuando no est\u00e9 en uso o dibujarlo junto con usted para un f\u00e1cil acceso a sus herramientas, todo ello manteniendo una est\u00e9tica limpia y moderna que fomenta el \u00e9nfasis y el pensamiento creativo.<\/p>\n<p><strong>Como soporte vegetal o sistema presente:\u00a0<\/strong>. Muestre sus plantas de interior favoritas en sus dos grados, produciendo un sensacional jard\u00edn vertical. Los estantes transparentes garantizan que ambas plantas reciban la luz adecuada. Por el contrario, utilizarlo como una pantalla minimalista representan una colecci\u00f3n comisariada de art\u00edculos de arte, estructuras de imagen, o recuerdos valiosos.<\/p>\n<p><img decoding=\"async\" class=\"aligncenter wp-image-1239 size-full\" src=\"https:\/\/customacrylicproduct.com\/wp-content\/uploads\/2025\/07\/Acrylic-Side-Table-1.jpg\" alt=\"Mesa auxiliar acr\u00edlica 1\" width=\"800\" height=\"800\" srcset=\"https:\/\/customacrylicproduct.com\/wp-content\/uploads\/2025\/07\/Acrylic-Side-Table-1.jpg 800w, https:\/\/customacrylicproduct.com\/wp-content\/uploads\/2025\/07\/Acrylic-Side-Table-1-300x300.jpg 300w, https:\/\/customacrylicproduct.com\/wp-content\/uploads\/2025\/07\/Acrylic-Side-Table-1-150x150.jpg 150w, https:\/\/customacrylicproduct.com\/wp-content\/uploads\/2025\/07\/Acrylic-Side-Table-1-768x768.jpg 768w, https:\/\/customacrylicproduct.com\/wp-content\/uploads\/2025\/07\/Acrylic-Side-Table-1-600x600.jpg 600w, https:\/\/customacrylicproduct.com\/wp-content\/uploads\/2025\/07\/Acrylic-Side-Table-1-100x100.jpg 100w\" sizes=\"(max-width: 800px) 100vw, 800px\" \/><\/p>\n<h4 id=\"thoughtful-engineering-and-superior-high-quality-\">Ingenier\u00eda bien pensada y alta calidad superior<\/h4>\n<p>Esta mesa no es casi apariencia; est\u00e1 construida para durar y dise\u00f1ada para la facilidad. Cada componente ha sido muy cuidadosamente considerado para proporcionar una experiencia individual notable.<\/p>\n<p><strong>Acr\u00edlico de alta calidad:\u00a0<\/strong>Fabricada en acr\u00edlico (lucite) grueso, resistente y de primera calidad, la mesa ofrece la apertura del cristal sin su fragilidad. Es resistente a las roturas y sustancialmente m\u00e1s ligera, lo que la hace mucho m\u00e1s segura y f\u00e1cil de mover. Los bordes est\u00e1n pulidos por expertos hasta conseguir un revestimiento liso y redondeado, lo que garantiza la seguridad y realza su aspecto aerodin\u00e1mico.<\/p>\n<p><strong>Edificio fuerte de dos pisos:\u00a0<\/strong>La disposici\u00f3n de doble estante aumenta su superficie sin aumentar el impacto. Como se ve en la imagen de primer plano, las patas redondas est\u00e1n conectadas con elementos de acero duraderos y roscados instalados dentro del acr\u00edlico. Esto asegura una estructura estable y sin tambaleos que puede montarse con facilidad y confianza.<\/p>\n<p><strong>Manejo ergon\u00f3mico y suave:\u00a0<\/strong>El con dignidad redondeada lidiar con no es una idea de \u00faltimo momento, sino un componente importante del estilo, streaming sin problemas de 2 de las patas de asistencia. Ofrece un agarre c\u00f3modo y seguro, lo que le permite empujar, dibujar, y guiar el carro con un esfuerzo marginal.<\/p>\n<p><strong>Ruedas de giro suave:\u00a0<\/strong>Movilidad es flexibilidad. Equipada con ruedas de deslizamiento suave, esta mesa se puede trasladar de una zona a otra con un ligero empuj\u00f3n. Ya sea para reorganizar los muebles, limpiar o llevar un refrigerio a sus visitas, su flexibilidad le simplifica la vida. Dependiendo de la versi\u00f3n, estas ruedas se pueden encontrar en un revestimiento transparente y plateado aerodin\u00e1mico y casi invisible o en un negro atrevido y moderno, con mecanismos de fijaci\u00f3n para mantener la mesa firmemente en su lugar cuando sea necesario.<\/p>\n<h4 id=\"treatment-and-maintenance-\">Tratamiento y mantenimiento<\/h4>\n<h4>Mantener el excelente aspecto de su mesa acr\u00edlica es sencillo. Para limpiarla, p\u00e1sele un pa\u00f1o de microfibra suave y h\u00famedo. Para las manchas o huellas dactilares, una peque\u00f1a cantidad de jab\u00f3n moderado y agua es suficiente. Evite utilizar limpiadores abrasivos, toallitas de papel o disolventes qu\u00edmicos como el amoniaco o el alcohol, ya que pueden da\u00f1ar o deslustrar la superficie gradualmente. Con un tratamiento suave, su mesa mantendr\u00e1 su brillo cristalino durante muchos a\u00f1os.<\/h4>\n<h4 id=\"final-thought-redefine-your-area-\">Reflexi\u00f3n final: Redefina su \u00e1rea<\/h4>\n<p>La mesa auxiliar rodante de pol\u00edmero es m\u00e1s que un elemento de acento: es un complemento flexible, elegante e inteligente para el hogar moderno. Resuelve la dificultad de a\u00f1adir funcionalidad a espacios peque\u00f1os al tiempo que mejora su atractivo est\u00e9tico. Es un lienzo para su dise\u00f1o, una ayuda m\u00f3vil para sus necesidades y un murmullo de sofisticaci\u00f3n contempor\u00e1nea. Abrace el poder del estilo claro y permita que esta mesa celestial potencie su decoraci\u00f3n, agilice su vida y aporte un toque de magia luminosa a su hogar.<\/p>","protected":false},"excerpt":{"rendered":"<p class=\"ng-star-inserted\"><span class=\"ng-star-inserted\">Eleve su espacio con este elegante carrito acr\u00edlico. El dise\u00f1o transparente de 2 niveles crea una sensaci\u00f3n de amplitud, perfecta para habitaciones peque\u00f1as. Con un asa de f\u00e1cil agarre y suaves ruedas, esta moderna mesa auxiliar aporta estilo y funcionalidad all\u00e1 donde la necesites.<\/span><\/p>","protected":false},"featured_media":1241,"template":"","meta":{"_kad_post_transparent":"default","_kad_post_title":"","_kad_post_layout":"default","_kad_post_sidebar_id":"","_kad_post_content_style":"default","_kad_post_vertical_padding":"default","_kad_post_feature":"","_kad_post_feature_position":"","_kad_post_header":false,"_kad_post_footer":false,"_kad_post_classname":""},"product_brand":[],"product_cat":[21],"product_tag":[123],"class_list":{"0":"post-1238","1":"product","2":"type-product","3":"status-publish","4":"has-post-thumbnail","6":"product_cat-custom-acrylic-furnitures","7":"product_tag-acrylic-side-table","9":"first","10":"instock","11":"shipping-taxable","12":"product-type-simple","13":"entry","14":"content-bg","15":"loop-entry"},"_links":{"self":[{"href":"https:\/\/customacrylicproduct.com\/es\/wp-json\/wp\/v2\/product\/1238","targetHints":{"allow":["GET"]}}],"collection":[{"href":"https:\/\/customacrylicproduct.com\/es\/wp-json\/wp\/v2\/product"}],"about":[{"href":"https:\/\/customacrylicproduct.com\/es\/wp-json\/wp\/v2\/types\/product"}],"wp:featuredmedia":[{"embeddable":true,"href":"https:\/\/customacrylicproduct.com\/es\/wp-json\/wp\/v2\/media\/1241"}],"wp:attachment":[{"href":"https:\/\/customacrylicproduct.com\/es\/wp-json\/wp\/v2\/media?parent=1238"}],"wp:term":[{"taxonomy":"product_brand","embeddable":true,"href":"https:\/\/customacrylicproduct.com\/es\/wp-json\/wp\/v2\/product_brand?post=1238"},{"taxonomy":"product_cat","embeddable":true,"href":"https:\/\/customacrylicproduct.com\/es\/wp-json\/wp\/v2\/product_cat?post=1238"},{"taxonomy":"product_tag","embeddable":true,"href":"https:\/\/customacrylicproduct.com\/es\/wp-json\/wp\/v2\/product_tag?post=1238"}],"curies":[{"name":"wp","href":"https:\/\/api.w.org\/{rel}","templated":true}]}}