{"id":1243,"date":"2025-07-18T06:30:13","date_gmt":"2025-07-18T06:30:13","guid":{"rendered":"https:\/\/customacrylicproduct.com\/?post_type=product&#038;p=1243"},"modified":"2025-07-18T06:30:13","modified_gmt":"2025-07-18T06:30:13","slug":"custom-acrylic-entryway-bench-large-rainbow-ottoman-bench","status":"publish","type":"product","link":"https:\/\/customacrylicproduct.com\/es\/custom-acrylic-entryway-bench-large-rainbow-ottoman-bench\/","title":{"rendered":"Banco acr\u00edlico personalizado para entrada Banco otomano grande Rainbow"},"content":{"rendered":"<h3 id=\"-experience-a-spectrum-of-design-the-custom-rainbow-polymer-entryway-bench-\"><strong>Experimente un espectro de dise\u00f1o: El banco de entrada personalizado de pol\u00edmero Rainbow<\/strong><\/h3>\n<p>Entre en un mundo en el que los muebles van m\u00e1s all\u00e1 de un simple elemento y acaban convirti\u00e9ndose en una impresionante obra de arte. Presentamos el banco acr\u00edlico personalizado para entrada, un elemento radiante y escultural creado no s\u00f3lo para habitar un espacio, sino para transformarlo. Es m\u00e1s que un banco o una otomana; es un tema de conversaci\u00f3n, una declaraci\u00f3n de estilo individual y una fuente vibrante de luz y sombra que sin duda revitalizar\u00e1 cualquier tipo de habitaci\u00f3n que embellezca. Para la persona exigente que busca mezclar la innovaci\u00f3n l\u00fadica con la artesan\u00eda impecable, este banco es un descubrimiento excepcional.<\/p>\n<p><img fetchpriority=\"high\" decoding=\"async\" class=\"size-full wp-image-1245\" src=\"https:\/\/customacrylicproduct.com\/wp-content\/uploads\/2025\/07\/Custom-Acrylic-Entryway-Bench-2.jpg\" alt=\"Banco acr\u00edlico a medida para la entrada (2)\" width=\"800\" height=\"800\" srcset=\"https:\/\/customacrylicproduct.com\/wp-content\/uploads\/2025\/07\/Custom-Acrylic-Entryway-Bench-2.jpg 800w, https:\/\/customacrylicproduct.com\/wp-content\/uploads\/2025\/07\/Custom-Acrylic-Entryway-Bench-2-300x300.jpg 300w, https:\/\/customacrylicproduct.com\/wp-content\/uploads\/2025\/07\/Custom-Acrylic-Entryway-Bench-2-150x150.jpg 150w, https:\/\/customacrylicproduct.com\/wp-content\/uploads\/2025\/07\/Custom-Acrylic-Entryway-Bench-2-768x768.jpg 768w, https:\/\/customacrylicproduct.com\/wp-content\/uploads\/2025\/07\/Custom-Acrylic-Entryway-Bench-2-600x600.jpg 600w, https:\/\/customacrylicproduct.com\/wp-content\/uploads\/2025\/07\/Custom-Acrylic-Entryway-Bench-2-100x100.jpg 100w\" sizes=\"(max-width: 800px) 100vw, 800px\" \/><\/p>\n<p><strong>Un enfoque de dise\u00f1o de alegre modernismo<\/strong><\/p>\n<p>En esencia, el estilo de este banco es un acontecimiento de contraste y armon\u00eda. Es una reimaginaci\u00f3n vibrante de la forma atemporal del banco, deconstruida y reconstruida con materiales de vanguardia y el ojo de un m\u00fasico para los matices. El armaz\u00f3n ofrece un sensacional di\u00e1logo est\u00e9tico entre sus 2 elementos principales: las et\u00e9reas patas cristalinas y el vibrante tablero de color s\u00f3lido.<\/p>\n<p>Las patas son de acr\u00edlico grueso, impecablemente transparente, formadas con un elegante borde ondulado que estimula el suave movimiento del agua o la elegante curva de una pata cabriol\u00e9 cl\u00e1sica, reinterpretada para el siglo XXI. Su total apertura produce un maravilloso resultado flotante. El tablero del banco parece flotar en el aire, una impresi\u00f3n que aporta agilidad y visibilidad al espacio, evitando que parezca ca\u00f3tico o pesado. Estas patas no son simples soportes; son tipos escult\u00f3ricos por derecho propio, que captan la luz y la curvan de formas atractivas e imprevistas.<\/p>\n<p>En magn\u00edfica resistencia a esta transparencia se encuentra la tapa del banco, una din\u00e1mica armon\u00eda de sombras. Compuesto por una colecci\u00f3n de gruesas lamas acr\u00edlicas rectangulares organizadas en un radiante degradado de arco iris, el tablero es un testimonio del poder de la sombra para estimular la emoci\u00f3n y la energ\u00eda. Cada lama es una barra resistente de acr\u00edlico coloreado de primera calidad, reducido con precisi\u00f3n y pulido hasta conseguir un acabado de gema. Desde el c\u00e1lido magenta y el ardiente naranja hasta el soleado amarillo, el animado lima, el impresionante cian y el profundo violeta, la gama se mueve impecablemente, creando una pieza est\u00e9ticamente estimulante desde todos los \u00e1ngulos.<\/p>\n<p><img decoding=\"async\" class=\"size-full wp-image-1247\" src=\"https:\/\/customacrylicproduct.com\/wp-content\/uploads\/2025\/07\/Custom-Acrylic-Entryway-Bench-4.jpg\" alt=\"Banco acr\u00edlico a medida para entrada (4)\" width=\"800\" height=\"800\" srcset=\"https:\/\/customacrylicproduct.com\/wp-content\/uploads\/2025\/07\/Custom-Acrylic-Entryway-Bench-4.jpg 800w, https:\/\/customacrylicproduct.com\/wp-content\/uploads\/2025\/07\/Custom-Acrylic-Entryway-Bench-4-300x300.jpg 300w, https:\/\/customacrylicproduct.com\/wp-content\/uploads\/2025\/07\/Custom-Acrylic-Entryway-Bench-4-150x150.jpg 150w, https:\/\/customacrylicproduct.com\/wp-content\/uploads\/2025\/07\/Custom-Acrylic-Entryway-Bench-4-768x768.jpg 768w, https:\/\/customacrylicproduct.com\/wp-content\/uploads\/2025\/07\/Custom-Acrylic-Entryway-Bench-4-600x600.jpg 600w, https:\/\/customacrylicproduct.com\/wp-content\/uploads\/2025\/07\/Custom-Acrylic-Entryway-Bench-4-100x100.jpg 100w\" sizes=\"(max-width: 800px) 100vw, 800px\" \/><\/p>\n<p><strong>Una interacci\u00f3n din\u00e1mica de luces y sombras<\/strong><\/p>\n<p>Quiz\u00e1 la funci\u00f3n m\u00e1s fascinante de este banco acr\u00edlico sea su asociaci\u00f3n con la luz. No es un objeto fijo; es una pieza de arte cin\u00e9tico que se transforma a lo largo del d\u00eda. Cuando se coloca cerca de una ventana o bajo una luz, cobra vida. Imag\u00ednese la luz del sol de la ma\u00f1ana entrando por la puerta y reflej\u00e1ndose en las lamas transparentes y tintadas. La luz no salta simplemente; viaja a trav\u00e9s de ellas, llegando a impregnarse de sombra y proyectando un magn\u00edfico y alargado arco iris de oscuridad por todo su suelo y paredes.<\/p>\n<p>Este programa diario de luz es una fuente continua de alegr\u00eda y asombro. El impacto es propio de enfrentarse a un trozo de vidrio deslustrado o a un prisma de cristal, pero con una sensibilidad moderna y arquitect\u00f3nica. Las l\u00edneas ordenadas de las lamas desarrollan un patr\u00f3n de rayas rojas paralelas de color, un elemento gr\u00e1fico y creativo que a\u00f1ade otra capa de inter\u00e9s visual. Ya sea ba\u00f1ado por el resplandor de la hora dorada o por la sorprendente luz de una tarde sombr\u00eda, el banco proporciona un estado de \u00e1nimo diferente y un punto de vista totalmente nuevo, haciendo que su hogar parezca a\u00fan m\u00e1s vivo y din\u00e1mico.<\/p>\n<p><img decoding=\"async\" class=\"size-full wp-image-1244\" src=\"https:\/\/customacrylicproduct.com\/wp-content\/uploads\/2025\/07\/Custom-Acrylic-Entryway-Bench-1.jpg\" alt=\"Banco acr\u00edlico a medida para la entrada (1)\" width=\"800\" height=\"800\" srcset=\"https:\/\/customacrylicproduct.com\/wp-content\/uploads\/2025\/07\/Custom-Acrylic-Entryway-Bench-1.jpg 800w, https:\/\/customacrylicproduct.com\/wp-content\/uploads\/2025\/07\/Custom-Acrylic-Entryway-Bench-1-300x300.jpg 300w, https:\/\/customacrylicproduct.com\/wp-content\/uploads\/2025\/07\/Custom-Acrylic-Entryway-Bench-1-150x150.jpg 150w, https:\/\/customacrylicproduct.com\/wp-content\/uploads\/2025\/07\/Custom-Acrylic-Entryway-Bench-1-768x768.jpg 768w, https:\/\/customacrylicproduct.com\/wp-content\/uploads\/2025\/07\/Custom-Acrylic-Entryway-Bench-1-600x600.jpg 600w, https:\/\/customacrylicproduct.com\/wp-content\/uploads\/2025\/07\/Custom-Acrylic-Entryway-Bench-1-100x100.jpg 100w\" sizes=\"(max-width: 800px) 100vw, 800px\" \/><\/p>\n<p><strong>Artesan\u00eda magistral y alta calidad sin concesiones<\/strong><\/p>\n<p>Una pieza tan llamativa visualmente exige una ejecuci\u00f3n de la m\u00e1xima calidad posible. Todos los datos del banco acr\u00edlico Rainbow hablan de una dedicaci\u00f3n a la mano de obra superior. El acr\u00edlico utilizado es un producto de primera calidad, reconocido por su extraordinaria claridad, robustez y resistencia al amarilleamiento gradual. Proporciona el aspecto inmaculado del cristal sin su fragilidad, lo que lo convierte en una opci\u00f3n \u00fatil para un mueble funcional.<\/p>\n<p>La construcci\u00f3n es robusta y mejorada. Como se ve en las im\u00e1genes detalladas, cada list\u00f3n de color se fija de forma segura a las patas transparentes con equipos visibles de primera calidad. Estos elegantes tornillos met\u00e1licos no est\u00e1n ocultos, sino que se incorporan como un aspecto deliberado del dise\u00f1o, a\u00f1adiendo un toque de honestidad industrial-chic que fundamenta el estilo a\u00e9reo. Las aberturas est\u00e1n perforadas con precisi\u00f3n, asegurando el mejor ajuste y una estructura robusta y estable desarrollada para durar. Los bordes tanto de las patas como de los listones est\u00e1n meticulosamente abrillantados para que resulten suaves al tacto, realzando el glamour y la calidad de joya del producto.<\/p>\n<p><strong>Versatilidad sin igual: M\u00e1s all\u00e1 de la entrada<\/strong><\/p>\n<p>Aunque se le denomina \u201cbanco de entrada\u201d, su magn\u00edfico dise\u00f1o y sus ben\u00e9ficas proporciones lo convierten en un art\u00edculo extremadamente funcional, ideal para numerosas aplicaciones en el hogar moderno.<\/p>\n<ul>\n<li><strong>La Gran Invitaci\u00f3n:\u00a0<\/strong>En una entrada o vest\u00edbulo, establece un tono inmediato de pensamiento creativo y diversi\u00f3n sofisticada. Es el lugar perfecto para calzarse o descalzarse, dejar el bolso o, simplemente, convertirse en una atractiva obra de arte que cause una primera impresi\u00f3n duradera a los visitantes.<\/li>\n<li><strong>El centro de mesa del sal\u00f3n:\u00a0<\/strong>Util\u00edcela como un gran reposapi\u00e9s o una singular mesa de centro. Su amplia superficie puede albergar una bandeja ornamental con bebidas y accesorios, mientras que sus vivos colores pueden servir de bucle a un dise\u00f1o de colores diversos o actuar como el estallido clave de sombra en una zona mucho m\u00e1s neutra.<\/li>\n<li><strong>El oasis personal:\u00a0<\/strong>Col\u00f3quelo a los pies de una cama de la colecci\u00f3n principal para darle un toque chic de hotel boutique. Es una excelente percha para perfilar un atuendo o simplemente incluir una pizca de color a su santuario individual. En un vestidor, se convierte en un accesorio de alta costura en s\u00ed mismo.<\/li>\n<li><strong>La sala innovadora:\u00a0<\/strong>En una oficina en casa, un estudio o una sala de juegos, este banco puede ser un recurso inspirador de fuerza imaginativa. Su naturaleza animada fomenta el razonamiento fuera de la caja e incluye una sensaci\u00f3n de felicidad a cualquier tipo de tarea.<\/li>\n<\/ul>\n<p><strong>Una declaraci\u00f3n para cada dibujo o modelo<\/strong><\/p>\n<p>La est\u00e9tica \u00fanica de este banco le permite integrarse perfectamente en una selecci\u00f3n de estilos de interiorismo. En una habitaci\u00f3n minimalista o moderna, es la pieza central, una explosi\u00f3n de color sobre un fondo limpio y neutro. Para los maximalistas, es un esp\u00edritu af\u00edn, que se al\u00eda con una serie de atrevidos estampados y texturas. En un hogar con influencias de Hollywood Regency o glam, su superficie brillante y sus tonos vivos sientan bien en la casa. Incluso ofrece un impactante y maravilloso contrapunto moderno en zonas extraest\u00e1ndar o de transici\u00f3n.<\/p>\n<p><strong>Compre arte que pueda soportar<\/strong><\/p>\n<p>El Banco de entrada acr\u00edlico personalizado es m\u00e1s que un simple mueble. Es una inversi\u00f3n en felicidad, una escultura pr\u00e1ctica y un testimonio de la belleza del dise\u00f1o ingenioso. Es para aquellos que no temen al color, que aprecian la artesan\u00eda fina y que creen que las cosas de las que nos rodeamos deben inspirarnos a diario. Lleve este espectro de dise\u00f1o a su hogar y observe c\u00f3mo carga su espacio de luz, vida e individualidad sin l\u00edmites.<\/p>","protected":false},"excerpt":{"rendered":"<p>Ilumine su espacio con este banco acr\u00edlico arco iris personalizado. Una obra de arte funcional, sus listones vibrantes y transl\u00facidos proyectan sombras hermosas y coloridas. Esta impresionante otomana es una pieza moderna para cualquier entrada, a\u00f1adiendo al instante un toque l\u00fadico y chic.<\/p>","protected":false},"featured_media":1245,"template":"","meta":{"_kad_post_transparent":"default","_kad_post_title":"","_kad_post_layout":"default","_kad_post_sidebar_id":"","_kad_post_content_style":"default","_kad_post_vertical_padding":"default","_kad_post_feature":"","_kad_post_feature_position":"","_kad_post_header":false,"_kad_post_footer":false,"_kad_post_classname":""},"product_brand":[],"product_cat":[21],"product_tag":[126],"class_list":{"0":"post-1243","1":"product","2":"type-product","3":"status-publish","4":"has-post-thumbnail","6":"product_cat-custom-acrylic-furnitures","7":"product_tag-acrylic-entryway-bench","9":"first","10":"instock","11":"shipping-taxable","12":"product-type-simple","13":"entry","14":"content-bg","15":"loop-entry"},"_links":{"self":[{"href":"https:\/\/customacrylicproduct.com\/es\/wp-json\/wp\/v2\/product\/1243","targetHints":{"allow":["GET"]}}],"collection":[{"href":"https:\/\/customacrylicproduct.com\/es\/wp-json\/wp\/v2\/product"}],"about":[{"href":"https:\/\/customacrylicproduct.com\/es\/wp-json\/wp\/v2\/types\/product"}],"wp:featuredmedia":[{"embeddable":true,"href":"https:\/\/customacrylicproduct.com\/es\/wp-json\/wp\/v2\/media\/1245"}],"wp:attachment":[{"href":"https:\/\/customacrylicproduct.com\/es\/wp-json\/wp\/v2\/media?parent=1243"}],"wp:term":[{"taxonomy":"product_brand","embeddable":true,"href":"https:\/\/customacrylicproduct.com\/es\/wp-json\/wp\/v2\/product_brand?post=1243"},{"taxonomy":"product_cat","embeddable":true,"href":"https:\/\/customacrylicproduct.com\/es\/wp-json\/wp\/v2\/product_cat?post=1243"},{"taxonomy":"product_tag","embeddable":true,"href":"https:\/\/customacrylicproduct.com\/es\/wp-json\/wp\/v2\/product_tag?post=1243"}],"curies":[{"name":"wp","href":"https:\/\/api.w.org\/{rel}","templated":true}]}}