{"id":1259,"date":"2025-07-18T07:17:47","date_gmt":"2025-07-18T07:17:47","guid":{"rendered":"https:\/\/customacrylicproduct.com\/?post_type=product&#038;p=1259"},"modified":"2025-07-18T08:22:55","modified_gmt":"2025-07-18T08:22:55","slug":"custom-acrylic-crafts-christian-jesus-gift-for-women-men","status":"publish","type":"product","link":"https:\/\/customacrylicproduct.com\/es\/custom-acrylic-crafts-christian-jesus-gift-for-women-men\/","title":{"rendered":"Artesan\u00eda de acr\u00edlico personalizado Jes\u00fas cristiano Regalo para Mujeres Hombres"},"content":{"rendered":"<h3 id=\"-a-sign-of-belief-the-personalized-acrylic-christian-cross-a-timeless-gift-of-scripture-and-grace-\"><strong>Un signo de fe: La Cruz Cristiana Acr\u00edlica Personalizada - Un Regalo Intemporal de Escritura y Gracia<\/strong><\/h3>\n<p>En un mundo que com\u00fanmente se siente ruidoso e impredecible, \u00bfd\u00f3nde encontramos nuestra ancla? Para millones de personas, la respuesta depende de la firmeza de la fe, un recurso silencioso y constante de esperanza, valor y ayuda. Nos enorgullece presentar un regalo que no s\u00f3lo encarna este esp\u00edritu, sino que le da vida con un encanto espectacular: el\u00a0<strong>Cruz cristiana acr\u00edlica personalizada\u00a0<\/strong>. No se trata simplemente de un objeto ornamental; es un profundo testimonio de fe, un recordatorio cotidiano de las seguridades de Dios y un recuerdo personalizado dise\u00f1ado para motivar e impulsar el coraz\u00f3n durante varios a\u00f1os.<\/p>\n<p>Hecho a mano para mujeres y hombres que aprecian su confianza, este encantador art\u00edculo fusiona el simbolismo cristiano atemporal con un sofisticado arte contempor\u00e1neo. Es el regalo ideal para conmemorar los minutos m\u00e1s espirituales de la vida, ofrecer motivaci\u00f3n en tiempos dif\u00edciles, o simplemente para servir como un atractivo centro de devoci\u00f3n en cualquier tipo de hogar u oficina.<\/p>\n<p><img fetchpriority=\"high\" decoding=\"async\" class=\"wp-image-1260 size-large aligncenter\" src=\"https:\/\/customacrylicproduct.com\/wp-content\/uploads\/2025\/07\/Custom-Acrylic-Crafts-1-1024x1024.jpg\" alt=\"Artesan\u00eda acr\u00edlica personalizada (1)\" width=\"1024\" height=\"1024\" srcset=\"https:\/\/customacrylicproduct.com\/wp-content\/uploads\/2025\/07\/Custom-Acrylic-Crafts-1-1024x1024.jpg 1024w, https:\/\/customacrylicproduct.com\/wp-content\/uploads\/2025\/07\/Custom-Acrylic-Crafts-1-300x300.jpg 300w, https:\/\/customacrylicproduct.com\/wp-content\/uploads\/2025\/07\/Custom-Acrylic-Crafts-1-150x150.jpg 150w, https:\/\/customacrylicproduct.com\/wp-content\/uploads\/2025\/07\/Custom-Acrylic-Crafts-1-768x768.jpg 768w, https:\/\/customacrylicproduct.com\/wp-content\/uploads\/2025\/07\/Custom-Acrylic-Crafts-1-600x600.jpg 600w, https:\/\/customacrylicproduct.com\/wp-content\/uploads\/2025\/07\/Custom-Acrylic-Crafts-1-100x100.jpg 100w, https:\/\/customacrylicproduct.com\/wp-content\/uploads\/2025\/07\/Custom-Acrylic-Crafts-1.jpg 1500w\" sizes=\"(max-width: 1024px) 100vw, 1024px\" \/><\/p>\n<p><strong>Mano de obra impresionante, atractivo et\u00e9reo<\/strong><\/p>\n<p>La alta calidad de esta cruz salta a la vista desde el primer momento. Cada pieza est\u00e1 tallada con precisi\u00f3n en acr\u00edlico cristalino de primera calidad, que simula la belleza pr\u00edstina y la sensaci\u00f3n considerable del cristal, pero ofrece una longevidad y una resistencia a la rotura superiores. Los lados est\u00e1n meticulosamente biselados y pulidos hasta conseguir una superficie impecable, que permite que la luz pase y se refracte, produciendo un resplandor que parece emanar del interior.<\/p>\n<p>Erguida felizmente sobre una base s\u00f3lida y firme, la cruz regula una presencia suave pero eficaz. Su naturaleza clara significa pureza de coraz\u00f3n y calidad de fe, mientras que su tipo cl\u00e1sico honra el principio central del cristianismo: el m\u00e1ximo sacrificio y el amor sin l\u00edmites de Jesucristo. Se trata de un objeto desarrollado no s\u00f3lo para ser visto, sino para ser experimentado; una conexi\u00f3n t\u00e1ctil con las promesas espirituales que representa.<\/p>\n<p><img decoding=\"async\" class=\"wp-image-1262 size-large aligncenter\" src=\"https:\/\/customacrylicproduct.com\/wp-content\/uploads\/2025\/07\/Custom-Acrylic-Crafts-3-1024x1024.jpg\" alt=\"Artesan\u00eda acr\u00edlica personalizada (3)\" width=\"1024\" height=\"1024\" srcset=\"https:\/\/customacrylicproduct.com\/wp-content\/uploads\/2025\/07\/Custom-Acrylic-Crafts-3-1024x1024.jpg 1024w, https:\/\/customacrylicproduct.com\/wp-content\/uploads\/2025\/07\/Custom-Acrylic-Crafts-3-300x300.jpg 300w, https:\/\/customacrylicproduct.com\/wp-content\/uploads\/2025\/07\/Custom-Acrylic-Crafts-3-150x150.jpg 150w, https:\/\/customacrylicproduct.com\/wp-content\/uploads\/2025\/07\/Custom-Acrylic-Crafts-3-768x768.jpg 768w, https:\/\/customacrylicproduct.com\/wp-content\/uploads\/2025\/07\/Custom-Acrylic-Crafts-3-600x600.jpg 600w, https:\/\/customacrylicproduct.com\/wp-content\/uploads\/2025\/07\/Custom-Acrylic-Crafts-3-100x100.jpg 100w, https:\/\/customacrylicproduct.com\/wp-content\/uploads\/2025\/07\/Custom-Acrylic-Crafts-3.jpg 1500w\" sizes=\"(max-width: 1024px) 100vw, 1024px\" \/><\/p>\n<p><strong>El quid de la cuesti\u00f3n: La Escritura hecha vida<\/strong><\/p>\n<p>Lo que realmente distingue a esta cruz es la asimilaci\u00f3n profundamente personal y est\u00e9ticamente magn\u00edfica de la Palabra de Dios. Utilizando un moderno proceso de impresi\u00f3n, las escrituras espirituales se presentan en una sofisticada y conmovedora escritura, que parece flotar con gracia sobre la superficie transparente. A ello se une un trabajo art\u00edstico vivo y a todo color que mejora la definici\u00f3n del vers\u00edculo elegido. Las im\u00e1genes que se ofrecen muestran dos poderosos ejemplos de esta creatividad personalizada:.<\/p>\n<p><strong>1. La Cruz del Girasol (Josu\u00e9 1:9):\u00a0<\/strong>. \u201dS\u00e9 fuerte y audaz. No vaciles ni te coh\u00edbas, porque Yahveh, tu Dios, estar\u00e1 contigo dondequiera que vayas\u201d. - Josu\u00e9 1:9.<\/p>\n<p>Este estilo es un baluarte de fortaleza y \u00e1nimo. En sus instalaciones, una cruz de madera r\u00fastica est\u00e1 adornada con una din\u00e1mica disposici\u00f3n de girasoles. Los girasoles, reconocidos por volver la cara hacia la luz del sol, son una hermosa met\u00e1fora del coraz\u00f3n cristiano que se transforma en direcci\u00f3n a la luz de Dios para alimentarse y guiarse. Simbolizan la adoraci\u00f3n, el compromiso y la fe inquebrantable. Combinadas con fr\u00e1giles mariposas -iconos mundiales de la superaci\u00f3n, la resurrecci\u00f3n y la vida nueva-, las im\u00e1genes refuerzan poderosamente el mensaje de Josu\u00e9 1:9. Este vers\u00edculo es un mandato divino para hacer frente a la adversidad. Este vers\u00edculo es un mandato divino para afrontar las cosas con entereza y sin ansiedad, arraigado en la garant\u00eda de la presencia continua de Dios. Esta cruz es el regalo ideal para alguien que inicia un nuevo viaje, se enfrenta a un reto personal, un graduado que se adentra en el mundo o cualquier persona que busque una dosis diaria de nervio divino.<\/p>\n<p><strong>2. La Cruz Rosa Blanca (Adagios 3:5 -6):\u00a0<\/strong>. \u201dCuenta con el SE\u00d1OR de todo coraz\u00f3n y no te apoyes en tu propio entendimiento; en todos tus caminos recon\u00f3celo, y \u00e9l har\u00e1 rectos tus caminos\u201d. - Adagios 3:5 -6.<\/p>\n<p>Este dise\u00f1o diferente utiliza un mensaje de serena confianza y apoyo divino. Presenta un elegante arreglo de fr\u00e1giles rosas blancas y tiernas hojas respetuosas con el medio ambiente. Las rosas blancas est\u00e1n impregnadas de simbolismo y representan la pureza, los nuevos comienzos, la reverencia y un amor incre\u00edble. Esta imaginer\u00eda capta a la perfecci\u00f3n el significado de los Dichos 3:5 -6, un precioso flujo que pide el abandono total y la creencia en el plan de Dios. La \u00fanica mariposa que revolotea cerca representa una vez m\u00e1s el encantador cambio de imagen que tiene lugar cuando nos liberamos y permitimos que Dios enrute nuestras vidas. Esta cruz es un regalo incre\u00edblemente considerado para celebraciones de bodas, aniversarios de boda, bautizos, o para cualquier persona que navega una duraci\u00f3n de la toma de decisiones, record\u00e1ndoles que su camino est\u00e1 siendo dirigido por una mano amorosa.<\/p>\n<p><img decoding=\"async\" class=\"wp-image-1263 size-large aligncenter\" src=\"https:\/\/customacrylicproduct.com\/wp-content\/uploads\/2025\/07\/Custom-Acrylic-Crafts-4-1024x1024.jpg\" alt=\"Artesan\u00eda acr\u00edlica personalizada (4)\" width=\"1024\" height=\"1024\" srcset=\"https:\/\/customacrylicproduct.com\/wp-content\/uploads\/2025\/07\/Custom-Acrylic-Crafts-4-1024x1024.jpg 1024w, https:\/\/customacrylicproduct.com\/wp-content\/uploads\/2025\/07\/Custom-Acrylic-Crafts-4-300x300.jpg 300w, https:\/\/customacrylicproduct.com\/wp-content\/uploads\/2025\/07\/Custom-Acrylic-Crafts-4-150x150.jpg 150w, https:\/\/customacrylicproduct.com\/wp-content\/uploads\/2025\/07\/Custom-Acrylic-Crafts-4-768x768.jpg 768w, https:\/\/customacrylicproduct.com\/wp-content\/uploads\/2025\/07\/Custom-Acrylic-Crafts-4-600x600.jpg 600w, https:\/\/customacrylicproduct.com\/wp-content\/uploads\/2025\/07\/Custom-Acrylic-Crafts-4-100x100.jpg 100w, https:\/\/customacrylicproduct.com\/wp-content\/uploads\/2025\/07\/Custom-Acrylic-Crafts-4.jpg 1500w\" sizes=\"(max-width: 1024px) 100vw, 1024px\" \/><\/p>\n<p><strong>Un regalo absolutamente personal: El poder de la personalizaci\u00f3n<\/strong><\/p>\n<p>Aunque estos dos dise\u00f1os son potentes por derecho propio, el verdadero encanto de este art\u00edculo reside en su posibilidad de personalizaci\u00f3n. Es m\u00e1s que un regalo prefabricado; es la posibilidad de crear un premio \u00fanico. Puede elegir la biblia que m\u00e1s le guste a usted o al destinatario. Piense en regalar una cruz grabada con el conocimiento de una confirmaci\u00f3n favorita, un valioso flujo que proporcion\u00f3 consuelo a lo largo de un momento dif\u00edcil, o el conocimiento de la Santa Biblia que ley\u00f3 en una boda. Este grado de personalizaci\u00f3n transforma un objeto precioso en una herencia de fe profundamente \u00fatil y extraordinaria.<\/p>\n<p><strong>El regalo perfecto para cada celebraci\u00f3n cristiana<\/strong><\/p>\n<p>La adaptabilidad y el profundo significado de esta Cruz de pol\u00edmero personalizada la convierten en un excelente regalo cristiano para una amplia variedad de celebraciones:.<\/p>\n<ul>\n<li><strong>Bautismo, bautizo o dedicaci\u00f3n:\u00a0<\/strong>Un bonito recuerdo para honrar el comienzo de una vida de fe.<\/li>\n<li><strong>Primera Comuni\u00f3n y Verificaci\u00f3n:\u00a0<\/strong>Un regalo intencionado para se\u00f1alar una acci\u00f3n sustancial en el camino espiritual de un joven adulto.<\/li>\n<li><strong>Bodas y aniversarios:\u00a0<\/strong>Un s\u00edmbolo de una uni\u00f3n centrada en Cristo y un recordatorio para mantener la fe en el coraz\u00f3n del matrimonio.<\/li>\n<li><strong>Graduaci\u00f3n universitaria:\u00a0<\/strong>Una despedida motivadora, avisando al graduado de que Dios est\u00e1 con \u00e9l en su siguiente etapa.<\/li>\n<li><strong>Condolencias y duelo:\u00a0<\/strong>Un recordatorio suave y tranquilizador de la vida eterna y de la presencia de Dios en un momento de p\u00e9rdida.<\/li>\n<li><strong>Recuperaci\u00f3n e inspiraci\u00f3n:\u00a0<\/strong>Un signo de esperanza y resistencia para quienes se enfrentan a dolencias o adversidades.<\/li>\n<li><strong>Navidad, Semana Santa y D\u00eda de Reconocimiento a los Sacerdotes:\u00a0<\/strong>Un regalo reflexivo y reverente que honra el significado de la verdad de estos acontecimientos sagrados.<\/li>\n<li><strong>\u201d Aunque\u201d:\u00a0<\/strong>Uno de los regalos m\u00e1s poderosos son com\u00fanmente los imprevistos - un movimiento espont\u00e1neo para aconsejar a un amigo cercano, mam\u00e1, pap\u00e1, hermana o hermano que son disfrutados y or\u00f3 por ellos.<\/li>\n<\/ul>\n<p><strong>Un foco de devoci\u00f3n diaria<\/strong><\/p>\n<p>Hecho para la pantalla, esta cruz sin duda localizar un hogar perfecto en cualquier entorno, actuando como un recordatorio constante, suave para hacer una pausa, mostrar y orar. P\u00f3ngalo en un:.<\/p>\n<ul>\n<li><strong>Mesilla de noche:\u00a0<\/strong>Empezar y terminar cada d\u00eda con un mensaje de fe.<\/li>\n<li><strong>Escritorio de oficina:\u00a0<\/strong>Una fuente de tranquilidad y perspectiva a lo largo de una ajetreada jornada laboral.<\/li>\n<li><strong>Zona de estar Manto o estanter\u00eda:\u00a0<\/strong>Una declaraci\u00f3n de confianza que embellece su hogar.<\/li>\n<li><strong>Rinc\u00f3n de oraci\u00f3n o estudio:\u00a0<\/strong>Desarrollar un \u00e1rea concentrada y sagrada para el compromiso.<\/li>\n<\/ul>\n<p>Ofrezca un regalo que vaya m\u00e1s all\u00e1 de lo material. Regale una obra de arte que hable con el coraz\u00f3n. La Cruz Cristiana Acr\u00edlica hecha a medida es m\u00e1s que una decoraci\u00f3n; es una novedad, un recurso de resistencia y un icono claro y resplandeciente del amor firme y las garant\u00edas de Dios. Pida la suya hoy mismo y ofrezca un faro intemporal de esperanza que sin duda se valorar\u00e1 toda la vida.<\/p>","protected":false},"excerpt":{"rendered":"<p class=\"ng-star-inserted\"><span class=\"ng-star-inserted\">Una elegante cruz acr\u00edlica, un regalo cristiano perfecto para mujeres y hombres. Bellamente grabada con un vers\u00edculo b\u00edblico edificante y un vibrante dise\u00f1o de girasol, este relicario es un recordatorio diario de fe y coraje. Una cuidada decoraci\u00f3n para cualquier escritorio o estanter\u00eda.<\/span><\/p>","protected":false},"featured_media":1260,"template":"","meta":{"_kad_post_transparent":"default","_kad_post_title":"","_kad_post_layout":"default","_kad_post_sidebar_id":"","_kad_post_content_style":"default","_kad_post_vertical_padding":"default","_kad_post_feature":"","_kad_post_feature_position":"","_kad_post_header":false,"_kad_post_footer":false,"_kad_post_classname":""},"product_brand":[],"product_cat":[20],"product_tag":[129],"class_list":{"0":"post-1259","1":"product","2":"type-product","3":"status-publish","4":"has-post-thumbnail","6":"product_cat-custom-acrylic-crafts","7":"product_tag-acrylic-crafts","9":"first","10":"instock","11":"shipping-taxable","12":"product-type-simple","13":"entry","14":"content-bg","15":"loop-entry"},"_links":{"self":[{"href":"https:\/\/customacrylicproduct.com\/es\/wp-json\/wp\/v2\/product\/1259","targetHints":{"allow":["GET"]}}],"collection":[{"href":"https:\/\/customacrylicproduct.com\/es\/wp-json\/wp\/v2\/product"}],"about":[{"href":"https:\/\/customacrylicproduct.com\/es\/wp-json\/wp\/v2\/types\/product"}],"wp:featuredmedia":[{"embeddable":true,"href":"https:\/\/customacrylicproduct.com\/es\/wp-json\/wp\/v2\/media\/1260"}],"wp:attachment":[{"href":"https:\/\/customacrylicproduct.com\/es\/wp-json\/wp\/v2\/media?parent=1259"}],"wp:term":[{"taxonomy":"product_brand","embeddable":true,"href":"https:\/\/customacrylicproduct.com\/es\/wp-json\/wp\/v2\/product_brand?post=1259"},{"taxonomy":"product_cat","embeddable":true,"href":"https:\/\/customacrylicproduct.com\/es\/wp-json\/wp\/v2\/product_cat?post=1259"},{"taxonomy":"product_tag","embeddable":true,"href":"https:\/\/customacrylicproduct.com\/es\/wp-json\/wp\/v2\/product_tag?post=1259"}],"curies":[{"name":"wp","href":"https:\/\/api.w.org\/{rel}","templated":true}]}}